{"id":96720,"date":"2025-11-21T09:43:00","date_gmt":"2025-11-21T08:43:00","guid":{"rendered":"https:\/\/garden-label.pl\/sklep\/produkt\/tabliczka-ogrodowa-zawieszka-znacznik-sklejka-drewniana-grawer-laserowy-155x105mm\/"},"modified":"2026-03-13T06:25:34","modified_gmt":"2026-03-13T05:25:34","slug":"tabliczka-ogrodowa-zawieszka-znacznik-sklejka-drewniana-grawer-laserowy-155x105mm","status":"publish","type":"product","link":"https:\/\/garden-label.pl\/sklep\/produkt\/tabliczka-ogrodowa-zawieszka-znacznik-sklejka-drewniana-grawer-laserowy-155x105mm\/","title":{"rendered":"Tabliczka ogrodowa zawieszka\/znacznik, sklejka drewniana, GRAWER Laserowy (155x105mm)"},"content":{"rendered":"<p>Tabliczka ogrodowa zawieszana \u2013 idealne rozwi\u0105zanie do personalizacji Twojego ogrodu. Wykonana z wysokiej jako\u015bci sklejki drewnianej, impregnowanej olejem mineralnym, tabliczka o wymiarach 155x105mm wysoko\u015bci, \u0142\u0105czy w sobie funkcjonalno\u015b\u0107 i estetyk\u0119. Dzi\u0119ki precyzyjnemu, laserowemu grawerowi, mo\u017cesz umie\u015bci\u0107 na niej dowolne tre\u015bci, grafiki, a nawet kody QR, co pozwala na szerok\u0105 personalizacj\u0119 zgodnie z Twoimi potrzebami.<\/p>\n<p>Nasze tabliczki s\u0105 odporne na ekstremalne warunki atmosferyczne, w tym zmienne temperatury, wilgo\u0107 oraz dzia\u0142anie promieni s\u0142onecznych, co zapewnia ich trwa\u0142o\u015b\u0107 i zachowanie oryginalnego wygl\u0105du przez wiele sezon\u00f3w. Tabliczka nie tylko pe\u0142ni rol\u0119 identyfikacyjn\u0105 dla ro\u015blin, kwiat\u00f3w czy innych element\u00f3w ogrodowych, ale r\u00f3wnie\u017c staje si\u0119 eleganck\u0105 ozdob\u0105 przestrzeni, nadaj\u0105c jej wyj\u0105tkowy charakter.<\/p>\n<p>Aby zam\u00f3wi\u0107 tabliczk\u0119, prosimy o przes\u0142anie tre\u015bci, ewentualnej grafiki oraz dodatkowych wskaz\u00f3wek dotycz\u0105cych preferowanej czcionki czy logo. Po przygotowaniu projektu, prze\u015blemy go do akceptacji, co gwarantuje spe\u0142nienie wszystkich oczekiwa\u0144 Klienta.  Gwarancja na produkt wynosi 24 miesi\u0105ce , co zapewnia pe\u0142ne zabezpieczenie inwestycji. <\/p>\n<p>Zam\u00f3w ju\u017c dzi\u015b i nadaj swojemu ogrodowi niepowtarzalny styl! Szczeg\u00f3\u0142owe informacje oraz instrukcje dost\u0119pne s\u0105 na stronie producenta. <\/p>\n<p>producent\/przedstawiciel\/informacje o bezpiecze\u0144stwie: https:\/\/anetpol.pl\/regulamin-sklepu-internetowego\/<br \/>biuro@anetpol.pl<\/p>\n","protected":false},"excerpt":{"rendered":"<p>Tabliczka ogrodowa ze sklejki drewnianej, z grawerem to doskona\u0142e rozwi\u0105zanie dla ka\u017cdego mi\u0142o\u015bnika ogrodnictwa, kt\u00f3ry pragnie wprowadzi\u0107 do swojego ogrodu odrobin\u0119 elegancji oraz unikalnego stylu&#8230;. <a href=\"https:\/\/garden-label.pl\/sklep\/produkt\/tabliczka-ogrodowa-zawieszka-znacznik-sklejka-drewniana-grawer-laserowy-155x105mm\/\">wi\u0119cej<\/a><\/p>\n","protected":false},"featured_media":96768,"comment_status":"open","ping_status":"closed","template":"","meta":[],"product_brand":[910],"product_cat":[1084,1257,1258,1096,15],"product_tag":[1082,1279,902,1000,1158,1280,1083,1001,919,1251],"class_list":{"0":"post-96720","1":"product","2":"type-product","3":"status-publish","4":"has-post-thumbnail","6":"product_brand-garden-label-pl","7":"product_cat-dom-i-ogrod","8":"product_cat-drewniane","9":"product_cat-grawer-laserowy-drewniane","10":"product_cat-tabliczki-i-znaczniki","11":"product_cat-sklep","12":"product_tag-anetpol","13":"product_tag-drewno","14":"product_tag-garden-label","15":"product_tag-grawerowanie-laserem","16":"product_tag-nierdzewne","17":"product_tag-sklejka","18":"product_tag-supermerchant","19":"product_tag-tabliczki-znaczniki","20":"product_tag-wydruki","21":"product_tag-zawieszka-znacznik","22":"sales-flash-overlay","23":"woocommerce-text-align-left","24":"woocommerce-image-align-center","25":"do-quantity-buttons","26":"wc-has-gallery","28":"first","29":"instock","30":"taxable","31":"shipping-taxable","32":"purchasable","33":"product-type-simple"},"yoast_head":"<!-- This site is optimized with the Yoast SEO Premium plugin v26.3 (Yoast SEO v27.3) - https:\/\/yoast.com\/product\/yoast-seo-premium-wordpress\/ -->\n<title>Tabliczka ogrodowa zawieszka\/znacznik, sklejka drewniana, GRAWER Laserowy (155x105mm) - Sklep Garden-Label: etykiety dla ogrodnictwa<\/title>\n<meta name=\"robots\" content=\"index, follow, max-snippet:-1, max-image-preview:large, max-video-preview:-1\" \/>\n<link rel=\"canonical\" href=\"https:\/\/garden-label.pl\/sklep\/produkt\/tabliczka-ogrodowa-zawieszka-znacznik-sklejka-drewniana-grawer-laserowy-155x105mm\/\" \/>\n<meta property=\"og:locale\" content=\"pl_PL\" \/>\n<meta property=\"og:type\" content=\"article\" \/>\n<meta property=\"og:title\" content=\"Tabliczka ogrodowa zawieszka\/znacznik, sklejka drewniana, GRAWER Laserowy (155x105mm)\" \/>\n<meta property=\"og:description\" content=\"Tabliczka ogrodowa ze sklejki drewnianej, z grawerem to doskona\u0142e rozwi\u0105zanie dla ka\u017cdego mi\u0142o\u015bnika ogrodnictwa, kt\u00f3ry pragnie wprowadzi\u0107 do swojego ogrodu odrobin\u0119 elegancji oraz unikalnego stylu.... wi\u0119cej\" \/>\n<meta property=\"og:url\" content=\"https:\/\/garden-label.pl\/sklep\/produkt\/tabliczka-ogrodowa-zawieszka-znacznik-sklejka-drewniana-grawer-laserowy-155x105mm\/\" \/>\n<meta property=\"og:site_name\" content=\"Sklep Garden-Label: etykiety dla ogrodnictwa\" \/>\n<meta property=\"article:publisher\" content=\"https:\/\/www.facebook.com\/gardenlabelpl\" \/>\n<meta property=\"article:modified_time\" content=\"2026-03-13T05:25:34+00:00\" \/>\n<meta name=\"twitter:card\" content=\"summary_large_image\" \/>\n<meta name=\"twitter:label1\" content=\"Cena\" \/>\n\t<meta name=\"twitter:data1\" content=\"95,00&nbsp;&#122;&#322;\" \/>\n\t<meta name=\"twitter:label2\" content=\"Dost\u0119pno\u015b\u0107\" \/>\n\t<meta name=\"twitter:data2\" content=\"Dost\u0119pny\" \/>\n<script type=\"application\/ld+json\" class=\"yoast-schema-graph\">{\"@context\":\"https:\\\/\\\/schema.org\",\"@graph\":[{\"@type\":\"WebPage\",\"@id\":\"https:\\\/\\\/garden-label.pl\\\/sklep\\\/produkt\\\/tabliczka-ogrodowa-zawieszka-znacznik-sklejka-drewniana-grawer-laserowy-155x105mm\\\/\",\"url\":\"https:\\\/\\\/garden-label.pl\\\/sklep\\\/produkt\\\/tabliczka-ogrodowa-zawieszka-znacznik-sklejka-drewniana-grawer-laserowy-155x105mm\\\/\",\"name\":\"Tabliczka ogrodowa zawieszka\\\/znacznik, sklejka drewniana, GRAWER Laserowy (155x105mm) - Sklep Garden-Label: etykiety dla ogrodnictwa\",\"isPartOf\":{\"@id\":\"https:\\\/\\\/garden-label.pl\\\/sklep\\\/#website\"},\"primaryImageOfPage\":{\"@id\":\"https:\\\/\\\/garden-label.pl\\\/sklep\\\/produkt\\\/tabliczka-ogrodowa-zawieszka-znacznik-sklejka-drewniana-grawer-laserowy-155x105mm\\\/#primaryimage\"},\"image\":{\"@id\":\"https:\\\/\\\/garden-label.pl\\\/sklep\\\/produkt\\\/tabliczka-ogrodowa-zawieszka-znacznik-sklejka-drewniana-grawer-laserowy-155x105mm\\\/#primaryimage\"},\"thumbnailUrl\":\"https:\\\/\\\/garden-label.pl\\\/sklep\\\/wp-content\\\/uploads\\\/2025\\\/11\\\/b3650329799af93e2e9d17e96c2f71fd-1.jpg\",\"datePublished\":\"2025-11-21T08:43:00+00:00\",\"dateModified\":\"2026-03-13T05:25:34+00:00\",\"breadcrumb\":{\"@id\":\"https:\\\/\\\/garden-label.pl\\\/sklep\\\/produkt\\\/tabliczka-ogrodowa-zawieszka-znacznik-sklejka-drewniana-grawer-laserowy-155x105mm\\\/#breadcrumb\"},\"inLanguage\":\"pl-PL\",\"potentialAction\":[{\"@type\":\"ReadAction\",\"target\":[\"https:\\\/\\\/garden-label.pl\\\/sklep\\\/produkt\\\/tabliczka-ogrodowa-zawieszka-znacznik-sklejka-drewniana-grawer-laserowy-155x105mm\\\/\"]}]},{\"@type\":\"ImageObject\",\"inLanguage\":\"pl-PL\",\"@id\":\"https:\\\/\\\/garden-label.pl\\\/sklep\\\/produkt\\\/tabliczka-ogrodowa-zawieszka-znacznik-sklejka-drewniana-grawer-laserowy-155x105mm\\\/#primaryimage\",\"url\":\"https:\\\/\\\/garden-label.pl\\\/sklep\\\/wp-content\\\/uploads\\\/2025\\\/11\\\/b3650329799af93e2e9d17e96c2f71fd-1.jpg\",\"contentUrl\":\"https:\\\/\\\/garden-label.pl\\\/sklep\\\/wp-content\\\/uploads\\\/2025\\\/11\\\/b3650329799af93e2e9d17e96c2f71fd-1.jpg\",\"width\":1117,\"height\":1463,\"caption\":\"d20e7e8a681e00b2ae4cabb940d73402\"},{\"@type\":\"BreadcrumbList\",\"@id\":\"https:\\\/\\\/garden-label.pl\\\/sklep\\\/produkt\\\/tabliczka-ogrodowa-zawieszka-znacznik-sklejka-drewniana-grawer-laserowy-155x105mm\\\/#breadcrumb\",\"itemListElement\":[{\"@type\":\"ListItem\",\"position\":1,\"name\":\"Strona g\u0142\u00f3wna\",\"item\":\"https:\\\/\\\/garden-label.pl\\\/sklep\\\/\"},{\"@type\":\"ListItem\",\"position\":2,\"name\":\"Home\",\"item\":\"https:\\\/\\\/garden-label.pl\\\/sklep\\\/\"},{\"@type\":\"ListItem\",\"position\":3,\"name\":\"Tabliczka ogrodowa zawieszka\\\/znacznik, sklejka drewniana, GRAWER Laserowy (155x105mm)\"}]},{\"@type\":\"WebSite\",\"@id\":\"https:\\\/\\\/garden-label.pl\\\/sklep\\\/#website\",\"url\":\"https:\\\/\\\/garden-label.pl\\\/sklep\\\/\",\"name\":\"Sklep Garden-Label: etykiety dla ogrodnictwa, drukarki, oprogramowanie\",\"description\":\"ETYKIETY OGRODNICZE INFORMATYZACJA SZK\u00d3\u0141EK PASZPORTY RO\u015aLIN SKLEPY INTERNETOWE\",\"publisher\":{\"@id\":\"https:\\\/\\\/garden-label.pl\\\/sklep\\\/#organization\"},\"potentialAction\":[{\"@type\":\"SearchAction\",\"target\":{\"@type\":\"EntryPoint\",\"urlTemplate\":\"https:\\\/\\\/garden-label.pl\\\/sklep\\\/?s={search_term_string}\"},\"query-input\":{\"@type\":\"PropertyValueSpecification\",\"valueRequired\":true,\"valueName\":\"search_term_string\"}}],\"inLanguage\":\"pl-PL\"},{\"@type\":\"Organization\",\"@id\":\"https:\\\/\\\/garden-label.pl\\\/sklep\\\/#organization\",\"name\":\"Sklep Garden-Label: etykiety dla ogrodnictwa, drukarki, oprogramowanie\",\"url\":\"https:\\\/\\\/garden-label.pl\\\/sklep\\\/\",\"logo\":{\"@type\":\"ImageObject\",\"inLanguage\":\"pl-PL\",\"@id\":\"https:\\\/\\\/garden-label.pl\\\/sklep\\\/#\\\/schema\\\/logo\\\/image\\\/\",\"url\":\"https:\\\/\\\/garden-label.pl\\\/sklep\\\/wp-content\\\/uploads\\\/2024\\\/01\\\/GardenLabel-pastelowe.png\",\"contentUrl\":\"https:\\\/\\\/garden-label.pl\\\/sklep\\\/wp-content\\\/uploads\\\/2024\\\/01\\\/GardenLabel-pastelowe.png\",\"width\":2566,\"height\":1054,\"caption\":\"Sklep Garden-Label: etykiety dla ogrodnictwa, drukarki, oprogramowanie\"},\"image\":{\"@id\":\"https:\\\/\\\/garden-label.pl\\\/sklep\\\/#\\\/schema\\\/logo\\\/image\\\/\"},\"sameAs\":[\"https:\\\/\\\/www.facebook.com\\\/gardenlabelpl\"]}]}<\/script>\n<meta property=\"product:brand\" content=\"Garden Label\" \/>\n<meta property=\"product:price:amount\" content=\"95.00\" \/>\n<meta property=\"product:price:currency\" content=\"PLN\" \/>\n<meta property=\"og:availability\" content=\"instock\" \/>\n<meta property=\"product:availability\" content=\"instock\" \/>\n<meta property=\"product:retailer_item_id\" content=\"5906792145538\" \/>\n<meta property=\"product:condition\" content=\"new\" \/>\n<!-- \/ Yoast SEO Premium plugin. -->","yoast_head_json":{"title":"Tabliczka ogrodowa zawieszka\/znacznik, sklejka drewniana, GRAWER Laserowy (155x105mm) - Sklep Garden-Label: etykiety dla ogrodnictwa","robots":{"index":"index","follow":"follow","max-snippet":"max-snippet:-1","max-image-preview":"max-image-preview:large","max-video-preview":"max-video-preview:-1"},"canonical":"https:\/\/garden-label.pl\/sklep\/produkt\/tabliczka-ogrodowa-zawieszka-znacznik-sklejka-drewniana-grawer-laserowy-155x105mm\/","og_locale":"pl_PL","og_type":"article","og_title":"Tabliczka ogrodowa zawieszka\/znacznik, sklejka drewniana, GRAWER Laserowy (155x105mm)","og_description":"Tabliczka ogrodowa ze sklejki drewnianej, z grawerem to doskona\u0142e rozwi\u0105zanie dla ka\u017cdego mi\u0142o\u015bnika ogrodnictwa, kt\u00f3ry pragnie wprowadzi\u0107 do swojego ogrodu odrobin\u0119 elegancji oraz unikalnego stylu.... wi\u0119cej","og_url":"https:\/\/garden-label.pl\/sklep\/produkt\/tabliczka-ogrodowa-zawieszka-znacznik-sklejka-drewniana-grawer-laserowy-155x105mm\/","og_site_name":"Sklep Garden-Label: etykiety dla ogrodnictwa","article_publisher":"https:\/\/www.facebook.com\/gardenlabelpl","article_modified_time":"2026-03-13T05:25:34+00:00","twitter_card":"summary_large_image","twitter_misc":{"Cena":"95,00&nbsp;&#122;&#322;","Dost\u0119pno\u015b\u0107":"Dost\u0119pny"},"schema":{"@context":"https:\/\/schema.org","@graph":[{"@type":"WebPage","@id":"https:\/\/garden-label.pl\/sklep\/produkt\/tabliczka-ogrodowa-zawieszka-znacznik-sklejka-drewniana-grawer-laserowy-155x105mm\/","url":"https:\/\/garden-label.pl\/sklep\/produkt\/tabliczka-ogrodowa-zawieszka-znacznik-sklejka-drewniana-grawer-laserowy-155x105mm\/","name":"Tabliczka ogrodowa zawieszka\/znacznik, sklejka drewniana, GRAWER Laserowy (155x105mm) - Sklep Garden-Label: etykiety dla ogrodnictwa","isPartOf":{"@id":"https:\/\/garden-label.pl\/sklep\/#website"},"primaryImageOfPage":{"@id":"https:\/\/garden-label.pl\/sklep\/produkt\/tabliczka-ogrodowa-zawieszka-znacznik-sklejka-drewniana-grawer-laserowy-155x105mm\/#primaryimage"},"image":{"@id":"https:\/\/garden-label.pl\/sklep\/produkt\/tabliczka-ogrodowa-zawieszka-znacznik-sklejka-drewniana-grawer-laserowy-155x105mm\/#primaryimage"},"thumbnailUrl":"https:\/\/garden-label.pl\/sklep\/wp-content\/uploads\/2025\/11\/b3650329799af93e2e9d17e96c2f71fd-1.jpg","datePublished":"2025-11-21T08:43:00+00:00","dateModified":"2026-03-13T05:25:34+00:00","breadcrumb":{"@id":"https:\/\/garden-label.pl\/sklep\/produkt\/tabliczka-ogrodowa-zawieszka-znacznik-sklejka-drewniana-grawer-laserowy-155x105mm\/#breadcrumb"},"inLanguage":"pl-PL","potentialAction":[{"@type":"ReadAction","target":["https:\/\/garden-label.pl\/sklep\/produkt\/tabliczka-ogrodowa-zawieszka-znacznik-sklejka-drewniana-grawer-laserowy-155x105mm\/"]}]},{"@type":"ImageObject","inLanguage":"pl-PL","@id":"https:\/\/garden-label.pl\/sklep\/produkt\/tabliczka-ogrodowa-zawieszka-znacznik-sklejka-drewniana-grawer-laserowy-155x105mm\/#primaryimage","url":"https:\/\/garden-label.pl\/sklep\/wp-content\/uploads\/2025\/11\/b3650329799af93e2e9d17e96c2f71fd-1.jpg","contentUrl":"https:\/\/garden-label.pl\/sklep\/wp-content\/uploads\/2025\/11\/b3650329799af93e2e9d17e96c2f71fd-1.jpg","width":1117,"height":1463,"caption":"d20e7e8a681e00b2ae4cabb940d73402"},{"@type":"BreadcrumbList","@id":"https:\/\/garden-label.pl\/sklep\/produkt\/tabliczka-ogrodowa-zawieszka-znacznik-sklejka-drewniana-grawer-laserowy-155x105mm\/#breadcrumb","itemListElement":[{"@type":"ListItem","position":1,"name":"Strona g\u0142\u00f3wna","item":"https:\/\/garden-label.pl\/sklep\/"},{"@type":"ListItem","position":2,"name":"Home","item":"https:\/\/garden-label.pl\/sklep\/"},{"@type":"ListItem","position":3,"name":"Tabliczka ogrodowa zawieszka\/znacznik, sklejka drewniana, GRAWER Laserowy (155x105mm)"}]},{"@type":"WebSite","@id":"https:\/\/garden-label.pl\/sklep\/#website","url":"https:\/\/garden-label.pl\/sklep\/","name":"Sklep Garden-Label: etykiety dla ogrodnictwa, drukarki, oprogramowanie","description":"ETYKIETY OGRODNICZE INFORMATYZACJA SZK\u00d3\u0141EK PASZPORTY RO\u015aLIN SKLEPY INTERNETOWE","publisher":{"@id":"https:\/\/garden-label.pl\/sklep\/#organization"},"potentialAction":[{"@type":"SearchAction","target":{"@type":"EntryPoint","urlTemplate":"https:\/\/garden-label.pl\/sklep\/?s={search_term_string}"},"query-input":{"@type":"PropertyValueSpecification","valueRequired":true,"valueName":"search_term_string"}}],"inLanguage":"pl-PL"},{"@type":"Organization","@id":"https:\/\/garden-label.pl\/sklep\/#organization","name":"Sklep Garden-Label: etykiety dla ogrodnictwa, drukarki, oprogramowanie","url":"https:\/\/garden-label.pl\/sklep\/","logo":{"@type":"ImageObject","inLanguage":"pl-PL","@id":"https:\/\/garden-label.pl\/sklep\/#\/schema\/logo\/image\/","url":"https:\/\/garden-label.pl\/sklep\/wp-content\/uploads\/2024\/01\/GardenLabel-pastelowe.png","contentUrl":"https:\/\/garden-label.pl\/sklep\/wp-content\/uploads\/2024\/01\/GardenLabel-pastelowe.png","width":2566,"height":1054,"caption":"Sklep Garden-Label: etykiety dla ogrodnictwa, drukarki, oprogramowanie"},"image":{"@id":"https:\/\/garden-label.pl\/sklep\/#\/schema\/logo\/image\/"},"sameAs":["https:\/\/www.facebook.com\/gardenlabelpl"]}]},"product_brand":"Garden Label","product_price_amount":"95.00","product_price_currency":"PLN","og_availability":"instock","product_availability":"instock","product_retailer_item_id":"5906792145538","product_condition":"new"},"_links":{"self":[{"href":"https:\/\/garden-label.pl\/sklep\/wp-json\/wp\/v2\/product\/96720","targetHints":{"allow":["GET"]}}],"collection":[{"href":"https:\/\/garden-label.pl\/sklep\/wp-json\/wp\/v2\/product"}],"about":[{"href":"https:\/\/garden-label.pl\/sklep\/wp-json\/wp\/v2\/types\/product"}],"replies":[{"embeddable":true,"href":"https:\/\/garden-label.pl\/sklep\/wp-json\/wp\/v2\/comments?post=96720"}],"version-history":[{"count":0,"href":"https:\/\/garden-label.pl\/sklep\/wp-json\/wp\/v2\/product\/96720\/revisions"}],"wp:featuredmedia":[{"embeddable":true,"href":"https:\/\/garden-label.pl\/sklep\/wp-json\/wp\/v2\/media\/96768"}],"wp:attachment":[{"href":"https:\/\/garden-label.pl\/sklep\/wp-json\/wp\/v2\/media?parent=96720"}],"wp:term":[{"taxonomy":"product_brand","embeddable":true,"href":"https:\/\/garden-label.pl\/sklep\/wp-json\/wp\/v2\/product_brand?post=96720"},{"taxonomy":"product_cat","embeddable":true,"href":"https:\/\/garden-label.pl\/sklep\/wp-json\/wp\/v2\/product_cat?post=96720"},{"taxonomy":"product_tag","embeddable":true,"href":"https:\/\/garden-label.pl\/sklep\/wp-json\/wp\/v2\/product_tag?post=96720"}],"curies":[{"name":"wp","href":"https:\/\/api.w.org\/{rel}","templated":true}]}}