{"id":96305,"date":"2025-11-19T11:33:42","date_gmt":"2025-11-19T10:33:42","guid":{"rendered":"https:\/\/garden-label.pl\/sklep\/produkt\/marker-ii-etykiety-4-kolory-petlowe-do-opisu-roslin-200x17mm17x200-400szt\/"},"modified":"2026-03-13T06:21:18","modified_gmt":"2026-03-13T05:21:18","slug":"marker-ii-etykiety-4-kolory-petlowe-do-opisu-roslin-200x17mm17x200-400szt","status":"publish","type":"product","link":"https:\/\/garden-label.pl\/sklep\/produkt\/marker-ii-etykiety-4-kolory-petlowe-do-opisu-roslin-200x17mm17x200-400szt\/","title":{"rendered":"MARKER II + Etykiety 4 KOLORY p\u0119tlowe do opisu ro\u015blin 200x17mm(17&#215;200) 400szt"},"content":{"rendered":"<p>MARKER II + Etykieta p\u0119tlowa 200x17mm (wi\u0105zana, p\u0119telkowa)<br \/>\nWytrzyma\u0142a etykieta p\u0119tlowa (wi\u0105zana, p\u0119telkowa) o wymiarach 200x17mm (17&#215;200), wykonana z odpornego na warunki atmosferyczne tworzywa HDPE \u2013 odporna na deszcz, promieniowanie UV i zmienne temperatury. Przeznaczona do opisu permanentnym markerem.<\/p>\n<p>Elastyczna konstrukcja umo\u017cliwia szybkie mocowanie bez u\u017cycia narz\u0119dzi \u2013 do \u0142odyg, ga\u0142\u0119zi, sadzonek, doniczek czy tabliczek. Stosowana w ogrodach, szk\u00f3\u0142kach, sadach i profesjonalnych gospodarstwach rolniczych.<\/p>\n<p>Kolory: bia\u0142y, czerwony, \u017c\u00f3\u0142ty, niebieski<br \/>\nDost\u0119pne r\u00f3wnie\u017c inne rozmiary<br \/>\nMateria\u0142 z certyfikatem kontaktu z \u017cywno\u015bci\u0105 \u2013 odpowiedni tak\u017ce do znakowania ro\u015blin jadalnych<br \/>\nPrzystosowana do u\u017cytku przez wiele sezon\u00f3w <\/p>\n<p>Instrukcja obs\u0142ugi: https:\/\/garden-label.pl\/instrukcje\/etykiety-petlowe.pdf<\/p>\n<p>producent\/przedstawiciel\/informacje o bezpiecze\u0144stwie: https:\/\/anetpol.pl\/regulamin-sklepu-internetowego\/<br \/>mail producenta: biuro@anetpol.pl<\/p>\n","protected":false},"excerpt":{"rendered":"<p>MARKER II + Etykiety p\u0119tlowe  200&#215;17 mm (do opisywania r\u0119cznego)<br \/>\nProfesjonalne etykiety ogrodnicze wykonane z trwa\u0142ego HDPE o wymiarach 200&#215;17 mm (17&#215;200), przeznaczone do opisywania&#8230; <a href=\"https:\/\/garden-label.pl\/sklep\/produkt\/marker-ii-etykiety-4-kolory-petlowe-do-opisu-roslin-200x17mm17x200-400szt\/\">wi\u0119cej<\/a><\/p>\n","protected":false},"featured_media":96306,"comment_status":"open","ping_status":"closed","template":"","meta":[],"product_brand":[910],"product_cat":[1087,1084,1116,1128,1085,1124,1086,1130,1129,15],"product_tag":[1082,920,928,896,897,898,899,900,902,922,914,927,1083,907,912,923],"class_list":{"0":"post-96305","1":"product","2":"type-product","3":"status-publish","4":"has-post-thumbnail","6":"product_brand-garden-label-pl","7":"product_cat-akcesoria","8":"product_cat-dom-i-ogrod","9":"product_cat-etykiety","10":"product_cat-kolorowe-petlowe-wiazane-termotransferowe","11":"product_cat-ogrod","12":"product_cat-petlowe-wiazane-termotransferowe","13":"product_cat-rosliny","14":"product_cat-z-markerem-zestawy-do-pisania-kolorowe-petlowe-wiazane-termotransferowe","15":"product_cat-zestawy-do-pisania-kolorowe-petlowe-wiazane-termotransferowe","16":"product_cat-sklep","17":"product_tag-anetpol","18":"product_tag-biale","19":"product_tag-czerwone","20":"product_tag-etykiety-do-opisu-roslin","21":"product_tag-etykiety-do-pisania","22":"product_tag-etykiety-kolorowe","23":"product_tag-etykiety-ogrodnicze","24":"product_tag-etykiety-petlowe","25":"product_tag-garden-label","26":"product_tag-marker","27":"product_tag-mazaki-markery-pisaki","28":"product_tag-niebieskie","29":"product_tag-supermerchant","30":"product_tag-wymiar-200x17mm-17x200","31":"product_tag-zestawy-do-opisu-roslin","32":"product_tag-zolte","33":"sales-flash-overlay","34":"woocommerce-text-align-left","35":"woocommerce-image-align-center","36":"do-quantity-buttons","37":"wc-has-gallery","39":"first","40":"instock","41":"taxable","42":"shipping-taxable","43":"purchasable","44":"product-type-simple"},"yoast_head":"<!-- This site is optimized with the Yoast SEO Premium plugin v26.3 (Yoast SEO v27.3) - https:\/\/yoast.com\/product\/yoast-seo-premium-wordpress\/ -->\n<title>MARKER II + Etykiety 4 KOLORY p\u0119tlowe do opisu ro\u015blin 200x17mm(17x200) 400szt - Sklep Garden-Label: etykiety dla ogrodnictwa<\/title>\n<meta name=\"robots\" content=\"index, follow, max-snippet:-1, max-image-preview:large, max-video-preview:-1\" \/>\n<link rel=\"canonical\" href=\"https:\/\/garden-label.pl\/sklep\/produkt\/marker-ii-etykiety-4-kolory-petlowe-do-opisu-roslin-200x17mm17x200-400szt\/\" \/>\n<meta property=\"og:locale\" content=\"pl_PL\" \/>\n<meta property=\"og:type\" content=\"article\" \/>\n<meta property=\"og:title\" content=\"MARKER II + Etykiety 4 KOLORY p\u0119tlowe do opisu ro\u015blin 200x17mm(17x200) 400szt\" \/>\n<meta property=\"og:description\" content=\"MARKER II + Etykiety p\u0119tlowe 200x17 mm (do opisywania r\u0119cznego) Profesjonalne etykiety ogrodnicze wykonane z trwa\u0142ego HDPE o wymiarach 200x17 mm (17x200), przeznaczone do opisywania... wi\u0119cej\" \/>\n<meta property=\"og:url\" content=\"https:\/\/garden-label.pl\/sklep\/produkt\/marker-ii-etykiety-4-kolory-petlowe-do-opisu-roslin-200x17mm17x200-400szt\/\" \/>\n<meta property=\"og:site_name\" content=\"Sklep Garden-Label: etykiety dla ogrodnictwa\" \/>\n<meta property=\"article:publisher\" content=\"https:\/\/www.facebook.com\/gardenlabelpl\" \/>\n<meta property=\"article:modified_time\" content=\"2026-03-13T05:21:18+00:00\" \/>\n<meta name=\"twitter:card\" content=\"summary_large_image\" \/>\n<meta name=\"twitter:label1\" content=\"Cena\" \/>\n\t<meta name=\"twitter:data1\" content=\"54,00&nbsp;&#122;&#322;\" \/>\n\t<meta name=\"twitter:label2\" content=\"Dost\u0119pno\u015b\u0107\" \/>\n\t<meta name=\"twitter:data2\" content=\"Dost\u0119pny\" \/>\n<script type=\"application\/ld+json\" class=\"yoast-schema-graph\">{\"@context\":\"https:\\\/\\\/schema.org\",\"@graph\":[{\"@type\":\"WebPage\",\"@id\":\"https:\\\/\\\/garden-label.pl\\\/sklep\\\/produkt\\\/marker-ii-etykiety-4-kolory-petlowe-do-opisu-roslin-200x17mm17x200-400szt\\\/\",\"url\":\"https:\\\/\\\/garden-label.pl\\\/sklep\\\/produkt\\\/marker-ii-etykiety-4-kolory-petlowe-do-opisu-roslin-200x17mm17x200-400szt\\\/\",\"name\":\"MARKER II + Etykiety 4 KOLORY p\u0119tlowe do opisu ro\u015blin 200x17mm(17x200) 400szt - Sklep Garden-Label: etykiety dla ogrodnictwa\",\"isPartOf\":{\"@id\":\"https:\\\/\\\/garden-label.pl\\\/sklep\\\/#website\"},\"primaryImageOfPage\":{\"@id\":\"https:\\\/\\\/garden-label.pl\\\/sklep\\\/produkt\\\/marker-ii-etykiety-4-kolory-petlowe-do-opisu-roslin-200x17mm17x200-400szt\\\/#primaryimage\"},\"image\":{\"@id\":\"https:\\\/\\\/garden-label.pl\\\/sklep\\\/produkt\\\/marker-ii-etykiety-4-kolory-petlowe-do-opisu-roslin-200x17mm17x200-400szt\\\/#primaryimage\"},\"thumbnailUrl\":\"https:\\\/\\\/garden-label.pl\\\/sklep\\\/wp-content\\\/uploads\\\/2025\\\/11\\\/9c97c9571b8e0a1df1553565358f8ad8.jpg\",\"datePublished\":\"2025-11-19T10:33:42+00:00\",\"dateModified\":\"2026-03-13T05:21:18+00:00\",\"breadcrumb\":{\"@id\":\"https:\\\/\\\/garden-label.pl\\\/sklep\\\/produkt\\\/marker-ii-etykiety-4-kolory-petlowe-do-opisu-roslin-200x17mm17x200-400szt\\\/#breadcrumb\"},\"inLanguage\":\"pl-PL\",\"potentialAction\":[{\"@type\":\"ReadAction\",\"target\":[\"https:\\\/\\\/garden-label.pl\\\/sklep\\\/produkt\\\/marker-ii-etykiety-4-kolory-petlowe-do-opisu-roslin-200x17mm17x200-400szt\\\/\"]}]},{\"@type\":\"ImageObject\",\"inLanguage\":\"pl-PL\",\"@id\":\"https:\\\/\\\/garden-label.pl\\\/sklep\\\/produkt\\\/marker-ii-etykiety-4-kolory-petlowe-do-opisu-roslin-200x17mm17x200-400szt\\\/#primaryimage\",\"url\":\"https:\\\/\\\/garden-label.pl\\\/sklep\\\/wp-content\\\/uploads\\\/2025\\\/11\\\/9c97c9571b8e0a1df1553565358f8ad8.jpg\",\"contentUrl\":\"https:\\\/\\\/garden-label.pl\\\/sklep\\\/wp-content\\\/uploads\\\/2025\\\/11\\\/9c97c9571b8e0a1df1553565358f8ad8.jpg\",\"width\":1428,\"height\":2400,\"caption\":\"8e6d8ddff15838d453980867910b3c2c\"},{\"@type\":\"BreadcrumbList\",\"@id\":\"https:\\\/\\\/garden-label.pl\\\/sklep\\\/produkt\\\/marker-ii-etykiety-4-kolory-petlowe-do-opisu-roslin-200x17mm17x200-400szt\\\/#breadcrumb\",\"itemListElement\":[{\"@type\":\"ListItem\",\"position\":1,\"name\":\"Strona g\u0142\u00f3wna\",\"item\":\"https:\\\/\\\/garden-label.pl\\\/sklep\\\/\"},{\"@type\":\"ListItem\",\"position\":2,\"name\":\"Home\",\"item\":\"https:\\\/\\\/garden-label.pl\\\/sklep\\\/\"},{\"@type\":\"ListItem\",\"position\":3,\"name\":\"MARKER II + Etykiety 4 KOLORY p\u0119tlowe do opisu ro\u015blin 200x17mm(17&#215;200) 400szt\"}]},{\"@type\":\"WebSite\",\"@id\":\"https:\\\/\\\/garden-label.pl\\\/sklep\\\/#website\",\"url\":\"https:\\\/\\\/garden-label.pl\\\/sklep\\\/\",\"name\":\"Sklep Garden-Label: etykiety dla ogrodnictwa, drukarki, oprogramowanie\",\"description\":\"ETYKIETY OGRODNICZE INFORMATYZACJA SZK\u00d3\u0141EK PASZPORTY RO\u015aLIN SKLEPY INTERNETOWE\",\"publisher\":{\"@id\":\"https:\\\/\\\/garden-label.pl\\\/sklep\\\/#organization\"},\"potentialAction\":[{\"@type\":\"SearchAction\",\"target\":{\"@type\":\"EntryPoint\",\"urlTemplate\":\"https:\\\/\\\/garden-label.pl\\\/sklep\\\/?s={search_term_string}\"},\"query-input\":{\"@type\":\"PropertyValueSpecification\",\"valueRequired\":true,\"valueName\":\"search_term_string\"}}],\"inLanguage\":\"pl-PL\"},{\"@type\":\"Organization\",\"@id\":\"https:\\\/\\\/garden-label.pl\\\/sklep\\\/#organization\",\"name\":\"Sklep Garden-Label: etykiety dla ogrodnictwa, drukarki, oprogramowanie\",\"url\":\"https:\\\/\\\/garden-label.pl\\\/sklep\\\/\",\"logo\":{\"@type\":\"ImageObject\",\"inLanguage\":\"pl-PL\",\"@id\":\"https:\\\/\\\/garden-label.pl\\\/sklep\\\/#\\\/schema\\\/logo\\\/image\\\/\",\"url\":\"https:\\\/\\\/garden-label.pl\\\/sklep\\\/wp-content\\\/uploads\\\/2024\\\/01\\\/GardenLabel-pastelowe.png\",\"contentUrl\":\"https:\\\/\\\/garden-label.pl\\\/sklep\\\/wp-content\\\/uploads\\\/2024\\\/01\\\/GardenLabel-pastelowe.png\",\"width\":2566,\"height\":1054,\"caption\":\"Sklep Garden-Label: etykiety dla ogrodnictwa, drukarki, oprogramowanie\"},\"image\":{\"@id\":\"https:\\\/\\\/garden-label.pl\\\/sklep\\\/#\\\/schema\\\/logo\\\/image\\\/\"},\"sameAs\":[\"https:\\\/\\\/www.facebook.com\\\/gardenlabelpl\"]}]}<\/script>\n<meta property=\"product:brand\" content=\"Garden Label\" \/>\n<meta property=\"product:price:amount\" content=\"54.00\" \/>\n<meta property=\"product:price:currency\" content=\"PLN\" \/>\n<meta property=\"og:availability\" content=\"instock\" \/>\n<meta property=\"product:availability\" content=\"instock\" \/>\n<meta property=\"product:retailer_item_id\" content=\"5906792143824\" \/>\n<meta property=\"product:condition\" content=\"new\" \/>\n<!-- \/ Yoast SEO Premium plugin. -->","yoast_head_json":{"title":"MARKER II + Etykiety 4 KOLORY p\u0119tlowe do opisu ro\u015blin 200x17mm(17x200) 400szt - Sklep Garden-Label: etykiety dla ogrodnictwa","robots":{"index":"index","follow":"follow","max-snippet":"max-snippet:-1","max-image-preview":"max-image-preview:large","max-video-preview":"max-video-preview:-1"},"canonical":"https:\/\/garden-label.pl\/sklep\/produkt\/marker-ii-etykiety-4-kolory-petlowe-do-opisu-roslin-200x17mm17x200-400szt\/","og_locale":"pl_PL","og_type":"article","og_title":"MARKER II + Etykiety 4 KOLORY p\u0119tlowe do opisu ro\u015blin 200x17mm(17x200) 400szt","og_description":"MARKER II + Etykiety p\u0119tlowe 200x17 mm (do opisywania r\u0119cznego) Profesjonalne etykiety ogrodnicze wykonane z trwa\u0142ego HDPE o wymiarach 200x17 mm (17x200), przeznaczone do opisywania... wi\u0119cej","og_url":"https:\/\/garden-label.pl\/sklep\/produkt\/marker-ii-etykiety-4-kolory-petlowe-do-opisu-roslin-200x17mm17x200-400szt\/","og_site_name":"Sklep Garden-Label: etykiety dla ogrodnictwa","article_publisher":"https:\/\/www.facebook.com\/gardenlabelpl","article_modified_time":"2026-03-13T05:21:18+00:00","twitter_card":"summary_large_image","twitter_misc":{"Cena":"54,00&nbsp;&#122;&#322;","Dost\u0119pno\u015b\u0107":"Dost\u0119pny"},"schema":{"@context":"https:\/\/schema.org","@graph":[{"@type":"WebPage","@id":"https:\/\/garden-label.pl\/sklep\/produkt\/marker-ii-etykiety-4-kolory-petlowe-do-opisu-roslin-200x17mm17x200-400szt\/","url":"https:\/\/garden-label.pl\/sklep\/produkt\/marker-ii-etykiety-4-kolory-petlowe-do-opisu-roslin-200x17mm17x200-400szt\/","name":"MARKER II + Etykiety 4 KOLORY p\u0119tlowe do opisu ro\u015blin 200x17mm(17x200) 400szt - Sklep Garden-Label: etykiety dla ogrodnictwa","isPartOf":{"@id":"https:\/\/garden-label.pl\/sklep\/#website"},"primaryImageOfPage":{"@id":"https:\/\/garden-label.pl\/sklep\/produkt\/marker-ii-etykiety-4-kolory-petlowe-do-opisu-roslin-200x17mm17x200-400szt\/#primaryimage"},"image":{"@id":"https:\/\/garden-label.pl\/sklep\/produkt\/marker-ii-etykiety-4-kolory-petlowe-do-opisu-roslin-200x17mm17x200-400szt\/#primaryimage"},"thumbnailUrl":"https:\/\/garden-label.pl\/sklep\/wp-content\/uploads\/2025\/11\/9c97c9571b8e0a1df1553565358f8ad8.jpg","datePublished":"2025-11-19T10:33:42+00:00","dateModified":"2026-03-13T05:21:18+00:00","breadcrumb":{"@id":"https:\/\/garden-label.pl\/sklep\/produkt\/marker-ii-etykiety-4-kolory-petlowe-do-opisu-roslin-200x17mm17x200-400szt\/#breadcrumb"},"inLanguage":"pl-PL","potentialAction":[{"@type":"ReadAction","target":["https:\/\/garden-label.pl\/sklep\/produkt\/marker-ii-etykiety-4-kolory-petlowe-do-opisu-roslin-200x17mm17x200-400szt\/"]}]},{"@type":"ImageObject","inLanguage":"pl-PL","@id":"https:\/\/garden-label.pl\/sklep\/produkt\/marker-ii-etykiety-4-kolory-petlowe-do-opisu-roslin-200x17mm17x200-400szt\/#primaryimage","url":"https:\/\/garden-label.pl\/sklep\/wp-content\/uploads\/2025\/11\/9c97c9571b8e0a1df1553565358f8ad8.jpg","contentUrl":"https:\/\/garden-label.pl\/sklep\/wp-content\/uploads\/2025\/11\/9c97c9571b8e0a1df1553565358f8ad8.jpg","width":1428,"height":2400,"caption":"8e6d8ddff15838d453980867910b3c2c"},{"@type":"BreadcrumbList","@id":"https:\/\/garden-label.pl\/sklep\/produkt\/marker-ii-etykiety-4-kolory-petlowe-do-opisu-roslin-200x17mm17x200-400szt\/#breadcrumb","itemListElement":[{"@type":"ListItem","position":1,"name":"Strona g\u0142\u00f3wna","item":"https:\/\/garden-label.pl\/sklep\/"},{"@type":"ListItem","position":2,"name":"Home","item":"https:\/\/garden-label.pl\/sklep\/"},{"@type":"ListItem","position":3,"name":"MARKER II + Etykiety 4 KOLORY p\u0119tlowe do opisu ro\u015blin 200x17mm(17&#215;200) 400szt"}]},{"@type":"WebSite","@id":"https:\/\/garden-label.pl\/sklep\/#website","url":"https:\/\/garden-label.pl\/sklep\/","name":"Sklep Garden-Label: etykiety dla ogrodnictwa, drukarki, oprogramowanie","description":"ETYKIETY OGRODNICZE INFORMATYZACJA SZK\u00d3\u0141EK PASZPORTY RO\u015aLIN SKLEPY INTERNETOWE","publisher":{"@id":"https:\/\/garden-label.pl\/sklep\/#organization"},"potentialAction":[{"@type":"SearchAction","target":{"@type":"EntryPoint","urlTemplate":"https:\/\/garden-label.pl\/sklep\/?s={search_term_string}"},"query-input":{"@type":"PropertyValueSpecification","valueRequired":true,"valueName":"search_term_string"}}],"inLanguage":"pl-PL"},{"@type":"Organization","@id":"https:\/\/garden-label.pl\/sklep\/#organization","name":"Sklep Garden-Label: etykiety dla ogrodnictwa, drukarki, oprogramowanie","url":"https:\/\/garden-label.pl\/sklep\/","logo":{"@type":"ImageObject","inLanguage":"pl-PL","@id":"https:\/\/garden-label.pl\/sklep\/#\/schema\/logo\/image\/","url":"https:\/\/garden-label.pl\/sklep\/wp-content\/uploads\/2024\/01\/GardenLabel-pastelowe.png","contentUrl":"https:\/\/garden-label.pl\/sklep\/wp-content\/uploads\/2024\/01\/GardenLabel-pastelowe.png","width":2566,"height":1054,"caption":"Sklep Garden-Label: etykiety dla ogrodnictwa, drukarki, oprogramowanie"},"image":{"@id":"https:\/\/garden-label.pl\/sklep\/#\/schema\/logo\/image\/"},"sameAs":["https:\/\/www.facebook.com\/gardenlabelpl"]}]},"product_brand":"Garden Label","product_price_amount":"54.00","product_price_currency":"PLN","og_availability":"instock","product_availability":"instock","product_retailer_item_id":"5906792143824","product_condition":"new"},"_links":{"self":[{"href":"https:\/\/garden-label.pl\/sklep\/wp-json\/wp\/v2\/product\/96305","targetHints":{"allow":["GET"]}}],"collection":[{"href":"https:\/\/garden-label.pl\/sklep\/wp-json\/wp\/v2\/product"}],"about":[{"href":"https:\/\/garden-label.pl\/sklep\/wp-json\/wp\/v2\/types\/product"}],"replies":[{"embeddable":true,"href":"https:\/\/garden-label.pl\/sklep\/wp-json\/wp\/v2\/comments?post=96305"}],"version-history":[{"count":0,"href":"https:\/\/garden-label.pl\/sklep\/wp-json\/wp\/v2\/product\/96305\/revisions"}],"wp:featuredmedia":[{"embeddable":true,"href":"https:\/\/garden-label.pl\/sklep\/wp-json\/wp\/v2\/media\/96306"}],"wp:attachment":[{"href":"https:\/\/garden-label.pl\/sklep\/wp-json\/wp\/v2\/media?parent=96305"}],"wp:term":[{"taxonomy":"product_brand","embeddable":true,"href":"https:\/\/garden-label.pl\/sklep\/wp-json\/wp\/v2\/product_brand?post=96305"},{"taxonomy":"product_cat","embeddable":true,"href":"https:\/\/garden-label.pl\/sklep\/wp-json\/wp\/v2\/product_cat?post=96305"},{"taxonomy":"product_tag","embeddable":true,"href":"https:\/\/garden-label.pl\/sklep\/wp-json\/wp\/v2\/product_tag?post=96305"}],"curies":[{"name":"wp","href":"https:\/\/api.w.org\/{rel}","templated":true}]}}