{"id":7057,"date":"2024-07-15T13:55:45","date_gmt":"2024-07-15T11:55:45","guid":{"rendered":"https:\/\/garden-label.pl\/sklep\/produkt\/tasma-kalka-termotransferowa-ttr-wosk-zywica-wax-resin-110-mm-x-150-m-czerwona\/"},"modified":"2026-03-30T08:34:19","modified_gmt":"2026-03-30T06:34:19","slug":"tasma-kalka-termotransferowa-ttr-wosk-zywica-wax-resin-110-mm-x-150-m-czerwona","status":"publish","type":"product","link":"https:\/\/garden-label.pl\/sklep\/produkt\/tasma-kalka-termotransferowa-ttr-wosk-zywica-wax-resin-110-mm-x-150-m-czerwona\/","title":{"rendered":"Ta\u015bma\/Kalka termotransferowa TTR wosk-\u017cywica (WAX-RESIN)(110mm x 150m) CZERWONA"},"content":{"rendered":"<p>Ta\u015bma termotransferowa TTR woskowo-\u017cywiczna (WAX-RESIN) CZERWONA o szeroko\u015bci 110 mm i d\u0142ugo\u015bci 150 m to produkt charakteryzuj\u0105cy si\u0119 zaawansowan\u0105 jako\u015bci\u0105 wydruku oraz szerokimi mo\u017cliwo\u015bciami zastosowania. Dzi\u0119ki zastosowaniu specjalnej formu\u0142y woskowo-\u017cywicznej, ta\u015bma ta doskonale radzi sobie z drukowaniem na r\u00f3\u017cnych materia\u0142ach, w tym na syntetycznych oraz powlekanych, co sprawia, \u017ce jest idealnym wyborem dla profesjonalnych u\u017cytkownik\u00f3w poszukuj\u0105cych trwa\u0142ych i wyra\u017anych efekt\u00f3w. Cech\u0105 wyr\u00f3\u017cniaj\u0105c\u0105 jest jej wysoka odporno\u015b\u0107 na \u015bcieranie i zdrapywanie, co zapewnia d\u0142ugotrwa\u0142o\u015b\u0107 stworzonych wydruk\u00f3w nawet w trudnych warunkach. Ta\u015bma jest tak\u017ce odporna na promieniowanie UV oraz skrajne temperatury, co dodatkowo zwi\u0119ksza jej funkcjonalno\u015b\u0107 w r\u00f3\u017cnych \u015brodowiskach.<\/p>\n<p>Produkt jest kompatybilny z etykietami termotransferowymi, w tym foliowymi oraz samoprzylepnymi, co czyni j\u0105 niezwykle wszechstronnym rozwi\u0105zaniem dla r\u00f3\u017cnych bran\u017c. Dzi\u0119ki zastosowaniu tej ta\u015bmy, u\u017cytkownicy mog\u0105 bez obaw tworzy\u0107 wyra\u017ane i ostre odwzorowania tekst\u00f3w, kod\u00f3w kreskowych i grafik. Wysoka jako\u015b\u0107 materia\u0142u oraz staranne procesy produkcyjne gwarantuj\u0105 niezawodno\u015b\u0107 i satysfakcj\u0119 z ka\u017cdego u\u017cytkowania. Prosimy o zapoznanie si\u0119 z dodatkowymi informacjami na stronie producenta oraz ich danymi kontaktowymi w razie pyta\u0144 lub w\u0105tpliwo\u015bci. <\/p>\n<p>Instrukcja obs\u0142ugi: https:\/\/garden-label.pl\/instrukcje\/<\/p>\n<p>producent\/przedstawiciel\/informacje o bezpiecze\u0144stwie: https:\/\/anetpol.pl\/regulamin-sklepu-internetowego\/<br \/>biuro@anetpol.pl<\/p>\n","protected":false},"excerpt":{"rendered":"<p>Ta\u015bma termotransferowa TTR woskowo-\u017cywiczna (WAX-RESIN) CZERWONA o szeroko\u015bci 110 mm i d\u0142ugo\u015bci 150 m to produkt charakteryzuj\u0105cy si\u0119 zaawansowan\u0105 jako\u015bci\u0105 wydruku oraz szerokimi mo\u017cliwo\u015bciami zastosowania&#8230;. <a href=\"https:\/\/garden-label.pl\/sklep\/produkt\/tasma-kalka-termotransferowa-ttr-wosk-zywica-wax-resin-110-mm-x-150-m-czerwona\/\">wi\u0119cej<\/a><\/p>\n","protected":false},"featured_media":81617,"comment_status":"open","ping_status":"closed","template":"","meta":[],"product_brand":[910],"product_cat":[1107,1113,1114,15],"product_tag":[1082,928,902,956,955,1083,919],"class_list":{"0":"post-7057","1":"product","2":"type-product","3":"status-publish","4":"has-post-thumbnail","6":"product_brand-garden-label-pl","7":"product_cat-kalki-tasmy-ttr","8":"product_cat-kolorowe-kalki-tasmy-ttr","9":"product_cat-wosk-zywica-kolorowe-kalki-tasmy-ttr","10":"product_cat-sklep","11":"product_tag-anetpol","12":"product_tag-czerwone","13":"product_tag-garden-label","14":"product_tag-gilza-1-cal","15":"product_tag-kalki-tasmy-ttr","16":"product_tag-supermerchant","17":"product_tag-wydruki","18":"sales-flash-overlay","19":"woocommerce-text-align-left","20":"woocommerce-image-align-center","21":"do-quantity-buttons","22":"wc-has-gallery","24":"first","25":"instock","26":"taxable","27":"shipping-taxable","28":"purchasable","29":"product-type-simple"},"yoast_head":"<!-- This site is optimized with the Yoast SEO Premium plugin v26.3 (Yoast SEO v27.3) - https:\/\/yoast.com\/product\/yoast-seo-premium-wordpress\/ -->\n<title>Ta\u015bma\/Kalka termotransferowa TTR wosk-\u017cywica (WAX-RESIN)(110mm x 150m) CZERWONA - Sklep Garden-Label: etykiety dla ogrodnictwa<\/title>\n<meta name=\"robots\" content=\"index, follow, max-snippet:-1, max-image-preview:large, max-video-preview:-1\" \/>\n<link rel=\"canonical\" href=\"https:\/\/garden-label.pl\/sklep\/produkt\/tasma-kalka-termotransferowa-ttr-wosk-zywica-wax-resin-110-mm-x-150-m-czerwona\/\" \/>\n<meta property=\"og:locale\" content=\"pl_PL\" \/>\n<meta property=\"og:type\" content=\"article\" \/>\n<meta property=\"og:title\" content=\"Ta\u015bma\/Kalka termotransferowa TTR wosk-\u017cywica (WAX-RESIN)(110mm x 150m) CZERWONA\" \/>\n<meta property=\"og:description\" content=\"Ta\u015bma termotransferowa TTR woskowo-\u017cywiczna (WAX-RESIN) CZERWONA o szeroko\u015bci 110 mm i d\u0142ugo\u015bci 150 m to produkt charakteryzuj\u0105cy si\u0119 zaawansowan\u0105 jako\u015bci\u0105 wydruku oraz szerokimi mo\u017cliwo\u015bciami zastosowania.... wi\u0119cej\" \/>\n<meta property=\"og:url\" content=\"https:\/\/garden-label.pl\/sklep\/produkt\/tasma-kalka-termotransferowa-ttr-wosk-zywica-wax-resin-110-mm-x-150-m-czerwona\/\" \/>\n<meta property=\"og:site_name\" content=\"Sklep Garden-Label: etykiety dla ogrodnictwa\" \/>\n<meta property=\"article:publisher\" content=\"https:\/\/www.facebook.com\/gardenlabelpl\" \/>\n<meta property=\"article:modified_time\" content=\"2026-03-30T06:34:19+00:00\" \/>\n<meta property=\"og:image\" content=\"https:\/\/garden-label.pl\/sklep\/wp-content\/uploads\/2025\/10\/8ebb3c30e988207e681591e7bd6f10ac.jpg\" \/>\n\t<meta property=\"og:image:width\" content=\"750\" \/>\n\t<meta property=\"og:image:height\" content=\"500\" \/>\n\t<meta property=\"og:image:type\" content=\"image\/jpeg\" \/>\n<meta name=\"twitter:card\" content=\"summary_large_image\" \/>\n<meta name=\"twitter:label1\" content=\"Cena\" \/>\n\t<meta name=\"twitter:data1\" content=\"159,00&nbsp;&#122;&#322;\" \/>\n\t<meta name=\"twitter:label2\" content=\"Dost\u0119pno\u015b\u0107\" \/>\n\t<meta name=\"twitter:data2\" content=\"Dost\u0119pny\" \/>\n<script type=\"application\/ld+json\" class=\"yoast-schema-graph\">{\"@context\":\"https:\\\/\\\/schema.org\",\"@graph\":[{\"@type\":\"WebPage\",\"@id\":\"https:\\\/\\\/garden-label.pl\\\/sklep\\\/produkt\\\/tasma-kalka-termotransferowa-ttr-wosk-zywica-wax-resin-110-mm-x-150-m-czerwona\\\/\",\"url\":\"https:\\\/\\\/garden-label.pl\\\/sklep\\\/produkt\\\/tasma-kalka-termotransferowa-ttr-wosk-zywica-wax-resin-110-mm-x-150-m-czerwona\\\/\",\"name\":\"Ta\u015bma\\\/Kalka termotransferowa TTR wosk-\u017cywica (WAX-RESIN)(110mm x 150m) CZERWONA - Sklep Garden-Label: etykiety dla ogrodnictwa\",\"isPartOf\":{\"@id\":\"https:\\\/\\\/garden-label.pl\\\/sklep\\\/#website\"},\"primaryImageOfPage\":{\"@id\":\"https:\\\/\\\/garden-label.pl\\\/sklep\\\/produkt\\\/tasma-kalka-termotransferowa-ttr-wosk-zywica-wax-resin-110-mm-x-150-m-czerwona\\\/#primaryimage\"},\"image\":{\"@id\":\"https:\\\/\\\/garden-label.pl\\\/sklep\\\/produkt\\\/tasma-kalka-termotransferowa-ttr-wosk-zywica-wax-resin-110-mm-x-150-m-czerwona\\\/#primaryimage\"},\"thumbnailUrl\":\"https:\\\/\\\/garden-label.pl\\\/sklep\\\/wp-content\\\/uploads\\\/2025\\\/10\\\/8ebb3c30e988207e681591e7bd6f10ac.jpg\",\"datePublished\":\"2024-07-15T11:55:45+00:00\",\"dateModified\":\"2026-03-30T06:34:19+00:00\",\"breadcrumb\":{\"@id\":\"https:\\\/\\\/garden-label.pl\\\/sklep\\\/produkt\\\/tasma-kalka-termotransferowa-ttr-wosk-zywica-wax-resin-110-mm-x-150-m-czerwona\\\/#breadcrumb\"},\"inLanguage\":\"pl-PL\",\"potentialAction\":[{\"@type\":\"ReadAction\",\"target\":[\"https:\\\/\\\/garden-label.pl\\\/sklep\\\/produkt\\\/tasma-kalka-termotransferowa-ttr-wosk-zywica-wax-resin-110-mm-x-150-m-czerwona\\\/\"]}]},{\"@type\":\"ImageObject\",\"inLanguage\":\"pl-PL\",\"@id\":\"https:\\\/\\\/garden-label.pl\\\/sklep\\\/produkt\\\/tasma-kalka-termotransferowa-ttr-wosk-zywica-wax-resin-110-mm-x-150-m-czerwona\\\/#primaryimage\",\"url\":\"https:\\\/\\\/garden-label.pl\\\/sklep\\\/wp-content\\\/uploads\\\/2025\\\/10\\\/8ebb3c30e988207e681591e7bd6f10ac.jpg\",\"contentUrl\":\"https:\\\/\\\/garden-label.pl\\\/sklep\\\/wp-content\\\/uploads\\\/2025\\\/10\\\/8ebb3c30e988207e681591e7bd6f10ac.jpg\",\"width\":750,\"height\":500,\"caption\":\"8144cf5eb432dced749b36d9972159fd\"},{\"@type\":\"BreadcrumbList\",\"@id\":\"https:\\\/\\\/garden-label.pl\\\/sklep\\\/produkt\\\/tasma-kalka-termotransferowa-ttr-wosk-zywica-wax-resin-110-mm-x-150-m-czerwona\\\/#breadcrumb\",\"itemListElement\":[{\"@type\":\"ListItem\",\"position\":1,\"name\":\"Strona g\u0142\u00f3wna\",\"item\":\"https:\\\/\\\/garden-label.pl\\\/sklep\\\/\"},{\"@type\":\"ListItem\",\"position\":2,\"name\":\"Home\",\"item\":\"https:\\\/\\\/garden-label.pl\\\/sklep\\\/\"},{\"@type\":\"ListItem\",\"position\":3,\"name\":\"Ta\u015bma\\\/Kalka termotransferowa TTR wosk-\u017cywica (WAX-RESIN)(110mm x 150m) CZERWONA\"}]},{\"@type\":\"WebSite\",\"@id\":\"https:\\\/\\\/garden-label.pl\\\/sklep\\\/#website\",\"url\":\"https:\\\/\\\/garden-label.pl\\\/sklep\\\/\",\"name\":\"Sklep Garden-Label: etykiety dla ogrodnictwa, drukarki, oprogramowanie\",\"description\":\"ETYKIETY OGRODNICZE INFORMATYZACJA SZK\u00d3\u0141EK PASZPORTY RO\u015aLIN SKLEPY INTERNETOWE\",\"publisher\":{\"@id\":\"https:\\\/\\\/garden-label.pl\\\/sklep\\\/#organization\"},\"potentialAction\":[{\"@type\":\"SearchAction\",\"target\":{\"@type\":\"EntryPoint\",\"urlTemplate\":\"https:\\\/\\\/garden-label.pl\\\/sklep\\\/?s={search_term_string}\"},\"query-input\":{\"@type\":\"PropertyValueSpecification\",\"valueRequired\":true,\"valueName\":\"search_term_string\"}}],\"inLanguage\":\"pl-PL\"},{\"@type\":\"Organization\",\"@id\":\"https:\\\/\\\/garden-label.pl\\\/sklep\\\/#organization\",\"name\":\"Sklep Garden-Label: etykiety dla ogrodnictwa, drukarki, oprogramowanie\",\"url\":\"https:\\\/\\\/garden-label.pl\\\/sklep\\\/\",\"logo\":{\"@type\":\"ImageObject\",\"inLanguage\":\"pl-PL\",\"@id\":\"https:\\\/\\\/garden-label.pl\\\/sklep\\\/#\\\/schema\\\/logo\\\/image\\\/\",\"url\":\"https:\\\/\\\/garden-label.pl\\\/sklep\\\/wp-content\\\/uploads\\\/2024\\\/01\\\/GardenLabel-pastelowe.png\",\"contentUrl\":\"https:\\\/\\\/garden-label.pl\\\/sklep\\\/wp-content\\\/uploads\\\/2024\\\/01\\\/GardenLabel-pastelowe.png\",\"width\":2566,\"height\":1054,\"caption\":\"Sklep Garden-Label: etykiety dla ogrodnictwa, drukarki, oprogramowanie\"},\"image\":{\"@id\":\"https:\\\/\\\/garden-label.pl\\\/sklep\\\/#\\\/schema\\\/logo\\\/image\\\/\"},\"sameAs\":[\"https:\\\/\\\/www.facebook.com\\\/gardenlabelpl\"]}]}<\/script>\n<meta property=\"product:brand\" content=\"Garden Label\" \/>\n<meta property=\"product:price:amount\" content=\"159.00\" \/>\n<meta property=\"product:price:currency\" content=\"PLN\" \/>\n<meta property=\"og:availability\" content=\"instock\" \/>\n<meta property=\"product:availability\" content=\"instock\" \/>\n<meta property=\"product:retailer_item_id\" content=\"5906792140854\" \/>\n<meta property=\"product:condition\" content=\"new\" \/>\n<!-- \/ Yoast SEO Premium plugin. -->","yoast_head_json":{"title":"Ta\u015bma\/Kalka termotransferowa TTR wosk-\u017cywica (WAX-RESIN)(110mm x 150m) CZERWONA - Sklep Garden-Label: etykiety dla ogrodnictwa","robots":{"index":"index","follow":"follow","max-snippet":"max-snippet:-1","max-image-preview":"max-image-preview:large","max-video-preview":"max-video-preview:-1"},"canonical":"https:\/\/garden-label.pl\/sklep\/produkt\/tasma-kalka-termotransferowa-ttr-wosk-zywica-wax-resin-110-mm-x-150-m-czerwona\/","og_locale":"pl_PL","og_type":"article","og_title":"Ta\u015bma\/Kalka termotransferowa TTR wosk-\u017cywica (WAX-RESIN)(110mm x 150m) CZERWONA","og_description":"Ta\u015bma termotransferowa TTR woskowo-\u017cywiczna (WAX-RESIN) CZERWONA o szeroko\u015bci 110 mm i d\u0142ugo\u015bci 150 m to produkt charakteryzuj\u0105cy si\u0119 zaawansowan\u0105 jako\u015bci\u0105 wydruku oraz szerokimi mo\u017cliwo\u015bciami zastosowania.... wi\u0119cej","og_url":"https:\/\/garden-label.pl\/sklep\/produkt\/tasma-kalka-termotransferowa-ttr-wosk-zywica-wax-resin-110-mm-x-150-m-czerwona\/","og_site_name":"Sklep Garden-Label: etykiety dla ogrodnictwa","article_publisher":"https:\/\/www.facebook.com\/gardenlabelpl","article_modified_time":"2026-03-30T06:34:19+00:00","og_image":[{"width":750,"height":500,"url":"https:\/\/garden-label.pl\/sklep\/wp-content\/uploads\/2025\/10\/8ebb3c30e988207e681591e7bd6f10ac.jpg","type":"image\/jpeg"}],"twitter_card":"summary_large_image","twitter_misc":{"Cena":"159,00&nbsp;&#122;&#322;","Dost\u0119pno\u015b\u0107":"Dost\u0119pny"},"schema":{"@context":"https:\/\/schema.org","@graph":[{"@type":"WebPage","@id":"https:\/\/garden-label.pl\/sklep\/produkt\/tasma-kalka-termotransferowa-ttr-wosk-zywica-wax-resin-110-mm-x-150-m-czerwona\/","url":"https:\/\/garden-label.pl\/sklep\/produkt\/tasma-kalka-termotransferowa-ttr-wosk-zywica-wax-resin-110-mm-x-150-m-czerwona\/","name":"Ta\u015bma\/Kalka termotransferowa TTR wosk-\u017cywica (WAX-RESIN)(110mm x 150m) CZERWONA - Sklep Garden-Label: etykiety dla ogrodnictwa","isPartOf":{"@id":"https:\/\/garden-label.pl\/sklep\/#website"},"primaryImageOfPage":{"@id":"https:\/\/garden-label.pl\/sklep\/produkt\/tasma-kalka-termotransferowa-ttr-wosk-zywica-wax-resin-110-mm-x-150-m-czerwona\/#primaryimage"},"image":{"@id":"https:\/\/garden-label.pl\/sklep\/produkt\/tasma-kalka-termotransferowa-ttr-wosk-zywica-wax-resin-110-mm-x-150-m-czerwona\/#primaryimage"},"thumbnailUrl":"https:\/\/garden-label.pl\/sklep\/wp-content\/uploads\/2025\/10\/8ebb3c30e988207e681591e7bd6f10ac.jpg","datePublished":"2024-07-15T11:55:45+00:00","dateModified":"2026-03-30T06:34:19+00:00","breadcrumb":{"@id":"https:\/\/garden-label.pl\/sklep\/produkt\/tasma-kalka-termotransferowa-ttr-wosk-zywica-wax-resin-110-mm-x-150-m-czerwona\/#breadcrumb"},"inLanguage":"pl-PL","potentialAction":[{"@type":"ReadAction","target":["https:\/\/garden-label.pl\/sklep\/produkt\/tasma-kalka-termotransferowa-ttr-wosk-zywica-wax-resin-110-mm-x-150-m-czerwona\/"]}]},{"@type":"ImageObject","inLanguage":"pl-PL","@id":"https:\/\/garden-label.pl\/sklep\/produkt\/tasma-kalka-termotransferowa-ttr-wosk-zywica-wax-resin-110-mm-x-150-m-czerwona\/#primaryimage","url":"https:\/\/garden-label.pl\/sklep\/wp-content\/uploads\/2025\/10\/8ebb3c30e988207e681591e7bd6f10ac.jpg","contentUrl":"https:\/\/garden-label.pl\/sklep\/wp-content\/uploads\/2025\/10\/8ebb3c30e988207e681591e7bd6f10ac.jpg","width":750,"height":500,"caption":"8144cf5eb432dced749b36d9972159fd"},{"@type":"BreadcrumbList","@id":"https:\/\/garden-label.pl\/sklep\/produkt\/tasma-kalka-termotransferowa-ttr-wosk-zywica-wax-resin-110-mm-x-150-m-czerwona\/#breadcrumb","itemListElement":[{"@type":"ListItem","position":1,"name":"Strona g\u0142\u00f3wna","item":"https:\/\/garden-label.pl\/sklep\/"},{"@type":"ListItem","position":2,"name":"Home","item":"https:\/\/garden-label.pl\/sklep\/"},{"@type":"ListItem","position":3,"name":"Ta\u015bma\/Kalka termotransferowa TTR wosk-\u017cywica (WAX-RESIN)(110mm x 150m) CZERWONA"}]},{"@type":"WebSite","@id":"https:\/\/garden-label.pl\/sklep\/#website","url":"https:\/\/garden-label.pl\/sklep\/","name":"Sklep Garden-Label: etykiety dla ogrodnictwa, drukarki, oprogramowanie","description":"ETYKIETY OGRODNICZE INFORMATYZACJA SZK\u00d3\u0141EK PASZPORTY RO\u015aLIN SKLEPY INTERNETOWE","publisher":{"@id":"https:\/\/garden-label.pl\/sklep\/#organization"},"potentialAction":[{"@type":"SearchAction","target":{"@type":"EntryPoint","urlTemplate":"https:\/\/garden-label.pl\/sklep\/?s={search_term_string}"},"query-input":{"@type":"PropertyValueSpecification","valueRequired":true,"valueName":"search_term_string"}}],"inLanguage":"pl-PL"},{"@type":"Organization","@id":"https:\/\/garden-label.pl\/sklep\/#organization","name":"Sklep Garden-Label: etykiety dla ogrodnictwa, drukarki, oprogramowanie","url":"https:\/\/garden-label.pl\/sklep\/","logo":{"@type":"ImageObject","inLanguage":"pl-PL","@id":"https:\/\/garden-label.pl\/sklep\/#\/schema\/logo\/image\/","url":"https:\/\/garden-label.pl\/sklep\/wp-content\/uploads\/2024\/01\/GardenLabel-pastelowe.png","contentUrl":"https:\/\/garden-label.pl\/sklep\/wp-content\/uploads\/2024\/01\/GardenLabel-pastelowe.png","width":2566,"height":1054,"caption":"Sklep Garden-Label: etykiety dla ogrodnictwa, drukarki, oprogramowanie"},"image":{"@id":"https:\/\/garden-label.pl\/sklep\/#\/schema\/logo\/image\/"},"sameAs":["https:\/\/www.facebook.com\/gardenlabelpl"]}]},"product_brand":"Garden Label","product_price_amount":"159.00","product_price_currency":"PLN","og_availability":"instock","product_availability":"instock","product_retailer_item_id":"5906792140854","product_condition":"new"},"_links":{"self":[{"href":"https:\/\/garden-label.pl\/sklep\/wp-json\/wp\/v2\/product\/7057","targetHints":{"allow":["GET"]}}],"collection":[{"href":"https:\/\/garden-label.pl\/sklep\/wp-json\/wp\/v2\/product"}],"about":[{"href":"https:\/\/garden-label.pl\/sklep\/wp-json\/wp\/v2\/types\/product"}],"replies":[{"embeddable":true,"href":"https:\/\/garden-label.pl\/sklep\/wp-json\/wp\/v2\/comments?post=7057"}],"version-history":[{"count":1,"href":"https:\/\/garden-label.pl\/sklep\/wp-json\/wp\/v2\/product\/7057\/revisions"}],"predecessor-version":[{"id":100948,"href":"https:\/\/garden-label.pl\/sklep\/wp-json\/wp\/v2\/product\/7057\/revisions\/100948"}],"wp:featuredmedia":[{"embeddable":true,"href":"https:\/\/garden-label.pl\/sklep\/wp-json\/wp\/v2\/media\/81617"}],"wp:attachment":[{"href":"https:\/\/garden-label.pl\/sklep\/wp-json\/wp\/v2\/media?parent=7057"}],"wp:term":[{"taxonomy":"product_brand","embeddable":true,"href":"https:\/\/garden-label.pl\/sklep\/wp-json\/wp\/v2\/product_brand?post=7057"},{"taxonomy":"product_cat","embeddable":true,"href":"https:\/\/garden-label.pl\/sklep\/wp-json\/wp\/v2\/product_cat?post=7057"},{"taxonomy":"product_tag","embeddable":true,"href":"https:\/\/garden-label.pl\/sklep\/wp-json\/wp\/v2\/product_tag?post=7057"}],"curies":[{"name":"wp","href":"https:\/\/api.w.org\/{rel}","templated":true}]}}