{"id":6939,"date":"2024-07-08T17:56:32","date_gmt":"2024-07-08T15:56:32","guid":{"rendered":"https:\/\/garden-label.pl\/sklep\/produkt\/tasma-kalka-termotransferowa-ttr-wosk-zywica-wax-resin-110-mm-x-300-m-zielona\/"},"modified":"2026-04-07T15:24:47","modified_gmt":"2026-04-07T13:24:47","slug":"tasma-kalka-termotransferowa-ttr-wosk-zywica-wax-resin-110-mm-x-300-m-zielona","status":"publish","type":"product","link":"https:\/\/garden-label.pl\/sklep\/produkt\/tasma-kalka-termotransferowa-ttr-wosk-zywica-wax-resin-110-mm-x-300-m-zielona\/","title":{"rendered":"Ta\u015bma\/Kalka termotransferowa TTR wosk-\u017cywica (WAX-RESIN)(110mmx300m) ZIELONA"},"content":{"rendered":"<p>Ta\u015bma termotransferowa TTR wosk-\u017cywica (WAX-RESIN) ZIELONA to produkt najwy\u017cszej jako\u015bci, idealnie przystosowany do druku na materia\u0142ach syntetycznych, jak r\u00f3wnie\u017c na papierach syntetycznych oraz powlekanych. Posiada szeroko\u015b\u0107 110 mm i d\u0142ugo\u015b\u0107 300 m, co sprawia, \u017ce jest to rozwi\u0105zanie niezwykle efektywne dla wymagaj\u0105cych aplikacji. Dzi\u0119ki zastosowaniu woskowo-\u017cywicznej technologii, ta\u015bma charakteryzuje si\u0119 wi\u0119ksz\u0105 odporno\u015bci\u0105 na \u015bcieranie ni\u017c standardowe ta\u015bmy woskowe, co przek\u0142ada si\u0119 na d\u0142u\u017csz\u0105 trwa\u0142o\u015b\u0107 nadruk\u00f3w, a tak\u017ce na ostro\u015b\u0107 i czytelno\u015b\u0107 wydruk\u00f3w tekst\u00f3w, cyfr, kod\u00f3w kreskowych oraz grafiki.<\/p>\n<p>Produkt jest odporny na promieniowanie UV oraz ekstremalne zmiany temperatury, co zapewnia jego niezawodno\u015b\u0107 w r\u00f3\u017cnorodnych warunkach u\u017cytkowania. Ta\u015bmy te doskonale wsp\u00f3\u0142pracuj\u0105 z etykietami termotransferowymi, co umo\u017cliwia ich szerokie zastosowanie w wielu bran\u017cach. Idealnie sprawdza si\u0119 w przypadku etykiet foliowych, p\u0119tlowych i samoprzylepnych, co czyni j\u0105 wszechstronnym wyborem.<\/p>\n<p>Zastosowanie ta\u015bmy termotransferowej TTR wosk-\u017cywica pozwala na uzyskanie profesjonalnych efekt\u00f3w graficznych, co czyni j\u0105 niezb\u0119dnym narz\u0119dziem w ka\u017cdym biurze i magazynie. Gwarantujemy wysok\u0105 jako\u015b\u0107, a tak\u017ce dwuletni\u0105 gwarancj\u0119 na produkt. Realizacja zam\u00f3wienia nast\u0119puje w ci\u0105gu jednego dnia roboczego, a czas wysy\u0142ki wynosi r\u00f3wnie\u017c 1 dzie\u0144. Wszelkie pytania mo\u017cna kierowa\u0107 na adres mailowy producenta: biuro@anetpol.pl lub odwiedzi\u0107 nasz\u0105 stron\u0119 internetow\u0105: https:\/\/garden-label.pl\/. <\/p>\n<p>Instrukcja obs\u0142ugi: https:\/\/garden-label.pl\/instrukcje\/<\/p>\n<p>producent\/przedstawiciel\/informacje o bezpiecze\u0144stwie: https:\/\/anetpol.pl\/regulamin-sklepu-internetowego\/<br \/>biuro@anetpol.pl<\/p>\n","protected":false},"excerpt":{"rendered":"<p>Ta\u015bma termotransferowa TTR wosk-\u017cywica (WAX-RESIN) ZIELONA to produkt najwy\u017cszej jako\u015bci, idealnie przystosowany do druku na materia\u0142ach syntetycznych, jak r\u00f3wnie\u017c na papierach syntetycznych oraz powlekanych. Posiada&#8230; <a href=\"https:\/\/garden-label.pl\/sklep\/produkt\/tasma-kalka-termotransferowa-ttr-wosk-zywica-wax-resin-110-mm-x-300-m-zielona\/\">wi\u0119cej<\/a><\/p>\n","protected":false},"featured_media":81573,"comment_status":"open","ping_status":"closed","template":"","meta":[],"product_brand":[910],"product_cat":[1107,1113,1114,15],"product_tag":[1082,902,956,955,1083,919,909],"class_list":{"0":"post-6939","1":"product","2":"type-product","3":"status-publish","4":"has-post-thumbnail","6":"product_brand-garden-label-pl","7":"product_cat-kalki-tasmy-ttr","8":"product_cat-kolorowe-kalki-tasmy-ttr","9":"product_cat-wosk-zywica-kolorowe-kalki-tasmy-ttr","10":"product_cat-sklep","11":"product_tag-anetpol","12":"product_tag-garden-label","13":"product_tag-gilza-1-cal","14":"product_tag-kalki-tasmy-ttr","15":"product_tag-supermerchant","16":"product_tag-wydruki","17":"product_tag-zielone","18":"sales-flash-overlay","19":"woocommerce-text-align-left","20":"woocommerce-image-align-center","21":"do-quantity-buttons","22":"wc-has-gallery","24":"first","25":"instock","26":"taxable","27":"shipping-taxable","28":"purchasable","29":"product-type-simple"},"yoast_head":"<!-- This site is optimized with the Yoast SEO Premium plugin v26.3 (Yoast SEO v27.3) - https:\/\/yoast.com\/product\/yoast-seo-premium-wordpress\/ -->\n<title>Ta\u015bma\/Kalka termotransferowa TTR wosk-\u017cywica (WAX-RESIN)(110mmx300m) ZIELONA - Sklep Garden-Label: etykiety dla ogrodnictwa<\/title>\n<meta name=\"robots\" content=\"index, follow, max-snippet:-1, max-image-preview:large, max-video-preview:-1\" \/>\n<link rel=\"canonical\" href=\"https:\/\/garden-label.pl\/sklep\/produkt\/tasma-kalka-termotransferowa-ttr-wosk-zywica-wax-resin-110-mm-x-300-m-zielona\/\" \/>\n<meta property=\"og:locale\" content=\"pl_PL\" \/>\n<meta property=\"og:type\" content=\"article\" \/>\n<meta property=\"og:title\" content=\"Ta\u015bma\/Kalka termotransferowa TTR wosk-\u017cywica (WAX-RESIN)(110mmx300m) ZIELONA\" \/>\n<meta property=\"og:description\" content=\"Ta\u015bma termotransferowa TTR wosk-\u017cywica (WAX-RESIN) ZIELONA to produkt najwy\u017cszej jako\u015bci, idealnie przystosowany do druku na materia\u0142ach syntetycznych, jak r\u00f3wnie\u017c na papierach syntetycznych oraz powlekanych. Posiada... wi\u0119cej\" \/>\n<meta property=\"og:url\" content=\"https:\/\/garden-label.pl\/sklep\/produkt\/tasma-kalka-termotransferowa-ttr-wosk-zywica-wax-resin-110-mm-x-300-m-zielona\/\" \/>\n<meta property=\"og:site_name\" content=\"Sklep Garden-Label: etykiety dla ogrodnictwa\" \/>\n<meta property=\"article:publisher\" content=\"https:\/\/www.facebook.com\/gardenlabelpl\" \/>\n<meta property=\"article:modified_time\" content=\"2026-04-07T13:24:47+00:00\" \/>\n<meta property=\"og:image\" content=\"https:\/\/garden-label.pl\/sklep\/wp-content\/uploads\/2025\/10\/8f0198074759006079cc17a1ca057e88-1.jpg\" \/>\n\t<meta property=\"og:image:width\" content=\"750\" \/>\n\t<meta property=\"og:image:height\" content=\"500\" \/>\n\t<meta property=\"og:image:type\" content=\"image\/jpeg\" \/>\n<meta name=\"twitter:card\" content=\"summary_large_image\" \/>\n<meta name=\"twitter:label1\" content=\"Cena\" \/>\n\t<meta name=\"twitter:data1\" content=\"219,50&nbsp;&#122;&#322;\" \/>\n\t<meta name=\"twitter:label2\" content=\"Dost\u0119pno\u015b\u0107\" \/>\n\t<meta name=\"twitter:data2\" content=\"Dost\u0119pny\" \/>\n<script type=\"application\/ld+json\" class=\"yoast-schema-graph\">{\"@context\":\"https:\\\/\\\/schema.org\",\"@graph\":[{\"@type\":\"WebPage\",\"@id\":\"https:\\\/\\\/garden-label.pl\\\/sklep\\\/produkt\\\/tasma-kalka-termotransferowa-ttr-wosk-zywica-wax-resin-110-mm-x-300-m-zielona\\\/\",\"url\":\"https:\\\/\\\/garden-label.pl\\\/sklep\\\/produkt\\\/tasma-kalka-termotransferowa-ttr-wosk-zywica-wax-resin-110-mm-x-300-m-zielona\\\/\",\"name\":\"Ta\u015bma\\\/Kalka termotransferowa TTR wosk-\u017cywica (WAX-RESIN)(110mmx300m) ZIELONA - Sklep Garden-Label: etykiety dla ogrodnictwa\",\"isPartOf\":{\"@id\":\"https:\\\/\\\/garden-label.pl\\\/sklep\\\/#website\"},\"primaryImageOfPage\":{\"@id\":\"https:\\\/\\\/garden-label.pl\\\/sklep\\\/produkt\\\/tasma-kalka-termotransferowa-ttr-wosk-zywica-wax-resin-110-mm-x-300-m-zielona\\\/#primaryimage\"},\"image\":{\"@id\":\"https:\\\/\\\/garden-label.pl\\\/sklep\\\/produkt\\\/tasma-kalka-termotransferowa-ttr-wosk-zywica-wax-resin-110-mm-x-300-m-zielona\\\/#primaryimage\"},\"thumbnailUrl\":\"https:\\\/\\\/garden-label.pl\\\/sklep\\\/wp-content\\\/uploads\\\/2025\\\/10\\\/8f0198074759006079cc17a1ca057e88-1.jpg\",\"datePublished\":\"2024-07-08T15:56:32+00:00\",\"dateModified\":\"2026-04-07T13:24:47+00:00\",\"breadcrumb\":{\"@id\":\"https:\\\/\\\/garden-label.pl\\\/sklep\\\/produkt\\\/tasma-kalka-termotransferowa-ttr-wosk-zywica-wax-resin-110-mm-x-300-m-zielona\\\/#breadcrumb\"},\"inLanguage\":\"pl-PL\",\"potentialAction\":[{\"@type\":\"ReadAction\",\"target\":[\"https:\\\/\\\/garden-label.pl\\\/sklep\\\/produkt\\\/tasma-kalka-termotransferowa-ttr-wosk-zywica-wax-resin-110-mm-x-300-m-zielona\\\/\"]}]},{\"@type\":\"ImageObject\",\"inLanguage\":\"pl-PL\",\"@id\":\"https:\\\/\\\/garden-label.pl\\\/sklep\\\/produkt\\\/tasma-kalka-termotransferowa-ttr-wosk-zywica-wax-resin-110-mm-x-300-m-zielona\\\/#primaryimage\",\"url\":\"https:\\\/\\\/garden-label.pl\\\/sklep\\\/wp-content\\\/uploads\\\/2025\\\/10\\\/8f0198074759006079cc17a1ca057e88-1.jpg\",\"contentUrl\":\"https:\\\/\\\/garden-label.pl\\\/sklep\\\/wp-content\\\/uploads\\\/2025\\\/10\\\/8f0198074759006079cc17a1ca057e88-1.jpg\",\"width\":750,\"height\":500,\"caption\":\"c0364797069df32b21f7f307032cda3f\"},{\"@type\":\"BreadcrumbList\",\"@id\":\"https:\\\/\\\/garden-label.pl\\\/sklep\\\/produkt\\\/tasma-kalka-termotransferowa-ttr-wosk-zywica-wax-resin-110-mm-x-300-m-zielona\\\/#breadcrumb\",\"itemListElement\":[{\"@type\":\"ListItem\",\"position\":1,\"name\":\"Strona g\u0142\u00f3wna\",\"item\":\"https:\\\/\\\/garden-label.pl\\\/sklep\\\/\"},{\"@type\":\"ListItem\",\"position\":2,\"name\":\"Home\",\"item\":\"https:\\\/\\\/garden-label.pl\\\/sklep\\\/\"},{\"@type\":\"ListItem\",\"position\":3,\"name\":\"Ta\u015bma\\\/Kalka termotransferowa TTR wosk-\u017cywica (WAX-RESIN)(110mmx300m) ZIELONA\"}]},{\"@type\":\"WebSite\",\"@id\":\"https:\\\/\\\/garden-label.pl\\\/sklep\\\/#website\",\"url\":\"https:\\\/\\\/garden-label.pl\\\/sklep\\\/\",\"name\":\"Sklep Garden-Label: etykiety dla ogrodnictwa, drukarki, oprogramowanie\",\"description\":\"ETYKIETY OGRODNICZE INFORMATYZACJA SZK\u00d3\u0141EK PASZPORTY RO\u015aLIN SKLEPY INTERNETOWE\",\"publisher\":{\"@id\":\"https:\\\/\\\/garden-label.pl\\\/sklep\\\/#organization\"},\"potentialAction\":[{\"@type\":\"SearchAction\",\"target\":{\"@type\":\"EntryPoint\",\"urlTemplate\":\"https:\\\/\\\/garden-label.pl\\\/sklep\\\/?s={search_term_string}\"},\"query-input\":{\"@type\":\"PropertyValueSpecification\",\"valueRequired\":true,\"valueName\":\"search_term_string\"}}],\"inLanguage\":\"pl-PL\"},{\"@type\":\"Organization\",\"@id\":\"https:\\\/\\\/garden-label.pl\\\/sklep\\\/#organization\",\"name\":\"Sklep Garden-Label: etykiety dla ogrodnictwa, drukarki, oprogramowanie\",\"url\":\"https:\\\/\\\/garden-label.pl\\\/sklep\\\/\",\"logo\":{\"@type\":\"ImageObject\",\"inLanguage\":\"pl-PL\",\"@id\":\"https:\\\/\\\/garden-label.pl\\\/sklep\\\/#\\\/schema\\\/logo\\\/image\\\/\",\"url\":\"https:\\\/\\\/garden-label.pl\\\/sklep\\\/wp-content\\\/uploads\\\/2024\\\/01\\\/GardenLabel-pastelowe.png\",\"contentUrl\":\"https:\\\/\\\/garden-label.pl\\\/sklep\\\/wp-content\\\/uploads\\\/2024\\\/01\\\/GardenLabel-pastelowe.png\",\"width\":2566,\"height\":1054,\"caption\":\"Sklep Garden-Label: etykiety dla ogrodnictwa, drukarki, oprogramowanie\"},\"image\":{\"@id\":\"https:\\\/\\\/garden-label.pl\\\/sklep\\\/#\\\/schema\\\/logo\\\/image\\\/\"},\"sameAs\":[\"https:\\\/\\\/www.facebook.com\\\/gardenlabelpl\"]}]}<\/script>\n<meta property=\"product:brand\" content=\"Garden Label\" \/>\n<meta property=\"product:price:amount\" content=\"219.50\" \/>\n<meta property=\"product:price:currency\" content=\"PLN\" \/>\n<meta property=\"og:availability\" content=\"instock\" \/>\n<meta property=\"product:availability\" content=\"instock\" \/>\n<meta property=\"product:retailer_item_id\" content=\"5906792140755\" \/>\n<meta property=\"product:condition\" content=\"new\" \/>\n<!-- \/ Yoast SEO Premium plugin. -->","yoast_head_json":{"title":"Ta\u015bma\/Kalka termotransferowa TTR wosk-\u017cywica (WAX-RESIN)(110mmx300m) ZIELONA - Sklep Garden-Label: etykiety dla ogrodnictwa","robots":{"index":"index","follow":"follow","max-snippet":"max-snippet:-1","max-image-preview":"max-image-preview:large","max-video-preview":"max-video-preview:-1"},"canonical":"https:\/\/garden-label.pl\/sklep\/produkt\/tasma-kalka-termotransferowa-ttr-wosk-zywica-wax-resin-110-mm-x-300-m-zielona\/","og_locale":"pl_PL","og_type":"article","og_title":"Ta\u015bma\/Kalka termotransferowa TTR wosk-\u017cywica (WAX-RESIN)(110mmx300m) ZIELONA","og_description":"Ta\u015bma termotransferowa TTR wosk-\u017cywica (WAX-RESIN) ZIELONA to produkt najwy\u017cszej jako\u015bci, idealnie przystosowany do druku na materia\u0142ach syntetycznych, jak r\u00f3wnie\u017c na papierach syntetycznych oraz powlekanych. Posiada... wi\u0119cej","og_url":"https:\/\/garden-label.pl\/sklep\/produkt\/tasma-kalka-termotransferowa-ttr-wosk-zywica-wax-resin-110-mm-x-300-m-zielona\/","og_site_name":"Sklep Garden-Label: etykiety dla ogrodnictwa","article_publisher":"https:\/\/www.facebook.com\/gardenlabelpl","article_modified_time":"2026-04-07T13:24:47+00:00","og_image":[{"width":750,"height":500,"url":"https:\/\/garden-label.pl\/sklep\/wp-content\/uploads\/2025\/10\/8f0198074759006079cc17a1ca057e88-1.jpg","type":"image\/jpeg"}],"twitter_card":"summary_large_image","twitter_misc":{"Cena":"219,50&nbsp;&#122;&#322;","Dost\u0119pno\u015b\u0107":"Dost\u0119pny"},"schema":{"@context":"https:\/\/schema.org","@graph":[{"@type":"WebPage","@id":"https:\/\/garden-label.pl\/sklep\/produkt\/tasma-kalka-termotransferowa-ttr-wosk-zywica-wax-resin-110-mm-x-300-m-zielona\/","url":"https:\/\/garden-label.pl\/sklep\/produkt\/tasma-kalka-termotransferowa-ttr-wosk-zywica-wax-resin-110-mm-x-300-m-zielona\/","name":"Ta\u015bma\/Kalka termotransferowa TTR wosk-\u017cywica (WAX-RESIN)(110mmx300m) ZIELONA - Sklep Garden-Label: etykiety dla ogrodnictwa","isPartOf":{"@id":"https:\/\/garden-label.pl\/sklep\/#website"},"primaryImageOfPage":{"@id":"https:\/\/garden-label.pl\/sklep\/produkt\/tasma-kalka-termotransferowa-ttr-wosk-zywica-wax-resin-110-mm-x-300-m-zielona\/#primaryimage"},"image":{"@id":"https:\/\/garden-label.pl\/sklep\/produkt\/tasma-kalka-termotransferowa-ttr-wosk-zywica-wax-resin-110-mm-x-300-m-zielona\/#primaryimage"},"thumbnailUrl":"https:\/\/garden-label.pl\/sklep\/wp-content\/uploads\/2025\/10\/8f0198074759006079cc17a1ca057e88-1.jpg","datePublished":"2024-07-08T15:56:32+00:00","dateModified":"2026-04-07T13:24:47+00:00","breadcrumb":{"@id":"https:\/\/garden-label.pl\/sklep\/produkt\/tasma-kalka-termotransferowa-ttr-wosk-zywica-wax-resin-110-mm-x-300-m-zielona\/#breadcrumb"},"inLanguage":"pl-PL","potentialAction":[{"@type":"ReadAction","target":["https:\/\/garden-label.pl\/sklep\/produkt\/tasma-kalka-termotransferowa-ttr-wosk-zywica-wax-resin-110-mm-x-300-m-zielona\/"]}]},{"@type":"ImageObject","inLanguage":"pl-PL","@id":"https:\/\/garden-label.pl\/sklep\/produkt\/tasma-kalka-termotransferowa-ttr-wosk-zywica-wax-resin-110-mm-x-300-m-zielona\/#primaryimage","url":"https:\/\/garden-label.pl\/sklep\/wp-content\/uploads\/2025\/10\/8f0198074759006079cc17a1ca057e88-1.jpg","contentUrl":"https:\/\/garden-label.pl\/sklep\/wp-content\/uploads\/2025\/10\/8f0198074759006079cc17a1ca057e88-1.jpg","width":750,"height":500,"caption":"c0364797069df32b21f7f307032cda3f"},{"@type":"BreadcrumbList","@id":"https:\/\/garden-label.pl\/sklep\/produkt\/tasma-kalka-termotransferowa-ttr-wosk-zywica-wax-resin-110-mm-x-300-m-zielona\/#breadcrumb","itemListElement":[{"@type":"ListItem","position":1,"name":"Strona g\u0142\u00f3wna","item":"https:\/\/garden-label.pl\/sklep\/"},{"@type":"ListItem","position":2,"name":"Home","item":"https:\/\/garden-label.pl\/sklep\/"},{"@type":"ListItem","position":3,"name":"Ta\u015bma\/Kalka termotransferowa TTR wosk-\u017cywica (WAX-RESIN)(110mmx300m) ZIELONA"}]},{"@type":"WebSite","@id":"https:\/\/garden-label.pl\/sklep\/#website","url":"https:\/\/garden-label.pl\/sklep\/","name":"Sklep Garden-Label: etykiety dla ogrodnictwa, drukarki, oprogramowanie","description":"ETYKIETY OGRODNICZE INFORMATYZACJA SZK\u00d3\u0141EK PASZPORTY RO\u015aLIN SKLEPY INTERNETOWE","publisher":{"@id":"https:\/\/garden-label.pl\/sklep\/#organization"},"potentialAction":[{"@type":"SearchAction","target":{"@type":"EntryPoint","urlTemplate":"https:\/\/garden-label.pl\/sklep\/?s={search_term_string}"},"query-input":{"@type":"PropertyValueSpecification","valueRequired":true,"valueName":"search_term_string"}}],"inLanguage":"pl-PL"},{"@type":"Organization","@id":"https:\/\/garden-label.pl\/sklep\/#organization","name":"Sklep Garden-Label: etykiety dla ogrodnictwa, drukarki, oprogramowanie","url":"https:\/\/garden-label.pl\/sklep\/","logo":{"@type":"ImageObject","inLanguage":"pl-PL","@id":"https:\/\/garden-label.pl\/sklep\/#\/schema\/logo\/image\/","url":"https:\/\/garden-label.pl\/sklep\/wp-content\/uploads\/2024\/01\/GardenLabel-pastelowe.png","contentUrl":"https:\/\/garden-label.pl\/sklep\/wp-content\/uploads\/2024\/01\/GardenLabel-pastelowe.png","width":2566,"height":1054,"caption":"Sklep Garden-Label: etykiety dla ogrodnictwa, drukarki, oprogramowanie"},"image":{"@id":"https:\/\/garden-label.pl\/sklep\/#\/schema\/logo\/image\/"},"sameAs":["https:\/\/www.facebook.com\/gardenlabelpl"]}]},"product_brand":"Garden Label","product_price_amount":"219.50","product_price_currency":"PLN","og_availability":"instock","product_availability":"instock","product_retailer_item_id":"5906792140755","product_condition":"new"},"_links":{"self":[{"href":"https:\/\/garden-label.pl\/sklep\/wp-json\/wp\/v2\/product\/6939","targetHints":{"allow":["GET"]}}],"collection":[{"href":"https:\/\/garden-label.pl\/sklep\/wp-json\/wp\/v2\/product"}],"about":[{"href":"https:\/\/garden-label.pl\/sklep\/wp-json\/wp\/v2\/types\/product"}],"replies":[{"embeddable":true,"href":"https:\/\/garden-label.pl\/sklep\/wp-json\/wp\/v2\/comments?post=6939"}],"version-history":[{"count":1,"href":"https:\/\/garden-label.pl\/sklep\/wp-json\/wp\/v2\/product\/6939\/revisions"}],"predecessor-version":[{"id":100943,"href":"https:\/\/garden-label.pl\/sklep\/wp-json\/wp\/v2\/product\/6939\/revisions\/100943"}],"wp:featuredmedia":[{"embeddable":true,"href":"https:\/\/garden-label.pl\/sklep\/wp-json\/wp\/v2\/media\/81573"}],"wp:attachment":[{"href":"https:\/\/garden-label.pl\/sklep\/wp-json\/wp\/v2\/media?parent=6939"}],"wp:term":[{"taxonomy":"product_brand","embeddable":true,"href":"https:\/\/garden-label.pl\/sklep\/wp-json\/wp\/v2\/product_brand?post=6939"},{"taxonomy":"product_cat","embeddable":true,"href":"https:\/\/garden-label.pl\/sklep\/wp-json\/wp\/v2\/product_cat?post=6939"},{"taxonomy":"product_tag","embeddable":true,"href":"https:\/\/garden-label.pl\/sklep\/wp-json\/wp\/v2\/product_tag?post=6939"}],"curies":[{"name":"wp","href":"https:\/\/api.w.org\/{rel}","templated":true}]}}