{"id":5899,"date":"2024-07-02T08:43:29","date_gmt":"2024-07-02T06:43:29","guid":{"rendered":"https:\/\/garden-label.pl\/sklep\/produkt\/4x-marker-ogrodniczy-czarny-bialy-srebrny-mazak-pisak-home-garden-odporny\/"},"modified":"2026-04-13T10:39:05","modified_gmt":"2026-04-13T08:39:05","slug":"4x-marker-ogrodniczy-czarny-bialy-srebrny-mazak-pisak-home-garden-odporny","status":"publish","type":"product","link":"https:\/\/garden-label.pl\/sklep\/produkt\/4x-marker-ogrodniczy-czarny-bialy-srebrny-mazak-pisak-home-garden-odporny\/","title":{"rendered":"4x Marker ogrodniczy, CZARNY, BIA\u0141Y, SREBRNY, (mazak, pisak) Home &amp; Garden, odporny,"},"content":{"rendered":"<p>Marker ogrodniczy Artline &#8211; Pakiet 4 sztuk<\/p>\n<p>Odkryj pot\u0119g\u0119 precyzji z mark\u0105 Artline i zestawem 4 marker\u00f3w ogrodniczych. Ka\u017cdy z nich wyposa\u017cony jest w permanentn\u0105 ko\u0144c\u00f3wk\u0119 z w\u0142\u00f3kna o \u015brednicy 2,3 mm, gwarantuj\u0105c\u0105 trwa\u0142e oznaczenia. Szybkoschn\u0105cy atrament oraz odporno\u015b\u0107 na promieniowanie UV sprawiaj\u0105, \u017ce s\u0105 one idealnym wyborem do znakowania ro\u015blin zar\u00f3wno wewn\u0105trz, jak i na zewn\u0105trz ogrodu.<\/p>\n<p>Dzi\u0119ki r\u00f3\u017cnorodno\u015bci kolor\u00f3w &#8211; czarnego, srebrnego i bia\u0142ego &#8211; z \u0142atwo\u015bci\u0105 oznaczysz r\u00f3\u017cne elementy ogrodnicze. Ich aluminiowa obudowa gwarantuje wytrzyma\u0142o\u015b\u0107, a brak ksylenu wp\u0142ywa pozytywnie na \u015brodowisko.<\/p>\n<p>W zestawie:<\/p>\n<p>&#8211; 4 markery ogrodnicze<br \/>\n&#8211; Oryginalne opakowanie<br \/>\n&#8211; Gwarancja producenta na 24 miesi\u0105ce<\/p>\n<p>Zam\u00f3w ju\u017c dzi\u015b i podkre\u015bl profesjonalizm w piel\u0119gnowaniu ogrodu! <\/p>\n<p>producent\/przedstawiciel\/informacje o bezpiecze\u0144stwie: https:\/\/anetpol.pl\/regulamin-sklepu-internetowego\/<br \/>biuro@anetpol.pl<\/p>\n","protected":false},"excerpt":{"rendered":"<section class=\"section\">\n<div class=\"item item-12\">\n<section class=\"text-item\">\n<\/section><\/div>\n<\/section>\n<section class=\"section\">\n<div class=\"item item-12\">\n<section class=\"text-item\">\n<p><strong>Dodatkowe informacje:<\/strong><\/p>\n<\/section><\/div>\n<\/section>\n<section class=\"section\">\n<div class=\"item item-12\">\n<section class=\"text-item\">\n<ul>\n<li><strong>Pot\u0119\u017cna precyzja:<\/strong> U\u017cywaj\u0105c marker\u00f3w ogrodniczych <strong>Artline<\/strong>, mo\u017cesz cieszy\u0107 si\u0119 pot\u0119g\u0105 precyzji dzi\u0119ki&#8230; <a href=\"https:\/\/garden-label.pl\/sklep\/produkt\/4x-marker-ogrodniczy-czarny-bialy-srebrny-mazak-pisak-home-garden-odporny\/\">wi\u0119cej<\/a><br \/>\n","protected":false},"featured_media":86715,"comment_status":"open","ping_status":"closed","template":"","meta":[],"product_brand":[1016],"product_cat":[1087,1084,1112,1085,1086,15],"product_tag":[896,897,898,899,998,995,914,1083,912],"class_list":{"0":"post-5899","1":"product","2":"type-product","3":"status-publish","4":"has-post-thumbnail","6":"product_brand-artline","7":"product_cat-akcesoria","8":"product_cat-dom-i-ogrod","9":"product_cat-markery","10":"product_cat-ogrod","11":"product_cat-rosliny","12":"product_cat-sklep","13":"product_tag-etykiety-do-opisu-roslin","14":"product_tag-etykiety-do-pisania","15":"product_tag-etykiety-kolorowe","16":"product_tag-etykiety-ogrodnicze","17":"product_tag-etykiety-samoprzylepne","18":"product_tag-etykiety-wtykane","19":"product_tag-mazaki-markery-pisaki","20":"product_tag-supermerchant","21":"product_tag-zestawy-do-opisu-roslin","22":"sales-flash-overlay","23":"woocommerce-text-align-left","24":"woocommerce-image-align-center","25":"do-quantity-buttons","26":"wc-has-gallery","28":"first","29":"outofstock","30":"taxable","31":"shipping-taxable","32":"purchasable","33":"product-type-simple"},"yoast_head":"<!-- This site is optimized with the Yoast SEO Premium plugin v26.3 (Yoast SEO v27.4) - https:\/\/yoast.com\/product\/yoast-seo-premium-wordpress\/ -->\n<title>4x Marker ogrodniczy, CZARNY, BIA\u0141Y, SREBRNY, (mazak, pisak) Home &amp; Garden, odporny, - Sklep Garden-Label: etykiety dla ogrodnictwa<\/title>\n<meta name=\"robots\" content=\"index, follow, max-snippet:-1, max-image-preview:large, max-video-preview:-1\" \/>\n<link rel=\"canonical\" href=\"https:\/\/garden-label.pl\/sklep\/produkt\/4x-marker-ogrodniczy-czarny-bialy-srebrny-mazak-pisak-home-garden-odporny\/\" \/>\n<meta property=\"og:locale\" content=\"pl_PL\" \/>\n<meta property=\"og:type\" content=\"article\" \/>\n<meta property=\"og:title\" content=\"4x Marker ogrodniczy, CZARNY, BIA\u0141Y, SREBRNY, (mazak, pisak) Home &amp; Garden, odporny,\" \/>\n<meta property=\"og:description\" content=\"Dodatkowe informacje:     Pot\u0119\u017cna precyzja: U\u017cywaj\u0105c marker\u00f3w ogrodniczych Artline, mo\u017cesz cieszy\u0107 si\u0119 pot\u0119g\u0105 precyzji dzi\u0119ki... wi\u0119cej\" \/>\n<meta property=\"og:url\" content=\"https:\/\/garden-label.pl\/sklep\/produkt\/4x-marker-ogrodniczy-czarny-bialy-srebrny-mazak-pisak-home-garden-odporny\/\" \/>\n<meta property=\"og:site_name\" content=\"Sklep Garden-Label: etykiety dla ogrodnictwa\" \/>\n<meta property=\"article:publisher\" content=\"https:\/\/www.facebook.com\/gardenlabelpl\" \/>\n<meta property=\"article:modified_time\" content=\"2026-04-13T08:39:05+00:00\" \/>\n<meta property=\"og:image\" content=\"https:\/\/garden-label.pl\/sklep\/wp-content\/uploads\/2025\/10\/49bd38735c3bdbba2292c92cfafe59e3-1.jpg\" \/>\n\t<meta property=\"og:image:width\" content=\"604\" \/>\n\t<meta property=\"og:image:height\" content=\"806\" \/>\n\t<meta property=\"og:image:type\" content=\"image\/jpeg\" \/>\n<meta name=\"twitter:card\" content=\"summary_large_image\" \/>\n<meta name=\"twitter:label1\" content=\"Cena\" \/>\n\t<meta name=\"twitter:data1\" content=\"55,95&nbsp;&#122;&#322;\" \/>\n\t<meta name=\"twitter:label2\" content=\"Dost\u0119pno\u015b\u0107\" \/>\n\t<meta name=\"twitter:data2\" content=\"Brak w magazynie\" \/>\n<script type=\"application\/ld+json\" class=\"yoast-schema-graph\">{\"@context\":\"https:\\\/\\\/schema.org\",\"@graph\":[{\"@type\":\"WebPage\",\"@id\":\"https:\\\/\\\/garden-label.pl\\\/sklep\\\/produkt\\\/4x-marker-ogrodniczy-czarny-bialy-srebrny-mazak-pisak-home-garden-odporny\\\/\",\"url\":\"https:\\\/\\\/garden-label.pl\\\/sklep\\\/produkt\\\/4x-marker-ogrodniczy-czarny-bialy-srebrny-mazak-pisak-home-garden-odporny\\\/\",\"name\":\"4x Marker ogrodniczy, CZARNY, BIA\u0141Y, SREBRNY, (mazak, pisak) Home &amp; Garden, odporny, - Sklep Garden-Label: etykiety dla ogrodnictwa\",\"isPartOf\":{\"@id\":\"https:\\\/\\\/garden-label.pl\\\/sklep\\\/#website\"},\"primaryImageOfPage\":{\"@id\":\"https:\\\/\\\/garden-label.pl\\\/sklep\\\/produkt\\\/4x-marker-ogrodniczy-czarny-bialy-srebrny-mazak-pisak-home-garden-odporny\\\/#primaryimage\"},\"image\":{\"@id\":\"https:\\\/\\\/garden-label.pl\\\/sklep\\\/produkt\\\/4x-marker-ogrodniczy-czarny-bialy-srebrny-mazak-pisak-home-garden-odporny\\\/#primaryimage\"},\"thumbnailUrl\":\"https:\\\/\\\/garden-label.pl\\\/sklep\\\/wp-content\\\/uploads\\\/2025\\\/10\\\/49bd38735c3bdbba2292c92cfafe59e3-1.jpg\",\"datePublished\":\"2024-07-02T06:43:29+00:00\",\"dateModified\":\"2026-04-13T08:39:05+00:00\",\"breadcrumb\":{\"@id\":\"https:\\\/\\\/garden-label.pl\\\/sklep\\\/produkt\\\/4x-marker-ogrodniczy-czarny-bialy-srebrny-mazak-pisak-home-garden-odporny\\\/#breadcrumb\"},\"inLanguage\":\"pl-PL\",\"potentialAction\":[{\"@type\":\"ReadAction\",\"target\":[\"https:\\\/\\\/garden-label.pl\\\/sklep\\\/produkt\\\/4x-marker-ogrodniczy-czarny-bialy-srebrny-mazak-pisak-home-garden-odporny\\\/\"]}]},{\"@type\":\"ImageObject\",\"inLanguage\":\"pl-PL\",\"@id\":\"https:\\\/\\\/garden-label.pl\\\/sklep\\\/produkt\\\/4x-marker-ogrodniczy-czarny-bialy-srebrny-mazak-pisak-home-garden-odporny\\\/#primaryimage\",\"url\":\"https:\\\/\\\/garden-label.pl\\\/sklep\\\/wp-content\\\/uploads\\\/2025\\\/10\\\/49bd38735c3bdbba2292c92cfafe59e3-1.jpg\",\"contentUrl\":\"https:\\\/\\\/garden-label.pl\\\/sklep\\\/wp-content\\\/uploads\\\/2025\\\/10\\\/49bd38735c3bdbba2292c92cfafe59e3-1.jpg\",\"width\":604,\"height\":806,\"caption\":\"3ccaa6f1f1245166050d73b99ca37bee\"},{\"@type\":\"BreadcrumbList\",\"@id\":\"https:\\\/\\\/garden-label.pl\\\/sklep\\\/produkt\\\/4x-marker-ogrodniczy-czarny-bialy-srebrny-mazak-pisak-home-garden-odporny\\\/#breadcrumb\",\"itemListElement\":[{\"@type\":\"ListItem\",\"position\":1,\"name\":\"Strona g\u0142\u00f3wna\",\"item\":\"https:\\\/\\\/garden-label.pl\\\/sklep\\\/\"},{\"@type\":\"ListItem\",\"position\":2,\"name\":\"Home\",\"item\":\"https:\\\/\\\/garden-label.pl\\\/sklep\\\/\"},{\"@type\":\"ListItem\",\"position\":3,\"name\":\"4x Marker ogrodniczy, CZARNY, BIA\u0141Y, SREBRNY, (mazak, pisak) Home &amp; Garden, odporny,\"}]},{\"@type\":\"WebSite\",\"@id\":\"https:\\\/\\\/garden-label.pl\\\/sklep\\\/#website\",\"url\":\"https:\\\/\\\/garden-label.pl\\\/sklep\\\/\",\"name\":\"Sklep Garden-Label: etykiety dla ogrodnictwa, drukarki, oprogramowanie\",\"description\":\"ETYKIETY OGRODNICZE INFORMATYZACJA SZK\u00d3\u0141EK PASZPORTY RO\u015aLIN SKLEPY INTERNETOWE\",\"publisher\":{\"@id\":\"https:\\\/\\\/garden-label.pl\\\/sklep\\\/#organization\"},\"potentialAction\":[{\"@type\":\"SearchAction\",\"target\":{\"@type\":\"EntryPoint\",\"urlTemplate\":\"https:\\\/\\\/garden-label.pl\\\/sklep\\\/?s={search_term_string}\"},\"query-input\":{\"@type\":\"PropertyValueSpecification\",\"valueRequired\":true,\"valueName\":\"search_term_string\"}}],\"inLanguage\":\"pl-PL\"},{\"@type\":\"Organization\",\"@id\":\"https:\\\/\\\/garden-label.pl\\\/sklep\\\/#organization\",\"name\":\"Sklep Garden-Label: etykiety dla ogrodnictwa, drukarki, oprogramowanie\",\"url\":\"https:\\\/\\\/garden-label.pl\\\/sklep\\\/\",\"logo\":{\"@type\":\"ImageObject\",\"inLanguage\":\"pl-PL\",\"@id\":\"https:\\\/\\\/garden-label.pl\\\/sklep\\\/#\\\/schema\\\/logo\\\/image\\\/\",\"url\":\"https:\\\/\\\/garden-label.pl\\\/sklep\\\/wp-content\\\/uploads\\\/2024\\\/01\\\/GardenLabel-pastelowe.png\",\"contentUrl\":\"https:\\\/\\\/garden-label.pl\\\/sklep\\\/wp-content\\\/uploads\\\/2024\\\/01\\\/GardenLabel-pastelowe.png\",\"width\":2566,\"height\":1054,\"caption\":\"Sklep Garden-Label: etykiety dla ogrodnictwa, drukarki, oprogramowanie\"},\"image\":{\"@id\":\"https:\\\/\\\/garden-label.pl\\\/sklep\\\/#\\\/schema\\\/logo\\\/image\\\/\"},\"sameAs\":[\"https:\\\/\\\/www.facebook.com\\\/gardenlabelpl\"]}]}<\/script>\n<meta property=\"product:brand\" content=\"Artline\" \/>\n<meta property=\"product:price:amount\" content=\"55.95\" \/>\n<meta property=\"product:price:currency\" content=\"PLN\" \/>\n<meta property=\"og:availability\" content=\"out of stock\" \/>\n<meta property=\"product:availability\" content=\"out of stock\" \/>\n<meta property=\"product:retailer_item_id\" content=\"EKPR-GDM\/C4\" \/>\n<meta property=\"product:condition\" content=\"new\" \/>\n<!-- \/ Yoast SEO Premium plugin. -->","yoast_head_json":{"title":"4x Marker ogrodniczy, CZARNY, BIA\u0141Y, SREBRNY, (mazak, pisak) Home &amp; Garden, odporny, - Sklep Garden-Label: etykiety dla ogrodnictwa","robots":{"index":"index","follow":"follow","max-snippet":"max-snippet:-1","max-image-preview":"max-image-preview:large","max-video-preview":"max-video-preview:-1"},"canonical":"https:\/\/garden-label.pl\/sklep\/produkt\/4x-marker-ogrodniczy-czarny-bialy-srebrny-mazak-pisak-home-garden-odporny\/","og_locale":"pl_PL","og_type":"article","og_title":"4x Marker ogrodniczy, CZARNY, BIA\u0141Y, SREBRNY, (mazak, pisak) Home &amp; Garden, odporny,","og_description":"Dodatkowe informacje:     Pot\u0119\u017cna precyzja: U\u017cywaj\u0105c marker\u00f3w ogrodniczych Artline, mo\u017cesz cieszy\u0107 si\u0119 pot\u0119g\u0105 precyzji dzi\u0119ki... wi\u0119cej","og_url":"https:\/\/garden-label.pl\/sklep\/produkt\/4x-marker-ogrodniczy-czarny-bialy-srebrny-mazak-pisak-home-garden-odporny\/","og_site_name":"Sklep Garden-Label: etykiety dla ogrodnictwa","article_publisher":"https:\/\/www.facebook.com\/gardenlabelpl","article_modified_time":"2026-04-13T08:39:05+00:00","og_image":[{"width":604,"height":806,"url":"https:\/\/garden-label.pl\/sklep\/wp-content\/uploads\/2025\/10\/49bd38735c3bdbba2292c92cfafe59e3-1.jpg","type":"image\/jpeg"}],"twitter_card":"summary_large_image","twitter_misc":{"Cena":"55,95&nbsp;&#122;&#322;","Dost\u0119pno\u015b\u0107":"Brak w magazynie"},"schema":{"@context":"https:\/\/schema.org","@graph":[{"@type":"WebPage","@id":"https:\/\/garden-label.pl\/sklep\/produkt\/4x-marker-ogrodniczy-czarny-bialy-srebrny-mazak-pisak-home-garden-odporny\/","url":"https:\/\/garden-label.pl\/sklep\/produkt\/4x-marker-ogrodniczy-czarny-bialy-srebrny-mazak-pisak-home-garden-odporny\/","name":"4x Marker ogrodniczy, CZARNY, BIA\u0141Y, SREBRNY, (mazak, pisak) Home &amp; Garden, odporny, - Sklep Garden-Label: etykiety dla ogrodnictwa","isPartOf":{"@id":"https:\/\/garden-label.pl\/sklep\/#website"},"primaryImageOfPage":{"@id":"https:\/\/garden-label.pl\/sklep\/produkt\/4x-marker-ogrodniczy-czarny-bialy-srebrny-mazak-pisak-home-garden-odporny\/#primaryimage"},"image":{"@id":"https:\/\/garden-label.pl\/sklep\/produkt\/4x-marker-ogrodniczy-czarny-bialy-srebrny-mazak-pisak-home-garden-odporny\/#primaryimage"},"thumbnailUrl":"https:\/\/garden-label.pl\/sklep\/wp-content\/uploads\/2025\/10\/49bd38735c3bdbba2292c92cfafe59e3-1.jpg","datePublished":"2024-07-02T06:43:29+00:00","dateModified":"2026-04-13T08:39:05+00:00","breadcrumb":{"@id":"https:\/\/garden-label.pl\/sklep\/produkt\/4x-marker-ogrodniczy-czarny-bialy-srebrny-mazak-pisak-home-garden-odporny\/#breadcrumb"},"inLanguage":"pl-PL","potentialAction":[{"@type":"ReadAction","target":["https:\/\/garden-label.pl\/sklep\/produkt\/4x-marker-ogrodniczy-czarny-bialy-srebrny-mazak-pisak-home-garden-odporny\/"]}]},{"@type":"ImageObject","inLanguage":"pl-PL","@id":"https:\/\/garden-label.pl\/sklep\/produkt\/4x-marker-ogrodniczy-czarny-bialy-srebrny-mazak-pisak-home-garden-odporny\/#primaryimage","url":"https:\/\/garden-label.pl\/sklep\/wp-content\/uploads\/2025\/10\/49bd38735c3bdbba2292c92cfafe59e3-1.jpg","contentUrl":"https:\/\/garden-label.pl\/sklep\/wp-content\/uploads\/2025\/10\/49bd38735c3bdbba2292c92cfafe59e3-1.jpg","width":604,"height":806,"caption":"3ccaa6f1f1245166050d73b99ca37bee"},{"@type":"BreadcrumbList","@id":"https:\/\/garden-label.pl\/sklep\/produkt\/4x-marker-ogrodniczy-czarny-bialy-srebrny-mazak-pisak-home-garden-odporny\/#breadcrumb","itemListElement":[{"@type":"ListItem","position":1,"name":"Strona g\u0142\u00f3wna","item":"https:\/\/garden-label.pl\/sklep\/"},{"@type":"ListItem","position":2,"name":"Home","item":"https:\/\/garden-label.pl\/sklep\/"},{"@type":"ListItem","position":3,"name":"4x Marker ogrodniczy, CZARNY, BIA\u0141Y, SREBRNY, (mazak, pisak) Home &amp; Garden, odporny,"}]},{"@type":"WebSite","@id":"https:\/\/garden-label.pl\/sklep\/#website","url":"https:\/\/garden-label.pl\/sklep\/","name":"Sklep Garden-Label: etykiety dla ogrodnictwa, drukarki, oprogramowanie","description":"ETYKIETY OGRODNICZE INFORMATYZACJA SZK\u00d3\u0141EK PASZPORTY RO\u015aLIN SKLEPY INTERNETOWE","publisher":{"@id":"https:\/\/garden-label.pl\/sklep\/#organization"},"potentialAction":[{"@type":"SearchAction","target":{"@type":"EntryPoint","urlTemplate":"https:\/\/garden-label.pl\/sklep\/?s={search_term_string}"},"query-input":{"@type":"PropertyValueSpecification","valueRequired":true,"valueName":"search_term_string"}}],"inLanguage":"pl-PL"},{"@type":"Organization","@id":"https:\/\/garden-label.pl\/sklep\/#organization","name":"Sklep Garden-Label: etykiety dla ogrodnictwa, drukarki, oprogramowanie","url":"https:\/\/garden-label.pl\/sklep\/","logo":{"@type":"ImageObject","inLanguage":"pl-PL","@id":"https:\/\/garden-label.pl\/sklep\/#\/schema\/logo\/image\/","url":"https:\/\/garden-label.pl\/sklep\/wp-content\/uploads\/2024\/01\/GardenLabel-pastelowe.png","contentUrl":"https:\/\/garden-label.pl\/sklep\/wp-content\/uploads\/2024\/01\/GardenLabel-pastelowe.png","width":2566,"height":1054,"caption":"Sklep Garden-Label: etykiety dla ogrodnictwa, drukarki, oprogramowanie"},"image":{"@id":"https:\/\/garden-label.pl\/sklep\/#\/schema\/logo\/image\/"},"sameAs":["https:\/\/www.facebook.com\/gardenlabelpl"]}]},"product_brand":"Artline","product_price_amount":"55.95","product_price_currency":"PLN","og_availability":"out of stock","product_availability":"out of stock","product_retailer_item_id":"EKPR-GDM\/C4","product_condition":"new"},"_links":{"self":[{"href":"https:\/\/garden-label.pl\/sklep\/wp-json\/wp\/v2\/product\/5899","targetHints":{"allow":["GET"]}}],"collection":[{"href":"https:\/\/garden-label.pl\/sklep\/wp-json\/wp\/v2\/product"}],"about":[{"href":"https:\/\/garden-label.pl\/sklep\/wp-json\/wp\/v2\/types\/product"}],"replies":[{"embeddable":true,"href":"https:\/\/garden-label.pl\/sklep\/wp-json\/wp\/v2\/comments?post=5899"}],"version-history":[{"count":0,"href":"https:\/\/garden-label.pl\/sklep\/wp-json\/wp\/v2\/product\/5899\/revisions"}],"wp:featuredmedia":[{"embeddable":true,"href":"https:\/\/garden-label.pl\/sklep\/wp-json\/wp\/v2\/media\/86715"}],"wp:attachment":[{"href":"https:\/\/garden-label.pl\/sklep\/wp-json\/wp\/v2\/media?parent=5899"}],"wp:term":[{"taxonomy":"product_brand","embeddable":true,"href":"https:\/\/garden-label.pl\/sklep\/wp-json\/wp\/v2\/product_brand?post=5899"},{"taxonomy":"product_cat","embeddable":true,"href":"https:\/\/garden-label.pl\/sklep\/wp-json\/wp\/v2\/product_cat?post=5899"},{"taxonomy":"product_tag","embeddable":true,"href":"https:\/\/garden-label.pl\/sklep\/wp-json\/wp\/v2\/product_tag?post=5899"}],"curies":[{"name":"wp","href":"https:\/\/api.w.org\/{rel}","templated":true}]}}