{"id":4992,"date":"2024-06-25T14:45:42","date_gmt":"2024-06-25T12:45:42","guid":{"rendered":"https:\/\/garden-label.pl\/sklep\/produkt\/tabliczka-ogrodowa-wtykana-100x80x340-mm-plastikowa-zestaw-10-sztuk\/"},"modified":"2026-03-13T06:43:51","modified_gmt":"2026-03-13T05:43:51","slug":"tabliczka-ogrodowa-wtykana-100x80x340-mm-plastikowa-zestaw-10-sztuk","status":"publish","type":"product","link":"https:\/\/garden-label.pl\/sklep\/produkt\/tabliczka-ogrodowa-wtykana-100x80x340-mm-plastikowa-zestaw-10-sztuk\/","title":{"rendered":"Tabliczka ogrodowa wtykana, 100x80x340 mm, Plastikowa zestaw 10 sztuk"},"content":{"rendered":"<section class=\"section\">\n<div class=\"item item-12\">\n<section class=\"image-item\">\n            <img decoding=\"async\" src=\"https:\/\/upload.cdn.baselinker.com\/products\/6003689\/67cea9ecd4d8c7ac78f943d9a3e26844.jpg\" \/><br \/>\n        <\/section>\n<\/p><\/div>\n<\/section>\n<section class=\"section\">\n<div class=\"item item-12\">\n<section class=\"text-item\">\n<p><b>Tabliczka ogrodowa wtykana, Tabliczka cenowa,\u00a0<\/b><b>plastikowa<\/b><b>, Nowe &#8211; 10 sztuk<\/b><\/p>\n<p>100 mm (szeroko\u015b\u0107) x 80mm (wysoko\u015b\u0107) x 340 mm (n\u00f3\u017cka)<\/p>\n<p><b>Prezentowana tabliczka do oznaczania ro\u015blin, umieszczonych na terenie szk\u00f3\u0142ki wykonana w ca\u0142o\u015bci z plastiku.<\/b><\/p>\n<\/section><\/div>\n<\/section>\n<section class=\"section\">\n<div class=\"item item-12\">\n<section class=\"text-item\">\n<p><b>Jest odporna na dzia\u0142anie czynnik\u00f3w zewn\u0119trznych i fizyczne uszkodzenia.<\/b><\/p>\n<p><b>Prezentowana tabliczka cenowa, okre\u015blana tak\u017ce jako tabliczka znamionowa, tabliczka rabatowa, tabliczka informacyjna lub tabliczka opisowa przeznaczona jest do oznaczania:<\/b><\/p>\n<ul>\n<li><b>rabat<\/b><\/li>\n<li><b>donic<\/b><\/li>\n<li><b>zi\u00f3\u0142<\/b><\/li>\n<li><b>skrzynek rozsadowych.<\/b><\/li>\n<\/ul>\n<p><b>Stanowi widoczne oznaczenie ro\u015bliny lub grupy ro\u015blin w ogrodzie, sklepie ogrodniczym, centrum ogrodowym czy na terenie szk\u00f3\u0142ki.<\/b><\/p>\n<p><b>\u00a0U\u0142atwia oznaczy\u0107 poszczeg\u00f3lne ro\u015bliny w estetyczny i praktyczny spos\u00f3b.<\/b><\/p>\n<p><b>Tabliczk\u0119 \u015bmia\u0142o mo\u017cna zastosowa\u0107 w szklarniach i tunelach.<\/b><\/p>\n<\/section><\/div>\n<\/section>\n<section class=\"section\">\n<div class=\"item item-12\">\n<section class=\"text-item\">\n<p><b>Tabliczka, na kt\u00f3r\u0105 mo\u017cna naklei\u0107 etykiet\u0119 samoprzylepn\u0105, jest nachylona do n\u00f3\u017cki pod k\u0105tem 45%, by swobodnie i bez schylania mo\u017cna by\u0142o przeczyta\u0107 zawarte na niej informacje o ro\u015blinie.<\/b><\/p>\n<\/section><\/div>\n<\/section>\n<section class=\"section\">\n<div class=\"item item-12\">\n<section class=\"text-item\">\n<h1>Zalety produktu:<\/h1>\n<ul>\n<li><b>tabliczka wtykana, jest odporna na warunki atmosferyczne \u2013 idealnie sprawdzi si\u0119 na zewn\u0105trz. Jest odporna zar\u00f3wno na niskie, jak i wysokie temperatury,<\/b><\/li>\n<li><b>tabliczka\u00a0 jest odporna na dzia\u0142anie promieni s\u0142onecznych,<\/b><\/li>\n<li><b>tabliczka do oznaczania rabat i donic,<\/b><\/li>\n<li><b>j<\/b><b>est odporna na uszkodzenia i zarysowania,<\/b><\/li>\n<li><b>mo\u017cna na ni\u0105 nakleja\u0107 zar\u00f3wno ogrodnicze etykiety do zadruku termotransferowego jak i laserowego.<\/b><\/li>\n<\/ul>\n<\/section><\/div>\n<\/section>\n<p>producent\/przedstawiciel\/informacje o bezpiecze\u0144stwie: https:\/\/anetpol.pl\/regulamin-sklepu-internetowego\/<br \/>biuro@anetpol.pl<\/p>\n","protected":false},"excerpt":{"rendered":"<p>Tabliczka ogrodowa wtykana, Tabliczka cenowa,\u00a0plastikowa, Nowe &#8211; 10 sztuk 100 mm (szeroko\u015b\u0107) x 80mm (wysoko\u015b\u0107) x 340 mm (n\u00f3\u017cka) Prezentowana tabliczka do oznaczania ro\u015blin, umieszczonych&#8230; <a href=\"https:\/\/garden-label.pl\/sklep\/produkt\/tabliczka-ogrodowa-wtykana-100x80x340-mm-plastikowa-zestaw-10-sztuk\/\">wi\u0119cej<\/a><\/p>\n","protected":false},"featured_media":86687,"comment_status":"open","ping_status":"closed","template":"","meta":[],"product_brand":[910],"product_cat":[1084,1096,15],"product_tag":[1083,1001],"class_list":{"0":"post-4992","1":"product","2":"type-product","3":"status-publish","4":"has-post-thumbnail","6":"product_brand-garden-label-pl","7":"product_cat-dom-i-ogrod","8":"product_cat-tabliczki-i-znaczniki","9":"product_cat-sklep","10":"product_tag-supermerchant","11":"product_tag-tabliczki-znaczniki","12":"sales-flash-overlay","13":"woocommerce-text-align-left","14":"woocommerce-image-align-center","15":"do-quantity-buttons","16":"wc-has-gallery","18":"first","19":"outofstock","20":"taxable","21":"shipping-taxable","22":"purchasable","23":"product-type-simple"},"yoast_head":"<!-- This site is optimized with the Yoast SEO Premium plugin v26.3 (Yoast SEO v27.3) - https:\/\/yoast.com\/product\/yoast-seo-premium-wordpress\/ -->\n<title>Tabliczka ogrodowa wtykana, 100x80x340 mm, Plastikowa zestaw 10 sztuk - Sklep Garden-Label: etykiety dla ogrodnictwa<\/title>\n<meta name=\"robots\" content=\"index, follow, max-snippet:-1, max-image-preview:large, max-video-preview:-1\" \/>\n<link rel=\"canonical\" href=\"https:\/\/garden-label.pl\/sklep\/produkt\/tabliczka-ogrodowa-wtykana-100x80x340-mm-plastikowa-zestaw-10-sztuk\/\" \/>\n<meta property=\"og:locale\" content=\"pl_PL\" \/>\n<meta property=\"og:type\" content=\"article\" \/>\n<meta property=\"og:title\" content=\"Tabliczka ogrodowa wtykana, 100x80x340 mm, Plastikowa zestaw 10 sztuk\" \/>\n<meta property=\"og:description\" content=\"Tabliczka ogrodowa wtykana, Tabliczka cenowa,\u00a0plastikowa, Nowe &#8211; 10 sztuk 100 mm (szeroko\u015b\u0107) x 80mm (wysoko\u015b\u0107) x 340 mm (n\u00f3\u017cka) Prezentowana tabliczka do oznaczania ro\u015blin, umieszczonych... wi\u0119cej\" \/>\n<meta property=\"og:url\" content=\"https:\/\/garden-label.pl\/sklep\/produkt\/tabliczka-ogrodowa-wtykana-100x80x340-mm-plastikowa-zestaw-10-sztuk\/\" \/>\n<meta property=\"og:site_name\" content=\"Sklep Garden-Label: etykiety dla ogrodnictwa\" \/>\n<meta property=\"article:publisher\" content=\"https:\/\/www.facebook.com\/gardenlabelpl\" \/>\n<meta property=\"article:modified_time\" content=\"2026-03-13T05:43:51+00:00\" \/>\n<meta property=\"og:image\" content=\"https:\/\/garden-label.pl\/sklep\/wp-content\/uploads\/2025\/10\/03089090192ce844eecae2366073694f-1.jpg\" \/>\n\t<meta property=\"og:image:width\" content=\"768\" \/>\n\t<meta property=\"og:image:height\" content=\"1024\" \/>\n\t<meta property=\"og:image:type\" content=\"image\/jpeg\" \/>\n<meta name=\"twitter:card\" content=\"summary_large_image\" \/>\n<meta name=\"twitter:label1\" content=\"Cena\" \/>\n\t<meta name=\"twitter:data1\" content=\"38,99&nbsp;&#122;&#322;\" \/>\n\t<meta name=\"twitter:label2\" content=\"Dost\u0119pno\u015b\u0107\" \/>\n\t<meta name=\"twitter:data2\" content=\"Brak w magazynie\" \/>\n<script type=\"application\/ld+json\" class=\"yoast-schema-graph\">{\"@context\":\"https:\\\/\\\/schema.org\",\"@graph\":[{\"@type\":\"WebPage\",\"@id\":\"https:\\\/\\\/garden-label.pl\\\/sklep\\\/produkt\\\/tabliczka-ogrodowa-wtykana-100x80x340-mm-plastikowa-zestaw-10-sztuk\\\/\",\"url\":\"https:\\\/\\\/garden-label.pl\\\/sklep\\\/produkt\\\/tabliczka-ogrodowa-wtykana-100x80x340-mm-plastikowa-zestaw-10-sztuk\\\/\",\"name\":\"Tabliczka ogrodowa wtykana, 100x80x340 mm, Plastikowa zestaw 10 sztuk - Sklep Garden-Label: etykiety dla ogrodnictwa\",\"isPartOf\":{\"@id\":\"https:\\\/\\\/garden-label.pl\\\/sklep\\\/#website\"},\"primaryImageOfPage\":{\"@id\":\"https:\\\/\\\/garden-label.pl\\\/sklep\\\/produkt\\\/tabliczka-ogrodowa-wtykana-100x80x340-mm-plastikowa-zestaw-10-sztuk\\\/#primaryimage\"},\"image\":{\"@id\":\"https:\\\/\\\/garden-label.pl\\\/sklep\\\/produkt\\\/tabliczka-ogrodowa-wtykana-100x80x340-mm-plastikowa-zestaw-10-sztuk\\\/#primaryimage\"},\"thumbnailUrl\":\"https:\\\/\\\/garden-label.pl\\\/sklep\\\/wp-content\\\/uploads\\\/2025\\\/10\\\/03089090192ce844eecae2366073694f-1.jpg\",\"datePublished\":\"2024-06-25T12:45:42+00:00\",\"dateModified\":\"2026-03-13T05:43:51+00:00\",\"breadcrumb\":{\"@id\":\"https:\\\/\\\/garden-label.pl\\\/sklep\\\/produkt\\\/tabliczka-ogrodowa-wtykana-100x80x340-mm-plastikowa-zestaw-10-sztuk\\\/#breadcrumb\"},\"inLanguage\":\"pl-PL\",\"potentialAction\":[{\"@type\":\"ReadAction\",\"target\":[\"https:\\\/\\\/garden-label.pl\\\/sklep\\\/produkt\\\/tabliczka-ogrodowa-wtykana-100x80x340-mm-plastikowa-zestaw-10-sztuk\\\/\"]}]},{\"@type\":\"ImageObject\",\"inLanguage\":\"pl-PL\",\"@id\":\"https:\\\/\\\/garden-label.pl\\\/sklep\\\/produkt\\\/tabliczka-ogrodowa-wtykana-100x80x340-mm-plastikowa-zestaw-10-sztuk\\\/#primaryimage\",\"url\":\"https:\\\/\\\/garden-label.pl\\\/sklep\\\/wp-content\\\/uploads\\\/2025\\\/10\\\/03089090192ce844eecae2366073694f-1.jpg\",\"contentUrl\":\"https:\\\/\\\/garden-label.pl\\\/sklep\\\/wp-content\\\/uploads\\\/2025\\\/10\\\/03089090192ce844eecae2366073694f-1.jpg\",\"width\":768,\"height\":1024,\"caption\":\"3ae9e8973e565009eaccd15655f8dac1\"},{\"@type\":\"BreadcrumbList\",\"@id\":\"https:\\\/\\\/garden-label.pl\\\/sklep\\\/produkt\\\/tabliczka-ogrodowa-wtykana-100x80x340-mm-plastikowa-zestaw-10-sztuk\\\/#breadcrumb\",\"itemListElement\":[{\"@type\":\"ListItem\",\"position\":1,\"name\":\"Strona g\u0142\u00f3wna\",\"item\":\"https:\\\/\\\/garden-label.pl\\\/sklep\\\/\"},{\"@type\":\"ListItem\",\"position\":2,\"name\":\"Home\",\"item\":\"https:\\\/\\\/garden-label.pl\\\/sklep\\\/\"},{\"@type\":\"ListItem\",\"position\":3,\"name\":\"Tabliczka ogrodowa wtykana, 100x80x340 mm, Plastikowa zestaw 10 sztuk\"}]},{\"@type\":\"WebSite\",\"@id\":\"https:\\\/\\\/garden-label.pl\\\/sklep\\\/#website\",\"url\":\"https:\\\/\\\/garden-label.pl\\\/sklep\\\/\",\"name\":\"Sklep Garden-Label: etykiety dla ogrodnictwa, drukarki, oprogramowanie\",\"description\":\"ETYKIETY OGRODNICZE INFORMATYZACJA SZK\u00d3\u0141EK PASZPORTY RO\u015aLIN SKLEPY INTERNETOWE\",\"publisher\":{\"@id\":\"https:\\\/\\\/garden-label.pl\\\/sklep\\\/#organization\"},\"potentialAction\":[{\"@type\":\"SearchAction\",\"target\":{\"@type\":\"EntryPoint\",\"urlTemplate\":\"https:\\\/\\\/garden-label.pl\\\/sklep\\\/?s={search_term_string}\"},\"query-input\":{\"@type\":\"PropertyValueSpecification\",\"valueRequired\":true,\"valueName\":\"search_term_string\"}}],\"inLanguage\":\"pl-PL\"},{\"@type\":\"Organization\",\"@id\":\"https:\\\/\\\/garden-label.pl\\\/sklep\\\/#organization\",\"name\":\"Sklep Garden-Label: etykiety dla ogrodnictwa, drukarki, oprogramowanie\",\"url\":\"https:\\\/\\\/garden-label.pl\\\/sklep\\\/\",\"logo\":{\"@type\":\"ImageObject\",\"inLanguage\":\"pl-PL\",\"@id\":\"https:\\\/\\\/garden-label.pl\\\/sklep\\\/#\\\/schema\\\/logo\\\/image\\\/\",\"url\":\"https:\\\/\\\/garden-label.pl\\\/sklep\\\/wp-content\\\/uploads\\\/2024\\\/01\\\/GardenLabel-pastelowe.png\",\"contentUrl\":\"https:\\\/\\\/garden-label.pl\\\/sklep\\\/wp-content\\\/uploads\\\/2024\\\/01\\\/GardenLabel-pastelowe.png\",\"width\":2566,\"height\":1054,\"caption\":\"Sklep Garden-Label: etykiety dla ogrodnictwa, drukarki, oprogramowanie\"},\"image\":{\"@id\":\"https:\\\/\\\/garden-label.pl\\\/sklep\\\/#\\\/schema\\\/logo\\\/image\\\/\"},\"sameAs\":[\"https:\\\/\\\/www.facebook.com\\\/gardenlabelpl\"]}]}<\/script>\n<meta property=\"product:brand\" content=\"Garden-Label.pl\" \/>\n<meta property=\"product:price:amount\" content=\"38.99\" \/>\n<meta property=\"product:price:currency\" content=\"PLN\" \/>\n<meta property=\"og:availability\" content=\"out of stock\" \/>\n<meta property=\"product:availability\" content=\"out of stock\" \/>\n<meta property=\"product:retailer_item_id\" content=\"5906792140144\" \/>\n<meta property=\"product:condition\" content=\"new\" \/>\n<!-- \/ Yoast SEO Premium plugin. -->","yoast_head_json":{"title":"Tabliczka ogrodowa wtykana, 100x80x340 mm, Plastikowa zestaw 10 sztuk - Sklep Garden-Label: etykiety dla ogrodnictwa","robots":{"index":"index","follow":"follow","max-snippet":"max-snippet:-1","max-image-preview":"max-image-preview:large","max-video-preview":"max-video-preview:-1"},"canonical":"https:\/\/garden-label.pl\/sklep\/produkt\/tabliczka-ogrodowa-wtykana-100x80x340-mm-plastikowa-zestaw-10-sztuk\/","og_locale":"pl_PL","og_type":"article","og_title":"Tabliczka ogrodowa wtykana, 100x80x340 mm, Plastikowa zestaw 10 sztuk","og_description":"Tabliczka ogrodowa wtykana, Tabliczka cenowa,\u00a0plastikowa, Nowe &#8211; 10 sztuk 100 mm (szeroko\u015b\u0107) x 80mm (wysoko\u015b\u0107) x 340 mm (n\u00f3\u017cka) Prezentowana tabliczka do oznaczania ro\u015blin, umieszczonych... wi\u0119cej","og_url":"https:\/\/garden-label.pl\/sklep\/produkt\/tabliczka-ogrodowa-wtykana-100x80x340-mm-plastikowa-zestaw-10-sztuk\/","og_site_name":"Sklep Garden-Label: etykiety dla ogrodnictwa","article_publisher":"https:\/\/www.facebook.com\/gardenlabelpl","article_modified_time":"2026-03-13T05:43:51+00:00","og_image":[{"width":768,"height":1024,"url":"https:\/\/garden-label.pl\/sklep\/wp-content\/uploads\/2025\/10\/03089090192ce844eecae2366073694f-1.jpg","type":"image\/jpeg"}],"twitter_card":"summary_large_image","twitter_misc":{"Cena":"38,99&nbsp;&#122;&#322;","Dost\u0119pno\u015b\u0107":"Brak w magazynie"},"schema":{"@context":"https:\/\/schema.org","@graph":[{"@type":"WebPage","@id":"https:\/\/garden-label.pl\/sklep\/produkt\/tabliczka-ogrodowa-wtykana-100x80x340-mm-plastikowa-zestaw-10-sztuk\/","url":"https:\/\/garden-label.pl\/sklep\/produkt\/tabliczka-ogrodowa-wtykana-100x80x340-mm-plastikowa-zestaw-10-sztuk\/","name":"Tabliczka ogrodowa wtykana, 100x80x340 mm, Plastikowa zestaw 10 sztuk - Sklep Garden-Label: etykiety dla ogrodnictwa","isPartOf":{"@id":"https:\/\/garden-label.pl\/sklep\/#website"},"primaryImageOfPage":{"@id":"https:\/\/garden-label.pl\/sklep\/produkt\/tabliczka-ogrodowa-wtykana-100x80x340-mm-plastikowa-zestaw-10-sztuk\/#primaryimage"},"image":{"@id":"https:\/\/garden-label.pl\/sklep\/produkt\/tabliczka-ogrodowa-wtykana-100x80x340-mm-plastikowa-zestaw-10-sztuk\/#primaryimage"},"thumbnailUrl":"https:\/\/garden-label.pl\/sklep\/wp-content\/uploads\/2025\/10\/03089090192ce844eecae2366073694f-1.jpg","datePublished":"2024-06-25T12:45:42+00:00","dateModified":"2026-03-13T05:43:51+00:00","breadcrumb":{"@id":"https:\/\/garden-label.pl\/sklep\/produkt\/tabliczka-ogrodowa-wtykana-100x80x340-mm-plastikowa-zestaw-10-sztuk\/#breadcrumb"},"inLanguage":"pl-PL","potentialAction":[{"@type":"ReadAction","target":["https:\/\/garden-label.pl\/sklep\/produkt\/tabliczka-ogrodowa-wtykana-100x80x340-mm-plastikowa-zestaw-10-sztuk\/"]}]},{"@type":"ImageObject","inLanguage":"pl-PL","@id":"https:\/\/garden-label.pl\/sklep\/produkt\/tabliczka-ogrodowa-wtykana-100x80x340-mm-plastikowa-zestaw-10-sztuk\/#primaryimage","url":"https:\/\/garden-label.pl\/sklep\/wp-content\/uploads\/2025\/10\/03089090192ce844eecae2366073694f-1.jpg","contentUrl":"https:\/\/garden-label.pl\/sklep\/wp-content\/uploads\/2025\/10\/03089090192ce844eecae2366073694f-1.jpg","width":768,"height":1024,"caption":"3ae9e8973e565009eaccd15655f8dac1"},{"@type":"BreadcrumbList","@id":"https:\/\/garden-label.pl\/sklep\/produkt\/tabliczka-ogrodowa-wtykana-100x80x340-mm-plastikowa-zestaw-10-sztuk\/#breadcrumb","itemListElement":[{"@type":"ListItem","position":1,"name":"Strona g\u0142\u00f3wna","item":"https:\/\/garden-label.pl\/sklep\/"},{"@type":"ListItem","position":2,"name":"Home","item":"https:\/\/garden-label.pl\/sklep\/"},{"@type":"ListItem","position":3,"name":"Tabliczka ogrodowa wtykana, 100x80x340 mm, Plastikowa zestaw 10 sztuk"}]},{"@type":"WebSite","@id":"https:\/\/garden-label.pl\/sklep\/#website","url":"https:\/\/garden-label.pl\/sklep\/","name":"Sklep Garden-Label: etykiety dla ogrodnictwa, drukarki, oprogramowanie","description":"ETYKIETY OGRODNICZE INFORMATYZACJA SZK\u00d3\u0141EK PASZPORTY RO\u015aLIN SKLEPY INTERNETOWE","publisher":{"@id":"https:\/\/garden-label.pl\/sklep\/#organization"},"potentialAction":[{"@type":"SearchAction","target":{"@type":"EntryPoint","urlTemplate":"https:\/\/garden-label.pl\/sklep\/?s={search_term_string}"},"query-input":{"@type":"PropertyValueSpecification","valueRequired":true,"valueName":"search_term_string"}}],"inLanguage":"pl-PL"},{"@type":"Organization","@id":"https:\/\/garden-label.pl\/sklep\/#organization","name":"Sklep Garden-Label: etykiety dla ogrodnictwa, drukarki, oprogramowanie","url":"https:\/\/garden-label.pl\/sklep\/","logo":{"@type":"ImageObject","inLanguage":"pl-PL","@id":"https:\/\/garden-label.pl\/sklep\/#\/schema\/logo\/image\/","url":"https:\/\/garden-label.pl\/sklep\/wp-content\/uploads\/2024\/01\/GardenLabel-pastelowe.png","contentUrl":"https:\/\/garden-label.pl\/sklep\/wp-content\/uploads\/2024\/01\/GardenLabel-pastelowe.png","width":2566,"height":1054,"caption":"Sklep Garden-Label: etykiety dla ogrodnictwa, drukarki, oprogramowanie"},"image":{"@id":"https:\/\/garden-label.pl\/sklep\/#\/schema\/logo\/image\/"},"sameAs":["https:\/\/www.facebook.com\/gardenlabelpl"]}]},"product_brand":"Garden-Label.pl","product_price_amount":"38.99","product_price_currency":"PLN","og_availability":"out of stock","product_availability":"out of stock","product_retailer_item_id":"5906792140144","product_condition":"new"},"_links":{"self":[{"href":"https:\/\/garden-label.pl\/sklep\/wp-json\/wp\/v2\/product\/4992","targetHints":{"allow":["GET"]}}],"collection":[{"href":"https:\/\/garden-label.pl\/sklep\/wp-json\/wp\/v2\/product"}],"about":[{"href":"https:\/\/garden-label.pl\/sklep\/wp-json\/wp\/v2\/types\/product"}],"replies":[{"embeddable":true,"href":"https:\/\/garden-label.pl\/sklep\/wp-json\/wp\/v2\/comments?post=4992"}],"version-history":[{"count":0,"href":"https:\/\/garden-label.pl\/sklep\/wp-json\/wp\/v2\/product\/4992\/revisions"}],"wp:featuredmedia":[{"embeddable":true,"href":"https:\/\/garden-label.pl\/sklep\/wp-json\/wp\/v2\/media\/86687"}],"wp:attachment":[{"href":"https:\/\/garden-label.pl\/sklep\/wp-json\/wp\/v2\/media?parent=4992"}],"wp:term":[{"taxonomy":"product_brand","embeddable":true,"href":"https:\/\/garden-label.pl\/sklep\/wp-json\/wp\/v2\/product_brand?post=4992"},{"taxonomy":"product_cat","embeddable":true,"href":"https:\/\/garden-label.pl\/sklep\/wp-json\/wp\/v2\/product_cat?post=4992"},{"taxonomy":"product_tag","embeddable":true,"href":"https:\/\/garden-label.pl\/sklep\/wp-json\/wp\/v2\/product_tag?post=4992"}],"curies":[{"name":"wp","href":"https:\/\/api.w.org\/{rel}","templated":true}]}}