{"id":4887,"date":"2024-06-22T11:07:05","date_gmt":"2024-06-22T09:07:05","guid":{"rendered":"https:\/\/garden-label.pl\/sklep\/produkt\/etykiety-ogrodnicze-wiazane-duze-250x25mm-100szt\/"},"modified":"2026-03-13T07:34:04","modified_gmt":"2026-03-13T06:34:04","slug":"etykiety-ogrodnicze-wiazane-duze-250x25mm-100szt","status":"publish","type":"product","link":"https:\/\/garden-label.pl\/sklep\/produkt\/etykiety-ogrodnicze-wiazane-duze-250x25mm-100szt\/","title":{"rendered":"Etykiety ogrodnicze\/sadownicze p\u0119tlowe \u017b\u00d3\u0141TE 250x25mm(25&#215;250) 100szt"},"content":{"rendered":"<p>Etykiety Ogrodnicze P\u0119telkowe \u017b\u00f3\u0142te 250x25mm &#8211; Zestaw 100 Sztuk<\/p>\n<p>Oferujemy wysokiej jako\u015bci etykiety p\u0119telkowe ogrodnicze, idealne dla profesjonalist\u00f3w oraz pasjonat\u00f3w ogrodnictwa. Ka\u017cda etykieta ma wymiary 250 mm x 25 mm, co sprawia, \u017ce jest wystarczaj\u0105co przestronna, aby pomie\u015bci\u0107 niezb\u0119dne informacje. Zestaw sk\u0142ada si\u0119 z 100 sztuk trwa\u0142ych, \u017c\u00f3\u0142tych etykiet, kt\u00f3re charakteryzuj\u0105 si\u0119 odporno\u015bci\u0105 na wod\u0119 oraz dzia\u0142anie promieni s\u0142onecznych. <\/p>\n<p>Nasze etykiety wykonane s\u0105 z tworzywa sztucznego, co zapewnia ich d\u0142ugowieczno\u015b\u0107. Etykiety mo\u017cna opisa\u0107 dowolnym markerem permanentnym lub wydrukowa\u0107 na nich informacje przy u\u017cyciu technologii druku termotransferowego. Dzi\u0119ki temu \u0142atwo oznaczysz ro\u015bliny nazewnictwem polskim i \u0142aci\u0144skim, kodami kreskowymi czy cen\u0105.<\/p>\n<p>Etykiety s\u0105 przeznaczone do wi\u0105zania na \u0142odygach sadzonek, ga\u0142\u0119ziach lub pniach, co czyni je doskona\u0142ym narz\u0119dziem dla ka\u017cdego ogrodnika. Produkt jest nowy, dostarczany w oryginalnym opakowaniu i obj\u0119ty 24-miesi\u0119czn\u0105 gwarancj\u0105. Realizacja zam\u00f3wienia zajmuje zaledwie jeden dzie\u0144 roboczy, a czas wysy\u0142ki wynosi r\u00f3wnie\u017c jeden dzie\u0144.<\/p>\n<p>Wybierz nasze etykiety ogrodnicze, aby skutecznie i estetycznie oznacza\u0107 swoje ro\u015bliny. <\/p>\n<p>Instrukcja obs\u0142ugi: https:\/\/garden-label.pl\/instrukcje\/<\/p>\n<p>producent\/przedstawiciel\/informacje o bezpiecze\u0144stwie: https:\/\/anetpol.pl\/regulamin-sklepu-internetowego\/<br \/>biuro@anetpol.pl<\/p>\n","protected":false},"excerpt":{"rendered":"<p>Etykiety Ogrodnicze P\u0119telkowe \u017b\u00f3\u0142te 250x25mm to niezb\u0119dny element wyposa\u017cenia ka\u017cdego profesjonalnego ogrodnika oraz pasjonata ro\u015blin. Dzi\u0119ki swoim wymiarom 250 mm x 25 mm, te wytrzyma\u0142e&#8230; <a href=\"https:\/\/garden-label.pl\/sklep\/produkt\/etykiety-ogrodnicze-wiazane-duze-250x25mm-100szt\/\">wi\u0119cej<\/a><\/p>\n","protected":false},"featured_media":103347,"comment_status":"open","ping_status":"closed","template":"","meta":[],"product_brand":[910],"product_cat":[1087,1084,1116,1128,1085,1124,1086,15],"product_tag":[1082,896,897,898,899,900,902,1083,921,923],"class_list":{"0":"post-4887","1":"product","2":"type-product","3":"status-publish","4":"has-post-thumbnail","6":"product_brand-garden-label-pl","7":"product_cat-akcesoria","8":"product_cat-dom-i-ogrod","9":"product_cat-etykiety","10":"product_cat-kolorowe-petlowe-wiazane-termotransferowe","11":"product_cat-ogrod","12":"product_cat-petlowe-wiazane-termotransferowe","13":"product_cat-rosliny","14":"product_cat-sklep","15":"product_tag-anetpol","16":"product_tag-etykiety-do-opisu-roslin","17":"product_tag-etykiety-do-pisania","18":"product_tag-etykiety-kolorowe","19":"product_tag-etykiety-ogrodnicze","20":"product_tag-etykiety-petlowe","21":"product_tag-garden-label","22":"product_tag-supermerchant","23":"product_tag-wymiar-250x25mm-25x250","24":"product_tag-zolte","25":"sales-flash-overlay","26":"woocommerce-text-align-left","27":"woocommerce-image-align-center","28":"do-quantity-buttons","29":"wc-has-gallery","31":"first","32":"instock","33":"taxable","34":"shipping-taxable","35":"purchasable","36":"product-type-simple"},"yoast_head":"<!-- This site is optimized with the Yoast SEO Premium plugin v26.3 (Yoast SEO v27.3) - https:\/\/yoast.com\/product\/yoast-seo-premium-wordpress\/ -->\n<title>Etykiety ogrodnicze\/sadownicze p\u0119tlowe \u017b\u00d3\u0141TE 250x25mm(25x250) 100szt - Sklep Garden-Label: etykiety dla ogrodnictwa<\/title>\n<meta name=\"robots\" content=\"index, follow, max-snippet:-1, max-image-preview:large, max-video-preview:-1\" \/>\n<link rel=\"canonical\" href=\"https:\/\/garden-label.pl\/sklep\/produkt\/etykiety-ogrodnicze-wiazane-duze-250x25mm-100szt\/\" \/>\n<meta property=\"og:locale\" content=\"pl_PL\" \/>\n<meta property=\"og:type\" content=\"article\" \/>\n<meta property=\"og:title\" content=\"Etykiety ogrodnicze\/sadownicze p\u0119tlowe \u017b\u00d3\u0141TE 250x25mm(25x250) 100szt\" \/>\n<meta property=\"og:description\" content=\"Etykiety Ogrodnicze P\u0119telkowe \u017b\u00f3\u0142te 250x25mm to niezb\u0119dny element wyposa\u017cenia ka\u017cdego profesjonalnego ogrodnika oraz pasjonata ro\u015blin. Dzi\u0119ki swoim wymiarom 250 mm x 25 mm, te wytrzyma\u0142e... wi\u0119cej\" \/>\n<meta property=\"og:url\" content=\"https:\/\/garden-label.pl\/sklep\/produkt\/etykiety-ogrodnicze-wiazane-duze-250x25mm-100szt\/\" \/>\n<meta property=\"og:site_name\" content=\"Sklep Garden-Label: etykiety dla ogrodnictwa\" \/>\n<meta property=\"article:publisher\" content=\"https:\/\/www.facebook.com\/gardenlabelpl\" \/>\n<meta property=\"article:modified_time\" content=\"2026-03-13T06:34:04+00:00\" \/>\n<meta property=\"og:image\" content=\"https:\/\/garden-label.pl\/sklep\/wp-content\/uploads\/2026\/01\/759e25f2c0db62c144422c64e311f816.jpg\" \/>\n\t<meta property=\"og:image:width\" content=\"2259\" \/>\n\t<meta property=\"og:image:height\" content=\"2400\" \/>\n\t<meta property=\"og:image:type\" content=\"image\/jpeg\" \/>\n<meta name=\"twitter:card\" content=\"summary_large_image\" \/>\n<meta name=\"twitter:label1\" content=\"Cena\" \/>\n\t<meta name=\"twitter:data1\" content=\"33,00&nbsp;&#122;&#322;\" \/>\n\t<meta name=\"twitter:label2\" content=\"Dost\u0119pno\u015b\u0107\" \/>\n\t<meta name=\"twitter:data2\" content=\"Dost\u0119pny\" \/>\n<script type=\"application\/ld+json\" class=\"yoast-schema-graph\">{\"@context\":\"https:\\\/\\\/schema.org\",\"@graph\":[{\"@type\":\"WebPage\",\"@id\":\"https:\\\/\\\/garden-label.pl\\\/sklep\\\/produkt\\\/etykiety-ogrodnicze-wiazane-duze-250x25mm-100szt\\\/\",\"url\":\"https:\\\/\\\/garden-label.pl\\\/sklep\\\/produkt\\\/etykiety-ogrodnicze-wiazane-duze-250x25mm-100szt\\\/\",\"name\":\"Etykiety ogrodnicze\\\/sadownicze p\u0119tlowe \u017b\u00d3\u0141TE 250x25mm(25x250) 100szt - Sklep Garden-Label: etykiety dla ogrodnictwa\",\"isPartOf\":{\"@id\":\"https:\\\/\\\/garden-label.pl\\\/sklep\\\/#website\"},\"primaryImageOfPage\":{\"@id\":\"https:\\\/\\\/garden-label.pl\\\/sklep\\\/produkt\\\/etykiety-ogrodnicze-wiazane-duze-250x25mm-100szt\\\/#primaryimage\"},\"image\":{\"@id\":\"https:\\\/\\\/garden-label.pl\\\/sklep\\\/produkt\\\/etykiety-ogrodnicze-wiazane-duze-250x25mm-100szt\\\/#primaryimage\"},\"thumbnailUrl\":\"https:\\\/\\\/garden-label.pl\\\/sklep\\\/wp-content\\\/uploads\\\/2026\\\/01\\\/759e25f2c0db62c144422c64e311f816.jpg\",\"datePublished\":\"2024-06-22T09:07:05+00:00\",\"dateModified\":\"2026-03-13T06:34:04+00:00\",\"breadcrumb\":{\"@id\":\"https:\\\/\\\/garden-label.pl\\\/sklep\\\/produkt\\\/etykiety-ogrodnicze-wiazane-duze-250x25mm-100szt\\\/#breadcrumb\"},\"inLanguage\":\"pl-PL\",\"potentialAction\":[{\"@type\":\"ReadAction\",\"target\":[\"https:\\\/\\\/garden-label.pl\\\/sklep\\\/produkt\\\/etykiety-ogrodnicze-wiazane-duze-250x25mm-100szt\\\/\"]}]},{\"@type\":\"ImageObject\",\"inLanguage\":\"pl-PL\",\"@id\":\"https:\\\/\\\/garden-label.pl\\\/sklep\\\/produkt\\\/etykiety-ogrodnicze-wiazane-duze-250x25mm-100szt\\\/#primaryimage\",\"url\":\"https:\\\/\\\/garden-label.pl\\\/sklep\\\/wp-content\\\/uploads\\\/2026\\\/01\\\/759e25f2c0db62c144422c64e311f816.jpg\",\"contentUrl\":\"https:\\\/\\\/garden-label.pl\\\/sklep\\\/wp-content\\\/uploads\\\/2026\\\/01\\\/759e25f2c0db62c144422c64e311f816.jpg\",\"width\":2259,\"height\":2400,\"caption\":\"5e6c9ad967076b5d155918c85b65922d\"},{\"@type\":\"BreadcrumbList\",\"@id\":\"https:\\\/\\\/garden-label.pl\\\/sklep\\\/produkt\\\/etykiety-ogrodnicze-wiazane-duze-250x25mm-100szt\\\/#breadcrumb\",\"itemListElement\":[{\"@type\":\"ListItem\",\"position\":1,\"name\":\"Strona g\u0142\u00f3wna\",\"item\":\"https:\\\/\\\/garden-label.pl\\\/sklep\\\/\"},{\"@type\":\"ListItem\",\"position\":2,\"name\":\"Home\",\"item\":\"https:\\\/\\\/garden-label.pl\\\/sklep\\\/\"},{\"@type\":\"ListItem\",\"position\":3,\"name\":\"Etykiety ogrodnicze\\\/sadownicze p\u0119tlowe \u017b\u00d3\u0141TE 250x25mm(25&#215;250) 100szt\"}]},{\"@type\":\"WebSite\",\"@id\":\"https:\\\/\\\/garden-label.pl\\\/sklep\\\/#website\",\"url\":\"https:\\\/\\\/garden-label.pl\\\/sklep\\\/\",\"name\":\"Sklep Garden-Label: etykiety dla ogrodnictwa, drukarki, oprogramowanie\",\"description\":\"ETYKIETY OGRODNICZE INFORMATYZACJA SZK\u00d3\u0141EK PASZPORTY RO\u015aLIN SKLEPY INTERNETOWE\",\"publisher\":{\"@id\":\"https:\\\/\\\/garden-label.pl\\\/sklep\\\/#organization\"},\"potentialAction\":[{\"@type\":\"SearchAction\",\"target\":{\"@type\":\"EntryPoint\",\"urlTemplate\":\"https:\\\/\\\/garden-label.pl\\\/sklep\\\/?s={search_term_string}\"},\"query-input\":{\"@type\":\"PropertyValueSpecification\",\"valueRequired\":true,\"valueName\":\"search_term_string\"}}],\"inLanguage\":\"pl-PL\"},{\"@type\":\"Organization\",\"@id\":\"https:\\\/\\\/garden-label.pl\\\/sklep\\\/#organization\",\"name\":\"Sklep Garden-Label: etykiety dla ogrodnictwa, drukarki, oprogramowanie\",\"url\":\"https:\\\/\\\/garden-label.pl\\\/sklep\\\/\",\"logo\":{\"@type\":\"ImageObject\",\"inLanguage\":\"pl-PL\",\"@id\":\"https:\\\/\\\/garden-label.pl\\\/sklep\\\/#\\\/schema\\\/logo\\\/image\\\/\",\"url\":\"https:\\\/\\\/garden-label.pl\\\/sklep\\\/wp-content\\\/uploads\\\/2024\\\/01\\\/GardenLabel-pastelowe.png\",\"contentUrl\":\"https:\\\/\\\/garden-label.pl\\\/sklep\\\/wp-content\\\/uploads\\\/2024\\\/01\\\/GardenLabel-pastelowe.png\",\"width\":2566,\"height\":1054,\"caption\":\"Sklep Garden-Label: etykiety dla ogrodnictwa, drukarki, oprogramowanie\"},\"image\":{\"@id\":\"https:\\\/\\\/garden-label.pl\\\/sklep\\\/#\\\/schema\\\/logo\\\/image\\\/\"},\"sameAs\":[\"https:\\\/\\\/www.facebook.com\\\/gardenlabelpl\"]}]}<\/script>\n<meta property=\"product:brand\" content=\"Garden Label\" \/>\n<meta property=\"product:price:amount\" content=\"33.00\" \/>\n<meta property=\"product:price:currency\" content=\"PLN\" \/>\n<meta property=\"og:availability\" content=\"instock\" \/>\n<meta property=\"product:availability\" content=\"instock\" \/>\n<meta property=\"product:retailer_item_id\" content=\"5906792140458\" \/>\n<meta property=\"product:condition\" content=\"new\" \/>\n<!-- \/ Yoast SEO Premium plugin. -->","yoast_head_json":{"title":"Etykiety ogrodnicze\/sadownicze p\u0119tlowe \u017b\u00d3\u0141TE 250x25mm(25x250) 100szt - Sklep Garden-Label: etykiety dla ogrodnictwa","robots":{"index":"index","follow":"follow","max-snippet":"max-snippet:-1","max-image-preview":"max-image-preview:large","max-video-preview":"max-video-preview:-1"},"canonical":"https:\/\/garden-label.pl\/sklep\/produkt\/etykiety-ogrodnicze-wiazane-duze-250x25mm-100szt\/","og_locale":"pl_PL","og_type":"article","og_title":"Etykiety ogrodnicze\/sadownicze p\u0119tlowe \u017b\u00d3\u0141TE 250x25mm(25x250) 100szt","og_description":"Etykiety Ogrodnicze P\u0119telkowe \u017b\u00f3\u0142te 250x25mm to niezb\u0119dny element wyposa\u017cenia ka\u017cdego profesjonalnego ogrodnika oraz pasjonata ro\u015blin. Dzi\u0119ki swoim wymiarom 250 mm x 25 mm, te wytrzyma\u0142e... wi\u0119cej","og_url":"https:\/\/garden-label.pl\/sklep\/produkt\/etykiety-ogrodnicze-wiazane-duze-250x25mm-100szt\/","og_site_name":"Sklep Garden-Label: etykiety dla ogrodnictwa","article_publisher":"https:\/\/www.facebook.com\/gardenlabelpl","article_modified_time":"2026-03-13T06:34:04+00:00","og_image":[{"width":2259,"height":2400,"url":"https:\/\/garden-label.pl\/sklep\/wp-content\/uploads\/2026\/01\/759e25f2c0db62c144422c64e311f816.jpg","type":"image\/jpeg"}],"twitter_card":"summary_large_image","twitter_misc":{"Cena":"33,00&nbsp;&#122;&#322;","Dost\u0119pno\u015b\u0107":"Dost\u0119pny"},"schema":{"@context":"https:\/\/schema.org","@graph":[{"@type":"WebPage","@id":"https:\/\/garden-label.pl\/sklep\/produkt\/etykiety-ogrodnicze-wiazane-duze-250x25mm-100szt\/","url":"https:\/\/garden-label.pl\/sklep\/produkt\/etykiety-ogrodnicze-wiazane-duze-250x25mm-100szt\/","name":"Etykiety ogrodnicze\/sadownicze p\u0119tlowe \u017b\u00d3\u0141TE 250x25mm(25x250) 100szt - Sklep Garden-Label: etykiety dla ogrodnictwa","isPartOf":{"@id":"https:\/\/garden-label.pl\/sklep\/#website"},"primaryImageOfPage":{"@id":"https:\/\/garden-label.pl\/sklep\/produkt\/etykiety-ogrodnicze-wiazane-duze-250x25mm-100szt\/#primaryimage"},"image":{"@id":"https:\/\/garden-label.pl\/sklep\/produkt\/etykiety-ogrodnicze-wiazane-duze-250x25mm-100szt\/#primaryimage"},"thumbnailUrl":"https:\/\/garden-label.pl\/sklep\/wp-content\/uploads\/2026\/01\/759e25f2c0db62c144422c64e311f816.jpg","datePublished":"2024-06-22T09:07:05+00:00","dateModified":"2026-03-13T06:34:04+00:00","breadcrumb":{"@id":"https:\/\/garden-label.pl\/sklep\/produkt\/etykiety-ogrodnicze-wiazane-duze-250x25mm-100szt\/#breadcrumb"},"inLanguage":"pl-PL","potentialAction":[{"@type":"ReadAction","target":["https:\/\/garden-label.pl\/sklep\/produkt\/etykiety-ogrodnicze-wiazane-duze-250x25mm-100szt\/"]}]},{"@type":"ImageObject","inLanguage":"pl-PL","@id":"https:\/\/garden-label.pl\/sklep\/produkt\/etykiety-ogrodnicze-wiazane-duze-250x25mm-100szt\/#primaryimage","url":"https:\/\/garden-label.pl\/sklep\/wp-content\/uploads\/2026\/01\/759e25f2c0db62c144422c64e311f816.jpg","contentUrl":"https:\/\/garden-label.pl\/sklep\/wp-content\/uploads\/2026\/01\/759e25f2c0db62c144422c64e311f816.jpg","width":2259,"height":2400,"caption":"5e6c9ad967076b5d155918c85b65922d"},{"@type":"BreadcrumbList","@id":"https:\/\/garden-label.pl\/sklep\/produkt\/etykiety-ogrodnicze-wiazane-duze-250x25mm-100szt\/#breadcrumb","itemListElement":[{"@type":"ListItem","position":1,"name":"Strona g\u0142\u00f3wna","item":"https:\/\/garden-label.pl\/sklep\/"},{"@type":"ListItem","position":2,"name":"Home","item":"https:\/\/garden-label.pl\/sklep\/"},{"@type":"ListItem","position":3,"name":"Etykiety ogrodnicze\/sadownicze p\u0119tlowe \u017b\u00d3\u0141TE 250x25mm(25&#215;250) 100szt"}]},{"@type":"WebSite","@id":"https:\/\/garden-label.pl\/sklep\/#website","url":"https:\/\/garden-label.pl\/sklep\/","name":"Sklep Garden-Label: etykiety dla ogrodnictwa, drukarki, oprogramowanie","description":"ETYKIETY OGRODNICZE INFORMATYZACJA SZK\u00d3\u0141EK PASZPORTY RO\u015aLIN SKLEPY INTERNETOWE","publisher":{"@id":"https:\/\/garden-label.pl\/sklep\/#organization"},"potentialAction":[{"@type":"SearchAction","target":{"@type":"EntryPoint","urlTemplate":"https:\/\/garden-label.pl\/sklep\/?s={search_term_string}"},"query-input":{"@type":"PropertyValueSpecification","valueRequired":true,"valueName":"search_term_string"}}],"inLanguage":"pl-PL"},{"@type":"Organization","@id":"https:\/\/garden-label.pl\/sklep\/#organization","name":"Sklep Garden-Label: etykiety dla ogrodnictwa, drukarki, oprogramowanie","url":"https:\/\/garden-label.pl\/sklep\/","logo":{"@type":"ImageObject","inLanguage":"pl-PL","@id":"https:\/\/garden-label.pl\/sklep\/#\/schema\/logo\/image\/","url":"https:\/\/garden-label.pl\/sklep\/wp-content\/uploads\/2024\/01\/GardenLabel-pastelowe.png","contentUrl":"https:\/\/garden-label.pl\/sklep\/wp-content\/uploads\/2024\/01\/GardenLabel-pastelowe.png","width":2566,"height":1054,"caption":"Sklep Garden-Label: etykiety dla ogrodnictwa, drukarki, oprogramowanie"},"image":{"@id":"https:\/\/garden-label.pl\/sklep\/#\/schema\/logo\/image\/"},"sameAs":["https:\/\/www.facebook.com\/gardenlabelpl"]}]},"product_brand":"Garden Label","product_price_amount":"33.00","product_price_currency":"PLN","og_availability":"instock","product_availability":"instock","product_retailer_item_id":"5906792140458","product_condition":"new"},"_links":{"self":[{"href":"https:\/\/garden-label.pl\/sklep\/wp-json\/wp\/v2\/product\/4887","targetHints":{"allow":["GET"]}}],"collection":[{"href":"https:\/\/garden-label.pl\/sklep\/wp-json\/wp\/v2\/product"}],"about":[{"href":"https:\/\/garden-label.pl\/sklep\/wp-json\/wp\/v2\/types\/product"}],"replies":[{"embeddable":true,"href":"https:\/\/garden-label.pl\/sklep\/wp-json\/wp\/v2\/comments?post=4887"}],"version-history":[{"count":1,"href":"https:\/\/garden-label.pl\/sklep\/wp-json\/wp\/v2\/product\/4887\/revisions"}],"predecessor-version":[{"id":104819,"href":"https:\/\/garden-label.pl\/sklep\/wp-json\/wp\/v2\/product\/4887\/revisions\/104819"}],"wp:featuredmedia":[{"embeddable":true,"href":"https:\/\/garden-label.pl\/sklep\/wp-json\/wp\/v2\/media\/103347"}],"wp:attachment":[{"href":"https:\/\/garden-label.pl\/sklep\/wp-json\/wp\/v2\/media?parent=4887"}],"wp:term":[{"taxonomy":"product_brand","embeddable":true,"href":"https:\/\/garden-label.pl\/sklep\/wp-json\/wp\/v2\/product_brand?post=4887"},{"taxonomy":"product_cat","embeddable":true,"href":"https:\/\/garden-label.pl\/sklep\/wp-json\/wp\/v2\/product_cat?post=4887"},{"taxonomy":"product_tag","embeddable":true,"href":"https:\/\/garden-label.pl\/sklep\/wp-json\/wp\/v2\/product_tag?post=4887"}],"curies":[{"name":"wp","href":"https:\/\/api.w.org\/{rel}","templated":true}]}}