{"id":4490,"date":"2024-06-19T15:23:25","date_gmt":"2024-06-19T13:23:25","guid":{"rendered":"https:\/\/garden-label.pl\/sklep\/produkt\/etykieta-ogrodnicza-samoprzylepna-975-x-57-do-drukarek-laserowych-100-szt\/"},"modified":"2026-03-13T07:43:42","modified_gmt":"2026-03-13T06:43:42","slug":"etykieta-ogrodnicza-samoprzylepna-975-x-57-do-drukarek-laserowych-100-szt","status":"publish","type":"product","link":"https:\/\/garden-label.pl\/sklep\/produkt\/etykieta-ogrodnicza-samoprzylepna-975-x-57-do-drukarek-laserowych-100-szt\/","title":{"rendered":"Etykieta Ogrodnicza samoprzylepna 97,5 x 57 do drukarek laserowych 100 szt"},"content":{"rendered":"<p>Etykieta ogrodnicza samoprzylepna o wymiarach 97,5 mm x 57 mm, idealna do drukarek laserowych, to niezb\u0119dny produkt dla ka\u017cdego pasjonata ogrodnictwa. W opakowaniu znajduje si\u0119 100 etykiet, kt\u00f3re s\u0105 dostarczane na 10 arkuszach A4, co czyni je wygodnymi i \u0142atwymi w u\u017cyciu. Produkt jest przeznaczony zar\u00f3wno do druku czarno-bia\u0142ego, jak i kolorowego, co pozwala na personalizacj\u0119 i dostosowanie oznacze\u0144 do w\u0142asnych potrzeb.<\/p>\n<p>Etykiety wykonane s\u0105 z materia\u0142\u00f3w odpornych na dzia\u0142anie niekorzystnych warunk\u00f3w atmosferycznych, co zapewnia ich trwa\u0142o\u015b\u0107 i czytelno\u015b\u0107 w d\u0142u\u017cszym okresie u\u017cytkowania. Bezproblemowo mo\u017cna je nakleja\u0107 na r\u00f3\u017cnorodne powierzchnie, takie jak doniczki, kartony czy tabliczki ogrodowe. Dzi\u0119ki samoprzylepnej warstwie, aplikacja jest niezwykle prosta, a etykiety doskonale przylegaj\u0105 do powierzchni.<\/p>\n<p>Nasze etykiety to produkt stworzony z my\u015bl\u0105 o u\u017cytkowaniu zar\u00f3wno wewn\u0105trz, jak i na zewn\u0105trz. Dzi\u0119ki mo\u017cliwo\u015bci druku laserowego oraz opisania markerem, u\u017cytkownik ma pe\u0142n\u0105 swobod\u0119 w tworzeniu w\u0142asnych oznacze\u0144. Zaufaj produktowi, kt\u00f3ry od ponad 10 lat cieszy si\u0119 uznaniem w bran\u017cy ogrodniczej, i uporz\u0105dkowanie swojej przestrzeni ogrodowej sta\u0142o si\u0119 \u0142atwiejsze ni\u017c kiedykolwiek wcze\u015bniej.<\/p>\n<p>Czas realizacji zam\u00f3wienia wynosi 1 dzie\u0144 roboczy, a gwarancja na produkt to 24 miesi\u0105ce. W razie pyta\u0144 lub dodatkowych informacji, zach\u0119camy do kontaktu z naszym biurem. <\/p>\n<p>Instrukcja obs\u0142ugi: https:\/\/garden-label.pl\/instrukcje\/<\/p>\n<p>producent\/przedstawiciel\/informacje o bezpiecze\u0144stwie: https:\/\/anetpol.pl\/regulamin-sklepu-internetowego\/<br \/>biuro@anetpol.pl<\/p>\n","protected":false},"excerpt":{"rendered":"<p>Etykiety ogrodnicze samoprzylepne o wymiarach 97,5 mm x 57 mm to doskona\u0142e rozwi\u0105zanie, kt\u00f3re u\u0142atwi organizacj\u0119 i oznaczenie ro\u015blin w ka\u017cdym ogrodzie, szklarni czy na&#8230; <a href=\"https:\/\/garden-label.pl\/sklep\/produkt\/etykieta-ogrodnicza-samoprzylepna-975-x-57-do-drukarek-laserowych-100-szt\/\">wi\u0119cej<\/a><\/p>\n","protected":false},"featured_media":86481,"comment_status":"open","ping_status":"closed","template":"","meta":[],"product_brand":[910],"product_cat":[1087,1084,1106,1085,1086,15],"product_tag":[1082,896,1015,998,902,1083],"class_list":{"0":"post-4490","1":"product","2":"type-product","3":"status-publish","4":"has-post-thumbnail","6":"product_brand-garden-label-pl","7":"product_cat-akcesoria","8":"product_cat-dom-i-ogrod","9":"product_cat-laserowe","10":"product_cat-ogrod","11":"product_cat-rosliny","12":"product_cat-sklep","13":"product_tag-anetpol","14":"product_tag-etykiety-do-opisu-roslin","15":"product_tag-etykiety-laserowe","16":"product_tag-etykiety-samoprzylepne","17":"product_tag-garden-label","18":"product_tag-supermerchant","19":"sales-flash-overlay","20":"woocommerce-text-align-left","21":"woocommerce-image-align-center","22":"do-quantity-buttons","23":"wc-has-gallery","25":"first","26":"instock","27":"taxable","28":"shipping-taxable","29":"purchasable","30":"product-type-simple"},"yoast_head":"<!-- This site is optimized with the Yoast SEO Premium plugin v26.3 (Yoast SEO v27.3) - https:\/\/yoast.com\/product\/yoast-seo-premium-wordpress\/ -->\n<title>Etykieta Ogrodnicza samoprzylepna 97,5 x 57 do drukarek laserowych 100 szt - Sklep Garden-Label: etykiety dla ogrodnictwa<\/title>\n<meta name=\"robots\" content=\"index, follow, max-snippet:-1, max-image-preview:large, max-video-preview:-1\" \/>\n<link rel=\"canonical\" href=\"https:\/\/garden-label.pl\/sklep\/produkt\/etykieta-ogrodnicza-samoprzylepna-975-x-57-do-drukarek-laserowych-100-szt\/\" \/>\n<meta property=\"og:locale\" content=\"pl_PL\" \/>\n<meta property=\"og:type\" content=\"article\" \/>\n<meta property=\"og:title\" content=\"Etykieta Ogrodnicza samoprzylepna 97,5 x 57 do drukarek laserowych 100 szt\" \/>\n<meta property=\"og:description\" content=\"Etykiety ogrodnicze samoprzylepne o wymiarach 97,5 mm x 57 mm to doskona\u0142e rozwi\u0105zanie, kt\u00f3re u\u0142atwi organizacj\u0119 i oznaczenie ro\u015blin w ka\u017cdym ogrodzie, szklarni czy na... wi\u0119cej\" \/>\n<meta property=\"og:url\" content=\"https:\/\/garden-label.pl\/sklep\/produkt\/etykieta-ogrodnicza-samoprzylepna-975-x-57-do-drukarek-laserowych-100-szt\/\" \/>\n<meta property=\"og:site_name\" content=\"Sklep Garden-Label: etykiety dla ogrodnictwa\" \/>\n<meta property=\"article:publisher\" content=\"https:\/\/www.facebook.com\/gardenlabelpl\" \/>\n<meta property=\"article:modified_time\" content=\"2026-03-13T06:43:42+00:00\" \/>\n<meta property=\"og:image\" content=\"https:\/\/garden-label.pl\/sklep\/wp-content\/uploads\/2024\/06\/e3580fb55ca661968880a2b1d97f6cb3.jpg\" \/>\n\t<meta property=\"og:image:width\" content=\"600\" \/>\n\t<meta property=\"og:image:height\" content=\"755\" \/>\n\t<meta property=\"og:image:type\" content=\"image\/jpeg\" \/>\n<meta name=\"twitter:card\" content=\"summary_large_image\" \/>\n<meta name=\"twitter:label1\" content=\"Cena\" \/>\n\t<meta name=\"twitter:data1\" content=\"59,50&nbsp;&#122;&#322;\" \/>\n\t<meta name=\"twitter:label2\" content=\"Dost\u0119pno\u015b\u0107\" \/>\n\t<meta name=\"twitter:data2\" content=\"Dost\u0119pny\" \/>\n<script type=\"application\/ld+json\" class=\"yoast-schema-graph\">{\"@context\":\"https:\\\/\\\/schema.org\",\"@graph\":[{\"@type\":\"WebPage\",\"@id\":\"https:\\\/\\\/garden-label.pl\\\/sklep\\\/produkt\\\/etykieta-ogrodnicza-samoprzylepna-975-x-57-do-drukarek-laserowych-100-szt\\\/\",\"url\":\"https:\\\/\\\/garden-label.pl\\\/sklep\\\/produkt\\\/etykieta-ogrodnicza-samoprzylepna-975-x-57-do-drukarek-laserowych-100-szt\\\/\",\"name\":\"Etykieta Ogrodnicza samoprzylepna 97,5 x 57 do drukarek laserowych 100 szt - Sklep Garden-Label: etykiety dla ogrodnictwa\",\"isPartOf\":{\"@id\":\"https:\\\/\\\/garden-label.pl\\\/sklep\\\/#website\"},\"primaryImageOfPage\":{\"@id\":\"https:\\\/\\\/garden-label.pl\\\/sklep\\\/produkt\\\/etykieta-ogrodnicza-samoprzylepna-975-x-57-do-drukarek-laserowych-100-szt\\\/#primaryimage\"},\"image\":{\"@id\":\"https:\\\/\\\/garden-label.pl\\\/sklep\\\/produkt\\\/etykieta-ogrodnicza-samoprzylepna-975-x-57-do-drukarek-laserowych-100-szt\\\/#primaryimage\"},\"thumbnailUrl\":\"https:\\\/\\\/garden-label.pl\\\/sklep\\\/wp-content\\\/uploads\\\/2025\\\/10\\\/e3580fb55ca661968880a2b1d97f6cb3-2.jpg\",\"datePublished\":\"2024-06-19T13:23:25+00:00\",\"dateModified\":\"2026-03-13T06:43:42+00:00\",\"breadcrumb\":{\"@id\":\"https:\\\/\\\/garden-label.pl\\\/sklep\\\/produkt\\\/etykieta-ogrodnicza-samoprzylepna-975-x-57-do-drukarek-laserowych-100-szt\\\/#breadcrumb\"},\"inLanguage\":\"pl-PL\",\"potentialAction\":[{\"@type\":\"ReadAction\",\"target\":[\"https:\\\/\\\/garden-label.pl\\\/sklep\\\/produkt\\\/etykieta-ogrodnicza-samoprzylepna-975-x-57-do-drukarek-laserowych-100-szt\\\/\"]}]},{\"@type\":\"ImageObject\",\"inLanguage\":\"pl-PL\",\"@id\":\"https:\\\/\\\/garden-label.pl\\\/sklep\\\/produkt\\\/etykieta-ogrodnicza-samoprzylepna-975-x-57-do-drukarek-laserowych-100-szt\\\/#primaryimage\",\"url\":\"https:\\\/\\\/garden-label.pl\\\/sklep\\\/wp-content\\\/uploads\\\/2025\\\/10\\\/e3580fb55ca661968880a2b1d97f6cb3-2.jpg\",\"contentUrl\":\"https:\\\/\\\/garden-label.pl\\\/sklep\\\/wp-content\\\/uploads\\\/2025\\\/10\\\/e3580fb55ca661968880a2b1d97f6cb3-2.jpg\",\"width\":600,\"height\":755,\"caption\":\"ca952c25bd36a4c95e4ce1ad88752e97\"},{\"@type\":\"BreadcrumbList\",\"@id\":\"https:\\\/\\\/garden-label.pl\\\/sklep\\\/produkt\\\/etykieta-ogrodnicza-samoprzylepna-975-x-57-do-drukarek-laserowych-100-szt\\\/#breadcrumb\",\"itemListElement\":[{\"@type\":\"ListItem\",\"position\":1,\"name\":\"Strona g\u0142\u00f3wna\",\"item\":\"https:\\\/\\\/garden-label.pl\\\/sklep\\\/\"},{\"@type\":\"ListItem\",\"position\":2,\"name\":\"Home\",\"item\":\"https:\\\/\\\/garden-label.pl\\\/sklep\\\/\"},{\"@type\":\"ListItem\",\"position\":3,\"name\":\"Etykieta Ogrodnicza samoprzylepna 97,5 x 57 do drukarek laserowych 100 szt\"}]},{\"@type\":\"WebSite\",\"@id\":\"https:\\\/\\\/garden-label.pl\\\/sklep\\\/#website\",\"url\":\"https:\\\/\\\/garden-label.pl\\\/sklep\\\/\",\"name\":\"Sklep Garden-Label: etykiety dla ogrodnictwa, drukarki, oprogramowanie\",\"description\":\"ETYKIETY OGRODNICZE INFORMATYZACJA SZK\u00d3\u0141EK PASZPORTY RO\u015aLIN SKLEPY INTERNETOWE\",\"publisher\":{\"@id\":\"https:\\\/\\\/garden-label.pl\\\/sklep\\\/#organization\"},\"potentialAction\":[{\"@type\":\"SearchAction\",\"target\":{\"@type\":\"EntryPoint\",\"urlTemplate\":\"https:\\\/\\\/garden-label.pl\\\/sklep\\\/?s={search_term_string}\"},\"query-input\":{\"@type\":\"PropertyValueSpecification\",\"valueRequired\":true,\"valueName\":\"search_term_string\"}}],\"inLanguage\":\"pl-PL\"},{\"@type\":\"Organization\",\"@id\":\"https:\\\/\\\/garden-label.pl\\\/sklep\\\/#organization\",\"name\":\"Sklep Garden-Label: etykiety dla ogrodnictwa, drukarki, oprogramowanie\",\"url\":\"https:\\\/\\\/garden-label.pl\\\/sklep\\\/\",\"logo\":{\"@type\":\"ImageObject\",\"inLanguage\":\"pl-PL\",\"@id\":\"https:\\\/\\\/garden-label.pl\\\/sklep\\\/#\\\/schema\\\/logo\\\/image\\\/\",\"url\":\"https:\\\/\\\/garden-label.pl\\\/sklep\\\/wp-content\\\/uploads\\\/2024\\\/01\\\/GardenLabel-pastelowe.png\",\"contentUrl\":\"https:\\\/\\\/garden-label.pl\\\/sklep\\\/wp-content\\\/uploads\\\/2024\\\/01\\\/GardenLabel-pastelowe.png\",\"width\":2566,\"height\":1054,\"caption\":\"Sklep Garden-Label: etykiety dla ogrodnictwa, drukarki, oprogramowanie\"},\"image\":{\"@id\":\"https:\\\/\\\/garden-label.pl\\\/sklep\\\/#\\\/schema\\\/logo\\\/image\\\/\"},\"sameAs\":[\"https:\\\/\\\/www.facebook.com\\\/gardenlabelpl\"]}]}<\/script>\n<meta property=\"product:brand\" content=\"Garden-Label.pl\" \/>\n<meta property=\"product:price:amount\" content=\"59.50\" \/>\n<meta property=\"product:price:currency\" content=\"PLN\" \/>\n<meta property=\"og:availability\" content=\"instock\" \/>\n<meta property=\"product:availability\" content=\"instock\" \/>\n<meta property=\"product:retailer_item_id\" content=\"5906477685267\" \/>\n<meta property=\"product:condition\" content=\"new\" \/>\n<!-- \/ Yoast SEO Premium plugin. -->","yoast_head_json":{"title":"Etykieta Ogrodnicza samoprzylepna 97,5 x 57 do drukarek laserowych 100 szt - Sklep Garden-Label: etykiety dla ogrodnictwa","robots":{"index":"index","follow":"follow","max-snippet":"max-snippet:-1","max-image-preview":"max-image-preview:large","max-video-preview":"max-video-preview:-1"},"canonical":"https:\/\/garden-label.pl\/sklep\/produkt\/etykieta-ogrodnicza-samoprzylepna-975-x-57-do-drukarek-laserowych-100-szt\/","og_locale":"pl_PL","og_type":"article","og_title":"Etykieta Ogrodnicza samoprzylepna 97,5 x 57 do drukarek laserowych 100 szt","og_description":"Etykiety ogrodnicze samoprzylepne o wymiarach 97,5 mm x 57 mm to doskona\u0142e rozwi\u0105zanie, kt\u00f3re u\u0142atwi organizacj\u0119 i oznaczenie ro\u015blin w ka\u017cdym ogrodzie, szklarni czy na... wi\u0119cej","og_url":"https:\/\/garden-label.pl\/sklep\/produkt\/etykieta-ogrodnicza-samoprzylepna-975-x-57-do-drukarek-laserowych-100-szt\/","og_site_name":"Sklep Garden-Label: etykiety dla ogrodnictwa","article_publisher":"https:\/\/www.facebook.com\/gardenlabelpl","article_modified_time":"2026-03-13T06:43:42+00:00","og_image":[{"width":600,"height":755,"url":"https:\/\/garden-label.pl\/sklep\/wp-content\/uploads\/2024\/06\/e3580fb55ca661968880a2b1d97f6cb3.jpg","type":"image\/jpeg"}],"twitter_card":"summary_large_image","twitter_misc":{"Cena":"59,50&nbsp;&#122;&#322;","Dost\u0119pno\u015b\u0107":"Dost\u0119pny"},"schema":{"@context":"https:\/\/schema.org","@graph":[{"@type":"WebPage","@id":"https:\/\/garden-label.pl\/sklep\/produkt\/etykieta-ogrodnicza-samoprzylepna-975-x-57-do-drukarek-laserowych-100-szt\/","url":"https:\/\/garden-label.pl\/sklep\/produkt\/etykieta-ogrodnicza-samoprzylepna-975-x-57-do-drukarek-laserowych-100-szt\/","name":"Etykieta Ogrodnicza samoprzylepna 97,5 x 57 do drukarek laserowych 100 szt - Sklep Garden-Label: etykiety dla ogrodnictwa","isPartOf":{"@id":"https:\/\/garden-label.pl\/sklep\/#website"},"primaryImageOfPage":{"@id":"https:\/\/garden-label.pl\/sklep\/produkt\/etykieta-ogrodnicza-samoprzylepna-975-x-57-do-drukarek-laserowych-100-szt\/#primaryimage"},"image":{"@id":"https:\/\/garden-label.pl\/sklep\/produkt\/etykieta-ogrodnicza-samoprzylepna-975-x-57-do-drukarek-laserowych-100-szt\/#primaryimage"},"thumbnailUrl":"https:\/\/garden-label.pl\/sklep\/wp-content\/uploads\/2025\/10\/e3580fb55ca661968880a2b1d97f6cb3-2.jpg","datePublished":"2024-06-19T13:23:25+00:00","dateModified":"2026-03-13T06:43:42+00:00","breadcrumb":{"@id":"https:\/\/garden-label.pl\/sklep\/produkt\/etykieta-ogrodnicza-samoprzylepna-975-x-57-do-drukarek-laserowych-100-szt\/#breadcrumb"},"inLanguage":"pl-PL","potentialAction":[{"@type":"ReadAction","target":["https:\/\/garden-label.pl\/sklep\/produkt\/etykieta-ogrodnicza-samoprzylepna-975-x-57-do-drukarek-laserowych-100-szt\/"]}]},{"@type":"ImageObject","inLanguage":"pl-PL","@id":"https:\/\/garden-label.pl\/sklep\/produkt\/etykieta-ogrodnicza-samoprzylepna-975-x-57-do-drukarek-laserowych-100-szt\/#primaryimage","url":"https:\/\/garden-label.pl\/sklep\/wp-content\/uploads\/2025\/10\/e3580fb55ca661968880a2b1d97f6cb3-2.jpg","contentUrl":"https:\/\/garden-label.pl\/sklep\/wp-content\/uploads\/2025\/10\/e3580fb55ca661968880a2b1d97f6cb3-2.jpg","width":600,"height":755,"caption":"ca952c25bd36a4c95e4ce1ad88752e97"},{"@type":"BreadcrumbList","@id":"https:\/\/garden-label.pl\/sklep\/produkt\/etykieta-ogrodnicza-samoprzylepna-975-x-57-do-drukarek-laserowych-100-szt\/#breadcrumb","itemListElement":[{"@type":"ListItem","position":1,"name":"Strona g\u0142\u00f3wna","item":"https:\/\/garden-label.pl\/sklep\/"},{"@type":"ListItem","position":2,"name":"Home","item":"https:\/\/garden-label.pl\/sklep\/"},{"@type":"ListItem","position":3,"name":"Etykieta Ogrodnicza samoprzylepna 97,5 x 57 do drukarek laserowych 100 szt"}]},{"@type":"WebSite","@id":"https:\/\/garden-label.pl\/sklep\/#website","url":"https:\/\/garden-label.pl\/sklep\/","name":"Sklep Garden-Label: etykiety dla ogrodnictwa, drukarki, oprogramowanie","description":"ETYKIETY OGRODNICZE INFORMATYZACJA SZK\u00d3\u0141EK PASZPORTY RO\u015aLIN SKLEPY INTERNETOWE","publisher":{"@id":"https:\/\/garden-label.pl\/sklep\/#organization"},"potentialAction":[{"@type":"SearchAction","target":{"@type":"EntryPoint","urlTemplate":"https:\/\/garden-label.pl\/sklep\/?s={search_term_string}"},"query-input":{"@type":"PropertyValueSpecification","valueRequired":true,"valueName":"search_term_string"}}],"inLanguage":"pl-PL"},{"@type":"Organization","@id":"https:\/\/garden-label.pl\/sklep\/#organization","name":"Sklep Garden-Label: etykiety dla ogrodnictwa, drukarki, oprogramowanie","url":"https:\/\/garden-label.pl\/sklep\/","logo":{"@type":"ImageObject","inLanguage":"pl-PL","@id":"https:\/\/garden-label.pl\/sklep\/#\/schema\/logo\/image\/","url":"https:\/\/garden-label.pl\/sklep\/wp-content\/uploads\/2024\/01\/GardenLabel-pastelowe.png","contentUrl":"https:\/\/garden-label.pl\/sklep\/wp-content\/uploads\/2024\/01\/GardenLabel-pastelowe.png","width":2566,"height":1054,"caption":"Sklep Garden-Label: etykiety dla ogrodnictwa, drukarki, oprogramowanie"},"image":{"@id":"https:\/\/garden-label.pl\/sklep\/#\/schema\/logo\/image\/"},"sameAs":["https:\/\/www.facebook.com\/gardenlabelpl"]}]},"product_brand":"Garden-Label.pl","product_price_amount":"59.50","product_price_currency":"PLN","og_availability":"instock","product_availability":"instock","product_retailer_item_id":"5906477685267","product_condition":"new"},"_links":{"self":[{"href":"https:\/\/garden-label.pl\/sklep\/wp-json\/wp\/v2\/product\/4490","targetHints":{"allow":["GET"]}}],"collection":[{"href":"https:\/\/garden-label.pl\/sklep\/wp-json\/wp\/v2\/product"}],"about":[{"href":"https:\/\/garden-label.pl\/sklep\/wp-json\/wp\/v2\/types\/product"}],"replies":[{"embeddable":true,"href":"https:\/\/garden-label.pl\/sklep\/wp-json\/wp\/v2\/comments?post=4490"}],"version-history":[{"count":0,"href":"https:\/\/garden-label.pl\/sklep\/wp-json\/wp\/v2\/product\/4490\/revisions"}],"wp:featuredmedia":[{"embeddable":true,"href":"https:\/\/garden-label.pl\/sklep\/wp-json\/wp\/v2\/media\/86481"}],"wp:attachment":[{"href":"https:\/\/garden-label.pl\/sklep\/wp-json\/wp\/v2\/media?parent=4490"}],"wp:term":[{"taxonomy":"product_brand","embeddable":true,"href":"https:\/\/garden-label.pl\/sklep\/wp-json\/wp\/v2\/product_brand?post=4490"},{"taxonomy":"product_cat","embeddable":true,"href":"https:\/\/garden-label.pl\/sklep\/wp-json\/wp\/v2\/product_cat?post=4490"},{"taxonomy":"product_tag","embeddable":true,"href":"https:\/\/garden-label.pl\/sklep\/wp-json\/wp\/v2\/product_tag?post=4490"}],"curies":[{"name":"wp","href":"https:\/\/api.w.org\/{rel}","templated":true}]}}