{"id":4463,"date":"2024-06-19T15:22:00","date_gmt":"2024-06-19T13:22:00","guid":{"rendered":"https:\/\/garden-label.pl\/sklep\/produkt\/tabliczka-ogrodowa-wtykana-nierdzewna-duza-10szt-155x105x450-producent\/"},"modified":"2026-04-02T12:34:23","modified_gmt":"2026-04-02T10:34:23","slug":"tabliczka-ogrodowa-wtykana-nierdzewna-duza-10szt-155x105x450-producent","status":"publish","type":"product","link":"https:\/\/garden-label.pl\/sklep\/produkt\/tabliczka-ogrodowa-wtykana-nierdzewna-duza-10szt-155x105x450-producent\/","title":{"rendered":"Tabliczka ogrodowa wtykana, nierdzewna, DU\u017bA, 10szt, 155x105x450 Producent"},"content":{"rendered":"<p>Oferujemy wysokiej jako\u015bci tabliczk\u0119 ogrodow\u0105 wtykan\u0105, wykonan\u0105 z nierdzewnej stali, w du\u017cym rozmiarze. W zestawie znajduje si\u0119 10 sztuk, ka\u017cda o wymiarach 155 mm szeroko\u015bci, 105 mm wysoko\u015bci i 450 mm d\u0142ugo\u015bci n\u00f3\u017cki. Ta elegancka i trwa\u0142a tabliczka to doskona\u0142e rozwi\u0105zanie do oznaczania ro\u015blin na rabatach, w donicach, skrzynkach rozsadowych oraz w szk\u00f3\u0142kach ogrodniczych. <\/p>\n<p>Nasze tabliczki wyr\u00f3\u017cniaj\u0105 si\u0119 odporn\u0105 na warunki atmosferyczne konstrukcj\u0105, co sprawia, \u017ce idealnie nadaj\u0105 si\u0119 do u\u017cytku na zewn\u0105trz. Nierdzewna stal gwarantuje, \u017ce nie ulegn\u0105 zniekszta\u0142ceniu pod wp\u0142ywem zmieniaj\u0105cych si\u0119 temperatur ani nie strac\u0105 na estetyce pod wp\u0142ywem s\u0142o\u0144ca czy opad\u00f3w deszczu. <\/p>\n<p>Tabliczka zosta\u0142a zaprojektowana z my\u015bl\u0105 o wygodzie u\u017cytkowania \u2013 n\u00f3\u017cka zako\u0144czona jest ostrym ko\u0144cem, co u\u0142atwia osadzenie jej w ziemi. Produkt jest nachylony pod k\u0105tem 45 stopni, co umo\u017cliwia \u0142atwe odczytanie informacji umieszczonych na etykiecie. Mo\u017cliwo\u015b\u0107 naklejenia etykiety samoprzylepnej daje dodatkowe mo\u017cliwo\u015bci personalizacji.<\/p>\n<p>Dzi\u0119ki eleganckiemu wygl\u0105dowi, nasze tabliczki nie tylko spe\u0142niaj\u0105 funkcj\u0119 informacyjn\u0105, ale tak\u017ce stanowi\u0105 ozdob\u0119 ka\u017cdej przestrzeni ogrodowej. Po\u0142\u0105czenie estetyki z wysok\u0105 jako\u015bci\u0105 wykonania sprawia, \u017ce s\u0105 one atrakcyjn\u0105 propozycj\u0105 zar\u00f3wno dla entuzjast\u00f3w ogrodnictwa, jak i profesjonalist\u00f3w.<\/p>\n<p>Gwarantujemy, \u017ce nasz produkt spe\u0142ni oczekiwania nawet najbardziej wymagaj\u0105cych klient\u00f3w. Tabliczka ogrodowa wtykana to nie tylko praktyczne narz\u0119dzie do oznaczania ro\u015blin, ale r\u00f3wnie\u017c element, kt\u00f3ry przyniesie elegancj\u0119 do Twojego ogrodu. Czas realizacji zam\u00f3wienia wynosi jedynie 1 dzie\u0144 roboczy, a produkt obj\u0119ty jest 24-miesi\u0119czn\u0105 gwarancj\u0105, co \u015bwiadczy o naszej dba\u0142o\u015bci o jako\u015b\u0107 i zadowolenie klient\u00f3w. <\/p>\n<p>Instrukcja obs\u0142ugi: https:\/\/garden-label.pl\/instrukcje\/<\/p>\n<p>producent\/przedstawiciel\/informacje o bezpiecze\u0144stwie: https:\/\/anetpol.pl\/regulamin-sklepu-internetowego\/<br \/>biuro@anetpol.pl<\/p>\n","protected":false},"excerpt":{"rendered":"<p>Tabliczka ogrodowa wtykana ze stali nierdzewnej to idealne rozwi\u0105zanie dla wszystkich mi\u0142o\u015bnik\u00f3w ogrodnictwa, kt\u00f3rzy pragn\u0105 w estetyczny i funkcjonalny spos\u00f3b oznaczy\u0107 swoje ro\u015bliny oraz rabaty&#8230;. <a href=\"https:\/\/garden-label.pl\/sklep\/produkt\/tabliczka-ogrodowa-wtykana-nierdzewna-duza-10szt-155x105x450-producent\/\">wi\u0119cej<\/a><\/p>\n","protected":false},"featured_media":86461,"comment_status":"open","ping_status":"closed","template":"","meta":[],"product_brand":[910],"product_cat":[1084,1096,15],"product_tag":[1082,902,1083,1001],"class_list":{"0":"post-4463","1":"product","2":"type-product","3":"status-publish","4":"has-post-thumbnail","6":"product_brand-garden-label-pl","7":"product_cat-dom-i-ogrod","8":"product_cat-tabliczki-i-znaczniki","9":"product_cat-sklep","10":"product_tag-anetpol","11":"product_tag-garden-label","12":"product_tag-supermerchant","13":"product_tag-tabliczki-znaczniki","14":"sales-flash-overlay","15":"woocommerce-text-align-left","16":"woocommerce-image-align-center","17":"do-quantity-buttons","18":"wc-has-gallery","20":"first","21":"instock","22":"taxable","23":"shipping-taxable","24":"purchasable","25":"product-type-simple"},"yoast_head":"<!-- This site is optimized with the Yoast SEO Premium plugin v26.3 (Yoast SEO v27.3) - https:\/\/yoast.com\/product\/yoast-seo-premium-wordpress\/ -->\n<title>Tabliczka ogrodowa wtykana, nierdzewna, DU\u017bA, 10szt, 155x105x450 Producent - Sklep Garden-Label: etykiety dla ogrodnictwa<\/title>\n<meta name=\"robots\" content=\"index, follow, max-snippet:-1, max-image-preview:large, max-video-preview:-1\" \/>\n<link rel=\"canonical\" href=\"https:\/\/garden-label.pl\/sklep\/produkt\/tabliczka-ogrodowa-wtykana-nierdzewna-duza-10szt-155x105x450-producent\/\" \/>\n<meta property=\"og:locale\" content=\"pl_PL\" \/>\n<meta property=\"og:type\" content=\"article\" \/>\n<meta property=\"og:title\" content=\"Tabliczka ogrodowa wtykana, nierdzewna, DU\u017bA, 10szt, 155x105x450 Producent\" \/>\n<meta property=\"og:description\" content=\"Tabliczka ogrodowa wtykana ze stali nierdzewnej to idealne rozwi\u0105zanie dla wszystkich mi\u0142o\u015bnik\u00f3w ogrodnictwa, kt\u00f3rzy pragn\u0105 w estetyczny i funkcjonalny spos\u00f3b oznaczy\u0107 swoje ro\u015bliny oraz rabaty.... wi\u0119cej\" \/>\n<meta property=\"og:url\" content=\"https:\/\/garden-label.pl\/sklep\/produkt\/tabliczka-ogrodowa-wtykana-nierdzewna-duza-10szt-155x105x450-producent\/\" \/>\n<meta property=\"og:site_name\" content=\"Sklep Garden-Label: etykiety dla ogrodnictwa\" \/>\n<meta property=\"article:publisher\" content=\"https:\/\/www.facebook.com\/gardenlabelpl\" \/>\n<meta property=\"article:modified_time\" content=\"2026-04-02T10:34:23+00:00\" \/>\n<meta property=\"og:image\" content=\"https:\/\/garden-label.pl\/sklep\/wp-content\/uploads\/2025\/06\/772403086d88b8a9aa6b201368dd05e0.jpg\" \/>\n\t<meta property=\"og:image:width\" content=\"1706\" \/>\n\t<meta property=\"og:image:height\" content=\"2560\" \/>\n\t<meta property=\"og:image:type\" content=\"image\/jpeg\" \/>\n<meta name=\"twitter:card\" content=\"summary_large_image\" \/>\n<meta name=\"twitter:label1\" content=\"Cena\" \/>\n\t<meta name=\"twitter:data1\" content=\"359,00&nbsp;&#122;&#322;\" \/>\n\t<meta name=\"twitter:label2\" content=\"Dost\u0119pno\u015b\u0107\" \/>\n\t<meta name=\"twitter:data2\" content=\"Dost\u0119pny\" \/>\n<script type=\"application\/ld+json\" class=\"yoast-schema-graph\">{\"@context\":\"https:\\\/\\\/schema.org\",\"@graph\":[{\"@type\":\"WebPage\",\"@id\":\"https:\\\/\\\/garden-label.pl\\\/sklep\\\/produkt\\\/tabliczka-ogrodowa-wtykana-nierdzewna-duza-10szt-155x105x450-producent\\\/\",\"url\":\"https:\\\/\\\/garden-label.pl\\\/sklep\\\/produkt\\\/tabliczka-ogrodowa-wtykana-nierdzewna-duza-10szt-155x105x450-producent\\\/\",\"name\":\"Tabliczka ogrodowa wtykana, nierdzewna, DU\u017bA, 10szt, 155x105x450 Producent - Sklep Garden-Label: etykiety dla ogrodnictwa\",\"isPartOf\":{\"@id\":\"https:\\\/\\\/garden-label.pl\\\/sklep\\\/#website\"},\"primaryImageOfPage\":{\"@id\":\"https:\\\/\\\/garden-label.pl\\\/sklep\\\/produkt\\\/tabliczka-ogrodowa-wtykana-nierdzewna-duza-10szt-155x105x450-producent\\\/#primaryimage\"},\"image\":{\"@id\":\"https:\\\/\\\/garden-label.pl\\\/sklep\\\/produkt\\\/tabliczka-ogrodowa-wtykana-nierdzewna-duza-10szt-155x105x450-producent\\\/#primaryimage\"},\"thumbnailUrl\":\"https:\\\/\\\/garden-label.pl\\\/sklep\\\/wp-content\\\/uploads\\\/2025\\\/10\\\/772403086d88b8a9aa6b201368dd05e0-1.jpg\",\"datePublished\":\"2024-06-19T13:22:00+00:00\",\"dateModified\":\"2026-04-02T10:34:23+00:00\",\"breadcrumb\":{\"@id\":\"https:\\\/\\\/garden-label.pl\\\/sklep\\\/produkt\\\/tabliczka-ogrodowa-wtykana-nierdzewna-duza-10szt-155x105x450-producent\\\/#breadcrumb\"},\"inLanguage\":\"pl-PL\",\"potentialAction\":[{\"@type\":\"ReadAction\",\"target\":[\"https:\\\/\\\/garden-label.pl\\\/sklep\\\/produkt\\\/tabliczka-ogrodowa-wtykana-nierdzewna-duza-10szt-155x105x450-producent\\\/\"]}]},{\"@type\":\"ImageObject\",\"inLanguage\":\"pl-PL\",\"@id\":\"https:\\\/\\\/garden-label.pl\\\/sklep\\\/produkt\\\/tabliczka-ogrodowa-wtykana-nierdzewna-duza-10szt-155x105x450-producent\\\/#primaryimage\",\"url\":\"https:\\\/\\\/garden-label.pl\\\/sklep\\\/wp-content\\\/uploads\\\/2025\\\/10\\\/772403086d88b8a9aa6b201368dd05e0-1.jpg\",\"contentUrl\":\"https:\\\/\\\/garden-label.pl\\\/sklep\\\/wp-content\\\/uploads\\\/2025\\\/10\\\/772403086d88b8a9aa6b201368dd05e0-1.jpg\",\"width\":1706,\"height\":2560,\"caption\":\"00c584964561012d3682343093d60d85\"},{\"@type\":\"BreadcrumbList\",\"@id\":\"https:\\\/\\\/garden-label.pl\\\/sklep\\\/produkt\\\/tabliczka-ogrodowa-wtykana-nierdzewna-duza-10szt-155x105x450-producent\\\/#breadcrumb\",\"itemListElement\":[{\"@type\":\"ListItem\",\"position\":1,\"name\":\"Strona g\u0142\u00f3wna\",\"item\":\"https:\\\/\\\/garden-label.pl\\\/sklep\\\/\"},{\"@type\":\"ListItem\",\"position\":2,\"name\":\"Home\",\"item\":\"https:\\\/\\\/garden-label.pl\\\/sklep\\\/\"},{\"@type\":\"ListItem\",\"position\":3,\"name\":\"Tabliczka ogrodowa wtykana, nierdzewna, DU\u017bA, 10szt, 155x105x450 Producent\"}]},{\"@type\":\"WebSite\",\"@id\":\"https:\\\/\\\/garden-label.pl\\\/sklep\\\/#website\",\"url\":\"https:\\\/\\\/garden-label.pl\\\/sklep\\\/\",\"name\":\"Sklep Garden-Label: etykiety dla ogrodnictwa, drukarki, oprogramowanie\",\"description\":\"ETYKIETY OGRODNICZE INFORMATYZACJA SZK\u00d3\u0141EK PASZPORTY RO\u015aLIN SKLEPY INTERNETOWE\",\"publisher\":{\"@id\":\"https:\\\/\\\/garden-label.pl\\\/sklep\\\/#organization\"},\"potentialAction\":[{\"@type\":\"SearchAction\",\"target\":{\"@type\":\"EntryPoint\",\"urlTemplate\":\"https:\\\/\\\/garden-label.pl\\\/sklep\\\/?s={search_term_string}\"},\"query-input\":{\"@type\":\"PropertyValueSpecification\",\"valueRequired\":true,\"valueName\":\"search_term_string\"}}],\"inLanguage\":\"pl-PL\"},{\"@type\":\"Organization\",\"@id\":\"https:\\\/\\\/garden-label.pl\\\/sklep\\\/#organization\",\"name\":\"Sklep Garden-Label: etykiety dla ogrodnictwa, drukarki, oprogramowanie\",\"url\":\"https:\\\/\\\/garden-label.pl\\\/sklep\\\/\",\"logo\":{\"@type\":\"ImageObject\",\"inLanguage\":\"pl-PL\",\"@id\":\"https:\\\/\\\/garden-label.pl\\\/sklep\\\/#\\\/schema\\\/logo\\\/image\\\/\",\"url\":\"https:\\\/\\\/garden-label.pl\\\/sklep\\\/wp-content\\\/uploads\\\/2024\\\/01\\\/GardenLabel-pastelowe.png\",\"contentUrl\":\"https:\\\/\\\/garden-label.pl\\\/sklep\\\/wp-content\\\/uploads\\\/2024\\\/01\\\/GardenLabel-pastelowe.png\",\"width\":2566,\"height\":1054,\"caption\":\"Sklep Garden-Label: etykiety dla ogrodnictwa, drukarki, oprogramowanie\"},\"image\":{\"@id\":\"https:\\\/\\\/garden-label.pl\\\/sklep\\\/#\\\/schema\\\/logo\\\/image\\\/\"},\"sameAs\":[\"https:\\\/\\\/www.facebook.com\\\/gardenlabelpl\"]}]}<\/script>\n<meta property=\"product:brand\" content=\"Garden-Label.pl\" \/>\n<meta property=\"product:price:amount\" content=\"359.00\" \/>\n<meta property=\"product:price:currency\" content=\"PLN\" \/>\n<meta property=\"og:availability\" content=\"instock\" \/>\n<meta property=\"product:availability\" content=\"instock\" \/>\n<meta property=\"product:retailer_item_id\" content=\"5906792140717\" \/>\n<meta property=\"product:condition\" content=\"new\" \/>\n<!-- \/ Yoast SEO Premium plugin. -->","yoast_head_json":{"title":"Tabliczka ogrodowa wtykana, nierdzewna, DU\u017bA, 10szt, 155x105x450 Producent - Sklep Garden-Label: etykiety dla ogrodnictwa","robots":{"index":"index","follow":"follow","max-snippet":"max-snippet:-1","max-image-preview":"max-image-preview:large","max-video-preview":"max-video-preview:-1"},"canonical":"https:\/\/garden-label.pl\/sklep\/produkt\/tabliczka-ogrodowa-wtykana-nierdzewna-duza-10szt-155x105x450-producent\/","og_locale":"pl_PL","og_type":"article","og_title":"Tabliczka ogrodowa wtykana, nierdzewna, DU\u017bA, 10szt, 155x105x450 Producent","og_description":"Tabliczka ogrodowa wtykana ze stali nierdzewnej to idealne rozwi\u0105zanie dla wszystkich mi\u0142o\u015bnik\u00f3w ogrodnictwa, kt\u00f3rzy pragn\u0105 w estetyczny i funkcjonalny spos\u00f3b oznaczy\u0107 swoje ro\u015bliny oraz rabaty.... wi\u0119cej","og_url":"https:\/\/garden-label.pl\/sklep\/produkt\/tabliczka-ogrodowa-wtykana-nierdzewna-duza-10szt-155x105x450-producent\/","og_site_name":"Sklep Garden-Label: etykiety dla ogrodnictwa","article_publisher":"https:\/\/www.facebook.com\/gardenlabelpl","article_modified_time":"2026-04-02T10:34:23+00:00","og_image":[{"width":1706,"height":2560,"url":"https:\/\/garden-label.pl\/sklep\/wp-content\/uploads\/2025\/06\/772403086d88b8a9aa6b201368dd05e0.jpg","type":"image\/jpeg"}],"twitter_card":"summary_large_image","twitter_misc":{"Cena":"359,00&nbsp;&#122;&#322;","Dost\u0119pno\u015b\u0107":"Dost\u0119pny"},"schema":{"@context":"https:\/\/schema.org","@graph":[{"@type":"WebPage","@id":"https:\/\/garden-label.pl\/sklep\/produkt\/tabliczka-ogrodowa-wtykana-nierdzewna-duza-10szt-155x105x450-producent\/","url":"https:\/\/garden-label.pl\/sklep\/produkt\/tabliczka-ogrodowa-wtykana-nierdzewna-duza-10szt-155x105x450-producent\/","name":"Tabliczka ogrodowa wtykana, nierdzewna, DU\u017bA, 10szt, 155x105x450 Producent - Sklep Garden-Label: etykiety dla ogrodnictwa","isPartOf":{"@id":"https:\/\/garden-label.pl\/sklep\/#website"},"primaryImageOfPage":{"@id":"https:\/\/garden-label.pl\/sklep\/produkt\/tabliczka-ogrodowa-wtykana-nierdzewna-duza-10szt-155x105x450-producent\/#primaryimage"},"image":{"@id":"https:\/\/garden-label.pl\/sklep\/produkt\/tabliczka-ogrodowa-wtykana-nierdzewna-duza-10szt-155x105x450-producent\/#primaryimage"},"thumbnailUrl":"https:\/\/garden-label.pl\/sklep\/wp-content\/uploads\/2025\/10\/772403086d88b8a9aa6b201368dd05e0-1.jpg","datePublished":"2024-06-19T13:22:00+00:00","dateModified":"2026-04-02T10:34:23+00:00","breadcrumb":{"@id":"https:\/\/garden-label.pl\/sklep\/produkt\/tabliczka-ogrodowa-wtykana-nierdzewna-duza-10szt-155x105x450-producent\/#breadcrumb"},"inLanguage":"pl-PL","potentialAction":[{"@type":"ReadAction","target":["https:\/\/garden-label.pl\/sklep\/produkt\/tabliczka-ogrodowa-wtykana-nierdzewna-duza-10szt-155x105x450-producent\/"]}]},{"@type":"ImageObject","inLanguage":"pl-PL","@id":"https:\/\/garden-label.pl\/sklep\/produkt\/tabliczka-ogrodowa-wtykana-nierdzewna-duza-10szt-155x105x450-producent\/#primaryimage","url":"https:\/\/garden-label.pl\/sklep\/wp-content\/uploads\/2025\/10\/772403086d88b8a9aa6b201368dd05e0-1.jpg","contentUrl":"https:\/\/garden-label.pl\/sklep\/wp-content\/uploads\/2025\/10\/772403086d88b8a9aa6b201368dd05e0-1.jpg","width":1706,"height":2560,"caption":"00c584964561012d3682343093d60d85"},{"@type":"BreadcrumbList","@id":"https:\/\/garden-label.pl\/sklep\/produkt\/tabliczka-ogrodowa-wtykana-nierdzewna-duza-10szt-155x105x450-producent\/#breadcrumb","itemListElement":[{"@type":"ListItem","position":1,"name":"Strona g\u0142\u00f3wna","item":"https:\/\/garden-label.pl\/sklep\/"},{"@type":"ListItem","position":2,"name":"Home","item":"https:\/\/garden-label.pl\/sklep\/"},{"@type":"ListItem","position":3,"name":"Tabliczka ogrodowa wtykana, nierdzewna, DU\u017bA, 10szt, 155x105x450 Producent"}]},{"@type":"WebSite","@id":"https:\/\/garden-label.pl\/sklep\/#website","url":"https:\/\/garden-label.pl\/sklep\/","name":"Sklep Garden-Label: etykiety dla ogrodnictwa, drukarki, oprogramowanie","description":"ETYKIETY OGRODNICZE INFORMATYZACJA SZK\u00d3\u0141EK PASZPORTY RO\u015aLIN SKLEPY INTERNETOWE","publisher":{"@id":"https:\/\/garden-label.pl\/sklep\/#organization"},"potentialAction":[{"@type":"SearchAction","target":{"@type":"EntryPoint","urlTemplate":"https:\/\/garden-label.pl\/sklep\/?s={search_term_string}"},"query-input":{"@type":"PropertyValueSpecification","valueRequired":true,"valueName":"search_term_string"}}],"inLanguage":"pl-PL"},{"@type":"Organization","@id":"https:\/\/garden-label.pl\/sklep\/#organization","name":"Sklep Garden-Label: etykiety dla ogrodnictwa, drukarki, oprogramowanie","url":"https:\/\/garden-label.pl\/sklep\/","logo":{"@type":"ImageObject","inLanguage":"pl-PL","@id":"https:\/\/garden-label.pl\/sklep\/#\/schema\/logo\/image\/","url":"https:\/\/garden-label.pl\/sklep\/wp-content\/uploads\/2024\/01\/GardenLabel-pastelowe.png","contentUrl":"https:\/\/garden-label.pl\/sklep\/wp-content\/uploads\/2024\/01\/GardenLabel-pastelowe.png","width":2566,"height":1054,"caption":"Sklep Garden-Label: etykiety dla ogrodnictwa, drukarki, oprogramowanie"},"image":{"@id":"https:\/\/garden-label.pl\/sklep\/#\/schema\/logo\/image\/"},"sameAs":["https:\/\/www.facebook.com\/gardenlabelpl"]}]},"product_brand":"Garden-Label.pl","product_price_amount":"359.00","product_price_currency":"PLN","og_availability":"instock","product_availability":"instock","product_retailer_item_id":"5906792140717","product_condition":"new"},"_links":{"self":[{"href":"https:\/\/garden-label.pl\/sklep\/wp-json\/wp\/v2\/product\/4463","targetHints":{"allow":["GET"]}}],"collection":[{"href":"https:\/\/garden-label.pl\/sklep\/wp-json\/wp\/v2\/product"}],"about":[{"href":"https:\/\/garden-label.pl\/sklep\/wp-json\/wp\/v2\/types\/product"}],"replies":[{"embeddable":true,"href":"https:\/\/garden-label.pl\/sklep\/wp-json\/wp\/v2\/comments?post=4463"}],"version-history":[{"count":0,"href":"https:\/\/garden-label.pl\/sklep\/wp-json\/wp\/v2\/product\/4463\/revisions"}],"wp:featuredmedia":[{"embeddable":true,"href":"https:\/\/garden-label.pl\/sklep\/wp-json\/wp\/v2\/media\/86461"}],"wp:attachment":[{"href":"https:\/\/garden-label.pl\/sklep\/wp-json\/wp\/v2\/media?parent=4463"}],"wp:term":[{"taxonomy":"product_brand","embeddable":true,"href":"https:\/\/garden-label.pl\/sklep\/wp-json\/wp\/v2\/product_brand?post=4463"},{"taxonomy":"product_cat","embeddable":true,"href":"https:\/\/garden-label.pl\/sklep\/wp-json\/wp\/v2\/product_cat?post=4463"},{"taxonomy":"product_tag","embeddable":true,"href":"https:\/\/garden-label.pl\/sklep\/wp-json\/wp\/v2\/product_tag?post=4463"}],"curies":[{"name":"wp","href":"https:\/\/api.w.org\/{rel}","templated":true}]}}