{"id":4315,"date":"2024-06-13T09:31:27","date_gmt":"2024-06-13T07:31:27","guid":{"rendered":"https:\/\/garden-label.pl\/sklep\/produkt\/etykiety-ogrodnicze-wtykane-strzalki-do-pisania-biale-105x235mm-100-sztuk\/"},"modified":"2026-04-09T18:56:32","modified_gmt":"2026-04-09T16:56:32","slug":"etykiety-ogrodnicze-wtykane-strzalki-do-pisania-biale-105x235mm-100-sztuk","status":"publish","type":"product","link":"https:\/\/garden-label.pl\/sklep\/produkt\/etykiety-ogrodnicze-wtykane-strzalki-do-pisania-biale-105x235mm-100-sztuk\/","title":{"rendered":"Etykiety ogrodnicze wtykane strza\u0142ki do pisania BIA\u0141E 105&#215;23,5mm 100 sztuk"},"content":{"rendered":"<p>Etykiety ogrodnicze wtykane to niezb\u0119dne akcesoria dla ka\u017cdego mi\u0142o\u015bnika ro\u015blin i ogrodnictwa. Wykonane z wysokiej jako\u015bci PVC, posiadaj\u0105 wymiary 105 mm x 23,5 mm, co sprawia, \u017ce s\u0105 idealne do r\u00f3\u017cnorodnych zastosowa\u0144. W opakowaniu znajduje si\u0119 100 sztuk bia\u0142ych etykiet, kt\u00f3re mo\u017cna \u0142atwo opisa\u0107 za pomoc\u0105 wodoodpornego markera, co zapewnia ich trwa\u0142o\u015b\u0107 w trudnych warunkach atmosferycznych. Ich konstrukcja umo\u017cliwia \u0142atwe wbijanie w ziemi\u0119, co czyni je niezwykle wygodnymi w u\u017cytkowaniu. <\/p>\n<p>Etykiety te s\u0105 odporne na dzia\u0142anie deszczu oraz promieni s\u0142onecznych, co gwarantuje, \u017ce informacje na nich pozostan\u0105 czytelne przez d\u0142ugi czas. Doskonale sprawdz\u0105 si\u0119 w ogrodach, szk\u00f3\u0142kach, a tak\u017ce w sadownictwie i rolnictwie, gdzie wymagane jest solidne i wytrzyma\u0142e oznakowanie ro\u015blin. Wszyscy klienci doceni\u0105 mo\u017cliwo\u015b\u0107 dodania do etykiety niezb\u0119dnych informacji o nazwie polskiej i \u0142aci\u0144skiej ro\u015bliny, a tak\u017ce instrukcji piel\u0119gnacji czy numeru katalogowego. <\/p>\n<p>Produkt jest dost\u0119pny w oryginalnym opakowaniu i pochodzi z Polski, co gwarantuje jego wysok\u0105 jako\u015b\u0107. Etykiety wtykane s\u0105 doskona\u0142ym rozwi\u0105zaniem dla os\u00f3b ceni\u0105cych sobie porz\u0105dek i estetyk\u0119 w ogrodzie oraz \u0142atwo\u015b\u0107 w organizacji informacji o ro\u015blinach. Dzi\u0119ki swoim w\u0142a\u015bciwo\u015bciom, etykiety te mog\u0105 by\u0107 stosowane zar\u00f3wno w warunkach zewn\u0119trznych, jak i wewn\u0119trznych, a tak\u017ce umo\u017cliwiaj\u0105 m.in. drukowanie w systemie termotransferowym, co zwi\u0119ksza ich funkcjonalno\u015b\u0107. <\/p>\n<p>Produkt obj\u0119ty jest 24-miesi\u0119czn\u0105 gwarancj\u0105, co dodatkowo potwierdza jego jako\u015b\u0107 i trwa\u0142o\u015b\u0107. Zach\u0119camy do korzystania z etykiet ogrodniczych od Garden-Label.pl, kt\u00f3re sprawi\u0105, \u017ce ka\u017cdy ogr\u00f3d stanie si\u0119 bardziej zorganizowany i estetyczny. <\/p>\n<p>Instrukcja obs\u0142ugi: https:\/\/garden-label.pl\/instrukcje\/<\/p>\n<p>producent\/przedstawiciel\/informacje o bezpiecze\u0144stwie: https:\/\/anetpol.pl\/regulamin-sklepu-internetowego\/<br \/>biuro@anetpol.pl<\/p>\n","protected":false},"excerpt":{"rendered":"<p>Oferujemy wysokiej jako\u015bci etykiety ogrodnicze, kt\u00f3re zapewniaj\u0105 wygodne i trwa\u0142e oznaczenie ro\u015blin. Nasze wtykane etykiety o wymiarach 105&#215;23,5 mm, wykonane z wytrzyma\u0142ego PVC, s\u0105 idealnym&#8230; <a href=\"https:\/\/garden-label.pl\/sklep\/produkt\/etykiety-ogrodnicze-wtykane-strzalki-do-pisania-biale-105x235mm-100-sztuk\/\">wi\u0119cej<\/a><\/p>\n","protected":false},"featured_media":86047,"comment_status":"open","ping_status":"closed","template":"","meta":[],"product_brand":[910],"product_cat":[1087,1084,1088,1085,1086,1102,15],"product_tag":[1082,896,897,899,900,995,902,914,1083],"class_list":{"0":"post-4315","1":"product","2":"type-product","3":"status-publish","4":"has-post-thumbnail","6":"product_brand-garden-label-pl","7":"product_cat-akcesoria","8":"product_cat-dom-i-ogrod","9":"product_cat-etykiety-i-tabliczki","10":"product_cat-ogrod","11":"product_cat-rosliny","12":"product_cat-wtykane","13":"product_cat-sklep","14":"product_tag-anetpol","15":"product_tag-etykiety-do-opisu-roslin","16":"product_tag-etykiety-do-pisania","17":"product_tag-etykiety-ogrodnicze","18":"product_tag-etykiety-petlowe","19":"product_tag-etykiety-wtykane","20":"product_tag-garden-label","21":"product_tag-mazaki-markery-pisaki","22":"product_tag-supermerchant","23":"sales-flash-overlay","24":"woocommerce-text-align-left","25":"woocommerce-image-align-center","26":"do-quantity-buttons","27":"wc-has-gallery","29":"first","30":"instock","31":"taxable","32":"shipping-taxable","33":"purchasable","34":"product-type-simple"},"yoast_head":"<!-- This site is optimized with the Yoast SEO Premium plugin v26.3 (Yoast SEO v27.3) - https:\/\/yoast.com\/product\/yoast-seo-premium-wordpress\/ -->\n<title>Etykiety ogrodnicze wtykane strza\u0142ki do pisania BIA\u0141E 105x23,5mm 100 sztuk - Sklep Garden-Label: etykiety dla ogrodnictwa<\/title>\n<meta name=\"robots\" content=\"index, follow, max-snippet:-1, max-image-preview:large, max-video-preview:-1\" \/>\n<link rel=\"canonical\" href=\"https:\/\/garden-label.pl\/sklep\/produkt\/etykiety-ogrodnicze-wtykane-strzalki-do-pisania-biale-105x235mm-100-sztuk\/\" \/>\n<meta property=\"og:locale\" content=\"pl_PL\" \/>\n<meta property=\"og:type\" content=\"article\" \/>\n<meta property=\"og:title\" content=\"Etykiety ogrodnicze wtykane strza\u0142ki do pisania BIA\u0141E 105x23,5mm 100 sztuk\" \/>\n<meta property=\"og:description\" content=\"Oferujemy wysokiej jako\u015bci etykiety ogrodnicze, kt\u00f3re zapewniaj\u0105 wygodne i trwa\u0142e oznaczenie ro\u015blin. Nasze wtykane etykiety o wymiarach 105x23,5 mm, wykonane z wytrzyma\u0142ego PVC, s\u0105 idealnym... wi\u0119cej\" \/>\n<meta property=\"og:url\" content=\"https:\/\/garden-label.pl\/sklep\/produkt\/etykiety-ogrodnicze-wtykane-strzalki-do-pisania-biale-105x235mm-100-sztuk\/\" \/>\n<meta property=\"og:site_name\" content=\"Sklep Garden-Label: etykiety dla ogrodnictwa\" \/>\n<meta property=\"article:publisher\" content=\"https:\/\/www.facebook.com\/gardenlabelpl\" \/>\n<meta property=\"article:modified_time\" content=\"2026-04-09T16:56:32+00:00\" \/>\n<meta property=\"og:image\" content=\"https:\/\/garden-label.pl\/sklep\/wp-content\/uploads\/2025\/01\/9874753ac70555b6346f0ea02e5078c9.jpg\" \/>\n\t<meta property=\"og:image:width\" content=\"577\" \/>\n\t<meta property=\"og:image:height\" content=\"433\" \/>\n\t<meta property=\"og:image:type\" content=\"image\/jpeg\" \/>\n<meta name=\"twitter:card\" content=\"summary_large_image\" \/>\n<meta name=\"twitter:label1\" content=\"Cena\" \/>\n\t<meta name=\"twitter:data1\" content=\"26,95&nbsp;&#122;&#322;\" \/>\n\t<meta name=\"twitter:label2\" content=\"Dost\u0119pno\u015b\u0107\" \/>\n\t<meta name=\"twitter:data2\" content=\"Dost\u0119pny\" \/>\n<script type=\"application\/ld+json\" class=\"yoast-schema-graph\">{\"@context\":\"https:\\\/\\\/schema.org\",\"@graph\":[{\"@type\":\"WebPage\",\"@id\":\"https:\\\/\\\/garden-label.pl\\\/sklep\\\/produkt\\\/etykiety-ogrodnicze-wtykane-strzalki-do-pisania-biale-105x235mm-100-sztuk\\\/\",\"url\":\"https:\\\/\\\/garden-label.pl\\\/sklep\\\/produkt\\\/etykiety-ogrodnicze-wtykane-strzalki-do-pisania-biale-105x235mm-100-sztuk\\\/\",\"name\":\"Etykiety ogrodnicze wtykane strza\u0142ki do pisania BIA\u0141E 105x23,5mm 100 sztuk - Sklep Garden-Label: etykiety dla ogrodnictwa\",\"isPartOf\":{\"@id\":\"https:\\\/\\\/garden-label.pl\\\/sklep\\\/#website\"},\"primaryImageOfPage\":{\"@id\":\"https:\\\/\\\/garden-label.pl\\\/sklep\\\/produkt\\\/etykiety-ogrodnicze-wtykane-strzalki-do-pisania-biale-105x235mm-100-sztuk\\\/#primaryimage\"},\"image\":{\"@id\":\"https:\\\/\\\/garden-label.pl\\\/sklep\\\/produkt\\\/etykiety-ogrodnicze-wtykane-strzalki-do-pisania-biale-105x235mm-100-sztuk\\\/#primaryimage\"},\"thumbnailUrl\":\"https:\\\/\\\/garden-label.pl\\\/sklep\\\/wp-content\\\/uploads\\\/2025\\\/10\\\/9874753ac70555b6346f0ea02e5078c9.jpg\",\"datePublished\":\"2024-06-13T07:31:27+00:00\",\"dateModified\":\"2026-04-09T16:56:32+00:00\",\"breadcrumb\":{\"@id\":\"https:\\\/\\\/garden-label.pl\\\/sklep\\\/produkt\\\/etykiety-ogrodnicze-wtykane-strzalki-do-pisania-biale-105x235mm-100-sztuk\\\/#breadcrumb\"},\"inLanguage\":\"pl-PL\",\"potentialAction\":[{\"@type\":\"ReadAction\",\"target\":[\"https:\\\/\\\/garden-label.pl\\\/sklep\\\/produkt\\\/etykiety-ogrodnicze-wtykane-strzalki-do-pisania-biale-105x235mm-100-sztuk\\\/\"]}]},{\"@type\":\"ImageObject\",\"inLanguage\":\"pl-PL\",\"@id\":\"https:\\\/\\\/garden-label.pl\\\/sklep\\\/produkt\\\/etykiety-ogrodnicze-wtykane-strzalki-do-pisania-biale-105x235mm-100-sztuk\\\/#primaryimage\",\"url\":\"https:\\\/\\\/garden-label.pl\\\/sklep\\\/wp-content\\\/uploads\\\/2025\\\/10\\\/9874753ac70555b6346f0ea02e5078c9.jpg\",\"contentUrl\":\"https:\\\/\\\/garden-label.pl\\\/sklep\\\/wp-content\\\/uploads\\\/2025\\\/10\\\/9874753ac70555b6346f0ea02e5078c9.jpg\",\"width\":577,\"height\":433,\"caption\":\"6982dba2ae840766c53b40ca7b171852\"},{\"@type\":\"BreadcrumbList\",\"@id\":\"https:\\\/\\\/garden-label.pl\\\/sklep\\\/produkt\\\/etykiety-ogrodnicze-wtykane-strzalki-do-pisania-biale-105x235mm-100-sztuk\\\/#breadcrumb\",\"itemListElement\":[{\"@type\":\"ListItem\",\"position\":1,\"name\":\"Strona g\u0142\u00f3wna\",\"item\":\"https:\\\/\\\/garden-label.pl\\\/sklep\\\/\"},{\"@type\":\"ListItem\",\"position\":2,\"name\":\"Home\",\"item\":\"https:\\\/\\\/garden-label.pl\\\/sklep\\\/\"},{\"@type\":\"ListItem\",\"position\":3,\"name\":\"Etykiety ogrodnicze wtykane strza\u0142ki do pisania BIA\u0141E 105&#215;23,5mm 100 sztuk\"}]},{\"@type\":\"WebSite\",\"@id\":\"https:\\\/\\\/garden-label.pl\\\/sklep\\\/#website\",\"url\":\"https:\\\/\\\/garden-label.pl\\\/sklep\\\/\",\"name\":\"Sklep Garden-Label: etykiety dla ogrodnictwa, drukarki, oprogramowanie\",\"description\":\"ETYKIETY OGRODNICZE INFORMATYZACJA SZK\u00d3\u0141EK PASZPORTY RO\u015aLIN SKLEPY INTERNETOWE\",\"publisher\":{\"@id\":\"https:\\\/\\\/garden-label.pl\\\/sklep\\\/#organization\"},\"potentialAction\":[{\"@type\":\"SearchAction\",\"target\":{\"@type\":\"EntryPoint\",\"urlTemplate\":\"https:\\\/\\\/garden-label.pl\\\/sklep\\\/?s={search_term_string}\"},\"query-input\":{\"@type\":\"PropertyValueSpecification\",\"valueRequired\":true,\"valueName\":\"search_term_string\"}}],\"inLanguage\":\"pl-PL\"},{\"@type\":\"Organization\",\"@id\":\"https:\\\/\\\/garden-label.pl\\\/sklep\\\/#organization\",\"name\":\"Sklep Garden-Label: etykiety dla ogrodnictwa, drukarki, oprogramowanie\",\"url\":\"https:\\\/\\\/garden-label.pl\\\/sklep\\\/\",\"logo\":{\"@type\":\"ImageObject\",\"inLanguage\":\"pl-PL\",\"@id\":\"https:\\\/\\\/garden-label.pl\\\/sklep\\\/#\\\/schema\\\/logo\\\/image\\\/\",\"url\":\"https:\\\/\\\/garden-label.pl\\\/sklep\\\/wp-content\\\/uploads\\\/2024\\\/01\\\/GardenLabel-pastelowe.png\",\"contentUrl\":\"https:\\\/\\\/garden-label.pl\\\/sklep\\\/wp-content\\\/uploads\\\/2024\\\/01\\\/GardenLabel-pastelowe.png\",\"width\":2566,\"height\":1054,\"caption\":\"Sklep Garden-Label: etykiety dla ogrodnictwa, drukarki, oprogramowanie\"},\"image\":{\"@id\":\"https:\\\/\\\/garden-label.pl\\\/sklep\\\/#\\\/schema\\\/logo\\\/image\\\/\"},\"sameAs\":[\"https:\\\/\\\/www.facebook.com\\\/gardenlabelpl\"]}]}<\/script>\n<meta property=\"product:brand\" content=\"Garden-Label.pl\" \/>\n<meta property=\"product:price:amount\" content=\"26.95\" \/>\n<meta property=\"product:price:currency\" content=\"PLN\" \/>\n<meta property=\"og:availability\" content=\"instock\" \/>\n<meta property=\"product:availability\" content=\"instock\" \/>\n<meta property=\"product:retailer_item_id\" content=\"5906477685588\" \/>\n<meta property=\"product:condition\" content=\"new\" \/>\n<!-- \/ Yoast SEO Premium plugin. -->","yoast_head_json":{"title":"Etykiety ogrodnicze wtykane strza\u0142ki do pisania BIA\u0141E 105x23,5mm 100 sztuk - Sklep Garden-Label: etykiety dla ogrodnictwa","robots":{"index":"index","follow":"follow","max-snippet":"max-snippet:-1","max-image-preview":"max-image-preview:large","max-video-preview":"max-video-preview:-1"},"canonical":"https:\/\/garden-label.pl\/sklep\/produkt\/etykiety-ogrodnicze-wtykane-strzalki-do-pisania-biale-105x235mm-100-sztuk\/","og_locale":"pl_PL","og_type":"article","og_title":"Etykiety ogrodnicze wtykane strza\u0142ki do pisania BIA\u0141E 105x23,5mm 100 sztuk","og_description":"Oferujemy wysokiej jako\u015bci etykiety ogrodnicze, kt\u00f3re zapewniaj\u0105 wygodne i trwa\u0142e oznaczenie ro\u015blin. Nasze wtykane etykiety o wymiarach 105x23,5 mm, wykonane z wytrzyma\u0142ego PVC, s\u0105 idealnym... wi\u0119cej","og_url":"https:\/\/garden-label.pl\/sklep\/produkt\/etykiety-ogrodnicze-wtykane-strzalki-do-pisania-biale-105x235mm-100-sztuk\/","og_site_name":"Sklep Garden-Label: etykiety dla ogrodnictwa","article_publisher":"https:\/\/www.facebook.com\/gardenlabelpl","article_modified_time":"2026-04-09T16:56:32+00:00","og_image":[{"width":577,"height":433,"url":"https:\/\/garden-label.pl\/sklep\/wp-content\/uploads\/2025\/01\/9874753ac70555b6346f0ea02e5078c9.jpg","type":"image\/jpeg"}],"twitter_card":"summary_large_image","twitter_misc":{"Cena":"26,95&nbsp;&#122;&#322;","Dost\u0119pno\u015b\u0107":"Dost\u0119pny"},"schema":{"@context":"https:\/\/schema.org","@graph":[{"@type":"WebPage","@id":"https:\/\/garden-label.pl\/sklep\/produkt\/etykiety-ogrodnicze-wtykane-strzalki-do-pisania-biale-105x235mm-100-sztuk\/","url":"https:\/\/garden-label.pl\/sklep\/produkt\/etykiety-ogrodnicze-wtykane-strzalki-do-pisania-biale-105x235mm-100-sztuk\/","name":"Etykiety ogrodnicze wtykane strza\u0142ki do pisania BIA\u0141E 105x23,5mm 100 sztuk - Sklep Garden-Label: etykiety dla ogrodnictwa","isPartOf":{"@id":"https:\/\/garden-label.pl\/sklep\/#website"},"primaryImageOfPage":{"@id":"https:\/\/garden-label.pl\/sklep\/produkt\/etykiety-ogrodnicze-wtykane-strzalki-do-pisania-biale-105x235mm-100-sztuk\/#primaryimage"},"image":{"@id":"https:\/\/garden-label.pl\/sklep\/produkt\/etykiety-ogrodnicze-wtykane-strzalki-do-pisania-biale-105x235mm-100-sztuk\/#primaryimage"},"thumbnailUrl":"https:\/\/garden-label.pl\/sklep\/wp-content\/uploads\/2025\/10\/9874753ac70555b6346f0ea02e5078c9.jpg","datePublished":"2024-06-13T07:31:27+00:00","dateModified":"2026-04-09T16:56:32+00:00","breadcrumb":{"@id":"https:\/\/garden-label.pl\/sklep\/produkt\/etykiety-ogrodnicze-wtykane-strzalki-do-pisania-biale-105x235mm-100-sztuk\/#breadcrumb"},"inLanguage":"pl-PL","potentialAction":[{"@type":"ReadAction","target":["https:\/\/garden-label.pl\/sklep\/produkt\/etykiety-ogrodnicze-wtykane-strzalki-do-pisania-biale-105x235mm-100-sztuk\/"]}]},{"@type":"ImageObject","inLanguage":"pl-PL","@id":"https:\/\/garden-label.pl\/sklep\/produkt\/etykiety-ogrodnicze-wtykane-strzalki-do-pisania-biale-105x235mm-100-sztuk\/#primaryimage","url":"https:\/\/garden-label.pl\/sklep\/wp-content\/uploads\/2025\/10\/9874753ac70555b6346f0ea02e5078c9.jpg","contentUrl":"https:\/\/garden-label.pl\/sklep\/wp-content\/uploads\/2025\/10\/9874753ac70555b6346f0ea02e5078c9.jpg","width":577,"height":433,"caption":"6982dba2ae840766c53b40ca7b171852"},{"@type":"BreadcrumbList","@id":"https:\/\/garden-label.pl\/sklep\/produkt\/etykiety-ogrodnicze-wtykane-strzalki-do-pisania-biale-105x235mm-100-sztuk\/#breadcrumb","itemListElement":[{"@type":"ListItem","position":1,"name":"Strona g\u0142\u00f3wna","item":"https:\/\/garden-label.pl\/sklep\/"},{"@type":"ListItem","position":2,"name":"Home","item":"https:\/\/garden-label.pl\/sklep\/"},{"@type":"ListItem","position":3,"name":"Etykiety ogrodnicze wtykane strza\u0142ki do pisania BIA\u0141E 105&#215;23,5mm 100 sztuk"}]},{"@type":"WebSite","@id":"https:\/\/garden-label.pl\/sklep\/#website","url":"https:\/\/garden-label.pl\/sklep\/","name":"Sklep Garden-Label: etykiety dla ogrodnictwa, drukarki, oprogramowanie","description":"ETYKIETY OGRODNICZE INFORMATYZACJA SZK\u00d3\u0141EK PASZPORTY RO\u015aLIN SKLEPY INTERNETOWE","publisher":{"@id":"https:\/\/garden-label.pl\/sklep\/#organization"},"potentialAction":[{"@type":"SearchAction","target":{"@type":"EntryPoint","urlTemplate":"https:\/\/garden-label.pl\/sklep\/?s={search_term_string}"},"query-input":{"@type":"PropertyValueSpecification","valueRequired":true,"valueName":"search_term_string"}}],"inLanguage":"pl-PL"},{"@type":"Organization","@id":"https:\/\/garden-label.pl\/sklep\/#organization","name":"Sklep Garden-Label: etykiety dla ogrodnictwa, drukarki, oprogramowanie","url":"https:\/\/garden-label.pl\/sklep\/","logo":{"@type":"ImageObject","inLanguage":"pl-PL","@id":"https:\/\/garden-label.pl\/sklep\/#\/schema\/logo\/image\/","url":"https:\/\/garden-label.pl\/sklep\/wp-content\/uploads\/2024\/01\/GardenLabel-pastelowe.png","contentUrl":"https:\/\/garden-label.pl\/sklep\/wp-content\/uploads\/2024\/01\/GardenLabel-pastelowe.png","width":2566,"height":1054,"caption":"Sklep Garden-Label: etykiety dla ogrodnictwa, drukarki, oprogramowanie"},"image":{"@id":"https:\/\/garden-label.pl\/sklep\/#\/schema\/logo\/image\/"},"sameAs":["https:\/\/www.facebook.com\/gardenlabelpl"]}]},"product_brand":"Garden-Label.pl","product_price_amount":"26.95","product_price_currency":"PLN","og_availability":"instock","product_availability":"instock","product_retailer_item_id":"5906477685588","product_condition":"new"},"_links":{"self":[{"href":"https:\/\/garden-label.pl\/sklep\/wp-json\/wp\/v2\/product\/4315","targetHints":{"allow":["GET"]}}],"collection":[{"href":"https:\/\/garden-label.pl\/sklep\/wp-json\/wp\/v2\/product"}],"about":[{"href":"https:\/\/garden-label.pl\/sklep\/wp-json\/wp\/v2\/types\/product"}],"replies":[{"embeddable":true,"href":"https:\/\/garden-label.pl\/sklep\/wp-json\/wp\/v2\/comments?post=4315"}],"version-history":[{"count":0,"href":"https:\/\/garden-label.pl\/sklep\/wp-json\/wp\/v2\/product\/4315\/revisions"}],"wp:featuredmedia":[{"embeddable":true,"href":"https:\/\/garden-label.pl\/sklep\/wp-json\/wp\/v2\/media\/86047"}],"wp:attachment":[{"href":"https:\/\/garden-label.pl\/sklep\/wp-json\/wp\/v2\/media?parent=4315"}],"wp:term":[{"taxonomy":"product_brand","embeddable":true,"href":"https:\/\/garden-label.pl\/sklep\/wp-json\/wp\/v2\/product_brand?post=4315"},{"taxonomy":"product_cat","embeddable":true,"href":"https:\/\/garden-label.pl\/sklep\/wp-json\/wp\/v2\/product_cat?post=4315"},{"taxonomy":"product_tag","embeddable":true,"href":"https:\/\/garden-label.pl\/sklep\/wp-json\/wp\/v2\/product_tag?post=4315"}],"curies":[{"name":"wp","href":"https:\/\/api.w.org\/{rel}","templated":true}]}}