{"id":4033,"date":"2024-06-12T14:39:52","date_gmt":"2024-06-12T12:39:52","guid":{"rendered":"https:\/\/garden-label.pl\/sklep\/produkt\/tabliczka-ogrodowa-wtykana-105x80x370-cm-duza-aluminium-zestaw-10-sztuk\/"},"modified":"2026-03-13T06:23:25","modified_gmt":"2026-03-13T05:23:25","slug":"tabliczka-ogrodowa-wtykana-105x80x370-cm-duza-aluminium-zestaw-10-sztuk","status":"publish","type":"product","link":"https:\/\/garden-label.pl\/sklep\/produkt\/tabliczka-ogrodowa-wtykana-105x80x370-cm-duza-aluminium-zestaw-10-sztuk\/","title":{"rendered":"Tabliczka ogrodowa wtykana, 105x80x370 mm, DU\u017bA, Aluminium zestaw 10 sztuk"},"content":{"rendered":"<p>Tabliczka ogrodowa wtykana to praktyczne i estetyczne rozwi\u0105zanie do oznaczania ro\u015blin w ogrodzie, szk\u00f3\u0142ce czy centrum ogrodniczym. Wykonana z wysokiej jako\u015bci aluminium, charakteryzuje si\u0119 odporno\u015bci\u0105 na dzia\u0142anie czynnik\u00f3w atmosferycznych, co czyni j\u0105 idealnym wyborem na zewn\u0105trz. Wymiary tabliczki wynosz\u0105 105 mm szeroko\u015bci, 80 mm wysoko\u015bci oraz 370 mm d\u0142ugo\u015bci n\u00f3\u017cki, co zapewnia doskona\u0142\u0105 widoczno\u015b\u0107 i \u0142atwo\u015b\u0107 w u\u017cyciu. W zestawie znajduje si\u0119 10 sztuk tabliczek, co pozwala na oznaczenie wi\u0119kszej liczby ro\u015blin.<\/p>\n<p>Tabliczki s\u0105 nie tylko funkcjonalne, ale r\u00f3wnie\u017c estetyczne. Mo\u017cliwo\u015b\u0107 wyboru kolor\u00f3w malowania proszkowego, takich jak czerwie\u0144, ziele\u0144 czy niebieski, dodaje uroku ka\u017cdemu ogrodowi. Ich nachylona konstrukcja (pod k\u0105tem 45 stopni) umo\u017cliwia wygodne odczytywanie informacji, a zako\u0144czenie n\u00f3\u017cki w formie ostrza u\u0142atwia jej wstawienie w ziemi\u0119.<\/p>\n<p>Dzi\u0119ki trwa\u0142emu materia\u0142owi, tabliczki s\u0105 odporne na uszkodzenia oraz zarysowania, a ich powierzchnia doskonale nadaje si\u0119 do naklejania etykiet samoprzylepnych, zar\u00f3wno zadrukowanych metod\u0105 termotransferow\u0105, jak i laserow\u0105. Tabliczka ogrodowa wtykana to niezb\u0119dny element wyposa\u017cenia ka\u017cdego ogrodnika, kt\u00f3ry pragnie efektywnie i estetycznie zorganizowa\u0107 sw\u00f3j zielony zak\u0105tek. Produkt jest nowy, zapakowany w oryginalne opakowanie i obj\u0119ty 24-miesi\u0119czn\u0105 gwarancj\u0105. Czas realizacji zam\u00f3wienia wynosi zaledwie 1 dzie\u0144 roboczy. <\/p>\n<p>Instrukcja obs\u0142ugi: https:\/\/garden-label.pl\/instrukcje\/<\/p>\n<p>producent\/przedstawiciel\/informacje o bezpiecze\u0144stwie: https:\/\/anetpol.pl\/regulamin-sklepu-internetowego\/<br \/>biuro@anetpol.pl<\/p>\n","protected":false},"excerpt":{"rendered":"<p>Tabliczka ogrodowa wtykana, wykonana z wysokiej jako\u015bci aluminium, to doskona\u0142e rozwi\u0105zanie dla ka\u017cdego ogrodnika, kt\u00f3ry pragnie w estetyczny spos\u00f3b oznaczy\u0107 swoje ro\u015bliny. W zestawie znajduje&#8230; <a href=\"https:\/\/garden-label.pl\/sklep\/produkt\/tabliczka-ogrodowa-wtykana-105x80x370-cm-duza-aluminium-zestaw-10-sztuk\/\">wi\u0119cej<\/a><\/p>\n","protected":false},"featured_media":86032,"comment_status":"open","ping_status":"closed","template":"","meta":[],"product_brand":[910],"product_cat":[1084,1096,15],"product_tag":[1082,902,1000,1083,1001],"class_list":{"0":"post-4033","1":"product","2":"type-product","3":"status-publish","4":"has-post-thumbnail","6":"product_brand-garden-label-pl","7":"product_cat-dom-i-ogrod","8":"product_cat-tabliczki-i-znaczniki","9":"product_cat-sklep","10":"product_tag-anetpol","11":"product_tag-garden-label","12":"product_tag-grawerowanie-laserem","13":"product_tag-supermerchant","14":"product_tag-tabliczki-znaczniki","15":"sales-flash-overlay","16":"woocommerce-text-align-left","17":"woocommerce-image-align-center","18":"do-quantity-buttons","19":"wc-has-gallery","21":"first","22":"outofstock","23":"taxable","24":"shipping-taxable","25":"purchasable","26":"product-type-simple"},"yoast_head":"<!-- This site is optimized with the Yoast SEO Premium plugin v26.3 (Yoast SEO v27.3) - https:\/\/yoast.com\/product\/yoast-seo-premium-wordpress\/ -->\n<title>Tabliczka ogrodowa wtykana, 105x80x370 mm, DU\u017bA, Aluminium zestaw 10 sztuk - Sklep Garden-Label: etykiety dla ogrodnictwa<\/title>\n<meta name=\"robots\" content=\"index, follow, max-snippet:-1, max-image-preview:large, max-video-preview:-1\" \/>\n<link rel=\"canonical\" href=\"https:\/\/garden-label.pl\/sklep\/produkt\/tabliczka-ogrodowa-wtykana-105x80x370-cm-duza-aluminium-zestaw-10-sztuk\/\" \/>\n<meta property=\"og:locale\" content=\"pl_PL\" \/>\n<meta property=\"og:type\" content=\"article\" \/>\n<meta property=\"og:title\" content=\"Tabliczka ogrodowa wtykana, 105x80x370 mm, DU\u017bA, Aluminium zestaw 10 sztuk\" \/>\n<meta property=\"og:description\" content=\"Tabliczka ogrodowa wtykana, wykonana z wysokiej jako\u015bci aluminium, to doskona\u0142e rozwi\u0105zanie dla ka\u017cdego ogrodnika, kt\u00f3ry pragnie w estetyczny spos\u00f3b oznaczy\u0107 swoje ro\u015bliny. W zestawie znajduje... wi\u0119cej\" \/>\n<meta property=\"og:url\" content=\"https:\/\/garden-label.pl\/sklep\/produkt\/tabliczka-ogrodowa-wtykana-105x80x370-cm-duza-aluminium-zestaw-10-sztuk\/\" \/>\n<meta property=\"og:site_name\" content=\"Sklep Garden-Label: etykiety dla ogrodnictwa\" \/>\n<meta property=\"article:publisher\" content=\"https:\/\/www.facebook.com\/gardenlabelpl\" \/>\n<meta property=\"article:modified_time\" content=\"2026-03-13T05:23:25+00:00\" \/>\n<meta property=\"og:image\" content=\"https:\/\/garden-label.pl\/sklep\/wp-content\/uploads\/2025\/10\/04be110011cd9a3fa07c3c6383ac64fd.jpg\" \/>\n\t<meta property=\"og:image:width\" content=\"1911\" \/>\n\t<meta property=\"og:image:height\" content=\"2549\" \/>\n\t<meta property=\"og:image:type\" content=\"image\/jpeg\" \/>\n<meta name=\"twitter:card\" content=\"summary_large_image\" \/>\n<meta name=\"twitter:label1\" content=\"Cena\" \/>\n\t<meta name=\"twitter:data1\" content=\"249,00&nbsp;&#122;&#322;\" \/>\n\t<meta name=\"twitter:label2\" content=\"Dost\u0119pno\u015b\u0107\" \/>\n\t<meta name=\"twitter:data2\" content=\"Brak w magazynie\" \/>\n<script type=\"application\/ld+json\" class=\"yoast-schema-graph\">{\"@context\":\"https:\\\/\\\/schema.org\",\"@graph\":[{\"@type\":\"WebPage\",\"@id\":\"https:\\\/\\\/garden-label.pl\\\/sklep\\\/produkt\\\/tabliczka-ogrodowa-wtykana-105x80x370-cm-duza-aluminium-zestaw-10-sztuk\\\/\",\"url\":\"https:\\\/\\\/garden-label.pl\\\/sklep\\\/produkt\\\/tabliczka-ogrodowa-wtykana-105x80x370-cm-duza-aluminium-zestaw-10-sztuk\\\/\",\"name\":\"Tabliczka ogrodowa wtykana, 105x80x370 mm, DU\u017bA, Aluminium zestaw 10 sztuk - Sklep Garden-Label: etykiety dla ogrodnictwa\",\"isPartOf\":{\"@id\":\"https:\\\/\\\/garden-label.pl\\\/sklep\\\/#website\"},\"primaryImageOfPage\":{\"@id\":\"https:\\\/\\\/garden-label.pl\\\/sklep\\\/produkt\\\/tabliczka-ogrodowa-wtykana-105x80x370-cm-duza-aluminium-zestaw-10-sztuk\\\/#primaryimage\"},\"image\":{\"@id\":\"https:\\\/\\\/garden-label.pl\\\/sklep\\\/produkt\\\/tabliczka-ogrodowa-wtykana-105x80x370-cm-duza-aluminium-zestaw-10-sztuk\\\/#primaryimage\"},\"thumbnailUrl\":\"https:\\\/\\\/garden-label.pl\\\/sklep\\\/wp-content\\\/uploads\\\/2025\\\/10\\\/04be110011cd9a3fa07c3c6383ac64fd-2.jpg\",\"datePublished\":\"2024-06-12T12:39:52+00:00\",\"dateModified\":\"2026-03-13T05:23:25+00:00\",\"breadcrumb\":{\"@id\":\"https:\\\/\\\/garden-label.pl\\\/sklep\\\/produkt\\\/tabliczka-ogrodowa-wtykana-105x80x370-cm-duza-aluminium-zestaw-10-sztuk\\\/#breadcrumb\"},\"inLanguage\":\"pl-PL\",\"potentialAction\":[{\"@type\":\"ReadAction\",\"target\":[\"https:\\\/\\\/garden-label.pl\\\/sklep\\\/produkt\\\/tabliczka-ogrodowa-wtykana-105x80x370-cm-duza-aluminium-zestaw-10-sztuk\\\/\"]}]},{\"@type\":\"ImageObject\",\"inLanguage\":\"pl-PL\",\"@id\":\"https:\\\/\\\/garden-label.pl\\\/sklep\\\/produkt\\\/tabliczka-ogrodowa-wtykana-105x80x370-cm-duza-aluminium-zestaw-10-sztuk\\\/#primaryimage\",\"url\":\"https:\\\/\\\/garden-label.pl\\\/sklep\\\/wp-content\\\/uploads\\\/2025\\\/10\\\/04be110011cd9a3fa07c3c6383ac64fd-2.jpg\",\"contentUrl\":\"https:\\\/\\\/garden-label.pl\\\/sklep\\\/wp-content\\\/uploads\\\/2025\\\/10\\\/04be110011cd9a3fa07c3c6383ac64fd-2.jpg\",\"width\":1911,\"height\":2549,\"caption\":\"2fd77d391802b589b523f261ffa23dea\"},{\"@type\":\"BreadcrumbList\",\"@id\":\"https:\\\/\\\/garden-label.pl\\\/sklep\\\/produkt\\\/tabliczka-ogrodowa-wtykana-105x80x370-cm-duza-aluminium-zestaw-10-sztuk\\\/#breadcrumb\",\"itemListElement\":[{\"@type\":\"ListItem\",\"position\":1,\"name\":\"Strona g\u0142\u00f3wna\",\"item\":\"https:\\\/\\\/garden-label.pl\\\/sklep\\\/\"},{\"@type\":\"ListItem\",\"position\":2,\"name\":\"Home\",\"item\":\"https:\\\/\\\/garden-label.pl\\\/sklep\\\/\"},{\"@type\":\"ListItem\",\"position\":3,\"name\":\"Tabliczka ogrodowa wtykana, 105x80x370 mm, DU\u017bA, Aluminium zestaw 10 sztuk\"}]},{\"@type\":\"WebSite\",\"@id\":\"https:\\\/\\\/garden-label.pl\\\/sklep\\\/#website\",\"url\":\"https:\\\/\\\/garden-label.pl\\\/sklep\\\/\",\"name\":\"Sklep Garden-Label: etykiety dla ogrodnictwa, drukarki, oprogramowanie\",\"description\":\"ETYKIETY OGRODNICZE INFORMATYZACJA SZK\u00d3\u0141EK PASZPORTY RO\u015aLIN SKLEPY INTERNETOWE\",\"publisher\":{\"@id\":\"https:\\\/\\\/garden-label.pl\\\/sklep\\\/#organization\"},\"potentialAction\":[{\"@type\":\"SearchAction\",\"target\":{\"@type\":\"EntryPoint\",\"urlTemplate\":\"https:\\\/\\\/garden-label.pl\\\/sklep\\\/?s={search_term_string}\"},\"query-input\":{\"@type\":\"PropertyValueSpecification\",\"valueRequired\":true,\"valueName\":\"search_term_string\"}}],\"inLanguage\":\"pl-PL\"},{\"@type\":\"Organization\",\"@id\":\"https:\\\/\\\/garden-label.pl\\\/sklep\\\/#organization\",\"name\":\"Sklep Garden-Label: etykiety dla ogrodnictwa, drukarki, oprogramowanie\",\"url\":\"https:\\\/\\\/garden-label.pl\\\/sklep\\\/\",\"logo\":{\"@type\":\"ImageObject\",\"inLanguage\":\"pl-PL\",\"@id\":\"https:\\\/\\\/garden-label.pl\\\/sklep\\\/#\\\/schema\\\/logo\\\/image\\\/\",\"url\":\"https:\\\/\\\/garden-label.pl\\\/sklep\\\/wp-content\\\/uploads\\\/2024\\\/01\\\/GardenLabel-pastelowe.png\",\"contentUrl\":\"https:\\\/\\\/garden-label.pl\\\/sklep\\\/wp-content\\\/uploads\\\/2024\\\/01\\\/GardenLabel-pastelowe.png\",\"width\":2566,\"height\":1054,\"caption\":\"Sklep Garden-Label: etykiety dla ogrodnictwa, drukarki, oprogramowanie\"},\"image\":{\"@id\":\"https:\\\/\\\/garden-label.pl\\\/sklep\\\/#\\\/schema\\\/logo\\\/image\\\/\"},\"sameAs\":[\"https:\\\/\\\/www.facebook.com\\\/gardenlabelpl\"]}]}<\/script>\n<meta property=\"product:brand\" content=\"Garden-Label.pl\" \/>\n<meta property=\"product:price:amount\" content=\"249.00\" \/>\n<meta property=\"product:price:currency\" content=\"PLN\" \/>\n<meta property=\"og:availability\" content=\"out of stock\" \/>\n<meta property=\"product:availability\" content=\"out of stock\" \/>\n<meta property=\"product:retailer_item_id\" content=\"5906477685885\" \/>\n<meta property=\"product:condition\" content=\"new\" \/>\n<!-- \/ Yoast SEO Premium plugin. -->","yoast_head_json":{"title":"Tabliczka ogrodowa wtykana, 105x80x370 mm, DU\u017bA, Aluminium zestaw 10 sztuk - Sklep Garden-Label: etykiety dla ogrodnictwa","robots":{"index":"index","follow":"follow","max-snippet":"max-snippet:-1","max-image-preview":"max-image-preview:large","max-video-preview":"max-video-preview:-1"},"canonical":"https:\/\/garden-label.pl\/sklep\/produkt\/tabliczka-ogrodowa-wtykana-105x80x370-cm-duza-aluminium-zestaw-10-sztuk\/","og_locale":"pl_PL","og_type":"article","og_title":"Tabliczka ogrodowa wtykana, 105x80x370 mm, DU\u017bA, Aluminium zestaw 10 sztuk","og_description":"Tabliczka ogrodowa wtykana, wykonana z wysokiej jako\u015bci aluminium, to doskona\u0142e rozwi\u0105zanie dla ka\u017cdego ogrodnika, kt\u00f3ry pragnie w estetyczny spos\u00f3b oznaczy\u0107 swoje ro\u015bliny. W zestawie znajduje... wi\u0119cej","og_url":"https:\/\/garden-label.pl\/sklep\/produkt\/tabliczka-ogrodowa-wtykana-105x80x370-cm-duza-aluminium-zestaw-10-sztuk\/","og_site_name":"Sklep Garden-Label: etykiety dla ogrodnictwa","article_publisher":"https:\/\/www.facebook.com\/gardenlabelpl","article_modified_time":"2026-03-13T05:23:25+00:00","og_image":[{"width":1911,"height":2549,"url":"https:\/\/garden-label.pl\/sklep\/wp-content\/uploads\/2025\/10\/04be110011cd9a3fa07c3c6383ac64fd.jpg","type":"image\/jpeg"}],"twitter_card":"summary_large_image","twitter_misc":{"Cena":"249,00&nbsp;&#122;&#322;","Dost\u0119pno\u015b\u0107":"Brak w magazynie"},"schema":{"@context":"https:\/\/schema.org","@graph":[{"@type":"WebPage","@id":"https:\/\/garden-label.pl\/sklep\/produkt\/tabliczka-ogrodowa-wtykana-105x80x370-cm-duza-aluminium-zestaw-10-sztuk\/","url":"https:\/\/garden-label.pl\/sklep\/produkt\/tabliczka-ogrodowa-wtykana-105x80x370-cm-duza-aluminium-zestaw-10-sztuk\/","name":"Tabliczka ogrodowa wtykana, 105x80x370 mm, DU\u017bA, Aluminium zestaw 10 sztuk - Sklep Garden-Label: etykiety dla ogrodnictwa","isPartOf":{"@id":"https:\/\/garden-label.pl\/sklep\/#website"},"primaryImageOfPage":{"@id":"https:\/\/garden-label.pl\/sklep\/produkt\/tabliczka-ogrodowa-wtykana-105x80x370-cm-duza-aluminium-zestaw-10-sztuk\/#primaryimage"},"image":{"@id":"https:\/\/garden-label.pl\/sklep\/produkt\/tabliczka-ogrodowa-wtykana-105x80x370-cm-duza-aluminium-zestaw-10-sztuk\/#primaryimage"},"thumbnailUrl":"https:\/\/garden-label.pl\/sklep\/wp-content\/uploads\/2025\/10\/04be110011cd9a3fa07c3c6383ac64fd-2.jpg","datePublished":"2024-06-12T12:39:52+00:00","dateModified":"2026-03-13T05:23:25+00:00","breadcrumb":{"@id":"https:\/\/garden-label.pl\/sklep\/produkt\/tabliczka-ogrodowa-wtykana-105x80x370-cm-duza-aluminium-zestaw-10-sztuk\/#breadcrumb"},"inLanguage":"pl-PL","potentialAction":[{"@type":"ReadAction","target":["https:\/\/garden-label.pl\/sklep\/produkt\/tabliczka-ogrodowa-wtykana-105x80x370-cm-duza-aluminium-zestaw-10-sztuk\/"]}]},{"@type":"ImageObject","inLanguage":"pl-PL","@id":"https:\/\/garden-label.pl\/sklep\/produkt\/tabliczka-ogrodowa-wtykana-105x80x370-cm-duza-aluminium-zestaw-10-sztuk\/#primaryimage","url":"https:\/\/garden-label.pl\/sklep\/wp-content\/uploads\/2025\/10\/04be110011cd9a3fa07c3c6383ac64fd-2.jpg","contentUrl":"https:\/\/garden-label.pl\/sklep\/wp-content\/uploads\/2025\/10\/04be110011cd9a3fa07c3c6383ac64fd-2.jpg","width":1911,"height":2549,"caption":"2fd77d391802b589b523f261ffa23dea"},{"@type":"BreadcrumbList","@id":"https:\/\/garden-label.pl\/sklep\/produkt\/tabliczka-ogrodowa-wtykana-105x80x370-cm-duza-aluminium-zestaw-10-sztuk\/#breadcrumb","itemListElement":[{"@type":"ListItem","position":1,"name":"Strona g\u0142\u00f3wna","item":"https:\/\/garden-label.pl\/sklep\/"},{"@type":"ListItem","position":2,"name":"Home","item":"https:\/\/garden-label.pl\/sklep\/"},{"@type":"ListItem","position":3,"name":"Tabliczka ogrodowa wtykana, 105x80x370 mm, DU\u017bA, Aluminium zestaw 10 sztuk"}]},{"@type":"WebSite","@id":"https:\/\/garden-label.pl\/sklep\/#website","url":"https:\/\/garden-label.pl\/sklep\/","name":"Sklep Garden-Label: etykiety dla ogrodnictwa, drukarki, oprogramowanie","description":"ETYKIETY OGRODNICZE INFORMATYZACJA SZK\u00d3\u0141EK PASZPORTY RO\u015aLIN SKLEPY INTERNETOWE","publisher":{"@id":"https:\/\/garden-label.pl\/sklep\/#organization"},"potentialAction":[{"@type":"SearchAction","target":{"@type":"EntryPoint","urlTemplate":"https:\/\/garden-label.pl\/sklep\/?s={search_term_string}"},"query-input":{"@type":"PropertyValueSpecification","valueRequired":true,"valueName":"search_term_string"}}],"inLanguage":"pl-PL"},{"@type":"Organization","@id":"https:\/\/garden-label.pl\/sklep\/#organization","name":"Sklep Garden-Label: etykiety dla ogrodnictwa, drukarki, oprogramowanie","url":"https:\/\/garden-label.pl\/sklep\/","logo":{"@type":"ImageObject","inLanguage":"pl-PL","@id":"https:\/\/garden-label.pl\/sklep\/#\/schema\/logo\/image\/","url":"https:\/\/garden-label.pl\/sklep\/wp-content\/uploads\/2024\/01\/GardenLabel-pastelowe.png","contentUrl":"https:\/\/garden-label.pl\/sklep\/wp-content\/uploads\/2024\/01\/GardenLabel-pastelowe.png","width":2566,"height":1054,"caption":"Sklep Garden-Label: etykiety dla ogrodnictwa, drukarki, oprogramowanie"},"image":{"@id":"https:\/\/garden-label.pl\/sklep\/#\/schema\/logo\/image\/"},"sameAs":["https:\/\/www.facebook.com\/gardenlabelpl"]}]},"product_brand":"Garden-Label.pl","product_price_amount":"249.00","product_price_currency":"PLN","og_availability":"out of stock","product_availability":"out of stock","product_retailer_item_id":"5906477685885","product_condition":"new"},"_links":{"self":[{"href":"https:\/\/garden-label.pl\/sklep\/wp-json\/wp\/v2\/product\/4033","targetHints":{"allow":["GET"]}}],"collection":[{"href":"https:\/\/garden-label.pl\/sklep\/wp-json\/wp\/v2\/product"}],"about":[{"href":"https:\/\/garden-label.pl\/sklep\/wp-json\/wp\/v2\/types\/product"}],"replies":[{"embeddable":true,"href":"https:\/\/garden-label.pl\/sklep\/wp-json\/wp\/v2\/comments?post=4033"}],"version-history":[{"count":0,"href":"https:\/\/garden-label.pl\/sklep\/wp-json\/wp\/v2\/product\/4033\/revisions"}],"wp:featuredmedia":[{"embeddable":true,"href":"https:\/\/garden-label.pl\/sklep\/wp-json\/wp\/v2\/media\/86032"}],"wp:attachment":[{"href":"https:\/\/garden-label.pl\/sklep\/wp-json\/wp\/v2\/media?parent=4033"}],"wp:term":[{"taxonomy":"product_brand","embeddable":true,"href":"https:\/\/garden-label.pl\/sklep\/wp-json\/wp\/v2\/product_brand?post=4033"},{"taxonomy":"product_cat","embeddable":true,"href":"https:\/\/garden-label.pl\/sklep\/wp-json\/wp\/v2\/product_cat?post=4033"},{"taxonomy":"product_tag","embeddable":true,"href":"https:\/\/garden-label.pl\/sklep\/wp-json\/wp\/v2\/product_tag?post=4033"}],"curies":[{"name":"wp","href":"https:\/\/api.w.org\/{rel}","templated":true}]}}