{"id":4010,"date":"2024-06-12T14:38:00","date_gmt":"2024-06-12T12:38:00","guid":{"rendered":"https:\/\/garden-label.pl\/sklep\/produkt\/etykiety-ogrodnicze-wtykane-strzalki-do-pisania-biale-105x235mm-100marker\/"},"modified":"2026-04-09T12:26:03","modified_gmt":"2026-04-09T10:26:03","slug":"etykiety-ogrodnicze-wtykane-strzalki-do-pisania-biale-105x235mm-100marker","status":"publish","type":"product","link":"https:\/\/garden-label.pl\/sklep\/produkt\/etykiety-ogrodnicze-wtykane-strzalki-do-pisania-biale-105x235mm-100marker\/","title":{"rendered":"Etykiety ogrodnicze wtykane strza\u0142ki do pisania BIA\u0141E 105&#215;23,5mm 100+MARKER"},"content":{"rendered":"<section class=\"section\">\n<div class=\"item item-12\">\n<section class=\"image-item\"><img decoding=\"async\" src=\"https:\/\/upload.cdn.baselinker.com\/products\/6003689\/bbf4d2f452c059b75d383d5971695c10.jpg\"><\/section>\n<\/p><\/div>\n<\/section>\n<section class=\"section\">\n<div class=\"item item-12\">\n<section class=\"text-item\">\n<h2>Etykieta do OPISU RO\u015a\u0141IN markerem, wtykane strza\u0142ki do pisania BIA\u0141E 105&#215;23,5mm 100<\/h2>\n<h2>Zestaw zawiera 100 sztuk etykiet + MARKER ogrodniczy CZARNY<\/h2>\n<p>Etykieta p\u0119tlowa (p\u0119telkowa, wi\u0105zana) jest przeznaczona do i <b>pisania r\u0119cznego<\/b> za pomoc\u0105 wodoodpornego markera, co czyni j\u0105 odpowiedni\u0105 do u\u017cytku zewn\u0119trznego i odporn\u0105 na warunki atmosferyczne. Etykiety s\u0105 zaprojektowane tak, aby wytrzyma\u0107 deszcz, promienie s\u0142oneczne i inne zewn\u0119trzne warunki, co zapewnia, \u017ce informacje pozostan\u0105 czytelne przez d\u0142ugi czas. S\u0105 idealne do oznaczania ro\u015blin w ogrodach, szk\u00f3\u0142kach, sadowniczych i rolniczych aplikacjach, gdzie potrzebne jest trwa\u0142e i d\u0142ugotrwa\u0142e oznakowanie.<\/p>\n<\/section><\/div>\n<\/section>\n<section class=\"section\">\n<div class=\"item item-6\">\n<section class=\"image-item\"><img decoding=\"async\" src=\"https:\/\/upload.cdn.baselinker.com\/products\/6003689\/75b713ca8bc9fffd6f089669e4850d25.jpg\"><\/section>\n<\/p><\/div>\n<div class=\"item item-6\">\n<section class=\"text-item\">\n<p>Produkujemy specjalistyczne etykiety dla ogrodnictwa od ponad\u00a0<b>10 lat<\/b><\/p>\n<p>wymiary pojedynczej etykiety:<\/p>\n<p>d\u0142ugo\u015b\u0107 105 mm x szeroko\u015b\u0107 23,5 mm<\/p>\n<p>materia\u0142 PVC, grubo\u015b\u0107 250 mikron\u00f3w<\/p>\n<p>kolor: bia\u0142a<\/p>\n<p>ilo\u015b\u0107: 100 sztuk<\/p>\n<p><b>Etykiety wtykane mo\u017cna opisa\u0107 markerem ogrodniczym, dost\u0119pnym w kolorach: czarny. niebieski, czerwony, zielony.<\/b><\/p>\n<\/section><\/div>\n<\/section>\n<section class=\"section\">\n<div class=\"item item-6\">\n<section class=\"text-item\">\n<p>Marker permanentny odporny na \u015bwiat\u0142o, dzia\u0142anie wody i szybkoschn\u0105cy \u2013 idealny do pracy na zewn\u0105trz. Odporny na dzia\u0142anie promieni UV. Przydatny do opisywania wszelkiego rodzaju rzeczy ogrodowych \u2013 takich jak etykiety, doniczki i in. Jeden kolor tuszu.<\/p>\n<p><b>2 ko\u0144c\u00f3wki okr\u0105g\u0142e (szeroko\u015b\u0107 linii):<\/b><\/p>\n<p><b>1,0 mm &#8211; fibrowa, sto\u017ckowa<\/b><\/p>\n<p><b>0,5 mm &#8211; metalowa, ig\u0142owa<\/b><\/p>\n<p><b>d\u0142ugo\u015b\u0107 markera &#8211;\u00a0 14,5 cm<\/b><\/p>\n<p><b>Kolor CZARNY<\/b><\/p>\n<p><b>Dost\u0119pne kolory: czarny. niebieski, czerwony, zielony<\/b><\/p>\n<\/section><\/div>\n<div class=\"item item-6\">\n<section class=\"image-item\"><img decoding=\"async\" src=\"https:\/\/upload.cdn.baselinker.com\/products\/6003689\/8bb4c122f4c78da2f91e730f497eb33f.jpg\"><\/section>\n<\/p><\/div>\n<\/section>\n<section class=\"section\">\n<div class=\"item item-6\">\n<section class=\"image-item\"><img decoding=\"async\" src=\"https:\/\/upload.cdn.baselinker.com\/products\/6003689\/d7cf815f1f65af8e66af78e534da40e0.jpg\"><\/section>\n<\/p><\/div>\n<div class=\"item item-6\">\n<section class=\"image-item\"><img decoding=\"async\" src=\"https:\/\/upload.cdn.baselinker.com\/products\/6003689\/e309f932fe37fc0b3f8381b16e24d470.jpg\"><\/section>\n<\/p><\/div>\n<\/section>\n<section class=\"section\">\n<div class=\"item item-6\">\n<section class=\"image-item\"><img decoding=\"async\" src=\"https:\/\/upload.cdn.baselinker.com\/products\/6003689\/b014ad20bd444ed0b7f44d05c51ba473.jpg\"><\/section>\n<\/p><\/div>\n<div class=\"item item-6\">\n<section class=\"image-item\"><img decoding=\"async\" src=\"https:\/\/upload.cdn.baselinker.com\/products\/6003689\/238f407ed87da49071c5130d31cefc78.jpg\"><\/section>\n<\/p><\/div>\n<\/section>\n<section class=\"section\">\n<div class=\"item item-6\">\n<section class=\"image-item\"><img decoding=\"async\" src=\"https:\/\/upload.cdn.baselinker.com\/products\/6003689\/f7058650cd049e0abc8a93cb48e0427a.jpg\"><\/section>\n<\/p><\/div>\n<div class=\"item item-6\">\n<section class=\"image-item\"><img decoding=\"async\" src=\"https:\/\/upload.cdn.baselinker.com\/products\/6003689\/b35290ecc1867f996b01ee08546e4f12.jpg\"><\/section>\n<\/p><\/div>\n<\/section>\n<section class=\"section\">\n<div class=\"item item-6\">\n<section class=\"image-item\"><img decoding=\"async\" src=\"https:\/\/upload.cdn.baselinker.com\/products\/6003689\/56dcf6dd9f6a1193b42b1bd5b4bd2526.jpg\"><\/section>\n<\/p><\/div>\n<div class=\"item item-6\">\n<section class=\"image-item\"><img decoding=\"async\" src=\"https:\/\/upload.cdn.baselinker.com\/products\/6003689\/f826ad10d7b2a41e27193e32b296fd5f.jpg\"><\/section>\n<\/p><\/div>\n<\/section>\n<section class=\"section\">\n<div class=\"item item-6\">\n<section class=\"image-item\"><img decoding=\"async\" src=\"https:\/\/upload.cdn.baselinker.com\/products\/6003689\/732d140fc96060cd6d47abc929b6244f.jpg\"><\/section>\n<\/p><\/div>\n<div class=\"item item-6\">\n<section class=\"image-item\"><img decoding=\"async\" src=\"https:\/\/upload.cdn.baselinker.com\/products\/6003689\/77b42b7a998f0915d6fe8b02baa06e21.jpg\"><\/section>\n<\/p><\/div>\n<\/section>\n<section class=\"section\">\n<div class=\"item item-12\">\n<section class=\"image-item\"><img decoding=\"async\" src=\"https:\/\/upload.cdn.baselinker.com\/products\/6003689\/00f929ce4d6dda1be25a19be8f15dec9.jpg\"><\/section>\n<\/p><\/div>\n<\/section>\n<p>Instrukcja obs\u0142ugi: https:\/\/garden-label.pl\/instrukcje\/<\/p>\n<p>producent\/przedstawiciel\/informacje o bezpiecze\u0144stwie: https:\/\/anetpol.pl\/regulamin-sklepu-internetowego\/<br \/>biuro@anetpol.pl<\/p>\n","protected":false},"excerpt":{"rendered":"<p>Etykiety ogrodnicze wtykane strza\u0142ki to doskona\u0142e rozwi\u0105zanie dla wszystkich mi\u0142o\u015bnik\u00f3w ogrodnictwa, kt\u00f3rzy pragn\u0105 skutecznie i estetycznie oznacza\u0107 swoje ro\u015bliny. Wykonane z wysokiej jako\u015bci materia\u0142\u00f3w PVC,&#8230; <a href=\"https:\/\/garden-label.pl\/sklep\/produkt\/etykiety-ogrodnicze-wtykane-strzalki-do-pisania-biale-105x235mm-100marker\/\">wi\u0119cej<\/a><\/p>\n","protected":false},"featured_media":86040,"comment_status":"open","ping_status":"closed","template":"","meta":[],"product_brand":[910],"product_cat":[1087,1084,1088,1085,1086,1102,1105,15],"product_tag":[1082,896,897,899,900,995,902,914,1083,912],"class_list":{"0":"post-4010","1":"product","2":"type-product","3":"status-publish","4":"has-post-thumbnail","6":"product_brand-garden-label-pl","7":"product_cat-akcesoria","8":"product_cat-dom-i-ogrod","9":"product_cat-etykiety-i-tabliczki","10":"product_cat-ogrod","11":"product_cat-rosliny","12":"product_cat-wtykane","13":"product_cat-zestawy-do-pisania-wtykane","14":"product_cat-sklep","15":"product_tag-anetpol","16":"product_tag-etykiety-do-opisu-roslin","17":"product_tag-etykiety-do-pisania","18":"product_tag-etykiety-ogrodnicze","19":"product_tag-etykiety-petlowe","20":"product_tag-etykiety-wtykane","21":"product_tag-garden-label","22":"product_tag-mazaki-markery-pisaki","23":"product_tag-supermerchant","24":"product_tag-zestawy-do-opisu-roslin","25":"sales-flash-overlay","26":"woocommerce-text-align-left","27":"woocommerce-image-align-center","28":"do-quantity-buttons","29":"wc-has-gallery","31":"first","32":"instock","33":"taxable","34":"shipping-taxable","35":"purchasable","36":"product-type-simple"},"yoast_head":"<!-- This site is optimized with the Yoast SEO Premium plugin v26.3 (Yoast SEO v27.3) - https:\/\/yoast.com\/product\/yoast-seo-premium-wordpress\/ -->\n<title>Etykiety ogrodnicze wtykane strza\u0142ki do pisania BIA\u0141E 105x23,5mm 100+MARKER - Sklep Garden-Label: etykiety dla ogrodnictwa<\/title>\n<meta name=\"robots\" content=\"index, follow, max-snippet:-1, max-image-preview:large, max-video-preview:-1\" \/>\n<link rel=\"canonical\" href=\"https:\/\/garden-label.pl\/sklep\/produkt\/etykiety-ogrodnicze-wtykane-strzalki-do-pisania-biale-105x235mm-100marker\/\" \/>\n<meta property=\"og:locale\" content=\"pl_PL\" \/>\n<meta property=\"og:type\" content=\"article\" \/>\n<meta property=\"og:title\" content=\"Etykiety ogrodnicze wtykane strza\u0142ki do pisania BIA\u0141E 105x23,5mm 100+MARKER\" \/>\n<meta property=\"og:description\" content=\"Etykiety ogrodnicze wtykane strza\u0142ki to doskona\u0142e rozwi\u0105zanie dla wszystkich mi\u0142o\u015bnik\u00f3w ogrodnictwa, kt\u00f3rzy pragn\u0105 skutecznie i estetycznie oznacza\u0107 swoje ro\u015bliny. Wykonane z wysokiej jako\u015bci materia\u0142\u00f3w PVC,... wi\u0119cej\" \/>\n<meta property=\"og:url\" content=\"https:\/\/garden-label.pl\/sklep\/produkt\/etykiety-ogrodnicze-wtykane-strzalki-do-pisania-biale-105x235mm-100marker\/\" \/>\n<meta property=\"og:site_name\" content=\"Sklep Garden-Label: etykiety dla ogrodnictwa\" \/>\n<meta property=\"article:publisher\" content=\"https:\/\/www.facebook.com\/gardenlabelpl\" \/>\n<meta property=\"article:modified_time\" content=\"2026-04-09T10:26:03+00:00\" \/>\n<meta property=\"og:image\" content=\"https:\/\/garden-label.pl\/sklep\/wp-content\/uploads\/2025\/10\/75b713ca8bc9fffd6f089669e4850d25.jpg\" \/>\n\t<meta property=\"og:image:width\" content=\"577\" \/>\n\t<meta property=\"og:image:height\" content=\"433\" \/>\n\t<meta property=\"og:image:type\" content=\"image\/jpeg\" \/>\n<meta name=\"twitter:card\" content=\"summary_large_image\" \/>\n<meta name=\"twitter:label1\" content=\"Cena\" \/>\n\t<meta name=\"twitter:data1\" content=\"29,95&nbsp;&#122;&#322;\" \/>\n\t<meta name=\"twitter:label2\" content=\"Dost\u0119pno\u015b\u0107\" \/>\n\t<meta name=\"twitter:data2\" content=\"Dost\u0119pny\" \/>\n<script type=\"application\/ld+json\" class=\"yoast-schema-graph\">{\"@context\":\"https:\\\/\\\/schema.org\",\"@graph\":[{\"@type\":\"WebPage\",\"@id\":\"https:\\\/\\\/garden-label.pl\\\/sklep\\\/produkt\\\/etykiety-ogrodnicze-wtykane-strzalki-do-pisania-biale-105x235mm-100marker\\\/\",\"url\":\"https:\\\/\\\/garden-label.pl\\\/sklep\\\/produkt\\\/etykiety-ogrodnicze-wtykane-strzalki-do-pisania-biale-105x235mm-100marker\\\/\",\"name\":\"Etykiety ogrodnicze wtykane strza\u0142ki do pisania BIA\u0141E 105x23,5mm 100+MARKER - Sklep Garden-Label: etykiety dla ogrodnictwa\",\"isPartOf\":{\"@id\":\"https:\\\/\\\/garden-label.pl\\\/sklep\\\/#website\"},\"primaryImageOfPage\":{\"@id\":\"https:\\\/\\\/garden-label.pl\\\/sklep\\\/produkt\\\/etykiety-ogrodnicze-wtykane-strzalki-do-pisania-biale-105x235mm-100marker\\\/#primaryimage\"},\"image\":{\"@id\":\"https:\\\/\\\/garden-label.pl\\\/sklep\\\/produkt\\\/etykiety-ogrodnicze-wtykane-strzalki-do-pisania-biale-105x235mm-100marker\\\/#primaryimage\"},\"thumbnailUrl\":\"https:\\\/\\\/garden-label.pl\\\/sklep\\\/wp-content\\\/uploads\\\/2025\\\/10\\\/75b713ca8bc9fffd6f089669e4850d25.jpg\",\"datePublished\":\"2024-06-12T12:38:00+00:00\",\"dateModified\":\"2026-04-09T10:26:03+00:00\",\"breadcrumb\":{\"@id\":\"https:\\\/\\\/garden-label.pl\\\/sklep\\\/produkt\\\/etykiety-ogrodnicze-wtykane-strzalki-do-pisania-biale-105x235mm-100marker\\\/#breadcrumb\"},\"inLanguage\":\"pl-PL\",\"potentialAction\":[{\"@type\":\"ReadAction\",\"target\":[\"https:\\\/\\\/garden-label.pl\\\/sklep\\\/produkt\\\/etykiety-ogrodnicze-wtykane-strzalki-do-pisania-biale-105x235mm-100marker\\\/\"]}]},{\"@type\":\"ImageObject\",\"inLanguage\":\"pl-PL\",\"@id\":\"https:\\\/\\\/garden-label.pl\\\/sklep\\\/produkt\\\/etykiety-ogrodnicze-wtykane-strzalki-do-pisania-biale-105x235mm-100marker\\\/#primaryimage\",\"url\":\"https:\\\/\\\/garden-label.pl\\\/sklep\\\/wp-content\\\/uploads\\\/2025\\\/10\\\/75b713ca8bc9fffd6f089669e4850d25.jpg\",\"contentUrl\":\"https:\\\/\\\/garden-label.pl\\\/sklep\\\/wp-content\\\/uploads\\\/2025\\\/10\\\/75b713ca8bc9fffd6f089669e4850d25.jpg\",\"width\":577,\"height\":433,\"caption\":\"e0b6159d1a1024d764c062e64819d9ef\"},{\"@type\":\"BreadcrumbList\",\"@id\":\"https:\\\/\\\/garden-label.pl\\\/sklep\\\/produkt\\\/etykiety-ogrodnicze-wtykane-strzalki-do-pisania-biale-105x235mm-100marker\\\/#breadcrumb\",\"itemListElement\":[{\"@type\":\"ListItem\",\"position\":1,\"name\":\"Strona g\u0142\u00f3wna\",\"item\":\"https:\\\/\\\/garden-label.pl\\\/sklep\\\/\"},{\"@type\":\"ListItem\",\"position\":2,\"name\":\"Home\",\"item\":\"https:\\\/\\\/garden-label.pl\\\/sklep\\\/\"},{\"@type\":\"ListItem\",\"position\":3,\"name\":\"Etykiety ogrodnicze wtykane strza\u0142ki do pisania BIA\u0141E 105&#215;23,5mm 100+MARKER\"}]},{\"@type\":\"WebSite\",\"@id\":\"https:\\\/\\\/garden-label.pl\\\/sklep\\\/#website\",\"url\":\"https:\\\/\\\/garden-label.pl\\\/sklep\\\/\",\"name\":\"Sklep Garden-Label: etykiety dla ogrodnictwa, drukarki, oprogramowanie\",\"description\":\"ETYKIETY OGRODNICZE INFORMATYZACJA SZK\u00d3\u0141EK PASZPORTY RO\u015aLIN SKLEPY INTERNETOWE\",\"publisher\":{\"@id\":\"https:\\\/\\\/garden-label.pl\\\/sklep\\\/#organization\"},\"potentialAction\":[{\"@type\":\"SearchAction\",\"target\":{\"@type\":\"EntryPoint\",\"urlTemplate\":\"https:\\\/\\\/garden-label.pl\\\/sklep\\\/?s={search_term_string}\"},\"query-input\":{\"@type\":\"PropertyValueSpecification\",\"valueRequired\":true,\"valueName\":\"search_term_string\"}}],\"inLanguage\":\"pl-PL\"},{\"@type\":\"Organization\",\"@id\":\"https:\\\/\\\/garden-label.pl\\\/sklep\\\/#organization\",\"name\":\"Sklep Garden-Label: etykiety dla ogrodnictwa, drukarki, oprogramowanie\",\"url\":\"https:\\\/\\\/garden-label.pl\\\/sklep\\\/\",\"logo\":{\"@type\":\"ImageObject\",\"inLanguage\":\"pl-PL\",\"@id\":\"https:\\\/\\\/garden-label.pl\\\/sklep\\\/#\\\/schema\\\/logo\\\/image\\\/\",\"url\":\"https:\\\/\\\/garden-label.pl\\\/sklep\\\/wp-content\\\/uploads\\\/2024\\\/01\\\/GardenLabel-pastelowe.png\",\"contentUrl\":\"https:\\\/\\\/garden-label.pl\\\/sklep\\\/wp-content\\\/uploads\\\/2024\\\/01\\\/GardenLabel-pastelowe.png\",\"width\":2566,\"height\":1054,\"caption\":\"Sklep Garden-Label: etykiety dla ogrodnictwa, drukarki, oprogramowanie\"},\"image\":{\"@id\":\"https:\\\/\\\/garden-label.pl\\\/sklep\\\/#\\\/schema\\\/logo\\\/image\\\/\"},\"sameAs\":[\"https:\\\/\\\/www.facebook.com\\\/gardenlabelpl\"]}]}<\/script>\n<meta property=\"product:brand\" content=\"Garden-Label.pl\" \/>\n<meta property=\"product:price:amount\" content=\"29.95\" \/>\n<meta property=\"product:price:currency\" content=\"PLN\" \/>\n<meta property=\"og:availability\" content=\"instock\" \/>\n<meta property=\"product:availability\" content=\"instock\" \/>\n<meta property=\"product:retailer_item_id\" content=\"5906477685595\" \/>\n<meta property=\"product:condition\" content=\"new\" \/>\n<!-- \/ Yoast SEO Premium plugin. -->","yoast_head_json":{"title":"Etykiety ogrodnicze wtykane strza\u0142ki do pisania BIA\u0141E 105x23,5mm 100+MARKER - Sklep Garden-Label: etykiety dla ogrodnictwa","robots":{"index":"index","follow":"follow","max-snippet":"max-snippet:-1","max-image-preview":"max-image-preview:large","max-video-preview":"max-video-preview:-1"},"canonical":"https:\/\/garden-label.pl\/sklep\/produkt\/etykiety-ogrodnicze-wtykane-strzalki-do-pisania-biale-105x235mm-100marker\/","og_locale":"pl_PL","og_type":"article","og_title":"Etykiety ogrodnicze wtykane strza\u0142ki do pisania BIA\u0141E 105x23,5mm 100+MARKER","og_description":"Etykiety ogrodnicze wtykane strza\u0142ki to doskona\u0142e rozwi\u0105zanie dla wszystkich mi\u0142o\u015bnik\u00f3w ogrodnictwa, kt\u00f3rzy pragn\u0105 skutecznie i estetycznie oznacza\u0107 swoje ro\u015bliny. Wykonane z wysokiej jako\u015bci materia\u0142\u00f3w PVC,... wi\u0119cej","og_url":"https:\/\/garden-label.pl\/sklep\/produkt\/etykiety-ogrodnicze-wtykane-strzalki-do-pisania-biale-105x235mm-100marker\/","og_site_name":"Sklep Garden-Label: etykiety dla ogrodnictwa","article_publisher":"https:\/\/www.facebook.com\/gardenlabelpl","article_modified_time":"2026-04-09T10:26:03+00:00","og_image":[{"width":577,"height":433,"url":"https:\/\/garden-label.pl\/sklep\/wp-content\/uploads\/2025\/10\/75b713ca8bc9fffd6f089669e4850d25.jpg","type":"image\/jpeg"}],"twitter_card":"summary_large_image","twitter_misc":{"Cena":"29,95&nbsp;&#122;&#322;","Dost\u0119pno\u015b\u0107":"Dost\u0119pny"},"schema":{"@context":"https:\/\/schema.org","@graph":[{"@type":"WebPage","@id":"https:\/\/garden-label.pl\/sklep\/produkt\/etykiety-ogrodnicze-wtykane-strzalki-do-pisania-biale-105x235mm-100marker\/","url":"https:\/\/garden-label.pl\/sklep\/produkt\/etykiety-ogrodnicze-wtykane-strzalki-do-pisania-biale-105x235mm-100marker\/","name":"Etykiety ogrodnicze wtykane strza\u0142ki do pisania BIA\u0141E 105x23,5mm 100+MARKER - Sklep Garden-Label: etykiety dla ogrodnictwa","isPartOf":{"@id":"https:\/\/garden-label.pl\/sklep\/#website"},"primaryImageOfPage":{"@id":"https:\/\/garden-label.pl\/sklep\/produkt\/etykiety-ogrodnicze-wtykane-strzalki-do-pisania-biale-105x235mm-100marker\/#primaryimage"},"image":{"@id":"https:\/\/garden-label.pl\/sklep\/produkt\/etykiety-ogrodnicze-wtykane-strzalki-do-pisania-biale-105x235mm-100marker\/#primaryimage"},"thumbnailUrl":"https:\/\/garden-label.pl\/sklep\/wp-content\/uploads\/2025\/10\/75b713ca8bc9fffd6f089669e4850d25.jpg","datePublished":"2024-06-12T12:38:00+00:00","dateModified":"2026-04-09T10:26:03+00:00","breadcrumb":{"@id":"https:\/\/garden-label.pl\/sklep\/produkt\/etykiety-ogrodnicze-wtykane-strzalki-do-pisania-biale-105x235mm-100marker\/#breadcrumb"},"inLanguage":"pl-PL","potentialAction":[{"@type":"ReadAction","target":["https:\/\/garden-label.pl\/sklep\/produkt\/etykiety-ogrodnicze-wtykane-strzalki-do-pisania-biale-105x235mm-100marker\/"]}]},{"@type":"ImageObject","inLanguage":"pl-PL","@id":"https:\/\/garden-label.pl\/sklep\/produkt\/etykiety-ogrodnicze-wtykane-strzalki-do-pisania-biale-105x235mm-100marker\/#primaryimage","url":"https:\/\/garden-label.pl\/sklep\/wp-content\/uploads\/2025\/10\/75b713ca8bc9fffd6f089669e4850d25.jpg","contentUrl":"https:\/\/garden-label.pl\/sklep\/wp-content\/uploads\/2025\/10\/75b713ca8bc9fffd6f089669e4850d25.jpg","width":577,"height":433,"caption":"e0b6159d1a1024d764c062e64819d9ef"},{"@type":"BreadcrumbList","@id":"https:\/\/garden-label.pl\/sklep\/produkt\/etykiety-ogrodnicze-wtykane-strzalki-do-pisania-biale-105x235mm-100marker\/#breadcrumb","itemListElement":[{"@type":"ListItem","position":1,"name":"Strona g\u0142\u00f3wna","item":"https:\/\/garden-label.pl\/sklep\/"},{"@type":"ListItem","position":2,"name":"Home","item":"https:\/\/garden-label.pl\/sklep\/"},{"@type":"ListItem","position":3,"name":"Etykiety ogrodnicze wtykane strza\u0142ki do pisania BIA\u0141E 105&#215;23,5mm 100+MARKER"}]},{"@type":"WebSite","@id":"https:\/\/garden-label.pl\/sklep\/#website","url":"https:\/\/garden-label.pl\/sklep\/","name":"Sklep Garden-Label: etykiety dla ogrodnictwa, drukarki, oprogramowanie","description":"ETYKIETY OGRODNICZE INFORMATYZACJA SZK\u00d3\u0141EK PASZPORTY RO\u015aLIN SKLEPY INTERNETOWE","publisher":{"@id":"https:\/\/garden-label.pl\/sklep\/#organization"},"potentialAction":[{"@type":"SearchAction","target":{"@type":"EntryPoint","urlTemplate":"https:\/\/garden-label.pl\/sklep\/?s={search_term_string}"},"query-input":{"@type":"PropertyValueSpecification","valueRequired":true,"valueName":"search_term_string"}}],"inLanguage":"pl-PL"},{"@type":"Organization","@id":"https:\/\/garden-label.pl\/sklep\/#organization","name":"Sklep Garden-Label: etykiety dla ogrodnictwa, drukarki, oprogramowanie","url":"https:\/\/garden-label.pl\/sklep\/","logo":{"@type":"ImageObject","inLanguage":"pl-PL","@id":"https:\/\/garden-label.pl\/sklep\/#\/schema\/logo\/image\/","url":"https:\/\/garden-label.pl\/sklep\/wp-content\/uploads\/2024\/01\/GardenLabel-pastelowe.png","contentUrl":"https:\/\/garden-label.pl\/sklep\/wp-content\/uploads\/2024\/01\/GardenLabel-pastelowe.png","width":2566,"height":1054,"caption":"Sklep Garden-Label: etykiety dla ogrodnictwa, drukarki, oprogramowanie"},"image":{"@id":"https:\/\/garden-label.pl\/sklep\/#\/schema\/logo\/image\/"},"sameAs":["https:\/\/www.facebook.com\/gardenlabelpl"]}]},"product_brand":"Garden-Label.pl","product_price_amount":"29.95","product_price_currency":"PLN","og_availability":"instock","product_availability":"instock","product_retailer_item_id":"5906477685595","product_condition":"new"},"_links":{"self":[{"href":"https:\/\/garden-label.pl\/sklep\/wp-json\/wp\/v2\/product\/4010","targetHints":{"allow":["GET"]}}],"collection":[{"href":"https:\/\/garden-label.pl\/sklep\/wp-json\/wp\/v2\/product"}],"about":[{"href":"https:\/\/garden-label.pl\/sklep\/wp-json\/wp\/v2\/types\/product"}],"replies":[{"embeddable":true,"href":"https:\/\/garden-label.pl\/sklep\/wp-json\/wp\/v2\/comments?post=4010"}],"version-history":[{"count":0,"href":"https:\/\/garden-label.pl\/sklep\/wp-json\/wp\/v2\/product\/4010\/revisions"}],"wp:featuredmedia":[{"embeddable":true,"href":"https:\/\/garden-label.pl\/sklep\/wp-json\/wp\/v2\/media\/86040"}],"wp:attachment":[{"href":"https:\/\/garden-label.pl\/sklep\/wp-json\/wp\/v2\/media?parent=4010"}],"wp:term":[{"taxonomy":"product_brand","embeddable":true,"href":"https:\/\/garden-label.pl\/sklep\/wp-json\/wp\/v2\/product_brand?post=4010"},{"taxonomy":"product_cat","embeddable":true,"href":"https:\/\/garden-label.pl\/sklep\/wp-json\/wp\/v2\/product_cat?post=4010"},{"taxonomy":"product_tag","embeddable":true,"href":"https:\/\/garden-label.pl\/sklep\/wp-json\/wp\/v2\/product_tag?post=4010"}],"curies":[{"name":"wp","href":"https:\/\/api.w.org\/{rel}","templated":true}]}}