{"id":3922,"date":"2024-06-12T14:32:34","date_gmt":"2024-06-12T12:32:34","guid":{"rendered":"https:\/\/garden-label.pl\/sklep\/produkt\/10-sztuk-marker-ogrodniczy-mazak-pisak-permanentny-odporny-garden-marker\/"},"modified":"2026-04-24T10:53:36","modified_gmt":"2026-04-24T08:53:36","slug":"10-sztuk-marker-ogrodniczy-mazak-pisak-permanentny-odporny-garden-marker","status":"publish","type":"product","link":"https:\/\/garden-label.pl\/sklep\/produkt\/10-sztuk-marker-ogrodniczy-mazak-pisak-permanentny-odporny-garden-marker\/","title":{"rendered":"10 sztuk Marker ogrodniczy (mazak, pisak) permanentny odporny Garden Marker"},"content":{"rendered":"<p>Marker ogrodniczy (mazak, pisak) permanentny odporny to idealne rozwi\u0105zanie dla wszystkich mi\u0142o\u015bnik\u00f3w ogrodnictwa. W zestawie znajduje si\u0119 10 czarnych marker\u00f3w, kt\u00f3re umo\u017cliwiaj\u0105 trwa\u0142e oznaczenie etykiet ogrodniczych, doniczek oraz innych akcesori\u00f3w. Dzi\u0119ki innowacyjnej formule tuszu, marker wysycha niemal natychmiast, co pozwala na szybkie i wygodne pisanie. <\/p>\n<p>Nasze markery s\u0105 odporne na \u015bcieranie, wilgo\u0107 oraz dzia\u0142anie czynnik\u00f3w zewn\u0119trznych, co czyni je doskona\u0142ym wyborem do u\u017cytku na \u015bwie\u017cym powietrzu. Charakteryzuj\u0105 si\u0119 wodoodporno\u015bci\u0105 oraz odporno\u015bci\u0105 na dzia\u0142anie promieni UV, dzi\u0119ki czemu zachowaj\u0105 swoje w\u0142a\u015bciwo\u015bci nawet w trudnych warunkach atmosferycznych. <\/p>\n<p>Marker ogrodniczy posiada dwie ko\u0144c\u00f3wki: okr\u0105g\u0142\u0105 fibrow\u0105 o grubo\u015bci linii 1,0 mm oraz metalow\u0105 ig\u0142ow\u0105 o grubo\u015bci 0,5 mm, co pozwala na precyzyjne i czytelne oznaczanie ro\u015blin. Produkty s\u0105 dost\u0119pne w kolorze czarnym, co zapewnia doskona\u0142\u0105 widoczno\u015b\u0107 na zielonym tle ro\u015blinno\u015bci. <\/p>\n<p>Wykonany z wysokiej jako\u015bci tworzywa sztucznego, marker jest trwa\u0142y, niezmywalny oraz odporny na skrajne temperatury. Stworzony w Polsce przez mark\u0119 Garden-Label.pl, oferuje 24-miesi\u0119czn\u0105 gwarancj\u0119, co gwarantuje jego jako\u015b\u0107 oraz niezawodno\u015b\u0107. To profesjonalne narz\u0119dzie to niezb\u0119dny element wyposa\u017cenia ka\u017cdego ogrodnika, zapewniaj\u0105cy wysok\u0105 jako\u015b\u0107 i efektywno\u015b\u0107 w pracy. <\/p>\n<p>Instrukcja obs\u0142ugi: https:\/\/garden-label.pl\/instrukcje\/<\/p>\n<p>producent\/przedstawiciel\/informacje o bezpiecze\u0144stwie: https:\/\/anetpol.pl\/regulamin-sklepu-internetowego\/<br \/>biuro@anetpol.pl<\/p>\n","protected":false},"excerpt":{"rendered":"<p>Marker ogrodniczy to niezb\u0119dne narz\u0119dzie dla ka\u017cdego pasjonata ogrodnictwa. Nasze markery zosta\u0142y zaprojektowane z my\u015bl\u0105 o trwa\u0142ym i precyzyjnym oznaczaniu etykiet ro\u015blinnych, doniczek oraz innych&#8230; <a href=\"https:\/\/garden-label.pl\/sklep\/produkt\/10-sztuk-marker-ogrodniczy-mazak-pisak-permanentny-odporny-garden-marker\/\">wi\u0119cej<\/a><\/p>\n","protected":false},"featured_media":86094,"comment_status":"open","ping_status":"closed","template":"","meta":[],"product_brand":[910],"product_cat":[1087,1084,1112,1085,1086,15],"product_tag":[1082,896,897,898,899,998,995,902,914,1083,912],"class_list":{"0":"post-3922","1":"product","2":"type-product","3":"status-publish","4":"has-post-thumbnail","6":"product_brand-garden-label-pl","7":"product_cat-akcesoria","8":"product_cat-dom-i-ogrod","9":"product_cat-markery","10":"product_cat-ogrod","11":"product_cat-rosliny","12":"product_cat-sklep","13":"product_tag-anetpol","14":"product_tag-etykiety-do-opisu-roslin","15":"product_tag-etykiety-do-pisania","16":"product_tag-etykiety-kolorowe","17":"product_tag-etykiety-ogrodnicze","18":"product_tag-etykiety-samoprzylepne","19":"product_tag-etykiety-wtykane","20":"product_tag-garden-label","21":"product_tag-mazaki-markery-pisaki","22":"product_tag-supermerchant","23":"product_tag-zestawy-do-opisu-roslin","24":"sales-flash-overlay","25":"woocommerce-text-align-left","26":"woocommerce-image-align-center","27":"do-quantity-buttons","28":"wc-has-gallery","30":"first","31":"instock","32":"taxable","33":"shipping-taxable","34":"purchasable","35":"product-type-simple"},"yoast_head":"<!-- This site is optimized with the Yoast SEO Premium plugin v26.3 (Yoast SEO v27.4) - https:\/\/yoast.com\/product\/yoast-seo-premium-wordpress\/ -->\n<title>10 sztuk Marker ogrodniczy (mazak, pisak) permanentny odporny Garden Marker - Sklep Garden-Label: etykiety dla ogrodnictwa<\/title>\n<meta name=\"robots\" content=\"index, follow, max-snippet:-1, max-image-preview:large, max-video-preview:-1\" \/>\n<link rel=\"canonical\" href=\"https:\/\/garden-label.pl\/sklep\/produkt\/10-sztuk-marker-ogrodniczy-mazak-pisak-permanentny-odporny-garden-marker\/\" \/>\n<meta property=\"og:locale\" content=\"pl_PL\" \/>\n<meta property=\"og:type\" content=\"article\" \/>\n<meta property=\"og:title\" content=\"10 sztuk Marker ogrodniczy (mazak, pisak) permanentny odporny Garden Marker\" \/>\n<meta property=\"og:description\" content=\"Marker ogrodniczy to niezb\u0119dne narz\u0119dzie dla ka\u017cdego pasjonata ogrodnictwa. Nasze markery zosta\u0142y zaprojektowane z my\u015bl\u0105 o trwa\u0142ym i precyzyjnym oznaczaniu etykiet ro\u015blinnych, doniczek oraz innych... wi\u0119cej\" \/>\n<meta property=\"og:url\" content=\"https:\/\/garden-label.pl\/sklep\/produkt\/10-sztuk-marker-ogrodniczy-mazak-pisak-permanentny-odporny-garden-marker\/\" \/>\n<meta property=\"og:site_name\" content=\"Sklep Garden-Label: etykiety dla ogrodnictwa\" \/>\n<meta property=\"article:publisher\" content=\"https:\/\/www.facebook.com\/gardenlabelpl\" \/>\n<meta property=\"article:modified_time\" content=\"2026-04-24T08:53:36+00:00\" \/>\n<meta property=\"og:image\" content=\"https:\/\/garden-label.pl\/sklep\/wp-content\/uploads\/2025\/06\/1523e7886b4b0084c731b24ca0479ca2.jpg\" \/>\n\t<meta property=\"og:image:width\" content=\"375\" \/>\n\t<meta property=\"og:image:height\" content=\"500\" \/>\n\t<meta property=\"og:image:type\" content=\"image\/jpeg\" \/>\n<meta name=\"twitter:card\" content=\"summary_large_image\" \/>\n<meta name=\"twitter:label1\" content=\"Cena\" \/>\n\t<meta name=\"twitter:data1\" content=\"69,95&nbsp;&#122;&#322;\" \/>\n\t<meta name=\"twitter:label2\" content=\"Dost\u0119pno\u015b\u0107\" \/>\n\t<meta name=\"twitter:data2\" content=\"Dost\u0119pny\" \/>\n<script type=\"application\/ld+json\" class=\"yoast-schema-graph\">{\"@context\":\"https:\\\/\\\/schema.org\",\"@graph\":[{\"@type\":\"WebPage\",\"@id\":\"https:\\\/\\\/garden-label.pl\\\/sklep\\\/produkt\\\/10-sztuk-marker-ogrodniczy-mazak-pisak-permanentny-odporny-garden-marker\\\/\",\"url\":\"https:\\\/\\\/garden-label.pl\\\/sklep\\\/produkt\\\/10-sztuk-marker-ogrodniczy-mazak-pisak-permanentny-odporny-garden-marker\\\/\",\"name\":\"10 sztuk Marker ogrodniczy (mazak, pisak) permanentny odporny Garden Marker - Sklep Garden-Label: etykiety dla ogrodnictwa\",\"isPartOf\":{\"@id\":\"https:\\\/\\\/garden-label.pl\\\/sklep\\\/#website\"},\"primaryImageOfPage\":{\"@id\":\"https:\\\/\\\/garden-label.pl\\\/sklep\\\/produkt\\\/10-sztuk-marker-ogrodniczy-mazak-pisak-permanentny-odporny-garden-marker\\\/#primaryimage\"},\"image\":{\"@id\":\"https:\\\/\\\/garden-label.pl\\\/sklep\\\/produkt\\\/10-sztuk-marker-ogrodniczy-mazak-pisak-permanentny-odporny-garden-marker\\\/#primaryimage\"},\"thumbnailUrl\":\"https:\\\/\\\/garden-label.pl\\\/sklep\\\/wp-content\\\/uploads\\\/2025\\\/10\\\/1523e7886b4b0084c731b24ca0479ca2-1.jpg\",\"datePublished\":\"2024-06-12T12:32:34+00:00\",\"dateModified\":\"2026-04-24T08:53:36+00:00\",\"breadcrumb\":{\"@id\":\"https:\\\/\\\/garden-label.pl\\\/sklep\\\/produkt\\\/10-sztuk-marker-ogrodniczy-mazak-pisak-permanentny-odporny-garden-marker\\\/#breadcrumb\"},\"inLanguage\":\"pl-PL\",\"potentialAction\":[{\"@type\":\"ReadAction\",\"target\":[\"https:\\\/\\\/garden-label.pl\\\/sklep\\\/produkt\\\/10-sztuk-marker-ogrodniczy-mazak-pisak-permanentny-odporny-garden-marker\\\/\"]}]},{\"@type\":\"ImageObject\",\"inLanguage\":\"pl-PL\",\"@id\":\"https:\\\/\\\/garden-label.pl\\\/sklep\\\/produkt\\\/10-sztuk-marker-ogrodniczy-mazak-pisak-permanentny-odporny-garden-marker\\\/#primaryimage\",\"url\":\"https:\\\/\\\/garden-label.pl\\\/sklep\\\/wp-content\\\/uploads\\\/2025\\\/10\\\/1523e7886b4b0084c731b24ca0479ca2-1.jpg\",\"contentUrl\":\"https:\\\/\\\/garden-label.pl\\\/sklep\\\/wp-content\\\/uploads\\\/2025\\\/10\\\/1523e7886b4b0084c731b24ca0479ca2-1.jpg\",\"width\":375,\"height\":500,\"caption\":\"c63dbc101c4f1d96a595eb9ce98f5365\"},{\"@type\":\"BreadcrumbList\",\"@id\":\"https:\\\/\\\/garden-label.pl\\\/sklep\\\/produkt\\\/10-sztuk-marker-ogrodniczy-mazak-pisak-permanentny-odporny-garden-marker\\\/#breadcrumb\",\"itemListElement\":[{\"@type\":\"ListItem\",\"position\":1,\"name\":\"Strona g\u0142\u00f3wna\",\"item\":\"https:\\\/\\\/garden-label.pl\\\/sklep\\\/\"},{\"@type\":\"ListItem\",\"position\":2,\"name\":\"Home\",\"item\":\"https:\\\/\\\/garden-label.pl\\\/sklep\\\/\"},{\"@type\":\"ListItem\",\"position\":3,\"name\":\"10 sztuk Marker ogrodniczy (mazak, pisak) permanentny odporny Garden Marker\"}]},{\"@type\":\"WebSite\",\"@id\":\"https:\\\/\\\/garden-label.pl\\\/sklep\\\/#website\",\"url\":\"https:\\\/\\\/garden-label.pl\\\/sklep\\\/\",\"name\":\"Sklep Garden-Label: etykiety dla ogrodnictwa, drukarki, oprogramowanie\",\"description\":\"ETYKIETY OGRODNICZE INFORMATYZACJA SZK\u00d3\u0141EK PASZPORTY RO\u015aLIN SKLEPY INTERNETOWE\",\"publisher\":{\"@id\":\"https:\\\/\\\/garden-label.pl\\\/sklep\\\/#organization\"},\"potentialAction\":[{\"@type\":\"SearchAction\",\"target\":{\"@type\":\"EntryPoint\",\"urlTemplate\":\"https:\\\/\\\/garden-label.pl\\\/sklep\\\/?s={search_term_string}\"},\"query-input\":{\"@type\":\"PropertyValueSpecification\",\"valueRequired\":true,\"valueName\":\"search_term_string\"}}],\"inLanguage\":\"pl-PL\"},{\"@type\":\"Organization\",\"@id\":\"https:\\\/\\\/garden-label.pl\\\/sklep\\\/#organization\",\"name\":\"Sklep Garden-Label: etykiety dla ogrodnictwa, drukarki, oprogramowanie\",\"url\":\"https:\\\/\\\/garden-label.pl\\\/sklep\\\/\",\"logo\":{\"@type\":\"ImageObject\",\"inLanguage\":\"pl-PL\",\"@id\":\"https:\\\/\\\/garden-label.pl\\\/sklep\\\/#\\\/schema\\\/logo\\\/image\\\/\",\"url\":\"https:\\\/\\\/garden-label.pl\\\/sklep\\\/wp-content\\\/uploads\\\/2024\\\/01\\\/GardenLabel-pastelowe.png\",\"contentUrl\":\"https:\\\/\\\/garden-label.pl\\\/sklep\\\/wp-content\\\/uploads\\\/2024\\\/01\\\/GardenLabel-pastelowe.png\",\"width\":2566,\"height\":1054,\"caption\":\"Sklep Garden-Label: etykiety dla ogrodnictwa, drukarki, oprogramowanie\"},\"image\":{\"@id\":\"https:\\\/\\\/garden-label.pl\\\/sklep\\\/#\\\/schema\\\/logo\\\/image\\\/\"},\"sameAs\":[\"https:\\\/\\\/www.facebook.com\\\/gardenlabelpl\"]}]}<\/script>\n<meta property=\"product:brand\" content=\"Garden-Label.pl\" \/>\n<meta property=\"product:price:amount\" content=\"69.95\" \/>\n<meta property=\"product:price:currency\" content=\"PLN\" \/>\n<meta property=\"og:availability\" content=\"instock\" \/>\n<meta property=\"product:availability\" content=\"instock\" \/>\n<meta property=\"product:retailer_item_id\" content=\"5906477685533\" \/>\n<meta property=\"product:condition\" content=\"new\" \/>\n<!-- \/ Yoast SEO Premium plugin. -->","yoast_head_json":{"title":"10 sztuk Marker ogrodniczy (mazak, pisak) permanentny odporny Garden Marker - Sklep Garden-Label: etykiety dla ogrodnictwa","robots":{"index":"index","follow":"follow","max-snippet":"max-snippet:-1","max-image-preview":"max-image-preview:large","max-video-preview":"max-video-preview:-1"},"canonical":"https:\/\/garden-label.pl\/sklep\/produkt\/10-sztuk-marker-ogrodniczy-mazak-pisak-permanentny-odporny-garden-marker\/","og_locale":"pl_PL","og_type":"article","og_title":"10 sztuk Marker ogrodniczy (mazak, pisak) permanentny odporny Garden Marker","og_description":"Marker ogrodniczy to niezb\u0119dne narz\u0119dzie dla ka\u017cdego pasjonata ogrodnictwa. Nasze markery zosta\u0142y zaprojektowane z my\u015bl\u0105 o trwa\u0142ym i precyzyjnym oznaczaniu etykiet ro\u015blinnych, doniczek oraz innych... wi\u0119cej","og_url":"https:\/\/garden-label.pl\/sklep\/produkt\/10-sztuk-marker-ogrodniczy-mazak-pisak-permanentny-odporny-garden-marker\/","og_site_name":"Sklep Garden-Label: etykiety dla ogrodnictwa","article_publisher":"https:\/\/www.facebook.com\/gardenlabelpl","article_modified_time":"2026-04-24T08:53:36+00:00","og_image":[{"width":375,"height":500,"url":"https:\/\/garden-label.pl\/sklep\/wp-content\/uploads\/2025\/06\/1523e7886b4b0084c731b24ca0479ca2.jpg","type":"image\/jpeg"}],"twitter_card":"summary_large_image","twitter_misc":{"Cena":"69,95&nbsp;&#122;&#322;","Dost\u0119pno\u015b\u0107":"Dost\u0119pny"},"schema":{"@context":"https:\/\/schema.org","@graph":[{"@type":"WebPage","@id":"https:\/\/garden-label.pl\/sklep\/produkt\/10-sztuk-marker-ogrodniczy-mazak-pisak-permanentny-odporny-garden-marker\/","url":"https:\/\/garden-label.pl\/sklep\/produkt\/10-sztuk-marker-ogrodniczy-mazak-pisak-permanentny-odporny-garden-marker\/","name":"10 sztuk Marker ogrodniczy (mazak, pisak) permanentny odporny Garden Marker - Sklep Garden-Label: etykiety dla ogrodnictwa","isPartOf":{"@id":"https:\/\/garden-label.pl\/sklep\/#website"},"primaryImageOfPage":{"@id":"https:\/\/garden-label.pl\/sklep\/produkt\/10-sztuk-marker-ogrodniczy-mazak-pisak-permanentny-odporny-garden-marker\/#primaryimage"},"image":{"@id":"https:\/\/garden-label.pl\/sklep\/produkt\/10-sztuk-marker-ogrodniczy-mazak-pisak-permanentny-odporny-garden-marker\/#primaryimage"},"thumbnailUrl":"https:\/\/garden-label.pl\/sklep\/wp-content\/uploads\/2025\/10\/1523e7886b4b0084c731b24ca0479ca2-1.jpg","datePublished":"2024-06-12T12:32:34+00:00","dateModified":"2026-04-24T08:53:36+00:00","breadcrumb":{"@id":"https:\/\/garden-label.pl\/sklep\/produkt\/10-sztuk-marker-ogrodniczy-mazak-pisak-permanentny-odporny-garden-marker\/#breadcrumb"},"inLanguage":"pl-PL","potentialAction":[{"@type":"ReadAction","target":["https:\/\/garden-label.pl\/sklep\/produkt\/10-sztuk-marker-ogrodniczy-mazak-pisak-permanentny-odporny-garden-marker\/"]}]},{"@type":"ImageObject","inLanguage":"pl-PL","@id":"https:\/\/garden-label.pl\/sklep\/produkt\/10-sztuk-marker-ogrodniczy-mazak-pisak-permanentny-odporny-garden-marker\/#primaryimage","url":"https:\/\/garden-label.pl\/sklep\/wp-content\/uploads\/2025\/10\/1523e7886b4b0084c731b24ca0479ca2-1.jpg","contentUrl":"https:\/\/garden-label.pl\/sklep\/wp-content\/uploads\/2025\/10\/1523e7886b4b0084c731b24ca0479ca2-1.jpg","width":375,"height":500,"caption":"c63dbc101c4f1d96a595eb9ce98f5365"},{"@type":"BreadcrumbList","@id":"https:\/\/garden-label.pl\/sklep\/produkt\/10-sztuk-marker-ogrodniczy-mazak-pisak-permanentny-odporny-garden-marker\/#breadcrumb","itemListElement":[{"@type":"ListItem","position":1,"name":"Strona g\u0142\u00f3wna","item":"https:\/\/garden-label.pl\/sklep\/"},{"@type":"ListItem","position":2,"name":"Home","item":"https:\/\/garden-label.pl\/sklep\/"},{"@type":"ListItem","position":3,"name":"10 sztuk Marker ogrodniczy (mazak, pisak) permanentny odporny Garden Marker"}]},{"@type":"WebSite","@id":"https:\/\/garden-label.pl\/sklep\/#website","url":"https:\/\/garden-label.pl\/sklep\/","name":"Sklep Garden-Label: etykiety dla ogrodnictwa, drukarki, oprogramowanie","description":"ETYKIETY OGRODNICZE INFORMATYZACJA SZK\u00d3\u0141EK PASZPORTY RO\u015aLIN SKLEPY INTERNETOWE","publisher":{"@id":"https:\/\/garden-label.pl\/sklep\/#organization"},"potentialAction":[{"@type":"SearchAction","target":{"@type":"EntryPoint","urlTemplate":"https:\/\/garden-label.pl\/sklep\/?s={search_term_string}"},"query-input":{"@type":"PropertyValueSpecification","valueRequired":true,"valueName":"search_term_string"}}],"inLanguage":"pl-PL"},{"@type":"Organization","@id":"https:\/\/garden-label.pl\/sklep\/#organization","name":"Sklep Garden-Label: etykiety dla ogrodnictwa, drukarki, oprogramowanie","url":"https:\/\/garden-label.pl\/sklep\/","logo":{"@type":"ImageObject","inLanguage":"pl-PL","@id":"https:\/\/garden-label.pl\/sklep\/#\/schema\/logo\/image\/","url":"https:\/\/garden-label.pl\/sklep\/wp-content\/uploads\/2024\/01\/GardenLabel-pastelowe.png","contentUrl":"https:\/\/garden-label.pl\/sklep\/wp-content\/uploads\/2024\/01\/GardenLabel-pastelowe.png","width":2566,"height":1054,"caption":"Sklep Garden-Label: etykiety dla ogrodnictwa, drukarki, oprogramowanie"},"image":{"@id":"https:\/\/garden-label.pl\/sklep\/#\/schema\/logo\/image\/"},"sameAs":["https:\/\/www.facebook.com\/gardenlabelpl"]}]},"product_brand":"Garden-Label.pl","product_price_amount":"69.95","product_price_currency":"PLN","og_availability":"instock","product_availability":"instock","product_retailer_item_id":"5906477685533","product_condition":"new"},"_links":{"self":[{"href":"https:\/\/garden-label.pl\/sklep\/wp-json\/wp\/v2\/product\/3922","targetHints":{"allow":["GET"]}}],"collection":[{"href":"https:\/\/garden-label.pl\/sklep\/wp-json\/wp\/v2\/product"}],"about":[{"href":"https:\/\/garden-label.pl\/sklep\/wp-json\/wp\/v2\/types\/product"}],"replies":[{"embeddable":true,"href":"https:\/\/garden-label.pl\/sklep\/wp-json\/wp\/v2\/comments?post=3922"}],"version-history":[{"count":0,"href":"https:\/\/garden-label.pl\/sklep\/wp-json\/wp\/v2\/product\/3922\/revisions"}],"wp:featuredmedia":[{"embeddable":true,"href":"https:\/\/garden-label.pl\/sklep\/wp-json\/wp\/v2\/media\/86094"}],"wp:attachment":[{"href":"https:\/\/garden-label.pl\/sklep\/wp-json\/wp\/v2\/media?parent=3922"}],"wp:term":[{"taxonomy":"product_brand","embeddable":true,"href":"https:\/\/garden-label.pl\/sklep\/wp-json\/wp\/v2\/product_brand?post=3922"},{"taxonomy":"product_cat","embeddable":true,"href":"https:\/\/garden-label.pl\/sklep\/wp-json\/wp\/v2\/product_cat?post=3922"},{"taxonomy":"product_tag","embeddable":true,"href":"https:\/\/garden-label.pl\/sklep\/wp-json\/wp\/v2\/product_tag?post=3922"}],"curies":[{"name":"wp","href":"https:\/\/api.w.org\/{rel}","templated":true}]}}