{"id":3739,"date":"2024-06-12T14:19:40","date_gmt":"2024-06-12T12:19:40","guid":{"rendered":"https:\/\/garden-label.pl\/sklep\/produkt\/etykieta-ogrodnicza-samoprzylepna-99x1435mm-do-drukarek-laserowych-100-szt\/"},"modified":"2026-03-13T06:44:23","modified_gmt":"2026-03-13T05:44:23","slug":"etykieta-ogrodnicza-samoprzylepna-99x1435mm-do-drukarek-laserowych-100-szt","status":"publish","type":"product","link":"https:\/\/garden-label.pl\/sklep\/produkt\/etykieta-ogrodnicza-samoprzylepna-99x1435mm-do-drukarek-laserowych-100-szt\/","title":{"rendered":"Etykiety Ogrodnicze Samoprzylepne 99&#215;143,5 mm do Drukarek Laserowych &#8211; Zestaw 100 sztuk"},"content":{"rendered":"<p>Etykiety ogrodnicze samoprzylepne o wymiarach 99 x 143,5 mm to doskona\u0142e rozwi\u0105zanie dla ka\u017cdego pasjonata ogrodnictwa oraz sadownictwa. W komplecie znajduje si\u0119 100 etykiet, rozmieszczonych na 25 arkuszach A4, kt\u00f3re s\u0105 w pe\u0142ni kompatybilne z drukarkami laserowymi, umo\u017cliwiaj\u0105c zar\u00f3wno druk czarno-bia\u0142y, jak i kolorowy. Wykonane z trwa\u0142ego materia\u0142u, etykiety cechuj\u0105 si\u0119 odporno\u015bci\u0105 na niekorzystne warunki atmosferyczne, co przek\u0142ada si\u0119 na ich d\u0142ugotrwa\u0142o\u015b\u0107 oraz zachowanie czytelno\u015bci w ka\u017cdych okoliczno\u015bciach.<\/p>\n<p>Etykiety doskonale przylegaj\u0105 do r\u00f3\u017cnorodnych powierzchni, w tym doniczek, tabliczek ogrodowych oraz karton\u00f3w. Mo\u017cliwo\u015b\u0107 r\u0119cznego opisania ich markerem pozwala na elastyczne oznaczanie ro\u015blin i skuteczn\u0105 organizacj\u0119 przestrzeni ogrodowej. Jednostronny zadruk arkuszy A4 (4 etykiety na arkuszu) u\u0142atwia szybkie przygotowanie etykiet, a samoprzylepna pow\u0142oka zapewnia bardzo prost\u0105 aplikacj\u0119.<\/p>\n<p>Nasze etykiety ogrodnicze oferuj\u0105 szybki czas realizacji zam\u00f3wienia \u2013 tylko 1 dzie\u0144 roboczy oraz 24-miesi\u0119czn\u0105 gwarancj\u0119, co czyni je idealnym wsparciem w ka\u017cdym ogrodzie. Sprawdzaj\u0105 si\u0119 zar\u00f3wno w u\u017cytkowaniu wewn\u0119trznym, jak i zewn\u0119trznym, stanowi\u0105c nieocenione narz\u0119dzie dla wszystkich, kt\u00f3rzy ceni\u0105 estetyk\u0119 i porz\u0105dek przy znakowaniu swoich ro\u015blin. <\/p>\n<p>Instrukcja obs\u0142ugi: https:\/\/garden-label.pl\/instrukcje\/<\/p>\n<p>producent\/przedstawiciel\/informacje o bezpiecze\u0144stwie: https:\/\/anetpol.pl\/regulamin-sklepu-internetowego\/<br \/>biuro@anetpol.pl<\/p>\n","protected":false},"excerpt":{"rendered":"<p>Etykiety ogrodnicze samoprzylepne to niezb\u0119dny element dla ka\u017cdego, kto pragnie w spos\u00f3b czytelny i estetyczny oznacza\u0107 swoje ro\u015bliny. Z my\u015bl\u0105 o wymagaj\u0105cych u\u017cytkownikach, produkty te&#8230; <a href=\"https:\/\/garden-label.pl\/sklep\/produkt\/etykieta-ogrodnicza-samoprzylepna-99x1435mm-do-drukarek-laserowych-100-szt\/\">wi\u0119cej<\/a><\/p>\n","protected":false},"featured_media":86216,"comment_status":"open","ping_status":"closed","template":"","meta":[],"product_brand":[910],"product_cat":[1087,1084,1106,1085,1086,15],"product_tag":[1082,902,1083],"class_list":{"0":"post-3739","1":"product","2":"type-product","3":"status-publish","4":"has-post-thumbnail","6":"product_brand-garden-label-pl","7":"product_cat-akcesoria","8":"product_cat-dom-i-ogrod","9":"product_cat-laserowe","10":"product_cat-ogrod","11":"product_cat-rosliny","12":"product_cat-sklep","13":"product_tag-anetpol","14":"product_tag-garden-label","15":"product_tag-supermerchant","16":"sales-flash-overlay","17":"woocommerce-text-align-left","18":"woocommerce-image-align-center","19":"do-quantity-buttons","20":"wc-has-gallery","22":"first","23":"outofstock","24":"taxable","25":"shipping-taxable","26":"purchasable","27":"product-type-simple"},"yoast_head":"<!-- This site is optimized with the Yoast SEO Premium plugin v26.3 (Yoast SEO v27.3) - https:\/\/yoast.com\/product\/yoast-seo-premium-wordpress\/ -->\n<title>Etykiety Ogrodnicze Samoprzylepne 99x143,5 mm do Drukarek Laserowych - Zestaw 100 sztuk - Sklep Garden-Label: etykiety dla ogrodnictwa<\/title>\n<meta name=\"robots\" content=\"index, follow, max-snippet:-1, max-image-preview:large, max-video-preview:-1\" \/>\n<link rel=\"canonical\" href=\"https:\/\/garden-label.pl\/sklep\/produkt\/etykieta-ogrodnicza-samoprzylepna-99x1435mm-do-drukarek-laserowych-100-szt\/\" \/>\n<meta property=\"og:locale\" content=\"pl_PL\" \/>\n<meta property=\"og:type\" content=\"article\" \/>\n<meta property=\"og:title\" content=\"Etykiety Ogrodnicze Samoprzylepne 99x143,5 mm do Drukarek Laserowych - Zestaw 100 sztuk\" \/>\n<meta property=\"og:description\" content=\"Etykiety ogrodnicze samoprzylepne to niezb\u0119dny element dla ka\u017cdego, kto pragnie w spos\u00f3b czytelny i estetyczny oznacza\u0107 swoje ro\u015bliny. Z my\u015bl\u0105 o wymagaj\u0105cych u\u017cytkownikach, produkty te... wi\u0119cej\" \/>\n<meta property=\"og:url\" content=\"https:\/\/garden-label.pl\/sklep\/produkt\/etykieta-ogrodnicza-samoprzylepna-99x1435mm-do-drukarek-laserowych-100-szt\/\" \/>\n<meta property=\"og:site_name\" content=\"Sklep Garden-Label: etykiety dla ogrodnictwa\" \/>\n<meta property=\"article:publisher\" content=\"https:\/\/www.facebook.com\/gardenlabelpl\" \/>\n<meta property=\"article:modified_time\" content=\"2026-03-13T05:44:23+00:00\" \/>\n<meta property=\"og:image\" content=\"https:\/\/garden-label.pl\/sklep\/wp-content\/uploads\/2025\/06\/dd707d773b39f8c339ae8ec56d108d22.jpg\" \/>\n\t<meta property=\"og:image:width\" content=\"557\" \/>\n\t<meta property=\"og:image:height\" content=\"784\" \/>\n\t<meta property=\"og:image:type\" content=\"image\/jpeg\" \/>\n<meta name=\"twitter:card\" content=\"summary_large_image\" \/>\n<meta name=\"twitter:label1\" content=\"Cena\" \/>\n\t<meta name=\"twitter:data1\" content=\"155,50&nbsp;&#122;&#322;\" \/>\n\t<meta name=\"twitter:label2\" content=\"Dost\u0119pno\u015b\u0107\" \/>\n\t<meta name=\"twitter:data2\" content=\"Brak w magazynie\" \/>\n<script type=\"application\/ld+json\" class=\"yoast-schema-graph\">{\"@context\":\"https:\\\/\\\/schema.org\",\"@graph\":[{\"@type\":\"WebPage\",\"@id\":\"https:\\\/\\\/garden-label.pl\\\/sklep\\\/produkt\\\/etykieta-ogrodnicza-samoprzylepna-99x1435mm-do-drukarek-laserowych-100-szt\\\/\",\"url\":\"https:\\\/\\\/garden-label.pl\\\/sklep\\\/produkt\\\/etykieta-ogrodnicza-samoprzylepna-99x1435mm-do-drukarek-laserowych-100-szt\\\/\",\"name\":\"Etykiety Ogrodnicze Samoprzylepne 99x143,5 mm do Drukarek Laserowych - Zestaw 100 sztuk - Sklep Garden-Label: etykiety dla ogrodnictwa\",\"isPartOf\":{\"@id\":\"https:\\\/\\\/garden-label.pl\\\/sklep\\\/#website\"},\"primaryImageOfPage\":{\"@id\":\"https:\\\/\\\/garden-label.pl\\\/sklep\\\/produkt\\\/etykieta-ogrodnicza-samoprzylepna-99x1435mm-do-drukarek-laserowych-100-szt\\\/#primaryimage\"},\"image\":{\"@id\":\"https:\\\/\\\/garden-label.pl\\\/sklep\\\/produkt\\\/etykieta-ogrodnicza-samoprzylepna-99x1435mm-do-drukarek-laserowych-100-szt\\\/#primaryimage\"},\"thumbnailUrl\":\"https:\\\/\\\/garden-label.pl\\\/sklep\\\/wp-content\\\/uploads\\\/2025\\\/10\\\/dd707d773b39f8c339ae8ec56d108d22-2.jpg\",\"datePublished\":\"2024-06-12T12:19:40+00:00\",\"dateModified\":\"2026-03-13T05:44:23+00:00\",\"breadcrumb\":{\"@id\":\"https:\\\/\\\/garden-label.pl\\\/sklep\\\/produkt\\\/etykieta-ogrodnicza-samoprzylepna-99x1435mm-do-drukarek-laserowych-100-szt\\\/#breadcrumb\"},\"inLanguage\":\"pl-PL\",\"potentialAction\":[{\"@type\":\"ReadAction\",\"target\":[\"https:\\\/\\\/garden-label.pl\\\/sklep\\\/produkt\\\/etykieta-ogrodnicza-samoprzylepna-99x1435mm-do-drukarek-laserowych-100-szt\\\/\"]}]},{\"@type\":\"ImageObject\",\"inLanguage\":\"pl-PL\",\"@id\":\"https:\\\/\\\/garden-label.pl\\\/sklep\\\/produkt\\\/etykieta-ogrodnicza-samoprzylepna-99x1435mm-do-drukarek-laserowych-100-szt\\\/#primaryimage\",\"url\":\"https:\\\/\\\/garden-label.pl\\\/sklep\\\/wp-content\\\/uploads\\\/2025\\\/10\\\/dd707d773b39f8c339ae8ec56d108d22-2.jpg\",\"contentUrl\":\"https:\\\/\\\/garden-label.pl\\\/sklep\\\/wp-content\\\/uploads\\\/2025\\\/10\\\/dd707d773b39f8c339ae8ec56d108d22-2.jpg\",\"width\":557,\"height\":784,\"caption\":\"01383585c8682cd762ac156e50fbf2ee\"},{\"@type\":\"BreadcrumbList\",\"@id\":\"https:\\\/\\\/garden-label.pl\\\/sklep\\\/produkt\\\/etykieta-ogrodnicza-samoprzylepna-99x1435mm-do-drukarek-laserowych-100-szt\\\/#breadcrumb\",\"itemListElement\":[{\"@type\":\"ListItem\",\"position\":1,\"name\":\"Strona g\u0142\u00f3wna\",\"item\":\"https:\\\/\\\/garden-label.pl\\\/sklep\\\/\"},{\"@type\":\"ListItem\",\"position\":2,\"name\":\"Home\",\"item\":\"https:\\\/\\\/garden-label.pl\\\/sklep\\\/\"},{\"@type\":\"ListItem\",\"position\":3,\"name\":\"Etykiety Ogrodnicze Samoprzylepne 99&#215;143,5 mm do Drukarek Laserowych &#8211; Zestaw 100 sztuk\"}]},{\"@type\":\"WebSite\",\"@id\":\"https:\\\/\\\/garden-label.pl\\\/sklep\\\/#website\",\"url\":\"https:\\\/\\\/garden-label.pl\\\/sklep\\\/\",\"name\":\"Sklep Garden-Label: etykiety dla ogrodnictwa, drukarki, oprogramowanie\",\"description\":\"ETYKIETY OGRODNICZE INFORMATYZACJA SZK\u00d3\u0141EK PASZPORTY RO\u015aLIN SKLEPY INTERNETOWE\",\"publisher\":{\"@id\":\"https:\\\/\\\/garden-label.pl\\\/sklep\\\/#organization\"},\"potentialAction\":[{\"@type\":\"SearchAction\",\"target\":{\"@type\":\"EntryPoint\",\"urlTemplate\":\"https:\\\/\\\/garden-label.pl\\\/sklep\\\/?s={search_term_string}\"},\"query-input\":{\"@type\":\"PropertyValueSpecification\",\"valueRequired\":true,\"valueName\":\"search_term_string\"}}],\"inLanguage\":\"pl-PL\"},{\"@type\":\"Organization\",\"@id\":\"https:\\\/\\\/garden-label.pl\\\/sklep\\\/#organization\",\"name\":\"Sklep Garden-Label: etykiety dla ogrodnictwa, drukarki, oprogramowanie\",\"url\":\"https:\\\/\\\/garden-label.pl\\\/sklep\\\/\",\"logo\":{\"@type\":\"ImageObject\",\"inLanguage\":\"pl-PL\",\"@id\":\"https:\\\/\\\/garden-label.pl\\\/sklep\\\/#\\\/schema\\\/logo\\\/image\\\/\",\"url\":\"https:\\\/\\\/garden-label.pl\\\/sklep\\\/wp-content\\\/uploads\\\/2024\\\/01\\\/GardenLabel-pastelowe.png\",\"contentUrl\":\"https:\\\/\\\/garden-label.pl\\\/sklep\\\/wp-content\\\/uploads\\\/2024\\\/01\\\/GardenLabel-pastelowe.png\",\"width\":2566,\"height\":1054,\"caption\":\"Sklep Garden-Label: etykiety dla ogrodnictwa, drukarki, oprogramowanie\"},\"image\":{\"@id\":\"https:\\\/\\\/garden-label.pl\\\/sklep\\\/#\\\/schema\\\/logo\\\/image\\\/\"},\"sameAs\":[\"https:\\\/\\\/www.facebook.com\\\/gardenlabelpl\"]}]}<\/script>\n<meta property=\"product:brand\" content=\"Garden-Label.pl\" \/>\n<meta property=\"product:price:amount\" content=\"155.50\" \/>\n<meta property=\"product:price:currency\" content=\"PLN\" \/>\n<meta property=\"og:availability\" content=\"out of stock\" \/>\n<meta property=\"product:availability\" content=\"out of stock\" \/>\n<meta property=\"product:retailer_item_id\" content=\"5906477685328\" \/>\n<meta property=\"product:condition\" content=\"new\" \/>\n<!-- \/ Yoast SEO Premium plugin. -->","yoast_head_json":{"title":"Etykiety Ogrodnicze Samoprzylepne 99x143,5 mm do Drukarek Laserowych - Zestaw 100 sztuk - Sklep Garden-Label: etykiety dla ogrodnictwa","robots":{"index":"index","follow":"follow","max-snippet":"max-snippet:-1","max-image-preview":"max-image-preview:large","max-video-preview":"max-video-preview:-1"},"canonical":"https:\/\/garden-label.pl\/sklep\/produkt\/etykieta-ogrodnicza-samoprzylepna-99x1435mm-do-drukarek-laserowych-100-szt\/","og_locale":"pl_PL","og_type":"article","og_title":"Etykiety Ogrodnicze Samoprzylepne 99x143,5 mm do Drukarek Laserowych - Zestaw 100 sztuk","og_description":"Etykiety ogrodnicze samoprzylepne to niezb\u0119dny element dla ka\u017cdego, kto pragnie w spos\u00f3b czytelny i estetyczny oznacza\u0107 swoje ro\u015bliny. Z my\u015bl\u0105 o wymagaj\u0105cych u\u017cytkownikach, produkty te... wi\u0119cej","og_url":"https:\/\/garden-label.pl\/sklep\/produkt\/etykieta-ogrodnicza-samoprzylepna-99x1435mm-do-drukarek-laserowych-100-szt\/","og_site_name":"Sklep Garden-Label: etykiety dla ogrodnictwa","article_publisher":"https:\/\/www.facebook.com\/gardenlabelpl","article_modified_time":"2026-03-13T05:44:23+00:00","og_image":[{"width":557,"height":784,"url":"https:\/\/garden-label.pl\/sklep\/wp-content\/uploads\/2025\/06\/dd707d773b39f8c339ae8ec56d108d22.jpg","type":"image\/jpeg"}],"twitter_card":"summary_large_image","twitter_misc":{"Cena":"155,50&nbsp;&#122;&#322;","Dost\u0119pno\u015b\u0107":"Brak w magazynie"},"schema":{"@context":"https:\/\/schema.org","@graph":[{"@type":"WebPage","@id":"https:\/\/garden-label.pl\/sklep\/produkt\/etykieta-ogrodnicza-samoprzylepna-99x1435mm-do-drukarek-laserowych-100-szt\/","url":"https:\/\/garden-label.pl\/sklep\/produkt\/etykieta-ogrodnicza-samoprzylepna-99x1435mm-do-drukarek-laserowych-100-szt\/","name":"Etykiety Ogrodnicze Samoprzylepne 99x143,5 mm do Drukarek Laserowych - Zestaw 100 sztuk - Sklep Garden-Label: etykiety dla ogrodnictwa","isPartOf":{"@id":"https:\/\/garden-label.pl\/sklep\/#website"},"primaryImageOfPage":{"@id":"https:\/\/garden-label.pl\/sklep\/produkt\/etykieta-ogrodnicza-samoprzylepna-99x1435mm-do-drukarek-laserowych-100-szt\/#primaryimage"},"image":{"@id":"https:\/\/garden-label.pl\/sklep\/produkt\/etykieta-ogrodnicza-samoprzylepna-99x1435mm-do-drukarek-laserowych-100-szt\/#primaryimage"},"thumbnailUrl":"https:\/\/garden-label.pl\/sklep\/wp-content\/uploads\/2025\/10\/dd707d773b39f8c339ae8ec56d108d22-2.jpg","datePublished":"2024-06-12T12:19:40+00:00","dateModified":"2026-03-13T05:44:23+00:00","breadcrumb":{"@id":"https:\/\/garden-label.pl\/sklep\/produkt\/etykieta-ogrodnicza-samoprzylepna-99x1435mm-do-drukarek-laserowych-100-szt\/#breadcrumb"},"inLanguage":"pl-PL","potentialAction":[{"@type":"ReadAction","target":["https:\/\/garden-label.pl\/sklep\/produkt\/etykieta-ogrodnicza-samoprzylepna-99x1435mm-do-drukarek-laserowych-100-szt\/"]}]},{"@type":"ImageObject","inLanguage":"pl-PL","@id":"https:\/\/garden-label.pl\/sklep\/produkt\/etykieta-ogrodnicza-samoprzylepna-99x1435mm-do-drukarek-laserowych-100-szt\/#primaryimage","url":"https:\/\/garden-label.pl\/sklep\/wp-content\/uploads\/2025\/10\/dd707d773b39f8c339ae8ec56d108d22-2.jpg","contentUrl":"https:\/\/garden-label.pl\/sklep\/wp-content\/uploads\/2025\/10\/dd707d773b39f8c339ae8ec56d108d22-2.jpg","width":557,"height":784,"caption":"01383585c8682cd762ac156e50fbf2ee"},{"@type":"BreadcrumbList","@id":"https:\/\/garden-label.pl\/sklep\/produkt\/etykieta-ogrodnicza-samoprzylepna-99x1435mm-do-drukarek-laserowych-100-szt\/#breadcrumb","itemListElement":[{"@type":"ListItem","position":1,"name":"Strona g\u0142\u00f3wna","item":"https:\/\/garden-label.pl\/sklep\/"},{"@type":"ListItem","position":2,"name":"Home","item":"https:\/\/garden-label.pl\/sklep\/"},{"@type":"ListItem","position":3,"name":"Etykiety Ogrodnicze Samoprzylepne 99&#215;143,5 mm do Drukarek Laserowych &#8211; Zestaw 100 sztuk"}]},{"@type":"WebSite","@id":"https:\/\/garden-label.pl\/sklep\/#website","url":"https:\/\/garden-label.pl\/sklep\/","name":"Sklep Garden-Label: etykiety dla ogrodnictwa, drukarki, oprogramowanie","description":"ETYKIETY OGRODNICZE INFORMATYZACJA SZK\u00d3\u0141EK PASZPORTY RO\u015aLIN SKLEPY INTERNETOWE","publisher":{"@id":"https:\/\/garden-label.pl\/sklep\/#organization"},"potentialAction":[{"@type":"SearchAction","target":{"@type":"EntryPoint","urlTemplate":"https:\/\/garden-label.pl\/sklep\/?s={search_term_string}"},"query-input":{"@type":"PropertyValueSpecification","valueRequired":true,"valueName":"search_term_string"}}],"inLanguage":"pl-PL"},{"@type":"Organization","@id":"https:\/\/garden-label.pl\/sklep\/#organization","name":"Sklep Garden-Label: etykiety dla ogrodnictwa, drukarki, oprogramowanie","url":"https:\/\/garden-label.pl\/sklep\/","logo":{"@type":"ImageObject","inLanguage":"pl-PL","@id":"https:\/\/garden-label.pl\/sklep\/#\/schema\/logo\/image\/","url":"https:\/\/garden-label.pl\/sklep\/wp-content\/uploads\/2024\/01\/GardenLabel-pastelowe.png","contentUrl":"https:\/\/garden-label.pl\/sklep\/wp-content\/uploads\/2024\/01\/GardenLabel-pastelowe.png","width":2566,"height":1054,"caption":"Sklep Garden-Label: etykiety dla ogrodnictwa, drukarki, oprogramowanie"},"image":{"@id":"https:\/\/garden-label.pl\/sklep\/#\/schema\/logo\/image\/"},"sameAs":["https:\/\/www.facebook.com\/gardenlabelpl"]}]},"product_brand":"Garden-Label.pl","product_price_amount":"155.50","product_price_currency":"PLN","og_availability":"out of stock","product_availability":"out of stock","product_retailer_item_id":"5906477685328","product_condition":"new"},"_links":{"self":[{"href":"https:\/\/garden-label.pl\/sklep\/wp-json\/wp\/v2\/product\/3739","targetHints":{"allow":["GET"]}}],"collection":[{"href":"https:\/\/garden-label.pl\/sklep\/wp-json\/wp\/v2\/product"}],"about":[{"href":"https:\/\/garden-label.pl\/sklep\/wp-json\/wp\/v2\/types\/product"}],"replies":[{"embeddable":true,"href":"https:\/\/garden-label.pl\/sklep\/wp-json\/wp\/v2\/comments?post=3739"}],"version-history":[{"count":0,"href":"https:\/\/garden-label.pl\/sklep\/wp-json\/wp\/v2\/product\/3739\/revisions"}],"wp:featuredmedia":[{"embeddable":true,"href":"https:\/\/garden-label.pl\/sklep\/wp-json\/wp\/v2\/media\/86216"}],"wp:attachment":[{"href":"https:\/\/garden-label.pl\/sklep\/wp-json\/wp\/v2\/media?parent=3739"}],"wp:term":[{"taxonomy":"product_brand","embeddable":true,"href":"https:\/\/garden-label.pl\/sklep\/wp-json\/wp\/v2\/product_brand?post=3739"},{"taxonomy":"product_cat","embeddable":true,"href":"https:\/\/garden-label.pl\/sklep\/wp-json\/wp\/v2\/product_cat?post=3739"},{"taxonomy":"product_tag","embeddable":true,"href":"https:\/\/garden-label.pl\/sklep\/wp-json\/wp\/v2\/product_tag?post=3739"}],"curies":[{"name":"wp","href":"https:\/\/api.w.org\/{rel}","templated":true}]}}