{"id":3719,"date":"2024-06-12T14:18:46","date_gmt":"2024-06-12T12:18:46","guid":{"rendered":"https:\/\/garden-label.pl\/sklep\/produkt\/tabliczka-ogrodowa-wtykana-nierdzewna-grawer-155x105x450-producent\/"},"modified":"2026-03-13T07:42:15","modified_gmt":"2026-03-13T06:42:15","slug":"tabliczka-ogrodowa-wtykana-155x105x450-mm-czarna-aluminium-zestaw-10-szt","status":"publish","type":"product","link":"https:\/\/garden-label.pl\/sklep\/produkt\/tabliczka-ogrodowa-wtykana-155x105x450-mm-czarna-aluminium-zestaw-10-szt\/","title":{"rendered":"Tabliczka ogrodowa wtykana, 155x105x450 cm, CZARNA, Aluminium zestaw 5 szt."},"content":{"rendered":"<p>Tabliczka ogrodowa wtykana to praktyczne i estetyczne rozwi\u0105zanie do oznaczania ro\u015blin w ogrodzie, szk\u00f3\u0142kach oraz centrach ogrodniczych. Wykonana z odpornego na dzia\u0142ania atmosferyczne aluminium, tabliczka ma wymiary 155 mm (szeroko\u015b\u0107) x 105 mm (wysoko\u015b\u0107) oraz d\u0142ugo\u015b\u0107 n\u00f3\u017cki wynosz\u0105c\u0105 450 mm, co zapewnia jej stabilno\u015b\u0107 i \u0142atwo\u015b\u0107 w umieszczaniu w ziemi. Zestaw zawiera 5 sztuk tabliczek, dzi\u0119ki czemu mo\u017cesz z \u0142atwo\u015bci\u0105 oznaczy\u0107 wiele ro\u015blin jednocze\u015bnie.<\/p>\n<p>Oferowane tabliczki charakteryzuj\u0105 si\u0119 nowoczesnym designem oraz funkcjonalno\u015bci\u0105. N\u00f3\u017cka z &#8222;ostrzem&#8221; umo\u017cliwia swobodne wbijanie w ziemi\u0119, a k\u0105t nachylenia tabliczki wzgl\u0119dem n\u00f3\u017cki wynosz\u0105cy 45% sprawia, \u017ce informacje o ro\u015blinach s\u0105 \u0142atwo dost\u0119pne do przeczytania bez konieczno\u015bci schylania si\u0119. Tabliczki s\u0105 odporne na skrajne temperatury oraz promieniowanie UV, co czyni je idealnym wyborem do u\u017cytku na zewn\u0105trz.<\/p>\n<p>Dzi\u0119ki mo\u017cliwo\u015bci naklejania etykiet samoprzylepnych, tabliczki doskonale sprawdzaj\u0105 si\u0119 w r\u00f3\u017cnych zastosowaniach &#8211; od oznaczania rabat po etykiety do donic. Oferujemy je w kolorze czarnym, kt\u00f3re nadaje elegancki wygl\u0105d i podkre\u015bla estetyk\u0119 ogrodu. Wybierz tabliczki ogrodowe wtykane z aluminium, aby w prosty spos\u00f3b zorganizowa\u0107 swoj\u0105 przestrze\u0144 zielon\u0105 oraz nada\u0107 jej wyj\u0105tkowy charakter.<\/p>\n<p>Czas realizacji zam\u00f3wienia wynosi 1 dzie\u0144 roboczy, a produkt obj\u0119ty jest 24-miesi\u0119czn\u0105 gwarancj\u0105. Dodatkowe informacje mo\u017cna znale\u017a\u0107 na stronie producenta: www.garden-label.pl. W razie pyta\u0144, prosimy o kontakt za po\u015brednictwem maila: biuro@anetpol.pl. Produkty dostarczane s\u0105 przez F.H.U. ANET-POL, ul. Sportowa 4c, 43-512 Bestwinka. <\/p>\n<p>Instrukcja obs\u0142ugi: https:\/\/garden-label.pl\/instrukcje\/<\/p>\n<p>producent\/przedstawiciel\/informacje o bezpiecze\u0144stwie: https:\/\/anetpol.pl\/regulamin-sklepu-internetowego\/<br \/>biuro@anetpol.pl<\/p>\n","protected":false},"excerpt":{"rendered":"<p>Tabliczka ogrodowa wtykana to idealne rozwi\u0105zanie dla wszystkich pasjonat\u00f3w ogrodnictwa, kt\u00f3rzy pragn\u0105 w \u0142atwy spos\u00f3b zorganizowa\u0107 sw\u00f3j ogr\u00f3d. Ten zestaw 5 sztuk \u0142\u0105czy w sobie&#8230; <a href=\"https:\/\/garden-label.pl\/sklep\/produkt\/tabliczka-ogrodowa-wtykana-155x105x450-mm-czarna-aluminium-zestaw-10-szt\/\">wi\u0119cej<\/a><\/p>\n","protected":false},"featured_media":86035,"comment_status":"open","ping_status":"closed","template":"","meta":[],"product_brand":[910],"product_cat":[1084,1096,15],"product_tag":[1082,902,1083,1001],"class_list":{"0":"post-3719","1":"product","2":"type-product","3":"status-publish","4":"has-post-thumbnail","6":"product_brand-garden-label-pl","7":"product_cat-dom-i-ogrod","8":"product_cat-tabliczki-i-znaczniki","9":"product_cat-sklep","10":"product_tag-anetpol","11":"product_tag-garden-label","12":"product_tag-supermerchant","13":"product_tag-tabliczki-znaczniki","14":"sales-flash-overlay","15":"woocommerce-text-align-left","16":"woocommerce-image-align-center","17":"do-quantity-buttons","18":"wc-has-gallery","20":"first","21":"instock","22":"taxable","23":"shipping-taxable","24":"purchasable","25":"product-type-simple"},"yoast_head":"<!-- This site is optimized with the Yoast SEO Premium plugin v26.3 (Yoast SEO v27.3) - https:\/\/yoast.com\/product\/yoast-seo-premium-wordpress\/ -->\n<title>Tabliczka ogrodowa wtykana, 155x105x450 cm, CZARNA, Aluminium zestaw 5 szt. - Sklep Garden-Label: etykiety dla ogrodnictwa<\/title>\n<meta name=\"robots\" content=\"index, follow, max-snippet:-1, max-image-preview:large, max-video-preview:-1\" \/>\n<link rel=\"canonical\" href=\"https:\/\/garden-label.pl\/sklep\/produkt\/tabliczka-ogrodowa-wtykana-155x105x450-mm-czarna-aluminium-zestaw-10-szt\/\" \/>\n<meta property=\"og:locale\" content=\"pl_PL\" \/>\n<meta property=\"og:type\" content=\"article\" \/>\n<meta property=\"og:title\" content=\"Tabliczka ogrodowa wtykana, 155x105x450 cm, CZARNA, Aluminium zestaw 5 szt.\" \/>\n<meta property=\"og:description\" content=\"Tabliczka ogrodowa wtykana to idealne rozwi\u0105zanie dla wszystkich pasjonat\u00f3w ogrodnictwa, kt\u00f3rzy pragn\u0105 w \u0142atwy spos\u00f3b zorganizowa\u0107 sw\u00f3j ogr\u00f3d. Ten zestaw 5 sztuk \u0142\u0105czy w sobie... wi\u0119cej\" \/>\n<meta property=\"og:url\" content=\"https:\/\/garden-label.pl\/sklep\/produkt\/tabliczka-ogrodowa-wtykana-155x105x450-mm-czarna-aluminium-zestaw-10-szt\/\" \/>\n<meta property=\"og:site_name\" content=\"Sklep Garden-Label: etykiety dla ogrodnictwa\" \/>\n<meta property=\"article:publisher\" content=\"https:\/\/www.facebook.com\/gardenlabelpl\" \/>\n<meta property=\"article:modified_time\" content=\"2026-03-13T06:42:15+00:00\" \/>\n<meta property=\"og:image\" content=\"https:\/\/garden-label.pl\/sklep\/wp-content\/uploads\/2025\/10\/4baf28de1e6a438b015dcdfcf2ef679d-1.jpg\" \/>\n\t<meta property=\"og:image:width\" content=\"1920\" \/>\n\t<meta property=\"og:image:height\" content=\"2560\" \/>\n\t<meta property=\"og:image:type\" content=\"image\/jpeg\" \/>\n<meta name=\"twitter:card\" content=\"summary_large_image\" \/>\n<meta name=\"twitter:label1\" content=\"Cena\" \/>\n\t<meta name=\"twitter:data1\" content=\"175,00&nbsp;&#122;&#322;\" \/>\n\t<meta name=\"twitter:label2\" content=\"Dost\u0119pno\u015b\u0107\" \/>\n\t<meta name=\"twitter:data2\" content=\"Dost\u0119pny\" \/>\n<script type=\"application\/ld+json\" class=\"yoast-schema-graph\">{\"@context\":\"https:\\\/\\\/schema.org\",\"@graph\":[{\"@type\":\"WebPage\",\"@id\":\"https:\\\/\\\/garden-label.pl\\\/sklep\\\/produkt\\\/tabliczka-ogrodowa-wtykana-155x105x450-mm-czarna-aluminium-zestaw-10-szt\\\/\",\"url\":\"https:\\\/\\\/garden-label.pl\\\/sklep\\\/produkt\\\/tabliczka-ogrodowa-wtykana-155x105x450-mm-czarna-aluminium-zestaw-10-szt\\\/\",\"name\":\"Tabliczka ogrodowa wtykana, 155x105x450 cm, CZARNA, Aluminium zestaw 5 szt. - Sklep Garden-Label: etykiety dla ogrodnictwa\",\"isPartOf\":{\"@id\":\"https:\\\/\\\/garden-label.pl\\\/sklep\\\/#website\"},\"primaryImageOfPage\":{\"@id\":\"https:\\\/\\\/garden-label.pl\\\/sklep\\\/produkt\\\/tabliczka-ogrodowa-wtykana-155x105x450-mm-czarna-aluminium-zestaw-10-szt\\\/#primaryimage\"},\"image\":{\"@id\":\"https:\\\/\\\/garden-label.pl\\\/sklep\\\/produkt\\\/tabliczka-ogrodowa-wtykana-155x105x450-mm-czarna-aluminium-zestaw-10-szt\\\/#primaryimage\"},\"thumbnailUrl\":\"https:\\\/\\\/garden-label.pl\\\/sklep\\\/wp-content\\\/uploads\\\/2025\\\/10\\\/4baf28de1e6a438b015dcdfcf2ef679d-1.jpg\",\"datePublished\":\"2024-06-12T12:18:46+00:00\",\"dateModified\":\"2026-03-13T06:42:15+00:00\",\"breadcrumb\":{\"@id\":\"https:\\\/\\\/garden-label.pl\\\/sklep\\\/produkt\\\/tabliczka-ogrodowa-wtykana-155x105x450-mm-czarna-aluminium-zestaw-10-szt\\\/#breadcrumb\"},\"inLanguage\":\"pl-PL\",\"potentialAction\":[{\"@type\":\"ReadAction\",\"target\":[\"https:\\\/\\\/garden-label.pl\\\/sklep\\\/produkt\\\/tabliczka-ogrodowa-wtykana-155x105x450-mm-czarna-aluminium-zestaw-10-szt\\\/\"]}]},{\"@type\":\"ImageObject\",\"inLanguage\":\"pl-PL\",\"@id\":\"https:\\\/\\\/garden-label.pl\\\/sklep\\\/produkt\\\/tabliczka-ogrodowa-wtykana-155x105x450-mm-czarna-aluminium-zestaw-10-szt\\\/#primaryimage\",\"url\":\"https:\\\/\\\/garden-label.pl\\\/sklep\\\/wp-content\\\/uploads\\\/2025\\\/10\\\/4baf28de1e6a438b015dcdfcf2ef679d-1.jpg\",\"contentUrl\":\"https:\\\/\\\/garden-label.pl\\\/sklep\\\/wp-content\\\/uploads\\\/2025\\\/10\\\/4baf28de1e6a438b015dcdfcf2ef679d-1.jpg\",\"width\":1920,\"height\":2560,\"caption\":\"c3d2bfc42420c90d3d9d51d5bd55917f\"},{\"@type\":\"BreadcrumbList\",\"@id\":\"https:\\\/\\\/garden-label.pl\\\/sklep\\\/produkt\\\/tabliczka-ogrodowa-wtykana-155x105x450-mm-czarna-aluminium-zestaw-10-szt\\\/#breadcrumb\",\"itemListElement\":[{\"@type\":\"ListItem\",\"position\":1,\"name\":\"Strona g\u0142\u00f3wna\",\"item\":\"https:\\\/\\\/garden-label.pl\\\/sklep\\\/\"},{\"@type\":\"ListItem\",\"position\":2,\"name\":\"Home\",\"item\":\"https:\\\/\\\/garden-label.pl\\\/sklep\\\/\"},{\"@type\":\"ListItem\",\"position\":3,\"name\":\"Tabliczka ogrodowa wtykana, 155x105x450 cm, CZARNA, Aluminium zestaw 5 szt.\"}]},{\"@type\":\"WebSite\",\"@id\":\"https:\\\/\\\/garden-label.pl\\\/sklep\\\/#website\",\"url\":\"https:\\\/\\\/garden-label.pl\\\/sklep\\\/\",\"name\":\"Sklep Garden-Label: etykiety dla ogrodnictwa, drukarki, oprogramowanie\",\"description\":\"ETYKIETY OGRODNICZE INFORMATYZACJA SZK\u00d3\u0141EK PASZPORTY RO\u015aLIN SKLEPY INTERNETOWE\",\"publisher\":{\"@id\":\"https:\\\/\\\/garden-label.pl\\\/sklep\\\/#organization\"},\"potentialAction\":[{\"@type\":\"SearchAction\",\"target\":{\"@type\":\"EntryPoint\",\"urlTemplate\":\"https:\\\/\\\/garden-label.pl\\\/sklep\\\/?s={search_term_string}\"},\"query-input\":{\"@type\":\"PropertyValueSpecification\",\"valueRequired\":true,\"valueName\":\"search_term_string\"}}],\"inLanguage\":\"pl-PL\"},{\"@type\":\"Organization\",\"@id\":\"https:\\\/\\\/garden-label.pl\\\/sklep\\\/#organization\",\"name\":\"Sklep Garden-Label: etykiety dla ogrodnictwa, drukarki, oprogramowanie\",\"url\":\"https:\\\/\\\/garden-label.pl\\\/sklep\\\/\",\"logo\":{\"@type\":\"ImageObject\",\"inLanguage\":\"pl-PL\",\"@id\":\"https:\\\/\\\/garden-label.pl\\\/sklep\\\/#\\\/schema\\\/logo\\\/image\\\/\",\"url\":\"https:\\\/\\\/garden-label.pl\\\/sklep\\\/wp-content\\\/uploads\\\/2024\\\/01\\\/GardenLabel-pastelowe.png\",\"contentUrl\":\"https:\\\/\\\/garden-label.pl\\\/sklep\\\/wp-content\\\/uploads\\\/2024\\\/01\\\/GardenLabel-pastelowe.png\",\"width\":2566,\"height\":1054,\"caption\":\"Sklep Garden-Label: etykiety dla ogrodnictwa, drukarki, oprogramowanie\"},\"image\":{\"@id\":\"https:\\\/\\\/garden-label.pl\\\/sklep\\\/#\\\/schema\\\/logo\\\/image\\\/\"},\"sameAs\":[\"https:\\\/\\\/www.facebook.com\\\/gardenlabelpl\"]}]}<\/script>\n<meta property=\"product:brand\" content=\"Garden-Label.pl\" \/>\n<meta property=\"product:price:amount\" content=\"175.00\" \/>\n<meta property=\"product:price:currency\" content=\"PLN\" \/>\n<meta property=\"og:availability\" content=\"instock\" \/>\n<meta property=\"product:availability\" content=\"instock\" \/>\n<meta property=\"product:retailer_item_id\" content=\"5906477685861\" \/>\n<meta property=\"product:condition\" content=\"new\" \/>\n<!-- \/ Yoast SEO Premium plugin. -->","yoast_head_json":{"title":"Tabliczka ogrodowa wtykana, 155x105x450 cm, CZARNA, Aluminium zestaw 5 szt. - Sklep Garden-Label: etykiety dla ogrodnictwa","robots":{"index":"index","follow":"follow","max-snippet":"max-snippet:-1","max-image-preview":"max-image-preview:large","max-video-preview":"max-video-preview:-1"},"canonical":"https:\/\/garden-label.pl\/sklep\/produkt\/tabliczka-ogrodowa-wtykana-155x105x450-mm-czarna-aluminium-zestaw-10-szt\/","og_locale":"pl_PL","og_type":"article","og_title":"Tabliczka ogrodowa wtykana, 155x105x450 cm, CZARNA, Aluminium zestaw 5 szt.","og_description":"Tabliczka ogrodowa wtykana to idealne rozwi\u0105zanie dla wszystkich pasjonat\u00f3w ogrodnictwa, kt\u00f3rzy pragn\u0105 w \u0142atwy spos\u00f3b zorganizowa\u0107 sw\u00f3j ogr\u00f3d. Ten zestaw 5 sztuk \u0142\u0105czy w sobie... wi\u0119cej","og_url":"https:\/\/garden-label.pl\/sklep\/produkt\/tabliczka-ogrodowa-wtykana-155x105x450-mm-czarna-aluminium-zestaw-10-szt\/","og_site_name":"Sklep Garden-Label: etykiety dla ogrodnictwa","article_publisher":"https:\/\/www.facebook.com\/gardenlabelpl","article_modified_time":"2026-03-13T06:42:15+00:00","og_image":[{"width":1920,"height":2560,"url":"https:\/\/garden-label.pl\/sklep\/wp-content\/uploads\/2025\/10\/4baf28de1e6a438b015dcdfcf2ef679d-1.jpg","type":"image\/jpeg"}],"twitter_card":"summary_large_image","twitter_misc":{"Cena":"175,00&nbsp;&#122;&#322;","Dost\u0119pno\u015b\u0107":"Dost\u0119pny"},"schema":{"@context":"https:\/\/schema.org","@graph":[{"@type":"WebPage","@id":"https:\/\/garden-label.pl\/sklep\/produkt\/tabliczka-ogrodowa-wtykana-155x105x450-mm-czarna-aluminium-zestaw-10-szt\/","url":"https:\/\/garden-label.pl\/sklep\/produkt\/tabliczka-ogrodowa-wtykana-155x105x450-mm-czarna-aluminium-zestaw-10-szt\/","name":"Tabliczka ogrodowa wtykana, 155x105x450 cm, CZARNA, Aluminium zestaw 5 szt. - Sklep Garden-Label: etykiety dla ogrodnictwa","isPartOf":{"@id":"https:\/\/garden-label.pl\/sklep\/#website"},"primaryImageOfPage":{"@id":"https:\/\/garden-label.pl\/sklep\/produkt\/tabliczka-ogrodowa-wtykana-155x105x450-mm-czarna-aluminium-zestaw-10-szt\/#primaryimage"},"image":{"@id":"https:\/\/garden-label.pl\/sklep\/produkt\/tabliczka-ogrodowa-wtykana-155x105x450-mm-czarna-aluminium-zestaw-10-szt\/#primaryimage"},"thumbnailUrl":"https:\/\/garden-label.pl\/sklep\/wp-content\/uploads\/2025\/10\/4baf28de1e6a438b015dcdfcf2ef679d-1.jpg","datePublished":"2024-06-12T12:18:46+00:00","dateModified":"2026-03-13T06:42:15+00:00","breadcrumb":{"@id":"https:\/\/garden-label.pl\/sklep\/produkt\/tabliczka-ogrodowa-wtykana-155x105x450-mm-czarna-aluminium-zestaw-10-szt\/#breadcrumb"},"inLanguage":"pl-PL","potentialAction":[{"@type":"ReadAction","target":["https:\/\/garden-label.pl\/sklep\/produkt\/tabliczka-ogrodowa-wtykana-155x105x450-mm-czarna-aluminium-zestaw-10-szt\/"]}]},{"@type":"ImageObject","inLanguage":"pl-PL","@id":"https:\/\/garden-label.pl\/sklep\/produkt\/tabliczka-ogrodowa-wtykana-155x105x450-mm-czarna-aluminium-zestaw-10-szt\/#primaryimage","url":"https:\/\/garden-label.pl\/sklep\/wp-content\/uploads\/2025\/10\/4baf28de1e6a438b015dcdfcf2ef679d-1.jpg","contentUrl":"https:\/\/garden-label.pl\/sklep\/wp-content\/uploads\/2025\/10\/4baf28de1e6a438b015dcdfcf2ef679d-1.jpg","width":1920,"height":2560,"caption":"c3d2bfc42420c90d3d9d51d5bd55917f"},{"@type":"BreadcrumbList","@id":"https:\/\/garden-label.pl\/sklep\/produkt\/tabliczka-ogrodowa-wtykana-155x105x450-mm-czarna-aluminium-zestaw-10-szt\/#breadcrumb","itemListElement":[{"@type":"ListItem","position":1,"name":"Strona g\u0142\u00f3wna","item":"https:\/\/garden-label.pl\/sklep\/"},{"@type":"ListItem","position":2,"name":"Home","item":"https:\/\/garden-label.pl\/sklep\/"},{"@type":"ListItem","position":3,"name":"Tabliczka ogrodowa wtykana, 155x105x450 cm, CZARNA, Aluminium zestaw 5 szt."}]},{"@type":"WebSite","@id":"https:\/\/garden-label.pl\/sklep\/#website","url":"https:\/\/garden-label.pl\/sklep\/","name":"Sklep Garden-Label: etykiety dla ogrodnictwa, drukarki, oprogramowanie","description":"ETYKIETY OGRODNICZE INFORMATYZACJA SZK\u00d3\u0141EK PASZPORTY RO\u015aLIN SKLEPY INTERNETOWE","publisher":{"@id":"https:\/\/garden-label.pl\/sklep\/#organization"},"potentialAction":[{"@type":"SearchAction","target":{"@type":"EntryPoint","urlTemplate":"https:\/\/garden-label.pl\/sklep\/?s={search_term_string}"},"query-input":{"@type":"PropertyValueSpecification","valueRequired":true,"valueName":"search_term_string"}}],"inLanguage":"pl-PL"},{"@type":"Organization","@id":"https:\/\/garden-label.pl\/sklep\/#organization","name":"Sklep Garden-Label: etykiety dla ogrodnictwa, drukarki, oprogramowanie","url":"https:\/\/garden-label.pl\/sklep\/","logo":{"@type":"ImageObject","inLanguage":"pl-PL","@id":"https:\/\/garden-label.pl\/sklep\/#\/schema\/logo\/image\/","url":"https:\/\/garden-label.pl\/sklep\/wp-content\/uploads\/2024\/01\/GardenLabel-pastelowe.png","contentUrl":"https:\/\/garden-label.pl\/sklep\/wp-content\/uploads\/2024\/01\/GardenLabel-pastelowe.png","width":2566,"height":1054,"caption":"Sklep Garden-Label: etykiety dla ogrodnictwa, drukarki, oprogramowanie"},"image":{"@id":"https:\/\/garden-label.pl\/sklep\/#\/schema\/logo\/image\/"},"sameAs":["https:\/\/www.facebook.com\/gardenlabelpl"]}]},"product_brand":"Garden-Label.pl","product_price_amount":"175.00","product_price_currency":"PLN","og_availability":"instock","product_availability":"instock","product_retailer_item_id":"5906477685861","product_condition":"new"},"_links":{"self":[{"href":"https:\/\/garden-label.pl\/sklep\/wp-json\/wp\/v2\/product\/3719","targetHints":{"allow":["GET"]}}],"collection":[{"href":"https:\/\/garden-label.pl\/sklep\/wp-json\/wp\/v2\/product"}],"about":[{"href":"https:\/\/garden-label.pl\/sklep\/wp-json\/wp\/v2\/types\/product"}],"replies":[{"embeddable":true,"href":"https:\/\/garden-label.pl\/sklep\/wp-json\/wp\/v2\/comments?post=3719"}],"version-history":[{"count":0,"href":"https:\/\/garden-label.pl\/sklep\/wp-json\/wp\/v2\/product\/3719\/revisions"}],"wp:featuredmedia":[{"embeddable":true,"href":"https:\/\/garden-label.pl\/sklep\/wp-json\/wp\/v2\/media\/86035"}],"wp:attachment":[{"href":"https:\/\/garden-label.pl\/sklep\/wp-json\/wp\/v2\/media?parent=3719"}],"wp:term":[{"taxonomy":"product_brand","embeddable":true,"href":"https:\/\/garden-label.pl\/sklep\/wp-json\/wp\/v2\/product_brand?post=3719"},{"taxonomy":"product_cat","embeddable":true,"href":"https:\/\/garden-label.pl\/sklep\/wp-json\/wp\/v2\/product_cat?post=3719"},{"taxonomy":"product_tag","embeddable":true,"href":"https:\/\/garden-label.pl\/sklep\/wp-json\/wp\/v2\/product_tag?post=3719"}],"curies":[{"name":"wp","href":"https:\/\/api.w.org\/{rel}","templated":true}]}}