{"id":3685,"date":"2024-06-12T14:16:40","date_gmt":"2024-06-12T12:16:40","guid":{"rendered":"https:\/\/garden-label.pl\/sklep\/produkt\/marker-ogrodniczy-mazak-pisak-permanentny-odporny-garden-marker-czarny-3\/"},"modified":"2026-04-09T12:37:57","modified_gmt":"2026-04-09T10:37:57","slug":"marker-ogrodniczy-mazak-pisak-permanentny-odporny-garden-marker-czarny-3","status":"publish","type":"product","link":"https:\/\/garden-label.pl\/sklep\/produkt\/marker-ogrodniczy-mazak-pisak-permanentny-odporny-garden-marker-czarny-3\/","title":{"rendered":"Marker ogrodniczy (mazak, pisak) permanentny, odporny Garden Marker, czarny"},"content":{"rendered":"<p>Czarny marker ogrodniczy Garden Marker to niezawodne narz\u0119dzie do trwa\u0142ego opisywania etykiet i innych element\u00f3w ogrodowych. Jego permanentny tusz, odporny na \u015bcieranie oraz dzia\u0142anie wody, zapewnia czytelne i d\u0142ugotrwa\u0142e napisy, niezale\u017cnie od warunk\u00f3w atmosferycznych. Dzi\u0119ki szybkoschn\u0105cemu sk\u0142adowi, tusz wysycha natychmiast po aplikacji, co zwi\u0119ksza komfort u\u017cytkowania.<\/p>\n<p>Marker jest wytrzyma\u0142y na dzia\u0142anie promieni UV, co minimalizuje ryzyko blakni\u0119cia napis\u00f3w na s\u0142o\u0144cu. Posiada dwie ko\u0144c\u00f3wki: fibrow\u0105 o szeroko\u015bci 1,0 mm oraz metalow\u0105 ig\u0142ow\u0105 o szeroko\u015bci 0,5 mm, co pozwala na precyzyjne i wyra\u017ane znakowanie zar\u00f3wno du\u017cych, jak i ma\u0142ych etykiet. <\/p>\n<p>Dzi\u0119ki ergonomicznemu designowi, marker jest wygodny w u\u017cytkowaniu i idealny do stosowania w ogrodzie, na dzia\u0142ce lub w szklarni. Doskonale sprawdzi si\u0119 do opisywania samoprzylepnych i wtykanych etykiet, doniczek oraz innych element\u00f3w ogrodniczych. Produkt jest wyprodukowany w Polsce i obj\u0119ty 24-miesi\u0119czn\u0105 gwarancj\u0105, co potwierdza jego wysok\u0105 jako\u015b\u0107 oraz trwa\u0142o\u015b\u0107. <\/p>\n<p>Instrukcja obs\u0142ugi: https:\/\/garden-label.pl\/instrukcje\/<\/p>\n<p>producent\/przedstawiciel\/informacje o bezpiecze\u0144stwie: https:\/\/anetpol.pl\/regulamin-sklepu-internetowego\/<br \/>biuro@anetpol.pl<\/p>\n","protected":false},"excerpt":{"rendered":"<p>Oferujemy wysokiej jako\u015bci czarny marker ogrodniczy Garden Marker, kt\u00f3ry wyr\u00f3\u017cnia si\u0119 nie tylko eleganckim designem, ale tak\u017ce niezwyk\u0142\u0105 trwa\u0142o\u015bci\u0105 i funkcjonalno\u015bci\u0105. Zaprojektowany z my\u015bl\u0105 o&#8230; <a href=\"https:\/\/garden-label.pl\/sklep\/produkt\/marker-ogrodniczy-mazak-pisak-permanentny-odporny-garden-marker-czarny-3\/\">wi\u0119cej<\/a><\/p>\n","protected":false},"featured_media":86101,"comment_status":"open","ping_status":"closed","template":"","meta":[],"product_brand":[910],"product_cat":[1087,1084,1112,1085,1086,15],"product_tag":[1082,896,897,898,899,998,995,902,914,1083,912],"class_list":{"0":"post-3685","1":"product","2":"type-product","3":"status-publish","4":"has-post-thumbnail","6":"product_brand-garden-label-pl","7":"product_cat-akcesoria","8":"product_cat-dom-i-ogrod","9":"product_cat-markery","10":"product_cat-ogrod","11":"product_cat-rosliny","12":"product_cat-sklep","13":"product_tag-anetpol","14":"product_tag-etykiety-do-opisu-roslin","15":"product_tag-etykiety-do-pisania","16":"product_tag-etykiety-kolorowe","17":"product_tag-etykiety-ogrodnicze","18":"product_tag-etykiety-samoprzylepne","19":"product_tag-etykiety-wtykane","20":"product_tag-garden-label","21":"product_tag-mazaki-markery-pisaki","22":"product_tag-supermerchant","23":"product_tag-zestawy-do-opisu-roslin","24":"sales-flash-overlay","25":"woocommerce-text-align-left","26":"woocommerce-image-align-center","27":"do-quantity-buttons","28":"wc-has-gallery","30":"first","31":"instock","32":"taxable","33":"shipping-taxable","34":"purchasable","35":"product-type-simple"},"yoast_head":"<!-- This site is optimized with the Yoast SEO Premium plugin v26.3 (Yoast SEO v27.3) - https:\/\/yoast.com\/product\/yoast-seo-premium-wordpress\/ -->\n<title>Marker ogrodniczy (mazak, pisak) permanentny, odporny Garden Marker, czarny - Sklep Garden-Label: etykiety dla ogrodnictwa<\/title>\n<meta name=\"robots\" content=\"index, follow, max-snippet:-1, max-image-preview:large, max-video-preview:-1\" \/>\n<link rel=\"canonical\" href=\"https:\/\/garden-label.pl\/sklep\/produkt\/marker-ogrodniczy-mazak-pisak-permanentny-odporny-garden-marker-czarny-3\/\" \/>\n<meta property=\"og:locale\" content=\"pl_PL\" \/>\n<meta property=\"og:type\" content=\"article\" \/>\n<meta property=\"og:title\" content=\"Marker ogrodniczy (mazak, pisak) permanentny, odporny Garden Marker, czarny\" \/>\n<meta property=\"og:description\" content=\"Oferujemy wysokiej jako\u015bci czarny marker ogrodniczy Garden Marker, kt\u00f3ry wyr\u00f3\u017cnia si\u0119 nie tylko eleganckim designem, ale tak\u017ce niezwyk\u0142\u0105 trwa\u0142o\u015bci\u0105 i funkcjonalno\u015bci\u0105. Zaprojektowany z my\u015bl\u0105 o... wi\u0119cej\" \/>\n<meta property=\"og:url\" content=\"https:\/\/garden-label.pl\/sklep\/produkt\/marker-ogrodniczy-mazak-pisak-permanentny-odporny-garden-marker-czarny-3\/\" \/>\n<meta property=\"og:site_name\" content=\"Sklep Garden-Label: etykiety dla ogrodnictwa\" \/>\n<meta property=\"article:publisher\" content=\"https:\/\/www.facebook.com\/gardenlabelpl\" \/>\n<meta property=\"article:modified_time\" content=\"2026-04-09T10:37:57+00:00\" \/>\n<meta property=\"og:image\" content=\"https:\/\/garden-label.pl\/sklep\/wp-content\/uploads\/2025\/06\/7809b2305dc1a5921d2826f0784bc87b.jpg\" \/>\n\t<meta property=\"og:image:width\" content=\"500\" \/>\n\t<meta property=\"og:image:height\" content=\"375\" \/>\n\t<meta property=\"og:image:type\" content=\"image\/jpeg\" \/>\n<meta name=\"twitter:card\" content=\"summary_large_image\" \/>\n<meta name=\"twitter:label1\" content=\"Cena\" \/>\n\t<meta name=\"twitter:data1\" content=\"9,95&nbsp;&#122;&#322;\" \/>\n\t<meta name=\"twitter:label2\" content=\"Dost\u0119pno\u015b\u0107\" \/>\n\t<meta name=\"twitter:data2\" content=\"Dost\u0119pny\" \/>\n<script type=\"application\/ld+json\" class=\"yoast-schema-graph\">{\"@context\":\"https:\\\/\\\/schema.org\",\"@graph\":[{\"@type\":\"WebPage\",\"@id\":\"https:\\\/\\\/garden-label.pl\\\/sklep\\\/produkt\\\/marker-ogrodniczy-mazak-pisak-permanentny-odporny-garden-marker-czarny-3\\\/\",\"url\":\"https:\\\/\\\/garden-label.pl\\\/sklep\\\/produkt\\\/marker-ogrodniczy-mazak-pisak-permanentny-odporny-garden-marker-czarny-3\\\/\",\"name\":\"Marker ogrodniczy (mazak, pisak) permanentny, odporny Garden Marker, czarny - Sklep Garden-Label: etykiety dla ogrodnictwa\",\"isPartOf\":{\"@id\":\"https:\\\/\\\/garden-label.pl\\\/sklep\\\/#website\"},\"primaryImageOfPage\":{\"@id\":\"https:\\\/\\\/garden-label.pl\\\/sklep\\\/produkt\\\/marker-ogrodniczy-mazak-pisak-permanentny-odporny-garden-marker-czarny-3\\\/#primaryimage\"},\"image\":{\"@id\":\"https:\\\/\\\/garden-label.pl\\\/sklep\\\/produkt\\\/marker-ogrodniczy-mazak-pisak-permanentny-odporny-garden-marker-czarny-3\\\/#primaryimage\"},\"thumbnailUrl\":\"https:\\\/\\\/garden-label.pl\\\/sklep\\\/wp-content\\\/uploads\\\/2025\\\/10\\\/7809b2305dc1a5921d2826f0784bc87b-1.jpg\",\"datePublished\":\"2024-06-12T12:16:40+00:00\",\"dateModified\":\"2026-04-09T10:37:57+00:00\",\"breadcrumb\":{\"@id\":\"https:\\\/\\\/garden-label.pl\\\/sklep\\\/produkt\\\/marker-ogrodniczy-mazak-pisak-permanentny-odporny-garden-marker-czarny-3\\\/#breadcrumb\"},\"inLanguage\":\"pl-PL\",\"potentialAction\":[{\"@type\":\"ReadAction\",\"target\":[\"https:\\\/\\\/garden-label.pl\\\/sklep\\\/produkt\\\/marker-ogrodniczy-mazak-pisak-permanentny-odporny-garden-marker-czarny-3\\\/\"]}]},{\"@type\":\"ImageObject\",\"inLanguage\":\"pl-PL\",\"@id\":\"https:\\\/\\\/garden-label.pl\\\/sklep\\\/produkt\\\/marker-ogrodniczy-mazak-pisak-permanentny-odporny-garden-marker-czarny-3\\\/#primaryimage\",\"url\":\"https:\\\/\\\/garden-label.pl\\\/sklep\\\/wp-content\\\/uploads\\\/2025\\\/10\\\/7809b2305dc1a5921d2826f0784bc87b-1.jpg\",\"contentUrl\":\"https:\\\/\\\/garden-label.pl\\\/sklep\\\/wp-content\\\/uploads\\\/2025\\\/10\\\/7809b2305dc1a5921d2826f0784bc87b-1.jpg\",\"width\":500,\"height\":375,\"caption\":\"3df5ca51aef9bbd5661da26c9a23cf4d\"},{\"@type\":\"BreadcrumbList\",\"@id\":\"https:\\\/\\\/garden-label.pl\\\/sklep\\\/produkt\\\/marker-ogrodniczy-mazak-pisak-permanentny-odporny-garden-marker-czarny-3\\\/#breadcrumb\",\"itemListElement\":[{\"@type\":\"ListItem\",\"position\":1,\"name\":\"Strona g\u0142\u00f3wna\",\"item\":\"https:\\\/\\\/garden-label.pl\\\/sklep\\\/\"},{\"@type\":\"ListItem\",\"position\":2,\"name\":\"Home\",\"item\":\"https:\\\/\\\/garden-label.pl\\\/sklep\\\/\"},{\"@type\":\"ListItem\",\"position\":3,\"name\":\"Marker ogrodniczy (mazak, pisak) permanentny, odporny Garden Marker, czarny\"}]},{\"@type\":\"WebSite\",\"@id\":\"https:\\\/\\\/garden-label.pl\\\/sklep\\\/#website\",\"url\":\"https:\\\/\\\/garden-label.pl\\\/sklep\\\/\",\"name\":\"Sklep Garden-Label: etykiety dla ogrodnictwa, drukarki, oprogramowanie\",\"description\":\"ETYKIETY OGRODNICZE INFORMATYZACJA SZK\u00d3\u0141EK PASZPORTY RO\u015aLIN SKLEPY INTERNETOWE\",\"publisher\":{\"@id\":\"https:\\\/\\\/garden-label.pl\\\/sklep\\\/#organization\"},\"potentialAction\":[{\"@type\":\"SearchAction\",\"target\":{\"@type\":\"EntryPoint\",\"urlTemplate\":\"https:\\\/\\\/garden-label.pl\\\/sklep\\\/?s={search_term_string}\"},\"query-input\":{\"@type\":\"PropertyValueSpecification\",\"valueRequired\":true,\"valueName\":\"search_term_string\"}}],\"inLanguage\":\"pl-PL\"},{\"@type\":\"Organization\",\"@id\":\"https:\\\/\\\/garden-label.pl\\\/sklep\\\/#organization\",\"name\":\"Sklep Garden-Label: etykiety dla ogrodnictwa, drukarki, oprogramowanie\",\"url\":\"https:\\\/\\\/garden-label.pl\\\/sklep\\\/\",\"logo\":{\"@type\":\"ImageObject\",\"inLanguage\":\"pl-PL\",\"@id\":\"https:\\\/\\\/garden-label.pl\\\/sklep\\\/#\\\/schema\\\/logo\\\/image\\\/\",\"url\":\"https:\\\/\\\/garden-label.pl\\\/sklep\\\/wp-content\\\/uploads\\\/2024\\\/01\\\/GardenLabel-pastelowe.png\",\"contentUrl\":\"https:\\\/\\\/garden-label.pl\\\/sklep\\\/wp-content\\\/uploads\\\/2024\\\/01\\\/GardenLabel-pastelowe.png\",\"width\":2566,\"height\":1054,\"caption\":\"Sklep Garden-Label: etykiety dla ogrodnictwa, drukarki, oprogramowanie\"},\"image\":{\"@id\":\"https:\\\/\\\/garden-label.pl\\\/sklep\\\/#\\\/schema\\\/logo\\\/image\\\/\"},\"sameAs\":[\"https:\\\/\\\/www.facebook.com\\\/gardenlabelpl\"]}]}<\/script>\n<meta property=\"product:brand\" content=\"Garden-Label.pl\" \/>\n<meta property=\"product:price:amount\" content=\"9.95\" \/>\n<meta property=\"product:price:currency\" content=\"PLN\" \/>\n<meta property=\"og:availability\" content=\"instock\" \/>\n<meta property=\"product:availability\" content=\"instock\" \/>\n<meta property=\"product:retailer_item_id\" content=\"5906477685274\" \/>\n<meta property=\"product:condition\" content=\"new\" \/>\n<!-- \/ Yoast SEO Premium plugin. -->","yoast_head_json":{"title":"Marker ogrodniczy (mazak, pisak) permanentny, odporny Garden Marker, czarny - Sklep Garden-Label: etykiety dla ogrodnictwa","robots":{"index":"index","follow":"follow","max-snippet":"max-snippet:-1","max-image-preview":"max-image-preview:large","max-video-preview":"max-video-preview:-1"},"canonical":"https:\/\/garden-label.pl\/sklep\/produkt\/marker-ogrodniczy-mazak-pisak-permanentny-odporny-garden-marker-czarny-3\/","og_locale":"pl_PL","og_type":"article","og_title":"Marker ogrodniczy (mazak, pisak) permanentny, odporny Garden Marker, czarny","og_description":"Oferujemy wysokiej jako\u015bci czarny marker ogrodniczy Garden Marker, kt\u00f3ry wyr\u00f3\u017cnia si\u0119 nie tylko eleganckim designem, ale tak\u017ce niezwyk\u0142\u0105 trwa\u0142o\u015bci\u0105 i funkcjonalno\u015bci\u0105. Zaprojektowany z my\u015bl\u0105 o... wi\u0119cej","og_url":"https:\/\/garden-label.pl\/sklep\/produkt\/marker-ogrodniczy-mazak-pisak-permanentny-odporny-garden-marker-czarny-3\/","og_site_name":"Sklep Garden-Label: etykiety dla ogrodnictwa","article_publisher":"https:\/\/www.facebook.com\/gardenlabelpl","article_modified_time":"2026-04-09T10:37:57+00:00","og_image":[{"width":500,"height":375,"url":"https:\/\/garden-label.pl\/sklep\/wp-content\/uploads\/2025\/06\/7809b2305dc1a5921d2826f0784bc87b.jpg","type":"image\/jpeg"}],"twitter_card":"summary_large_image","twitter_misc":{"Cena":"9,95&nbsp;&#122;&#322;","Dost\u0119pno\u015b\u0107":"Dost\u0119pny"},"schema":{"@context":"https:\/\/schema.org","@graph":[{"@type":"WebPage","@id":"https:\/\/garden-label.pl\/sklep\/produkt\/marker-ogrodniczy-mazak-pisak-permanentny-odporny-garden-marker-czarny-3\/","url":"https:\/\/garden-label.pl\/sklep\/produkt\/marker-ogrodniczy-mazak-pisak-permanentny-odporny-garden-marker-czarny-3\/","name":"Marker ogrodniczy (mazak, pisak) permanentny, odporny Garden Marker, czarny - Sklep Garden-Label: etykiety dla ogrodnictwa","isPartOf":{"@id":"https:\/\/garden-label.pl\/sklep\/#website"},"primaryImageOfPage":{"@id":"https:\/\/garden-label.pl\/sklep\/produkt\/marker-ogrodniczy-mazak-pisak-permanentny-odporny-garden-marker-czarny-3\/#primaryimage"},"image":{"@id":"https:\/\/garden-label.pl\/sklep\/produkt\/marker-ogrodniczy-mazak-pisak-permanentny-odporny-garden-marker-czarny-3\/#primaryimage"},"thumbnailUrl":"https:\/\/garden-label.pl\/sklep\/wp-content\/uploads\/2025\/10\/7809b2305dc1a5921d2826f0784bc87b-1.jpg","datePublished":"2024-06-12T12:16:40+00:00","dateModified":"2026-04-09T10:37:57+00:00","breadcrumb":{"@id":"https:\/\/garden-label.pl\/sklep\/produkt\/marker-ogrodniczy-mazak-pisak-permanentny-odporny-garden-marker-czarny-3\/#breadcrumb"},"inLanguage":"pl-PL","potentialAction":[{"@type":"ReadAction","target":["https:\/\/garden-label.pl\/sklep\/produkt\/marker-ogrodniczy-mazak-pisak-permanentny-odporny-garden-marker-czarny-3\/"]}]},{"@type":"ImageObject","inLanguage":"pl-PL","@id":"https:\/\/garden-label.pl\/sklep\/produkt\/marker-ogrodniczy-mazak-pisak-permanentny-odporny-garden-marker-czarny-3\/#primaryimage","url":"https:\/\/garden-label.pl\/sklep\/wp-content\/uploads\/2025\/10\/7809b2305dc1a5921d2826f0784bc87b-1.jpg","contentUrl":"https:\/\/garden-label.pl\/sklep\/wp-content\/uploads\/2025\/10\/7809b2305dc1a5921d2826f0784bc87b-1.jpg","width":500,"height":375,"caption":"3df5ca51aef9bbd5661da26c9a23cf4d"},{"@type":"BreadcrumbList","@id":"https:\/\/garden-label.pl\/sklep\/produkt\/marker-ogrodniczy-mazak-pisak-permanentny-odporny-garden-marker-czarny-3\/#breadcrumb","itemListElement":[{"@type":"ListItem","position":1,"name":"Strona g\u0142\u00f3wna","item":"https:\/\/garden-label.pl\/sklep\/"},{"@type":"ListItem","position":2,"name":"Home","item":"https:\/\/garden-label.pl\/sklep\/"},{"@type":"ListItem","position":3,"name":"Marker ogrodniczy (mazak, pisak) permanentny, odporny Garden Marker, czarny"}]},{"@type":"WebSite","@id":"https:\/\/garden-label.pl\/sklep\/#website","url":"https:\/\/garden-label.pl\/sklep\/","name":"Sklep Garden-Label: etykiety dla ogrodnictwa, drukarki, oprogramowanie","description":"ETYKIETY OGRODNICZE INFORMATYZACJA SZK\u00d3\u0141EK PASZPORTY RO\u015aLIN SKLEPY INTERNETOWE","publisher":{"@id":"https:\/\/garden-label.pl\/sklep\/#organization"},"potentialAction":[{"@type":"SearchAction","target":{"@type":"EntryPoint","urlTemplate":"https:\/\/garden-label.pl\/sklep\/?s={search_term_string}"},"query-input":{"@type":"PropertyValueSpecification","valueRequired":true,"valueName":"search_term_string"}}],"inLanguage":"pl-PL"},{"@type":"Organization","@id":"https:\/\/garden-label.pl\/sklep\/#organization","name":"Sklep Garden-Label: etykiety dla ogrodnictwa, drukarki, oprogramowanie","url":"https:\/\/garden-label.pl\/sklep\/","logo":{"@type":"ImageObject","inLanguage":"pl-PL","@id":"https:\/\/garden-label.pl\/sklep\/#\/schema\/logo\/image\/","url":"https:\/\/garden-label.pl\/sklep\/wp-content\/uploads\/2024\/01\/GardenLabel-pastelowe.png","contentUrl":"https:\/\/garden-label.pl\/sklep\/wp-content\/uploads\/2024\/01\/GardenLabel-pastelowe.png","width":2566,"height":1054,"caption":"Sklep Garden-Label: etykiety dla ogrodnictwa, drukarki, oprogramowanie"},"image":{"@id":"https:\/\/garden-label.pl\/sklep\/#\/schema\/logo\/image\/"},"sameAs":["https:\/\/www.facebook.com\/gardenlabelpl"]}]},"product_brand":"Garden-Label.pl","product_price_amount":"9.95","product_price_currency":"PLN","og_availability":"instock","product_availability":"instock","product_retailer_item_id":"5906477685274","product_condition":"new"},"_links":{"self":[{"href":"https:\/\/garden-label.pl\/sklep\/wp-json\/wp\/v2\/product\/3685","targetHints":{"allow":["GET"]}}],"collection":[{"href":"https:\/\/garden-label.pl\/sklep\/wp-json\/wp\/v2\/product"}],"about":[{"href":"https:\/\/garden-label.pl\/sklep\/wp-json\/wp\/v2\/types\/product"}],"replies":[{"embeddable":true,"href":"https:\/\/garden-label.pl\/sklep\/wp-json\/wp\/v2\/comments?post=3685"}],"version-history":[{"count":0,"href":"https:\/\/garden-label.pl\/sklep\/wp-json\/wp\/v2\/product\/3685\/revisions"}],"wp:featuredmedia":[{"embeddable":true,"href":"https:\/\/garden-label.pl\/sklep\/wp-json\/wp\/v2\/media\/86101"}],"wp:attachment":[{"href":"https:\/\/garden-label.pl\/sklep\/wp-json\/wp\/v2\/media?parent=3685"}],"wp:term":[{"taxonomy":"product_brand","embeddable":true,"href":"https:\/\/garden-label.pl\/sklep\/wp-json\/wp\/v2\/product_brand?post=3685"},{"taxonomy":"product_cat","embeddable":true,"href":"https:\/\/garden-label.pl\/sklep\/wp-json\/wp\/v2\/product_cat?post=3685"},{"taxonomy":"product_tag","embeddable":true,"href":"https:\/\/garden-label.pl\/sklep\/wp-json\/wp\/v2\/product_tag?post=3685"}],"curies":[{"name":"wp","href":"https:\/\/api.w.org\/{rel}","templated":true}]}}