{"id":35983,"date":"2025-07-01T15:55:27","date_gmt":"2025-07-01T13:55:27","guid":{"rendered":"https:\/\/garden-label.pl\/sklep\/produkt\/marker-ogrodniczy-mazak-pisak-permanentny-odporny-garden-marker-ii-czarny-1szt\/"},"modified":"2026-04-09T20:23:00","modified_gmt":"2026-04-09T18:23:00","slug":"marker-ogrodniczy-mazak-pisak-permanentny-odporny-garden-marker-ii-czarny-1szt","status":"publish","type":"product","link":"https:\/\/garden-label.pl\/sklep\/produkt\/marker-ogrodniczy-mazak-pisak-permanentny-odporny-garden-marker-ii-czarny-1szt\/","title":{"rendered":"Marker ogrodniczy (mazak, pisak) permanentny, odporny Garden Marker II Czarny 1szt"},"content":{"rendered":"<p>Marker permanentny odporny na \u015bwiat\u0142o, dzia\u0142anie wody i szybkoschn\u0105cy \u2013 idealny do pracy na zewn\u0105trz. Odporny na dzia\u0142anie promieni UV. Przydatny do opisywania wszelkiego rodzaju rzeczy ogrodowych \u2013 takich jak etykiety, doniczki i in. Jeden kolor tuszu. Szeroko\u015b\u0107 linii: 1,0 mm. Ko\u0144c\u00f3wka  &#8211; fibrowa, sto\u017ckowa <\/p>\n<p>Instrukcja obs\u0142ugi: https:\/\/garden-label.pl\/instrukcje\/<\/p>\n<p>producent\/przedstawiciel\/informacje o bezpiecze\u0144stwie: https:\/\/anetpol.pl\/regulamin-sklepu-internetowego\/<br \/>biuro@anetpol.pl<\/p>\n","protected":false},"excerpt":{"rendered":"<p>Marker ogrodniczy Garden Marker II to niezast\u0105pione narz\u0119dzie dla ka\u017cdego mi\u0142o\u015bnika ogrodnictwa. Dzi\u0119ki swojej odporno\u015bci na dzia\u0142anie promieni UV oraz wod\u0119, idealnie sprawdza si\u0119 w&#8230; <a href=\"https:\/\/garden-label.pl\/sklep\/produkt\/marker-ogrodniczy-mazak-pisak-permanentny-odporny-garden-marker-ii-czarny-1szt\/\">wi\u0119cej<\/a><\/p>\n","protected":false},"featured_media":87054,"comment_status":"open","ping_status":"closed","template":"","meta":[],"product_brand":[910],"product_cat":[1087,1084,1112,1085,1086,15],"product_tag":[1082,902,922,914,1083,907,912],"class_list":{"0":"post-35983","1":"product","2":"type-product","3":"status-publish","4":"has-post-thumbnail","6":"product_brand-garden-label-pl","7":"product_cat-akcesoria","8":"product_cat-dom-i-ogrod","9":"product_cat-markery","10":"product_cat-ogrod","11":"product_cat-rosliny","12":"product_cat-sklep","13":"product_tag-anetpol","14":"product_tag-garden-label","15":"product_tag-marker","16":"product_tag-mazaki-markery-pisaki","17":"product_tag-supermerchant","18":"product_tag-wymiar-200x17mm-17x200","19":"product_tag-zestawy-do-opisu-roslin","20":"sales-flash-overlay","21":"woocommerce-text-align-left","22":"woocommerce-image-align-center","23":"do-quantity-buttons","24":"wc-has-gallery","26":"first","27":"instock","28":"taxable","29":"shipping-taxable","30":"purchasable","31":"product-type-simple"},"yoast_head":"<!-- This site is optimized with the Yoast SEO Premium plugin v26.3 (Yoast SEO v27.3) - https:\/\/yoast.com\/product\/yoast-seo-premium-wordpress\/ -->\n<title>Marker ogrodniczy (mazak, pisak) permanentny, odporny Garden Marker II Czarny 1szt - Sklep Garden-Label: etykiety dla ogrodnictwa<\/title>\n<meta name=\"robots\" content=\"index, follow, max-snippet:-1, max-image-preview:large, max-video-preview:-1\" \/>\n<link rel=\"canonical\" href=\"https:\/\/garden-label.pl\/sklep\/produkt\/marker-ogrodniczy-mazak-pisak-permanentny-odporny-garden-marker-ii-czarny-1szt\/\" \/>\n<meta property=\"og:locale\" content=\"pl_PL\" \/>\n<meta property=\"og:type\" content=\"article\" \/>\n<meta property=\"og:title\" content=\"Marker ogrodniczy (mazak, pisak) permanentny, odporny Garden Marker II Czarny 1szt\" \/>\n<meta property=\"og:description\" content=\"Marker ogrodniczy Garden Marker II to niezast\u0105pione narz\u0119dzie dla ka\u017cdego mi\u0142o\u015bnika ogrodnictwa. Dzi\u0119ki swojej odporno\u015bci na dzia\u0142anie promieni UV oraz wod\u0119, idealnie sprawdza si\u0119 w... wi\u0119cej\" \/>\n<meta property=\"og:url\" content=\"https:\/\/garden-label.pl\/sklep\/produkt\/marker-ogrodniczy-mazak-pisak-permanentny-odporny-garden-marker-ii-czarny-1szt\/\" \/>\n<meta property=\"og:site_name\" content=\"Sklep Garden-Label: etykiety dla ogrodnictwa\" \/>\n<meta property=\"article:publisher\" content=\"https:\/\/www.facebook.com\/gardenlabelpl\" \/>\n<meta property=\"article:modified_time\" content=\"2026-04-09T18:23:00+00:00\" \/>\n<meta property=\"og:image\" content=\"https:\/\/garden-label.pl\/sklep\/wp-content\/uploads\/2025\/07\/92a8c95cb3e85471bdd9f4bebc732afc-1-scaled.jpg\" \/>\n\t<meta property=\"og:image:width\" content=\"2560\" \/>\n\t<meta property=\"og:image:height\" content=\"888\" \/>\n\t<meta property=\"og:image:type\" content=\"image\/jpeg\" \/>\n<meta name=\"twitter:card\" content=\"summary_large_image\" \/>\n<meta name=\"twitter:label1\" content=\"Cena\" \/>\n\t<meta name=\"twitter:data1\" content=\"9,95&nbsp;&#122;&#322;\" \/>\n\t<meta name=\"twitter:label2\" content=\"Dost\u0119pno\u015b\u0107\" \/>\n\t<meta name=\"twitter:data2\" content=\"Dost\u0119pny\" \/>\n<script type=\"application\/ld+json\" class=\"yoast-schema-graph\">{\"@context\":\"https:\\\/\\\/schema.org\",\"@graph\":[{\"@type\":\"WebPage\",\"@id\":\"https:\\\/\\\/garden-label.pl\\\/sklep\\\/produkt\\\/marker-ogrodniczy-mazak-pisak-permanentny-odporny-garden-marker-ii-czarny-1szt\\\/\",\"url\":\"https:\\\/\\\/garden-label.pl\\\/sklep\\\/produkt\\\/marker-ogrodniczy-mazak-pisak-permanentny-odporny-garden-marker-ii-czarny-1szt\\\/\",\"name\":\"Marker ogrodniczy (mazak, pisak) permanentny, odporny Garden Marker II Czarny 1szt - Sklep Garden-Label: etykiety dla ogrodnictwa\",\"isPartOf\":{\"@id\":\"https:\\\/\\\/garden-label.pl\\\/sklep\\\/#website\"},\"primaryImageOfPage\":{\"@id\":\"https:\\\/\\\/garden-label.pl\\\/sklep\\\/produkt\\\/marker-ogrodniczy-mazak-pisak-permanentny-odporny-garden-marker-ii-czarny-1szt\\\/#primaryimage\"},\"image\":{\"@id\":\"https:\\\/\\\/garden-label.pl\\\/sklep\\\/produkt\\\/marker-ogrodniczy-mazak-pisak-permanentny-odporny-garden-marker-ii-czarny-1szt\\\/#primaryimage\"},\"thumbnailUrl\":\"https:\\\/\\\/garden-label.pl\\\/sklep\\\/wp-content\\\/uploads\\\/2025\\\/10\\\/92a8c95cb3e85471bdd9f4bebc732afc-1-scaled.jpg\",\"datePublished\":\"2025-07-01T13:55:27+00:00\",\"dateModified\":\"2026-04-09T18:23:00+00:00\",\"breadcrumb\":{\"@id\":\"https:\\\/\\\/garden-label.pl\\\/sklep\\\/produkt\\\/marker-ogrodniczy-mazak-pisak-permanentny-odporny-garden-marker-ii-czarny-1szt\\\/#breadcrumb\"},\"inLanguage\":\"pl-PL\",\"potentialAction\":[{\"@type\":\"ReadAction\",\"target\":[\"https:\\\/\\\/garden-label.pl\\\/sklep\\\/produkt\\\/marker-ogrodniczy-mazak-pisak-permanentny-odporny-garden-marker-ii-czarny-1szt\\\/\"]}]},{\"@type\":\"ImageObject\",\"inLanguage\":\"pl-PL\",\"@id\":\"https:\\\/\\\/garden-label.pl\\\/sklep\\\/produkt\\\/marker-ogrodniczy-mazak-pisak-permanentny-odporny-garden-marker-ii-czarny-1szt\\\/#primaryimage\",\"url\":\"https:\\\/\\\/garden-label.pl\\\/sklep\\\/wp-content\\\/uploads\\\/2025\\\/10\\\/92a8c95cb3e85471bdd9f4bebc732afc-1-scaled.jpg\",\"contentUrl\":\"https:\\\/\\\/garden-label.pl\\\/sklep\\\/wp-content\\\/uploads\\\/2025\\\/10\\\/92a8c95cb3e85471bdd9f4bebc732afc-1-scaled.jpg\",\"width\":2560,\"height\":888,\"caption\":\"6be436b3940eadbf69146255e937de7a\"},{\"@type\":\"BreadcrumbList\",\"@id\":\"https:\\\/\\\/garden-label.pl\\\/sklep\\\/produkt\\\/marker-ogrodniczy-mazak-pisak-permanentny-odporny-garden-marker-ii-czarny-1szt\\\/#breadcrumb\",\"itemListElement\":[{\"@type\":\"ListItem\",\"position\":1,\"name\":\"Strona g\u0142\u00f3wna\",\"item\":\"https:\\\/\\\/garden-label.pl\\\/sklep\\\/\"},{\"@type\":\"ListItem\",\"position\":2,\"name\":\"Home\",\"item\":\"https:\\\/\\\/garden-label.pl\\\/sklep\\\/\"},{\"@type\":\"ListItem\",\"position\":3,\"name\":\"Marker ogrodniczy (mazak, pisak) permanentny, odporny Garden Marker II Czarny 1szt\"}]},{\"@type\":\"WebSite\",\"@id\":\"https:\\\/\\\/garden-label.pl\\\/sklep\\\/#website\",\"url\":\"https:\\\/\\\/garden-label.pl\\\/sklep\\\/\",\"name\":\"Sklep Garden-Label: etykiety dla ogrodnictwa, drukarki, oprogramowanie\",\"description\":\"ETYKIETY OGRODNICZE INFORMATYZACJA SZK\u00d3\u0141EK PASZPORTY RO\u015aLIN SKLEPY INTERNETOWE\",\"publisher\":{\"@id\":\"https:\\\/\\\/garden-label.pl\\\/sklep\\\/#organization\"},\"potentialAction\":[{\"@type\":\"SearchAction\",\"target\":{\"@type\":\"EntryPoint\",\"urlTemplate\":\"https:\\\/\\\/garden-label.pl\\\/sklep\\\/?s={search_term_string}\"},\"query-input\":{\"@type\":\"PropertyValueSpecification\",\"valueRequired\":true,\"valueName\":\"search_term_string\"}}],\"inLanguage\":\"pl-PL\"},{\"@type\":\"Organization\",\"@id\":\"https:\\\/\\\/garden-label.pl\\\/sklep\\\/#organization\",\"name\":\"Sklep Garden-Label: etykiety dla ogrodnictwa, drukarki, oprogramowanie\",\"url\":\"https:\\\/\\\/garden-label.pl\\\/sklep\\\/\",\"logo\":{\"@type\":\"ImageObject\",\"inLanguage\":\"pl-PL\",\"@id\":\"https:\\\/\\\/garden-label.pl\\\/sklep\\\/#\\\/schema\\\/logo\\\/image\\\/\",\"url\":\"https:\\\/\\\/garden-label.pl\\\/sklep\\\/wp-content\\\/uploads\\\/2024\\\/01\\\/GardenLabel-pastelowe.png\",\"contentUrl\":\"https:\\\/\\\/garden-label.pl\\\/sklep\\\/wp-content\\\/uploads\\\/2024\\\/01\\\/GardenLabel-pastelowe.png\",\"width\":2566,\"height\":1054,\"caption\":\"Sklep Garden-Label: etykiety dla ogrodnictwa, drukarki, oprogramowanie\"},\"image\":{\"@id\":\"https:\\\/\\\/garden-label.pl\\\/sklep\\\/#\\\/schema\\\/logo\\\/image\\\/\"},\"sameAs\":[\"https:\\\/\\\/www.facebook.com\\\/gardenlabelpl\"]}]}<\/script>\n<meta property=\"product:brand\" content=\"Garden-Label.pl\" \/>\n<meta property=\"product:price:amount\" content=\"9.95\" \/>\n<meta property=\"product:price:currency\" content=\"PLN\" \/>\n<meta property=\"og:availability\" content=\"instock\" \/>\n<meta property=\"product:availability\" content=\"instock\" \/>\n<meta property=\"product:retailer_item_id\" content=\"5906792143671\" \/>\n<meta property=\"product:condition\" content=\"new\" \/>\n<!-- \/ Yoast SEO Premium plugin. -->","yoast_head_json":{"title":"Marker ogrodniczy (mazak, pisak) permanentny, odporny Garden Marker II Czarny 1szt - Sklep Garden-Label: etykiety dla ogrodnictwa","robots":{"index":"index","follow":"follow","max-snippet":"max-snippet:-1","max-image-preview":"max-image-preview:large","max-video-preview":"max-video-preview:-1"},"canonical":"https:\/\/garden-label.pl\/sklep\/produkt\/marker-ogrodniczy-mazak-pisak-permanentny-odporny-garden-marker-ii-czarny-1szt\/","og_locale":"pl_PL","og_type":"article","og_title":"Marker ogrodniczy (mazak, pisak) permanentny, odporny Garden Marker II Czarny 1szt","og_description":"Marker ogrodniczy Garden Marker II to niezast\u0105pione narz\u0119dzie dla ka\u017cdego mi\u0142o\u015bnika ogrodnictwa. Dzi\u0119ki swojej odporno\u015bci na dzia\u0142anie promieni UV oraz wod\u0119, idealnie sprawdza si\u0119 w... wi\u0119cej","og_url":"https:\/\/garden-label.pl\/sklep\/produkt\/marker-ogrodniczy-mazak-pisak-permanentny-odporny-garden-marker-ii-czarny-1szt\/","og_site_name":"Sklep Garden-Label: etykiety dla ogrodnictwa","article_publisher":"https:\/\/www.facebook.com\/gardenlabelpl","article_modified_time":"2026-04-09T18:23:00+00:00","og_image":[{"width":2560,"height":888,"url":"https:\/\/garden-label.pl\/sklep\/wp-content\/uploads\/2025\/07\/92a8c95cb3e85471bdd9f4bebc732afc-1-scaled.jpg","type":"image\/jpeg"}],"twitter_card":"summary_large_image","twitter_misc":{"Cena":"9,95&nbsp;&#122;&#322;","Dost\u0119pno\u015b\u0107":"Dost\u0119pny"},"schema":{"@context":"https:\/\/schema.org","@graph":[{"@type":"WebPage","@id":"https:\/\/garden-label.pl\/sklep\/produkt\/marker-ogrodniczy-mazak-pisak-permanentny-odporny-garden-marker-ii-czarny-1szt\/","url":"https:\/\/garden-label.pl\/sklep\/produkt\/marker-ogrodniczy-mazak-pisak-permanentny-odporny-garden-marker-ii-czarny-1szt\/","name":"Marker ogrodniczy (mazak, pisak) permanentny, odporny Garden Marker II Czarny 1szt - Sklep Garden-Label: etykiety dla ogrodnictwa","isPartOf":{"@id":"https:\/\/garden-label.pl\/sklep\/#website"},"primaryImageOfPage":{"@id":"https:\/\/garden-label.pl\/sklep\/produkt\/marker-ogrodniczy-mazak-pisak-permanentny-odporny-garden-marker-ii-czarny-1szt\/#primaryimage"},"image":{"@id":"https:\/\/garden-label.pl\/sklep\/produkt\/marker-ogrodniczy-mazak-pisak-permanentny-odporny-garden-marker-ii-czarny-1szt\/#primaryimage"},"thumbnailUrl":"https:\/\/garden-label.pl\/sklep\/wp-content\/uploads\/2025\/10\/92a8c95cb3e85471bdd9f4bebc732afc-1-scaled.jpg","datePublished":"2025-07-01T13:55:27+00:00","dateModified":"2026-04-09T18:23:00+00:00","breadcrumb":{"@id":"https:\/\/garden-label.pl\/sklep\/produkt\/marker-ogrodniczy-mazak-pisak-permanentny-odporny-garden-marker-ii-czarny-1szt\/#breadcrumb"},"inLanguage":"pl-PL","potentialAction":[{"@type":"ReadAction","target":["https:\/\/garden-label.pl\/sklep\/produkt\/marker-ogrodniczy-mazak-pisak-permanentny-odporny-garden-marker-ii-czarny-1szt\/"]}]},{"@type":"ImageObject","inLanguage":"pl-PL","@id":"https:\/\/garden-label.pl\/sklep\/produkt\/marker-ogrodniczy-mazak-pisak-permanentny-odporny-garden-marker-ii-czarny-1szt\/#primaryimage","url":"https:\/\/garden-label.pl\/sklep\/wp-content\/uploads\/2025\/10\/92a8c95cb3e85471bdd9f4bebc732afc-1-scaled.jpg","contentUrl":"https:\/\/garden-label.pl\/sklep\/wp-content\/uploads\/2025\/10\/92a8c95cb3e85471bdd9f4bebc732afc-1-scaled.jpg","width":2560,"height":888,"caption":"6be436b3940eadbf69146255e937de7a"},{"@type":"BreadcrumbList","@id":"https:\/\/garden-label.pl\/sklep\/produkt\/marker-ogrodniczy-mazak-pisak-permanentny-odporny-garden-marker-ii-czarny-1szt\/#breadcrumb","itemListElement":[{"@type":"ListItem","position":1,"name":"Strona g\u0142\u00f3wna","item":"https:\/\/garden-label.pl\/sklep\/"},{"@type":"ListItem","position":2,"name":"Home","item":"https:\/\/garden-label.pl\/sklep\/"},{"@type":"ListItem","position":3,"name":"Marker ogrodniczy (mazak, pisak) permanentny, odporny Garden Marker II Czarny 1szt"}]},{"@type":"WebSite","@id":"https:\/\/garden-label.pl\/sklep\/#website","url":"https:\/\/garden-label.pl\/sklep\/","name":"Sklep Garden-Label: etykiety dla ogrodnictwa, drukarki, oprogramowanie","description":"ETYKIETY OGRODNICZE INFORMATYZACJA SZK\u00d3\u0141EK PASZPORTY RO\u015aLIN SKLEPY INTERNETOWE","publisher":{"@id":"https:\/\/garden-label.pl\/sklep\/#organization"},"potentialAction":[{"@type":"SearchAction","target":{"@type":"EntryPoint","urlTemplate":"https:\/\/garden-label.pl\/sklep\/?s={search_term_string}"},"query-input":{"@type":"PropertyValueSpecification","valueRequired":true,"valueName":"search_term_string"}}],"inLanguage":"pl-PL"},{"@type":"Organization","@id":"https:\/\/garden-label.pl\/sklep\/#organization","name":"Sklep Garden-Label: etykiety dla ogrodnictwa, drukarki, oprogramowanie","url":"https:\/\/garden-label.pl\/sklep\/","logo":{"@type":"ImageObject","inLanguage":"pl-PL","@id":"https:\/\/garden-label.pl\/sklep\/#\/schema\/logo\/image\/","url":"https:\/\/garden-label.pl\/sklep\/wp-content\/uploads\/2024\/01\/GardenLabel-pastelowe.png","contentUrl":"https:\/\/garden-label.pl\/sklep\/wp-content\/uploads\/2024\/01\/GardenLabel-pastelowe.png","width":2566,"height":1054,"caption":"Sklep Garden-Label: etykiety dla ogrodnictwa, drukarki, oprogramowanie"},"image":{"@id":"https:\/\/garden-label.pl\/sklep\/#\/schema\/logo\/image\/"},"sameAs":["https:\/\/www.facebook.com\/gardenlabelpl"]}]},"product_brand":"Garden-Label.pl","product_price_amount":"9.95","product_price_currency":"PLN","og_availability":"instock","product_availability":"instock","product_retailer_item_id":"5906792143671","product_condition":"new"},"_links":{"self":[{"href":"https:\/\/garden-label.pl\/sklep\/wp-json\/wp\/v2\/product\/35983","targetHints":{"allow":["GET"]}}],"collection":[{"href":"https:\/\/garden-label.pl\/sklep\/wp-json\/wp\/v2\/product"}],"about":[{"href":"https:\/\/garden-label.pl\/sklep\/wp-json\/wp\/v2\/types\/product"}],"replies":[{"embeddable":true,"href":"https:\/\/garden-label.pl\/sklep\/wp-json\/wp\/v2\/comments?post=35983"}],"version-history":[{"count":0,"href":"https:\/\/garden-label.pl\/sklep\/wp-json\/wp\/v2\/product\/35983\/revisions"}],"wp:featuredmedia":[{"embeddable":true,"href":"https:\/\/garden-label.pl\/sklep\/wp-json\/wp\/v2\/media\/87054"}],"wp:attachment":[{"href":"https:\/\/garden-label.pl\/sklep\/wp-json\/wp\/v2\/media?parent=35983"}],"wp:term":[{"taxonomy":"product_brand","embeddable":true,"href":"https:\/\/garden-label.pl\/sklep\/wp-json\/wp\/v2\/product_brand?post=35983"},{"taxonomy":"product_cat","embeddable":true,"href":"https:\/\/garden-label.pl\/sklep\/wp-json\/wp\/v2\/product_cat?post=35983"},{"taxonomy":"product_tag","embeddable":true,"href":"https:\/\/garden-label.pl\/sklep\/wp-json\/wp\/v2\/product_tag?post=35983"}],"curies":[{"name":"wp","href":"https:\/\/api.w.org\/{rel}","templated":true}]}}