{"id":3592,"date":"2024-06-12T14:10:30","date_gmt":"2024-06-12T12:10:30","guid":{"rendered":"https:\/\/garden-label.pl\/sklep\/produkt\/etykiety-ogrodnicze-petlowe-do-pisania-biale-250mm-x-17mm-17x250-100-szt\/"},"modified":"2026-04-06T15:40:56","modified_gmt":"2026-04-06T13:40:56","slug":"etykiety-ogrodnicze-petlowe-do-pisania-biale-250mm-x-17mm-17x250-100-szt","status":"publish","type":"product","link":"https:\/\/garden-label.pl\/sklep\/produkt\/etykiety-ogrodnicze-petlowe-do-pisania-biale-250mm-x-17mm-17x250-100-szt\/","title":{"rendered":"Etykiety p\u0119tlowe do ogrodnictwa NIEBIESKIE 250mm x 17mm &#8211; 100 sztuk"},"content":{"rendered":"<p>Etykiety ogrodnicze p\u0119tlowe do pisania w kolorze niebieskim to niezb\u0119dne akcesorium dla ka\u017cdego entuzjasty ogrodnictwa, kt\u00f3re \u0142\u0105czy funkcjonalno\u015b\u0107 z nowoczesnym designem. O wymiarach 250 mm x 17 mm, te etykiety s\u0105 idealne do r\u0119cznego opisywania ro\u015blin. W opakowaniu znajduje si\u0119 a\u017c 100 sztuk, co pozwala na d\u0142ugotrwa\u0142e oznaczanie r\u00f3\u017cnorodnych ro\u015blin w ogrodzie, szk\u00f3\u0142ce czy gospodarstwie rolnym.<\/p>\n<p>Wykonane z wysokiej jako\u015bci materia\u0142u Allfolin HDPE, etykiety zapewniaj\u0105 odporno\u015b\u0107 na niekorzystne warunki atmosferyczne, w tym deszcz oraz promieniowanie UV. Dzi\u0119ki ich trwa\u0142ej konstrukcji, mo\u017cliwe jest ich u\u017cytkowanie przez wiele sezon\u00f3w, a informacje na nich zapisane pozostan\u0105 czytelne nawet w trudnych warunkach. Etykiety te doskonale sprawdzaj\u0105 si\u0119 w zadaniach wymagaj\u0105cych precyzyjnej identyfikacji gatunk\u00f3w, co jest kluczowe w ka\u017cdym ogrodzie oraz w rolnictwie.<\/p>\n<p>Monta\u017c etykiet jest niezwykle prosty, co pozwala na szybkie i wygodne oznaczanie ro\u015blin bez potrzeby u\u017cycia dodatkowych narz\u0119dzi. Uniwersalny format etykiet daje mo\u017cliwo\u015b\u0107 zapisania kluczowych informacji, takich jak nazwa ro\u015bliny w wersji polskiej i \u0142aci\u0144skiej, paszport ro\u015blinny, kod kreskowy czy cena. Dodatkowym atutem jest zgodno\u015b\u0107 materia\u0142u z normami dotycz\u0105cymi kontaktu z \u017cywno\u015bci\u0105, co czyni je bezpiecznymi do oznaczania ro\u015blin jadalnych.<\/p>\n<p>Zam\u00f3w ju\u017c teraz etykiety ogrodnicze p\u0119tlowe z Garden-Label.pl i skorzystaj z 24-miesi\u0119cznej gwarancji, kt\u00f3ra potwierdza wysok\u0105 jako\u015b\u0107 produktu wyprodukowanego w Polsce. Z etykietami ogrodniczymi zyskasz pewno\u015b\u0107, \u017ce Twoje ro\u015bliny b\u0119d\u0105 zawsze odpowiednio oznaczone, a ich wa\u017cne informacje b\u0119d\u0105 \u0142atwo dost\u0119pne. <\/p>\n<p>Instrukcja obs\u0142ugi: https:\/\/garden-label.pl\/instrukcje\/<\/p>\n<p>producent\/przedstawiciel\/informacje o bezpiecze\u0144stwie: https:\/\/anetpol.pl\/regulamin-sklepu-internetowego\/<br \/>biuro@anetpol.pl<\/p>\n","protected":false},"excerpt":{"rendered":"<p>Etykiety ogrodnicze p\u0119tlowe w kolorze niebieskim to idealne rozwi\u0105zanie dla ka\u017cdego, kto ceni sobie zorganizowane i estetyczne podej\u015bcie do piel\u0119gnacji ro\u015blin. Dzi\u0119ki du\u017cym wymiarom 250&#8230; <a href=\"https:\/\/garden-label.pl\/sklep\/produkt\/etykiety-ogrodnicze-petlowe-do-pisania-biale-250mm-x-17mm-17x250-100-szt\/\">wi\u0119cej<\/a><\/p>\n","protected":false},"featured_media":105312,"comment_status":"open","ping_status":"closed","template":"","meta":[],"product_brand":[910],"product_cat":[1087,1084,1116,1128,1085,1124,1086,15],"product_tag":[1082,896,897,898,899,900,902,927,1083],"class_list":{"0":"post-3592","1":"product","2":"type-product","3":"status-publish","4":"has-post-thumbnail","6":"product_brand-garden-label-pl","7":"product_cat-akcesoria","8":"product_cat-dom-i-ogrod","9":"product_cat-etykiety","10":"product_cat-kolorowe-petlowe-wiazane-termotransferowe","11":"product_cat-ogrod","12":"product_cat-petlowe-wiazane-termotransferowe","13":"product_cat-rosliny","14":"product_cat-sklep","15":"product_tag-anetpol","16":"product_tag-etykiety-do-opisu-roslin","17":"product_tag-etykiety-do-pisania","18":"product_tag-etykiety-kolorowe","19":"product_tag-etykiety-ogrodnicze","20":"product_tag-etykiety-petlowe","21":"product_tag-garden-label","22":"product_tag-niebieskie","23":"product_tag-supermerchant","24":"sales-flash-overlay","25":"woocommerce-text-align-left","26":"woocommerce-image-align-center","27":"do-quantity-buttons","28":"wc-has-gallery","30":"first","31":"instock","32":"taxable","33":"shipping-taxable","34":"purchasable","35":"product-type-simple"},"yoast_head":"<!-- This site is optimized with the Yoast SEO Premium plugin v26.3 (Yoast SEO v27.3) - https:\/\/yoast.com\/product\/yoast-seo-premium-wordpress\/ -->\n<title>Etykiety p\u0119tlowe do ogrodnictwa NIEBIESKIE 250mm x 17mm - 100 sztuk - Sklep Garden-Label: etykiety dla ogrodnictwa<\/title>\n<meta name=\"robots\" content=\"index, follow, max-snippet:-1, max-image-preview:large, max-video-preview:-1\" \/>\n<link rel=\"canonical\" href=\"https:\/\/garden-label.pl\/sklep\/produkt\/etykiety-ogrodnicze-petlowe-do-pisania-biale-250mm-x-17mm-17x250-100-szt\/\" \/>\n<meta property=\"og:locale\" content=\"pl_PL\" \/>\n<meta property=\"og:type\" content=\"article\" \/>\n<meta property=\"og:title\" content=\"Etykiety p\u0119tlowe do ogrodnictwa NIEBIESKIE 250mm x 17mm - 100 sztuk\" \/>\n<meta property=\"og:description\" content=\"Etykiety ogrodnicze p\u0119tlowe w kolorze niebieskim to idealne rozwi\u0105zanie dla ka\u017cdego, kto ceni sobie zorganizowane i estetyczne podej\u015bcie do piel\u0119gnacji ro\u015blin. Dzi\u0119ki du\u017cym wymiarom 250... wi\u0119cej\" \/>\n<meta property=\"og:url\" content=\"https:\/\/garden-label.pl\/sklep\/produkt\/etykiety-ogrodnicze-petlowe-do-pisania-biale-250mm-x-17mm-17x250-100-szt\/\" \/>\n<meta property=\"og:site_name\" content=\"Sklep Garden-Label: etykiety dla ogrodnictwa\" \/>\n<meta property=\"article:publisher\" content=\"https:\/\/www.facebook.com\/gardenlabelpl\" \/>\n<meta property=\"article:modified_time\" content=\"2026-04-06T13:40:56+00:00\" \/>\n<meta property=\"og:image\" content=\"https:\/\/garden-label.pl\/sklep\/wp-content\/uploads\/2026\/01\/ffa2674fb7550ca7d4aef3837646f3cb-4.jpg\" \/>\n\t<meta property=\"og:image:width\" content=\"2400\" \/>\n\t<meta property=\"og:image:height\" content=\"2191\" \/>\n\t<meta property=\"og:image:type\" content=\"image\/jpeg\" \/>\n<meta name=\"twitter:card\" content=\"summary_large_image\" \/>\n<meta name=\"twitter:label1\" content=\"Cena\" \/>\n\t<meta name=\"twitter:data1\" content=\"29,50&nbsp;&#122;&#322;\" \/>\n\t<meta name=\"twitter:label2\" content=\"Dost\u0119pno\u015b\u0107\" \/>\n\t<meta name=\"twitter:data2\" content=\"Dost\u0119pny\" \/>\n<script type=\"application\/ld+json\" class=\"yoast-schema-graph\">{\"@context\":\"https:\\\/\\\/schema.org\",\"@graph\":[{\"@type\":\"WebPage\",\"@id\":\"https:\\\/\\\/garden-label.pl\\\/sklep\\\/produkt\\\/etykiety-ogrodnicze-petlowe-do-pisania-biale-250mm-x-17mm-17x250-100-szt\\\/\",\"url\":\"https:\\\/\\\/garden-label.pl\\\/sklep\\\/produkt\\\/etykiety-ogrodnicze-petlowe-do-pisania-biale-250mm-x-17mm-17x250-100-szt\\\/\",\"name\":\"Etykiety p\u0119tlowe do ogrodnictwa NIEBIESKIE 250mm x 17mm - 100 sztuk - Sklep Garden-Label: etykiety dla ogrodnictwa\",\"isPartOf\":{\"@id\":\"https:\\\/\\\/garden-label.pl\\\/sklep\\\/#website\"},\"primaryImageOfPage\":{\"@id\":\"https:\\\/\\\/garden-label.pl\\\/sklep\\\/produkt\\\/etykiety-ogrodnicze-petlowe-do-pisania-biale-250mm-x-17mm-17x250-100-szt\\\/#primaryimage\"},\"image\":{\"@id\":\"https:\\\/\\\/garden-label.pl\\\/sklep\\\/produkt\\\/etykiety-ogrodnicze-petlowe-do-pisania-biale-250mm-x-17mm-17x250-100-szt\\\/#primaryimage\"},\"thumbnailUrl\":\"https:\\\/\\\/garden-label.pl\\\/sklep\\\/wp-content\\\/uploads\\\/2026\\\/01\\\/8cd444c7ee3c754dac3c99f6cc446472-4.jpg\",\"datePublished\":\"2024-06-12T12:10:30+00:00\",\"dateModified\":\"2026-04-06T13:40:56+00:00\",\"breadcrumb\":{\"@id\":\"https:\\\/\\\/garden-label.pl\\\/sklep\\\/produkt\\\/etykiety-ogrodnicze-petlowe-do-pisania-biale-250mm-x-17mm-17x250-100-szt\\\/#breadcrumb\"},\"inLanguage\":\"pl-PL\",\"potentialAction\":[{\"@type\":\"ReadAction\",\"target\":[\"https:\\\/\\\/garden-label.pl\\\/sklep\\\/produkt\\\/etykiety-ogrodnicze-petlowe-do-pisania-biale-250mm-x-17mm-17x250-100-szt\\\/\"]}]},{\"@type\":\"ImageObject\",\"inLanguage\":\"pl-PL\",\"@id\":\"https:\\\/\\\/garden-label.pl\\\/sklep\\\/produkt\\\/etykiety-ogrodnicze-petlowe-do-pisania-biale-250mm-x-17mm-17x250-100-szt\\\/#primaryimage\",\"url\":\"https:\\\/\\\/garden-label.pl\\\/sklep\\\/wp-content\\\/uploads\\\/2026\\\/01\\\/8cd444c7ee3c754dac3c99f6cc446472-4.jpg\",\"contentUrl\":\"https:\\\/\\\/garden-label.pl\\\/sklep\\\/wp-content\\\/uploads\\\/2026\\\/01\\\/8cd444c7ee3c754dac3c99f6cc446472-4.jpg\",\"width\":2400,\"height\":2263,\"caption\":\"ba208fff106b63fecdf643eec55e0a38\"},{\"@type\":\"BreadcrumbList\",\"@id\":\"https:\\\/\\\/garden-label.pl\\\/sklep\\\/produkt\\\/etykiety-ogrodnicze-petlowe-do-pisania-biale-250mm-x-17mm-17x250-100-szt\\\/#breadcrumb\",\"itemListElement\":[{\"@type\":\"ListItem\",\"position\":1,\"name\":\"Strona g\u0142\u00f3wna\",\"item\":\"https:\\\/\\\/garden-label.pl\\\/sklep\\\/\"},{\"@type\":\"ListItem\",\"position\":2,\"name\":\"Home\",\"item\":\"https:\\\/\\\/garden-label.pl\\\/sklep\\\/\"},{\"@type\":\"ListItem\",\"position\":3,\"name\":\"Etykiety p\u0119tlowe do ogrodnictwa NIEBIESKIE 250mm x 17mm &#8211; 100 sztuk\"}]},{\"@type\":\"WebSite\",\"@id\":\"https:\\\/\\\/garden-label.pl\\\/sklep\\\/#website\",\"url\":\"https:\\\/\\\/garden-label.pl\\\/sklep\\\/\",\"name\":\"Sklep Garden-Label: etykiety dla ogrodnictwa, drukarki, oprogramowanie\",\"description\":\"ETYKIETY OGRODNICZE INFORMATYZACJA SZK\u00d3\u0141EK PASZPORTY RO\u015aLIN SKLEPY INTERNETOWE\",\"publisher\":{\"@id\":\"https:\\\/\\\/garden-label.pl\\\/sklep\\\/#organization\"},\"potentialAction\":[{\"@type\":\"SearchAction\",\"target\":{\"@type\":\"EntryPoint\",\"urlTemplate\":\"https:\\\/\\\/garden-label.pl\\\/sklep\\\/?s={search_term_string}\"},\"query-input\":{\"@type\":\"PropertyValueSpecification\",\"valueRequired\":true,\"valueName\":\"search_term_string\"}}],\"inLanguage\":\"pl-PL\"},{\"@type\":\"Organization\",\"@id\":\"https:\\\/\\\/garden-label.pl\\\/sklep\\\/#organization\",\"name\":\"Sklep Garden-Label: etykiety dla ogrodnictwa, drukarki, oprogramowanie\",\"url\":\"https:\\\/\\\/garden-label.pl\\\/sklep\\\/\",\"logo\":{\"@type\":\"ImageObject\",\"inLanguage\":\"pl-PL\",\"@id\":\"https:\\\/\\\/garden-label.pl\\\/sklep\\\/#\\\/schema\\\/logo\\\/image\\\/\",\"url\":\"https:\\\/\\\/garden-label.pl\\\/sklep\\\/wp-content\\\/uploads\\\/2024\\\/01\\\/GardenLabel-pastelowe.png\",\"contentUrl\":\"https:\\\/\\\/garden-label.pl\\\/sklep\\\/wp-content\\\/uploads\\\/2024\\\/01\\\/GardenLabel-pastelowe.png\",\"width\":2566,\"height\":1054,\"caption\":\"Sklep Garden-Label: etykiety dla ogrodnictwa, drukarki, oprogramowanie\"},\"image\":{\"@id\":\"https:\\\/\\\/garden-label.pl\\\/sklep\\\/#\\\/schema\\\/logo\\\/image\\\/\"},\"sameAs\":[\"https:\\\/\\\/www.facebook.com\\\/gardenlabelpl\"]}]}<\/script>\n<meta property=\"product:brand\" content=\"Garden Label\" \/>\n<meta property=\"product:price:amount\" content=\"29.50\" \/>\n<meta property=\"product:price:currency\" content=\"PLN\" \/>\n<meta property=\"og:availability\" content=\"instock\" \/>\n<meta property=\"product:availability\" content=\"instock\" \/>\n<meta property=\"product:retailer_item_id\" content=\"5906477685496\" \/>\n<meta property=\"product:condition\" content=\"new\" \/>\n<!-- \/ Yoast SEO Premium plugin. -->","yoast_head_json":{"title":"Etykiety p\u0119tlowe do ogrodnictwa NIEBIESKIE 250mm x 17mm - 100 sztuk - Sklep Garden-Label: etykiety dla ogrodnictwa","robots":{"index":"index","follow":"follow","max-snippet":"max-snippet:-1","max-image-preview":"max-image-preview:large","max-video-preview":"max-video-preview:-1"},"canonical":"https:\/\/garden-label.pl\/sklep\/produkt\/etykiety-ogrodnicze-petlowe-do-pisania-biale-250mm-x-17mm-17x250-100-szt\/","og_locale":"pl_PL","og_type":"article","og_title":"Etykiety p\u0119tlowe do ogrodnictwa NIEBIESKIE 250mm x 17mm - 100 sztuk","og_description":"Etykiety ogrodnicze p\u0119tlowe w kolorze niebieskim to idealne rozwi\u0105zanie dla ka\u017cdego, kto ceni sobie zorganizowane i estetyczne podej\u015bcie do piel\u0119gnacji ro\u015blin. Dzi\u0119ki du\u017cym wymiarom 250... wi\u0119cej","og_url":"https:\/\/garden-label.pl\/sklep\/produkt\/etykiety-ogrodnicze-petlowe-do-pisania-biale-250mm-x-17mm-17x250-100-szt\/","og_site_name":"Sklep Garden-Label: etykiety dla ogrodnictwa","article_publisher":"https:\/\/www.facebook.com\/gardenlabelpl","article_modified_time":"2026-04-06T13:40:56+00:00","og_image":[{"width":2400,"height":2191,"url":"https:\/\/garden-label.pl\/sklep\/wp-content\/uploads\/2026\/01\/ffa2674fb7550ca7d4aef3837646f3cb-4.jpg","type":"image\/jpeg"}],"twitter_card":"summary_large_image","twitter_misc":{"Cena":"29,50&nbsp;&#122;&#322;","Dost\u0119pno\u015b\u0107":"Dost\u0119pny"},"schema":{"@context":"https:\/\/schema.org","@graph":[{"@type":"WebPage","@id":"https:\/\/garden-label.pl\/sklep\/produkt\/etykiety-ogrodnicze-petlowe-do-pisania-biale-250mm-x-17mm-17x250-100-szt\/","url":"https:\/\/garden-label.pl\/sklep\/produkt\/etykiety-ogrodnicze-petlowe-do-pisania-biale-250mm-x-17mm-17x250-100-szt\/","name":"Etykiety p\u0119tlowe do ogrodnictwa NIEBIESKIE 250mm x 17mm - 100 sztuk - Sklep Garden-Label: etykiety dla ogrodnictwa","isPartOf":{"@id":"https:\/\/garden-label.pl\/sklep\/#website"},"primaryImageOfPage":{"@id":"https:\/\/garden-label.pl\/sklep\/produkt\/etykiety-ogrodnicze-petlowe-do-pisania-biale-250mm-x-17mm-17x250-100-szt\/#primaryimage"},"image":{"@id":"https:\/\/garden-label.pl\/sklep\/produkt\/etykiety-ogrodnicze-petlowe-do-pisania-biale-250mm-x-17mm-17x250-100-szt\/#primaryimage"},"thumbnailUrl":"https:\/\/garden-label.pl\/sklep\/wp-content\/uploads\/2026\/01\/8cd444c7ee3c754dac3c99f6cc446472-4.jpg","datePublished":"2024-06-12T12:10:30+00:00","dateModified":"2026-04-06T13:40:56+00:00","breadcrumb":{"@id":"https:\/\/garden-label.pl\/sklep\/produkt\/etykiety-ogrodnicze-petlowe-do-pisania-biale-250mm-x-17mm-17x250-100-szt\/#breadcrumb"},"inLanguage":"pl-PL","potentialAction":[{"@type":"ReadAction","target":["https:\/\/garden-label.pl\/sklep\/produkt\/etykiety-ogrodnicze-petlowe-do-pisania-biale-250mm-x-17mm-17x250-100-szt\/"]}]},{"@type":"ImageObject","inLanguage":"pl-PL","@id":"https:\/\/garden-label.pl\/sklep\/produkt\/etykiety-ogrodnicze-petlowe-do-pisania-biale-250mm-x-17mm-17x250-100-szt\/#primaryimage","url":"https:\/\/garden-label.pl\/sklep\/wp-content\/uploads\/2026\/01\/8cd444c7ee3c754dac3c99f6cc446472-4.jpg","contentUrl":"https:\/\/garden-label.pl\/sklep\/wp-content\/uploads\/2026\/01\/8cd444c7ee3c754dac3c99f6cc446472-4.jpg","width":2400,"height":2263,"caption":"ba208fff106b63fecdf643eec55e0a38"},{"@type":"BreadcrumbList","@id":"https:\/\/garden-label.pl\/sklep\/produkt\/etykiety-ogrodnicze-petlowe-do-pisania-biale-250mm-x-17mm-17x250-100-szt\/#breadcrumb","itemListElement":[{"@type":"ListItem","position":1,"name":"Strona g\u0142\u00f3wna","item":"https:\/\/garden-label.pl\/sklep\/"},{"@type":"ListItem","position":2,"name":"Home","item":"https:\/\/garden-label.pl\/sklep\/"},{"@type":"ListItem","position":3,"name":"Etykiety p\u0119tlowe do ogrodnictwa NIEBIESKIE 250mm x 17mm &#8211; 100 sztuk"}]},{"@type":"WebSite","@id":"https:\/\/garden-label.pl\/sklep\/#website","url":"https:\/\/garden-label.pl\/sklep\/","name":"Sklep Garden-Label: etykiety dla ogrodnictwa, drukarki, oprogramowanie","description":"ETYKIETY OGRODNICZE INFORMATYZACJA SZK\u00d3\u0141EK PASZPORTY RO\u015aLIN SKLEPY INTERNETOWE","publisher":{"@id":"https:\/\/garden-label.pl\/sklep\/#organization"},"potentialAction":[{"@type":"SearchAction","target":{"@type":"EntryPoint","urlTemplate":"https:\/\/garden-label.pl\/sklep\/?s={search_term_string}"},"query-input":{"@type":"PropertyValueSpecification","valueRequired":true,"valueName":"search_term_string"}}],"inLanguage":"pl-PL"},{"@type":"Organization","@id":"https:\/\/garden-label.pl\/sklep\/#organization","name":"Sklep Garden-Label: etykiety dla ogrodnictwa, drukarki, oprogramowanie","url":"https:\/\/garden-label.pl\/sklep\/","logo":{"@type":"ImageObject","inLanguage":"pl-PL","@id":"https:\/\/garden-label.pl\/sklep\/#\/schema\/logo\/image\/","url":"https:\/\/garden-label.pl\/sklep\/wp-content\/uploads\/2024\/01\/GardenLabel-pastelowe.png","contentUrl":"https:\/\/garden-label.pl\/sklep\/wp-content\/uploads\/2024\/01\/GardenLabel-pastelowe.png","width":2566,"height":1054,"caption":"Sklep Garden-Label: etykiety dla ogrodnictwa, drukarki, oprogramowanie"},"image":{"@id":"https:\/\/garden-label.pl\/sklep\/#\/schema\/logo\/image\/"},"sameAs":["https:\/\/www.facebook.com\/gardenlabelpl"]}]},"product_brand":"Garden Label","product_price_amount":"29.50","product_price_currency":"PLN","og_availability":"instock","product_availability":"instock","product_retailer_item_id":"5906477685496","product_condition":"new"},"_links":{"self":[{"href":"https:\/\/garden-label.pl\/sklep\/wp-json\/wp\/v2\/product\/3592","targetHints":{"allow":["GET"]}}],"collection":[{"href":"https:\/\/garden-label.pl\/sklep\/wp-json\/wp\/v2\/product"}],"about":[{"href":"https:\/\/garden-label.pl\/sklep\/wp-json\/wp\/v2\/types\/product"}],"replies":[{"embeddable":true,"href":"https:\/\/garden-label.pl\/sklep\/wp-json\/wp\/v2\/comments?post=3592"}],"version-history":[{"count":3,"href":"https:\/\/garden-label.pl\/sklep\/wp-json\/wp\/v2\/product\/3592\/revisions"}],"predecessor-version":[{"id":105310,"href":"https:\/\/garden-label.pl\/sklep\/wp-json\/wp\/v2\/product\/3592\/revisions\/105310"}],"wp:featuredmedia":[{"embeddable":true,"href":"https:\/\/garden-label.pl\/sklep\/wp-json\/wp\/v2\/media\/105312"}],"wp:attachment":[{"href":"https:\/\/garden-label.pl\/sklep\/wp-json\/wp\/v2\/media?parent=3592"}],"wp:term":[{"taxonomy":"product_brand","embeddable":true,"href":"https:\/\/garden-label.pl\/sklep\/wp-json\/wp\/v2\/product_brand?post=3592"},{"taxonomy":"product_cat","embeddable":true,"href":"https:\/\/garden-label.pl\/sklep\/wp-json\/wp\/v2\/product_cat?post=3592"},{"taxonomy":"product_tag","embeddable":true,"href":"https:\/\/garden-label.pl\/sklep\/wp-json\/wp\/v2\/product_tag?post=3592"}],"curies":[{"name":"wp","href":"https:\/\/api.w.org\/{rel}","templated":true}]}}