{"id":33770,"date":"2025-06-27T10:15:20","date_gmt":"2025-06-27T08:15:20","guid":{"rendered":"https:\/\/garden-label.pl\/sklep\/produkt\/etykiety-ogrodnicze-sadownicze-petlowe-czerwone-200x17mm-17x200-12-szt\/"},"modified":"2026-03-13T06:31:14","modified_gmt":"2026-03-13T05:31:14","slug":"etykiety-ogrodnicze-sadownicze-petlowe-czerwone-200x17mm-17x200-12-szt","status":"publish","type":"product","link":"https:\/\/garden-label.pl\/sklep\/produkt\/etykiety-ogrodnicze-sadownicze-petlowe-czerwone-200x17mm-17x200-12-szt\/","title":{"rendered":"Etykiety ogrodnicze &#8211; sadownicze p\u0119tlowe CZERWONE 200x17mm (17&#215;200) 12 szt."},"content":{"rendered":"<p>Etykiety ogrodnicze p\u0119tlowe w kolorze czerwonym to niezast\u0105piony element ka\u017cdego ogrodnika i sadownika. W zestawie znajduje si\u0119 12 etykiet o wymiarach 200 mm x 17 mm, kt\u00f3re mo\u017cna wykorzysta\u0107 do oznaczania ro\u015blin na \u0142odygach sadzonek, ga\u0142\u0119ziach lub pniach. Dzi\u0119ki mo\u017cliwo\u015bci opisywania etykiet markerem lub zadrukowywania ich w drukarce termotransferowej, zyskuj\u0105 Pa\u0144stwo pe\u0142n\u0105 elastyczno\u015b\u0107 w personalizacji informacji na nich.<\/p>\n<p>Nasze etykiety wykonane s\u0105 z wysokiej jako\u015bci, trwa\u0142ego materia\u0142u, co zapewnia ich odporno\u015b\u0107 na dzia\u0142anie niekorzystnych warunk\u00f3w atmosferycznych, takich jak deszcz, nas\u0142onecznienie oraz skrajne temperatury. S\u0105 to etykiety wodoodporne, idealne do stosowania na zewn\u0105trz, kt\u00f3re mog\u0105 pos\u0142u\u017cy\u0107 do zamieszczania informacji o nazwie polskiej i \u0142aci\u0144skiej ro\u015bliny, paszporcie ro\u015bliny czy kodzie kreskowym.<\/p>\n<p>Realizacja zam\u00f3wienia trwa zaledwie jeden dzie\u0144 roboczy, a wysy\u0142ka odbywa si\u0119 sprawnie, dzi\u0119ki czemu mog\u0105 Pa\u0144stwo szybko skorzysta\u0107 z naszych produkt\u00f3w. Gwarancja na etykiety wynosi 24 miesi\u0105ce, co \u015bwiadczy o ich wysokiej jako\u015bci i niezawodno\u015bci. Szczeg\u00f3\u0142y oraz dodatkowe informacje mo\u017cna znale\u017a\u0107 na stronie internetowej producenta.<\/p>\n<p>Zalecamy dba\u0142o\u015b\u0107 o poprawne zapisanie informacji na etykietach, aby zapewni\u0107 w\u0142a\u015bciwe oznaczenie ro\u015blin w ogrodzie lub sadzie. W przypadku jakichkolwiek pytania zapraszamy do kontaktu za po\u015brednictwem e-maila lub odwiedzenia naszej strony internetowej. <\/p>\n<p>Instrukcja obs\u0142ugi: https:\/\/garden-label.pl\/instrukcje\/<\/p>\n<p>producent\/przedstawiciel\/informacje o bezpiecze\u0144stwie: https:\/\/anetpol.pl\/regulamin-sklepu-internetowego\/<br \/>biuro@anetpol.pl<\/p>\n","protected":false},"excerpt":{"rendered":"<p>Etykiety ogrodnicze p\u0119tlowe w kolorze czerwonym to niezb\u0119dny element w ka\u017cdym ogrodzie i sadzie, idealny do precyzyjnego oznaczania ro\u015blin i sadzonek. Wyprodukowane z wysokiej jako\u015bci&#8230; <a href=\"https:\/\/garden-label.pl\/sklep\/produkt\/etykiety-ogrodnicze-sadownicze-petlowe-czerwone-200x17mm-17x200-12-szt\/\">wi\u0119cej<\/a><\/p>\n","protected":false},"featured_media":86419,"comment_status":"open","ping_status":"closed","template":"","meta":[],"product_brand":[910],"product_cat":[1087,1084,1088,1085,1086,15],"product_tag":[1082,896,899,900,902,1083],"class_list":{"0":"post-33770","1":"product","2":"type-product","3":"status-publish","4":"has-post-thumbnail","6":"product_brand-garden-label-pl","7":"product_cat-akcesoria","8":"product_cat-dom-i-ogrod","9":"product_cat-etykiety-i-tabliczki","10":"product_cat-ogrod","11":"product_cat-rosliny","12":"product_cat-sklep","13":"product_tag-anetpol","14":"product_tag-etykiety-do-opisu-roslin","15":"product_tag-etykiety-ogrodnicze","16":"product_tag-etykiety-petlowe","17":"product_tag-garden-label","18":"product_tag-supermerchant","19":"sales-flash-overlay","20":"woocommerce-text-align-left","21":"woocommerce-image-align-center","22":"do-quantity-buttons","23":"wc-has-gallery","25":"first","26":"outofstock","27":"taxable","28":"shipping-taxable","29":"purchasable","30":"product-type-simple"},"yoast_head":"<!-- This site is optimized with the Yoast SEO Premium plugin v26.3 (Yoast SEO v27.3) - https:\/\/yoast.com\/product\/yoast-seo-premium-wordpress\/ -->\n<title>Etykiety ogrodnicze - sadownicze p\u0119tlowe CZERWONE 200x17mm (17x200) 12 szt. - Sklep Garden-Label: etykiety dla ogrodnictwa<\/title>\n<meta name=\"robots\" content=\"index, follow, max-snippet:-1, max-image-preview:large, max-video-preview:-1\" \/>\n<link rel=\"canonical\" href=\"https:\/\/garden-label.pl\/sklep\/produkt\/etykiety-ogrodnicze-sadownicze-petlowe-czerwone-200x17mm-17x200-12-szt\/\" \/>\n<meta property=\"og:locale\" content=\"pl_PL\" \/>\n<meta property=\"og:type\" content=\"article\" \/>\n<meta property=\"og:title\" content=\"Etykiety ogrodnicze - sadownicze p\u0119tlowe CZERWONE 200x17mm (17x200) 12 szt.\" \/>\n<meta property=\"og:description\" content=\"Etykiety ogrodnicze p\u0119tlowe w kolorze czerwonym to niezb\u0119dny element w ka\u017cdym ogrodzie i sadzie, idealny do precyzyjnego oznaczania ro\u015blin i sadzonek. Wyprodukowane z wysokiej jako\u015bci... wi\u0119cej\" \/>\n<meta property=\"og:url\" content=\"https:\/\/garden-label.pl\/sklep\/produkt\/etykiety-ogrodnicze-sadownicze-petlowe-czerwone-200x17mm-17x200-12-szt\/\" \/>\n<meta property=\"og:site_name\" content=\"Sklep Garden-Label: etykiety dla ogrodnictwa\" \/>\n<meta property=\"article:publisher\" content=\"https:\/\/www.facebook.com\/gardenlabelpl\" \/>\n<meta property=\"article:modified_time\" content=\"2026-03-13T05:31:14+00:00\" \/>\n<meta property=\"og:image\" content=\"https:\/\/garden-label.pl\/sklep\/wp-content\/uploads\/2025\/06\/fa43768b536a608f0bba6a1b13fc27d3.jpg\" \/>\n\t<meta property=\"og:image:width\" content=\"750\" \/>\n\t<meta property=\"og:image:height\" content=\"500\" \/>\n\t<meta property=\"og:image:type\" content=\"image\/jpeg\" \/>\n<meta name=\"twitter:card\" content=\"summary_large_image\" \/>\n<meta name=\"twitter:label1\" content=\"Cena\" \/>\n\t<meta name=\"twitter:data1\" content=\"5,50&nbsp;&#122;&#322;\" \/>\n\t<meta name=\"twitter:label2\" content=\"Dost\u0119pno\u015b\u0107\" \/>\n\t<meta name=\"twitter:data2\" content=\"Brak w magazynie\" \/>\n<script type=\"application\/ld+json\" class=\"yoast-schema-graph\">{\"@context\":\"https:\\\/\\\/schema.org\",\"@graph\":[{\"@type\":\"WebPage\",\"@id\":\"https:\\\/\\\/garden-label.pl\\\/sklep\\\/produkt\\\/etykiety-ogrodnicze-sadownicze-petlowe-czerwone-200x17mm-17x200-12-szt\\\/\",\"url\":\"https:\\\/\\\/garden-label.pl\\\/sklep\\\/produkt\\\/etykiety-ogrodnicze-sadownicze-petlowe-czerwone-200x17mm-17x200-12-szt\\\/\",\"name\":\"Etykiety ogrodnicze - sadownicze p\u0119tlowe CZERWONE 200x17mm (17x200) 12 szt. - Sklep Garden-Label: etykiety dla ogrodnictwa\",\"isPartOf\":{\"@id\":\"https:\\\/\\\/garden-label.pl\\\/sklep\\\/#website\"},\"primaryImageOfPage\":{\"@id\":\"https:\\\/\\\/garden-label.pl\\\/sklep\\\/produkt\\\/etykiety-ogrodnicze-sadownicze-petlowe-czerwone-200x17mm-17x200-12-szt\\\/#primaryimage\"},\"image\":{\"@id\":\"https:\\\/\\\/garden-label.pl\\\/sklep\\\/produkt\\\/etykiety-ogrodnicze-sadownicze-petlowe-czerwone-200x17mm-17x200-12-szt\\\/#primaryimage\"},\"thumbnailUrl\":\"https:\\\/\\\/garden-label.pl\\\/sklep\\\/wp-content\\\/uploads\\\/2025\\\/10\\\/fa43768b536a608f0bba6a1b13fc27d3.jpg\",\"datePublished\":\"2025-06-27T08:15:20+00:00\",\"dateModified\":\"2026-03-13T05:31:14+00:00\",\"breadcrumb\":{\"@id\":\"https:\\\/\\\/garden-label.pl\\\/sklep\\\/produkt\\\/etykiety-ogrodnicze-sadownicze-petlowe-czerwone-200x17mm-17x200-12-szt\\\/#breadcrumb\"},\"inLanguage\":\"pl-PL\",\"potentialAction\":[{\"@type\":\"ReadAction\",\"target\":[\"https:\\\/\\\/garden-label.pl\\\/sklep\\\/produkt\\\/etykiety-ogrodnicze-sadownicze-petlowe-czerwone-200x17mm-17x200-12-szt\\\/\"]}]},{\"@type\":\"ImageObject\",\"inLanguage\":\"pl-PL\",\"@id\":\"https:\\\/\\\/garden-label.pl\\\/sklep\\\/produkt\\\/etykiety-ogrodnicze-sadownicze-petlowe-czerwone-200x17mm-17x200-12-szt\\\/#primaryimage\",\"url\":\"https:\\\/\\\/garden-label.pl\\\/sklep\\\/wp-content\\\/uploads\\\/2025\\\/10\\\/fa43768b536a608f0bba6a1b13fc27d3.jpg\",\"contentUrl\":\"https:\\\/\\\/garden-label.pl\\\/sklep\\\/wp-content\\\/uploads\\\/2025\\\/10\\\/fa43768b536a608f0bba6a1b13fc27d3.jpg\",\"width\":750,\"height\":500,\"caption\":\"ef160f09ebda77d622cd870a08644549\"},{\"@type\":\"BreadcrumbList\",\"@id\":\"https:\\\/\\\/garden-label.pl\\\/sklep\\\/produkt\\\/etykiety-ogrodnicze-sadownicze-petlowe-czerwone-200x17mm-17x200-12-szt\\\/#breadcrumb\",\"itemListElement\":[{\"@type\":\"ListItem\",\"position\":1,\"name\":\"Strona g\u0142\u00f3wna\",\"item\":\"https:\\\/\\\/garden-label.pl\\\/sklep\\\/\"},{\"@type\":\"ListItem\",\"position\":2,\"name\":\"Home\",\"item\":\"https:\\\/\\\/garden-label.pl\\\/sklep\\\/\"},{\"@type\":\"ListItem\",\"position\":3,\"name\":\"Etykiety ogrodnicze &#8211; sadownicze p\u0119tlowe CZERWONE 200x17mm (17&#215;200) 12 szt.\"}]},{\"@type\":\"WebSite\",\"@id\":\"https:\\\/\\\/garden-label.pl\\\/sklep\\\/#website\",\"url\":\"https:\\\/\\\/garden-label.pl\\\/sklep\\\/\",\"name\":\"Sklep Garden-Label: etykiety dla ogrodnictwa, drukarki, oprogramowanie\",\"description\":\"ETYKIETY OGRODNICZE INFORMATYZACJA SZK\u00d3\u0141EK PASZPORTY RO\u015aLIN SKLEPY INTERNETOWE\",\"publisher\":{\"@id\":\"https:\\\/\\\/garden-label.pl\\\/sklep\\\/#organization\"},\"potentialAction\":[{\"@type\":\"SearchAction\",\"target\":{\"@type\":\"EntryPoint\",\"urlTemplate\":\"https:\\\/\\\/garden-label.pl\\\/sklep\\\/?s={search_term_string}\"},\"query-input\":{\"@type\":\"PropertyValueSpecification\",\"valueRequired\":true,\"valueName\":\"search_term_string\"}}],\"inLanguage\":\"pl-PL\"},{\"@type\":\"Organization\",\"@id\":\"https:\\\/\\\/garden-label.pl\\\/sklep\\\/#organization\",\"name\":\"Sklep Garden-Label: etykiety dla ogrodnictwa, drukarki, oprogramowanie\",\"url\":\"https:\\\/\\\/garden-label.pl\\\/sklep\\\/\",\"logo\":{\"@type\":\"ImageObject\",\"inLanguage\":\"pl-PL\",\"@id\":\"https:\\\/\\\/garden-label.pl\\\/sklep\\\/#\\\/schema\\\/logo\\\/image\\\/\",\"url\":\"https:\\\/\\\/garden-label.pl\\\/sklep\\\/wp-content\\\/uploads\\\/2024\\\/01\\\/GardenLabel-pastelowe.png\",\"contentUrl\":\"https:\\\/\\\/garden-label.pl\\\/sklep\\\/wp-content\\\/uploads\\\/2024\\\/01\\\/GardenLabel-pastelowe.png\",\"width\":2566,\"height\":1054,\"caption\":\"Sklep Garden-Label: etykiety dla ogrodnictwa, drukarki, oprogramowanie\"},\"image\":{\"@id\":\"https:\\\/\\\/garden-label.pl\\\/sklep\\\/#\\\/schema\\\/logo\\\/image\\\/\"},\"sameAs\":[\"https:\\\/\\\/www.facebook.com\\\/gardenlabelpl\"]}]}<\/script>\n<meta property=\"product:brand\" content=\"Garden-Label.pl\" \/>\n<meta property=\"product:price:amount\" content=\"5.50\" \/>\n<meta property=\"product:price:currency\" content=\"PLN\" \/>\n<meta property=\"og:availability\" content=\"out of stock\" \/>\n<meta property=\"product:availability\" content=\"out of stock\" \/>\n<meta property=\"product:condition\" content=\"new\" \/>\n<!-- \/ Yoast SEO Premium plugin. -->","yoast_head_json":{"title":"Etykiety ogrodnicze - sadownicze p\u0119tlowe CZERWONE 200x17mm (17x200) 12 szt. - Sklep Garden-Label: etykiety dla ogrodnictwa","robots":{"index":"index","follow":"follow","max-snippet":"max-snippet:-1","max-image-preview":"max-image-preview:large","max-video-preview":"max-video-preview:-1"},"canonical":"https:\/\/garden-label.pl\/sklep\/produkt\/etykiety-ogrodnicze-sadownicze-petlowe-czerwone-200x17mm-17x200-12-szt\/","og_locale":"pl_PL","og_type":"article","og_title":"Etykiety ogrodnicze - sadownicze p\u0119tlowe CZERWONE 200x17mm (17x200) 12 szt.","og_description":"Etykiety ogrodnicze p\u0119tlowe w kolorze czerwonym to niezb\u0119dny element w ka\u017cdym ogrodzie i sadzie, idealny do precyzyjnego oznaczania ro\u015blin i sadzonek. Wyprodukowane z wysokiej jako\u015bci... wi\u0119cej","og_url":"https:\/\/garden-label.pl\/sklep\/produkt\/etykiety-ogrodnicze-sadownicze-petlowe-czerwone-200x17mm-17x200-12-szt\/","og_site_name":"Sklep Garden-Label: etykiety dla ogrodnictwa","article_publisher":"https:\/\/www.facebook.com\/gardenlabelpl","article_modified_time":"2026-03-13T05:31:14+00:00","og_image":[{"width":750,"height":500,"url":"https:\/\/garden-label.pl\/sklep\/wp-content\/uploads\/2025\/06\/fa43768b536a608f0bba6a1b13fc27d3.jpg","type":"image\/jpeg"}],"twitter_card":"summary_large_image","twitter_misc":{"Cena":"5,50&nbsp;&#122;&#322;","Dost\u0119pno\u015b\u0107":"Brak w magazynie"},"schema":{"@context":"https:\/\/schema.org","@graph":[{"@type":"WebPage","@id":"https:\/\/garden-label.pl\/sklep\/produkt\/etykiety-ogrodnicze-sadownicze-petlowe-czerwone-200x17mm-17x200-12-szt\/","url":"https:\/\/garden-label.pl\/sklep\/produkt\/etykiety-ogrodnicze-sadownicze-petlowe-czerwone-200x17mm-17x200-12-szt\/","name":"Etykiety ogrodnicze - sadownicze p\u0119tlowe CZERWONE 200x17mm (17x200) 12 szt. - Sklep Garden-Label: etykiety dla ogrodnictwa","isPartOf":{"@id":"https:\/\/garden-label.pl\/sklep\/#website"},"primaryImageOfPage":{"@id":"https:\/\/garden-label.pl\/sklep\/produkt\/etykiety-ogrodnicze-sadownicze-petlowe-czerwone-200x17mm-17x200-12-szt\/#primaryimage"},"image":{"@id":"https:\/\/garden-label.pl\/sklep\/produkt\/etykiety-ogrodnicze-sadownicze-petlowe-czerwone-200x17mm-17x200-12-szt\/#primaryimage"},"thumbnailUrl":"https:\/\/garden-label.pl\/sklep\/wp-content\/uploads\/2025\/10\/fa43768b536a608f0bba6a1b13fc27d3.jpg","datePublished":"2025-06-27T08:15:20+00:00","dateModified":"2026-03-13T05:31:14+00:00","breadcrumb":{"@id":"https:\/\/garden-label.pl\/sklep\/produkt\/etykiety-ogrodnicze-sadownicze-petlowe-czerwone-200x17mm-17x200-12-szt\/#breadcrumb"},"inLanguage":"pl-PL","potentialAction":[{"@type":"ReadAction","target":["https:\/\/garden-label.pl\/sklep\/produkt\/etykiety-ogrodnicze-sadownicze-petlowe-czerwone-200x17mm-17x200-12-szt\/"]}]},{"@type":"ImageObject","inLanguage":"pl-PL","@id":"https:\/\/garden-label.pl\/sklep\/produkt\/etykiety-ogrodnicze-sadownicze-petlowe-czerwone-200x17mm-17x200-12-szt\/#primaryimage","url":"https:\/\/garden-label.pl\/sklep\/wp-content\/uploads\/2025\/10\/fa43768b536a608f0bba6a1b13fc27d3.jpg","contentUrl":"https:\/\/garden-label.pl\/sklep\/wp-content\/uploads\/2025\/10\/fa43768b536a608f0bba6a1b13fc27d3.jpg","width":750,"height":500,"caption":"ef160f09ebda77d622cd870a08644549"},{"@type":"BreadcrumbList","@id":"https:\/\/garden-label.pl\/sklep\/produkt\/etykiety-ogrodnicze-sadownicze-petlowe-czerwone-200x17mm-17x200-12-szt\/#breadcrumb","itemListElement":[{"@type":"ListItem","position":1,"name":"Strona g\u0142\u00f3wna","item":"https:\/\/garden-label.pl\/sklep\/"},{"@type":"ListItem","position":2,"name":"Home","item":"https:\/\/garden-label.pl\/sklep\/"},{"@type":"ListItem","position":3,"name":"Etykiety ogrodnicze &#8211; sadownicze p\u0119tlowe CZERWONE 200x17mm (17&#215;200) 12 szt."}]},{"@type":"WebSite","@id":"https:\/\/garden-label.pl\/sklep\/#website","url":"https:\/\/garden-label.pl\/sklep\/","name":"Sklep Garden-Label: etykiety dla ogrodnictwa, drukarki, oprogramowanie","description":"ETYKIETY OGRODNICZE INFORMATYZACJA SZK\u00d3\u0141EK PASZPORTY RO\u015aLIN SKLEPY INTERNETOWE","publisher":{"@id":"https:\/\/garden-label.pl\/sklep\/#organization"},"potentialAction":[{"@type":"SearchAction","target":{"@type":"EntryPoint","urlTemplate":"https:\/\/garden-label.pl\/sklep\/?s={search_term_string}"},"query-input":{"@type":"PropertyValueSpecification","valueRequired":true,"valueName":"search_term_string"}}],"inLanguage":"pl-PL"},{"@type":"Organization","@id":"https:\/\/garden-label.pl\/sklep\/#organization","name":"Sklep Garden-Label: etykiety dla ogrodnictwa, drukarki, oprogramowanie","url":"https:\/\/garden-label.pl\/sklep\/","logo":{"@type":"ImageObject","inLanguage":"pl-PL","@id":"https:\/\/garden-label.pl\/sklep\/#\/schema\/logo\/image\/","url":"https:\/\/garden-label.pl\/sklep\/wp-content\/uploads\/2024\/01\/GardenLabel-pastelowe.png","contentUrl":"https:\/\/garden-label.pl\/sklep\/wp-content\/uploads\/2024\/01\/GardenLabel-pastelowe.png","width":2566,"height":1054,"caption":"Sklep Garden-Label: etykiety dla ogrodnictwa, drukarki, oprogramowanie"},"image":{"@id":"https:\/\/garden-label.pl\/sklep\/#\/schema\/logo\/image\/"},"sameAs":["https:\/\/www.facebook.com\/gardenlabelpl"]}]},"product_brand":"Garden-Label.pl","product_price_amount":"5.50","product_price_currency":"PLN","og_availability":"out of stock","product_availability":"out of stock","product_condition":"new"},"_links":{"self":[{"href":"https:\/\/garden-label.pl\/sklep\/wp-json\/wp\/v2\/product\/33770","targetHints":{"allow":["GET"]}}],"collection":[{"href":"https:\/\/garden-label.pl\/sklep\/wp-json\/wp\/v2\/product"}],"about":[{"href":"https:\/\/garden-label.pl\/sklep\/wp-json\/wp\/v2\/types\/product"}],"replies":[{"embeddable":true,"href":"https:\/\/garden-label.pl\/sklep\/wp-json\/wp\/v2\/comments?post=33770"}],"version-history":[{"count":0,"href":"https:\/\/garden-label.pl\/sklep\/wp-json\/wp\/v2\/product\/33770\/revisions"}],"wp:featuredmedia":[{"embeddable":true,"href":"https:\/\/garden-label.pl\/sklep\/wp-json\/wp\/v2\/media\/86419"}],"wp:attachment":[{"href":"https:\/\/garden-label.pl\/sklep\/wp-json\/wp\/v2\/media?parent=33770"}],"wp:term":[{"taxonomy":"product_brand","embeddable":true,"href":"https:\/\/garden-label.pl\/sklep\/wp-json\/wp\/v2\/product_brand?post=33770"},{"taxonomy":"product_cat","embeddable":true,"href":"https:\/\/garden-label.pl\/sklep\/wp-json\/wp\/v2\/product_cat?post=33770"},{"taxonomy":"product_tag","embeddable":true,"href":"https:\/\/garden-label.pl\/sklep\/wp-json\/wp\/v2\/product_tag?post=33770"}],"curies":[{"name":"wp","href":"https:\/\/api.w.org\/{rel}","templated":true}]}}