{"id":3279,"date":"2024-06-12T13:50:21","date_gmt":"2024-06-12T11:50:21","guid":{"rendered":"https:\/\/garden-label.pl\/sklep\/produkt\/marker-ogrodniczy-mazak-pisak-permanentny-odporny-garden-marker-czarny\/"},"modified":"2026-04-09T19:36:51","modified_gmt":"2026-04-09T17:36:51","slug":"marker-ogrodniczy-mazak-pisak-permanentny-odporny-garden-marker-czarny","status":"publish","type":"product","link":"https:\/\/garden-label.pl\/sklep\/produkt\/marker-ogrodniczy-mazak-pisak-permanentny-odporny-garden-marker-czarny\/","title":{"rendered":"Marker ogrodniczy (mazak, pisak) permanentny, odporny Garden Marker, czarny"},"content":{"rendered":"<p>Permanentny czarny marker ogrodniczy Garden Marker AR-780 to doskona\u0142e narz\u0119dzie dla ka\u017cdego mi\u0142o\u015bnika ogrodnictwa. Jego zaawansowana formu\u0142a zapewnia trwa\u0142e i czytelne opisy na wszelkiego rodzaju etykietach ogrodniczych, doniczkach i innych elementach u\u017cytkowych w ogrodzie. Marker charakteryzuje si\u0119 szybkoschn\u0105cym tuszem, kt\u00f3ry jest odporny na dzia\u0142anie wody, promieni UV oraz ekstremalne warunki atmosferyczne, co czyni go idealnym wyborem do pracy na zewn\u0105trz.<\/p>\n<p>Wygodna fibrowa ko\u0144c\u00f3wka o szeroko\u015bci 0,8 mm umo\u017cliwia precyzyjne pisanie, dzi\u0119ki czemu ka\u017cda etykieta b\u0119dzie wyra\u017ana i odporna na blakni\u0119cie. Produkt zapakowany jest w oryginalne opakowanie, a jego wymiary wynosz\u0105 15 cm wysoko\u015bci i 2 cm szeroko\u015bci. Marker wykonany jest z wysokiej jako\u015bci tworzywa sztucznego, kt\u00f3re zapewnia jego wytrzyma\u0142o\u015b\u0107.<\/p>\n<p>Garden Marker AR-780 to nie tylko funkcjonalny produkt, ale r\u00f3wnie\u017c inwestycja na d\u0142ugie lata, obj\u0119ta 24-miesi\u0119czn\u0105 gwarancj\u0105. Zam\u00f3w ju\u017c dzi\u015b i zadbaj o ka\u017cdy szczeg\u00f3\u0142 w swoim ogrodzie! <\/p>\n<p>Instrukcja obs\u0142ugi: https:\/\/garden-label.pl\/instrukcje\/<\/p>\n<p>producent\/przedstawiciel\/informacje o bezpiecze\u0144stwie: https:\/\/anetpol.pl\/regulamin-sklepu-internetowego\/<br \/>biuro@anetpol.pl<\/p>\n","protected":false},"excerpt":{"rendered":"<p>Marker ogrodniczy Garden Marker to niezb\u0119dne narz\u0119dzie dla ka\u017cdego pasjonata ogrodnictwa. Dzi\u0119ki swojej wysokiej jako\u015bci i niezawodno\u015bci, pozwala na trwa\u0142e i czytelne oznaczanie ro\u015blin, co&#8230; <a href=\"https:\/\/garden-label.pl\/sklep\/produkt\/marker-ogrodniczy-mazak-pisak-permanentny-odporny-garden-marker-czarny\/\">wi\u0119cej<\/a><\/p>\n","protected":false},"featured_media":86191,"comment_status":"open","ping_status":"closed","template":"","meta":[],"product_brand":[1016],"product_cat":[1087,1084,1112,1085,1086,15],"product_tag":[1082,896,897,898,1015,899,998,995,902,914,1083,912],"class_list":{"0":"post-3279","1":"product","2":"type-product","3":"status-publish","4":"has-post-thumbnail","6":"product_brand-artline","7":"product_cat-akcesoria","8":"product_cat-dom-i-ogrod","9":"product_cat-markery","10":"product_cat-ogrod","11":"product_cat-rosliny","12":"product_cat-sklep","13":"product_tag-anetpol","14":"product_tag-etykiety-do-opisu-roslin","15":"product_tag-etykiety-do-pisania","16":"product_tag-etykiety-kolorowe","17":"product_tag-etykiety-laserowe","18":"product_tag-etykiety-ogrodnicze","19":"product_tag-etykiety-samoprzylepne","20":"product_tag-etykiety-wtykane","21":"product_tag-garden-label","22":"product_tag-mazaki-markery-pisaki","23":"product_tag-supermerchant","24":"product_tag-zestawy-do-opisu-roslin","25":"sales-flash-overlay","26":"woocommerce-text-align-left","27":"woocommerce-image-align-center","28":"do-quantity-buttons","29":"wc-has-gallery","31":"first","32":"instock","33":"taxable","34":"shipping-taxable","35":"purchasable","36":"product-type-simple"},"yoast_head":"<!-- This site is optimized with the Yoast SEO Premium plugin v26.3 (Yoast SEO v27.3) - https:\/\/yoast.com\/product\/yoast-seo-premium-wordpress\/ -->\n<title>Marker ogrodniczy (mazak, pisak) permanentny, odporny Garden Marker, czarny - Sklep Garden-Label: etykiety dla ogrodnictwa<\/title>\n<meta name=\"robots\" content=\"index, follow, max-snippet:-1, max-image-preview:large, max-video-preview:-1\" \/>\n<link rel=\"canonical\" href=\"https:\/\/garden-label.pl\/sklep\/produkt\/marker-ogrodniczy-mazak-pisak-permanentny-odporny-garden-marker-czarny\/\" \/>\n<meta property=\"og:locale\" content=\"pl_PL\" \/>\n<meta property=\"og:type\" content=\"article\" \/>\n<meta property=\"og:title\" content=\"Marker ogrodniczy (mazak, pisak) permanentny, odporny Garden Marker, czarny\" \/>\n<meta property=\"og:description\" content=\"Marker ogrodniczy Garden Marker to niezb\u0119dne narz\u0119dzie dla ka\u017cdego pasjonata ogrodnictwa. Dzi\u0119ki swojej wysokiej jako\u015bci i niezawodno\u015bci, pozwala na trwa\u0142e i czytelne oznaczanie ro\u015blin, co... wi\u0119cej\" \/>\n<meta property=\"og:url\" content=\"https:\/\/garden-label.pl\/sklep\/produkt\/marker-ogrodniczy-mazak-pisak-permanentny-odporny-garden-marker-czarny\/\" \/>\n<meta property=\"og:site_name\" content=\"Sklep Garden-Label: etykiety dla ogrodnictwa\" \/>\n<meta property=\"article:publisher\" content=\"https:\/\/www.facebook.com\/gardenlabelpl\" \/>\n<meta property=\"article:modified_time\" content=\"2026-04-09T17:36:51+00:00\" \/>\n<meta property=\"og:image\" content=\"https:\/\/garden-label.pl\/sklep\/wp-content\/uploads\/2025\/06\/40507a2e70facea1805366d41cbaf8f5.jpg\" \/>\n\t<meta property=\"og:image:width\" content=\"710\" \/>\n\t<meta property=\"og:image:height\" content=\"331\" \/>\n\t<meta property=\"og:image:type\" content=\"image\/jpeg\" \/>\n<meta name=\"twitter:card\" content=\"summary_large_image\" \/>\n<meta name=\"twitter:label1\" content=\"Cena\" \/>\n\t<meta name=\"twitter:data1\" content=\"16,75&nbsp;&#122;&#322;\" \/>\n\t<meta name=\"twitter:label2\" content=\"Dost\u0119pno\u015b\u0107\" \/>\n\t<meta name=\"twitter:data2\" content=\"Dost\u0119pny\" \/>\n<script type=\"application\/ld+json\" class=\"yoast-schema-graph\">{\"@context\":\"https:\\\/\\\/schema.org\",\"@graph\":[{\"@type\":\"WebPage\",\"@id\":\"https:\\\/\\\/garden-label.pl\\\/sklep\\\/produkt\\\/marker-ogrodniczy-mazak-pisak-permanentny-odporny-garden-marker-czarny\\\/\",\"url\":\"https:\\\/\\\/garden-label.pl\\\/sklep\\\/produkt\\\/marker-ogrodniczy-mazak-pisak-permanentny-odporny-garden-marker-czarny\\\/\",\"name\":\"Marker ogrodniczy (mazak, pisak) permanentny, odporny Garden Marker, czarny - Sklep Garden-Label: etykiety dla ogrodnictwa\",\"isPartOf\":{\"@id\":\"https:\\\/\\\/garden-label.pl\\\/sklep\\\/#website\"},\"primaryImageOfPage\":{\"@id\":\"https:\\\/\\\/garden-label.pl\\\/sklep\\\/produkt\\\/marker-ogrodniczy-mazak-pisak-permanentny-odporny-garden-marker-czarny\\\/#primaryimage\"},\"image\":{\"@id\":\"https:\\\/\\\/garden-label.pl\\\/sklep\\\/produkt\\\/marker-ogrodniczy-mazak-pisak-permanentny-odporny-garden-marker-czarny\\\/#primaryimage\"},\"thumbnailUrl\":\"https:\\\/\\\/garden-label.pl\\\/sklep\\\/wp-content\\\/uploads\\\/2025\\\/10\\\/40507a2e70facea1805366d41cbaf8f5-1.jpg\",\"datePublished\":\"2024-06-12T11:50:21+00:00\",\"dateModified\":\"2026-04-09T17:36:51+00:00\",\"breadcrumb\":{\"@id\":\"https:\\\/\\\/garden-label.pl\\\/sklep\\\/produkt\\\/marker-ogrodniczy-mazak-pisak-permanentny-odporny-garden-marker-czarny\\\/#breadcrumb\"},\"inLanguage\":\"pl-PL\",\"potentialAction\":[{\"@type\":\"ReadAction\",\"target\":[\"https:\\\/\\\/garden-label.pl\\\/sklep\\\/produkt\\\/marker-ogrodniczy-mazak-pisak-permanentny-odporny-garden-marker-czarny\\\/\"]}]},{\"@type\":\"ImageObject\",\"inLanguage\":\"pl-PL\",\"@id\":\"https:\\\/\\\/garden-label.pl\\\/sklep\\\/produkt\\\/marker-ogrodniczy-mazak-pisak-permanentny-odporny-garden-marker-czarny\\\/#primaryimage\",\"url\":\"https:\\\/\\\/garden-label.pl\\\/sklep\\\/wp-content\\\/uploads\\\/2025\\\/10\\\/40507a2e70facea1805366d41cbaf8f5-1.jpg\",\"contentUrl\":\"https:\\\/\\\/garden-label.pl\\\/sklep\\\/wp-content\\\/uploads\\\/2025\\\/10\\\/40507a2e70facea1805366d41cbaf8f5-1.jpg\",\"width\":710,\"height\":331,\"caption\":\"34c981c5d204448ef593cc528595876e\"},{\"@type\":\"BreadcrumbList\",\"@id\":\"https:\\\/\\\/garden-label.pl\\\/sklep\\\/produkt\\\/marker-ogrodniczy-mazak-pisak-permanentny-odporny-garden-marker-czarny\\\/#breadcrumb\",\"itemListElement\":[{\"@type\":\"ListItem\",\"position\":1,\"name\":\"Strona g\u0142\u00f3wna\",\"item\":\"https:\\\/\\\/garden-label.pl\\\/sklep\\\/\"},{\"@type\":\"ListItem\",\"position\":2,\"name\":\"Home\",\"item\":\"https:\\\/\\\/garden-label.pl\\\/sklep\\\/\"},{\"@type\":\"ListItem\",\"position\":3,\"name\":\"Marker ogrodniczy (mazak, pisak) permanentny, odporny Garden Marker, czarny\"}]},{\"@type\":\"WebSite\",\"@id\":\"https:\\\/\\\/garden-label.pl\\\/sklep\\\/#website\",\"url\":\"https:\\\/\\\/garden-label.pl\\\/sklep\\\/\",\"name\":\"Sklep Garden-Label: etykiety dla ogrodnictwa, drukarki, oprogramowanie\",\"description\":\"ETYKIETY OGRODNICZE INFORMATYZACJA SZK\u00d3\u0141EK PASZPORTY RO\u015aLIN SKLEPY INTERNETOWE\",\"publisher\":{\"@id\":\"https:\\\/\\\/garden-label.pl\\\/sklep\\\/#organization\"},\"potentialAction\":[{\"@type\":\"SearchAction\",\"target\":{\"@type\":\"EntryPoint\",\"urlTemplate\":\"https:\\\/\\\/garden-label.pl\\\/sklep\\\/?s={search_term_string}\"},\"query-input\":{\"@type\":\"PropertyValueSpecification\",\"valueRequired\":true,\"valueName\":\"search_term_string\"}}],\"inLanguage\":\"pl-PL\"},{\"@type\":\"Organization\",\"@id\":\"https:\\\/\\\/garden-label.pl\\\/sklep\\\/#organization\",\"name\":\"Sklep Garden-Label: etykiety dla ogrodnictwa, drukarki, oprogramowanie\",\"url\":\"https:\\\/\\\/garden-label.pl\\\/sklep\\\/\",\"logo\":{\"@type\":\"ImageObject\",\"inLanguage\":\"pl-PL\",\"@id\":\"https:\\\/\\\/garden-label.pl\\\/sklep\\\/#\\\/schema\\\/logo\\\/image\\\/\",\"url\":\"https:\\\/\\\/garden-label.pl\\\/sklep\\\/wp-content\\\/uploads\\\/2024\\\/01\\\/GardenLabel-pastelowe.png\",\"contentUrl\":\"https:\\\/\\\/garden-label.pl\\\/sklep\\\/wp-content\\\/uploads\\\/2024\\\/01\\\/GardenLabel-pastelowe.png\",\"width\":2566,\"height\":1054,\"caption\":\"Sklep Garden-Label: etykiety dla ogrodnictwa, drukarki, oprogramowanie\"},\"image\":{\"@id\":\"https:\\\/\\\/garden-label.pl\\\/sklep\\\/#\\\/schema\\\/logo\\\/image\\\/\"},\"sameAs\":[\"https:\\\/\\\/www.facebook.com\\\/gardenlabelpl\"]}]}<\/script>\n<meta property=\"product:brand\" content=\"Artline\" \/>\n<meta property=\"product:price:amount\" content=\"16.75\" \/>\n<meta property=\"product:price:currency\" content=\"PLN\" \/>\n<meta property=\"og:availability\" content=\"instock\" \/>\n<meta property=\"product:availability\" content=\"instock\" \/>\n<meta property=\"product:retailer_item_id\" content=\"4974052807657\" \/>\n<meta property=\"product:condition\" content=\"new\" \/>\n<!-- \/ Yoast SEO Premium plugin. -->","yoast_head_json":{"title":"Marker ogrodniczy (mazak, pisak) permanentny, odporny Garden Marker, czarny - Sklep Garden-Label: etykiety dla ogrodnictwa","robots":{"index":"index","follow":"follow","max-snippet":"max-snippet:-1","max-image-preview":"max-image-preview:large","max-video-preview":"max-video-preview:-1"},"canonical":"https:\/\/garden-label.pl\/sklep\/produkt\/marker-ogrodniczy-mazak-pisak-permanentny-odporny-garden-marker-czarny\/","og_locale":"pl_PL","og_type":"article","og_title":"Marker ogrodniczy (mazak, pisak) permanentny, odporny Garden Marker, czarny","og_description":"Marker ogrodniczy Garden Marker to niezb\u0119dne narz\u0119dzie dla ka\u017cdego pasjonata ogrodnictwa. Dzi\u0119ki swojej wysokiej jako\u015bci i niezawodno\u015bci, pozwala na trwa\u0142e i czytelne oznaczanie ro\u015blin, co... wi\u0119cej","og_url":"https:\/\/garden-label.pl\/sklep\/produkt\/marker-ogrodniczy-mazak-pisak-permanentny-odporny-garden-marker-czarny\/","og_site_name":"Sklep Garden-Label: etykiety dla ogrodnictwa","article_publisher":"https:\/\/www.facebook.com\/gardenlabelpl","article_modified_time":"2026-04-09T17:36:51+00:00","og_image":[{"width":710,"height":331,"url":"https:\/\/garden-label.pl\/sklep\/wp-content\/uploads\/2025\/06\/40507a2e70facea1805366d41cbaf8f5.jpg","type":"image\/jpeg"}],"twitter_card":"summary_large_image","twitter_misc":{"Cena":"16,75&nbsp;&#122;&#322;","Dost\u0119pno\u015b\u0107":"Dost\u0119pny"},"schema":{"@context":"https:\/\/schema.org","@graph":[{"@type":"WebPage","@id":"https:\/\/garden-label.pl\/sklep\/produkt\/marker-ogrodniczy-mazak-pisak-permanentny-odporny-garden-marker-czarny\/","url":"https:\/\/garden-label.pl\/sklep\/produkt\/marker-ogrodniczy-mazak-pisak-permanentny-odporny-garden-marker-czarny\/","name":"Marker ogrodniczy (mazak, pisak) permanentny, odporny Garden Marker, czarny - Sklep Garden-Label: etykiety dla ogrodnictwa","isPartOf":{"@id":"https:\/\/garden-label.pl\/sklep\/#website"},"primaryImageOfPage":{"@id":"https:\/\/garden-label.pl\/sklep\/produkt\/marker-ogrodniczy-mazak-pisak-permanentny-odporny-garden-marker-czarny\/#primaryimage"},"image":{"@id":"https:\/\/garden-label.pl\/sklep\/produkt\/marker-ogrodniczy-mazak-pisak-permanentny-odporny-garden-marker-czarny\/#primaryimage"},"thumbnailUrl":"https:\/\/garden-label.pl\/sklep\/wp-content\/uploads\/2025\/10\/40507a2e70facea1805366d41cbaf8f5-1.jpg","datePublished":"2024-06-12T11:50:21+00:00","dateModified":"2026-04-09T17:36:51+00:00","breadcrumb":{"@id":"https:\/\/garden-label.pl\/sklep\/produkt\/marker-ogrodniczy-mazak-pisak-permanentny-odporny-garden-marker-czarny\/#breadcrumb"},"inLanguage":"pl-PL","potentialAction":[{"@type":"ReadAction","target":["https:\/\/garden-label.pl\/sklep\/produkt\/marker-ogrodniczy-mazak-pisak-permanentny-odporny-garden-marker-czarny\/"]}]},{"@type":"ImageObject","inLanguage":"pl-PL","@id":"https:\/\/garden-label.pl\/sklep\/produkt\/marker-ogrodniczy-mazak-pisak-permanentny-odporny-garden-marker-czarny\/#primaryimage","url":"https:\/\/garden-label.pl\/sklep\/wp-content\/uploads\/2025\/10\/40507a2e70facea1805366d41cbaf8f5-1.jpg","contentUrl":"https:\/\/garden-label.pl\/sklep\/wp-content\/uploads\/2025\/10\/40507a2e70facea1805366d41cbaf8f5-1.jpg","width":710,"height":331,"caption":"34c981c5d204448ef593cc528595876e"},{"@type":"BreadcrumbList","@id":"https:\/\/garden-label.pl\/sklep\/produkt\/marker-ogrodniczy-mazak-pisak-permanentny-odporny-garden-marker-czarny\/#breadcrumb","itemListElement":[{"@type":"ListItem","position":1,"name":"Strona g\u0142\u00f3wna","item":"https:\/\/garden-label.pl\/sklep\/"},{"@type":"ListItem","position":2,"name":"Home","item":"https:\/\/garden-label.pl\/sklep\/"},{"@type":"ListItem","position":3,"name":"Marker ogrodniczy (mazak, pisak) permanentny, odporny Garden Marker, czarny"}]},{"@type":"WebSite","@id":"https:\/\/garden-label.pl\/sklep\/#website","url":"https:\/\/garden-label.pl\/sklep\/","name":"Sklep Garden-Label: etykiety dla ogrodnictwa, drukarki, oprogramowanie","description":"ETYKIETY OGRODNICZE INFORMATYZACJA SZK\u00d3\u0141EK PASZPORTY RO\u015aLIN SKLEPY INTERNETOWE","publisher":{"@id":"https:\/\/garden-label.pl\/sklep\/#organization"},"potentialAction":[{"@type":"SearchAction","target":{"@type":"EntryPoint","urlTemplate":"https:\/\/garden-label.pl\/sklep\/?s={search_term_string}"},"query-input":{"@type":"PropertyValueSpecification","valueRequired":true,"valueName":"search_term_string"}}],"inLanguage":"pl-PL"},{"@type":"Organization","@id":"https:\/\/garden-label.pl\/sklep\/#organization","name":"Sklep Garden-Label: etykiety dla ogrodnictwa, drukarki, oprogramowanie","url":"https:\/\/garden-label.pl\/sklep\/","logo":{"@type":"ImageObject","inLanguage":"pl-PL","@id":"https:\/\/garden-label.pl\/sklep\/#\/schema\/logo\/image\/","url":"https:\/\/garden-label.pl\/sklep\/wp-content\/uploads\/2024\/01\/GardenLabel-pastelowe.png","contentUrl":"https:\/\/garden-label.pl\/sklep\/wp-content\/uploads\/2024\/01\/GardenLabel-pastelowe.png","width":2566,"height":1054,"caption":"Sklep Garden-Label: etykiety dla ogrodnictwa, drukarki, oprogramowanie"},"image":{"@id":"https:\/\/garden-label.pl\/sklep\/#\/schema\/logo\/image\/"},"sameAs":["https:\/\/www.facebook.com\/gardenlabelpl"]}]},"product_brand":"Artline","product_price_amount":"16.75","product_price_currency":"PLN","og_availability":"instock","product_availability":"instock","product_retailer_item_id":"4974052807657","product_condition":"new"},"_links":{"self":[{"href":"https:\/\/garden-label.pl\/sklep\/wp-json\/wp\/v2\/product\/3279","targetHints":{"allow":["GET"]}}],"collection":[{"href":"https:\/\/garden-label.pl\/sklep\/wp-json\/wp\/v2\/product"}],"about":[{"href":"https:\/\/garden-label.pl\/sklep\/wp-json\/wp\/v2\/types\/product"}],"replies":[{"embeddable":true,"href":"https:\/\/garden-label.pl\/sklep\/wp-json\/wp\/v2\/comments?post=3279"}],"version-history":[{"count":0,"href":"https:\/\/garden-label.pl\/sklep\/wp-json\/wp\/v2\/product\/3279\/revisions"}],"wp:featuredmedia":[{"embeddable":true,"href":"https:\/\/garden-label.pl\/sklep\/wp-json\/wp\/v2\/media\/86191"}],"wp:attachment":[{"href":"https:\/\/garden-label.pl\/sklep\/wp-json\/wp\/v2\/media?parent=3279"}],"wp:term":[{"taxonomy":"product_brand","embeddable":true,"href":"https:\/\/garden-label.pl\/sklep\/wp-json\/wp\/v2\/product_brand?post=3279"},{"taxonomy":"product_cat","embeddable":true,"href":"https:\/\/garden-label.pl\/sklep\/wp-json\/wp\/v2\/product_cat?post=3279"},{"taxonomy":"product_tag","embeddable":true,"href":"https:\/\/garden-label.pl\/sklep\/wp-json\/wp\/v2\/product_tag?post=3279"}],"curies":[{"name":"wp","href":"https:\/\/api.w.org\/{rel}","templated":true}]}}