{"id":29379,"date":"2025-06-05T16:09:39","date_gmt":"2025-06-05T14:09:39","guid":{"rendered":"https:\/\/garden-label.pl\/sklep\/produkt\/drukarka-termiczna-termotransferowa-tsc-ttp-346mt-uzywana\/"},"modified":"2026-04-13T10:34:25","modified_gmt":"2026-04-13T08:34:25","slug":"drukarka-termiczna-termotransferowa-tsc-ttp-346mt-uzywana","status":"publish","type":"product","link":"https:\/\/garden-label.pl\/sklep\/produkt\/drukarka-termiczna-termotransferowa-tsc-ttp-346mt-uzywana\/","title":{"rendered":"DRUKARKA TERMICZNA TERMOTRANSFEROWA TSC TTP-346MT &#8211; u\u017cywana"},"content":{"rendered":"<p>U\u017cywana &#8211; przebieg 4KM, lekko porysowana obudowa, stan techniczny bardzo dobry. <\/p>\n<p>Drukarka termiczna termotransferowa TSC TTP-346MT to wydajne i niezawodne rozwi\u0105zanie, zaprojektowane z my\u015bl\u0105 o wysokiej jako\u015bci druku etykiet oraz innych materia\u0142\u00f3w. Model ten charakteryzuje si\u0119 solidn\u0105 konstrukcj\u0105 i jest idealny do zastosowa\u0144 w \u015brodowiskach przemys\u0142owych oraz biurowych. Dzi\u0119ki zastosowaniu nowoczesnych technologii, drukarka zapewnia doskona\u0142\u0105 jako\u015b\u0107 druku przy zachowaniu wysokiej szybko\u015bci operacyjnej.<\/p>\n<p>TSC TTP-346MT oferuje szeroki zakres rozdzielczo\u015bci, co pozwala na precyzyjne odwzorowanie nawet najbardziej skomplikowanych projekt\u00f3w graficznych. Zdolno\u015b\u0107 do pracy z r\u00f3\u017cnymi typami medi\u00f3w, w tym etykietami o r\u00f3\u017cnych rozmiarach i grubo\u015bciach, czyni j\u0105 niezwykle wszechstronnym urz\u0105dzeniem.<\/p>\n<p>Urz\u0105dzenie u\u017cywane, w pe\u0142ni sprawne, oferuje znakomit\u0105 jako\u015b\u0107 druku w atrakcyjnej cenie. To doskona\u0142y wyb\u00f3r dla firm poszukuj\u0105cych efektywnej i ekonomicznej drukarki do etykietowania.<\/p>\n<p>RS-232<br \/>\nLPT<br \/>\nUSB<br \/>\nEthernet <\/p>\n<p>producent\/przedstawiciel\/informacje o bezpiecze\u0144stwie: https:\/\/anetpol.pl\/regulamin-sklepu-internetowego\/<\/p>\n","protected":false},"excerpt":{"rendered":"<p>Drukarki serii TTP-346MT cechuj\u0105 si\u0119 najwy\u017csz\u0105 jako\u015bci\u0105 wydruku osi\u0105gni\u0119t\u0105 dzi\u0119ki g\u0142owicy drukuj\u0105cej nowej technologii po\u0142\u0105czonej z szybkim i wydajnym procesorem i ulepszonym firmware. Zwi\u0119kszona jako\u015b\u0107&#8230; <a href=\"https:\/\/garden-label.pl\/sklep\/produkt\/drukarka-termiczna-termotransferowa-tsc-ttp-346mt-uzywana\/\">wi\u0119cej<\/a><\/p>\n","protected":false},"featured_media":87038,"comment_status":"open","ping_status":"closed","template":"","meta":[],"product_brand":[1064],"product_cat":[1084,1104,1103,15],"product_tag":[1082,902,1083,919],"class_list":{"0":"post-29379","1":"product","2":"type-product","3":"status-publish","4":"has-post-thumbnail","6":"product_brand-tsc-https-emea-tscprinters-com-en","7":"product_cat-dom-i-ogrod","8":"product_cat-drukarki-dedykowane","9":"product_cat-pozostale-akcesoria","10":"product_cat-sklep","11":"product_tag-anetpol","12":"product_tag-garden-label","13":"product_tag-supermerchant","14":"product_tag-wydruki","15":"sales-flash-overlay","16":"woocommerce-text-align-left","17":"woocommerce-image-align-center","18":"do-quantity-buttons","20":"first","21":"outofstock","22":"taxable","23":"shipping-taxable","24":"purchasable","25":"product-type-simple"},"yoast_head":"<!-- This site is optimized with the Yoast SEO Premium plugin v26.3 (Yoast SEO v27.3) - https:\/\/yoast.com\/product\/yoast-seo-premium-wordpress\/ -->\n<title>DRUKARKA TERMICZNA TERMOTRANSFEROWA TSC TTP-346MT - u\u017cywana - Sklep Garden-Label: etykiety dla ogrodnictwa<\/title>\n<meta name=\"robots\" content=\"index, follow, max-snippet:-1, max-image-preview:large, max-video-preview:-1\" \/>\n<link rel=\"canonical\" href=\"https:\/\/garden-label.pl\/sklep\/produkt\/drukarka-termiczna-termotransferowa-tsc-ttp-346mt-uzywana\/\" \/>\n<meta property=\"og:locale\" content=\"pl_PL\" \/>\n<meta property=\"og:type\" content=\"article\" \/>\n<meta property=\"og:title\" content=\"DRUKARKA TERMICZNA TERMOTRANSFEROWA TSC TTP-346MT - u\u017cywana\" \/>\n<meta property=\"og:description\" content=\"Drukarki serii TTP-346MT cechuj\u0105 si\u0119 najwy\u017csz\u0105 jako\u015bci\u0105 wydruku osi\u0105gni\u0119t\u0105 dzi\u0119ki g\u0142owicy drukuj\u0105cej nowej technologii po\u0142\u0105czonej z szybkim i wydajnym procesorem i ulepszonym firmware. Zwi\u0119kszona jako\u015b\u0107... wi\u0119cej\" \/>\n<meta property=\"og:url\" content=\"https:\/\/garden-label.pl\/sklep\/produkt\/drukarka-termiczna-termotransferowa-tsc-ttp-346mt-uzywana\/\" \/>\n<meta property=\"og:site_name\" content=\"Sklep Garden-Label: etykiety dla ogrodnictwa\" \/>\n<meta property=\"article:publisher\" content=\"https:\/\/www.facebook.com\/gardenlabelpl\" \/>\n<meta property=\"article:modified_time\" content=\"2026-04-13T08:34:25+00:00\" \/>\n<meta property=\"og:image\" content=\"https:\/\/garden-label.pl\/sklep\/wp-content\/uploads\/2025\/10\/88222ac7dbf507583e8b451a5b0da83f-2.jpg\" \/>\n\t<meta property=\"og:image:width\" content=\"609\" \/>\n\t<meta property=\"og:image:height\" content=\"568\" \/>\n\t<meta property=\"og:image:type\" content=\"image\/jpeg\" \/>\n<meta name=\"twitter:card\" content=\"summary_large_image\" \/>\n<meta name=\"twitter:label1\" content=\"Cena\" \/>\n\t<meta name=\"twitter:data1\" content=\"2706,00&nbsp;&#122;&#322;\" \/>\n\t<meta name=\"twitter:label2\" content=\"Dost\u0119pno\u015b\u0107\" \/>\n\t<meta name=\"twitter:data2\" content=\"Brak w magazynie\" \/>\n<script type=\"application\/ld+json\" class=\"yoast-schema-graph\">{\"@context\":\"https:\\\/\\\/schema.org\",\"@graph\":[{\"@type\":\"WebPage\",\"@id\":\"https:\\\/\\\/garden-label.pl\\\/sklep\\\/produkt\\\/drukarka-termiczna-termotransferowa-tsc-ttp-346mt-uzywana\\\/\",\"url\":\"https:\\\/\\\/garden-label.pl\\\/sklep\\\/produkt\\\/drukarka-termiczna-termotransferowa-tsc-ttp-346mt-uzywana\\\/\",\"name\":\"DRUKARKA TERMICZNA TERMOTRANSFEROWA TSC TTP-346MT - u\u017cywana - Sklep Garden-Label: etykiety dla ogrodnictwa\",\"isPartOf\":{\"@id\":\"https:\\\/\\\/garden-label.pl\\\/sklep\\\/#website\"},\"primaryImageOfPage\":{\"@id\":\"https:\\\/\\\/garden-label.pl\\\/sklep\\\/produkt\\\/drukarka-termiczna-termotransferowa-tsc-ttp-346mt-uzywana\\\/#primaryimage\"},\"image\":{\"@id\":\"https:\\\/\\\/garden-label.pl\\\/sklep\\\/produkt\\\/drukarka-termiczna-termotransferowa-tsc-ttp-346mt-uzywana\\\/#primaryimage\"},\"thumbnailUrl\":\"https:\\\/\\\/garden-label.pl\\\/sklep\\\/wp-content\\\/uploads\\\/2025\\\/10\\\/88222ac7dbf507583e8b451a5b0da83f-2.jpg\",\"datePublished\":\"2025-06-05T14:09:39+00:00\",\"dateModified\":\"2026-04-13T08:34:25+00:00\",\"breadcrumb\":{\"@id\":\"https:\\\/\\\/garden-label.pl\\\/sklep\\\/produkt\\\/drukarka-termiczna-termotransferowa-tsc-ttp-346mt-uzywana\\\/#breadcrumb\"},\"inLanguage\":\"pl-PL\",\"potentialAction\":[{\"@type\":\"ReadAction\",\"target\":[\"https:\\\/\\\/garden-label.pl\\\/sklep\\\/produkt\\\/drukarka-termiczna-termotransferowa-tsc-ttp-346mt-uzywana\\\/\"]}]},{\"@type\":\"ImageObject\",\"inLanguage\":\"pl-PL\",\"@id\":\"https:\\\/\\\/garden-label.pl\\\/sklep\\\/produkt\\\/drukarka-termiczna-termotransferowa-tsc-ttp-346mt-uzywana\\\/#primaryimage\",\"url\":\"https:\\\/\\\/garden-label.pl\\\/sklep\\\/wp-content\\\/uploads\\\/2025\\\/10\\\/88222ac7dbf507583e8b451a5b0da83f-2.jpg\",\"contentUrl\":\"https:\\\/\\\/garden-label.pl\\\/sklep\\\/wp-content\\\/uploads\\\/2025\\\/10\\\/88222ac7dbf507583e8b451a5b0da83f-2.jpg\",\"width\":609,\"height\":568,\"caption\":\"7a217466cccaa7b18fb40470042db1f9\"},{\"@type\":\"BreadcrumbList\",\"@id\":\"https:\\\/\\\/garden-label.pl\\\/sklep\\\/produkt\\\/drukarka-termiczna-termotransferowa-tsc-ttp-346mt-uzywana\\\/#breadcrumb\",\"itemListElement\":[{\"@type\":\"ListItem\",\"position\":1,\"name\":\"Strona g\u0142\u00f3wna\",\"item\":\"https:\\\/\\\/garden-label.pl\\\/sklep\\\/\"},{\"@type\":\"ListItem\",\"position\":2,\"name\":\"Home\",\"item\":\"https:\\\/\\\/garden-label.pl\\\/sklep\\\/\"},{\"@type\":\"ListItem\",\"position\":3,\"name\":\"DRUKARKA TERMICZNA TERMOTRANSFEROWA TSC TTP-346MT &#8211; u\u017cywana\"}]},{\"@type\":\"WebSite\",\"@id\":\"https:\\\/\\\/garden-label.pl\\\/sklep\\\/#website\",\"url\":\"https:\\\/\\\/garden-label.pl\\\/sklep\\\/\",\"name\":\"Sklep Garden-Label: etykiety dla ogrodnictwa, drukarki, oprogramowanie\",\"description\":\"ETYKIETY OGRODNICZE INFORMATYZACJA SZK\u00d3\u0141EK PASZPORTY RO\u015aLIN SKLEPY INTERNETOWE\",\"publisher\":{\"@id\":\"https:\\\/\\\/garden-label.pl\\\/sklep\\\/#organization\"},\"potentialAction\":[{\"@type\":\"SearchAction\",\"target\":{\"@type\":\"EntryPoint\",\"urlTemplate\":\"https:\\\/\\\/garden-label.pl\\\/sklep\\\/?s={search_term_string}\"},\"query-input\":{\"@type\":\"PropertyValueSpecification\",\"valueRequired\":true,\"valueName\":\"search_term_string\"}}],\"inLanguage\":\"pl-PL\"},{\"@type\":\"Organization\",\"@id\":\"https:\\\/\\\/garden-label.pl\\\/sklep\\\/#organization\",\"name\":\"Sklep Garden-Label: etykiety dla ogrodnictwa, drukarki, oprogramowanie\",\"url\":\"https:\\\/\\\/garden-label.pl\\\/sklep\\\/\",\"logo\":{\"@type\":\"ImageObject\",\"inLanguage\":\"pl-PL\",\"@id\":\"https:\\\/\\\/garden-label.pl\\\/sklep\\\/#\\\/schema\\\/logo\\\/image\\\/\",\"url\":\"https:\\\/\\\/garden-label.pl\\\/sklep\\\/wp-content\\\/uploads\\\/2024\\\/01\\\/GardenLabel-pastelowe.png\",\"contentUrl\":\"https:\\\/\\\/garden-label.pl\\\/sklep\\\/wp-content\\\/uploads\\\/2024\\\/01\\\/GardenLabel-pastelowe.png\",\"width\":2566,\"height\":1054,\"caption\":\"Sklep Garden-Label: etykiety dla ogrodnictwa, drukarki, oprogramowanie\"},\"image\":{\"@id\":\"https:\\\/\\\/garden-label.pl\\\/sklep\\\/#\\\/schema\\\/logo\\\/image\\\/\"},\"sameAs\":[\"https:\\\/\\\/www.facebook.com\\\/gardenlabelpl\"]}]}<\/script>\n<meta property=\"product:price:amount\" content=\"2706.00\" \/>\n<meta property=\"product:price:currency\" content=\"PLN\" \/>\n<meta property=\"og:availability\" content=\"out of stock\" \/>\n<meta property=\"product:availability\" content=\"out of stock\" \/>\n<meta property=\"product:retailer_item_id\" content=\"TSC TTP-346MT\" \/>\n<meta property=\"product:condition\" content=\"new\" \/>\n<!-- \/ Yoast SEO Premium plugin. -->","yoast_head_json":{"title":"DRUKARKA TERMICZNA TERMOTRANSFEROWA TSC TTP-346MT - u\u017cywana - Sklep Garden-Label: etykiety dla ogrodnictwa","robots":{"index":"index","follow":"follow","max-snippet":"max-snippet:-1","max-image-preview":"max-image-preview:large","max-video-preview":"max-video-preview:-1"},"canonical":"https:\/\/garden-label.pl\/sklep\/produkt\/drukarka-termiczna-termotransferowa-tsc-ttp-346mt-uzywana\/","og_locale":"pl_PL","og_type":"article","og_title":"DRUKARKA TERMICZNA TERMOTRANSFEROWA TSC TTP-346MT - u\u017cywana","og_description":"Drukarki serii TTP-346MT cechuj\u0105 si\u0119 najwy\u017csz\u0105 jako\u015bci\u0105 wydruku osi\u0105gni\u0119t\u0105 dzi\u0119ki g\u0142owicy drukuj\u0105cej nowej technologii po\u0142\u0105czonej z szybkim i wydajnym procesorem i ulepszonym firmware. Zwi\u0119kszona jako\u015b\u0107... wi\u0119cej","og_url":"https:\/\/garden-label.pl\/sklep\/produkt\/drukarka-termiczna-termotransferowa-tsc-ttp-346mt-uzywana\/","og_site_name":"Sklep Garden-Label: etykiety dla ogrodnictwa","article_publisher":"https:\/\/www.facebook.com\/gardenlabelpl","article_modified_time":"2026-04-13T08:34:25+00:00","og_image":[{"width":609,"height":568,"url":"https:\/\/garden-label.pl\/sklep\/wp-content\/uploads\/2025\/10\/88222ac7dbf507583e8b451a5b0da83f-2.jpg","type":"image\/jpeg"}],"twitter_card":"summary_large_image","twitter_misc":{"Cena":"2706,00&nbsp;&#122;&#322;","Dost\u0119pno\u015b\u0107":"Brak w magazynie"},"schema":{"@context":"https:\/\/schema.org","@graph":[{"@type":"WebPage","@id":"https:\/\/garden-label.pl\/sklep\/produkt\/drukarka-termiczna-termotransferowa-tsc-ttp-346mt-uzywana\/","url":"https:\/\/garden-label.pl\/sklep\/produkt\/drukarka-termiczna-termotransferowa-tsc-ttp-346mt-uzywana\/","name":"DRUKARKA TERMICZNA TERMOTRANSFEROWA TSC TTP-346MT - u\u017cywana - Sklep Garden-Label: etykiety dla ogrodnictwa","isPartOf":{"@id":"https:\/\/garden-label.pl\/sklep\/#website"},"primaryImageOfPage":{"@id":"https:\/\/garden-label.pl\/sklep\/produkt\/drukarka-termiczna-termotransferowa-tsc-ttp-346mt-uzywana\/#primaryimage"},"image":{"@id":"https:\/\/garden-label.pl\/sklep\/produkt\/drukarka-termiczna-termotransferowa-tsc-ttp-346mt-uzywana\/#primaryimage"},"thumbnailUrl":"https:\/\/garden-label.pl\/sklep\/wp-content\/uploads\/2025\/10\/88222ac7dbf507583e8b451a5b0da83f-2.jpg","datePublished":"2025-06-05T14:09:39+00:00","dateModified":"2026-04-13T08:34:25+00:00","breadcrumb":{"@id":"https:\/\/garden-label.pl\/sklep\/produkt\/drukarka-termiczna-termotransferowa-tsc-ttp-346mt-uzywana\/#breadcrumb"},"inLanguage":"pl-PL","potentialAction":[{"@type":"ReadAction","target":["https:\/\/garden-label.pl\/sklep\/produkt\/drukarka-termiczna-termotransferowa-tsc-ttp-346mt-uzywana\/"]}]},{"@type":"ImageObject","inLanguage":"pl-PL","@id":"https:\/\/garden-label.pl\/sklep\/produkt\/drukarka-termiczna-termotransferowa-tsc-ttp-346mt-uzywana\/#primaryimage","url":"https:\/\/garden-label.pl\/sklep\/wp-content\/uploads\/2025\/10\/88222ac7dbf507583e8b451a5b0da83f-2.jpg","contentUrl":"https:\/\/garden-label.pl\/sklep\/wp-content\/uploads\/2025\/10\/88222ac7dbf507583e8b451a5b0da83f-2.jpg","width":609,"height":568,"caption":"7a217466cccaa7b18fb40470042db1f9"},{"@type":"BreadcrumbList","@id":"https:\/\/garden-label.pl\/sklep\/produkt\/drukarka-termiczna-termotransferowa-tsc-ttp-346mt-uzywana\/#breadcrumb","itemListElement":[{"@type":"ListItem","position":1,"name":"Strona g\u0142\u00f3wna","item":"https:\/\/garden-label.pl\/sklep\/"},{"@type":"ListItem","position":2,"name":"Home","item":"https:\/\/garden-label.pl\/sklep\/"},{"@type":"ListItem","position":3,"name":"DRUKARKA TERMICZNA TERMOTRANSFEROWA TSC TTP-346MT &#8211; u\u017cywana"}]},{"@type":"WebSite","@id":"https:\/\/garden-label.pl\/sklep\/#website","url":"https:\/\/garden-label.pl\/sklep\/","name":"Sklep Garden-Label: etykiety dla ogrodnictwa, drukarki, oprogramowanie","description":"ETYKIETY OGRODNICZE INFORMATYZACJA SZK\u00d3\u0141EK PASZPORTY RO\u015aLIN SKLEPY INTERNETOWE","publisher":{"@id":"https:\/\/garden-label.pl\/sklep\/#organization"},"potentialAction":[{"@type":"SearchAction","target":{"@type":"EntryPoint","urlTemplate":"https:\/\/garden-label.pl\/sklep\/?s={search_term_string}"},"query-input":{"@type":"PropertyValueSpecification","valueRequired":true,"valueName":"search_term_string"}}],"inLanguage":"pl-PL"},{"@type":"Organization","@id":"https:\/\/garden-label.pl\/sklep\/#organization","name":"Sklep Garden-Label: etykiety dla ogrodnictwa, drukarki, oprogramowanie","url":"https:\/\/garden-label.pl\/sklep\/","logo":{"@type":"ImageObject","inLanguage":"pl-PL","@id":"https:\/\/garden-label.pl\/sklep\/#\/schema\/logo\/image\/","url":"https:\/\/garden-label.pl\/sklep\/wp-content\/uploads\/2024\/01\/GardenLabel-pastelowe.png","contentUrl":"https:\/\/garden-label.pl\/sklep\/wp-content\/uploads\/2024\/01\/GardenLabel-pastelowe.png","width":2566,"height":1054,"caption":"Sklep Garden-Label: etykiety dla ogrodnictwa, drukarki, oprogramowanie"},"image":{"@id":"https:\/\/garden-label.pl\/sklep\/#\/schema\/logo\/image\/"},"sameAs":["https:\/\/www.facebook.com\/gardenlabelpl"]}]},"product_price_amount":"2706.00","product_price_currency":"PLN","og_availability":"out of stock","product_availability":"out of stock","product_retailer_item_id":"TSC TTP-346MT","product_condition":"new"},"_links":{"self":[{"href":"https:\/\/garden-label.pl\/sklep\/wp-json\/wp\/v2\/product\/29379","targetHints":{"allow":["GET"]}}],"collection":[{"href":"https:\/\/garden-label.pl\/sklep\/wp-json\/wp\/v2\/product"}],"about":[{"href":"https:\/\/garden-label.pl\/sklep\/wp-json\/wp\/v2\/types\/product"}],"replies":[{"embeddable":true,"href":"https:\/\/garden-label.pl\/sklep\/wp-json\/wp\/v2\/comments?post=29379"}],"version-history":[{"count":1,"href":"https:\/\/garden-label.pl\/sklep\/wp-json\/wp\/v2\/product\/29379\/revisions"}],"predecessor-version":[{"id":108865,"href":"https:\/\/garden-label.pl\/sklep\/wp-json\/wp\/v2\/product\/29379\/revisions\/108865"}],"wp:featuredmedia":[{"embeddable":true,"href":"https:\/\/garden-label.pl\/sklep\/wp-json\/wp\/v2\/media\/87038"}],"wp:attachment":[{"href":"https:\/\/garden-label.pl\/sklep\/wp-json\/wp\/v2\/media?parent=29379"}],"wp:term":[{"taxonomy":"product_brand","embeddable":true,"href":"https:\/\/garden-label.pl\/sklep\/wp-json\/wp\/v2\/product_brand?post=29379"},{"taxonomy":"product_cat","embeddable":true,"href":"https:\/\/garden-label.pl\/sklep\/wp-json\/wp\/v2\/product_cat?post=29379"},{"taxonomy":"product_tag","embeddable":true,"href":"https:\/\/garden-label.pl\/sklep\/wp-json\/wp\/v2\/product_tag?post=29379"}],"curies":[{"name":"wp","href":"https:\/\/api.w.org\/{rel}","templated":true}]}}