{"id":29200,"date":"2025-04-04T14:04:47","date_gmt":"2025-04-04T12:04:47","guid":{"rendered":"https:\/\/garden-label.pl\/sklep\/produkt\/tsc-mb240t-200-dpi-industrial-dedykowana-do-etykiet-garden-label-uzywana\/"},"modified":"2026-04-13T10:34:21","modified_gmt":"2026-04-13T08:34:21","slug":"tsc-mb240t-200-dpi-industrial-dedykowana-do-etykiet-garden-label-uzywana","status":"publish","type":"product","link":"https:\/\/garden-label.pl\/sklep\/produkt\/tsc-mb240t-200-dpi-industrial-dedykowana-do-etykiet-garden-label-uzywana\/","title":{"rendered":"TSC MB240T,  (200 dpi) INDUSTRIAL, dedykowana do etykiet Garden-Label &#8211; u\u017cywana"},"content":{"rendered":"<p>Stan techniczny idealny &#8211; przebieg 3000 m (porysowana obudowa)<br \/>\nDrukarka etykiet TSC MB240T to zaawansowane, przemys\u0142owe urz\u0105dzenie zaprojektowane z my\u015bl\u0105 o intensywnym u\u017cytkowaniu. Oferuje wysok\u0105 jako\u015b\u0107 wydruku na poziomie 200 dpi, co sprawia, \u017ce idealnie nadaje si\u0119 do produkcji etykiet, w tym specjalistycznych etykiet Garden-Label. Wyposa\u017cona w technologi\u0119 TSPL-EZD, drukarka zapewnia niezawodno\u015b\u0107 i efektywno\u015b\u0107, co czyni j\u0105 doskona\u0142ym rozwi\u0105zaniem dla firm poszukuj\u0105cych wszechstronnego narz\u0119dzia do etykietowania i zarz\u0105dzania dokumentacj\u0105.<\/p>\n<p>TSC MB240T obs\u0142uguje r\u00f3\u017cnorodne rodzaje etykiet, w tym ci\u0105g\u0142e, die-cut oraz fan-fold, co pozwala na elastyczne dostosowanie do potrzeb u\u017cytkownika. Dzi\u0119ki maksymalnej pr\u0119dko\u015bci druku wynosz\u0105cej a\u017c 9 cali na sekund\u0119 (228,6 mm\/s) oraz szeroko\u015bci druku do 4,16 cala (105,7 mm), proces tworzenia etykiet jest szybki i wydajny. Urz\u0105dzenie charakteryzuje si\u0119 solidn\u0105 konstrukcj\u0105, w tym metalow\u0105 obudow\u0105 oraz du\u017cym, przezroczystym oknem na media, co u\u0142atwia monitorowanie poziomu etykiet.<\/p>\n<p>Dodatkowe funkcje, takie jak mo\u017cliwo\u015b\u0107 pod\u0142\u0105czenia przez Ethernet, USB czy Bluetooth, umo\u017cliwiaj\u0105 \u0142atw\u0105 integracj\u0119 z istniej\u0105cymi systemami. System zarz\u0105dzania drukark\u0105, TSC Console, wspiera u\u017cytkownik\u00f3w w pe\u0142nej konfiguracji i zarz\u0105dzaniu urz\u0105dzeniem. <\/p>\n<p>Czas realizacji zam\u00f3wienia wynosi do 7 dni roboczych, a wysy\u0142ka jest zgodna z logistyk\u0105 klasy 3, co zapewnia szybkie i bezpieczne dostarczenie produktu. Dla wszelkich pyta\u0144 prosimy o kontakt z producentem pod adresem biuro@anetpol.pl lub pod wskazanym adresem: ul. Sportowa 4c, 43-512 Bestwinka. Wi\u0119cej informacji oraz zasady bezpiecze\u0144stwa mo\u017cna znale\u017a\u0107 pod linkiem: https:\/\/garden-label.pl\/. <\/p>\n<p>producent\/przedstawiciel\/informacje o bezpiecze\u0144stwie: https:\/\/anetpol.pl\/regulamin-sklepu-internetowego\/<br \/>biuro@anetpol.pl<\/p>\n","protected":false},"excerpt":{"rendered":"<p>Drukarka etykiet TSC MB240T to doskona\u0142y wyb\u00f3r dla przedsi\u0119biorstw, kt\u00f3re oczekuj\u0105 niezawodnego i wydajnego rozwi\u0105zania do profesjonalnego etykietowania. Dzi\u0119ki swojej solidnej budowie oraz przemy\u015blanej konstrukcji,&#8230; <a href=\"https:\/\/garden-label.pl\/sklep\/produkt\/tsc-mb240t-200-dpi-industrial-dedykowana-do-etykiet-garden-label-uzywana\/\">wi\u0119cej<\/a><\/p>\n","protected":false},"featured_media":87031,"comment_status":"open","ping_status":"closed","template":"","meta":[],"product_brand":[1064],"product_cat":[1084,1104,1103,15],"product_tag":[1082,902,1083,919],"class_list":{"0":"post-29200","1":"product","2":"type-product","3":"status-publish","4":"has-post-thumbnail","6":"product_brand-tsc-https-emea-tscprinters-com-en","7":"product_cat-dom-i-ogrod","8":"product_cat-drukarki-dedykowane","9":"product_cat-pozostale-akcesoria","10":"product_cat-sklep","11":"product_tag-anetpol","12":"product_tag-garden-label","13":"product_tag-supermerchant","14":"product_tag-wydruki","15":"sales-flash-overlay","16":"woocommerce-text-align-left","17":"woocommerce-image-align-center","18":"do-quantity-buttons","19":"wc-has-gallery","21":"first","22":"outofstock","23":"taxable","24":"shipping-taxable","25":"purchasable","26":"product-type-simple"},"yoast_head":"<!-- This site is optimized with the Yoast SEO Premium plugin v26.3 (Yoast SEO v27.4) - https:\/\/yoast.com\/product\/yoast-seo-premium-wordpress\/ -->\n<title>TSC MB240T, (200 dpi) INDUSTRIAL, dedykowana do etykiet Garden-Label - u\u017cywana - Sklep Garden-Label: etykiety dla ogrodnictwa<\/title>\n<meta name=\"robots\" content=\"index, follow, max-snippet:-1, max-image-preview:large, max-video-preview:-1\" \/>\n<link rel=\"canonical\" href=\"https:\/\/garden-label.pl\/sklep\/produkt\/tsc-mb240t-200-dpi-industrial-dedykowana-do-etykiet-garden-label-uzywana\/\" \/>\n<meta property=\"og:locale\" content=\"pl_PL\" \/>\n<meta property=\"og:type\" content=\"article\" \/>\n<meta property=\"og:title\" content=\"TSC MB240T, (200 dpi) INDUSTRIAL, dedykowana do etykiet Garden-Label - u\u017cywana\" \/>\n<meta property=\"og:description\" content=\"Drukarka etykiet TSC MB240T to doskona\u0142y wyb\u00f3r dla przedsi\u0119biorstw, kt\u00f3re oczekuj\u0105 niezawodnego i wydajnego rozwi\u0105zania do profesjonalnego etykietowania. Dzi\u0119ki swojej solidnej budowie oraz przemy\u015blanej konstrukcji,... wi\u0119cej\" \/>\n<meta property=\"og:url\" content=\"https:\/\/garden-label.pl\/sklep\/produkt\/tsc-mb240t-200-dpi-industrial-dedykowana-do-etykiet-garden-label-uzywana\/\" \/>\n<meta property=\"og:site_name\" content=\"Sklep Garden-Label: etykiety dla ogrodnictwa\" \/>\n<meta property=\"article:publisher\" content=\"https:\/\/www.facebook.com\/gardenlabelpl\" \/>\n<meta property=\"article:modified_time\" content=\"2026-04-13T08:34:21+00:00\" \/>\n<meta property=\"og:image\" content=\"https:\/\/garden-label.pl\/sklep\/wp-content\/uploads\/2025\/04\/4f66bde25100d5f3bea5aebacb00743f-2.png\" \/>\n\t<meta property=\"og:image:width\" content=\"400\" \/>\n\t<meta property=\"og:image:height\" content=\"400\" \/>\n\t<meta property=\"og:image:type\" content=\"image\/png\" \/>\n<meta name=\"twitter:card\" content=\"summary_large_image\" \/>\n<meta name=\"twitter:label1\" content=\"Cena\" \/>\n\t<meta name=\"twitter:data1\" content=\"1499,00&nbsp;&#122;&#322;\" \/>\n\t<meta name=\"twitter:label2\" content=\"Dost\u0119pno\u015b\u0107\" \/>\n\t<meta name=\"twitter:data2\" content=\"Brak w magazynie\" \/>\n<script type=\"application\/ld+json\" class=\"yoast-schema-graph\">{\"@context\":\"https:\\\/\\\/schema.org\",\"@graph\":[{\"@type\":\"WebPage\",\"@id\":\"https:\\\/\\\/garden-label.pl\\\/sklep\\\/produkt\\\/tsc-mb240t-200-dpi-industrial-dedykowana-do-etykiet-garden-label-uzywana\\\/\",\"url\":\"https:\\\/\\\/garden-label.pl\\\/sklep\\\/produkt\\\/tsc-mb240t-200-dpi-industrial-dedykowana-do-etykiet-garden-label-uzywana\\\/\",\"name\":\"TSC MB240T, (200 dpi) INDUSTRIAL, dedykowana do etykiet Garden-Label - u\u017cywana - Sklep Garden-Label: etykiety dla ogrodnictwa\",\"isPartOf\":{\"@id\":\"https:\\\/\\\/garden-label.pl\\\/sklep\\\/#website\"},\"primaryImageOfPage\":{\"@id\":\"https:\\\/\\\/garden-label.pl\\\/sklep\\\/produkt\\\/tsc-mb240t-200-dpi-industrial-dedykowana-do-etykiet-garden-label-uzywana\\\/#primaryimage\"},\"image\":{\"@id\":\"https:\\\/\\\/garden-label.pl\\\/sklep\\\/produkt\\\/tsc-mb240t-200-dpi-industrial-dedykowana-do-etykiet-garden-label-uzywana\\\/#primaryimage\"},\"thumbnailUrl\":\"https:\\\/\\\/garden-label.pl\\\/sklep\\\/wp-content\\\/uploads\\\/2025\\\/10\\\/4f66bde25100d5f3bea5aebacb00743f.png\",\"datePublished\":\"2025-04-04T12:04:47+00:00\",\"dateModified\":\"2026-04-13T08:34:21+00:00\",\"breadcrumb\":{\"@id\":\"https:\\\/\\\/garden-label.pl\\\/sklep\\\/produkt\\\/tsc-mb240t-200-dpi-industrial-dedykowana-do-etykiet-garden-label-uzywana\\\/#breadcrumb\"},\"inLanguage\":\"pl-PL\",\"potentialAction\":[{\"@type\":\"ReadAction\",\"target\":[\"https:\\\/\\\/garden-label.pl\\\/sklep\\\/produkt\\\/tsc-mb240t-200-dpi-industrial-dedykowana-do-etykiet-garden-label-uzywana\\\/\"]}]},{\"@type\":\"ImageObject\",\"inLanguage\":\"pl-PL\",\"@id\":\"https:\\\/\\\/garden-label.pl\\\/sklep\\\/produkt\\\/tsc-mb240t-200-dpi-industrial-dedykowana-do-etykiet-garden-label-uzywana\\\/#primaryimage\",\"url\":\"https:\\\/\\\/garden-label.pl\\\/sklep\\\/wp-content\\\/uploads\\\/2025\\\/10\\\/4f66bde25100d5f3bea5aebacb00743f.png\",\"contentUrl\":\"https:\\\/\\\/garden-label.pl\\\/sklep\\\/wp-content\\\/uploads\\\/2025\\\/10\\\/4f66bde25100d5f3bea5aebacb00743f.png\",\"width\":400,\"height\":400,\"caption\":\"6bc80ef6ddddcc303e8b64d243cc6433\"},{\"@type\":\"BreadcrumbList\",\"@id\":\"https:\\\/\\\/garden-label.pl\\\/sklep\\\/produkt\\\/tsc-mb240t-200-dpi-industrial-dedykowana-do-etykiet-garden-label-uzywana\\\/#breadcrumb\",\"itemListElement\":[{\"@type\":\"ListItem\",\"position\":1,\"name\":\"Strona g\u0142\u00f3wna\",\"item\":\"https:\\\/\\\/garden-label.pl\\\/sklep\\\/\"},{\"@type\":\"ListItem\",\"position\":2,\"name\":\"Home\",\"item\":\"https:\\\/\\\/garden-label.pl\\\/sklep\\\/\"},{\"@type\":\"ListItem\",\"position\":3,\"name\":\"TSC MB240T, (200 dpi) INDUSTRIAL, dedykowana do etykiet Garden-Label &#8211; u\u017cywana\"}]},{\"@type\":\"WebSite\",\"@id\":\"https:\\\/\\\/garden-label.pl\\\/sklep\\\/#website\",\"url\":\"https:\\\/\\\/garden-label.pl\\\/sklep\\\/\",\"name\":\"Sklep Garden-Label: etykiety dla ogrodnictwa, drukarki, oprogramowanie\",\"description\":\"ETYKIETY OGRODNICZE INFORMATYZACJA SZK\u00d3\u0141EK PASZPORTY RO\u015aLIN SKLEPY INTERNETOWE\",\"publisher\":{\"@id\":\"https:\\\/\\\/garden-label.pl\\\/sklep\\\/#organization\"},\"potentialAction\":[{\"@type\":\"SearchAction\",\"target\":{\"@type\":\"EntryPoint\",\"urlTemplate\":\"https:\\\/\\\/garden-label.pl\\\/sklep\\\/?s={search_term_string}\"},\"query-input\":{\"@type\":\"PropertyValueSpecification\",\"valueRequired\":true,\"valueName\":\"search_term_string\"}}],\"inLanguage\":\"pl-PL\"},{\"@type\":\"Organization\",\"@id\":\"https:\\\/\\\/garden-label.pl\\\/sklep\\\/#organization\",\"name\":\"Sklep Garden-Label: etykiety dla ogrodnictwa, drukarki, oprogramowanie\",\"url\":\"https:\\\/\\\/garden-label.pl\\\/sklep\\\/\",\"logo\":{\"@type\":\"ImageObject\",\"inLanguage\":\"pl-PL\",\"@id\":\"https:\\\/\\\/garden-label.pl\\\/sklep\\\/#\\\/schema\\\/logo\\\/image\\\/\",\"url\":\"https:\\\/\\\/garden-label.pl\\\/sklep\\\/wp-content\\\/uploads\\\/2024\\\/01\\\/GardenLabel-pastelowe.png\",\"contentUrl\":\"https:\\\/\\\/garden-label.pl\\\/sklep\\\/wp-content\\\/uploads\\\/2024\\\/01\\\/GardenLabel-pastelowe.png\",\"width\":2566,\"height\":1054,\"caption\":\"Sklep Garden-Label: etykiety dla ogrodnictwa, drukarki, oprogramowanie\"},\"image\":{\"@id\":\"https:\\\/\\\/garden-label.pl\\\/sklep\\\/#\\\/schema\\\/logo\\\/image\\\/\"},\"sameAs\":[\"https:\\\/\\\/www.facebook.com\\\/gardenlabelpl\"]}]}<\/script>\n<meta property=\"product:price:amount\" content=\"1499.00\" \/>\n<meta property=\"product:price:currency\" content=\"PLN\" \/>\n<meta property=\"og:availability\" content=\"out of stock\" \/>\n<meta property=\"product:availability\" content=\"out of stock\" \/>\n<meta property=\"product:retailer_item_id\" content=\"TSC MB 240T - u\u017cywana\" \/>\n<meta property=\"product:condition\" content=\"new\" \/>\n<!-- \/ Yoast SEO Premium plugin. -->","yoast_head_json":{"title":"TSC MB240T, (200 dpi) INDUSTRIAL, dedykowana do etykiet Garden-Label - u\u017cywana - Sklep Garden-Label: etykiety dla ogrodnictwa","robots":{"index":"index","follow":"follow","max-snippet":"max-snippet:-1","max-image-preview":"max-image-preview:large","max-video-preview":"max-video-preview:-1"},"canonical":"https:\/\/garden-label.pl\/sklep\/produkt\/tsc-mb240t-200-dpi-industrial-dedykowana-do-etykiet-garden-label-uzywana\/","og_locale":"pl_PL","og_type":"article","og_title":"TSC MB240T, (200 dpi) INDUSTRIAL, dedykowana do etykiet Garden-Label - u\u017cywana","og_description":"Drukarka etykiet TSC MB240T to doskona\u0142y wyb\u00f3r dla przedsi\u0119biorstw, kt\u00f3re oczekuj\u0105 niezawodnego i wydajnego rozwi\u0105zania do profesjonalnego etykietowania. Dzi\u0119ki swojej solidnej budowie oraz przemy\u015blanej konstrukcji,... wi\u0119cej","og_url":"https:\/\/garden-label.pl\/sklep\/produkt\/tsc-mb240t-200-dpi-industrial-dedykowana-do-etykiet-garden-label-uzywana\/","og_site_name":"Sklep Garden-Label: etykiety dla ogrodnictwa","article_publisher":"https:\/\/www.facebook.com\/gardenlabelpl","article_modified_time":"2026-04-13T08:34:21+00:00","og_image":[{"width":400,"height":400,"url":"https:\/\/garden-label.pl\/sklep\/wp-content\/uploads\/2025\/04\/4f66bde25100d5f3bea5aebacb00743f-2.png","type":"image\/png"}],"twitter_card":"summary_large_image","twitter_misc":{"Cena":"1499,00&nbsp;&#122;&#322;","Dost\u0119pno\u015b\u0107":"Brak w magazynie"},"schema":{"@context":"https:\/\/schema.org","@graph":[{"@type":"WebPage","@id":"https:\/\/garden-label.pl\/sklep\/produkt\/tsc-mb240t-200-dpi-industrial-dedykowana-do-etykiet-garden-label-uzywana\/","url":"https:\/\/garden-label.pl\/sklep\/produkt\/tsc-mb240t-200-dpi-industrial-dedykowana-do-etykiet-garden-label-uzywana\/","name":"TSC MB240T, (200 dpi) INDUSTRIAL, dedykowana do etykiet Garden-Label - u\u017cywana - Sklep Garden-Label: etykiety dla ogrodnictwa","isPartOf":{"@id":"https:\/\/garden-label.pl\/sklep\/#website"},"primaryImageOfPage":{"@id":"https:\/\/garden-label.pl\/sklep\/produkt\/tsc-mb240t-200-dpi-industrial-dedykowana-do-etykiet-garden-label-uzywana\/#primaryimage"},"image":{"@id":"https:\/\/garden-label.pl\/sklep\/produkt\/tsc-mb240t-200-dpi-industrial-dedykowana-do-etykiet-garden-label-uzywana\/#primaryimage"},"thumbnailUrl":"https:\/\/garden-label.pl\/sklep\/wp-content\/uploads\/2025\/10\/4f66bde25100d5f3bea5aebacb00743f.png","datePublished":"2025-04-04T12:04:47+00:00","dateModified":"2026-04-13T08:34:21+00:00","breadcrumb":{"@id":"https:\/\/garden-label.pl\/sklep\/produkt\/tsc-mb240t-200-dpi-industrial-dedykowana-do-etykiet-garden-label-uzywana\/#breadcrumb"},"inLanguage":"pl-PL","potentialAction":[{"@type":"ReadAction","target":["https:\/\/garden-label.pl\/sklep\/produkt\/tsc-mb240t-200-dpi-industrial-dedykowana-do-etykiet-garden-label-uzywana\/"]}]},{"@type":"ImageObject","inLanguage":"pl-PL","@id":"https:\/\/garden-label.pl\/sklep\/produkt\/tsc-mb240t-200-dpi-industrial-dedykowana-do-etykiet-garden-label-uzywana\/#primaryimage","url":"https:\/\/garden-label.pl\/sklep\/wp-content\/uploads\/2025\/10\/4f66bde25100d5f3bea5aebacb00743f.png","contentUrl":"https:\/\/garden-label.pl\/sklep\/wp-content\/uploads\/2025\/10\/4f66bde25100d5f3bea5aebacb00743f.png","width":400,"height":400,"caption":"6bc80ef6ddddcc303e8b64d243cc6433"},{"@type":"BreadcrumbList","@id":"https:\/\/garden-label.pl\/sklep\/produkt\/tsc-mb240t-200-dpi-industrial-dedykowana-do-etykiet-garden-label-uzywana\/#breadcrumb","itemListElement":[{"@type":"ListItem","position":1,"name":"Strona g\u0142\u00f3wna","item":"https:\/\/garden-label.pl\/sklep\/"},{"@type":"ListItem","position":2,"name":"Home","item":"https:\/\/garden-label.pl\/sklep\/"},{"@type":"ListItem","position":3,"name":"TSC MB240T, (200 dpi) INDUSTRIAL, dedykowana do etykiet Garden-Label &#8211; u\u017cywana"}]},{"@type":"WebSite","@id":"https:\/\/garden-label.pl\/sklep\/#website","url":"https:\/\/garden-label.pl\/sklep\/","name":"Sklep Garden-Label: etykiety dla ogrodnictwa, drukarki, oprogramowanie","description":"ETYKIETY OGRODNICZE INFORMATYZACJA SZK\u00d3\u0141EK PASZPORTY RO\u015aLIN SKLEPY INTERNETOWE","publisher":{"@id":"https:\/\/garden-label.pl\/sklep\/#organization"},"potentialAction":[{"@type":"SearchAction","target":{"@type":"EntryPoint","urlTemplate":"https:\/\/garden-label.pl\/sklep\/?s={search_term_string}"},"query-input":{"@type":"PropertyValueSpecification","valueRequired":true,"valueName":"search_term_string"}}],"inLanguage":"pl-PL"},{"@type":"Organization","@id":"https:\/\/garden-label.pl\/sklep\/#organization","name":"Sklep Garden-Label: etykiety dla ogrodnictwa, drukarki, oprogramowanie","url":"https:\/\/garden-label.pl\/sklep\/","logo":{"@type":"ImageObject","inLanguage":"pl-PL","@id":"https:\/\/garden-label.pl\/sklep\/#\/schema\/logo\/image\/","url":"https:\/\/garden-label.pl\/sklep\/wp-content\/uploads\/2024\/01\/GardenLabel-pastelowe.png","contentUrl":"https:\/\/garden-label.pl\/sklep\/wp-content\/uploads\/2024\/01\/GardenLabel-pastelowe.png","width":2566,"height":1054,"caption":"Sklep Garden-Label: etykiety dla ogrodnictwa, drukarki, oprogramowanie"},"image":{"@id":"https:\/\/garden-label.pl\/sklep\/#\/schema\/logo\/image\/"},"sameAs":["https:\/\/www.facebook.com\/gardenlabelpl"]}]},"product_price_amount":"1499.00","product_price_currency":"PLN","og_availability":"out of stock","product_availability":"out of stock","product_retailer_item_id":"TSC MB 240T - u\u017cywana","product_condition":"new"},"_links":{"self":[{"href":"https:\/\/garden-label.pl\/sklep\/wp-json\/wp\/v2\/product\/29200","targetHints":{"allow":["GET"]}}],"collection":[{"href":"https:\/\/garden-label.pl\/sklep\/wp-json\/wp\/v2\/product"}],"about":[{"href":"https:\/\/garden-label.pl\/sklep\/wp-json\/wp\/v2\/types\/product"}],"replies":[{"embeddable":true,"href":"https:\/\/garden-label.pl\/sklep\/wp-json\/wp\/v2\/comments?post=29200"}],"version-history":[{"count":0,"href":"https:\/\/garden-label.pl\/sklep\/wp-json\/wp\/v2\/product\/29200\/revisions"}],"wp:featuredmedia":[{"embeddable":true,"href":"https:\/\/garden-label.pl\/sklep\/wp-json\/wp\/v2\/media\/87031"}],"wp:attachment":[{"href":"https:\/\/garden-label.pl\/sklep\/wp-json\/wp\/v2\/media?parent=29200"}],"wp:term":[{"taxonomy":"product_brand","embeddable":true,"href":"https:\/\/garden-label.pl\/sklep\/wp-json\/wp\/v2\/product_brand?post=29200"},{"taxonomy":"product_cat","embeddable":true,"href":"https:\/\/garden-label.pl\/sklep\/wp-json\/wp\/v2\/product_cat?post=29200"},{"taxonomy":"product_tag","embeddable":true,"href":"https:\/\/garden-label.pl\/sklep\/wp-json\/wp\/v2\/product_tag?post=29200"}],"curies":[{"name":"wp","href":"https:\/\/api.w.org\/{rel}","templated":true}]}}