{"id":26180,"date":"2025-01-25T09:56:33","date_gmt":"2025-01-25T08:56:33","guid":{"rendered":"https:\/\/garden-label.pl\/sklep\/produkt\/tasma-kalka-termotransferowa-ttr-wosk-zywica-wax-resin-110-mm-x-150-m\/"},"modified":"2026-04-09T08:15:04","modified_gmt":"2026-04-09T06:15:04","slug":"tasma-kalka-termotransferowa-ttr-wosk-zywica-wax-resin-110-mm-x-150-m","status":"publish","type":"product","link":"https:\/\/garden-label.pl\/sklep\/produkt\/tasma-kalka-termotransferowa-ttr-wosk-zywica-wax-resin-110-mm-x-150-m\/","title":{"rendered":"Ta\u015bma\/Kalka termotransferowa TTR wosk-\u017cywica (WAX-RESIN)(110mm x 150m)"},"content":{"rendered":"<p>Ta\u015bma termotransferowa TTR wosk-\u017cywica (WAX-RESIN) o szeroko\u015bci 110 mm i d\u0142ugo\u015bci 150 m to produkt premium, kt\u00f3ry doskonale sprawdzi si\u0119 w wymagaj\u0105cych warunkach drukowania. Przeznaczona g\u0142\u00f3wnie do aplikacji na materia\u0142ach syntetycznych oraz papierze syntetycznym i powlekanego, oferuje wyj\u0105tkow\u0105 jako\u015b\u0107 i wyrazisto\u015b\u0107 wydruku. Cechuje si\u0119 znaczn\u0105 odporno\u015bci\u0105 na \u015bcieranie w por\u00f3wnaniu do tradycyjnych ta\u015bm woskowych, co przek\u0142ada si\u0119 na d\u0142ugotrwa\u0142o\u015b\u0107 i trwa\u0142o\u015b\u0107 nadruk\u00f3w.<\/p>\n<p>Ta ta\u015bma, w kolorze czarnym, zosta\u0142a zaprojektowana z my\u015bl\u0105 o precyzyjnym odwzorowaniu tekstu, cyfr, kod\u00f3w kreskowych oraz grafik, co czyni j\u0105 idealnym wyborem dla firm zajmuj\u0105cych si\u0119 etykietowaniem i identyfikacj\u0105 produkt\u00f3w. Dodatkowo, produkt jest odporny na promieniowanie UV oraz ekstremalne zmiany temperatury, co zapewnia jego funkcjonalno\u015b\u0107 w r\u00f3\u017cnorodnych warunkach.<\/p>\n<p>Ta\u015bma TTR wosk-\u017cywica jest kompatybilna z r\u00f3\u017cnymi rodzajami etykiet termotransferowych, w tym foliowymi, p\u0119tlowymi oraz samoprzylepnymi, co sprawia, \u017ce jest wszechstronnym rozwi\u0105zaniem dla zakresu aplikacji. Produkt jest dostarczany w oryginalnym opakowaniu, a jego waga wynosi 0,5 kg. Gwarantujemy 24-miesi\u0119czn\u0105 r\u0119kojmi\u0119, co dodatkowo podkre\u015bla jako\u015b\u0107 oferowanego rozwi\u0105zania. Czas realizacji zam\u00f3wienia wynosi zaledwie 1 dzie\u0144 roboczy, co czyni go idealnym wyborem dla szybko zmieniaj\u0105cych si\u0119 potrzeb rynku. <\/p>\n<p>producent\/przedstawiciel\/informacje o bezpiecze\u0144stwie: https:\/\/anetpol.pl\/regulamin-sklepu-internetowego\/<br \/>biuro@anetpol.pl<\/p>\n","protected":false},"excerpt":{"rendered":"<p>Kalka termotransferowa TTR WAX-RESIN o wymiarach 110 mm x 150 m to idealne rozwi\u0105zanie dla profesjonalnych u\u017cytkownik\u00f3w poszukuj\u0105cych niezawodnego materia\u0142u do druku. Dzi\u0119ki swojej woskowo-\u017cywicznej&#8230; <a href=\"https:\/\/garden-label.pl\/sklep\/produkt\/tasma-kalka-termotransferowa-ttr-wosk-zywica-wax-resin-110-mm-x-150-m\/\">wi\u0119cej<\/a><\/p>\n","protected":false},"featured_media":81456,"comment_status":"open","ping_status":"closed","template":"","meta":[],"product_brand":[910],"product_cat":[1108,1107,1110,15],"product_tag":[1082,902,956,955,1083,919],"class_list":{"0":"post-26180","1":"product","2":"type-product","3":"status-publish","4":"has-post-thumbnail","6":"product_brand-garden-label-pl","7":"product_cat-czarne","8":"product_cat-kalki-tasmy-ttr","9":"product_cat-wosk-zywica","10":"product_cat-sklep","11":"product_tag-anetpol","12":"product_tag-garden-label","13":"product_tag-gilza-1-cal","14":"product_tag-kalki-tasmy-ttr","15":"product_tag-supermerchant","16":"product_tag-wydruki","17":"sales-flash-overlay","18":"woocommerce-text-align-left","19":"woocommerce-image-align-center","20":"do-quantity-buttons","21":"wc-has-gallery","23":"first","24":"instock","25":"taxable","26":"shipping-taxable","27":"purchasable","28":"product-type-simple"},"yoast_head":"<!-- This site is optimized with the Yoast SEO Premium plugin v26.3 (Yoast SEO v27.3) - https:\/\/yoast.com\/product\/yoast-seo-premium-wordpress\/ -->\n<title>Ta\u015bma\/Kalka termotransferowa TTR wosk-\u017cywica (WAX-RESIN)(110mm x 150m) - Sklep Garden-Label: etykiety dla ogrodnictwa<\/title>\n<meta name=\"robots\" content=\"index, follow, max-snippet:-1, max-image-preview:large, max-video-preview:-1\" \/>\n<link rel=\"canonical\" href=\"https:\/\/garden-label.pl\/sklep\/produkt\/tasma-kalka-termotransferowa-ttr-wosk-zywica-wax-resin-110-mm-x-150-m\/\" \/>\n<meta property=\"og:locale\" content=\"pl_PL\" \/>\n<meta property=\"og:type\" content=\"article\" \/>\n<meta property=\"og:title\" content=\"Ta\u015bma\/Kalka termotransferowa TTR wosk-\u017cywica (WAX-RESIN)(110mm x 150m)\" \/>\n<meta property=\"og:description\" content=\"Kalka termotransferowa TTR WAX-RESIN o wymiarach 110 mm x 150 m to idealne rozwi\u0105zanie dla profesjonalnych u\u017cytkownik\u00f3w poszukuj\u0105cych niezawodnego materia\u0142u do druku. Dzi\u0119ki swojej woskowo-\u017cywicznej... wi\u0119cej\" \/>\n<meta property=\"og:url\" content=\"https:\/\/garden-label.pl\/sklep\/produkt\/tasma-kalka-termotransferowa-ttr-wosk-zywica-wax-resin-110-mm-x-150-m\/\" \/>\n<meta property=\"og:site_name\" content=\"Sklep Garden-Label: etykiety dla ogrodnictwa\" \/>\n<meta property=\"article:publisher\" content=\"https:\/\/www.facebook.com\/gardenlabelpl\" \/>\n<meta property=\"article:modified_time\" content=\"2026-04-09T06:15:04+00:00\" \/>\n<meta property=\"og:image\" content=\"https:\/\/garden-label.pl\/sklep\/wp-content\/uploads\/2025\/10\/35985fbd7997d74e2f222c3b966bde60.jpg\" \/>\n\t<meta property=\"og:image:width\" content=\"478\" \/>\n\t<meta property=\"og:image:height\" content=\"404\" \/>\n\t<meta property=\"og:image:type\" content=\"image\/jpeg\" \/>\n<meta name=\"twitter:card\" content=\"summary_large_image\" \/>\n<meta name=\"twitter:label1\" content=\"Cena\" \/>\n\t<meta name=\"twitter:data1\" content=\"24,50&nbsp;&#122;&#322;\" \/>\n\t<meta name=\"twitter:label2\" content=\"Dost\u0119pno\u015b\u0107\" \/>\n\t<meta name=\"twitter:data2\" content=\"Dost\u0119pny\" \/>\n<script type=\"application\/ld+json\" class=\"yoast-schema-graph\">{\"@context\":\"https:\\\/\\\/schema.org\",\"@graph\":[{\"@type\":\"WebPage\",\"@id\":\"https:\\\/\\\/garden-label.pl\\\/sklep\\\/produkt\\\/tasma-kalka-termotransferowa-ttr-wosk-zywica-wax-resin-110-mm-x-150-m\\\/\",\"url\":\"https:\\\/\\\/garden-label.pl\\\/sklep\\\/produkt\\\/tasma-kalka-termotransferowa-ttr-wosk-zywica-wax-resin-110-mm-x-150-m\\\/\",\"name\":\"Ta\u015bma\\\/Kalka termotransferowa TTR wosk-\u017cywica (WAX-RESIN)(110mm x 150m) - Sklep Garden-Label: etykiety dla ogrodnictwa\",\"isPartOf\":{\"@id\":\"https:\\\/\\\/garden-label.pl\\\/sklep\\\/#website\"},\"primaryImageOfPage\":{\"@id\":\"https:\\\/\\\/garden-label.pl\\\/sklep\\\/produkt\\\/tasma-kalka-termotransferowa-ttr-wosk-zywica-wax-resin-110-mm-x-150-m\\\/#primaryimage\"},\"image\":{\"@id\":\"https:\\\/\\\/garden-label.pl\\\/sklep\\\/produkt\\\/tasma-kalka-termotransferowa-ttr-wosk-zywica-wax-resin-110-mm-x-150-m\\\/#primaryimage\"},\"thumbnailUrl\":\"https:\\\/\\\/garden-label.pl\\\/sklep\\\/wp-content\\\/uploads\\\/2025\\\/10\\\/35985fbd7997d74e2f222c3b966bde60.jpg\",\"datePublished\":\"2025-01-25T08:56:33+00:00\",\"dateModified\":\"2026-04-09T06:15:04+00:00\",\"breadcrumb\":{\"@id\":\"https:\\\/\\\/garden-label.pl\\\/sklep\\\/produkt\\\/tasma-kalka-termotransferowa-ttr-wosk-zywica-wax-resin-110-mm-x-150-m\\\/#breadcrumb\"},\"inLanguage\":\"pl-PL\",\"potentialAction\":[{\"@type\":\"ReadAction\",\"target\":[\"https:\\\/\\\/garden-label.pl\\\/sklep\\\/produkt\\\/tasma-kalka-termotransferowa-ttr-wosk-zywica-wax-resin-110-mm-x-150-m\\\/\"]}]},{\"@type\":\"ImageObject\",\"inLanguage\":\"pl-PL\",\"@id\":\"https:\\\/\\\/garden-label.pl\\\/sklep\\\/produkt\\\/tasma-kalka-termotransferowa-ttr-wosk-zywica-wax-resin-110-mm-x-150-m\\\/#primaryimage\",\"url\":\"https:\\\/\\\/garden-label.pl\\\/sklep\\\/wp-content\\\/uploads\\\/2025\\\/10\\\/35985fbd7997d74e2f222c3b966bde60.jpg\",\"contentUrl\":\"https:\\\/\\\/garden-label.pl\\\/sklep\\\/wp-content\\\/uploads\\\/2025\\\/10\\\/35985fbd7997d74e2f222c3b966bde60.jpg\",\"width\":478,\"height\":404,\"caption\":\"f4f3877d4d553ebf9ca7d4970107f888\"},{\"@type\":\"BreadcrumbList\",\"@id\":\"https:\\\/\\\/garden-label.pl\\\/sklep\\\/produkt\\\/tasma-kalka-termotransferowa-ttr-wosk-zywica-wax-resin-110-mm-x-150-m\\\/#breadcrumb\",\"itemListElement\":[{\"@type\":\"ListItem\",\"position\":1,\"name\":\"Strona g\u0142\u00f3wna\",\"item\":\"https:\\\/\\\/garden-label.pl\\\/sklep\\\/\"},{\"@type\":\"ListItem\",\"position\":2,\"name\":\"Home\",\"item\":\"https:\\\/\\\/garden-label.pl\\\/sklep\\\/\"},{\"@type\":\"ListItem\",\"position\":3,\"name\":\"Ta\u015bma\\\/Kalka termotransferowa TTR wosk-\u017cywica (WAX-RESIN)(110mm x 150m)\"}]},{\"@type\":\"WebSite\",\"@id\":\"https:\\\/\\\/garden-label.pl\\\/sklep\\\/#website\",\"url\":\"https:\\\/\\\/garden-label.pl\\\/sklep\\\/\",\"name\":\"Sklep Garden-Label: etykiety dla ogrodnictwa, drukarki, oprogramowanie\",\"description\":\"ETYKIETY OGRODNICZE INFORMATYZACJA SZK\u00d3\u0141EK PASZPORTY RO\u015aLIN SKLEPY INTERNETOWE\",\"publisher\":{\"@id\":\"https:\\\/\\\/garden-label.pl\\\/sklep\\\/#organization\"},\"potentialAction\":[{\"@type\":\"SearchAction\",\"target\":{\"@type\":\"EntryPoint\",\"urlTemplate\":\"https:\\\/\\\/garden-label.pl\\\/sklep\\\/?s={search_term_string}\"},\"query-input\":{\"@type\":\"PropertyValueSpecification\",\"valueRequired\":true,\"valueName\":\"search_term_string\"}}],\"inLanguage\":\"pl-PL\"},{\"@type\":\"Organization\",\"@id\":\"https:\\\/\\\/garden-label.pl\\\/sklep\\\/#organization\",\"name\":\"Sklep Garden-Label: etykiety dla ogrodnictwa, drukarki, oprogramowanie\",\"url\":\"https:\\\/\\\/garden-label.pl\\\/sklep\\\/\",\"logo\":{\"@type\":\"ImageObject\",\"inLanguage\":\"pl-PL\",\"@id\":\"https:\\\/\\\/garden-label.pl\\\/sklep\\\/#\\\/schema\\\/logo\\\/image\\\/\",\"url\":\"https:\\\/\\\/garden-label.pl\\\/sklep\\\/wp-content\\\/uploads\\\/2024\\\/01\\\/GardenLabel-pastelowe.png\",\"contentUrl\":\"https:\\\/\\\/garden-label.pl\\\/sklep\\\/wp-content\\\/uploads\\\/2024\\\/01\\\/GardenLabel-pastelowe.png\",\"width\":2566,\"height\":1054,\"caption\":\"Sklep Garden-Label: etykiety dla ogrodnictwa, drukarki, oprogramowanie\"},\"image\":{\"@id\":\"https:\\\/\\\/garden-label.pl\\\/sklep\\\/#\\\/schema\\\/logo\\\/image\\\/\"},\"sameAs\":[\"https:\\\/\\\/www.facebook.com\\\/gardenlabelpl\"]}]}<\/script>\n<meta property=\"product:brand\" content=\"Garden Label\" \/>\n<meta property=\"product:price:amount\" content=\"24.50\" \/>\n<meta property=\"product:price:currency\" content=\"PLN\" \/>\n<meta property=\"og:availability\" content=\"instock\" \/>\n<meta property=\"product:availability\" content=\"instock\" \/>\n<meta property=\"product:retailer_item_id\" content=\"5906792143183\" \/>\n<meta property=\"product:condition\" content=\"new\" \/>\n<!-- \/ Yoast SEO Premium plugin. -->","yoast_head_json":{"title":"Ta\u015bma\/Kalka termotransferowa TTR wosk-\u017cywica (WAX-RESIN)(110mm x 150m) - Sklep Garden-Label: etykiety dla ogrodnictwa","robots":{"index":"index","follow":"follow","max-snippet":"max-snippet:-1","max-image-preview":"max-image-preview:large","max-video-preview":"max-video-preview:-1"},"canonical":"https:\/\/garden-label.pl\/sklep\/produkt\/tasma-kalka-termotransferowa-ttr-wosk-zywica-wax-resin-110-mm-x-150-m\/","og_locale":"pl_PL","og_type":"article","og_title":"Ta\u015bma\/Kalka termotransferowa TTR wosk-\u017cywica (WAX-RESIN)(110mm x 150m)","og_description":"Kalka termotransferowa TTR WAX-RESIN o wymiarach 110 mm x 150 m to idealne rozwi\u0105zanie dla profesjonalnych u\u017cytkownik\u00f3w poszukuj\u0105cych niezawodnego materia\u0142u do druku. Dzi\u0119ki swojej woskowo-\u017cywicznej... wi\u0119cej","og_url":"https:\/\/garden-label.pl\/sklep\/produkt\/tasma-kalka-termotransferowa-ttr-wosk-zywica-wax-resin-110-mm-x-150-m\/","og_site_name":"Sklep Garden-Label: etykiety dla ogrodnictwa","article_publisher":"https:\/\/www.facebook.com\/gardenlabelpl","article_modified_time":"2026-04-09T06:15:04+00:00","og_image":[{"width":478,"height":404,"url":"https:\/\/garden-label.pl\/sklep\/wp-content\/uploads\/2025\/10\/35985fbd7997d74e2f222c3b966bde60.jpg","type":"image\/jpeg"}],"twitter_card":"summary_large_image","twitter_misc":{"Cena":"24,50&nbsp;&#122;&#322;","Dost\u0119pno\u015b\u0107":"Dost\u0119pny"},"schema":{"@context":"https:\/\/schema.org","@graph":[{"@type":"WebPage","@id":"https:\/\/garden-label.pl\/sklep\/produkt\/tasma-kalka-termotransferowa-ttr-wosk-zywica-wax-resin-110-mm-x-150-m\/","url":"https:\/\/garden-label.pl\/sklep\/produkt\/tasma-kalka-termotransferowa-ttr-wosk-zywica-wax-resin-110-mm-x-150-m\/","name":"Ta\u015bma\/Kalka termotransferowa TTR wosk-\u017cywica (WAX-RESIN)(110mm x 150m) - Sklep Garden-Label: etykiety dla ogrodnictwa","isPartOf":{"@id":"https:\/\/garden-label.pl\/sklep\/#website"},"primaryImageOfPage":{"@id":"https:\/\/garden-label.pl\/sklep\/produkt\/tasma-kalka-termotransferowa-ttr-wosk-zywica-wax-resin-110-mm-x-150-m\/#primaryimage"},"image":{"@id":"https:\/\/garden-label.pl\/sklep\/produkt\/tasma-kalka-termotransferowa-ttr-wosk-zywica-wax-resin-110-mm-x-150-m\/#primaryimage"},"thumbnailUrl":"https:\/\/garden-label.pl\/sklep\/wp-content\/uploads\/2025\/10\/35985fbd7997d74e2f222c3b966bde60.jpg","datePublished":"2025-01-25T08:56:33+00:00","dateModified":"2026-04-09T06:15:04+00:00","breadcrumb":{"@id":"https:\/\/garden-label.pl\/sklep\/produkt\/tasma-kalka-termotransferowa-ttr-wosk-zywica-wax-resin-110-mm-x-150-m\/#breadcrumb"},"inLanguage":"pl-PL","potentialAction":[{"@type":"ReadAction","target":["https:\/\/garden-label.pl\/sklep\/produkt\/tasma-kalka-termotransferowa-ttr-wosk-zywica-wax-resin-110-mm-x-150-m\/"]}]},{"@type":"ImageObject","inLanguage":"pl-PL","@id":"https:\/\/garden-label.pl\/sklep\/produkt\/tasma-kalka-termotransferowa-ttr-wosk-zywica-wax-resin-110-mm-x-150-m\/#primaryimage","url":"https:\/\/garden-label.pl\/sklep\/wp-content\/uploads\/2025\/10\/35985fbd7997d74e2f222c3b966bde60.jpg","contentUrl":"https:\/\/garden-label.pl\/sklep\/wp-content\/uploads\/2025\/10\/35985fbd7997d74e2f222c3b966bde60.jpg","width":478,"height":404,"caption":"f4f3877d4d553ebf9ca7d4970107f888"},{"@type":"BreadcrumbList","@id":"https:\/\/garden-label.pl\/sklep\/produkt\/tasma-kalka-termotransferowa-ttr-wosk-zywica-wax-resin-110-mm-x-150-m\/#breadcrumb","itemListElement":[{"@type":"ListItem","position":1,"name":"Strona g\u0142\u00f3wna","item":"https:\/\/garden-label.pl\/sklep\/"},{"@type":"ListItem","position":2,"name":"Home","item":"https:\/\/garden-label.pl\/sklep\/"},{"@type":"ListItem","position":3,"name":"Ta\u015bma\/Kalka termotransferowa TTR wosk-\u017cywica (WAX-RESIN)(110mm x 150m)"}]},{"@type":"WebSite","@id":"https:\/\/garden-label.pl\/sklep\/#website","url":"https:\/\/garden-label.pl\/sklep\/","name":"Sklep Garden-Label: etykiety dla ogrodnictwa, drukarki, oprogramowanie","description":"ETYKIETY OGRODNICZE INFORMATYZACJA SZK\u00d3\u0141EK PASZPORTY RO\u015aLIN SKLEPY INTERNETOWE","publisher":{"@id":"https:\/\/garden-label.pl\/sklep\/#organization"},"potentialAction":[{"@type":"SearchAction","target":{"@type":"EntryPoint","urlTemplate":"https:\/\/garden-label.pl\/sklep\/?s={search_term_string}"},"query-input":{"@type":"PropertyValueSpecification","valueRequired":true,"valueName":"search_term_string"}}],"inLanguage":"pl-PL"},{"@type":"Organization","@id":"https:\/\/garden-label.pl\/sklep\/#organization","name":"Sklep Garden-Label: etykiety dla ogrodnictwa, drukarki, oprogramowanie","url":"https:\/\/garden-label.pl\/sklep\/","logo":{"@type":"ImageObject","inLanguage":"pl-PL","@id":"https:\/\/garden-label.pl\/sklep\/#\/schema\/logo\/image\/","url":"https:\/\/garden-label.pl\/sklep\/wp-content\/uploads\/2024\/01\/GardenLabel-pastelowe.png","contentUrl":"https:\/\/garden-label.pl\/sklep\/wp-content\/uploads\/2024\/01\/GardenLabel-pastelowe.png","width":2566,"height":1054,"caption":"Sklep Garden-Label: etykiety dla ogrodnictwa, drukarki, oprogramowanie"},"image":{"@id":"https:\/\/garden-label.pl\/sklep\/#\/schema\/logo\/image\/"},"sameAs":["https:\/\/www.facebook.com\/gardenlabelpl"]}]},"product_brand":"Garden Label","product_price_amount":"24.50","product_price_currency":"PLN","og_availability":"instock","product_availability":"instock","product_retailer_item_id":"5906792143183","product_condition":"new"},"_links":{"self":[{"href":"https:\/\/garden-label.pl\/sklep\/wp-json\/wp\/v2\/product\/26180","targetHints":{"allow":["GET"]}}],"collection":[{"href":"https:\/\/garden-label.pl\/sklep\/wp-json\/wp\/v2\/product"}],"about":[{"href":"https:\/\/garden-label.pl\/sklep\/wp-json\/wp\/v2\/types\/product"}],"replies":[{"embeddable":true,"href":"https:\/\/garden-label.pl\/sklep\/wp-json\/wp\/v2\/comments?post=26180"}],"version-history":[{"count":1,"href":"https:\/\/garden-label.pl\/sklep\/wp-json\/wp\/v2\/product\/26180\/revisions"}],"predecessor-version":[{"id":100926,"href":"https:\/\/garden-label.pl\/sklep\/wp-json\/wp\/v2\/product\/26180\/revisions\/100926"}],"wp:featuredmedia":[{"embeddable":true,"href":"https:\/\/garden-label.pl\/sklep\/wp-json\/wp\/v2\/media\/81456"}],"wp:attachment":[{"href":"https:\/\/garden-label.pl\/sklep\/wp-json\/wp\/v2\/media?parent=26180"}],"wp:term":[{"taxonomy":"product_brand","embeddable":true,"href":"https:\/\/garden-label.pl\/sklep\/wp-json\/wp\/v2\/product_brand?post=26180"},{"taxonomy":"product_cat","embeddable":true,"href":"https:\/\/garden-label.pl\/sklep\/wp-json\/wp\/v2\/product_cat?post=26180"},{"taxonomy":"product_tag","embeddable":true,"href":"https:\/\/garden-label.pl\/sklep\/wp-json\/wp\/v2\/product_tag?post=26180"}],"curies":[{"name":"wp","href":"https:\/\/api.w.org\/{rel}","templated":true}]}}