{"id":26011,"date":"2025-01-14T10:59:22","date_gmt":"2025-01-14T09:59:22","guid":{"rendered":"https:\/\/garden-label.pl\/sklep\/produkt\/tasma-kalka-termotransferowa-ttr-wosk-zywica-wax-resin-110mmx150m-gold\/"},"modified":"2026-04-08T10:54:29","modified_gmt":"2026-04-08T08:54:29","slug":"tasma-kalka-termotransferowa-ttr-wosk-zywica-wax-resin-110mmx150m-gold","status":"publish","type":"product","link":"https:\/\/garden-label.pl\/sklep\/produkt\/tasma-kalka-termotransferowa-ttr-wosk-zywica-wax-resin-110mmx150m-gold\/","title":{"rendered":"Ta\u015bma\/Kalka termotransferowa TTR wosk-\u017cywica (WAX-RESIN)(110mmx150m) Z\u0141OTA"},"content":{"rendered":"<p>Ta\u015bma &#8211; Kalka termotransferowa TTR wosk-\u017cywica (WAX-RESIN) 110mm x 150m  Z\u0141OTA (lustrzana, b\u0142yszcz\u0105ca, z\u0142oty, metalic, metalik, OUT)<\/p>\n<p>Ta\u015bmy termotransferowe Metallic Gold nadaj\u0105 si\u0119 do wi\u0119kszo\u015bci drukarek termotransferowych dost\u0119pnych na rynku. Ta ta\u015bma termotransferowa na bazie wosku\/\u017cywicy charakteryzuje si\u0119 dobr\u0105 wytrzyma\u0142o\u015bci\u0105 mechaniczn\u0105 wydruku i doskona\u0142\u0105 szybko\u015bci\u0105 transferu. Ta ta\u015bma premium zapewnia doskona\u0142\u0105 jako\u015b\u0107 druku na standardowych materia\u0142ach etykiet komercyjnych o g\u0142adkich lub lekko strukturowanych powierzchniach papieru, a tak\u017ce na materia\u0142ach PE i PET. Metallic Gold osi\u0105ga wyj\u0105tkow\u0105 szybko\u015b\u0107 transferu przy pr\u0119dko\u015bciach do 150 mm\/s. Jest kompatybilna ze wszystkimi standardowymi drukarkami termotransferowymi z p\u0142ask\u0105 g\u0142owic\u0105.<\/p>\n<p>Ta\u015bma termotransferowa TTR woskowo-\u017cywiczna (WAX-RESIN) o szeroko\u015bci 110 mm i d\u0142ugo\u015bci 150 m to produkt premium, kt\u00f3ry charakteryzuje si\u0119 doskona\u0142\u0105 jako\u015bci\u0105 druku oraz wysok\u0105 odporno\u015bci\u0105 na \u015bcieranie. Idealnie nadaje si\u0119 do stosowania na materia\u0142ach syntetycznych, jak r\u00f3wnie\u017c na papierach syntetycznych i powlekanych. Dzi\u0119ki specjalnej formule, ta\u015bma ta zapewnia wyraziste i ostre odwzorowanie tekst\u00f3w, liczb, kod\u00f3w kreskowych oraz grafik, co sprawia, \u017ce jest doskona\u0142ym rozwi\u0105zaniem dla wymagaj\u0105cych aplikacji.<\/p>\n<p>Produkt wyr\u00f3\u017cnia si\u0119 odporno\u015bci\u0105 na promieniowanie UV oraz ekstremalne zmiany temperatury, co czyni go wyj\u0105tkowo trwa\u0142ym w r\u00f3\u017cnych warunkach u\u017cytkowania. Ta\u015bma jest kompatybilna z szerok\u0105 gam\u0105 etykiet termotransferowych, w tym foliowych, p\u0119tlowych oraz samoprzylepnych, co poszerza jej zastosowanie. Stanowi wszechstronny wyb\u00f3r dla firm z bran\u017cy logistyki, magazynowania i etykietowania.<\/p>\n<p>Ta\u015bma jest nowa, w oryginalnym opakowaniu, wyprodukowana w Polsce przez mark\u0119 Garden-Label.pl. Oferuje 24 miesi\u0105ce gwarancji, co dodatkowo zwi\u0119ksza zaufanie do jej jako\u015bci. <\/p>\n<p>producent\/przedstawiciel\/informacje o bezpiecze\u0144stwie: https:\/\/anetpol.pl\/regulamin-sklepu-internetowego\/<br \/>biuro@anetpol.pl<\/p>\n","protected":false},"excerpt":{"rendered":"<p>Ta\u015bma termotransferowa TTR wosk-\u017cywica (WAX-RESIN) 110mmx150m w kolorze z\u0142otym to idealne rozwi\u0105zanie dla wszystkich, kt\u00f3rzy szukaj\u0105 niezawodnych materia\u0142\u00f3w do drukowania wysokiej jako\u015bci etykiet. Dzi\u0119ki swojej&#8230; <a href=\"https:\/\/garden-label.pl\/sklep\/produkt\/tasma-kalka-termotransferowa-ttr-wosk-zywica-wax-resin-110mmx150m-gold\/\">wi\u0119cej<\/a><\/p>\n","protected":false},"featured_media":81644,"comment_status":"open","ping_status":"closed","template":"","meta":[],"product_brand":[910],"product_cat":[1107,1113,1114,15],"product_tag":[1082,902,956,903,955,1083,919],"class_list":{"0":"post-26011","1":"product","2":"type-product","3":"status-publish","4":"has-post-thumbnail","6":"product_brand-garden-label-pl","7":"product_cat-kalki-tasmy-ttr","8":"product_cat-kolorowe-kalki-tasmy-ttr","9":"product_cat-wosk-zywica-kolorowe-kalki-tasmy-ttr","10":"product_cat-sklep","11":"product_tag-anetpol","12":"product_tag-garden-label","13":"product_tag-gilza-1-cal","14":"product_tag-gilza-40-mm","15":"product_tag-kalki-tasmy-ttr","16":"product_tag-supermerchant","17":"product_tag-wydruki","18":"sales-flash-overlay","19":"woocommerce-text-align-left","20":"woocommerce-image-align-center","21":"do-quantity-buttons","22":"wc-has-gallery","24":"first","25":"instock","26":"taxable","27":"shipping-taxable","28":"purchasable","29":"product-type-simple"},"yoast_head":"<!-- This site is optimized with the Yoast SEO Premium plugin v26.3 (Yoast SEO v27.3) - https:\/\/yoast.com\/product\/yoast-seo-premium-wordpress\/ -->\n<title>Ta\u015bma\/Kalka termotransferowa TTR wosk-\u017cywica (WAX-RESIN)(110mmx150m) Z\u0141OTA - Sklep Garden-Label: etykiety dla ogrodnictwa<\/title>\n<meta name=\"robots\" content=\"index, follow, max-snippet:-1, max-image-preview:large, max-video-preview:-1\" \/>\n<link rel=\"canonical\" href=\"https:\/\/garden-label.pl\/sklep\/produkt\/tasma-kalka-termotransferowa-ttr-wosk-zywica-wax-resin-110mmx150m-gold\/\" \/>\n<meta property=\"og:locale\" content=\"pl_PL\" \/>\n<meta property=\"og:type\" content=\"article\" \/>\n<meta property=\"og:title\" content=\"Ta\u015bma\/Kalka termotransferowa TTR wosk-\u017cywica (WAX-RESIN)(110mmx150m) Z\u0141OTA\" \/>\n<meta property=\"og:description\" content=\"Ta\u015bma termotransferowa TTR wosk-\u017cywica (WAX-RESIN) 110mmx150m w kolorze z\u0142otym to idealne rozwi\u0105zanie dla wszystkich, kt\u00f3rzy szukaj\u0105 niezawodnych materia\u0142\u00f3w do drukowania wysokiej jako\u015bci etykiet. Dzi\u0119ki swojej... wi\u0119cej\" \/>\n<meta property=\"og:url\" content=\"https:\/\/garden-label.pl\/sklep\/produkt\/tasma-kalka-termotransferowa-ttr-wosk-zywica-wax-resin-110mmx150m-gold\/\" \/>\n<meta property=\"og:site_name\" content=\"Sklep Garden-Label: etykiety dla ogrodnictwa\" \/>\n<meta property=\"article:publisher\" content=\"https:\/\/www.facebook.com\/gardenlabelpl\" \/>\n<meta property=\"article:modified_time\" content=\"2026-04-08T08:54:29+00:00\" \/>\n<meta property=\"og:image\" content=\"https:\/\/garden-label.pl\/sklep\/wp-content\/uploads\/2025\/10\/ffbf3ce5aebf9909dc03d37674c90361.jpg\" \/>\n\t<meta property=\"og:image:width\" content=\"548\" \/>\n\t<meta property=\"og:image:height\" content=\"529\" \/>\n\t<meta property=\"og:image:type\" content=\"image\/jpeg\" \/>\n<meta name=\"twitter:card\" content=\"summary_large_image\" \/>\n<meta name=\"twitter:label1\" content=\"Cena\" \/>\n\t<meta name=\"twitter:data1\" content=\"199,95&nbsp;&#122;&#322;\" \/>\n\t<meta name=\"twitter:label2\" content=\"Dost\u0119pno\u015b\u0107\" \/>\n\t<meta name=\"twitter:data2\" content=\"Dost\u0119pny\" \/>\n<script type=\"application\/ld+json\" class=\"yoast-schema-graph\">{\"@context\":\"https:\\\/\\\/schema.org\",\"@graph\":[{\"@type\":\"WebPage\",\"@id\":\"https:\\\/\\\/garden-label.pl\\\/sklep\\\/produkt\\\/tasma-kalka-termotransferowa-ttr-wosk-zywica-wax-resin-110mmx150m-gold\\\/\",\"url\":\"https:\\\/\\\/garden-label.pl\\\/sklep\\\/produkt\\\/tasma-kalka-termotransferowa-ttr-wosk-zywica-wax-resin-110mmx150m-gold\\\/\",\"name\":\"Ta\u015bma\\\/Kalka termotransferowa TTR wosk-\u017cywica (WAX-RESIN)(110mmx150m) Z\u0141OTA - Sklep Garden-Label: etykiety dla ogrodnictwa\",\"isPartOf\":{\"@id\":\"https:\\\/\\\/garden-label.pl\\\/sklep\\\/#website\"},\"primaryImageOfPage\":{\"@id\":\"https:\\\/\\\/garden-label.pl\\\/sklep\\\/produkt\\\/tasma-kalka-termotransferowa-ttr-wosk-zywica-wax-resin-110mmx150m-gold\\\/#primaryimage\"},\"image\":{\"@id\":\"https:\\\/\\\/garden-label.pl\\\/sklep\\\/produkt\\\/tasma-kalka-termotransferowa-ttr-wosk-zywica-wax-resin-110mmx150m-gold\\\/#primaryimage\"},\"thumbnailUrl\":\"https:\\\/\\\/garden-label.pl\\\/sklep\\\/wp-content\\\/uploads\\\/2025\\\/10\\\/ffbf3ce5aebf9909dc03d37674c90361.jpg\",\"datePublished\":\"2025-01-14T09:59:22+00:00\",\"dateModified\":\"2026-04-08T08:54:29+00:00\",\"breadcrumb\":{\"@id\":\"https:\\\/\\\/garden-label.pl\\\/sklep\\\/produkt\\\/tasma-kalka-termotransferowa-ttr-wosk-zywica-wax-resin-110mmx150m-gold\\\/#breadcrumb\"},\"inLanguage\":\"pl-PL\",\"potentialAction\":[{\"@type\":\"ReadAction\",\"target\":[\"https:\\\/\\\/garden-label.pl\\\/sklep\\\/produkt\\\/tasma-kalka-termotransferowa-ttr-wosk-zywica-wax-resin-110mmx150m-gold\\\/\"]}]},{\"@type\":\"ImageObject\",\"inLanguage\":\"pl-PL\",\"@id\":\"https:\\\/\\\/garden-label.pl\\\/sklep\\\/produkt\\\/tasma-kalka-termotransferowa-ttr-wosk-zywica-wax-resin-110mmx150m-gold\\\/#primaryimage\",\"url\":\"https:\\\/\\\/garden-label.pl\\\/sklep\\\/wp-content\\\/uploads\\\/2025\\\/10\\\/ffbf3ce5aebf9909dc03d37674c90361.jpg\",\"contentUrl\":\"https:\\\/\\\/garden-label.pl\\\/sklep\\\/wp-content\\\/uploads\\\/2025\\\/10\\\/ffbf3ce5aebf9909dc03d37674c90361.jpg\",\"width\":548,\"height\":529,\"caption\":\"5a06a3b9b1f33ac484059ffbdff16ff1\"},{\"@type\":\"BreadcrumbList\",\"@id\":\"https:\\\/\\\/garden-label.pl\\\/sklep\\\/produkt\\\/tasma-kalka-termotransferowa-ttr-wosk-zywica-wax-resin-110mmx150m-gold\\\/#breadcrumb\",\"itemListElement\":[{\"@type\":\"ListItem\",\"position\":1,\"name\":\"Strona g\u0142\u00f3wna\",\"item\":\"https:\\\/\\\/garden-label.pl\\\/sklep\\\/\"},{\"@type\":\"ListItem\",\"position\":2,\"name\":\"Home\",\"item\":\"https:\\\/\\\/garden-label.pl\\\/sklep\\\/\"},{\"@type\":\"ListItem\",\"position\":3,\"name\":\"Ta\u015bma\\\/Kalka termotransferowa TTR wosk-\u017cywica (WAX-RESIN)(110mmx150m) Z\u0141OTA\"}]},{\"@type\":\"WebSite\",\"@id\":\"https:\\\/\\\/garden-label.pl\\\/sklep\\\/#website\",\"url\":\"https:\\\/\\\/garden-label.pl\\\/sklep\\\/\",\"name\":\"Sklep Garden-Label: etykiety dla ogrodnictwa, drukarki, oprogramowanie\",\"description\":\"ETYKIETY OGRODNICZE INFORMATYZACJA SZK\u00d3\u0141EK PASZPORTY RO\u015aLIN SKLEPY INTERNETOWE\",\"publisher\":{\"@id\":\"https:\\\/\\\/garden-label.pl\\\/sklep\\\/#organization\"},\"potentialAction\":[{\"@type\":\"SearchAction\",\"target\":{\"@type\":\"EntryPoint\",\"urlTemplate\":\"https:\\\/\\\/garden-label.pl\\\/sklep\\\/?s={search_term_string}\"},\"query-input\":{\"@type\":\"PropertyValueSpecification\",\"valueRequired\":true,\"valueName\":\"search_term_string\"}}],\"inLanguage\":\"pl-PL\"},{\"@type\":\"Organization\",\"@id\":\"https:\\\/\\\/garden-label.pl\\\/sklep\\\/#organization\",\"name\":\"Sklep Garden-Label: etykiety dla ogrodnictwa, drukarki, oprogramowanie\",\"url\":\"https:\\\/\\\/garden-label.pl\\\/sklep\\\/\",\"logo\":{\"@type\":\"ImageObject\",\"inLanguage\":\"pl-PL\",\"@id\":\"https:\\\/\\\/garden-label.pl\\\/sklep\\\/#\\\/schema\\\/logo\\\/image\\\/\",\"url\":\"https:\\\/\\\/garden-label.pl\\\/sklep\\\/wp-content\\\/uploads\\\/2024\\\/01\\\/GardenLabel-pastelowe.png\",\"contentUrl\":\"https:\\\/\\\/garden-label.pl\\\/sklep\\\/wp-content\\\/uploads\\\/2024\\\/01\\\/GardenLabel-pastelowe.png\",\"width\":2566,\"height\":1054,\"caption\":\"Sklep Garden-Label: etykiety dla ogrodnictwa, drukarki, oprogramowanie\"},\"image\":{\"@id\":\"https:\\\/\\\/garden-label.pl\\\/sklep\\\/#\\\/schema\\\/logo\\\/image\\\/\"},\"sameAs\":[\"https:\\\/\\\/www.facebook.com\\\/gardenlabelpl\"]}]}<\/script>\n<meta property=\"product:brand\" content=\"Garden Label\" \/>\n<meta property=\"product:price:amount\" content=\"199.95\" \/>\n<meta property=\"product:price:currency\" content=\"PLN\" \/>\n<meta property=\"og:availability\" content=\"instock\" \/>\n<meta property=\"product:availability\" content=\"instock\" \/>\n<meta property=\"product:retailer_item_id\" content=\"5906792143152\" \/>\n<meta property=\"product:condition\" content=\"new\" \/>\n<!-- \/ Yoast SEO Premium plugin. -->","yoast_head_json":{"title":"Ta\u015bma\/Kalka termotransferowa TTR wosk-\u017cywica (WAX-RESIN)(110mmx150m) Z\u0141OTA - Sklep Garden-Label: etykiety dla ogrodnictwa","robots":{"index":"index","follow":"follow","max-snippet":"max-snippet:-1","max-image-preview":"max-image-preview:large","max-video-preview":"max-video-preview:-1"},"canonical":"https:\/\/garden-label.pl\/sklep\/produkt\/tasma-kalka-termotransferowa-ttr-wosk-zywica-wax-resin-110mmx150m-gold\/","og_locale":"pl_PL","og_type":"article","og_title":"Ta\u015bma\/Kalka termotransferowa TTR wosk-\u017cywica (WAX-RESIN)(110mmx150m) Z\u0141OTA","og_description":"Ta\u015bma termotransferowa TTR wosk-\u017cywica (WAX-RESIN) 110mmx150m w kolorze z\u0142otym to idealne rozwi\u0105zanie dla wszystkich, kt\u00f3rzy szukaj\u0105 niezawodnych materia\u0142\u00f3w do drukowania wysokiej jako\u015bci etykiet. Dzi\u0119ki swojej... wi\u0119cej","og_url":"https:\/\/garden-label.pl\/sklep\/produkt\/tasma-kalka-termotransferowa-ttr-wosk-zywica-wax-resin-110mmx150m-gold\/","og_site_name":"Sklep Garden-Label: etykiety dla ogrodnictwa","article_publisher":"https:\/\/www.facebook.com\/gardenlabelpl","article_modified_time":"2026-04-08T08:54:29+00:00","og_image":[{"width":548,"height":529,"url":"https:\/\/garden-label.pl\/sklep\/wp-content\/uploads\/2025\/10\/ffbf3ce5aebf9909dc03d37674c90361.jpg","type":"image\/jpeg"}],"twitter_card":"summary_large_image","twitter_misc":{"Cena":"199,95&nbsp;&#122;&#322;","Dost\u0119pno\u015b\u0107":"Dost\u0119pny"},"schema":{"@context":"https:\/\/schema.org","@graph":[{"@type":"WebPage","@id":"https:\/\/garden-label.pl\/sklep\/produkt\/tasma-kalka-termotransferowa-ttr-wosk-zywica-wax-resin-110mmx150m-gold\/","url":"https:\/\/garden-label.pl\/sklep\/produkt\/tasma-kalka-termotransferowa-ttr-wosk-zywica-wax-resin-110mmx150m-gold\/","name":"Ta\u015bma\/Kalka termotransferowa TTR wosk-\u017cywica (WAX-RESIN)(110mmx150m) Z\u0141OTA - Sklep Garden-Label: etykiety dla ogrodnictwa","isPartOf":{"@id":"https:\/\/garden-label.pl\/sklep\/#website"},"primaryImageOfPage":{"@id":"https:\/\/garden-label.pl\/sklep\/produkt\/tasma-kalka-termotransferowa-ttr-wosk-zywica-wax-resin-110mmx150m-gold\/#primaryimage"},"image":{"@id":"https:\/\/garden-label.pl\/sklep\/produkt\/tasma-kalka-termotransferowa-ttr-wosk-zywica-wax-resin-110mmx150m-gold\/#primaryimage"},"thumbnailUrl":"https:\/\/garden-label.pl\/sklep\/wp-content\/uploads\/2025\/10\/ffbf3ce5aebf9909dc03d37674c90361.jpg","datePublished":"2025-01-14T09:59:22+00:00","dateModified":"2026-04-08T08:54:29+00:00","breadcrumb":{"@id":"https:\/\/garden-label.pl\/sklep\/produkt\/tasma-kalka-termotransferowa-ttr-wosk-zywica-wax-resin-110mmx150m-gold\/#breadcrumb"},"inLanguage":"pl-PL","potentialAction":[{"@type":"ReadAction","target":["https:\/\/garden-label.pl\/sklep\/produkt\/tasma-kalka-termotransferowa-ttr-wosk-zywica-wax-resin-110mmx150m-gold\/"]}]},{"@type":"ImageObject","inLanguage":"pl-PL","@id":"https:\/\/garden-label.pl\/sklep\/produkt\/tasma-kalka-termotransferowa-ttr-wosk-zywica-wax-resin-110mmx150m-gold\/#primaryimage","url":"https:\/\/garden-label.pl\/sklep\/wp-content\/uploads\/2025\/10\/ffbf3ce5aebf9909dc03d37674c90361.jpg","contentUrl":"https:\/\/garden-label.pl\/sklep\/wp-content\/uploads\/2025\/10\/ffbf3ce5aebf9909dc03d37674c90361.jpg","width":548,"height":529,"caption":"5a06a3b9b1f33ac484059ffbdff16ff1"},{"@type":"BreadcrumbList","@id":"https:\/\/garden-label.pl\/sklep\/produkt\/tasma-kalka-termotransferowa-ttr-wosk-zywica-wax-resin-110mmx150m-gold\/#breadcrumb","itemListElement":[{"@type":"ListItem","position":1,"name":"Strona g\u0142\u00f3wna","item":"https:\/\/garden-label.pl\/sklep\/"},{"@type":"ListItem","position":2,"name":"Home","item":"https:\/\/garden-label.pl\/sklep\/"},{"@type":"ListItem","position":3,"name":"Ta\u015bma\/Kalka termotransferowa TTR wosk-\u017cywica (WAX-RESIN)(110mmx150m) Z\u0141OTA"}]},{"@type":"WebSite","@id":"https:\/\/garden-label.pl\/sklep\/#website","url":"https:\/\/garden-label.pl\/sklep\/","name":"Sklep Garden-Label: etykiety dla ogrodnictwa, drukarki, oprogramowanie","description":"ETYKIETY OGRODNICZE INFORMATYZACJA SZK\u00d3\u0141EK PASZPORTY RO\u015aLIN SKLEPY INTERNETOWE","publisher":{"@id":"https:\/\/garden-label.pl\/sklep\/#organization"},"potentialAction":[{"@type":"SearchAction","target":{"@type":"EntryPoint","urlTemplate":"https:\/\/garden-label.pl\/sklep\/?s={search_term_string}"},"query-input":{"@type":"PropertyValueSpecification","valueRequired":true,"valueName":"search_term_string"}}],"inLanguage":"pl-PL"},{"@type":"Organization","@id":"https:\/\/garden-label.pl\/sklep\/#organization","name":"Sklep Garden-Label: etykiety dla ogrodnictwa, drukarki, oprogramowanie","url":"https:\/\/garden-label.pl\/sklep\/","logo":{"@type":"ImageObject","inLanguage":"pl-PL","@id":"https:\/\/garden-label.pl\/sklep\/#\/schema\/logo\/image\/","url":"https:\/\/garden-label.pl\/sklep\/wp-content\/uploads\/2024\/01\/GardenLabel-pastelowe.png","contentUrl":"https:\/\/garden-label.pl\/sklep\/wp-content\/uploads\/2024\/01\/GardenLabel-pastelowe.png","width":2566,"height":1054,"caption":"Sklep Garden-Label: etykiety dla ogrodnictwa, drukarki, oprogramowanie"},"image":{"@id":"https:\/\/garden-label.pl\/sklep\/#\/schema\/logo\/image\/"},"sameAs":["https:\/\/www.facebook.com\/gardenlabelpl"]}]},"product_brand":"Garden Label","product_price_amount":"199.95","product_price_currency":"PLN","og_availability":"instock","product_availability":"instock","product_retailer_item_id":"5906792143152","product_condition":"new"},"_links":{"self":[{"href":"https:\/\/garden-label.pl\/sklep\/wp-json\/wp\/v2\/product\/26011","targetHints":{"allow":["GET"]}}],"collection":[{"href":"https:\/\/garden-label.pl\/sklep\/wp-json\/wp\/v2\/product"}],"about":[{"href":"https:\/\/garden-label.pl\/sklep\/wp-json\/wp\/v2\/types\/product"}],"replies":[{"embeddable":true,"href":"https:\/\/garden-label.pl\/sklep\/wp-json\/wp\/v2\/comments?post=26011"}],"version-history":[{"count":1,"href":"https:\/\/garden-label.pl\/sklep\/wp-json\/wp\/v2\/product\/26011\/revisions"}],"predecessor-version":[{"id":100949,"href":"https:\/\/garden-label.pl\/sklep\/wp-json\/wp\/v2\/product\/26011\/revisions\/100949"}],"wp:featuredmedia":[{"embeddable":true,"href":"https:\/\/garden-label.pl\/sklep\/wp-json\/wp\/v2\/media\/81644"}],"wp:attachment":[{"href":"https:\/\/garden-label.pl\/sklep\/wp-json\/wp\/v2\/media?parent=26011"}],"wp:term":[{"taxonomy":"product_brand","embeddable":true,"href":"https:\/\/garden-label.pl\/sklep\/wp-json\/wp\/v2\/product_brand?post=26011"},{"taxonomy":"product_cat","embeddable":true,"href":"https:\/\/garden-label.pl\/sklep\/wp-json\/wp\/v2\/product_cat?post=26011"},{"taxonomy":"product_tag","embeddable":true,"href":"https:\/\/garden-label.pl\/sklep\/wp-json\/wp\/v2\/product_tag?post=26011"}],"curies":[{"name":"wp","href":"https:\/\/api.w.org\/{rel}","templated":true}]}}