{"id":24669,"date":"2024-12-12T16:37:18","date_gmt":"2024-12-12T15:37:18","guid":{"rendered":"https:\/\/garden-label.pl\/sklep\/produkt\/etykiety-ogrodnicze-sadownicze-petlowe-mietowy-200mm-x-17mm-17x200-5000-sztuk-mieta\/"},"modified":"2026-03-13T07:38:33","modified_gmt":"2026-03-13T06:38:33","slug":"etykiety-ogrodnicze-sadownicze-petlowe-mietowy-200mm-x-17mm-17x200-5000-sztuk-mieta","status":"publish","type":"product","link":"https:\/\/garden-label.pl\/sklep\/produkt\/etykiety-ogrodnicze-sadownicze-petlowe-mietowy-200mm-x-17mm-17x200-5000-sztuk-mieta\/","title":{"rendered":"Etykiety ogrodnicze \/sadownicze p\u0119tlowe Mi\u0119towy 200x17mm(17&#215;200) 5000szt"},"content":{"rendered":"<p>Etykieta p\u0119tlowa 200x17mm (wi\u0105zana, p\u0119telkowa)<br \/>\nWytrzyma\u0142a etykieta p\u0119tlowa (wi\u0105zana, p\u0119telkowa) o wymiarach 200x17mm (17&#215;200), wykonana z odpornego na warunki atmosferyczne tworzywa HDPE \u2013 odporna na deszcz, promieniowanie UV i zmienne temperatury. Przeznaczona do drukarek termotransferowych oraz opisu permanentnym markerem.<\/p>\n<p>Elastyczna konstrukcja umo\u017cliwia szybkie mocowanie bez u\u017cycia narz\u0119dzi \u2013 do \u0142odyg, ga\u0142\u0119zi, sadzonek, doniczek czy tabliczek. Stosowana w ogrodach, szk\u00f3\u0142kach, sadach i profesjonalnych gospodarstwach rolniczych.<\/p>\n<p>Kolory: mi\u0119towy<br \/>\nDost\u0119pne r\u00f3wnie\u017c inne rozmiary<br \/>\nMateria\u0142 z certyfikatem kontaktu z \u017cywno\u015bci\u0105 \u2013 odpowiedni tak\u017ce do znakowania ro\u015blin jadalnych<br \/>\nPrzystosowana do u\u017cytku przez wiele sezon\u00f3w <\/p>\n<p>producent\/przedstawiciel\/informacje o bezpiecze\u0144stwie: https:\/\/anetpol.pl\/regulamin-sklepu-internetowego\/<br \/>biuro@anetpol.pl<\/p>\n","protected":false},"excerpt":{"rendered":"<p>Etykiety ogrodnicze i sadownicze p\u0119tlowe w kolorze mi\u0119towym to idealne rozwi\u0105zanie dla os\u00f3b, kt\u00f3re pragn\u0105 w spos\u00f3b przejrzysty i zorganizowany oznaczy\u0107 swoje ro\u015bliny. Z my\u015bl\u0105&#8230; <a href=\"https:\/\/garden-label.pl\/sklep\/produkt\/etykiety-ogrodnicze-sadownicze-petlowe-mietowy-200mm-x-17mm-17x200-5000-sztuk-mieta\/\">wi\u0119cej<\/a><\/p>\n","protected":false},"featured_media":94365,"comment_status":"open","ping_status":"closed","template":"","meta":[],"product_brand":[910],"product_cat":[1087,1084,1116,1128,1085,1124,1086,15],"product_tag":[1082,896,897,898,899,900,902,903,904,949,908,915,1083,919,916,912],"class_list":{"0":"post-24669","1":"product","2":"type-product","3":"status-publish","4":"has-post-thumbnail","6":"product_brand-garden-label-pl","7":"product_cat-akcesoria","8":"product_cat-dom-i-ogrod","9":"product_cat-etykiety","10":"product_cat-kolorowe-petlowe-wiazane-termotransferowe","11":"product_cat-ogrod","12":"product_cat-petlowe-wiazane-termotransferowe","13":"product_cat-rosliny","14":"product_cat-sklep","15":"product_tag-anetpol","16":"product_tag-etykiety-do-opisu-roslin","17":"product_tag-etykiety-do-pisania","18":"product_tag-etykiety-kolorowe","19":"product_tag-etykiety-ogrodnicze","20":"product_tag-etykiety-petlowe","21":"product_tag-garden-label","22":"product_tag-gilza-40-mm","23":"product_tag-gilza-76-mm","24":"product_tag-mietowe","25":"product_tag-rolka","26":"product_tag-srednica-nawoju-do-20-cm","27":"product_tag-supermerchant","28":"product_tag-wydruki","29":"product_tag-wymiar-160x17mm-17x160","30":"product_tag-zestawy-do-opisu-roslin","31":"sales-flash-overlay","32":"woocommerce-text-align-left","33":"woocommerce-image-align-center","34":"do-quantity-buttons","35":"wc-has-gallery","37":"first","38":"instock","39":"taxable","40":"shipping-taxable","41":"purchasable","42":"product-type-simple"},"yoast_head":"<!-- This site is optimized with the Yoast SEO Premium plugin v26.3 (Yoast SEO v27.3) - https:\/\/yoast.com\/product\/yoast-seo-premium-wordpress\/ -->\n<title>Etykiety ogrodnicze \/sadownicze p\u0119tlowe Mi\u0119towy 200x17mm(17x200) 5000szt - Sklep Garden-Label: etykiety dla ogrodnictwa<\/title>\n<meta name=\"robots\" content=\"index, follow, max-snippet:-1, max-image-preview:large, max-video-preview:-1\" \/>\n<link rel=\"canonical\" href=\"https:\/\/garden-label.pl\/sklep\/produkt\/etykiety-ogrodnicze-sadownicze-petlowe-mietowy-200mm-x-17mm-17x200-5000-sztuk-mieta\/\" \/>\n<meta property=\"og:locale\" content=\"pl_PL\" \/>\n<meta property=\"og:type\" content=\"article\" \/>\n<meta property=\"og:title\" content=\"Etykiety ogrodnicze \/sadownicze p\u0119tlowe Mi\u0119towy 200x17mm(17x200) 5000szt\" \/>\n<meta property=\"og:description\" content=\"Etykiety ogrodnicze i sadownicze p\u0119tlowe w kolorze mi\u0119towym to idealne rozwi\u0105zanie dla os\u00f3b, kt\u00f3re pragn\u0105 w spos\u00f3b przejrzysty i zorganizowany oznaczy\u0107 swoje ro\u015bliny. Z my\u015bl\u0105... wi\u0119cej\" \/>\n<meta property=\"og:url\" content=\"https:\/\/garden-label.pl\/sklep\/produkt\/etykiety-ogrodnicze-sadownicze-petlowe-mietowy-200mm-x-17mm-17x200-5000-sztuk-mieta\/\" \/>\n<meta property=\"og:site_name\" content=\"Sklep Garden-Label: etykiety dla ogrodnictwa\" \/>\n<meta property=\"article:publisher\" content=\"https:\/\/www.facebook.com\/gardenlabelpl\" \/>\n<meta property=\"article:modified_time\" content=\"2026-03-13T06:38:33+00:00\" \/>\n<meta property=\"og:image\" content=\"https:\/\/garden-label.pl\/sklep\/wp-content\/uploads\/2025\/10\/ea9ef17e7055e32e99fe39aeb5d470f2-4.png\" \/>\n\t<meta property=\"og:image:width\" content=\"484\" \/>\n\t<meta property=\"og:image:height\" content=\"516\" \/>\n\t<meta property=\"og:image:type\" content=\"image\/png\" \/>\n<meta name=\"twitter:card\" content=\"summary_large_image\" \/>\n<meta name=\"twitter:label1\" content=\"Cena\" \/>\n\t<meta name=\"twitter:data1\" content=\"365,00&nbsp;&#122;&#322;\" \/>\n\t<meta name=\"twitter:label2\" content=\"Dost\u0119pno\u015b\u0107\" \/>\n\t<meta name=\"twitter:data2\" content=\"Dost\u0119pny\" \/>\n<script type=\"application\/ld+json\" class=\"yoast-schema-graph\">{\"@context\":\"https:\\\/\\\/schema.org\",\"@graph\":[{\"@type\":\"WebPage\",\"@id\":\"https:\\\/\\\/garden-label.pl\\\/sklep\\\/produkt\\\/etykiety-ogrodnicze-sadownicze-petlowe-mietowy-200mm-x-17mm-17x200-5000-sztuk-mieta\\\/\",\"url\":\"https:\\\/\\\/garden-label.pl\\\/sklep\\\/produkt\\\/etykiety-ogrodnicze-sadownicze-petlowe-mietowy-200mm-x-17mm-17x200-5000-sztuk-mieta\\\/\",\"name\":\"Etykiety ogrodnicze \\\/sadownicze p\u0119tlowe Mi\u0119towy 200x17mm(17x200) 5000szt - Sklep Garden-Label: etykiety dla ogrodnictwa\",\"isPartOf\":{\"@id\":\"https:\\\/\\\/garden-label.pl\\\/sklep\\\/#website\"},\"primaryImageOfPage\":{\"@id\":\"https:\\\/\\\/garden-label.pl\\\/sklep\\\/produkt\\\/etykiety-ogrodnicze-sadownicze-petlowe-mietowy-200mm-x-17mm-17x200-5000-sztuk-mieta\\\/#primaryimage\"},\"image\":{\"@id\":\"https:\\\/\\\/garden-label.pl\\\/sklep\\\/produkt\\\/etykiety-ogrodnicze-sadownicze-petlowe-mietowy-200mm-x-17mm-17x200-5000-sztuk-mieta\\\/#primaryimage\"},\"thumbnailUrl\":\"https:\\\/\\\/garden-label.pl\\\/sklep\\\/wp-content\\\/uploads\\\/2025\\\/11\\\/7b586158bec5f2aeba4d2a78ebd7d575.png\",\"datePublished\":\"2024-12-12T15:37:18+00:00\",\"dateModified\":\"2026-03-13T06:38:33+00:00\",\"breadcrumb\":{\"@id\":\"https:\\\/\\\/garden-label.pl\\\/sklep\\\/produkt\\\/etykiety-ogrodnicze-sadownicze-petlowe-mietowy-200mm-x-17mm-17x200-5000-sztuk-mieta\\\/#breadcrumb\"},\"inLanguage\":\"pl-PL\",\"potentialAction\":[{\"@type\":\"ReadAction\",\"target\":[\"https:\\\/\\\/garden-label.pl\\\/sklep\\\/produkt\\\/etykiety-ogrodnicze-sadownicze-petlowe-mietowy-200mm-x-17mm-17x200-5000-sztuk-mieta\\\/\"]}]},{\"@type\":\"ImageObject\",\"inLanguage\":\"pl-PL\",\"@id\":\"https:\\\/\\\/garden-label.pl\\\/sklep\\\/produkt\\\/etykiety-ogrodnicze-sadownicze-petlowe-mietowy-200mm-x-17mm-17x200-5000-sztuk-mieta\\\/#primaryimage\",\"url\":\"https:\\\/\\\/garden-label.pl\\\/sklep\\\/wp-content\\\/uploads\\\/2025\\\/11\\\/7b586158bec5f2aeba4d2a78ebd7d575.png\",\"contentUrl\":\"https:\\\/\\\/garden-label.pl\\\/sklep\\\/wp-content\\\/uploads\\\/2025\\\/11\\\/7b586158bec5f2aeba4d2a78ebd7d575.png\",\"width\":1303,\"height\":1232,\"caption\":\"4fc516f3506685eeb0626c72668c6d3d\"},{\"@type\":\"BreadcrumbList\",\"@id\":\"https:\\\/\\\/garden-label.pl\\\/sklep\\\/produkt\\\/etykiety-ogrodnicze-sadownicze-petlowe-mietowy-200mm-x-17mm-17x200-5000-sztuk-mieta\\\/#breadcrumb\",\"itemListElement\":[{\"@type\":\"ListItem\",\"position\":1,\"name\":\"Strona g\u0142\u00f3wna\",\"item\":\"https:\\\/\\\/garden-label.pl\\\/sklep\\\/\"},{\"@type\":\"ListItem\",\"position\":2,\"name\":\"Home\",\"item\":\"https:\\\/\\\/garden-label.pl\\\/sklep\\\/\"},{\"@type\":\"ListItem\",\"position\":3,\"name\":\"Etykiety ogrodnicze \\\/sadownicze p\u0119tlowe Mi\u0119towy 200x17mm(17&#215;200) 5000szt\"}]},{\"@type\":\"WebSite\",\"@id\":\"https:\\\/\\\/garden-label.pl\\\/sklep\\\/#website\",\"url\":\"https:\\\/\\\/garden-label.pl\\\/sklep\\\/\",\"name\":\"Sklep Garden-Label: etykiety dla ogrodnictwa, drukarki, oprogramowanie\",\"description\":\"ETYKIETY OGRODNICZE INFORMATYZACJA SZK\u00d3\u0141EK PASZPORTY RO\u015aLIN SKLEPY INTERNETOWE\",\"publisher\":{\"@id\":\"https:\\\/\\\/garden-label.pl\\\/sklep\\\/#organization\"},\"potentialAction\":[{\"@type\":\"SearchAction\",\"target\":{\"@type\":\"EntryPoint\",\"urlTemplate\":\"https:\\\/\\\/garden-label.pl\\\/sklep\\\/?s={search_term_string}\"},\"query-input\":{\"@type\":\"PropertyValueSpecification\",\"valueRequired\":true,\"valueName\":\"search_term_string\"}}],\"inLanguage\":\"pl-PL\"},{\"@type\":\"Organization\",\"@id\":\"https:\\\/\\\/garden-label.pl\\\/sklep\\\/#organization\",\"name\":\"Sklep Garden-Label: etykiety dla ogrodnictwa, drukarki, oprogramowanie\",\"url\":\"https:\\\/\\\/garden-label.pl\\\/sklep\\\/\",\"logo\":{\"@type\":\"ImageObject\",\"inLanguage\":\"pl-PL\",\"@id\":\"https:\\\/\\\/garden-label.pl\\\/sklep\\\/#\\\/schema\\\/logo\\\/image\\\/\",\"url\":\"https:\\\/\\\/garden-label.pl\\\/sklep\\\/wp-content\\\/uploads\\\/2024\\\/01\\\/GardenLabel-pastelowe.png\",\"contentUrl\":\"https:\\\/\\\/garden-label.pl\\\/sklep\\\/wp-content\\\/uploads\\\/2024\\\/01\\\/GardenLabel-pastelowe.png\",\"width\":2566,\"height\":1054,\"caption\":\"Sklep Garden-Label: etykiety dla ogrodnictwa, drukarki, oprogramowanie\"},\"image\":{\"@id\":\"https:\\\/\\\/garden-label.pl\\\/sklep\\\/#\\\/schema\\\/logo\\\/image\\\/\"},\"sameAs\":[\"https:\\\/\\\/www.facebook.com\\\/gardenlabelpl\"]}]}<\/script>\n<meta property=\"product:brand\" content=\"Garden Label\" \/>\n<meta property=\"product:price:amount\" content=\"365.00\" \/>\n<meta property=\"product:price:currency\" content=\"PLN\" \/>\n<meta property=\"og:availability\" content=\"instock\" \/>\n<meta property=\"product:availability\" content=\"instock\" \/>\n<meta property=\"product:retailer_item_id\" content=\"5906792143053\" \/>\n<meta property=\"product:condition\" content=\"new\" \/>\n<!-- \/ Yoast SEO Premium plugin. -->","yoast_head_json":{"title":"Etykiety ogrodnicze \/sadownicze p\u0119tlowe Mi\u0119towy 200x17mm(17x200) 5000szt - Sklep Garden-Label: etykiety dla ogrodnictwa","robots":{"index":"index","follow":"follow","max-snippet":"max-snippet:-1","max-image-preview":"max-image-preview:large","max-video-preview":"max-video-preview:-1"},"canonical":"https:\/\/garden-label.pl\/sklep\/produkt\/etykiety-ogrodnicze-sadownicze-petlowe-mietowy-200mm-x-17mm-17x200-5000-sztuk-mieta\/","og_locale":"pl_PL","og_type":"article","og_title":"Etykiety ogrodnicze \/sadownicze p\u0119tlowe Mi\u0119towy 200x17mm(17x200) 5000szt","og_description":"Etykiety ogrodnicze i sadownicze p\u0119tlowe w kolorze mi\u0119towym to idealne rozwi\u0105zanie dla os\u00f3b, kt\u00f3re pragn\u0105 w spos\u00f3b przejrzysty i zorganizowany oznaczy\u0107 swoje ro\u015bliny. Z my\u015bl\u0105... wi\u0119cej","og_url":"https:\/\/garden-label.pl\/sklep\/produkt\/etykiety-ogrodnicze-sadownicze-petlowe-mietowy-200mm-x-17mm-17x200-5000-sztuk-mieta\/","og_site_name":"Sklep Garden-Label: etykiety dla ogrodnictwa","article_publisher":"https:\/\/www.facebook.com\/gardenlabelpl","article_modified_time":"2026-03-13T06:38:33+00:00","og_image":[{"width":484,"height":516,"url":"https:\/\/garden-label.pl\/sklep\/wp-content\/uploads\/2025\/10\/ea9ef17e7055e32e99fe39aeb5d470f2-4.png","type":"image\/png"}],"twitter_card":"summary_large_image","twitter_misc":{"Cena":"365,00&nbsp;&#122;&#322;","Dost\u0119pno\u015b\u0107":"Dost\u0119pny"},"schema":{"@context":"https:\/\/schema.org","@graph":[{"@type":"WebPage","@id":"https:\/\/garden-label.pl\/sklep\/produkt\/etykiety-ogrodnicze-sadownicze-petlowe-mietowy-200mm-x-17mm-17x200-5000-sztuk-mieta\/","url":"https:\/\/garden-label.pl\/sklep\/produkt\/etykiety-ogrodnicze-sadownicze-petlowe-mietowy-200mm-x-17mm-17x200-5000-sztuk-mieta\/","name":"Etykiety ogrodnicze \/sadownicze p\u0119tlowe Mi\u0119towy 200x17mm(17x200) 5000szt - Sklep Garden-Label: etykiety dla ogrodnictwa","isPartOf":{"@id":"https:\/\/garden-label.pl\/sklep\/#website"},"primaryImageOfPage":{"@id":"https:\/\/garden-label.pl\/sklep\/produkt\/etykiety-ogrodnicze-sadownicze-petlowe-mietowy-200mm-x-17mm-17x200-5000-sztuk-mieta\/#primaryimage"},"image":{"@id":"https:\/\/garden-label.pl\/sklep\/produkt\/etykiety-ogrodnicze-sadownicze-petlowe-mietowy-200mm-x-17mm-17x200-5000-sztuk-mieta\/#primaryimage"},"thumbnailUrl":"https:\/\/garden-label.pl\/sklep\/wp-content\/uploads\/2025\/11\/7b586158bec5f2aeba4d2a78ebd7d575.png","datePublished":"2024-12-12T15:37:18+00:00","dateModified":"2026-03-13T06:38:33+00:00","breadcrumb":{"@id":"https:\/\/garden-label.pl\/sklep\/produkt\/etykiety-ogrodnicze-sadownicze-petlowe-mietowy-200mm-x-17mm-17x200-5000-sztuk-mieta\/#breadcrumb"},"inLanguage":"pl-PL","potentialAction":[{"@type":"ReadAction","target":["https:\/\/garden-label.pl\/sklep\/produkt\/etykiety-ogrodnicze-sadownicze-petlowe-mietowy-200mm-x-17mm-17x200-5000-sztuk-mieta\/"]}]},{"@type":"ImageObject","inLanguage":"pl-PL","@id":"https:\/\/garden-label.pl\/sklep\/produkt\/etykiety-ogrodnicze-sadownicze-petlowe-mietowy-200mm-x-17mm-17x200-5000-sztuk-mieta\/#primaryimage","url":"https:\/\/garden-label.pl\/sklep\/wp-content\/uploads\/2025\/11\/7b586158bec5f2aeba4d2a78ebd7d575.png","contentUrl":"https:\/\/garden-label.pl\/sklep\/wp-content\/uploads\/2025\/11\/7b586158bec5f2aeba4d2a78ebd7d575.png","width":1303,"height":1232,"caption":"4fc516f3506685eeb0626c72668c6d3d"},{"@type":"BreadcrumbList","@id":"https:\/\/garden-label.pl\/sklep\/produkt\/etykiety-ogrodnicze-sadownicze-petlowe-mietowy-200mm-x-17mm-17x200-5000-sztuk-mieta\/#breadcrumb","itemListElement":[{"@type":"ListItem","position":1,"name":"Strona g\u0142\u00f3wna","item":"https:\/\/garden-label.pl\/sklep\/"},{"@type":"ListItem","position":2,"name":"Home","item":"https:\/\/garden-label.pl\/sklep\/"},{"@type":"ListItem","position":3,"name":"Etykiety ogrodnicze \/sadownicze p\u0119tlowe Mi\u0119towy 200x17mm(17&#215;200) 5000szt"}]},{"@type":"WebSite","@id":"https:\/\/garden-label.pl\/sklep\/#website","url":"https:\/\/garden-label.pl\/sklep\/","name":"Sklep Garden-Label: etykiety dla ogrodnictwa, drukarki, oprogramowanie","description":"ETYKIETY OGRODNICZE INFORMATYZACJA SZK\u00d3\u0141EK PASZPORTY RO\u015aLIN SKLEPY INTERNETOWE","publisher":{"@id":"https:\/\/garden-label.pl\/sklep\/#organization"},"potentialAction":[{"@type":"SearchAction","target":{"@type":"EntryPoint","urlTemplate":"https:\/\/garden-label.pl\/sklep\/?s={search_term_string}"},"query-input":{"@type":"PropertyValueSpecification","valueRequired":true,"valueName":"search_term_string"}}],"inLanguage":"pl-PL"},{"@type":"Organization","@id":"https:\/\/garden-label.pl\/sklep\/#organization","name":"Sklep Garden-Label: etykiety dla ogrodnictwa, drukarki, oprogramowanie","url":"https:\/\/garden-label.pl\/sklep\/","logo":{"@type":"ImageObject","inLanguage":"pl-PL","@id":"https:\/\/garden-label.pl\/sklep\/#\/schema\/logo\/image\/","url":"https:\/\/garden-label.pl\/sklep\/wp-content\/uploads\/2024\/01\/GardenLabel-pastelowe.png","contentUrl":"https:\/\/garden-label.pl\/sklep\/wp-content\/uploads\/2024\/01\/GardenLabel-pastelowe.png","width":2566,"height":1054,"caption":"Sklep Garden-Label: etykiety dla ogrodnictwa, drukarki, oprogramowanie"},"image":{"@id":"https:\/\/garden-label.pl\/sklep\/#\/schema\/logo\/image\/"},"sameAs":["https:\/\/www.facebook.com\/gardenlabelpl"]}]},"product_brand":"Garden Label","product_price_amount":"365.00","product_price_currency":"PLN","og_availability":"instock","product_availability":"instock","product_retailer_item_id":"5906792143053","product_condition":"new"},"_links":{"self":[{"href":"https:\/\/garden-label.pl\/sklep\/wp-json\/wp\/v2\/product\/24669","targetHints":{"allow":["GET"]}}],"collection":[{"href":"https:\/\/garden-label.pl\/sklep\/wp-json\/wp\/v2\/product"}],"about":[{"href":"https:\/\/garden-label.pl\/sklep\/wp-json\/wp\/v2\/types\/product"}],"replies":[{"embeddable":true,"href":"https:\/\/garden-label.pl\/sklep\/wp-json\/wp\/v2\/comments?post=24669"}],"version-history":[{"count":0,"href":"https:\/\/garden-label.pl\/sklep\/wp-json\/wp\/v2\/product\/24669\/revisions"}],"wp:featuredmedia":[{"embeddable":true,"href":"https:\/\/garden-label.pl\/sklep\/wp-json\/wp\/v2\/media\/94365"}],"wp:attachment":[{"href":"https:\/\/garden-label.pl\/sklep\/wp-json\/wp\/v2\/media?parent=24669"}],"wp:term":[{"taxonomy":"product_brand","embeddable":true,"href":"https:\/\/garden-label.pl\/sklep\/wp-json\/wp\/v2\/product_brand?post=24669"},{"taxonomy":"product_cat","embeddable":true,"href":"https:\/\/garden-label.pl\/sklep\/wp-json\/wp\/v2\/product_cat?post=24669"},{"taxonomy":"product_tag","embeddable":true,"href":"https:\/\/garden-label.pl\/sklep\/wp-json\/wp\/v2\/product_tag?post=24669"}],"curies":[{"name":"wp","href":"https:\/\/api.w.org\/{rel}","templated":true}]}}