{"id":12469,"date":"2024-11-14T08:18:12","date_gmt":"2024-11-14T07:18:12","guid":{"rendered":"https:\/\/garden-label.pl\/sklep\/produkt\/tsc-mb341t-12-dots-mm-300-dpi-industrial-tspl-ezd-dedykowana-do-etykiet\/"},"modified":"2026-04-13T10:34:16","modified_gmt":"2026-04-13T08:34:16","slug":"tsc-mb341t-12-dots-mm-300-dpi-industrial-tspl-ezd-dedykowana-do-etykiet","status":"publish","type":"product","link":"https:\/\/garden-label.pl\/sklep\/produkt\/tsc-mb341t-12-dots-mm-300-dpi-industrial-tspl-ezd-dedykowana-do-etykiet\/","title":{"rendered":"TSC MB341T, 12 dots\/mm (300 dpi) INDUSTRIAL, TSPL-EZD, dedykowana drukarka do etykiet Garden-Label"},"content":{"rendered":"<p>Drukarka etykiet TSC MB341T to zaawansowane urz\u0105dzenie przeznaczone do intensywnego u\u017cytku przemys\u0142owego, charakteryzuj\u0105ce si\u0119 wysok\u0105 jako\u015bci\u0105 druku na poziomie 300 dpi (12 punkt\u00f3w\/mm). Dzi\u0119ki technologii TSPL-EZD, jest idealnym rozwi\u0105zaniem dla firm potrzebuj\u0105cych efektywnego i niezawodnego systemu etykietowania. Drukarka jest w stanie obs\u0142ugiwa\u0107 r\u00f3\u017cnorodne rodzaje etykiet, co czyni j\u0105 wszechstronnym narz\u0119dziem w zarz\u0105dzaniu dokumentacj\u0105 i oznaczeniami produkt\u00f3w. Dodatkowo, czas realizacji zam\u00f3wienia wynosi do 7 dni roboczych, a wysy\u0142ka jest dostosowana do standard\u00f3w logistycznych klasy 3, co zapewnia szybkie i bezpieczne dostarczenie produktu.<\/p>\n<p>Hardware Specifications<br \/>\nResolution<br \/>\n300 dpi (12 dots\/mm)<br \/>\nPrint Method<br \/>\nDirect thermal\/Thermal transfer<br \/>\nDisplay<br \/>\nColor LCD touchscreen with buttons<br \/>\nHardwire Connectivity<br \/>\nEthernet<br \/>\nGPIO<br \/>\nSerial RS-232<br \/>\nUSB<br \/>\nUSB Host<br \/>\nWireless Connectivity<br \/>\nBluetooth<br \/>\nBluetooth MFi<br \/>\nWi-Fi with Bluetooth<br \/>\nEnterprise Printer Management<br \/>\nTSC Console<br \/>\nSOTI Connect (license required)<br \/>\nType<br \/>\nIndustrial<br \/>\nMax. Print Speed<br \/>\n9 ips (228.6 mm\/s)<br \/>\nMax. Print Width<br \/>\n4.16&#8243; (105.7 mm)<br \/>\nMax. Print Length<br \/>\n450&#8243; (11,430 mm)<br \/>\nRAM<br \/>\n256 MB SDRAM<br \/>\nFlash<br \/>\n256 MB<br \/>\nOptional Cutter<br \/>\nRegular guillotine cutter (full cut)<br \/>\nMedia Specifications<br \/>\nInternal Label Capacity<br \/>\n8&#8243; (203.2 mm) OD<br \/>\nMax. Media Width<br \/>\n0.8&#8243; &#8211; 4.7&#8243; (20 &#8211; 120 mm)<br \/>\nMedia Type<br \/>\nContinuous; Die-Cut; Black Mark; Fan-Fold; Notch (Outside Wound)<br \/>\nMax. Ribbon Length<br \/>\n450 Meters<br \/>\nRibbon Width<br \/>\n1.6&#8243; &#8211; 4.3&#8243; (40 &#8211; 110 mm)<br \/>\nMedia Core Diameter<br \/>\n1&#8243; to 3&#8243; (25.4 &#8211; 76.2 mm)<br \/>\nMin. Label Length<br \/>\n0.2&#8243;-450&#8243; (5 mm -11,430 mm)<br \/>\nConstruction<br \/>\nDie-cast based print mechanism\/Metal cover with large clear media<br \/>\nwindow<br \/>\nProgramming Languages<br \/>\nTSPL-EZD<br \/>\nRecent viewed products<\/p>\n<p>https:\/\/emea.tscprinters.com\/en\/product-comparison?skus=MB341T <\/p>\n<p>producent\/przedstawiciel\/informacje o bezpiecze\u0144stwie: https:\/\/anetpol.pl\/regulamin-sklepu-internetowego\/<br \/>biuro@anetpol.pl<\/p>\n","protected":false},"excerpt":{"rendered":"<div><b>Dedykowana drukarka do etykiet Garden-Label &#8211; preinstalowana. <\/b><\/div>\n<p>Drukarka etykiet TSC MB341T to nowoczesne rozwi\u0105zanie, kt\u00f3re \u0142\u0105czy w sobie zaawansowan\u0105 technologi\u0119 oraz niezwyk\u0142\u0105 wydajno\u015b\u0107, co czyni&#8230; <a href=\"https:\/\/garden-label.pl\/sklep\/produkt\/tsc-mb341t-12-dots-mm-300-dpi-industrial-tspl-ezd-dedykowana-do-etykiet\/\">wi\u0119cej<\/a><\/p>\n","protected":false},"featured_media":86881,"comment_status":"open","ping_status":"closed","template":"","meta":[],"product_brand":[1064],"product_cat":[1084,1104,1103,15],"product_tag":[1082,902,1083,919],"class_list":{"0":"post-12469","1":"product","2":"type-product","3":"status-publish","4":"has-post-thumbnail","6":"product_brand-tsc-https-emea-tscprinters-com-en","7":"product_cat-dom-i-ogrod","8":"product_cat-drukarki-dedykowane","9":"product_cat-pozostale-akcesoria","10":"product_cat-sklep","11":"product_tag-anetpol","12":"product_tag-garden-label","13":"product_tag-supermerchant","14":"product_tag-wydruki","15":"sales-flash-overlay","16":"woocommerce-text-align-left","17":"woocommerce-image-align-center","18":"do-quantity-buttons","19":"wc-has-gallery","21":"first","22":"outofstock","23":"taxable","24":"shipping-taxable","25":"purchasable","26":"product-type-simple"},"yoast_head":"<!-- This site is optimized with the Yoast SEO Premium plugin v26.3 (Yoast SEO v27.4) - https:\/\/yoast.com\/product\/yoast-seo-premium-wordpress\/ -->\n<title>TSC MB341T, 12 dots\/mm (300 dpi) INDUSTRIAL, TSPL-EZD, dedykowana drukarka do etykiet Garden-Label - Sklep Garden-Label: etykiety dla ogrodnictwa<\/title>\n<meta name=\"robots\" content=\"index, follow, max-snippet:-1, max-image-preview:large, max-video-preview:-1\" \/>\n<link rel=\"canonical\" href=\"https:\/\/garden-label.pl\/sklep\/produkt\/tsc-mb341t-12-dots-mm-300-dpi-industrial-tspl-ezd-dedykowana-do-etykiet\/\" \/>\n<meta property=\"og:locale\" content=\"pl_PL\" \/>\n<meta property=\"og:type\" content=\"article\" \/>\n<meta property=\"og:title\" content=\"TSC MB341T, 12 dots\/mm (300 dpi) INDUSTRIAL, TSPL-EZD, dedykowana drukarka do etykiet Garden-Label\" \/>\n<meta property=\"og:description\" content=\"Dedykowana drukarka do etykiet Garden-Label - preinstalowana. Drukarka etykiet TSC MB341T to nowoczesne rozwi\u0105zanie, kt\u00f3re \u0142\u0105czy w sobie zaawansowan\u0105 technologi\u0119 oraz niezwyk\u0142\u0105 wydajno\u015b\u0107, co czyni... wi\u0119cej\" \/>\n<meta property=\"og:url\" content=\"https:\/\/garden-label.pl\/sklep\/produkt\/tsc-mb341t-12-dots-mm-300-dpi-industrial-tspl-ezd-dedykowana-do-etykiet\/\" \/>\n<meta property=\"og:site_name\" content=\"Sklep Garden-Label: etykiety dla ogrodnictwa\" \/>\n<meta property=\"article:publisher\" content=\"https:\/\/www.facebook.com\/gardenlabelpl\" \/>\n<meta property=\"article:modified_time\" content=\"2026-04-13T08:34:16+00:00\" \/>\n<meta property=\"og:image\" content=\"https:\/\/garden-label.pl\/sklep\/wp-content\/uploads\/2025\/10\/2cb6fa5a5559970676f3fb50cab3a82d-1.png\" \/>\n\t<meta property=\"og:image:width\" content=\"400\" \/>\n\t<meta property=\"og:image:height\" content=\"400\" \/>\n\t<meta property=\"og:image:type\" content=\"image\/png\" \/>\n<meta name=\"twitter:card\" content=\"summary_large_image\" \/>\n<meta name=\"twitter:label1\" content=\"Cena\" \/>\n\t<meta name=\"twitter:data1\" content=\"4920,00&nbsp;&#122;&#322;\" \/>\n\t<meta name=\"twitter:label2\" content=\"Dost\u0119pno\u015b\u0107\" \/>\n\t<meta name=\"twitter:data2\" content=\"Brak w magazynie\" \/>\n<script type=\"application\/ld+json\" class=\"yoast-schema-graph\">{\"@context\":\"https:\\\/\\\/schema.org\",\"@graph\":[{\"@type\":\"WebPage\",\"@id\":\"https:\\\/\\\/garden-label.pl\\\/sklep\\\/produkt\\\/tsc-mb341t-12-dots-mm-300-dpi-industrial-tspl-ezd-dedykowana-do-etykiet\\\/\",\"url\":\"https:\\\/\\\/garden-label.pl\\\/sklep\\\/produkt\\\/tsc-mb341t-12-dots-mm-300-dpi-industrial-tspl-ezd-dedykowana-do-etykiet\\\/\",\"name\":\"TSC MB341T, 12 dots\\\/mm (300 dpi) INDUSTRIAL, TSPL-EZD, dedykowana drukarka do etykiet Garden-Label - Sklep Garden-Label: etykiety dla ogrodnictwa\",\"isPartOf\":{\"@id\":\"https:\\\/\\\/garden-label.pl\\\/sklep\\\/#website\"},\"primaryImageOfPage\":{\"@id\":\"https:\\\/\\\/garden-label.pl\\\/sklep\\\/produkt\\\/tsc-mb341t-12-dots-mm-300-dpi-industrial-tspl-ezd-dedykowana-do-etykiet\\\/#primaryimage\"},\"image\":{\"@id\":\"https:\\\/\\\/garden-label.pl\\\/sklep\\\/produkt\\\/tsc-mb341t-12-dots-mm-300-dpi-industrial-tspl-ezd-dedykowana-do-etykiet\\\/#primaryimage\"},\"thumbnailUrl\":\"https:\\\/\\\/garden-label.pl\\\/sklep\\\/wp-content\\\/uploads\\\/2025\\\/10\\\/2cb6fa5a5559970676f3fb50cab3a82d-1.png\",\"datePublished\":\"2024-11-14T07:18:12+00:00\",\"dateModified\":\"2026-04-13T08:34:16+00:00\",\"breadcrumb\":{\"@id\":\"https:\\\/\\\/garden-label.pl\\\/sklep\\\/produkt\\\/tsc-mb341t-12-dots-mm-300-dpi-industrial-tspl-ezd-dedykowana-do-etykiet\\\/#breadcrumb\"},\"inLanguage\":\"pl-PL\",\"potentialAction\":[{\"@type\":\"ReadAction\",\"target\":[\"https:\\\/\\\/garden-label.pl\\\/sklep\\\/produkt\\\/tsc-mb341t-12-dots-mm-300-dpi-industrial-tspl-ezd-dedykowana-do-etykiet\\\/\"]}]},{\"@type\":\"ImageObject\",\"inLanguage\":\"pl-PL\",\"@id\":\"https:\\\/\\\/garden-label.pl\\\/sklep\\\/produkt\\\/tsc-mb341t-12-dots-mm-300-dpi-industrial-tspl-ezd-dedykowana-do-etykiet\\\/#primaryimage\",\"url\":\"https:\\\/\\\/garden-label.pl\\\/sklep\\\/wp-content\\\/uploads\\\/2025\\\/10\\\/2cb6fa5a5559970676f3fb50cab3a82d-1.png\",\"contentUrl\":\"https:\\\/\\\/garden-label.pl\\\/sklep\\\/wp-content\\\/uploads\\\/2025\\\/10\\\/2cb6fa5a5559970676f3fb50cab3a82d-1.png\",\"width\":400,\"height\":400,\"caption\":\"6bc80ef6ddddcc303e8b64d243cc6433\"},{\"@type\":\"BreadcrumbList\",\"@id\":\"https:\\\/\\\/garden-label.pl\\\/sklep\\\/produkt\\\/tsc-mb341t-12-dots-mm-300-dpi-industrial-tspl-ezd-dedykowana-do-etykiet\\\/#breadcrumb\",\"itemListElement\":[{\"@type\":\"ListItem\",\"position\":1,\"name\":\"Strona g\u0142\u00f3wna\",\"item\":\"https:\\\/\\\/garden-label.pl\\\/sklep\\\/\"},{\"@type\":\"ListItem\",\"position\":2,\"name\":\"Home\",\"item\":\"https:\\\/\\\/garden-label.pl\\\/sklep\\\/\"},{\"@type\":\"ListItem\",\"position\":3,\"name\":\"TSC MB341T, 12 dots\\\/mm (300 dpi) INDUSTRIAL, TSPL-EZD, dedykowana drukarka do etykiet Garden-Label\"}]},{\"@type\":\"WebSite\",\"@id\":\"https:\\\/\\\/garden-label.pl\\\/sklep\\\/#website\",\"url\":\"https:\\\/\\\/garden-label.pl\\\/sklep\\\/\",\"name\":\"Sklep Garden-Label: etykiety dla ogrodnictwa, drukarki, oprogramowanie\",\"description\":\"ETYKIETY OGRODNICZE INFORMATYZACJA SZK\u00d3\u0141EK PASZPORTY RO\u015aLIN SKLEPY INTERNETOWE\",\"publisher\":{\"@id\":\"https:\\\/\\\/garden-label.pl\\\/sklep\\\/#organization\"},\"potentialAction\":[{\"@type\":\"SearchAction\",\"target\":{\"@type\":\"EntryPoint\",\"urlTemplate\":\"https:\\\/\\\/garden-label.pl\\\/sklep\\\/?s={search_term_string}\"},\"query-input\":{\"@type\":\"PropertyValueSpecification\",\"valueRequired\":true,\"valueName\":\"search_term_string\"}}],\"inLanguage\":\"pl-PL\"},{\"@type\":\"Organization\",\"@id\":\"https:\\\/\\\/garden-label.pl\\\/sklep\\\/#organization\",\"name\":\"Sklep Garden-Label: etykiety dla ogrodnictwa, drukarki, oprogramowanie\",\"url\":\"https:\\\/\\\/garden-label.pl\\\/sklep\\\/\",\"logo\":{\"@type\":\"ImageObject\",\"inLanguage\":\"pl-PL\",\"@id\":\"https:\\\/\\\/garden-label.pl\\\/sklep\\\/#\\\/schema\\\/logo\\\/image\\\/\",\"url\":\"https:\\\/\\\/garden-label.pl\\\/sklep\\\/wp-content\\\/uploads\\\/2024\\\/01\\\/GardenLabel-pastelowe.png\",\"contentUrl\":\"https:\\\/\\\/garden-label.pl\\\/sklep\\\/wp-content\\\/uploads\\\/2024\\\/01\\\/GardenLabel-pastelowe.png\",\"width\":2566,\"height\":1054,\"caption\":\"Sklep Garden-Label: etykiety dla ogrodnictwa, drukarki, oprogramowanie\"},\"image\":{\"@id\":\"https:\\\/\\\/garden-label.pl\\\/sklep\\\/#\\\/schema\\\/logo\\\/image\\\/\"},\"sameAs\":[\"https:\\\/\\\/www.facebook.com\\\/gardenlabelpl\"]}]}<\/script>\n<meta property=\"product:price:amount\" content=\"4920.00\" \/>\n<meta property=\"product:price:currency\" content=\"PLN\" \/>\n<meta property=\"og:availability\" content=\"out of stock\" \/>\n<meta property=\"product:availability\" content=\"out of stock\" \/>\n<meta property=\"product:condition\" content=\"new\" \/>\n<!-- \/ Yoast SEO Premium plugin. -->","yoast_head_json":{"title":"TSC MB341T, 12 dots\/mm (300 dpi) INDUSTRIAL, TSPL-EZD, dedykowana drukarka do etykiet Garden-Label - Sklep Garden-Label: etykiety dla ogrodnictwa","robots":{"index":"index","follow":"follow","max-snippet":"max-snippet:-1","max-image-preview":"max-image-preview:large","max-video-preview":"max-video-preview:-1"},"canonical":"https:\/\/garden-label.pl\/sklep\/produkt\/tsc-mb341t-12-dots-mm-300-dpi-industrial-tspl-ezd-dedykowana-do-etykiet\/","og_locale":"pl_PL","og_type":"article","og_title":"TSC MB341T, 12 dots\/mm (300 dpi) INDUSTRIAL, TSPL-EZD, dedykowana drukarka do etykiet Garden-Label","og_description":"Dedykowana drukarka do etykiet Garden-Label - preinstalowana. Drukarka etykiet TSC MB341T to nowoczesne rozwi\u0105zanie, kt\u00f3re \u0142\u0105czy w sobie zaawansowan\u0105 technologi\u0119 oraz niezwyk\u0142\u0105 wydajno\u015b\u0107, co czyni... wi\u0119cej","og_url":"https:\/\/garden-label.pl\/sklep\/produkt\/tsc-mb341t-12-dots-mm-300-dpi-industrial-tspl-ezd-dedykowana-do-etykiet\/","og_site_name":"Sklep Garden-Label: etykiety dla ogrodnictwa","article_publisher":"https:\/\/www.facebook.com\/gardenlabelpl","article_modified_time":"2026-04-13T08:34:16+00:00","og_image":[{"width":400,"height":400,"url":"https:\/\/garden-label.pl\/sklep\/wp-content\/uploads\/2025\/10\/2cb6fa5a5559970676f3fb50cab3a82d-1.png","type":"image\/png"}],"twitter_card":"summary_large_image","twitter_misc":{"Cena":"4920,00&nbsp;&#122;&#322;","Dost\u0119pno\u015b\u0107":"Brak w magazynie"},"schema":{"@context":"https:\/\/schema.org","@graph":[{"@type":"WebPage","@id":"https:\/\/garden-label.pl\/sklep\/produkt\/tsc-mb341t-12-dots-mm-300-dpi-industrial-tspl-ezd-dedykowana-do-etykiet\/","url":"https:\/\/garden-label.pl\/sklep\/produkt\/tsc-mb341t-12-dots-mm-300-dpi-industrial-tspl-ezd-dedykowana-do-etykiet\/","name":"TSC MB341T, 12 dots\/mm (300 dpi) INDUSTRIAL, TSPL-EZD, dedykowana drukarka do etykiet Garden-Label - Sklep Garden-Label: etykiety dla ogrodnictwa","isPartOf":{"@id":"https:\/\/garden-label.pl\/sklep\/#website"},"primaryImageOfPage":{"@id":"https:\/\/garden-label.pl\/sklep\/produkt\/tsc-mb341t-12-dots-mm-300-dpi-industrial-tspl-ezd-dedykowana-do-etykiet\/#primaryimage"},"image":{"@id":"https:\/\/garden-label.pl\/sklep\/produkt\/tsc-mb341t-12-dots-mm-300-dpi-industrial-tspl-ezd-dedykowana-do-etykiet\/#primaryimage"},"thumbnailUrl":"https:\/\/garden-label.pl\/sklep\/wp-content\/uploads\/2025\/10\/2cb6fa5a5559970676f3fb50cab3a82d-1.png","datePublished":"2024-11-14T07:18:12+00:00","dateModified":"2026-04-13T08:34:16+00:00","breadcrumb":{"@id":"https:\/\/garden-label.pl\/sklep\/produkt\/tsc-mb341t-12-dots-mm-300-dpi-industrial-tspl-ezd-dedykowana-do-etykiet\/#breadcrumb"},"inLanguage":"pl-PL","potentialAction":[{"@type":"ReadAction","target":["https:\/\/garden-label.pl\/sklep\/produkt\/tsc-mb341t-12-dots-mm-300-dpi-industrial-tspl-ezd-dedykowana-do-etykiet\/"]}]},{"@type":"ImageObject","inLanguage":"pl-PL","@id":"https:\/\/garden-label.pl\/sklep\/produkt\/tsc-mb341t-12-dots-mm-300-dpi-industrial-tspl-ezd-dedykowana-do-etykiet\/#primaryimage","url":"https:\/\/garden-label.pl\/sklep\/wp-content\/uploads\/2025\/10\/2cb6fa5a5559970676f3fb50cab3a82d-1.png","contentUrl":"https:\/\/garden-label.pl\/sklep\/wp-content\/uploads\/2025\/10\/2cb6fa5a5559970676f3fb50cab3a82d-1.png","width":400,"height":400,"caption":"6bc80ef6ddddcc303e8b64d243cc6433"},{"@type":"BreadcrumbList","@id":"https:\/\/garden-label.pl\/sklep\/produkt\/tsc-mb341t-12-dots-mm-300-dpi-industrial-tspl-ezd-dedykowana-do-etykiet\/#breadcrumb","itemListElement":[{"@type":"ListItem","position":1,"name":"Strona g\u0142\u00f3wna","item":"https:\/\/garden-label.pl\/sklep\/"},{"@type":"ListItem","position":2,"name":"Home","item":"https:\/\/garden-label.pl\/sklep\/"},{"@type":"ListItem","position":3,"name":"TSC MB341T, 12 dots\/mm (300 dpi) INDUSTRIAL, TSPL-EZD, dedykowana drukarka do etykiet Garden-Label"}]},{"@type":"WebSite","@id":"https:\/\/garden-label.pl\/sklep\/#website","url":"https:\/\/garden-label.pl\/sklep\/","name":"Sklep Garden-Label: etykiety dla ogrodnictwa, drukarki, oprogramowanie","description":"ETYKIETY OGRODNICZE INFORMATYZACJA SZK\u00d3\u0141EK PASZPORTY RO\u015aLIN SKLEPY INTERNETOWE","publisher":{"@id":"https:\/\/garden-label.pl\/sklep\/#organization"},"potentialAction":[{"@type":"SearchAction","target":{"@type":"EntryPoint","urlTemplate":"https:\/\/garden-label.pl\/sklep\/?s={search_term_string}"},"query-input":{"@type":"PropertyValueSpecification","valueRequired":true,"valueName":"search_term_string"}}],"inLanguage":"pl-PL"},{"@type":"Organization","@id":"https:\/\/garden-label.pl\/sklep\/#organization","name":"Sklep Garden-Label: etykiety dla ogrodnictwa, drukarki, oprogramowanie","url":"https:\/\/garden-label.pl\/sklep\/","logo":{"@type":"ImageObject","inLanguage":"pl-PL","@id":"https:\/\/garden-label.pl\/sklep\/#\/schema\/logo\/image\/","url":"https:\/\/garden-label.pl\/sklep\/wp-content\/uploads\/2024\/01\/GardenLabel-pastelowe.png","contentUrl":"https:\/\/garden-label.pl\/sklep\/wp-content\/uploads\/2024\/01\/GardenLabel-pastelowe.png","width":2566,"height":1054,"caption":"Sklep Garden-Label: etykiety dla ogrodnictwa, drukarki, oprogramowanie"},"image":{"@id":"https:\/\/garden-label.pl\/sklep\/#\/schema\/logo\/image\/"},"sameAs":["https:\/\/www.facebook.com\/gardenlabelpl"]}]},"product_price_amount":"4920.00","product_price_currency":"PLN","og_availability":"out of stock","product_availability":"out of stock","product_condition":"new"},"_links":{"self":[{"href":"https:\/\/garden-label.pl\/sklep\/wp-json\/wp\/v2\/product\/12469","targetHints":{"allow":["GET"]}}],"collection":[{"href":"https:\/\/garden-label.pl\/sklep\/wp-json\/wp\/v2\/product"}],"about":[{"href":"https:\/\/garden-label.pl\/sklep\/wp-json\/wp\/v2\/types\/product"}],"replies":[{"embeddable":true,"href":"https:\/\/garden-label.pl\/sklep\/wp-json\/wp\/v2\/comments?post=12469"}],"version-history":[{"count":1,"href":"https:\/\/garden-label.pl\/sklep\/wp-json\/wp\/v2\/product\/12469\/revisions"}],"predecessor-version":[{"id":108864,"href":"https:\/\/garden-label.pl\/sklep\/wp-json\/wp\/v2\/product\/12469\/revisions\/108864"}],"wp:featuredmedia":[{"embeddable":true,"href":"https:\/\/garden-label.pl\/sklep\/wp-json\/wp\/v2\/media\/86881"}],"wp:attachment":[{"href":"https:\/\/garden-label.pl\/sklep\/wp-json\/wp\/v2\/media?parent=12469"}],"wp:term":[{"taxonomy":"product_brand","embeddable":true,"href":"https:\/\/garden-label.pl\/sklep\/wp-json\/wp\/v2\/product_brand?post=12469"},{"taxonomy":"product_cat","embeddable":true,"href":"https:\/\/garden-label.pl\/sklep\/wp-json\/wp\/v2\/product_cat?post=12469"},{"taxonomy":"product_tag","embeddable":true,"href":"https:\/\/garden-label.pl\/sklep\/wp-json\/wp\/v2\/product_tag?post=12469"}],"curies":[{"name":"wp","href":"https:\/\/api.w.org\/{rel}","templated":true}]}}