{"id":11108,"date":"2024-10-07T13:18:25","date_gmt":"2024-10-07T11:18:25","guid":{"rendered":"https:\/\/garden-label.pl\/sklep\/produkt\/etykiety-ogrodnicze-wiazane-duze-250x17-17x250-mm-3750-szt-zolte\/"},"modified":"2026-03-13T07:36:01","modified_gmt":"2026-03-13T06:36:01","slug":"etykiety-ogrodnicze-wiazane-duze-250x17-17x250-mm-3750-szt-zolte","status":"publish","type":"product","link":"https:\/\/garden-label.pl\/sklep\/produkt\/etykiety-ogrodnicze-wiazane-duze-250x17-17x250-mm-3750-szt-zolte\/","title":{"rendered":"Etykiety ogrodnicze\/sadownicze p\u0119tlowe \u017b\u00d3\u0141TE 250x17mm(17&#215;250) 3750szt"},"content":{"rendered":"<section class=\"section\">\n<div class=\"item item-12\">\n<section class=\"text-item\">\n<h1>Etykiety ogrodnicze \/sadownicze p\u0119tlowe \u017b\u00d3\u0141TE D\u0141UGIE 250x17mm \u00a0(17&#215;250)\u00a0 3750 sztuk<\/h1>\n<p>Etykieta p\u0119tlowa (p\u0119telkowa, wi\u0105zana) jest przeznaczona do druku termotransferowego TT i pisania za pomoc\u0105 wodoodpornego markera, co czyni j\u0105 odpowiedni\u0105 do u\u017cytku zewn\u0119trznego i odporn\u0105 na warunki atmosferyczne. Etykiety s\u0105 zaprojektowane tak, aby wytrzyma\u0107 deszcz, promienie s\u0142oneczne i inne zewn\u0119trzne warunki, co zapewnia, \u017ce informacje pozostan\u0105 czytelne przez d\u0142ugi czas. S\u0105 idealne do oznaczania ro\u015blin w ogrodach, szk\u00f3\u0142kach, sadowniczych i rolniczych aplikacjach, gdzie potrzebne jest trwa\u0142e i d\u0142ugotrwa\u0142e oznakowanie.<\/p>\n<\/section><\/div>\n<\/section>\n<section class=\"section\">\n<div class=\"item item-6\">\n<section class=\"image-item\">\n            <img decoding=\"async\" src=\"https:\/\/upload.cdn.baselinker.com\/products\/6003689\/e95befbe6047b22c6a02db40144d1ca8.jpg\"><br \/>\n        <\/section>\n<\/p><\/div>\n<div class=\"item item-6\">\n<section class=\"text-item\">\n<p>Produkujemy specjalistyczne etykiety dla ogrodnictwa od ponad <b>10 lat<\/b><\/p>\n<p>wymiary pojedynczej etykiety:<\/p>\n<p>d\u0142ugo\u015b\u0107 250 mm x szeroko\u015b\u0107 17 mm<\/p>\n<p>kolor: \u017c\u00f3\u0142ty<\/p>\n<p>ilo\u015b\u0107: 3750 szt.<\/p>\n<p><b>Etykiety p\u0119telkowe mo\u017cna opisa\u0107 markerem lub zadrukowa\u0107 w drukarce termotransferowej.<\/b><\/p>\n<p>Wymiary etykiety pozwalaj\u0105 nadrukowa\u0107 na niej np.:<\/p>\n<p>&#8211; nazw\u0119 polsk\u0105 i \u0142aci\u0144sk\u0105 ro\u015bliny<\/p>\n<p>&#8211; paszport ro\u015bliny<\/p>\n<p>&#8211; kod kreskowy<\/p>\n<p>&#8211; cen\u0119, itp.<\/p>\n<\/section><\/div>\n<\/section>\n<section class=\"section\">\n<div class=\"item item-6\">\n<section class=\"text-item\">\n<p>Etykieta wi\u0105zana ogrodnicza, znana r\u00f3wnie\u017c jako etykieta p\u0119tlowa lub p\u0119telkowa, to praktyczne narz\u0119dzie u\u017cywane do oznaczania i identyfikacji ro\u015blin. Wykonane z trwa\u0142ego materia\u0142u Allfolin HDPE, etykiety te s\u0105 odporne na warunki atmosferyczne, co pozwala na ich d\u0142ugotrwa\u0142e stosowanie przez kilka sezon\u00f3w. Dzi\u0119ki swojej konstrukcji, etykiety mo\u017cna \u0142atwo montowa\u0107 bezpo\u015brednio na oznaczonych ro\u015blinach, co sprawia, \u017ce s\u0105 one idealne do zastosowania w ogrodach, szk\u00f3\u0142kach ro\u015blin, a tak\u017ce w profesjonalnych gospodarstwach ogrodniczych. Etykiety p\u0119tlowe s\u0105 dost\u0119pne w r\u00f3\u017cnych rozmiarach i kolorach, co pozwala na lepsz\u0105 organizacj\u0119 i identyfikacj\u0119 ro\u015blin. Ich design umo\u017cliwia \u0142atwe przyczepienie do \u0142odyg, ga\u0142\u0119zi czy sadzonek bez konieczno\u015bci u\u017cycia dodatkowych narz\u0119dzi. Etykiety te mog\u0105 by\u0107 r\u00f3wnie\u017c stosowane na doniczkach czy tabliczkach informacyjnych, oferuj\u0105c szerokie zastosowanie w r\u00f3\u017cnych warunkach ogrodniczych. Dodatkowo, materia\u0142 Allfolin HDPE posiada certyfikat do kontaktu z \u017cywno\u015bci\u0105, co czyni etykiety bezpiecznymi r\u00f3wnie\u017c w kontek\u015bcie oznaczania ro\u015blin jadalnych i u\u017cytku w gospodarstwach produkuj\u0105cych \u017cywno\u015b\u0107. Etykieta w arkuszach Produkt przeznaczony do oznaczenia ro\u015bliny na \u0142odydze sadzonki, ga\u0142\u0119zi lub pniu. P\u0119telka wykonana jest z trwa\u0142ego i odpornego materia\u0142u, kt\u00f3ry znosi dzia\u0142anie czynnik\u00f3w zewn\u0119trznych &#8211; etykiety s\u0105 odporne na wod\u0119, nas\u0142onecznienie, wysokie i niskie temperatury.<\/p>\n<\/section><\/div>\n<div class=\"item item-6\">\n<section class=\"image-item\">\n            <img decoding=\"async\" src=\"https:\/\/upload.cdn.baselinker.com\/products\/6003689\/6f925cae624bad497868d96f5b587e06.jpg\"><br \/>\n        <\/section>\n<\/p><\/div>\n<\/section>\n<section class=\"section\">\n<div class=\"item item-6\">\n<section class=\"image-item\">\n            <img decoding=\"async\" src=\"https:\/\/upload.cdn.baselinker.com\/products\/6003689\/8dd79fbcbd722f7fb8fb7b5cf4253def.jpg\"><br \/>\n        <\/section>\n<\/p><\/div>\n<div class=\"item item-6\">\n<section class=\"image-item\">\n            <img decoding=\"async\" src=\"https:\/\/upload.cdn.baselinker.com\/products\/6003689\/0dad162e303b38f6e0517d0b06d27de6.jpg\"><br \/>\n        <\/section>\n<\/p><\/div>\n<\/section>\n<section class=\"section\">\n<div class=\"item item-6\">\n<section class=\"image-item\">\n            <img decoding=\"async\" src=\"https:\/\/upload.cdn.baselinker.com\/products\/6003689\/c5979cac625a328989c70d3b7d90a681.jpg\"><br \/>\n        <\/section>\n<\/p><\/div>\n<div class=\"item item-6\">\n<section class=\"image-item\">\n            <img decoding=\"async\" src=\"https:\/\/upload.cdn.baselinker.com\/products\/6003689\/7a0b84e6bbb8a4b30414fe32671a3d18.jpg\"><br \/>\n        <\/section>\n<\/p><\/div>\n<\/section>\n<section class=\"section\">\n<div class=\"item item-12\">\n<section class=\"image-item\">\n            <img decoding=\"async\" src=\"https:\/\/upload.cdn.baselinker.com\/products\/6003689\/51c5d1594fb3f05100197dd9e647e2fe.jpg\"><br \/>\n        <\/section>\n<\/p><\/div>\n<\/section>\n<p>Instrukcja obs\u0142ugi: https:\/\/garden-label.pl\/instrukcje\/<\/p>\n<p>producent\/przedstawiciel\/informacje o bezpiecze\u0144stwie: https:\/\/anetpol.pl\/regulamin-sklepu-internetowego\/<br \/>biuro@anetpol.pl<\/p>\n","protected":false},"excerpt":{"rendered":"<p>Etykiety ogrodnicze wi\u0105zane DU\u017bE 250&#215;17 mm to niezast\u0105pione narz\u0119dzie w ka\u017cdej szk\u00f3\u0142ce, ogrodzie i gospodarstwie, kt\u00f3re zajmuje si\u0119 upraw\u0105 ro\u015blin. Wyprodukowane z wysoce trwa\u0142ego materia\u0142u&#8230; <a href=\"https:\/\/garden-label.pl\/sklep\/produkt\/etykiety-ogrodnicze-wiazane-duze-250x17-17x250-mm-3750-szt-zolte\/\">wi\u0119cej<\/a><\/p>\n","protected":false},"featured_media":83925,"comment_status":"open","ping_status":"closed","template":"","meta":[],"product_brand":[910],"product_cat":[1087,1084,1116,1128,1085,1124,1086,15],"product_tag":[1082,896,897,898,899,900,902,903,904,908,915,1083,919,930,912,923],"class_list":{"0":"post-11108","1":"product","2":"type-product","3":"status-publish","4":"has-post-thumbnail","6":"product_brand-garden-label-pl","7":"product_cat-akcesoria","8":"product_cat-dom-i-ogrod","9":"product_cat-etykiety","10":"product_cat-kolorowe-petlowe-wiazane-termotransferowe","11":"product_cat-ogrod","12":"product_cat-petlowe-wiazane-termotransferowe","13":"product_cat-rosliny","14":"product_cat-sklep","15":"product_tag-anetpol","16":"product_tag-etykiety-do-opisu-roslin","17":"product_tag-etykiety-do-pisania","18":"product_tag-etykiety-kolorowe","19":"product_tag-etykiety-ogrodnicze","20":"product_tag-etykiety-petlowe","21":"product_tag-garden-label","22":"product_tag-gilza-40-mm","23":"product_tag-gilza-76-mm","24":"product_tag-rolka","25":"product_tag-srednica-nawoju-do-20-cm","26":"product_tag-supermerchant","27":"product_tag-wydruki","28":"product_tag-wymiar-250x17mm-17x250","29":"product_tag-zestawy-do-opisu-roslin","30":"product_tag-zolte","31":"sales-flash-overlay","32":"woocommerce-text-align-left","33":"woocommerce-image-align-center","34":"do-quantity-buttons","35":"wc-has-gallery","37":"first","38":"instock","39":"taxable","40":"shipping-taxable","41":"purchasable","42":"product-type-simple"},"yoast_head":"<!-- This site is optimized with the Yoast SEO Premium plugin v26.3 (Yoast SEO v27.3) - https:\/\/yoast.com\/product\/yoast-seo-premium-wordpress\/ -->\n<title>Etykiety ogrodnicze\/sadownicze p\u0119tlowe \u017b\u00d3\u0141TE 250x17mm(17x250) 3750szt - Sklep Garden-Label: etykiety dla ogrodnictwa<\/title>\n<meta name=\"robots\" content=\"index, follow, max-snippet:-1, max-image-preview:large, max-video-preview:-1\" \/>\n<link rel=\"canonical\" href=\"https:\/\/garden-label.pl\/sklep\/produkt\/etykiety-ogrodnicze-wiazane-duze-250x17-17x250-mm-3750-szt-zolte\/\" \/>\n<meta property=\"og:locale\" content=\"pl_PL\" \/>\n<meta property=\"og:type\" content=\"article\" \/>\n<meta property=\"og:title\" content=\"Etykiety ogrodnicze\/sadownicze p\u0119tlowe \u017b\u00d3\u0141TE 250x17mm(17x250) 3750szt\" \/>\n<meta property=\"og:description\" content=\"Etykiety ogrodnicze wi\u0105zane DU\u017bE 250x17 mm to niezast\u0105pione narz\u0119dzie w ka\u017cdej szk\u00f3\u0142ce, ogrodzie i gospodarstwie, kt\u00f3re zajmuje si\u0119 upraw\u0105 ro\u015blin. Wyprodukowane z wysoce trwa\u0142ego materia\u0142u... wi\u0119cej\" \/>\n<meta property=\"og:url\" content=\"https:\/\/garden-label.pl\/sklep\/produkt\/etykiety-ogrodnicze-wiazane-duze-250x17-17x250-mm-3750-szt-zolte\/\" \/>\n<meta property=\"og:site_name\" content=\"Sklep Garden-Label: etykiety dla ogrodnictwa\" \/>\n<meta property=\"article:publisher\" content=\"https:\/\/www.facebook.com\/gardenlabelpl\" \/>\n<meta property=\"article:modified_time\" content=\"2026-03-13T06:36:01+00:00\" \/>\n<meta property=\"og:image\" content=\"https:\/\/garden-label.pl\/sklep\/wp-content\/uploads\/2025\/10\/e95befbe6047b22c6a02db40144d1ca8.jpg\" \/>\n\t<meta property=\"og:image:width\" content=\"2560\" \/>\n\t<meta property=\"og:image:height\" content=\"1706\" \/>\n\t<meta property=\"og:image:type\" content=\"image\/jpeg\" \/>\n<meta name=\"twitter:card\" content=\"summary_large_image\" \/>\n<meta name=\"twitter:label1\" content=\"Cena\" \/>\n\t<meta name=\"twitter:data1\" content=\"305,00&nbsp;&#122;&#322;\" \/>\n\t<meta name=\"twitter:label2\" content=\"Dost\u0119pno\u015b\u0107\" \/>\n\t<meta name=\"twitter:data2\" content=\"Dost\u0119pny\" \/>\n<script type=\"application\/ld+json\" class=\"yoast-schema-graph\">{\"@context\":\"https:\\\/\\\/schema.org\",\"@graph\":[{\"@type\":\"WebPage\",\"@id\":\"https:\\\/\\\/garden-label.pl\\\/sklep\\\/produkt\\\/etykiety-ogrodnicze-wiazane-duze-250x17-17x250-mm-3750-szt-zolte\\\/\",\"url\":\"https:\\\/\\\/garden-label.pl\\\/sklep\\\/produkt\\\/etykiety-ogrodnicze-wiazane-duze-250x17-17x250-mm-3750-szt-zolte\\\/\",\"name\":\"Etykiety ogrodnicze\\\/sadownicze p\u0119tlowe \u017b\u00d3\u0141TE 250x17mm(17x250) 3750szt - Sklep Garden-Label: etykiety dla ogrodnictwa\",\"isPartOf\":{\"@id\":\"https:\\\/\\\/garden-label.pl\\\/sklep\\\/#website\"},\"primaryImageOfPage\":{\"@id\":\"https:\\\/\\\/garden-label.pl\\\/sklep\\\/produkt\\\/etykiety-ogrodnicze-wiazane-duze-250x17-17x250-mm-3750-szt-zolte\\\/#primaryimage\"},\"image\":{\"@id\":\"https:\\\/\\\/garden-label.pl\\\/sklep\\\/produkt\\\/etykiety-ogrodnicze-wiazane-duze-250x17-17x250-mm-3750-szt-zolte\\\/#primaryimage\"},\"thumbnailUrl\":\"https:\\\/\\\/garden-label.pl\\\/sklep\\\/wp-content\\\/uploads\\\/2025\\\/10\\\/e95befbe6047b22c6a02db40144d1ca8.jpg\",\"datePublished\":\"2024-10-07T11:18:25+00:00\",\"dateModified\":\"2026-03-13T06:36:01+00:00\",\"breadcrumb\":{\"@id\":\"https:\\\/\\\/garden-label.pl\\\/sklep\\\/produkt\\\/etykiety-ogrodnicze-wiazane-duze-250x17-17x250-mm-3750-szt-zolte\\\/#breadcrumb\"},\"inLanguage\":\"pl-PL\",\"potentialAction\":[{\"@type\":\"ReadAction\",\"target\":[\"https:\\\/\\\/garden-label.pl\\\/sklep\\\/produkt\\\/etykiety-ogrodnicze-wiazane-duze-250x17-17x250-mm-3750-szt-zolte\\\/\"]}]},{\"@type\":\"ImageObject\",\"inLanguage\":\"pl-PL\",\"@id\":\"https:\\\/\\\/garden-label.pl\\\/sklep\\\/produkt\\\/etykiety-ogrodnicze-wiazane-duze-250x17-17x250-mm-3750-szt-zolte\\\/#primaryimage\",\"url\":\"https:\\\/\\\/garden-label.pl\\\/sklep\\\/wp-content\\\/uploads\\\/2025\\\/10\\\/e95befbe6047b22c6a02db40144d1ca8.jpg\",\"contentUrl\":\"https:\\\/\\\/garden-label.pl\\\/sklep\\\/wp-content\\\/uploads\\\/2025\\\/10\\\/e95befbe6047b22c6a02db40144d1ca8.jpg\",\"width\":2560,\"height\":1706,\"caption\":\"1bccf05c4dfb5b7c9645866216fd4065\"},{\"@type\":\"BreadcrumbList\",\"@id\":\"https:\\\/\\\/garden-label.pl\\\/sklep\\\/produkt\\\/etykiety-ogrodnicze-wiazane-duze-250x17-17x250-mm-3750-szt-zolte\\\/#breadcrumb\",\"itemListElement\":[{\"@type\":\"ListItem\",\"position\":1,\"name\":\"Strona g\u0142\u00f3wna\",\"item\":\"https:\\\/\\\/garden-label.pl\\\/sklep\\\/\"},{\"@type\":\"ListItem\",\"position\":2,\"name\":\"Home\",\"item\":\"https:\\\/\\\/garden-label.pl\\\/sklep\\\/\"},{\"@type\":\"ListItem\",\"position\":3,\"name\":\"Etykiety ogrodnicze\\\/sadownicze p\u0119tlowe \u017b\u00d3\u0141TE 250x17mm(17&#215;250) 3750szt\"}]},{\"@type\":\"WebSite\",\"@id\":\"https:\\\/\\\/garden-label.pl\\\/sklep\\\/#website\",\"url\":\"https:\\\/\\\/garden-label.pl\\\/sklep\\\/\",\"name\":\"Sklep Garden-Label: etykiety dla ogrodnictwa, drukarki, oprogramowanie\",\"description\":\"ETYKIETY OGRODNICZE INFORMATYZACJA SZK\u00d3\u0141EK PASZPORTY RO\u015aLIN SKLEPY INTERNETOWE\",\"publisher\":{\"@id\":\"https:\\\/\\\/garden-label.pl\\\/sklep\\\/#organization\"},\"potentialAction\":[{\"@type\":\"SearchAction\",\"target\":{\"@type\":\"EntryPoint\",\"urlTemplate\":\"https:\\\/\\\/garden-label.pl\\\/sklep\\\/?s={search_term_string}\"},\"query-input\":{\"@type\":\"PropertyValueSpecification\",\"valueRequired\":true,\"valueName\":\"search_term_string\"}}],\"inLanguage\":\"pl-PL\"},{\"@type\":\"Organization\",\"@id\":\"https:\\\/\\\/garden-label.pl\\\/sklep\\\/#organization\",\"name\":\"Sklep Garden-Label: etykiety dla ogrodnictwa, drukarki, oprogramowanie\",\"url\":\"https:\\\/\\\/garden-label.pl\\\/sklep\\\/\",\"logo\":{\"@type\":\"ImageObject\",\"inLanguage\":\"pl-PL\",\"@id\":\"https:\\\/\\\/garden-label.pl\\\/sklep\\\/#\\\/schema\\\/logo\\\/image\\\/\",\"url\":\"https:\\\/\\\/garden-label.pl\\\/sklep\\\/wp-content\\\/uploads\\\/2024\\\/01\\\/GardenLabel-pastelowe.png\",\"contentUrl\":\"https:\\\/\\\/garden-label.pl\\\/sklep\\\/wp-content\\\/uploads\\\/2024\\\/01\\\/GardenLabel-pastelowe.png\",\"width\":2566,\"height\":1054,\"caption\":\"Sklep Garden-Label: etykiety dla ogrodnictwa, drukarki, oprogramowanie\"},\"image\":{\"@id\":\"https:\\\/\\\/garden-label.pl\\\/sklep\\\/#\\\/schema\\\/logo\\\/image\\\/\"},\"sameAs\":[\"https:\\\/\\\/www.facebook.com\\\/gardenlabelpl\"]}]}<\/script>\n<meta property=\"product:brand\" content=\"Garden Label\" \/>\n<meta property=\"product:price:amount\" content=\"305.00\" \/>\n<meta property=\"product:price:currency\" content=\"PLN\" \/>\n<meta property=\"og:availability\" content=\"instock\" \/>\n<meta property=\"product:availability\" content=\"instock\" \/>\n<meta property=\"product:retailer_item_id\" content=\"5906792142261\" \/>\n<meta property=\"product:condition\" content=\"new\" \/>\n<!-- \/ Yoast SEO Premium plugin. -->","yoast_head_json":{"title":"Etykiety ogrodnicze\/sadownicze p\u0119tlowe \u017b\u00d3\u0141TE 250x17mm(17x250) 3750szt - Sklep Garden-Label: etykiety dla ogrodnictwa","robots":{"index":"index","follow":"follow","max-snippet":"max-snippet:-1","max-image-preview":"max-image-preview:large","max-video-preview":"max-video-preview:-1"},"canonical":"https:\/\/garden-label.pl\/sklep\/produkt\/etykiety-ogrodnicze-wiazane-duze-250x17-17x250-mm-3750-szt-zolte\/","og_locale":"pl_PL","og_type":"article","og_title":"Etykiety ogrodnicze\/sadownicze p\u0119tlowe \u017b\u00d3\u0141TE 250x17mm(17x250) 3750szt","og_description":"Etykiety ogrodnicze wi\u0105zane DU\u017bE 250x17 mm to niezast\u0105pione narz\u0119dzie w ka\u017cdej szk\u00f3\u0142ce, ogrodzie i gospodarstwie, kt\u00f3re zajmuje si\u0119 upraw\u0105 ro\u015blin. Wyprodukowane z wysoce trwa\u0142ego materia\u0142u... wi\u0119cej","og_url":"https:\/\/garden-label.pl\/sklep\/produkt\/etykiety-ogrodnicze-wiazane-duze-250x17-17x250-mm-3750-szt-zolte\/","og_site_name":"Sklep Garden-Label: etykiety dla ogrodnictwa","article_publisher":"https:\/\/www.facebook.com\/gardenlabelpl","article_modified_time":"2026-03-13T06:36:01+00:00","og_image":[{"width":2560,"height":1706,"url":"https:\/\/garden-label.pl\/sklep\/wp-content\/uploads\/2025\/10\/e95befbe6047b22c6a02db40144d1ca8.jpg","type":"image\/jpeg"}],"twitter_card":"summary_large_image","twitter_misc":{"Cena":"305,00&nbsp;&#122;&#322;","Dost\u0119pno\u015b\u0107":"Dost\u0119pny"},"schema":{"@context":"https:\/\/schema.org","@graph":[{"@type":"WebPage","@id":"https:\/\/garden-label.pl\/sklep\/produkt\/etykiety-ogrodnicze-wiazane-duze-250x17-17x250-mm-3750-szt-zolte\/","url":"https:\/\/garden-label.pl\/sklep\/produkt\/etykiety-ogrodnicze-wiazane-duze-250x17-17x250-mm-3750-szt-zolte\/","name":"Etykiety ogrodnicze\/sadownicze p\u0119tlowe \u017b\u00d3\u0141TE 250x17mm(17x250) 3750szt - Sklep Garden-Label: etykiety dla ogrodnictwa","isPartOf":{"@id":"https:\/\/garden-label.pl\/sklep\/#website"},"primaryImageOfPage":{"@id":"https:\/\/garden-label.pl\/sklep\/produkt\/etykiety-ogrodnicze-wiazane-duze-250x17-17x250-mm-3750-szt-zolte\/#primaryimage"},"image":{"@id":"https:\/\/garden-label.pl\/sklep\/produkt\/etykiety-ogrodnicze-wiazane-duze-250x17-17x250-mm-3750-szt-zolte\/#primaryimage"},"thumbnailUrl":"https:\/\/garden-label.pl\/sklep\/wp-content\/uploads\/2025\/10\/e95befbe6047b22c6a02db40144d1ca8.jpg","datePublished":"2024-10-07T11:18:25+00:00","dateModified":"2026-03-13T06:36:01+00:00","breadcrumb":{"@id":"https:\/\/garden-label.pl\/sklep\/produkt\/etykiety-ogrodnicze-wiazane-duze-250x17-17x250-mm-3750-szt-zolte\/#breadcrumb"},"inLanguage":"pl-PL","potentialAction":[{"@type":"ReadAction","target":["https:\/\/garden-label.pl\/sklep\/produkt\/etykiety-ogrodnicze-wiazane-duze-250x17-17x250-mm-3750-szt-zolte\/"]}]},{"@type":"ImageObject","inLanguage":"pl-PL","@id":"https:\/\/garden-label.pl\/sklep\/produkt\/etykiety-ogrodnicze-wiazane-duze-250x17-17x250-mm-3750-szt-zolte\/#primaryimage","url":"https:\/\/garden-label.pl\/sklep\/wp-content\/uploads\/2025\/10\/e95befbe6047b22c6a02db40144d1ca8.jpg","contentUrl":"https:\/\/garden-label.pl\/sklep\/wp-content\/uploads\/2025\/10\/e95befbe6047b22c6a02db40144d1ca8.jpg","width":2560,"height":1706,"caption":"1bccf05c4dfb5b7c9645866216fd4065"},{"@type":"BreadcrumbList","@id":"https:\/\/garden-label.pl\/sklep\/produkt\/etykiety-ogrodnicze-wiazane-duze-250x17-17x250-mm-3750-szt-zolte\/#breadcrumb","itemListElement":[{"@type":"ListItem","position":1,"name":"Strona g\u0142\u00f3wna","item":"https:\/\/garden-label.pl\/sklep\/"},{"@type":"ListItem","position":2,"name":"Home","item":"https:\/\/garden-label.pl\/sklep\/"},{"@type":"ListItem","position":3,"name":"Etykiety ogrodnicze\/sadownicze p\u0119tlowe \u017b\u00d3\u0141TE 250x17mm(17&#215;250) 3750szt"}]},{"@type":"WebSite","@id":"https:\/\/garden-label.pl\/sklep\/#website","url":"https:\/\/garden-label.pl\/sklep\/","name":"Sklep Garden-Label: etykiety dla ogrodnictwa, drukarki, oprogramowanie","description":"ETYKIETY OGRODNICZE INFORMATYZACJA SZK\u00d3\u0141EK PASZPORTY RO\u015aLIN SKLEPY INTERNETOWE","publisher":{"@id":"https:\/\/garden-label.pl\/sklep\/#organization"},"potentialAction":[{"@type":"SearchAction","target":{"@type":"EntryPoint","urlTemplate":"https:\/\/garden-label.pl\/sklep\/?s={search_term_string}"},"query-input":{"@type":"PropertyValueSpecification","valueRequired":true,"valueName":"search_term_string"}}],"inLanguage":"pl-PL"},{"@type":"Organization","@id":"https:\/\/garden-label.pl\/sklep\/#organization","name":"Sklep Garden-Label: etykiety dla ogrodnictwa, drukarki, oprogramowanie","url":"https:\/\/garden-label.pl\/sklep\/","logo":{"@type":"ImageObject","inLanguage":"pl-PL","@id":"https:\/\/garden-label.pl\/sklep\/#\/schema\/logo\/image\/","url":"https:\/\/garden-label.pl\/sklep\/wp-content\/uploads\/2024\/01\/GardenLabel-pastelowe.png","contentUrl":"https:\/\/garden-label.pl\/sklep\/wp-content\/uploads\/2024\/01\/GardenLabel-pastelowe.png","width":2566,"height":1054,"caption":"Sklep Garden-Label: etykiety dla ogrodnictwa, drukarki, oprogramowanie"},"image":{"@id":"https:\/\/garden-label.pl\/sklep\/#\/schema\/logo\/image\/"},"sameAs":["https:\/\/www.facebook.com\/gardenlabelpl"]}]},"product_brand":"Garden Label","product_price_amount":"305.00","product_price_currency":"PLN","og_availability":"instock","product_availability":"instock","product_retailer_item_id":"5906792142261","product_condition":"new"},"_links":{"self":[{"href":"https:\/\/garden-label.pl\/sklep\/wp-json\/wp\/v2\/product\/11108","targetHints":{"allow":["GET"]}}],"collection":[{"href":"https:\/\/garden-label.pl\/sklep\/wp-json\/wp\/v2\/product"}],"about":[{"href":"https:\/\/garden-label.pl\/sklep\/wp-json\/wp\/v2\/types\/product"}],"replies":[{"embeddable":true,"href":"https:\/\/garden-label.pl\/sklep\/wp-json\/wp\/v2\/comments?post=11108"}],"version-history":[{"count":1,"href":"https:\/\/garden-label.pl\/sklep\/wp-json\/wp\/v2\/product\/11108\/revisions"}],"predecessor-version":[{"id":95322,"href":"https:\/\/garden-label.pl\/sklep\/wp-json\/wp\/v2\/product\/11108\/revisions\/95322"}],"wp:featuredmedia":[{"embeddable":true,"href":"https:\/\/garden-label.pl\/sklep\/wp-json\/wp\/v2\/media\/83925"}],"wp:attachment":[{"href":"https:\/\/garden-label.pl\/sklep\/wp-json\/wp\/v2\/media?parent=11108"}],"wp:term":[{"taxonomy":"product_brand","embeddable":true,"href":"https:\/\/garden-label.pl\/sklep\/wp-json\/wp\/v2\/product_brand?post=11108"},{"taxonomy":"product_cat","embeddable":true,"href":"https:\/\/garden-label.pl\/sklep\/wp-json\/wp\/v2\/product_cat?post=11108"},{"taxonomy":"product_tag","embeddable":true,"href":"https:\/\/garden-label.pl\/sklep\/wp-json\/wp\/v2\/product_tag?post=11108"}],"curies":[{"name":"wp","href":"https:\/\/api.w.org\/{rel}","templated":true}]}}