{"id":108866,"date":"2026-04-08T16:17:59","date_gmt":"2026-04-08T14:17:59","guid":{"rendered":"https:\/\/garden-label.pl\/sklep\/produkt\/tsc-te200-usb-skonfigurowana-drukarka-etykiet-oprogramowanie-do-etykiet\/"},"modified":"2026-04-13T12:04:56","modified_gmt":"2026-04-13T10:04:56","slug":"tsc-te200-usb-skonfigurowana-drukarka-etykiet-oprogramowanie-do-etykiet","status":"publish","type":"product","link":"https:\/\/garden-label.pl\/sklep\/produkt\/tsc-te200-usb-skonfigurowana-drukarka-etykiet-oprogramowanie-do-etykiet\/","title":{"rendered":"TSC TE200 USB Skonfigurowana Drukarka etykiet + oprogramowanie do etykiet"},"content":{"rendered":"<p>Drukarka etykiet TSC seria TE200 \u2013 DOSKONA\u0141OS\u0301C\u0301, SZYBKOS\u0301C\u0301 I LEGENDARNA TRWA\u0141OS\u0301C\u0301 TSC<br \/>\nSeria TE200 dostarcza klientom na ca\u0142ym s\u0301wiecie konkurencyjna\u0328 i trwa\u0142a\u0328 drukarke\u0328 biurkowa\u0328 poziomu podstawowego, kto\u0301ra jest zaro\u0301wno wszechstronna, jak i \u0142atwa w obs\u0142udze. Dzie\u0328ki mechanizmowi drukuja\u0328cemu o \u0142atwym za\u0142adunku oraz klasie Energy Star 2.0, seria TE200 jest niezwykle energooszcze\u0328dna.<br \/>\nDrukarka obs\u0142uguje ta\u015bmy termotransferowe o d\u0142ugo\u015bci od 72 do 110 metr\u00f3w i rdzeniu 0,5 cala lub 300 metr\u00f3w i rdzeniu 1 cal, co pozwala klientom na korzystanie z dowolnych dost\u0119pnych ta\u015bm.<br \/>\nSeria TE, 4-calowych, termicznych drukarek etykiet biurkowych, zosta\u0142a zaprojektowana i zbudowana z my\u015bl\u0105 o wysokiej jako\u015bci i konkurencyjnej cenie.<br \/>\nModu\u0142owy mechanizm druku termotransferowego TE200, chroniony zewn\u0119trzn\u0105 obudow\u0105 ABS, zosta\u0142 zaprojektowany z my\u015bl\u0105 o pracy w trudnych warunkach. Te niedrogie, wydajne drukarki drukuj\u0105 wysokiej jako\u015bci etykiety przez ca\u0142y dzie\u0144, produkuj\u0105c tysi\u0105ce wyra\u017anych i wyra\u017anych kod\u00f3w kreskowych oraz etykiet identyfikacyjnych dziennie.<br \/>\nDrukarka jest wyposa\u017cona w czujniki odst\u0119pu i czarnego znacznika, co zapewnia precyzyjne dopasowanie etykiet.<br \/>\nPojemnik na no\u015bniki obs\u0142uguje standardowe etykiety o \u015brednicy zewn\u0119trznej do 120 mm na gilzach 25mm lub 40mm.<br \/>\nMocny hybrydowy silnik elektryczny jest wystarczaj\u0105co mocny, aby obs\u0142ugiwa\u0107 wi\u0119ksze rolki etykiet o \u015brednicy zewn\u0119trznej 200 mm) na opcjonalnym zewn\u0119trznym odwijaku etykiet (Opcja).<br \/>\nTSC udost\u0119pnia, do swoich produkt\u00f3w, bezp\u0142atnie, oprogramowanie do projektowania i drukowania etykiet Bartender Ultra Light !!! <\/p>\n","protected":false},"excerpt":{"rendered":"<table class=\"table table-bordered\">\n<tbody>\n<tr>\n<td><span style=\"font-size: 14px;letter-spacing: normal\"><b>Parametry:<\/b><\/span><\/td>\n<td><\/td>\n<\/tr>\n<tr>\n<td><span style=\"font-size: 14px;letter-spacing: normal\">rodzielczo\u015b\u0107 wydruku<\/span><\/td>\n<td><span style=\"font-size: 14px;letter-spacing: normal\">203dpi (8 pkt\/mm)<\/span><\/td>\n<\/tr>\n<tr>\n<td><span style=\"font-size: 14px;letter-spacing: normal\">metody druku<\/span><\/td>\n<td>termiczny bezpo\u015bredni lub termotransferowy<\/td>\n<\/tr>\n<tr>\n<td>po\u0142\u0105czenie z komputerem<\/td>\n<td>USB<\/td>\n<\/tr>\n<tr>\n<td>pr\u0119dko\u015b\u0107 maksymalna&#8230; <a href=\"https:\/\/garden-label.pl\/sklep\/produkt\/tsc-te200-usb-skonfigurowana-drukarka-etykiet-oprogramowanie-do-etykiet\/\">wi\u0119cej<\/a><\/p>\n","protected":false},"featured_media":108867,"comment_status":"open","ping_status":"closed","template":"","meta":[],"product_brand":[1642],"product_cat":[1084,1104,1103,15],"product_tag":[1639,1640,896,898,1367,899,900,998,1368,995,902,955,911,1641,919],"class_list":{"0":"post-108866","1":"product","2":"type-product","3":"status-publish","4":"has-post-thumbnail","6":"product_brand-tsc","7":"product_cat-dom-i-ogrod","8":"product_cat-drukarki-dedykowane","9":"product_cat-pozostale-akcesoria","10":"product_cat-sklep","11":"product_tag-drukarka","12":"product_tag-drukarka-etykiet","13":"product_tag-etykiety-do-opisu-roslin","14":"product_tag-etykiety-kolorowe","15":"product_tag-etykiety-kurierskie","16":"product_tag-etykiety-ogrodnicze","17":"product_tag-etykiety-petlowe","18":"product_tag-etykiety-samoprzylepne","19":"product_tag-etykiety-termiczne","20":"product_tag-etykiety-wtykane","21":"product_tag-garden-label","22":"product_tag-kalki-tasmy-ttr","23":"product_tag-srednica-nawoju-do-12-cm","24":"product_tag-tsc","25":"product_tag-wydruki","26":"sales-flash-overlay","27":"woocommerce-text-align-left","28":"woocommerce-image-align-center","29":"do-quantity-buttons","30":"wc-has-gallery","32":"first","33":"instock","34":"taxable","35":"shipping-taxable","36":"purchasable","37":"product-type-simple"},"yoast_head":"<!-- This site is optimized with the Yoast SEO Premium plugin v26.3 (Yoast SEO v27.4) - https:\/\/yoast.com\/product\/yoast-seo-premium-wordpress\/ -->\n<title>TSC TE200 USB Skonfigurowana Drukarka etykiet + oprogramowanie do etykiet - Sklep Garden-Label: etykiety dla ogrodnictwa<\/title>\n<meta name=\"robots\" content=\"index, follow, max-snippet:-1, max-image-preview:large, max-video-preview:-1\" \/>\n<link rel=\"canonical\" href=\"https:\/\/garden-label.pl\/sklep\/produkt\/tsc-te200-usb-skonfigurowana-drukarka-etykiet-oprogramowanie-do-etykiet\/\" \/>\n<meta property=\"og:locale\" content=\"pl_PL\" \/>\n<meta property=\"og:type\" content=\"article\" \/>\n<meta property=\"og:title\" content=\"TSC TE200 USB Skonfigurowana Drukarka etykiet + oprogramowanie do etykiet\" \/>\n<meta property=\"og:description\" content=\"Parametry:rodzielczo\u015b\u0107 wydruku203dpi (8 pkt\/mm)metody drukutermiczny bezpo\u015bredni lub termotransferowypo\u0142\u0105czenie z komputeremUSBpr\u0119dko\u015b\u0107 maksymalna... wi\u0119cej\" \/>\n<meta property=\"og:url\" content=\"https:\/\/garden-label.pl\/sklep\/produkt\/tsc-te200-usb-skonfigurowana-drukarka-etykiet-oprogramowanie-do-etykiet\/\" \/>\n<meta property=\"og:site_name\" content=\"Sklep Garden-Label: etykiety dla ogrodnictwa\" \/>\n<meta property=\"article:publisher\" content=\"https:\/\/www.facebook.com\/gardenlabelpl\" \/>\n<meta property=\"article:modified_time\" content=\"2026-04-13T10:04:56+00:00\" \/>\n<meta name=\"twitter:card\" content=\"summary_large_image\" \/>\n<meta name=\"twitter:label1\" content=\"Cena\" \/>\n\t<meta name=\"twitter:data1\" content=\"995,00&nbsp;&#122;&#322;\" \/>\n\t<meta name=\"twitter:label2\" content=\"Dost\u0119pno\u015b\u0107\" \/>\n\t<meta name=\"twitter:data2\" content=\"Dost\u0119pny\" \/>\n<script type=\"application\/ld+json\" class=\"yoast-schema-graph\">{\"@context\":\"https:\\\/\\\/schema.org\",\"@graph\":[{\"@type\":\"WebPage\",\"@id\":\"https:\\\/\\\/garden-label.pl\\\/sklep\\\/produkt\\\/tsc-te200-usb-skonfigurowana-drukarka-etykiet-oprogramowanie-do-etykiet\\\/\",\"url\":\"https:\\\/\\\/garden-label.pl\\\/sklep\\\/produkt\\\/tsc-te200-usb-skonfigurowana-drukarka-etykiet-oprogramowanie-do-etykiet\\\/\",\"name\":\"TSC TE200 USB Skonfigurowana Drukarka etykiet + oprogramowanie do etykiet - Sklep Garden-Label: etykiety dla ogrodnictwa\",\"isPartOf\":{\"@id\":\"https:\\\/\\\/garden-label.pl\\\/sklep\\\/#website\"},\"primaryImageOfPage\":{\"@id\":\"https:\\\/\\\/garden-label.pl\\\/sklep\\\/produkt\\\/tsc-te200-usb-skonfigurowana-drukarka-etykiet-oprogramowanie-do-etykiet\\\/#primaryimage\"},\"image\":{\"@id\":\"https:\\\/\\\/garden-label.pl\\\/sklep\\\/produkt\\\/tsc-te200-usb-skonfigurowana-drukarka-etykiet-oprogramowanie-do-etykiet\\\/#primaryimage\"},\"thumbnailUrl\":\"https:\\\/\\\/garden-label.pl\\\/sklep\\\/wp-content\\\/uploads\\\/2026\\\/04\\\/eb5bf7dc835cc3e7c183dc8da6533ab4.png\",\"datePublished\":\"2026-04-08T14:17:59+00:00\",\"dateModified\":\"2026-04-13T10:04:56+00:00\",\"breadcrumb\":{\"@id\":\"https:\\\/\\\/garden-label.pl\\\/sklep\\\/produkt\\\/tsc-te200-usb-skonfigurowana-drukarka-etykiet-oprogramowanie-do-etykiet\\\/#breadcrumb\"},\"inLanguage\":\"pl-PL\",\"potentialAction\":[{\"@type\":\"ReadAction\",\"target\":[\"https:\\\/\\\/garden-label.pl\\\/sklep\\\/produkt\\\/tsc-te200-usb-skonfigurowana-drukarka-etykiet-oprogramowanie-do-etykiet\\\/\"]}]},{\"@type\":\"ImageObject\",\"inLanguage\":\"pl-PL\",\"@id\":\"https:\\\/\\\/garden-label.pl\\\/sklep\\\/produkt\\\/tsc-te200-usb-skonfigurowana-drukarka-etykiet-oprogramowanie-do-etykiet\\\/#primaryimage\",\"url\":\"https:\\\/\\\/garden-label.pl\\\/sklep\\\/wp-content\\\/uploads\\\/2026\\\/04\\\/eb5bf7dc835cc3e7c183dc8da6533ab4.png\",\"contentUrl\":\"https:\\\/\\\/garden-label.pl\\\/sklep\\\/wp-content\\\/uploads\\\/2026\\\/04\\\/eb5bf7dc835cc3e7c183dc8da6533ab4.png\",\"width\":500,\"height\":500,\"caption\":\"70b44ffe90eb89025295481fead03f13\"},{\"@type\":\"BreadcrumbList\",\"@id\":\"https:\\\/\\\/garden-label.pl\\\/sklep\\\/produkt\\\/tsc-te200-usb-skonfigurowana-drukarka-etykiet-oprogramowanie-do-etykiet\\\/#breadcrumb\",\"itemListElement\":[{\"@type\":\"ListItem\",\"position\":1,\"name\":\"Strona g\u0142\u00f3wna\",\"item\":\"https:\\\/\\\/garden-label.pl\\\/sklep\\\/\"},{\"@type\":\"ListItem\",\"position\":2,\"name\":\"Home\",\"item\":\"https:\\\/\\\/garden-label.pl\\\/sklep\\\/\"},{\"@type\":\"ListItem\",\"position\":3,\"name\":\"TSC TE200 USB Skonfigurowana Drukarka etykiet + oprogramowanie do etykiet\"}]},{\"@type\":\"WebSite\",\"@id\":\"https:\\\/\\\/garden-label.pl\\\/sklep\\\/#website\",\"url\":\"https:\\\/\\\/garden-label.pl\\\/sklep\\\/\",\"name\":\"Sklep Garden-Label: etykiety dla ogrodnictwa, drukarki, oprogramowanie\",\"description\":\"ETYKIETY OGRODNICZE INFORMATYZACJA SZK\u00d3\u0141EK PASZPORTY RO\u015aLIN SKLEPY INTERNETOWE\",\"publisher\":{\"@id\":\"https:\\\/\\\/garden-label.pl\\\/sklep\\\/#organization\"},\"potentialAction\":[{\"@type\":\"SearchAction\",\"target\":{\"@type\":\"EntryPoint\",\"urlTemplate\":\"https:\\\/\\\/garden-label.pl\\\/sklep\\\/?s={search_term_string}\"},\"query-input\":{\"@type\":\"PropertyValueSpecification\",\"valueRequired\":true,\"valueName\":\"search_term_string\"}}],\"inLanguage\":\"pl-PL\"},{\"@type\":\"Organization\",\"@id\":\"https:\\\/\\\/garden-label.pl\\\/sklep\\\/#organization\",\"name\":\"Sklep Garden-Label: etykiety dla ogrodnictwa, drukarki, oprogramowanie\",\"url\":\"https:\\\/\\\/garden-label.pl\\\/sklep\\\/\",\"logo\":{\"@type\":\"ImageObject\",\"inLanguage\":\"pl-PL\",\"@id\":\"https:\\\/\\\/garden-label.pl\\\/sklep\\\/#\\\/schema\\\/logo\\\/image\\\/\",\"url\":\"https:\\\/\\\/garden-label.pl\\\/sklep\\\/wp-content\\\/uploads\\\/2024\\\/01\\\/GardenLabel-pastelowe.png\",\"contentUrl\":\"https:\\\/\\\/garden-label.pl\\\/sklep\\\/wp-content\\\/uploads\\\/2024\\\/01\\\/GardenLabel-pastelowe.png\",\"width\":2566,\"height\":1054,\"caption\":\"Sklep Garden-Label: etykiety dla ogrodnictwa, drukarki, oprogramowanie\"},\"image\":{\"@id\":\"https:\\\/\\\/garden-label.pl\\\/sklep\\\/#\\\/schema\\\/logo\\\/image\\\/\"},\"sameAs\":[\"https:\\\/\\\/www.facebook.com\\\/gardenlabelpl\"]}]}<\/script>\n<meta property=\"product:brand\" content=\"inna\" \/>\n<meta property=\"product:price:amount\" content=\"995.00\" \/>\n<meta property=\"product:price:currency\" content=\"PLN\" \/>\n<meta property=\"og:availability\" content=\"instock\" \/>\n<meta property=\"product:availability\" content=\"instock\" \/>\n<meta property=\"product:retailer_item_id\" content=\"TSC ME200\" \/>\n<meta property=\"product:condition\" content=\"new\" \/>\n<!-- \/ Yoast SEO Premium plugin. -->","yoast_head_json":{"title":"TSC TE200 USB Skonfigurowana Drukarka etykiet + oprogramowanie do etykiet - Sklep Garden-Label: etykiety dla ogrodnictwa","robots":{"index":"index","follow":"follow","max-snippet":"max-snippet:-1","max-image-preview":"max-image-preview:large","max-video-preview":"max-video-preview:-1"},"canonical":"https:\/\/garden-label.pl\/sklep\/produkt\/tsc-te200-usb-skonfigurowana-drukarka-etykiet-oprogramowanie-do-etykiet\/","og_locale":"pl_PL","og_type":"article","og_title":"TSC TE200 USB Skonfigurowana Drukarka etykiet + oprogramowanie do etykiet","og_description":"Parametry:rodzielczo\u015b\u0107 wydruku203dpi (8 pkt\/mm)metody drukutermiczny bezpo\u015bredni lub termotransferowypo\u0142\u0105czenie z komputeremUSBpr\u0119dko\u015b\u0107 maksymalna... wi\u0119cej","og_url":"https:\/\/garden-label.pl\/sklep\/produkt\/tsc-te200-usb-skonfigurowana-drukarka-etykiet-oprogramowanie-do-etykiet\/","og_site_name":"Sklep Garden-Label: etykiety dla ogrodnictwa","article_publisher":"https:\/\/www.facebook.com\/gardenlabelpl","article_modified_time":"2026-04-13T10:04:56+00:00","twitter_card":"summary_large_image","twitter_misc":{"Cena":"995,00&nbsp;&#122;&#322;","Dost\u0119pno\u015b\u0107":"Dost\u0119pny"},"schema":{"@context":"https:\/\/schema.org","@graph":[{"@type":"WebPage","@id":"https:\/\/garden-label.pl\/sklep\/produkt\/tsc-te200-usb-skonfigurowana-drukarka-etykiet-oprogramowanie-do-etykiet\/","url":"https:\/\/garden-label.pl\/sklep\/produkt\/tsc-te200-usb-skonfigurowana-drukarka-etykiet-oprogramowanie-do-etykiet\/","name":"TSC TE200 USB Skonfigurowana Drukarka etykiet + oprogramowanie do etykiet - Sklep Garden-Label: etykiety dla ogrodnictwa","isPartOf":{"@id":"https:\/\/garden-label.pl\/sklep\/#website"},"primaryImageOfPage":{"@id":"https:\/\/garden-label.pl\/sklep\/produkt\/tsc-te200-usb-skonfigurowana-drukarka-etykiet-oprogramowanie-do-etykiet\/#primaryimage"},"image":{"@id":"https:\/\/garden-label.pl\/sklep\/produkt\/tsc-te200-usb-skonfigurowana-drukarka-etykiet-oprogramowanie-do-etykiet\/#primaryimage"},"thumbnailUrl":"https:\/\/garden-label.pl\/sklep\/wp-content\/uploads\/2026\/04\/eb5bf7dc835cc3e7c183dc8da6533ab4.png","datePublished":"2026-04-08T14:17:59+00:00","dateModified":"2026-04-13T10:04:56+00:00","breadcrumb":{"@id":"https:\/\/garden-label.pl\/sklep\/produkt\/tsc-te200-usb-skonfigurowana-drukarka-etykiet-oprogramowanie-do-etykiet\/#breadcrumb"},"inLanguage":"pl-PL","potentialAction":[{"@type":"ReadAction","target":["https:\/\/garden-label.pl\/sklep\/produkt\/tsc-te200-usb-skonfigurowana-drukarka-etykiet-oprogramowanie-do-etykiet\/"]}]},{"@type":"ImageObject","inLanguage":"pl-PL","@id":"https:\/\/garden-label.pl\/sklep\/produkt\/tsc-te200-usb-skonfigurowana-drukarka-etykiet-oprogramowanie-do-etykiet\/#primaryimage","url":"https:\/\/garden-label.pl\/sklep\/wp-content\/uploads\/2026\/04\/eb5bf7dc835cc3e7c183dc8da6533ab4.png","contentUrl":"https:\/\/garden-label.pl\/sklep\/wp-content\/uploads\/2026\/04\/eb5bf7dc835cc3e7c183dc8da6533ab4.png","width":500,"height":500,"caption":"70b44ffe90eb89025295481fead03f13"},{"@type":"BreadcrumbList","@id":"https:\/\/garden-label.pl\/sklep\/produkt\/tsc-te200-usb-skonfigurowana-drukarka-etykiet-oprogramowanie-do-etykiet\/#breadcrumb","itemListElement":[{"@type":"ListItem","position":1,"name":"Strona g\u0142\u00f3wna","item":"https:\/\/garden-label.pl\/sklep\/"},{"@type":"ListItem","position":2,"name":"Home","item":"https:\/\/garden-label.pl\/sklep\/"},{"@type":"ListItem","position":3,"name":"TSC TE200 USB Skonfigurowana Drukarka etykiet + oprogramowanie do etykiet"}]},{"@type":"WebSite","@id":"https:\/\/garden-label.pl\/sklep\/#website","url":"https:\/\/garden-label.pl\/sklep\/","name":"Sklep Garden-Label: etykiety dla ogrodnictwa, drukarki, oprogramowanie","description":"ETYKIETY OGRODNICZE INFORMATYZACJA SZK\u00d3\u0141EK PASZPORTY RO\u015aLIN SKLEPY INTERNETOWE","publisher":{"@id":"https:\/\/garden-label.pl\/sklep\/#organization"},"potentialAction":[{"@type":"SearchAction","target":{"@type":"EntryPoint","urlTemplate":"https:\/\/garden-label.pl\/sklep\/?s={search_term_string}"},"query-input":{"@type":"PropertyValueSpecification","valueRequired":true,"valueName":"search_term_string"}}],"inLanguage":"pl-PL"},{"@type":"Organization","@id":"https:\/\/garden-label.pl\/sklep\/#organization","name":"Sklep Garden-Label: etykiety dla ogrodnictwa, drukarki, oprogramowanie","url":"https:\/\/garden-label.pl\/sklep\/","logo":{"@type":"ImageObject","inLanguage":"pl-PL","@id":"https:\/\/garden-label.pl\/sklep\/#\/schema\/logo\/image\/","url":"https:\/\/garden-label.pl\/sklep\/wp-content\/uploads\/2024\/01\/GardenLabel-pastelowe.png","contentUrl":"https:\/\/garden-label.pl\/sklep\/wp-content\/uploads\/2024\/01\/GardenLabel-pastelowe.png","width":2566,"height":1054,"caption":"Sklep Garden-Label: etykiety dla ogrodnictwa, drukarki, oprogramowanie"},"image":{"@id":"https:\/\/garden-label.pl\/sklep\/#\/schema\/logo\/image\/"},"sameAs":["https:\/\/www.facebook.com\/gardenlabelpl"]}]},"product_brand":"inna","product_price_amount":"995.00","product_price_currency":"PLN","og_availability":"instock","product_availability":"instock","product_retailer_item_id":"TSC ME200","product_condition":"new"},"_links":{"self":[{"href":"https:\/\/garden-label.pl\/sklep\/wp-json\/wp\/v2\/product\/108866","targetHints":{"allow":["GET"]}}],"collection":[{"href":"https:\/\/garden-label.pl\/sklep\/wp-json\/wp\/v2\/product"}],"about":[{"href":"https:\/\/garden-label.pl\/sklep\/wp-json\/wp\/v2\/types\/product"}],"replies":[{"embeddable":true,"href":"https:\/\/garden-label.pl\/sklep\/wp-json\/wp\/v2\/comments?post=108866"}],"version-history":[{"count":0,"href":"https:\/\/garden-label.pl\/sklep\/wp-json\/wp\/v2\/product\/108866\/revisions"}],"wp:featuredmedia":[{"embeddable":true,"href":"https:\/\/garden-label.pl\/sklep\/wp-json\/wp\/v2\/media\/108867"}],"wp:attachment":[{"href":"https:\/\/garden-label.pl\/sklep\/wp-json\/wp\/v2\/media?parent=108866"}],"wp:term":[{"taxonomy":"product_brand","embeddable":true,"href":"https:\/\/garden-label.pl\/sklep\/wp-json\/wp\/v2\/product_brand?post=108866"},{"taxonomy":"product_cat","embeddable":true,"href":"https:\/\/garden-label.pl\/sklep\/wp-json\/wp\/v2\/product_cat?post=108866"},{"taxonomy":"product_tag","embeddable":true,"href":"https:\/\/garden-label.pl\/sklep\/wp-json\/wp\/v2\/product_tag?post=108866"}],"curies":[{"name":"wp","href":"https:\/\/api.w.org\/{rel}","templated":true}]}}