{"id":10812,"date":"2024-10-02T14:06:20","date_gmt":"2024-10-02T12:06:20","guid":{"rendered":"https:\/\/garden-label.pl\/sklep\/produkt\/tasma-kalka-termotransferowa-ttr-wosk-zywica-wax-resin-65-mm-x-300-m\/"},"modified":"2026-04-09T11:14:28","modified_gmt":"2026-04-09T09:14:28","slug":"tasma-kalka-termotransferowa-ttr-wosk-zywica-wax-resin-65-mm-x-300-m","status":"publish","type":"product","link":"https:\/\/garden-label.pl\/sklep\/produkt\/tasma-kalka-termotransferowa-ttr-wosk-zywica-wax-resin-65-mm-x-300-m\/","title":{"rendered":"Ta\u015bma\/Kalka termotransferowa TTR wosk-\u017cywica (WAX-RESIN)(65mm x 300m)"},"content":{"rendered":"<p>Ta\u015bma termotransferowa TTR wosk-\u017cywica (WAX-RESIN) o wymiarach 65 mm x 300 m to produkt najwy\u017cszej jako\u015bci, przeznaczony do profesjonalnego u\u017cytku w sektorze druku. Charakteryzuje si\u0119 doskona\u0142\u0105 wydajno\u015bci\u0105, idealn\u0105 do drukowania na materia\u0142ach syntetycznych, papierach powlekanych oraz foliowych. Dzi\u0119ki zastosowaniu technologii woskowo-\u017cywicznej, ta\u015bma zapewnia wy\u017csz\u0105 odporno\u015b\u0107 na \u015bcieranie w por\u00f3wnaniu do tradycyjnych ta\u015bm woskowych, co sprawia, \u017ce nadruki s\u0105 bardziej trwa\u0142e i odporne na r\u00f3\u017cnorodne warunki zewn\u0119trzne.<\/p>\n<p>Kolor druku jest intensywny i wyra\u017any, co pozwala na precyzyjne odzwierciedlenie tekstu, cyfr, kod\u00f3w kreskowych oraz grafik. Zastosowanie ta\u015bmy TTR gwarantuje wysok\u0105 jako\u015b\u0107 wydruku, czyni\u0105c j\u0105 idealnym rozwi\u0105zaniem dla wymagaj\u0105cych u\u017cytkownik\u00f3w. Dodatkowo, ta\u015bma jest odporna na promieniowanie UV oraz ekstremalne zmiany temperatur, co znacz\u0105co wyd\u0142u\u017ca jej \u017cywotno\u015b\u0107 i zastosowanie w r\u00f3\u017cnych warunkach.<\/p>\n<p>Produkt jest \u0142atwy w u\u017cyciu i kompatybilny z szerok\u0105 gam\u0105 etykiet termotransferowych, co sprawia, \u017ce jest wszechstronnym wyborem dla firm zajmuj\u0105cych si\u0119 etykietowaniem i identyfikacj\u0105 produkt\u00f3w. Oferujemy go w oryginalnym opakowaniu, z gwarancj\u0105 24 miesi\u0105ce, co daje pewno\u015b\u0107 zakupu. Waga produktu z opakowaniem jednostkowym wynosi 0,5 kg, a czas realizacji zam\u00f3wienia to zaledwie 1 dzie\u0144 roboczy. Ta\u015bma TTR to niezawodne rozwi\u0105zanie dla profesjonalist\u00f3w, kt\u00f3rzy poszukuj\u0105 wydajnych i trwa\u0142ych materia\u0142\u00f3w do druku. <\/p>\n<p>Instrukcja obs\u0142ugi: https:\/\/garden-label.pl\/instrukcje\/<\/p>\n<p>producent\/przedstawiciel\/informacje o bezpiecze\u0144stwie: https:\/\/anetpol.pl\/regulamin-sklepu-internetowego\/<br \/>biuro@anetpol.pl<\/p>\n","protected":false},"excerpt":{"rendered":"<p>Ta\u015bma termotransferowa TTR wosk-\u017cywica (WAX-RESIN) o wymiarach 65 mm x 300 m to niezast\u0105piony produkt w ka\u017cdym biurze lub zak\u0142adzie produkcyjnym, gdzie jako\u015b\u0107 i trwa\u0142o\u015b\u0107&#8230; <a href=\"https:\/\/garden-label.pl\/sklep\/produkt\/tasma-kalka-termotransferowa-ttr-wosk-zywica-wax-resin-65-mm-x-300-m\/\">wi\u0119cej<\/a><\/p>\n","protected":false},"featured_media":81499,"comment_status":"open","ping_status":"closed","template":"","meta":[],"product_brand":[910],"product_cat":[1108,1107,1110,15],"product_tag":[1082,902,956,955,1083,919],"class_list":{"0":"post-10812","1":"product","2":"type-product","3":"status-publish","4":"has-post-thumbnail","6":"product_brand-garden-label-pl","7":"product_cat-czarne","8":"product_cat-kalki-tasmy-ttr","9":"product_cat-wosk-zywica","10":"product_cat-sklep","11":"product_tag-anetpol","12":"product_tag-garden-label","13":"product_tag-gilza-1-cal","14":"product_tag-kalki-tasmy-ttr","15":"product_tag-supermerchant","16":"product_tag-wydruki","17":"sales-flash-overlay","18":"woocommerce-text-align-left","19":"woocommerce-image-align-center","20":"do-quantity-buttons","21":"wc-has-gallery","23":"first","24":"instock","25":"taxable","26":"shipping-taxable","27":"purchasable","28":"product-type-simple"},"yoast_head":"<!-- This site is optimized with the Yoast SEO Premium plugin v26.3 (Yoast SEO v27.3) - https:\/\/yoast.com\/product\/yoast-seo-premium-wordpress\/ -->\n<title>Ta\u015bma\/Kalka termotransferowa TTR wosk-\u017cywica (WAX-RESIN)(65mm x 300m) - Sklep Garden-Label: etykiety dla ogrodnictwa<\/title>\n<meta name=\"robots\" content=\"index, follow, max-snippet:-1, max-image-preview:large, max-video-preview:-1\" \/>\n<link rel=\"canonical\" href=\"https:\/\/garden-label.pl\/sklep\/produkt\/tasma-kalka-termotransferowa-ttr-wosk-zywica-wax-resin-65-mm-x-300-m\/\" \/>\n<meta property=\"og:locale\" content=\"pl_PL\" \/>\n<meta property=\"og:type\" content=\"article\" \/>\n<meta property=\"og:title\" content=\"Ta\u015bma\/Kalka termotransferowa TTR wosk-\u017cywica (WAX-RESIN)(65mm x 300m)\" \/>\n<meta property=\"og:description\" content=\"Ta\u015bma termotransferowa TTR wosk-\u017cywica (WAX-RESIN) o wymiarach 65 mm x 300 m to niezast\u0105piony produkt w ka\u017cdym biurze lub zak\u0142adzie produkcyjnym, gdzie jako\u015b\u0107 i trwa\u0142o\u015b\u0107... wi\u0119cej\" \/>\n<meta property=\"og:url\" content=\"https:\/\/garden-label.pl\/sklep\/produkt\/tasma-kalka-termotransferowa-ttr-wosk-zywica-wax-resin-65-mm-x-300-m\/\" \/>\n<meta property=\"og:site_name\" content=\"Sklep Garden-Label: etykiety dla ogrodnictwa\" \/>\n<meta property=\"article:publisher\" content=\"https:\/\/www.facebook.com\/gardenlabelpl\" \/>\n<meta property=\"article:modified_time\" content=\"2026-04-09T09:14:28+00:00\" \/>\n<meta property=\"og:image\" content=\"https:\/\/garden-label.pl\/sklep\/wp-content\/uploads\/2025\/10\/9b9e0ce7ad7e3740a3b86617235ab703-2.jpg\" \/>\n\t<meta property=\"og:image:width\" content=\"450\" \/>\n\t<meta property=\"og:image:height\" content=\"418\" \/>\n\t<meta property=\"og:image:type\" content=\"image\/jpeg\" \/>\n<meta name=\"twitter:card\" content=\"summary_large_image\" \/>\n<meta name=\"twitter:label1\" content=\"Cena\" \/>\n\t<meta name=\"twitter:data1\" content=\"29,95&nbsp;&#122;&#322;\" \/>\n\t<meta name=\"twitter:label2\" content=\"Dost\u0119pno\u015b\u0107\" \/>\n\t<meta name=\"twitter:data2\" content=\"Dost\u0119pny\" \/>\n<script type=\"application\/ld+json\" class=\"yoast-schema-graph\">{\"@context\":\"https:\\\/\\\/schema.org\",\"@graph\":[{\"@type\":\"WebPage\",\"@id\":\"https:\\\/\\\/garden-label.pl\\\/sklep\\\/produkt\\\/tasma-kalka-termotransferowa-ttr-wosk-zywica-wax-resin-65-mm-x-300-m\\\/\",\"url\":\"https:\\\/\\\/garden-label.pl\\\/sklep\\\/produkt\\\/tasma-kalka-termotransferowa-ttr-wosk-zywica-wax-resin-65-mm-x-300-m\\\/\",\"name\":\"Ta\u015bma\\\/Kalka termotransferowa TTR wosk-\u017cywica (WAX-RESIN)(65mm x 300m) - Sklep Garden-Label: etykiety dla ogrodnictwa\",\"isPartOf\":{\"@id\":\"https:\\\/\\\/garden-label.pl\\\/sklep\\\/#website\"},\"primaryImageOfPage\":{\"@id\":\"https:\\\/\\\/garden-label.pl\\\/sklep\\\/produkt\\\/tasma-kalka-termotransferowa-ttr-wosk-zywica-wax-resin-65-mm-x-300-m\\\/#primaryimage\"},\"image\":{\"@id\":\"https:\\\/\\\/garden-label.pl\\\/sklep\\\/produkt\\\/tasma-kalka-termotransferowa-ttr-wosk-zywica-wax-resin-65-mm-x-300-m\\\/#primaryimage\"},\"thumbnailUrl\":\"https:\\\/\\\/garden-label.pl\\\/sklep\\\/wp-content\\\/uploads\\\/2025\\\/10\\\/9b9e0ce7ad7e3740a3b86617235ab703-2.jpg\",\"datePublished\":\"2024-10-02T12:06:20+00:00\",\"dateModified\":\"2026-04-09T09:14:28+00:00\",\"breadcrumb\":{\"@id\":\"https:\\\/\\\/garden-label.pl\\\/sklep\\\/produkt\\\/tasma-kalka-termotransferowa-ttr-wosk-zywica-wax-resin-65-mm-x-300-m\\\/#breadcrumb\"},\"inLanguage\":\"pl-PL\",\"potentialAction\":[{\"@type\":\"ReadAction\",\"target\":[\"https:\\\/\\\/garden-label.pl\\\/sklep\\\/produkt\\\/tasma-kalka-termotransferowa-ttr-wosk-zywica-wax-resin-65-mm-x-300-m\\\/\"]}]},{\"@type\":\"ImageObject\",\"inLanguage\":\"pl-PL\",\"@id\":\"https:\\\/\\\/garden-label.pl\\\/sklep\\\/produkt\\\/tasma-kalka-termotransferowa-ttr-wosk-zywica-wax-resin-65-mm-x-300-m\\\/#primaryimage\",\"url\":\"https:\\\/\\\/garden-label.pl\\\/sklep\\\/wp-content\\\/uploads\\\/2025\\\/10\\\/9b9e0ce7ad7e3740a3b86617235ab703-2.jpg\",\"contentUrl\":\"https:\\\/\\\/garden-label.pl\\\/sklep\\\/wp-content\\\/uploads\\\/2025\\\/10\\\/9b9e0ce7ad7e3740a3b86617235ab703-2.jpg\",\"width\":450,\"height\":418,\"caption\":\"42e7d47dfd4aa48ec45741c0a3e22f1a\"},{\"@type\":\"BreadcrumbList\",\"@id\":\"https:\\\/\\\/garden-label.pl\\\/sklep\\\/produkt\\\/tasma-kalka-termotransferowa-ttr-wosk-zywica-wax-resin-65-mm-x-300-m\\\/#breadcrumb\",\"itemListElement\":[{\"@type\":\"ListItem\",\"position\":1,\"name\":\"Strona g\u0142\u00f3wna\",\"item\":\"https:\\\/\\\/garden-label.pl\\\/sklep\\\/\"},{\"@type\":\"ListItem\",\"position\":2,\"name\":\"Home\",\"item\":\"https:\\\/\\\/garden-label.pl\\\/sklep\\\/\"},{\"@type\":\"ListItem\",\"position\":3,\"name\":\"Ta\u015bma\\\/Kalka termotransferowa TTR wosk-\u017cywica (WAX-RESIN)(65mm x 300m)\"}]},{\"@type\":\"WebSite\",\"@id\":\"https:\\\/\\\/garden-label.pl\\\/sklep\\\/#website\",\"url\":\"https:\\\/\\\/garden-label.pl\\\/sklep\\\/\",\"name\":\"Sklep Garden-Label: etykiety dla ogrodnictwa, drukarki, oprogramowanie\",\"description\":\"ETYKIETY OGRODNICZE INFORMATYZACJA SZK\u00d3\u0141EK PASZPORTY RO\u015aLIN SKLEPY INTERNETOWE\",\"publisher\":{\"@id\":\"https:\\\/\\\/garden-label.pl\\\/sklep\\\/#organization\"},\"potentialAction\":[{\"@type\":\"SearchAction\",\"target\":{\"@type\":\"EntryPoint\",\"urlTemplate\":\"https:\\\/\\\/garden-label.pl\\\/sklep\\\/?s={search_term_string}\"},\"query-input\":{\"@type\":\"PropertyValueSpecification\",\"valueRequired\":true,\"valueName\":\"search_term_string\"}}],\"inLanguage\":\"pl-PL\"},{\"@type\":\"Organization\",\"@id\":\"https:\\\/\\\/garden-label.pl\\\/sklep\\\/#organization\",\"name\":\"Sklep Garden-Label: etykiety dla ogrodnictwa, drukarki, oprogramowanie\",\"url\":\"https:\\\/\\\/garden-label.pl\\\/sklep\\\/\",\"logo\":{\"@type\":\"ImageObject\",\"inLanguage\":\"pl-PL\",\"@id\":\"https:\\\/\\\/garden-label.pl\\\/sklep\\\/#\\\/schema\\\/logo\\\/image\\\/\",\"url\":\"https:\\\/\\\/garden-label.pl\\\/sklep\\\/wp-content\\\/uploads\\\/2024\\\/01\\\/GardenLabel-pastelowe.png\",\"contentUrl\":\"https:\\\/\\\/garden-label.pl\\\/sklep\\\/wp-content\\\/uploads\\\/2024\\\/01\\\/GardenLabel-pastelowe.png\",\"width\":2566,\"height\":1054,\"caption\":\"Sklep Garden-Label: etykiety dla ogrodnictwa, drukarki, oprogramowanie\"},\"image\":{\"@id\":\"https:\\\/\\\/garden-label.pl\\\/sklep\\\/#\\\/schema\\\/logo\\\/image\\\/\"},\"sameAs\":[\"https:\\\/\\\/www.facebook.com\\\/gardenlabelpl\"]}]}<\/script>\n<meta property=\"product:brand\" content=\"Garden Label\" \/>\n<meta property=\"product:price:amount\" content=\"29.95\" \/>\n<meta property=\"product:price:currency\" content=\"PLN\" \/>\n<meta property=\"og:availability\" content=\"instock\" \/>\n<meta property=\"product:availability\" content=\"instock\" \/>\n<meta property=\"product:retailer_item_id\" content=\"5906792142117\" \/>\n<meta property=\"product:condition\" content=\"new\" \/>\n<!-- \/ Yoast SEO Premium plugin. -->","yoast_head_json":{"title":"Ta\u015bma\/Kalka termotransferowa TTR wosk-\u017cywica (WAX-RESIN)(65mm x 300m) - Sklep Garden-Label: etykiety dla ogrodnictwa","robots":{"index":"index","follow":"follow","max-snippet":"max-snippet:-1","max-image-preview":"max-image-preview:large","max-video-preview":"max-video-preview:-1"},"canonical":"https:\/\/garden-label.pl\/sklep\/produkt\/tasma-kalka-termotransferowa-ttr-wosk-zywica-wax-resin-65-mm-x-300-m\/","og_locale":"pl_PL","og_type":"article","og_title":"Ta\u015bma\/Kalka termotransferowa TTR wosk-\u017cywica (WAX-RESIN)(65mm x 300m)","og_description":"Ta\u015bma termotransferowa TTR wosk-\u017cywica (WAX-RESIN) o wymiarach 65 mm x 300 m to niezast\u0105piony produkt w ka\u017cdym biurze lub zak\u0142adzie produkcyjnym, gdzie jako\u015b\u0107 i trwa\u0142o\u015b\u0107... wi\u0119cej","og_url":"https:\/\/garden-label.pl\/sklep\/produkt\/tasma-kalka-termotransferowa-ttr-wosk-zywica-wax-resin-65-mm-x-300-m\/","og_site_name":"Sklep Garden-Label: etykiety dla ogrodnictwa","article_publisher":"https:\/\/www.facebook.com\/gardenlabelpl","article_modified_time":"2026-04-09T09:14:28+00:00","og_image":[{"width":450,"height":418,"url":"https:\/\/garden-label.pl\/sklep\/wp-content\/uploads\/2025\/10\/9b9e0ce7ad7e3740a3b86617235ab703-2.jpg","type":"image\/jpeg"}],"twitter_card":"summary_large_image","twitter_misc":{"Cena":"29,95&nbsp;&#122;&#322;","Dost\u0119pno\u015b\u0107":"Dost\u0119pny"},"schema":{"@context":"https:\/\/schema.org","@graph":[{"@type":"WebPage","@id":"https:\/\/garden-label.pl\/sklep\/produkt\/tasma-kalka-termotransferowa-ttr-wosk-zywica-wax-resin-65-mm-x-300-m\/","url":"https:\/\/garden-label.pl\/sklep\/produkt\/tasma-kalka-termotransferowa-ttr-wosk-zywica-wax-resin-65-mm-x-300-m\/","name":"Ta\u015bma\/Kalka termotransferowa TTR wosk-\u017cywica (WAX-RESIN)(65mm x 300m) - Sklep Garden-Label: etykiety dla ogrodnictwa","isPartOf":{"@id":"https:\/\/garden-label.pl\/sklep\/#website"},"primaryImageOfPage":{"@id":"https:\/\/garden-label.pl\/sklep\/produkt\/tasma-kalka-termotransferowa-ttr-wosk-zywica-wax-resin-65-mm-x-300-m\/#primaryimage"},"image":{"@id":"https:\/\/garden-label.pl\/sklep\/produkt\/tasma-kalka-termotransferowa-ttr-wosk-zywica-wax-resin-65-mm-x-300-m\/#primaryimage"},"thumbnailUrl":"https:\/\/garden-label.pl\/sklep\/wp-content\/uploads\/2025\/10\/9b9e0ce7ad7e3740a3b86617235ab703-2.jpg","datePublished":"2024-10-02T12:06:20+00:00","dateModified":"2026-04-09T09:14:28+00:00","breadcrumb":{"@id":"https:\/\/garden-label.pl\/sklep\/produkt\/tasma-kalka-termotransferowa-ttr-wosk-zywica-wax-resin-65-mm-x-300-m\/#breadcrumb"},"inLanguage":"pl-PL","potentialAction":[{"@type":"ReadAction","target":["https:\/\/garden-label.pl\/sklep\/produkt\/tasma-kalka-termotransferowa-ttr-wosk-zywica-wax-resin-65-mm-x-300-m\/"]}]},{"@type":"ImageObject","inLanguage":"pl-PL","@id":"https:\/\/garden-label.pl\/sklep\/produkt\/tasma-kalka-termotransferowa-ttr-wosk-zywica-wax-resin-65-mm-x-300-m\/#primaryimage","url":"https:\/\/garden-label.pl\/sklep\/wp-content\/uploads\/2025\/10\/9b9e0ce7ad7e3740a3b86617235ab703-2.jpg","contentUrl":"https:\/\/garden-label.pl\/sklep\/wp-content\/uploads\/2025\/10\/9b9e0ce7ad7e3740a3b86617235ab703-2.jpg","width":450,"height":418,"caption":"42e7d47dfd4aa48ec45741c0a3e22f1a"},{"@type":"BreadcrumbList","@id":"https:\/\/garden-label.pl\/sklep\/produkt\/tasma-kalka-termotransferowa-ttr-wosk-zywica-wax-resin-65-mm-x-300-m\/#breadcrumb","itemListElement":[{"@type":"ListItem","position":1,"name":"Strona g\u0142\u00f3wna","item":"https:\/\/garden-label.pl\/sklep\/"},{"@type":"ListItem","position":2,"name":"Home","item":"https:\/\/garden-label.pl\/sklep\/"},{"@type":"ListItem","position":3,"name":"Ta\u015bma\/Kalka termotransferowa TTR wosk-\u017cywica (WAX-RESIN)(65mm x 300m)"}]},{"@type":"WebSite","@id":"https:\/\/garden-label.pl\/sklep\/#website","url":"https:\/\/garden-label.pl\/sklep\/","name":"Sklep Garden-Label: etykiety dla ogrodnictwa, drukarki, oprogramowanie","description":"ETYKIETY OGRODNICZE INFORMATYZACJA SZK\u00d3\u0141EK PASZPORTY RO\u015aLIN SKLEPY INTERNETOWE","publisher":{"@id":"https:\/\/garden-label.pl\/sklep\/#organization"},"potentialAction":[{"@type":"SearchAction","target":{"@type":"EntryPoint","urlTemplate":"https:\/\/garden-label.pl\/sklep\/?s={search_term_string}"},"query-input":{"@type":"PropertyValueSpecification","valueRequired":true,"valueName":"search_term_string"}}],"inLanguage":"pl-PL"},{"@type":"Organization","@id":"https:\/\/garden-label.pl\/sklep\/#organization","name":"Sklep Garden-Label: etykiety dla ogrodnictwa, drukarki, oprogramowanie","url":"https:\/\/garden-label.pl\/sklep\/","logo":{"@type":"ImageObject","inLanguage":"pl-PL","@id":"https:\/\/garden-label.pl\/sklep\/#\/schema\/logo\/image\/","url":"https:\/\/garden-label.pl\/sklep\/wp-content\/uploads\/2024\/01\/GardenLabel-pastelowe.png","contentUrl":"https:\/\/garden-label.pl\/sklep\/wp-content\/uploads\/2024\/01\/GardenLabel-pastelowe.png","width":2566,"height":1054,"caption":"Sklep Garden-Label: etykiety dla ogrodnictwa, drukarki, oprogramowanie"},"image":{"@id":"https:\/\/garden-label.pl\/sklep\/#\/schema\/logo\/image\/"},"sameAs":["https:\/\/www.facebook.com\/gardenlabelpl"]}]},"product_brand":"Garden Label","product_price_amount":"29.95","product_price_currency":"PLN","og_availability":"instock","product_availability":"instock","product_retailer_item_id":"5906792142117","product_condition":"new"},"_links":{"self":[{"href":"https:\/\/garden-label.pl\/sklep\/wp-json\/wp\/v2\/product\/10812","targetHints":{"allow":["GET"]}}],"collection":[{"href":"https:\/\/garden-label.pl\/sklep\/wp-json\/wp\/v2\/product"}],"about":[{"href":"https:\/\/garden-label.pl\/sklep\/wp-json\/wp\/v2\/types\/product"}],"replies":[{"embeddable":true,"href":"https:\/\/garden-label.pl\/sklep\/wp-json\/wp\/v2\/comments?post=10812"}],"version-history":[{"count":1,"href":"https:\/\/garden-label.pl\/sklep\/wp-json\/wp\/v2\/product\/10812\/revisions"}],"predecessor-version":[{"id":100902,"href":"https:\/\/garden-label.pl\/sklep\/wp-json\/wp\/v2\/product\/10812\/revisions\/100902"}],"wp:featuredmedia":[{"embeddable":true,"href":"https:\/\/garden-label.pl\/sklep\/wp-json\/wp\/v2\/media\/81499"}],"wp:attachment":[{"href":"https:\/\/garden-label.pl\/sklep\/wp-json\/wp\/v2\/media?parent=10812"}],"wp:term":[{"taxonomy":"product_brand","embeddable":true,"href":"https:\/\/garden-label.pl\/sklep\/wp-json\/wp\/v2\/product_brand?post=10812"},{"taxonomy":"product_cat","embeddable":true,"href":"https:\/\/garden-label.pl\/sklep\/wp-json\/wp\/v2\/product_cat?post=10812"},{"taxonomy":"product_tag","embeddable":true,"href":"https:\/\/garden-label.pl\/sklep\/wp-json\/wp\/v2\/product_tag?post=10812"}],"curies":[{"name":"wp","href":"https:\/\/api.w.org\/{rel}","templated":true}]}}