{"id":107605,"date":"2026-02-24T14:58:31","date_gmt":"2026-02-24T13:58:31","guid":{"rendered":"https:\/\/garden-label.pl\/sklep\/produkt\/garden-marker-etykieta-ogrodowa-zawieszka-znacznik-biala-1635x100mm-100szt\/"},"modified":"2026-03-13T07:45:18","modified_gmt":"2026-03-13T06:45:18","slug":"garden-marker-etykieta-ogrodowa-zawieszka-znacznik-biala-1635x100mm-100szt","status":"publish","type":"product","link":"https:\/\/garden-label.pl\/sklep\/produkt\/garden-marker-etykieta-ogrodowa-zawieszka-znacznik-biala-1635x100mm-100szt\/","title":{"rendered":"GARDEN MARKER + Etykieta ogrodowa zawieszka\/znacznik BIA\u0141A (163,5x100mm) 100szt"},"content":{"rendered":"<p>MARKER +Bia\u0142e zawieszki o wymiarze 163,5x100m do ro\u015blin wykonane z trwa\u0142ego tworzywa HDPE  z certyfikatem dopuszczenia do kontaktu z \u017cywno\u015bci\u0105. To profesjonalne etykiety ogrodnicze przeznaczone do trwa\u0142ego znakowania ro\u015blin w szk\u00f3\u0142kach, centrach ogrodniczych, gospodarstwach ogrodniczych oraz w uprawach owoc\u00f3w i warzyw.<\/p>\n<p>Tworzywo HDPE charakteryzuje si\u0119 wysok\u0105 odporno\u015bci\u0105 na wilgo\u0107, promieniowanie UV, zmienne temperatury oraz uszkodzenia mechaniczne. Dzi\u0119ki temu zawieszki doskonale sprawdzaj\u0105 si\u0119 zar\u00f3wno w warunkach zewn\u0119trznych, jak i w szklarniach czy tunelach foliowych. Materia\u0142 nie kruszy si\u0119, nie rozwarstwia i zachowuje elastyczno\u015b\u0107 nawet przy d\u0142ugotrwa\u0142ej ekspozycji na s\u0142o\u0144ce i deszcz.<\/p>\n<p>Kolor: Bia\u0142y<\/p>\n<p>Marker wysycha natychmiastowo, co pozwala na szybkie kontynuowanie pracy w ogrodzie. Posiada dwie r\u00f3\u017cne ko\u0144c\u00f3wki: fibrow\u0105 o szeroko\u015bci 1,0 mm oraz metalow\u0105 ig\u0142ow\u0105 o szeroko\u015bci 0,5 mm, co umo\u017cliwia precyzyjne rysowanie oraz pisanie zar\u00f3wno du\u017cych, jak i drobnych liter. <\/p>\n<p>Certyfikat dopuszczenia do kontaktu z \u017cywno\u015bci\u0105 pozwala na bezpieczne stosowanie etykiet w uprawach ro\u015blin jadalnych \u2013 owoc\u00f3w, warzyw oraz zi\u00f3\u0142 przeznaczonych do sprzeda\u017cy. Du\u017ca powierzchnia etykiety umo\u017cliwia czytelne oznaczenie nazwy odmiany, ceny, kodu kreskowego, numeru partii lub informacji produkcyjnych.<\/p>\n<p>To niezawodne i estetyczne rozwi\u0105zanie dla producent\u00f3w oraz sprzedawc\u00f3w, kt\u00f3rzy oczekuj\u0105 trwa\u0142o\u015bci, bezpiecze\u0144stwa i profesjonalnej prezentacji swoich ro\u015blin. <\/p>\n<p>Instrukcja obs\u0142ugi: https:\/\/garden-label.pl\/instrukcje\/etykiety-petlowe.pdf<\/p>\n<p>producent\/przedstawiciel\/informacje o bezpiecze\u0144stwie: https:\/\/anetpol.pl\/regulamin-sklepu-internetowego\/<br \/>mail producenta: biuro@anetpol.pl<\/p>\n","protected":false},"excerpt":{"rendered":"<p>MARKER + Profesjonalne etykiety ogrodnicze\/ zawieszki  100&#215;163,5 mm to trwa\u0142e i odporne zawieszki przeznaczone do znakowania ro\u015blin w szk\u00f3\u0142kach, gospodarstwach ogrodniczych, centrach ogrodniczych oraz&#8230; <a href=\"https:\/\/garden-label.pl\/sklep\/produkt\/garden-marker-etykieta-ogrodowa-zawieszka-znacznik-biala-1635x100mm-100szt\/\">wi\u0119cej<\/a><\/p>\n","protected":false},"featured_media":107606,"comment_status":"open","ping_status":"closed","template":"","meta":[],"product_brand":[910],"product_cat":[1087,1541,1084,1116,1085,1086,1562,1540,1561,15],"product_tag":[1082,920,896,897,898,899,902,922,914,1083,1532,1251,912],"class_list":{"0":"post-107605","1":"product","2":"type-product","3":"status-publish","4":"has-post-thumbnail","6":"product_brand-garden-label-pl","7":"product_cat-akcesoria","8":"product_cat-biale-zawieszki-znaczniki","9":"product_cat-dom-i-ogrod","10":"product_cat-etykiety","11":"product_cat-ogrod","12":"product_cat-rosliny","13":"product_cat-z-markerem-zestawy-do-pisania-biale-zawieszki-znaczniki","14":"product_cat-zawieszki-znaczniki","15":"product_cat-zestawy-do-pisania-biale-zawieszki-znaczniki","16":"product_cat-sklep","17":"product_tag-anetpol","18":"product_tag-biale","19":"product_tag-etykiety-do-opisu-roslin","20":"product_tag-etykiety-do-pisania","21":"product_tag-etykiety-kolorowe","22":"product_tag-etykiety-ogrodnicze","23":"product_tag-garden-label","24":"product_tag-marker","25":"product_tag-mazaki-markery-pisaki","26":"product_tag-supermerchant","27":"product_tag-wymiar-163x100mm100x163","28":"product_tag-zawieszka-znacznik","29":"product_tag-zestawy-do-opisu-roslin","30":"sales-flash-overlay","31":"woocommerce-text-align-left","32":"woocommerce-image-align-center","33":"do-quantity-buttons","34":"wc-has-gallery","36":"first","37":"instock","38":"taxable","39":"shipping-taxable","40":"purchasable","41":"product-type-simple"},"yoast_head":"<!-- This site is optimized with the Yoast SEO Premium plugin v26.3 (Yoast SEO v27.3) - https:\/\/yoast.com\/product\/yoast-seo-premium-wordpress\/ -->\n<title>GARDEN MARKER + Etykieta ogrodowa zawieszka\/znacznik BIA\u0141A (163,5x100mm) 100szt - Sklep Garden-Label: etykiety dla ogrodnictwa<\/title>\n<meta name=\"robots\" content=\"index, follow, max-snippet:-1, max-image-preview:large, max-video-preview:-1\" \/>\n<link rel=\"canonical\" href=\"https:\/\/garden-label.pl\/sklep\/produkt\/garden-marker-etykieta-ogrodowa-zawieszka-znacznik-biala-1635x100mm-100szt\/\" \/>\n<meta property=\"og:locale\" content=\"pl_PL\" \/>\n<meta property=\"og:type\" content=\"article\" \/>\n<meta property=\"og:title\" content=\"GARDEN MARKER + Etykieta ogrodowa zawieszka\/znacznik BIA\u0141A (163,5x100mm) 100szt\" \/>\n<meta property=\"og:description\" content=\"MARKER + Profesjonalne etykiety ogrodnicze\/ zawieszki 100x163,5 mm to trwa\u0142e i odporne zawieszki przeznaczone do znakowania ro\u015blin w szk\u00f3\u0142kach, gospodarstwach ogrodniczych, centrach ogrodniczych oraz... wi\u0119cej\" \/>\n<meta property=\"og:url\" content=\"https:\/\/garden-label.pl\/sklep\/produkt\/garden-marker-etykieta-ogrodowa-zawieszka-znacznik-biala-1635x100mm-100szt\/\" \/>\n<meta property=\"og:site_name\" content=\"Sklep Garden-Label: etykiety dla ogrodnictwa\" \/>\n<meta property=\"article:publisher\" content=\"https:\/\/www.facebook.com\/gardenlabelpl\" \/>\n<meta property=\"article:modified_time\" content=\"2026-03-13T06:45:18+00:00\" \/>\n<meta name=\"twitter:card\" content=\"summary_large_image\" \/>\n<meta name=\"twitter:label1\" content=\"Cena\" \/>\n\t<meta name=\"twitter:data1\" content=\"43,50&nbsp;&#122;&#322;\" \/>\n\t<meta name=\"twitter:label2\" content=\"Dost\u0119pno\u015b\u0107\" \/>\n\t<meta name=\"twitter:data2\" content=\"Dost\u0119pny\" \/>\n<script type=\"application\/ld+json\" class=\"yoast-schema-graph\">{\"@context\":\"https:\\\/\\\/schema.org\",\"@graph\":[{\"@type\":\"WebPage\",\"@id\":\"https:\\\/\\\/garden-label.pl\\\/sklep\\\/produkt\\\/garden-marker-etykieta-ogrodowa-zawieszka-znacznik-biala-1635x100mm-100szt\\\/\",\"url\":\"https:\\\/\\\/garden-label.pl\\\/sklep\\\/produkt\\\/garden-marker-etykieta-ogrodowa-zawieszka-znacznik-biala-1635x100mm-100szt\\\/\",\"name\":\"GARDEN MARKER + Etykieta ogrodowa zawieszka\\\/znacznik BIA\u0141A (163,5x100mm) 100szt - Sklep Garden-Label: etykiety dla ogrodnictwa\",\"isPartOf\":{\"@id\":\"https:\\\/\\\/garden-label.pl\\\/sklep\\\/#website\"},\"primaryImageOfPage\":{\"@id\":\"https:\\\/\\\/garden-label.pl\\\/sklep\\\/produkt\\\/garden-marker-etykieta-ogrodowa-zawieszka-znacznik-biala-1635x100mm-100szt\\\/#primaryimage\"},\"image\":{\"@id\":\"https:\\\/\\\/garden-label.pl\\\/sklep\\\/produkt\\\/garden-marker-etykieta-ogrodowa-zawieszka-znacznik-biala-1635x100mm-100szt\\\/#primaryimage\"},\"thumbnailUrl\":\"https:\\\/\\\/garden-label.pl\\\/sklep\\\/wp-content\\\/uploads\\\/2026\\\/02\\\/be4ff5784bc0f5633520568c685d26c8.jpg\",\"datePublished\":\"2026-02-24T13:58:31+00:00\",\"dateModified\":\"2026-03-13T06:45:18+00:00\",\"breadcrumb\":{\"@id\":\"https:\\\/\\\/garden-label.pl\\\/sklep\\\/produkt\\\/garden-marker-etykieta-ogrodowa-zawieszka-znacznik-biala-1635x100mm-100szt\\\/#breadcrumb\"},\"inLanguage\":\"pl-PL\",\"potentialAction\":[{\"@type\":\"ReadAction\",\"target\":[\"https:\\\/\\\/garden-label.pl\\\/sklep\\\/produkt\\\/garden-marker-etykieta-ogrodowa-zawieszka-znacznik-biala-1635x100mm-100szt\\\/\"]}]},{\"@type\":\"ImageObject\",\"inLanguage\":\"pl-PL\",\"@id\":\"https:\\\/\\\/garden-label.pl\\\/sklep\\\/produkt\\\/garden-marker-etykieta-ogrodowa-zawieszka-znacznik-biala-1635x100mm-100szt\\\/#primaryimage\",\"url\":\"https:\\\/\\\/garden-label.pl\\\/sklep\\\/wp-content\\\/uploads\\\/2026\\\/02\\\/be4ff5784bc0f5633520568c685d26c8.jpg\",\"contentUrl\":\"https:\\\/\\\/garden-label.pl\\\/sklep\\\/wp-content\\\/uploads\\\/2026\\\/02\\\/be4ff5784bc0f5633520568c685d26c8.jpg\",\"width\":2057,\"height\":2400,\"caption\":\"e08d544ca344270c4f7cc634197fc445\"},{\"@type\":\"BreadcrumbList\",\"@id\":\"https:\\\/\\\/garden-label.pl\\\/sklep\\\/produkt\\\/garden-marker-etykieta-ogrodowa-zawieszka-znacznik-biala-1635x100mm-100szt\\\/#breadcrumb\",\"itemListElement\":[{\"@type\":\"ListItem\",\"position\":1,\"name\":\"Strona g\u0142\u00f3wna\",\"item\":\"https:\\\/\\\/garden-label.pl\\\/sklep\\\/\"},{\"@type\":\"ListItem\",\"position\":2,\"name\":\"Home\",\"item\":\"https:\\\/\\\/garden-label.pl\\\/sklep\\\/\"},{\"@type\":\"ListItem\",\"position\":3,\"name\":\"GARDEN MARKER + Etykieta ogrodowa zawieszka\\\/znacznik BIA\u0141A (163,5x100mm) 100szt\"}]},{\"@type\":\"WebSite\",\"@id\":\"https:\\\/\\\/garden-label.pl\\\/sklep\\\/#website\",\"url\":\"https:\\\/\\\/garden-label.pl\\\/sklep\\\/\",\"name\":\"Sklep Garden-Label: etykiety dla ogrodnictwa, drukarki, oprogramowanie\",\"description\":\"ETYKIETY OGRODNICZE INFORMATYZACJA SZK\u00d3\u0141EK PASZPORTY RO\u015aLIN SKLEPY INTERNETOWE\",\"publisher\":{\"@id\":\"https:\\\/\\\/garden-label.pl\\\/sklep\\\/#organization\"},\"potentialAction\":[{\"@type\":\"SearchAction\",\"target\":{\"@type\":\"EntryPoint\",\"urlTemplate\":\"https:\\\/\\\/garden-label.pl\\\/sklep\\\/?s={search_term_string}\"},\"query-input\":{\"@type\":\"PropertyValueSpecification\",\"valueRequired\":true,\"valueName\":\"search_term_string\"}}],\"inLanguage\":\"pl-PL\"},{\"@type\":\"Organization\",\"@id\":\"https:\\\/\\\/garden-label.pl\\\/sklep\\\/#organization\",\"name\":\"Sklep Garden-Label: etykiety dla ogrodnictwa, drukarki, oprogramowanie\",\"url\":\"https:\\\/\\\/garden-label.pl\\\/sklep\\\/\",\"logo\":{\"@type\":\"ImageObject\",\"inLanguage\":\"pl-PL\",\"@id\":\"https:\\\/\\\/garden-label.pl\\\/sklep\\\/#\\\/schema\\\/logo\\\/image\\\/\",\"url\":\"https:\\\/\\\/garden-label.pl\\\/sklep\\\/wp-content\\\/uploads\\\/2024\\\/01\\\/GardenLabel-pastelowe.png\",\"contentUrl\":\"https:\\\/\\\/garden-label.pl\\\/sklep\\\/wp-content\\\/uploads\\\/2024\\\/01\\\/GardenLabel-pastelowe.png\",\"width\":2566,\"height\":1054,\"caption\":\"Sklep Garden-Label: etykiety dla ogrodnictwa, drukarki, oprogramowanie\"},\"image\":{\"@id\":\"https:\\\/\\\/garden-label.pl\\\/sklep\\\/#\\\/schema\\\/logo\\\/image\\\/\"},\"sameAs\":[\"https:\\\/\\\/www.facebook.com\\\/gardenlabelpl\"]}]}<\/script>\n<meta property=\"product:brand\" content=\"Garden Label\" \/>\n<meta property=\"product:price:amount\" content=\"43.50\" \/>\n<meta property=\"product:price:currency\" content=\"PLN\" \/>\n<meta property=\"og:availability\" content=\"instock\" \/>\n<meta property=\"product:availability\" content=\"instock\" \/>\n<meta property=\"product:retailer_item_id\" content=\"5906792148201\" \/>\n<meta property=\"product:condition\" content=\"new\" \/>\n<!-- \/ Yoast SEO Premium plugin. -->","yoast_head_json":{"title":"GARDEN MARKER + Etykieta ogrodowa zawieszka\/znacznik BIA\u0141A (163,5x100mm) 100szt - Sklep Garden-Label: etykiety dla ogrodnictwa","robots":{"index":"index","follow":"follow","max-snippet":"max-snippet:-1","max-image-preview":"max-image-preview:large","max-video-preview":"max-video-preview:-1"},"canonical":"https:\/\/garden-label.pl\/sklep\/produkt\/garden-marker-etykieta-ogrodowa-zawieszka-znacznik-biala-1635x100mm-100szt\/","og_locale":"pl_PL","og_type":"article","og_title":"GARDEN MARKER + Etykieta ogrodowa zawieszka\/znacznik BIA\u0141A (163,5x100mm) 100szt","og_description":"MARKER + Profesjonalne etykiety ogrodnicze\/ zawieszki 100x163,5 mm to trwa\u0142e i odporne zawieszki przeznaczone do znakowania ro\u015blin w szk\u00f3\u0142kach, gospodarstwach ogrodniczych, centrach ogrodniczych oraz... wi\u0119cej","og_url":"https:\/\/garden-label.pl\/sklep\/produkt\/garden-marker-etykieta-ogrodowa-zawieszka-znacznik-biala-1635x100mm-100szt\/","og_site_name":"Sklep Garden-Label: etykiety dla ogrodnictwa","article_publisher":"https:\/\/www.facebook.com\/gardenlabelpl","article_modified_time":"2026-03-13T06:45:18+00:00","twitter_card":"summary_large_image","twitter_misc":{"Cena":"43,50&nbsp;&#122;&#322;","Dost\u0119pno\u015b\u0107":"Dost\u0119pny"},"schema":{"@context":"https:\/\/schema.org","@graph":[{"@type":"WebPage","@id":"https:\/\/garden-label.pl\/sklep\/produkt\/garden-marker-etykieta-ogrodowa-zawieszka-znacznik-biala-1635x100mm-100szt\/","url":"https:\/\/garden-label.pl\/sklep\/produkt\/garden-marker-etykieta-ogrodowa-zawieszka-znacznik-biala-1635x100mm-100szt\/","name":"GARDEN MARKER + Etykieta ogrodowa zawieszka\/znacznik BIA\u0141A (163,5x100mm) 100szt - Sklep Garden-Label: etykiety dla ogrodnictwa","isPartOf":{"@id":"https:\/\/garden-label.pl\/sklep\/#website"},"primaryImageOfPage":{"@id":"https:\/\/garden-label.pl\/sklep\/produkt\/garden-marker-etykieta-ogrodowa-zawieszka-znacznik-biala-1635x100mm-100szt\/#primaryimage"},"image":{"@id":"https:\/\/garden-label.pl\/sklep\/produkt\/garden-marker-etykieta-ogrodowa-zawieszka-znacznik-biala-1635x100mm-100szt\/#primaryimage"},"thumbnailUrl":"https:\/\/garden-label.pl\/sklep\/wp-content\/uploads\/2026\/02\/be4ff5784bc0f5633520568c685d26c8.jpg","datePublished":"2026-02-24T13:58:31+00:00","dateModified":"2026-03-13T06:45:18+00:00","breadcrumb":{"@id":"https:\/\/garden-label.pl\/sklep\/produkt\/garden-marker-etykieta-ogrodowa-zawieszka-znacznik-biala-1635x100mm-100szt\/#breadcrumb"},"inLanguage":"pl-PL","potentialAction":[{"@type":"ReadAction","target":["https:\/\/garden-label.pl\/sklep\/produkt\/garden-marker-etykieta-ogrodowa-zawieszka-znacznik-biala-1635x100mm-100szt\/"]}]},{"@type":"ImageObject","inLanguage":"pl-PL","@id":"https:\/\/garden-label.pl\/sklep\/produkt\/garden-marker-etykieta-ogrodowa-zawieszka-znacznik-biala-1635x100mm-100szt\/#primaryimage","url":"https:\/\/garden-label.pl\/sklep\/wp-content\/uploads\/2026\/02\/be4ff5784bc0f5633520568c685d26c8.jpg","contentUrl":"https:\/\/garden-label.pl\/sklep\/wp-content\/uploads\/2026\/02\/be4ff5784bc0f5633520568c685d26c8.jpg","width":2057,"height":2400,"caption":"e08d544ca344270c4f7cc634197fc445"},{"@type":"BreadcrumbList","@id":"https:\/\/garden-label.pl\/sklep\/produkt\/garden-marker-etykieta-ogrodowa-zawieszka-znacznik-biala-1635x100mm-100szt\/#breadcrumb","itemListElement":[{"@type":"ListItem","position":1,"name":"Strona g\u0142\u00f3wna","item":"https:\/\/garden-label.pl\/sklep\/"},{"@type":"ListItem","position":2,"name":"Home","item":"https:\/\/garden-label.pl\/sklep\/"},{"@type":"ListItem","position":3,"name":"GARDEN MARKER + Etykieta ogrodowa zawieszka\/znacznik BIA\u0141A (163,5x100mm) 100szt"}]},{"@type":"WebSite","@id":"https:\/\/garden-label.pl\/sklep\/#website","url":"https:\/\/garden-label.pl\/sklep\/","name":"Sklep Garden-Label: etykiety dla ogrodnictwa, drukarki, oprogramowanie","description":"ETYKIETY OGRODNICZE INFORMATYZACJA SZK\u00d3\u0141EK PASZPORTY RO\u015aLIN SKLEPY INTERNETOWE","publisher":{"@id":"https:\/\/garden-label.pl\/sklep\/#organization"},"potentialAction":[{"@type":"SearchAction","target":{"@type":"EntryPoint","urlTemplate":"https:\/\/garden-label.pl\/sklep\/?s={search_term_string}"},"query-input":{"@type":"PropertyValueSpecification","valueRequired":true,"valueName":"search_term_string"}}],"inLanguage":"pl-PL"},{"@type":"Organization","@id":"https:\/\/garden-label.pl\/sklep\/#organization","name":"Sklep Garden-Label: etykiety dla ogrodnictwa, drukarki, oprogramowanie","url":"https:\/\/garden-label.pl\/sklep\/","logo":{"@type":"ImageObject","inLanguage":"pl-PL","@id":"https:\/\/garden-label.pl\/sklep\/#\/schema\/logo\/image\/","url":"https:\/\/garden-label.pl\/sklep\/wp-content\/uploads\/2024\/01\/GardenLabel-pastelowe.png","contentUrl":"https:\/\/garden-label.pl\/sklep\/wp-content\/uploads\/2024\/01\/GardenLabel-pastelowe.png","width":2566,"height":1054,"caption":"Sklep Garden-Label: etykiety dla ogrodnictwa, drukarki, oprogramowanie"},"image":{"@id":"https:\/\/garden-label.pl\/sklep\/#\/schema\/logo\/image\/"},"sameAs":["https:\/\/www.facebook.com\/gardenlabelpl"]}]},"product_brand":"Garden Label","product_price_amount":"43.50","product_price_currency":"PLN","og_availability":"instock","product_availability":"instock","product_retailer_item_id":"5906792148201","product_condition":"new"},"_links":{"self":[{"href":"https:\/\/garden-label.pl\/sklep\/wp-json\/wp\/v2\/product\/107605","targetHints":{"allow":["GET"]}}],"collection":[{"href":"https:\/\/garden-label.pl\/sklep\/wp-json\/wp\/v2\/product"}],"about":[{"href":"https:\/\/garden-label.pl\/sklep\/wp-json\/wp\/v2\/types\/product"}],"replies":[{"embeddable":true,"href":"https:\/\/garden-label.pl\/sklep\/wp-json\/wp\/v2\/comments?post=107605"}],"version-history":[{"count":0,"href":"https:\/\/garden-label.pl\/sklep\/wp-json\/wp\/v2\/product\/107605\/revisions"}],"wp:featuredmedia":[{"embeddable":true,"href":"https:\/\/garden-label.pl\/sklep\/wp-json\/wp\/v2\/media\/107606"}],"wp:attachment":[{"href":"https:\/\/garden-label.pl\/sklep\/wp-json\/wp\/v2\/media?parent=107605"}],"wp:term":[{"taxonomy":"product_brand","embeddable":true,"href":"https:\/\/garden-label.pl\/sklep\/wp-json\/wp\/v2\/product_brand?post=107605"},{"taxonomy":"product_cat","embeddable":true,"href":"https:\/\/garden-label.pl\/sklep\/wp-json\/wp\/v2\/product_cat?post=107605"},{"taxonomy":"product_tag","embeddable":true,"href":"https:\/\/garden-label.pl\/sklep\/wp-json\/wp\/v2\/product_tag?post=107605"}],"curies":[{"name":"wp","href":"https:\/\/api.w.org\/{rel}","templated":true}]}}