{"id":107124,"date":"2026-02-13T09:40:30","date_gmt":"2026-02-13T08:40:30","guid":{"rendered":"https:\/\/garden-label.pl\/sklep\/produkt\/marker-ll-etykiety-wtykane-strzalki-105mm-x-235mm-biale-100szt\/"},"modified":"2026-04-06T20:09:54","modified_gmt":"2026-04-06T18:09:54","slug":"marker-ll-etykiety-wtykane-strzalki-105mm-x-235mm-biale-100szt","status":"publish","type":"product","link":"https:\/\/garden-label.pl\/sklep\/produkt\/marker-ll-etykiety-wtykane-strzalki-105mm-x-235mm-biale-100szt\/","title":{"rendered":"MARKER ll+ Etykiety wtykane\/strza\u0142ki 105mm x 23,5mm Bia\u0142e 100szt"},"content":{"rendered":"<p>MARKER II + Etykiety ogrodnicze wtykane strza\u0142ki w kolorze bia\u0142ym to doskona\u0142e rozwi\u0105zanie do oznaczania ro\u015blin w ka\u017cdym ogrodzie, szk\u00f3\u0142ce czy w warunkach rolniczych. Oferowane etykiety maj\u0105 wymiary 105mm x 23,5mm i s\u0105 dost\u0119pne w opakowaniu zawieraj\u0105cym 100 sztuk. Wykonane z trwa\u0142ego materia\u0142u PVC, charakteryzuj\u0105 si\u0119 grubo\u015bci\u0105 250 mikron\u00f3w, co zapewnia ich wysok\u0105 odporno\u015b\u0107 na niekorzystne warunki atmosferyczne, takie jak deszcz czy promieniowanie UV. Dzi\u0119ki temu informacje umieszczone na etykietach pozostan\u0105 czytelne przez d\u0142ugi czas.<\/p>\n<p>Marker permanentny odporny na \u015bwiat\u0142o, dzia\u0142anie wody i szybkoschn\u0105cy \u2013 idealny do pracy na zewn\u0105trz. Odporny na dzia\u0142anie promieni UV. Przydatny do opisywania wszelkiego rodzaju rzeczy ogrodowych \u2013 takich jak etykiety, doniczki i in. Jeden kolor tuszu. Szeroko\u015b\u0107 linii: 1,0 mm. Ko\u0144c\u00f3wka &#8211; fibrowa, sto\u017ckowa<\/p>\n<p>Etykiety s\u0105 zaprojektowane z my\u015bl\u0105 o \u0142atwym i wygodnym u\u017cytkowaniu. Mog\u0105 by\u0107 opisane r\u0119cznie za pomoc\u0105 markera lub zadrukowane w drukarce termotransferowej. Ich jednostronna 'strza\u0142ka&#8217; pozwala na szybkie i bezproblemowe umieszczenie ich w ziemi, co czyni je idealnym rozwi\u0105zaniem do oznaczania ro\u015blin w doniczkach, skrzynkach oraz sadzonkach w multiplatach. Dzi\u0119ki odpowiednim wymiarom, etykiety pozwalaj\u0105 na zamieszczenie wszelkich niezb\u0119dnych informacji, takich jak nazwa ro\u015bliny, warunki piel\u0119gnacji, oraz inne istotne dane, w tym logo.<\/p>\n<p>Produkt posiada 24-miesi\u0119czn\u0105 gwarancj\u0119, co \u015bwiadczy o jego wysokiej jako\u015bci. Realizacja zam\u00f3wie\u0144 nast\u0119puje w ci\u0105gu jednego dnia roboczego, a wysy\u0142ka odbywa si\u0119 w czasie 1 dnia. Etykiety s\u0105 doskona\u0142ym rozwi\u0105zaniem dla ogrodnik\u00f3w, szk\u00f3\u0142ek oraz tych, kt\u00f3rzy ceni\u0105 sobie profesjonalne oznakowanie swoich ro\u015blin. <\/p>\n<p>Instrukcja obs\u0142ugi: https:\/\/garden-label.pl\/instrukcje\/etykiety-petlowe.pdf<\/p>\n<p>producent\/przedstawiciel\/informacje o bezpiecze\u0144stwie: https:\/\/anetpol.pl\/regulamin-sklepu-internetowego\/<br \/>mail producenta: biuro@anetpol.pl<\/p>\n","protected":false},"excerpt":{"rendered":"<p>MARKER II + Etykiety ogrodnicze wtykane to niezb\u0119dny element ka\u017cdego ogrodu, szk\u00f3\u0142ki czy uprawy ro\u015blinnej. Nasze etykiety o wymiarach 105mm x 23,5mm wykonane s\u0105 z&#8230; <a href=\"https:\/\/garden-label.pl\/sklep\/produkt\/marker-ll-etykiety-wtykane-strzalki-105mm-x-235mm-biale-100szt\/\">wi\u0119cej<\/a><\/p>\n","protected":false},"featured_media":107125,"comment_status":"open","ping_status":"closed","template":"","meta":[],"product_brand":[910],"product_cat":[1087,1084,1116,1085,1086,1141,1429,15],"product_tag":[1082,920,896,897,899,995,902,922,914,1083,1001,912],"class_list":{"0":"post-107124","1":"product","2":"type-product","3":"status-publish","4":"has-post-thumbnail","6":"product_brand-garden-label-pl","7":"product_cat-akcesoria","8":"product_cat-dom-i-ogrod","9":"product_cat-etykiety","10":"product_cat-ogrod","11":"product_cat-rosliny","12":"product_cat-wtykane-etykiety","13":"product_cat-zestawy-do-pisania-wtykane-etykiety","14":"product_cat-sklep","15":"product_tag-anetpol","16":"product_tag-biale","17":"product_tag-etykiety-do-opisu-roslin","18":"product_tag-etykiety-do-pisania","19":"product_tag-etykiety-ogrodnicze","20":"product_tag-etykiety-wtykane","21":"product_tag-garden-label","22":"product_tag-marker","23":"product_tag-mazaki-markery-pisaki","24":"product_tag-supermerchant","25":"product_tag-tabliczki-znaczniki","26":"product_tag-zestawy-do-opisu-roslin","27":"sales-flash-overlay","28":"woocommerce-text-align-left","29":"woocommerce-image-align-center","30":"do-quantity-buttons","31":"wc-has-gallery","33":"first","34":"instock","35":"sale","36":"taxable","37":"shipping-taxable","38":"purchasable","39":"product-type-simple"},"yoast_head":"<!-- This site is optimized with the Yoast SEO Premium plugin v26.3 (Yoast SEO v27.3) - https:\/\/yoast.com\/product\/yoast-seo-premium-wordpress\/ -->\n<title>MARKER ll+ Etykiety wtykane\/strza\u0142ki 105mm x 23,5mm Bia\u0142e 100szt - Sklep Garden-Label: etykiety dla ogrodnictwa<\/title>\n<meta name=\"robots\" content=\"index, follow, max-snippet:-1, max-image-preview:large, max-video-preview:-1\" \/>\n<link rel=\"canonical\" href=\"https:\/\/garden-label.pl\/sklep\/produkt\/marker-ll-etykiety-wtykane-strzalki-105mm-x-235mm-biale-100szt\/\" \/>\n<meta property=\"og:locale\" content=\"pl_PL\" \/>\n<meta property=\"og:type\" content=\"article\" \/>\n<meta property=\"og:title\" content=\"MARKER ll+ Etykiety wtykane\/strza\u0142ki 105mm x 23,5mm Bia\u0142e 100szt\" \/>\n<meta property=\"og:description\" content=\"MARKER II + Etykiety ogrodnicze wtykane to niezb\u0119dny element ka\u017cdego ogrodu, szk\u00f3\u0142ki czy uprawy ro\u015blinnej. Nasze etykiety o wymiarach 105mm x 23,5mm wykonane s\u0105 z... wi\u0119cej\" \/>\n<meta property=\"og:url\" content=\"https:\/\/garden-label.pl\/sklep\/produkt\/marker-ll-etykiety-wtykane-strzalki-105mm-x-235mm-biale-100szt\/\" \/>\n<meta property=\"og:site_name\" content=\"Sklep Garden-Label: etykiety dla ogrodnictwa\" \/>\n<meta property=\"article:publisher\" content=\"https:\/\/www.facebook.com\/gardenlabelpl\" \/>\n<meta property=\"article:modified_time\" content=\"2026-04-06T18:09:54+00:00\" \/>\n<meta name=\"twitter:card\" content=\"summary_large_image\" \/>\n<meta name=\"twitter:label1\" content=\"Cena\" \/>\n\t<meta name=\"twitter:data1\" content=\"28,99&nbsp;&#122;&#322;\" \/>\n\t<meta name=\"twitter:label2\" content=\"Dost\u0119pno\u015b\u0107\" \/>\n\t<meta name=\"twitter:data2\" content=\"Dost\u0119pny\" \/>\n<script type=\"application\/ld+json\" class=\"yoast-schema-graph\">{\"@context\":\"https:\\\/\\\/schema.org\",\"@graph\":[{\"@type\":\"WebPage\",\"@id\":\"https:\\\/\\\/garden-label.pl\\\/sklep\\\/produkt\\\/marker-ll-etykiety-wtykane-strzalki-105mm-x-235mm-biale-100szt\\\/\",\"url\":\"https:\\\/\\\/garden-label.pl\\\/sklep\\\/produkt\\\/marker-ll-etykiety-wtykane-strzalki-105mm-x-235mm-biale-100szt\\\/\",\"name\":\"MARKER ll+ Etykiety wtykane\\\/strza\u0142ki 105mm x 23,5mm Bia\u0142e 100szt - Sklep Garden-Label: etykiety dla ogrodnictwa\",\"isPartOf\":{\"@id\":\"https:\\\/\\\/garden-label.pl\\\/sklep\\\/#website\"},\"primaryImageOfPage\":{\"@id\":\"https:\\\/\\\/garden-label.pl\\\/sklep\\\/produkt\\\/marker-ll-etykiety-wtykane-strzalki-105mm-x-235mm-biale-100szt\\\/#primaryimage\"},\"image\":{\"@id\":\"https:\\\/\\\/garden-label.pl\\\/sklep\\\/produkt\\\/marker-ll-etykiety-wtykane-strzalki-105mm-x-235mm-biale-100szt\\\/#primaryimage\"},\"thumbnailUrl\":\"https:\\\/\\\/garden-label.pl\\\/sklep\\\/wp-content\\\/uploads\\\/2026\\\/02\\\/c94e70a23d5225b18bb6d1d4a36c8fd7.jpg\",\"datePublished\":\"2026-02-13T08:40:30+00:00\",\"dateModified\":\"2026-04-06T18:09:54+00:00\",\"breadcrumb\":{\"@id\":\"https:\\\/\\\/garden-label.pl\\\/sklep\\\/produkt\\\/marker-ll-etykiety-wtykane-strzalki-105mm-x-235mm-biale-100szt\\\/#breadcrumb\"},\"inLanguage\":\"pl-PL\",\"potentialAction\":[{\"@type\":\"ReadAction\",\"target\":[\"https:\\\/\\\/garden-label.pl\\\/sklep\\\/produkt\\\/marker-ll-etykiety-wtykane-strzalki-105mm-x-235mm-biale-100szt\\\/\"]}]},{\"@type\":\"ImageObject\",\"inLanguage\":\"pl-PL\",\"@id\":\"https:\\\/\\\/garden-label.pl\\\/sklep\\\/produkt\\\/marker-ll-etykiety-wtykane-strzalki-105mm-x-235mm-biale-100szt\\\/#primaryimage\",\"url\":\"https:\\\/\\\/garden-label.pl\\\/sklep\\\/wp-content\\\/uploads\\\/2026\\\/02\\\/c94e70a23d5225b18bb6d1d4a36c8fd7.jpg\",\"contentUrl\":\"https:\\\/\\\/garden-label.pl\\\/sklep\\\/wp-content\\\/uploads\\\/2026\\\/02\\\/c94e70a23d5225b18bb6d1d4a36c8fd7.jpg\",\"width\":2400,\"height\":2062,\"caption\":\"b14009f07a7174f4d17cc1817157a677\"},{\"@type\":\"BreadcrumbList\",\"@id\":\"https:\\\/\\\/garden-label.pl\\\/sklep\\\/produkt\\\/marker-ll-etykiety-wtykane-strzalki-105mm-x-235mm-biale-100szt\\\/#breadcrumb\",\"itemListElement\":[{\"@type\":\"ListItem\",\"position\":1,\"name\":\"Strona g\u0142\u00f3wna\",\"item\":\"https:\\\/\\\/garden-label.pl\\\/sklep\\\/\"},{\"@type\":\"ListItem\",\"position\":2,\"name\":\"Home\",\"item\":\"https:\\\/\\\/garden-label.pl\\\/sklep\\\/\"},{\"@type\":\"ListItem\",\"position\":3,\"name\":\"MARKER ll+ Etykiety wtykane\\\/strza\u0142ki 105mm x 23,5mm Bia\u0142e 100szt\"}]},{\"@type\":\"WebSite\",\"@id\":\"https:\\\/\\\/garden-label.pl\\\/sklep\\\/#website\",\"url\":\"https:\\\/\\\/garden-label.pl\\\/sklep\\\/\",\"name\":\"Sklep Garden-Label: etykiety dla ogrodnictwa, drukarki, oprogramowanie\",\"description\":\"ETYKIETY OGRODNICZE INFORMATYZACJA SZK\u00d3\u0141EK PASZPORTY RO\u015aLIN SKLEPY INTERNETOWE\",\"publisher\":{\"@id\":\"https:\\\/\\\/garden-label.pl\\\/sklep\\\/#organization\"},\"potentialAction\":[{\"@type\":\"SearchAction\",\"target\":{\"@type\":\"EntryPoint\",\"urlTemplate\":\"https:\\\/\\\/garden-label.pl\\\/sklep\\\/?s={search_term_string}\"},\"query-input\":{\"@type\":\"PropertyValueSpecification\",\"valueRequired\":true,\"valueName\":\"search_term_string\"}}],\"inLanguage\":\"pl-PL\"},{\"@type\":\"Organization\",\"@id\":\"https:\\\/\\\/garden-label.pl\\\/sklep\\\/#organization\",\"name\":\"Sklep Garden-Label: etykiety dla ogrodnictwa, drukarki, oprogramowanie\",\"url\":\"https:\\\/\\\/garden-label.pl\\\/sklep\\\/\",\"logo\":{\"@type\":\"ImageObject\",\"inLanguage\":\"pl-PL\",\"@id\":\"https:\\\/\\\/garden-label.pl\\\/sklep\\\/#\\\/schema\\\/logo\\\/image\\\/\",\"url\":\"https:\\\/\\\/garden-label.pl\\\/sklep\\\/wp-content\\\/uploads\\\/2024\\\/01\\\/GardenLabel-pastelowe.png\",\"contentUrl\":\"https:\\\/\\\/garden-label.pl\\\/sklep\\\/wp-content\\\/uploads\\\/2024\\\/01\\\/GardenLabel-pastelowe.png\",\"width\":2566,\"height\":1054,\"caption\":\"Sklep Garden-Label: etykiety dla ogrodnictwa, drukarki, oprogramowanie\"},\"image\":{\"@id\":\"https:\\\/\\\/garden-label.pl\\\/sklep\\\/#\\\/schema\\\/logo\\\/image\\\/\"},\"sameAs\":[\"https:\\\/\\\/www.facebook.com\\\/gardenlabelpl\"]}]}<\/script>\n<meta property=\"product:brand\" content=\"Garden Label\" \/>\n<meta property=\"product:price:amount\" content=\"28.99\" \/>\n<meta property=\"product:price:currency\" content=\"PLN\" \/>\n<meta property=\"og:availability\" content=\"instock\" \/>\n<meta property=\"product:availability\" content=\"instock\" \/>\n<meta property=\"product:retailer_item_id\" content=\"5906792147938\" \/>\n<meta property=\"product:condition\" content=\"new\" \/>\n<!-- \/ Yoast SEO Premium plugin. -->","yoast_head_json":{"title":"MARKER ll+ Etykiety wtykane\/strza\u0142ki 105mm x 23,5mm Bia\u0142e 100szt - Sklep Garden-Label: etykiety dla ogrodnictwa","robots":{"index":"index","follow":"follow","max-snippet":"max-snippet:-1","max-image-preview":"max-image-preview:large","max-video-preview":"max-video-preview:-1"},"canonical":"https:\/\/garden-label.pl\/sklep\/produkt\/marker-ll-etykiety-wtykane-strzalki-105mm-x-235mm-biale-100szt\/","og_locale":"pl_PL","og_type":"article","og_title":"MARKER ll+ Etykiety wtykane\/strza\u0142ki 105mm x 23,5mm Bia\u0142e 100szt","og_description":"MARKER II + Etykiety ogrodnicze wtykane to niezb\u0119dny element ka\u017cdego ogrodu, szk\u00f3\u0142ki czy uprawy ro\u015blinnej. Nasze etykiety o wymiarach 105mm x 23,5mm wykonane s\u0105 z... wi\u0119cej","og_url":"https:\/\/garden-label.pl\/sklep\/produkt\/marker-ll-etykiety-wtykane-strzalki-105mm-x-235mm-biale-100szt\/","og_site_name":"Sklep Garden-Label: etykiety dla ogrodnictwa","article_publisher":"https:\/\/www.facebook.com\/gardenlabelpl","article_modified_time":"2026-04-06T18:09:54+00:00","twitter_card":"summary_large_image","twitter_misc":{"Cena":"28,99&nbsp;&#122;&#322;","Dost\u0119pno\u015b\u0107":"Dost\u0119pny"},"schema":{"@context":"https:\/\/schema.org","@graph":[{"@type":"WebPage","@id":"https:\/\/garden-label.pl\/sklep\/produkt\/marker-ll-etykiety-wtykane-strzalki-105mm-x-235mm-biale-100szt\/","url":"https:\/\/garden-label.pl\/sklep\/produkt\/marker-ll-etykiety-wtykane-strzalki-105mm-x-235mm-biale-100szt\/","name":"MARKER ll+ Etykiety wtykane\/strza\u0142ki 105mm x 23,5mm Bia\u0142e 100szt - Sklep Garden-Label: etykiety dla ogrodnictwa","isPartOf":{"@id":"https:\/\/garden-label.pl\/sklep\/#website"},"primaryImageOfPage":{"@id":"https:\/\/garden-label.pl\/sklep\/produkt\/marker-ll-etykiety-wtykane-strzalki-105mm-x-235mm-biale-100szt\/#primaryimage"},"image":{"@id":"https:\/\/garden-label.pl\/sklep\/produkt\/marker-ll-etykiety-wtykane-strzalki-105mm-x-235mm-biale-100szt\/#primaryimage"},"thumbnailUrl":"https:\/\/garden-label.pl\/sklep\/wp-content\/uploads\/2026\/02\/c94e70a23d5225b18bb6d1d4a36c8fd7.jpg","datePublished":"2026-02-13T08:40:30+00:00","dateModified":"2026-04-06T18:09:54+00:00","breadcrumb":{"@id":"https:\/\/garden-label.pl\/sklep\/produkt\/marker-ll-etykiety-wtykane-strzalki-105mm-x-235mm-biale-100szt\/#breadcrumb"},"inLanguage":"pl-PL","potentialAction":[{"@type":"ReadAction","target":["https:\/\/garden-label.pl\/sklep\/produkt\/marker-ll-etykiety-wtykane-strzalki-105mm-x-235mm-biale-100szt\/"]}]},{"@type":"ImageObject","inLanguage":"pl-PL","@id":"https:\/\/garden-label.pl\/sklep\/produkt\/marker-ll-etykiety-wtykane-strzalki-105mm-x-235mm-biale-100szt\/#primaryimage","url":"https:\/\/garden-label.pl\/sklep\/wp-content\/uploads\/2026\/02\/c94e70a23d5225b18bb6d1d4a36c8fd7.jpg","contentUrl":"https:\/\/garden-label.pl\/sklep\/wp-content\/uploads\/2026\/02\/c94e70a23d5225b18bb6d1d4a36c8fd7.jpg","width":2400,"height":2062,"caption":"b14009f07a7174f4d17cc1817157a677"},{"@type":"BreadcrumbList","@id":"https:\/\/garden-label.pl\/sklep\/produkt\/marker-ll-etykiety-wtykane-strzalki-105mm-x-235mm-biale-100szt\/#breadcrumb","itemListElement":[{"@type":"ListItem","position":1,"name":"Strona g\u0142\u00f3wna","item":"https:\/\/garden-label.pl\/sklep\/"},{"@type":"ListItem","position":2,"name":"Home","item":"https:\/\/garden-label.pl\/sklep\/"},{"@type":"ListItem","position":3,"name":"MARKER ll+ Etykiety wtykane\/strza\u0142ki 105mm x 23,5mm Bia\u0142e 100szt"}]},{"@type":"WebSite","@id":"https:\/\/garden-label.pl\/sklep\/#website","url":"https:\/\/garden-label.pl\/sklep\/","name":"Sklep Garden-Label: etykiety dla ogrodnictwa, drukarki, oprogramowanie","description":"ETYKIETY OGRODNICZE INFORMATYZACJA SZK\u00d3\u0141EK PASZPORTY RO\u015aLIN SKLEPY INTERNETOWE","publisher":{"@id":"https:\/\/garden-label.pl\/sklep\/#organization"},"potentialAction":[{"@type":"SearchAction","target":{"@type":"EntryPoint","urlTemplate":"https:\/\/garden-label.pl\/sklep\/?s={search_term_string}"},"query-input":{"@type":"PropertyValueSpecification","valueRequired":true,"valueName":"search_term_string"}}],"inLanguage":"pl-PL"},{"@type":"Organization","@id":"https:\/\/garden-label.pl\/sklep\/#organization","name":"Sklep Garden-Label: etykiety dla ogrodnictwa, drukarki, oprogramowanie","url":"https:\/\/garden-label.pl\/sklep\/","logo":{"@type":"ImageObject","inLanguage":"pl-PL","@id":"https:\/\/garden-label.pl\/sklep\/#\/schema\/logo\/image\/","url":"https:\/\/garden-label.pl\/sklep\/wp-content\/uploads\/2024\/01\/GardenLabel-pastelowe.png","contentUrl":"https:\/\/garden-label.pl\/sklep\/wp-content\/uploads\/2024\/01\/GardenLabel-pastelowe.png","width":2566,"height":1054,"caption":"Sklep Garden-Label: etykiety dla ogrodnictwa, drukarki, oprogramowanie"},"image":{"@id":"https:\/\/garden-label.pl\/sklep\/#\/schema\/logo\/image\/"},"sameAs":["https:\/\/www.facebook.com\/gardenlabelpl"]}]},"product_brand":"Garden Label","product_price_amount":"28.99","product_price_currency":"PLN","og_availability":"instock","product_availability":"instock","product_retailer_item_id":"5906792147938","product_condition":"new"},"_links":{"self":[{"href":"https:\/\/garden-label.pl\/sklep\/wp-json\/wp\/v2\/product\/107124","targetHints":{"allow":["GET"]}}],"collection":[{"href":"https:\/\/garden-label.pl\/sklep\/wp-json\/wp\/v2\/product"}],"about":[{"href":"https:\/\/garden-label.pl\/sklep\/wp-json\/wp\/v2\/types\/product"}],"replies":[{"embeddable":true,"href":"https:\/\/garden-label.pl\/sklep\/wp-json\/wp\/v2\/comments?post=107124"}],"version-history":[{"count":0,"href":"https:\/\/garden-label.pl\/sklep\/wp-json\/wp\/v2\/product\/107124\/revisions"}],"wp:featuredmedia":[{"embeddable":true,"href":"https:\/\/garden-label.pl\/sklep\/wp-json\/wp\/v2\/media\/107125"}],"wp:attachment":[{"href":"https:\/\/garden-label.pl\/sklep\/wp-json\/wp\/v2\/media?parent=107124"}],"wp:term":[{"taxonomy":"product_brand","embeddable":true,"href":"https:\/\/garden-label.pl\/sklep\/wp-json\/wp\/v2\/product_brand?post=107124"},{"taxonomy":"product_cat","embeddable":true,"href":"https:\/\/garden-label.pl\/sklep\/wp-json\/wp\/v2\/product_cat?post=107124"},{"taxonomy":"product_tag","embeddable":true,"href":"https:\/\/garden-label.pl\/sklep\/wp-json\/wp\/v2\/product_tag?post=107124"}],"curies":[{"name":"wp","href":"https:\/\/api.w.org\/{rel}","templated":true}]}}