{"id":10656,"date":"2024-09-19T10:30:27","date_gmt":"2024-09-19T08:30:27","guid":{"rendered":"https:\/\/garden-label.pl\/sklep\/produkt\/wydruk-laserowy-usluga-drukowania-na-etykietach-gotowe-etykiety-z-wydrukiem\/"},"modified":"2026-03-13T07:42:28","modified_gmt":"2026-03-13T06:42:28","slug":"wydruk-laserowy-usluga-drukowania-na-etykietach-gotowe-etykiety-z-wydrukiem","status":"publish","type":"product","link":"https:\/\/garden-label.pl\/sklep\/produkt\/wydruk-laserowy-usluga-drukowania-na-etykietach-gotowe-etykiety-z-wydrukiem\/","title":{"rendered":"Wydruk LASEROWY &#8211; us\u0142uga drukowania na etykietach, gotowe etykiety z wydrukiem"},"content":{"rendered":"<div><b>Cena &#8211; Indywidualna wycena, prosimy o kontakt<\/b><\/div>\n<div><\/div>\n<p>Oferujemy us\u0142ug\u0119 drukowania na etykietach, dzi\u0119ki kt\u00f3rej otrzymasz gotowe etykiety z wydrukiem dostosowane do Twoich potrzeb. Nasza wysokiej jako\u015bci wydruk gwarantuje wyra\u017ane, trwa\u0142e i estetyczne etykiety, idealne do oznakowania produkt\u00f3w w Twoim biznesie. Skorzystaj z naszego profesjonalnego serwisu, aby wyr\u00f3\u017cni\u0107 si\u0119 na rynku i zapewni\u0107 klarowne oznaczenie Twoich artyku\u0142\u00f3w.\u00a0<\/p>\n<div><\/p>\n<div>Wydruk<b> Laserowy Kolorowy <\/b>to us\u0142uga wysokiej jako\u015bci drukowania na etykietach, pozwalaj\u0105ca na precyzyjne odwzorowanie kolor\u00f3w i detali. Dzi\u0119ki zaawansowanej technologii laserowej oferujemy etykiety z kolorowym nadrukiem, kt\u00f3re wyr\u00f3\u017cniaj\u0105 si\u0119 wyj\u0105tkow\u0105 ostro\u015bci\u0105, \u017cywymi barwami oraz trwa\u0142o\u015bci\u0105. Gotowe etykiety z wydrukiem laserowym kolorowym s\u0105 odporne na \u015bcieranie, blakni\u0119cie oraz zmienne warunki atmosferyczne, co czyni je idealnym rozwi\u0105zaniem do zastosowa\u0144 reklamowych, produkt\u00f3w konsumenckich, logistyki i wielu innych bran\u017c. Nasze etykiety \u0142\u0105cz\u0105 estetyk\u0119 z funkcjonalno\u015bci\u0105, zapewniaj\u0105c doskona\u0142y efekt wizualny i d\u0142ugotrwa\u0142e u\u017cytkowanie.<\/div>\n<\/div>\n<p>producent\/przedstawiciel\/informacje o bezpiecze\u0144stwie: https:\/\/anetpol.pl\/regulamin-sklepu-internetowego\/<br \/>biuro@anetpol.pl<\/p>\n","protected":false},"excerpt":{"rendered":"<p><span style=\"font-weight: 600\">Cena &#8211; Indywidualna wycena, prosimy o kontakt<\/span><\/p>\n<div><b><br \/><\/b><\/p>\n<div>Oferta druku na etykietach to nie tylko spos\u00f3b na wyra\u017ane oznaczenie produkt\u00f3w, ale r\u00f3wnie\u017c doskona\u0142y spos\u00f3b na&#8230; <a href=\"https:\/\/garden-label.pl\/sklep\/produkt\/wydruk-laserowy-usluga-drukowania-na-etykietach-gotowe-etykiety-z-wydrukiem\/\">wi\u0119cej<\/a><\/p>\n","protected":false},"featured_media":86769,"comment_status":"open","ping_status":"closed","template":"","meta":[],"product_brand":[910],"product_cat":[1087,1084,1088,1085,1099,1086,1098,15],"product_tag":[1083,919],"class_list":{"0":"post-10656","1":"product","2":"type-product","3":"status-publish","4":"has-post-thumbnail","6":"product_brand-garden-label-pl","7":"product_cat-akcesoria","8":"product_cat-dom-i-ogrod","9":"product_cat-etykiety-i-tabliczki","10":"product_cat-ogrod","11":"product_cat-pp","12":"product_cat-rosliny","13":"product_cat-samoprzylepne-termotransferowe","14":"product_cat-sklep","15":"product_tag-supermerchant","16":"product_tag-wydruki","17":"sales-flash-overlay","18":"woocommerce-text-align-left","19":"woocommerce-image-align-center","20":"do-quantity-buttons","21":"wc-has-gallery","23":"first","24":"instock","25":"taxable","26":"shipping-taxable","27":"purchasable","28":"product-type-simple"},"yoast_head":"<!-- This site is optimized with the Yoast SEO Premium plugin v26.3 (Yoast SEO v27.3) - https:\/\/yoast.com\/product\/yoast-seo-premium-wordpress\/ -->\n<title>Wydruk LASEROWY - us\u0142uga drukowania na etykietach, gotowe etykiety z wydrukiem - Sklep Garden-Label: etykiety dla ogrodnictwa<\/title>\n<meta name=\"robots\" content=\"index, follow, max-snippet:-1, max-image-preview:large, max-video-preview:-1\" \/>\n<link rel=\"canonical\" href=\"https:\/\/garden-label.pl\/sklep\/produkt\/wydruk-laserowy-usluga-drukowania-na-etykietach-gotowe-etykiety-z-wydrukiem\/\" \/>\n<meta property=\"og:locale\" content=\"pl_PL\" \/>\n<meta property=\"og:type\" content=\"article\" \/>\n<meta property=\"og:title\" content=\"Wydruk LASEROWY - us\u0142uga drukowania na etykietach, gotowe etykiety z wydrukiem\" \/>\n<meta property=\"og:description\" content=\"Cena - Indywidualna wycena, prosimy o kontaktOferta druku na etykietach to nie tylko spos\u00f3b na wyra\u017ane oznaczenie produkt\u00f3w, ale r\u00f3wnie\u017c doskona\u0142y spos\u00f3b na... wi\u0119cej\" \/>\n<meta property=\"og:url\" content=\"https:\/\/garden-label.pl\/sklep\/produkt\/wydruk-laserowy-usluga-drukowania-na-etykietach-gotowe-etykiety-z-wydrukiem\/\" \/>\n<meta property=\"og:site_name\" content=\"Sklep Garden-Label: etykiety dla ogrodnictwa\" \/>\n<meta property=\"article:publisher\" content=\"https:\/\/www.facebook.com\/gardenlabelpl\" \/>\n<meta property=\"article:modified_time\" content=\"2026-03-13T06:42:28+00:00\" \/>\n<meta property=\"og:image\" content=\"https:\/\/garden-label.pl\/sklep\/wp-content\/uploads\/2025\/10\/d124e9a1db531a626ab26a587702a41a.jpg\" \/>\n\t<meta property=\"og:image:width\" content=\"501\" \/>\n\t<meta property=\"og:image:height\" content=\"300\" \/>\n\t<meta property=\"og:image:type\" content=\"image\/jpeg\" \/>\n<meta name=\"twitter:card\" content=\"summary_large_image\" \/>\n<meta name=\"twitter:label1\" content=\"Cena\" \/>\n\t<meta name=\"twitter:data1\" content=\"95,04&nbsp;&#122;&#322;\" \/>\n\t<meta name=\"twitter:label2\" content=\"Dost\u0119pno\u015b\u0107\" \/>\n\t<meta name=\"twitter:data2\" content=\"Dost\u0119pny\" \/>\n<script type=\"application\/ld+json\" class=\"yoast-schema-graph\">{\"@context\":\"https:\\\/\\\/schema.org\",\"@graph\":[{\"@type\":\"WebPage\",\"@id\":\"https:\\\/\\\/garden-label.pl\\\/sklep\\\/produkt\\\/wydruk-laserowy-usluga-drukowania-na-etykietach-gotowe-etykiety-z-wydrukiem\\\/\",\"url\":\"https:\\\/\\\/garden-label.pl\\\/sklep\\\/produkt\\\/wydruk-laserowy-usluga-drukowania-na-etykietach-gotowe-etykiety-z-wydrukiem\\\/\",\"name\":\"Wydruk LASEROWY - us\u0142uga drukowania na etykietach, gotowe etykiety z wydrukiem - Sklep Garden-Label: etykiety dla ogrodnictwa\",\"isPartOf\":{\"@id\":\"https:\\\/\\\/garden-label.pl\\\/sklep\\\/#website\"},\"primaryImageOfPage\":{\"@id\":\"https:\\\/\\\/garden-label.pl\\\/sklep\\\/produkt\\\/wydruk-laserowy-usluga-drukowania-na-etykietach-gotowe-etykiety-z-wydrukiem\\\/#primaryimage\"},\"image\":{\"@id\":\"https:\\\/\\\/garden-label.pl\\\/sklep\\\/produkt\\\/wydruk-laserowy-usluga-drukowania-na-etykietach-gotowe-etykiety-z-wydrukiem\\\/#primaryimage\"},\"thumbnailUrl\":\"https:\\\/\\\/garden-label.pl\\\/sklep\\\/wp-content\\\/uploads\\\/2025\\\/10\\\/d124e9a1db531a626ab26a587702a41a.jpg\",\"datePublished\":\"2024-09-19T08:30:27+00:00\",\"dateModified\":\"2026-03-13T06:42:28+00:00\",\"breadcrumb\":{\"@id\":\"https:\\\/\\\/garden-label.pl\\\/sklep\\\/produkt\\\/wydruk-laserowy-usluga-drukowania-na-etykietach-gotowe-etykiety-z-wydrukiem\\\/#breadcrumb\"},\"inLanguage\":\"pl-PL\",\"potentialAction\":[{\"@type\":\"ReadAction\",\"target\":[\"https:\\\/\\\/garden-label.pl\\\/sklep\\\/produkt\\\/wydruk-laserowy-usluga-drukowania-na-etykietach-gotowe-etykiety-z-wydrukiem\\\/\"]}]},{\"@type\":\"ImageObject\",\"inLanguage\":\"pl-PL\",\"@id\":\"https:\\\/\\\/garden-label.pl\\\/sklep\\\/produkt\\\/wydruk-laserowy-usluga-drukowania-na-etykietach-gotowe-etykiety-z-wydrukiem\\\/#primaryimage\",\"url\":\"https:\\\/\\\/garden-label.pl\\\/sklep\\\/wp-content\\\/uploads\\\/2025\\\/10\\\/d124e9a1db531a626ab26a587702a41a.jpg\",\"contentUrl\":\"https:\\\/\\\/garden-label.pl\\\/sklep\\\/wp-content\\\/uploads\\\/2025\\\/10\\\/d124e9a1db531a626ab26a587702a41a.jpg\",\"width\":501,\"height\":300,\"caption\":\"f04bd8124685377378ada552ae92329a\"},{\"@type\":\"BreadcrumbList\",\"@id\":\"https:\\\/\\\/garden-label.pl\\\/sklep\\\/produkt\\\/wydruk-laserowy-usluga-drukowania-na-etykietach-gotowe-etykiety-z-wydrukiem\\\/#breadcrumb\",\"itemListElement\":[{\"@type\":\"ListItem\",\"position\":1,\"name\":\"Strona g\u0142\u00f3wna\",\"item\":\"https:\\\/\\\/garden-label.pl\\\/sklep\\\/\"},{\"@type\":\"ListItem\",\"position\":2,\"name\":\"Home\",\"item\":\"https:\\\/\\\/garden-label.pl\\\/sklep\\\/\"},{\"@type\":\"ListItem\",\"position\":3,\"name\":\"Wydruk LASEROWY &#8211; us\u0142uga drukowania na etykietach, gotowe etykiety z wydrukiem\"}]},{\"@type\":\"WebSite\",\"@id\":\"https:\\\/\\\/garden-label.pl\\\/sklep\\\/#website\",\"url\":\"https:\\\/\\\/garden-label.pl\\\/sklep\\\/\",\"name\":\"Sklep Garden-Label: etykiety dla ogrodnictwa, drukarki, oprogramowanie\",\"description\":\"ETYKIETY OGRODNICZE INFORMATYZACJA SZK\u00d3\u0141EK PASZPORTY RO\u015aLIN SKLEPY INTERNETOWE\",\"publisher\":{\"@id\":\"https:\\\/\\\/garden-label.pl\\\/sklep\\\/#organization\"},\"potentialAction\":[{\"@type\":\"SearchAction\",\"target\":{\"@type\":\"EntryPoint\",\"urlTemplate\":\"https:\\\/\\\/garden-label.pl\\\/sklep\\\/?s={search_term_string}\"},\"query-input\":{\"@type\":\"PropertyValueSpecification\",\"valueRequired\":true,\"valueName\":\"search_term_string\"}}],\"inLanguage\":\"pl-PL\"},{\"@type\":\"Organization\",\"@id\":\"https:\\\/\\\/garden-label.pl\\\/sklep\\\/#organization\",\"name\":\"Sklep Garden-Label: etykiety dla ogrodnictwa, drukarki, oprogramowanie\",\"url\":\"https:\\\/\\\/garden-label.pl\\\/sklep\\\/\",\"logo\":{\"@type\":\"ImageObject\",\"inLanguage\":\"pl-PL\",\"@id\":\"https:\\\/\\\/garden-label.pl\\\/sklep\\\/#\\\/schema\\\/logo\\\/image\\\/\",\"url\":\"https:\\\/\\\/garden-label.pl\\\/sklep\\\/wp-content\\\/uploads\\\/2024\\\/01\\\/GardenLabel-pastelowe.png\",\"contentUrl\":\"https:\\\/\\\/garden-label.pl\\\/sklep\\\/wp-content\\\/uploads\\\/2024\\\/01\\\/GardenLabel-pastelowe.png\",\"width\":2566,\"height\":1054,\"caption\":\"Sklep Garden-Label: etykiety dla ogrodnictwa, drukarki, oprogramowanie\"},\"image\":{\"@id\":\"https:\\\/\\\/garden-label.pl\\\/sklep\\\/#\\\/schema\\\/logo\\\/image\\\/\"},\"sameAs\":[\"https:\\\/\\\/www.facebook.com\\\/gardenlabelpl\"]}]}<\/script>\n<meta property=\"product:price:amount\" content=\"95.04\" \/>\n<meta property=\"product:price:currency\" content=\"PLN\" \/>\n<meta property=\"og:availability\" content=\"instock\" \/>\n<meta property=\"product:availability\" content=\"instock\" \/>\n<meta property=\"product:retailer_item_id\" content=\"Wydruki Laserem\" \/>\n<meta property=\"product:condition\" content=\"new\" \/>\n<!-- \/ Yoast SEO Premium plugin. -->","yoast_head_json":{"title":"Wydruk LASEROWY - us\u0142uga drukowania na etykietach, gotowe etykiety z wydrukiem - Sklep Garden-Label: etykiety dla ogrodnictwa","robots":{"index":"index","follow":"follow","max-snippet":"max-snippet:-1","max-image-preview":"max-image-preview:large","max-video-preview":"max-video-preview:-1"},"canonical":"https:\/\/garden-label.pl\/sklep\/produkt\/wydruk-laserowy-usluga-drukowania-na-etykietach-gotowe-etykiety-z-wydrukiem\/","og_locale":"pl_PL","og_type":"article","og_title":"Wydruk LASEROWY - us\u0142uga drukowania na etykietach, gotowe etykiety z wydrukiem","og_description":"Cena - Indywidualna wycena, prosimy o kontaktOferta druku na etykietach to nie tylko spos\u00f3b na wyra\u017ane oznaczenie produkt\u00f3w, ale r\u00f3wnie\u017c doskona\u0142y spos\u00f3b na... wi\u0119cej","og_url":"https:\/\/garden-label.pl\/sklep\/produkt\/wydruk-laserowy-usluga-drukowania-na-etykietach-gotowe-etykiety-z-wydrukiem\/","og_site_name":"Sklep Garden-Label: etykiety dla ogrodnictwa","article_publisher":"https:\/\/www.facebook.com\/gardenlabelpl","article_modified_time":"2026-03-13T06:42:28+00:00","og_image":[{"width":501,"height":300,"url":"https:\/\/garden-label.pl\/sklep\/wp-content\/uploads\/2025\/10\/d124e9a1db531a626ab26a587702a41a.jpg","type":"image\/jpeg"}],"twitter_card":"summary_large_image","twitter_misc":{"Cena":"95,04&nbsp;&#122;&#322;","Dost\u0119pno\u015b\u0107":"Dost\u0119pny"},"schema":{"@context":"https:\/\/schema.org","@graph":[{"@type":"WebPage","@id":"https:\/\/garden-label.pl\/sklep\/produkt\/wydruk-laserowy-usluga-drukowania-na-etykietach-gotowe-etykiety-z-wydrukiem\/","url":"https:\/\/garden-label.pl\/sklep\/produkt\/wydruk-laserowy-usluga-drukowania-na-etykietach-gotowe-etykiety-z-wydrukiem\/","name":"Wydruk LASEROWY - us\u0142uga drukowania na etykietach, gotowe etykiety z wydrukiem - Sklep Garden-Label: etykiety dla ogrodnictwa","isPartOf":{"@id":"https:\/\/garden-label.pl\/sklep\/#website"},"primaryImageOfPage":{"@id":"https:\/\/garden-label.pl\/sklep\/produkt\/wydruk-laserowy-usluga-drukowania-na-etykietach-gotowe-etykiety-z-wydrukiem\/#primaryimage"},"image":{"@id":"https:\/\/garden-label.pl\/sklep\/produkt\/wydruk-laserowy-usluga-drukowania-na-etykietach-gotowe-etykiety-z-wydrukiem\/#primaryimage"},"thumbnailUrl":"https:\/\/garden-label.pl\/sklep\/wp-content\/uploads\/2025\/10\/d124e9a1db531a626ab26a587702a41a.jpg","datePublished":"2024-09-19T08:30:27+00:00","dateModified":"2026-03-13T06:42:28+00:00","breadcrumb":{"@id":"https:\/\/garden-label.pl\/sklep\/produkt\/wydruk-laserowy-usluga-drukowania-na-etykietach-gotowe-etykiety-z-wydrukiem\/#breadcrumb"},"inLanguage":"pl-PL","potentialAction":[{"@type":"ReadAction","target":["https:\/\/garden-label.pl\/sklep\/produkt\/wydruk-laserowy-usluga-drukowania-na-etykietach-gotowe-etykiety-z-wydrukiem\/"]}]},{"@type":"ImageObject","inLanguage":"pl-PL","@id":"https:\/\/garden-label.pl\/sklep\/produkt\/wydruk-laserowy-usluga-drukowania-na-etykietach-gotowe-etykiety-z-wydrukiem\/#primaryimage","url":"https:\/\/garden-label.pl\/sklep\/wp-content\/uploads\/2025\/10\/d124e9a1db531a626ab26a587702a41a.jpg","contentUrl":"https:\/\/garden-label.pl\/sklep\/wp-content\/uploads\/2025\/10\/d124e9a1db531a626ab26a587702a41a.jpg","width":501,"height":300,"caption":"f04bd8124685377378ada552ae92329a"},{"@type":"BreadcrumbList","@id":"https:\/\/garden-label.pl\/sklep\/produkt\/wydruk-laserowy-usluga-drukowania-na-etykietach-gotowe-etykiety-z-wydrukiem\/#breadcrumb","itemListElement":[{"@type":"ListItem","position":1,"name":"Strona g\u0142\u00f3wna","item":"https:\/\/garden-label.pl\/sklep\/"},{"@type":"ListItem","position":2,"name":"Home","item":"https:\/\/garden-label.pl\/sklep\/"},{"@type":"ListItem","position":3,"name":"Wydruk LASEROWY &#8211; us\u0142uga drukowania na etykietach, gotowe etykiety z wydrukiem"}]},{"@type":"WebSite","@id":"https:\/\/garden-label.pl\/sklep\/#website","url":"https:\/\/garden-label.pl\/sklep\/","name":"Sklep Garden-Label: etykiety dla ogrodnictwa, drukarki, oprogramowanie","description":"ETYKIETY OGRODNICZE INFORMATYZACJA SZK\u00d3\u0141EK PASZPORTY RO\u015aLIN SKLEPY INTERNETOWE","publisher":{"@id":"https:\/\/garden-label.pl\/sklep\/#organization"},"potentialAction":[{"@type":"SearchAction","target":{"@type":"EntryPoint","urlTemplate":"https:\/\/garden-label.pl\/sklep\/?s={search_term_string}"},"query-input":{"@type":"PropertyValueSpecification","valueRequired":true,"valueName":"search_term_string"}}],"inLanguage":"pl-PL"},{"@type":"Organization","@id":"https:\/\/garden-label.pl\/sklep\/#organization","name":"Sklep Garden-Label: etykiety dla ogrodnictwa, drukarki, oprogramowanie","url":"https:\/\/garden-label.pl\/sklep\/","logo":{"@type":"ImageObject","inLanguage":"pl-PL","@id":"https:\/\/garden-label.pl\/sklep\/#\/schema\/logo\/image\/","url":"https:\/\/garden-label.pl\/sklep\/wp-content\/uploads\/2024\/01\/GardenLabel-pastelowe.png","contentUrl":"https:\/\/garden-label.pl\/sklep\/wp-content\/uploads\/2024\/01\/GardenLabel-pastelowe.png","width":2566,"height":1054,"caption":"Sklep Garden-Label: etykiety dla ogrodnictwa, drukarki, oprogramowanie"},"image":{"@id":"https:\/\/garden-label.pl\/sklep\/#\/schema\/logo\/image\/"},"sameAs":["https:\/\/www.facebook.com\/gardenlabelpl"]}]},"product_price_amount":"95.04","product_price_currency":"PLN","og_availability":"instock","product_availability":"instock","product_retailer_item_id":"Wydruki Laserem","product_condition":"new"},"_links":{"self":[{"href":"https:\/\/garden-label.pl\/sklep\/wp-json\/wp\/v2\/product\/10656","targetHints":{"allow":["GET"]}}],"collection":[{"href":"https:\/\/garden-label.pl\/sklep\/wp-json\/wp\/v2\/product"}],"about":[{"href":"https:\/\/garden-label.pl\/sklep\/wp-json\/wp\/v2\/types\/product"}],"replies":[{"embeddable":true,"href":"https:\/\/garden-label.pl\/sklep\/wp-json\/wp\/v2\/comments?post=10656"}],"version-history":[{"count":0,"href":"https:\/\/garden-label.pl\/sklep\/wp-json\/wp\/v2\/product\/10656\/revisions"}],"wp:featuredmedia":[{"embeddable":true,"href":"https:\/\/garden-label.pl\/sklep\/wp-json\/wp\/v2\/media\/86769"}],"wp:attachment":[{"href":"https:\/\/garden-label.pl\/sklep\/wp-json\/wp\/v2\/media?parent=10656"}],"wp:term":[{"taxonomy":"product_brand","embeddable":true,"href":"https:\/\/garden-label.pl\/sklep\/wp-json\/wp\/v2\/product_brand?post=10656"},{"taxonomy":"product_cat","embeddable":true,"href":"https:\/\/garden-label.pl\/sklep\/wp-json\/wp\/v2\/product_cat?post=10656"},{"taxonomy":"product_tag","embeddable":true,"href":"https:\/\/garden-label.pl\/sklep\/wp-json\/wp\/v2\/product_tag?post=10656"}],"curies":[{"name":"wp","href":"https:\/\/api.w.org\/{rel}","templated":true}]}}