{"id":10644,"date":"2024-09-19T10:13:29","date_gmt":"2024-09-19T08:13:29","guid":{"rendered":"https:\/\/garden-label.pl\/sklep\/produkt\/wydruk-usluga-drukowania-na-etykietach-gotowe-etykiety-z-wydrukiem\/"},"modified":"2026-04-24T10:50:14","modified_gmt":"2026-04-24T08:50:14","slug":"wydruk-usluga-drukowania-na-etykietach-gotowe-etykiety-z-wydrukiem","status":"publish","type":"product","link":"https:\/\/garden-label.pl\/sklep\/produkt\/wydruk-usluga-drukowania-na-etykietach-gotowe-etykiety-z-wydrukiem\/","title":{"rendered":"Wydruk TERMOTRANSFEROWY- us\u0142uga drukowania na etykietach, gotowe etykiety z wydrukiem"},"content":{"rendered":"<div><b>Cena &#8211; Indywidualna wycena, prosimy o kontakt<\/b><\/div>\n<div><\/div>\n<p>Oferujemy us\u0142ug\u0119 drukowania na etykietach, dzi\u0119ki kt\u00f3rej otrzymasz gotowe etykiety z wydrukiem dostosowane do Twoich potrzeb. Nasza wysokiej jako\u015bci wydruk gwarantuje wyra\u017ane, trwa\u0142e i estetyczne etykiety, idealne do oznakowania produkt\u00f3w w Twoim biznesie. Skorzystaj z naszego profesjonalnego serwisu, aby wyr\u00f3\u017cni\u0107 si\u0119 na rynku i zapewni\u0107 klarowne oznaczenie Twoich artyku\u0142\u00f3w.\u00a0<\/p>\n<div><\/p>\n<div>Wydruk <b>Termotransferowy r\u00f3wnie\u017c w kolorach\u00a0<\/b>to profesjonalna us\u0142uga drukowania na etykietach, idealna dla firm i klient\u00f3w indywidualnych, kt\u00f3rzy potrzebuj\u0105 trwa\u0142ych i precyzyjnych oznacze\u0144. Nasza technologia termotransferowa gwarantuje doskona\u0142\u0105 jako\u015b\u0107 wydruku na r\u00f3\u017cnorodnych materia\u0142ach, takich jak papier, folia, czy tekstylia. Gotowe etykiety z nadrukiem charakteryzuj\u0105 si\u0119 odporno\u015bci\u0105 na \u015bcieranie, wilgo\u0107 oraz zmienne warunki atmosferyczne, co sprawia, \u017ce idealnie nadaj\u0105 si\u0119 do zastosowania w bran\u017cy przemys\u0142owej, logistycznej, czy detalicznej. Skorzystaj z naszej us\u0142ugi, aby otrzyma\u0107 gotowe, wysokiej jako\u015bci etykiety zgodne z Twoimi potrzebami.<\/div>\n<\/div>\n<p>producent\/przedstawiciel\/informacje o bezpiecze\u0144stwie: https:\/\/anetpol.pl\/regulamin-sklepu-internetowego\/<br \/>biuro@anetpol.pl<\/p>\n","protected":false},"excerpt":{"rendered":"<div><span style=\"font-weight: 600\">Cena &#8211; Indywidualna wycena, prosimy o kontakt<\/span><\/div>\n<div><span style=\"font-weight: 600\"><br \/><\/span><\/div>\n<p>Oferta druku na etykietach to nie tylko spos\u00f3b na wyra\u017ane oznaczenie produkt\u00f3w, ale r\u00f3wnie\u017c doskona\u0142y&#8230; <a href=\"https:\/\/garden-label.pl\/sklep\/produkt\/wydruk-usluga-drukowania-na-etykietach-gotowe-etykiety-z-wydrukiem\/\">wi\u0119cej<\/a><\/p>\n","protected":false},"featured_media":86348,"comment_status":"open","ping_status":"closed","template":"","meta":[],"product_brand":[910],"product_cat":[1087,1084,1088,1085,1099,1086,1098,15],"product_tag":[1083,919],"class_list":{"0":"post-10644","1":"product","2":"type-product","3":"status-publish","4":"has-post-thumbnail","6":"product_brand-garden-label-pl","7":"product_cat-akcesoria","8":"product_cat-dom-i-ogrod","9":"product_cat-etykiety-i-tabliczki","10":"product_cat-ogrod","11":"product_cat-pp","12":"product_cat-rosliny","13":"product_cat-samoprzylepne-termotransferowe","14":"product_cat-sklep","15":"product_tag-supermerchant","16":"product_tag-wydruki","17":"sales-flash-overlay","18":"woocommerce-text-align-left","19":"woocommerce-image-align-center","20":"do-quantity-buttons","21":"wc-has-gallery","23":"first","24":"instock","25":"taxable","26":"shipping-taxable","27":"purchasable","28":"product-type-simple"},"yoast_head":"<!-- This site is optimized with the Yoast SEO Premium plugin v26.3 (Yoast SEO v27.5) - https:\/\/yoast.com\/product\/yoast-seo-premium-wordpress\/ -->\n<title>Wydruk TERMOTRANSFEROWY- us\u0142uga drukowania na etykietach, gotowe etykiety z wydrukiem - Sklep Garden-Label: etykiety dla ogrodnictwa<\/title>\n<meta name=\"robots\" content=\"index, follow, max-snippet:-1, max-image-preview:large, max-video-preview:-1\" \/>\n<link rel=\"canonical\" href=\"https:\/\/garden-label.pl\/sklep\/produkt\/wydruk-usluga-drukowania-na-etykietach-gotowe-etykiety-z-wydrukiem\/\" \/>\n<meta property=\"og:locale\" content=\"pl_PL\" \/>\n<meta property=\"og:type\" content=\"article\" \/>\n<meta property=\"og:title\" content=\"Wydruk TERMOTRANSFEROWY- us\u0142uga drukowania na etykietach, gotowe etykiety z wydrukiem\" \/>\n<meta property=\"og:description\" content=\"Cena - Indywidualna wycena, prosimy o kontaktOferta druku na etykietach to nie tylko spos\u00f3b na wyra\u017ane oznaczenie produkt\u00f3w, ale r\u00f3wnie\u017c doskona\u0142y... wi\u0119cej\" \/>\n<meta property=\"og:url\" content=\"https:\/\/garden-label.pl\/sklep\/produkt\/wydruk-usluga-drukowania-na-etykietach-gotowe-etykiety-z-wydrukiem\/\" \/>\n<meta property=\"og:site_name\" content=\"Sklep Garden-Label: etykiety dla ogrodnictwa\" \/>\n<meta property=\"article:publisher\" content=\"https:\/\/www.facebook.com\/gardenlabelpl\" \/>\n<meta property=\"article:modified_time\" content=\"2026-04-24T08:50:14+00:00\" \/>\n<meta property=\"og:image\" content=\"https:\/\/garden-label.pl\/sklep\/wp-content\/uploads\/2025\/10\/07bbc66c40670cadef34605f29225e3b.jpg\" \/>\n\t<meta property=\"og:image:width\" content=\"1500\" \/>\n\t<meta property=\"og:image:height\" content=\"1000\" \/>\n\t<meta property=\"og:image:type\" content=\"image\/jpeg\" \/>\n<meta name=\"twitter:card\" content=\"summary_large_image\" \/>\n<meta name=\"twitter:label1\" content=\"Cena\" \/>\n\t<meta name=\"twitter:data1\" content=\"95,04&nbsp;&#122;&#322;\" \/>\n\t<meta name=\"twitter:label2\" content=\"Dost\u0119pno\u015b\u0107\" \/>\n\t<meta name=\"twitter:data2\" content=\"Dost\u0119pny\" \/>\n<script type=\"application\/ld+json\" class=\"yoast-schema-graph\">{\"@context\":\"https:\\\/\\\/schema.org\",\"@graph\":[{\"@type\":\"WebPage\",\"@id\":\"https:\\\/\\\/garden-label.pl\\\/sklep\\\/produkt\\\/wydruk-usluga-drukowania-na-etykietach-gotowe-etykiety-z-wydrukiem\\\/\",\"url\":\"https:\\\/\\\/garden-label.pl\\\/sklep\\\/produkt\\\/wydruk-usluga-drukowania-na-etykietach-gotowe-etykiety-z-wydrukiem\\\/\",\"name\":\"Wydruk TERMOTRANSFEROWY- us\u0142uga drukowania na etykietach, gotowe etykiety z wydrukiem - Sklep Garden-Label: etykiety dla ogrodnictwa\",\"isPartOf\":{\"@id\":\"https:\\\/\\\/garden-label.pl\\\/sklep\\\/#website\"},\"primaryImageOfPage\":{\"@id\":\"https:\\\/\\\/garden-label.pl\\\/sklep\\\/produkt\\\/wydruk-usluga-drukowania-na-etykietach-gotowe-etykiety-z-wydrukiem\\\/#primaryimage\"},\"image\":{\"@id\":\"https:\\\/\\\/garden-label.pl\\\/sklep\\\/produkt\\\/wydruk-usluga-drukowania-na-etykietach-gotowe-etykiety-z-wydrukiem\\\/#primaryimage\"},\"thumbnailUrl\":\"https:\\\/\\\/garden-label.pl\\\/sklep\\\/wp-content\\\/uploads\\\/2025\\\/10\\\/07bbc66c40670cadef34605f29225e3b.jpg\",\"datePublished\":\"2024-09-19T08:13:29+00:00\",\"dateModified\":\"2026-04-24T08:50:14+00:00\",\"breadcrumb\":{\"@id\":\"https:\\\/\\\/garden-label.pl\\\/sklep\\\/produkt\\\/wydruk-usluga-drukowania-na-etykietach-gotowe-etykiety-z-wydrukiem\\\/#breadcrumb\"},\"inLanguage\":\"pl-PL\",\"potentialAction\":[{\"@type\":\"ReadAction\",\"target\":[\"https:\\\/\\\/garden-label.pl\\\/sklep\\\/produkt\\\/wydruk-usluga-drukowania-na-etykietach-gotowe-etykiety-z-wydrukiem\\\/\"]}]},{\"@type\":\"ImageObject\",\"inLanguage\":\"pl-PL\",\"@id\":\"https:\\\/\\\/garden-label.pl\\\/sklep\\\/produkt\\\/wydruk-usluga-drukowania-na-etykietach-gotowe-etykiety-z-wydrukiem\\\/#primaryimage\",\"url\":\"https:\\\/\\\/garden-label.pl\\\/sklep\\\/wp-content\\\/uploads\\\/2025\\\/10\\\/07bbc66c40670cadef34605f29225e3b.jpg\",\"contentUrl\":\"https:\\\/\\\/garden-label.pl\\\/sklep\\\/wp-content\\\/uploads\\\/2025\\\/10\\\/07bbc66c40670cadef34605f29225e3b.jpg\",\"width\":1500,\"height\":1000,\"caption\":\"aee3c96e5f544be914a2a441f2d241aa\"},{\"@type\":\"BreadcrumbList\",\"@id\":\"https:\\\/\\\/garden-label.pl\\\/sklep\\\/produkt\\\/wydruk-usluga-drukowania-na-etykietach-gotowe-etykiety-z-wydrukiem\\\/#breadcrumb\",\"itemListElement\":[{\"@type\":\"ListItem\",\"position\":1,\"name\":\"Strona g\u0142\u00f3wna\",\"item\":\"https:\\\/\\\/garden-label.pl\\\/sklep\\\/\"},{\"@type\":\"ListItem\",\"position\":2,\"name\":\"Home\",\"item\":\"https:\\\/\\\/garden-label.pl\\\/sklep\\\/\"},{\"@type\":\"ListItem\",\"position\":3,\"name\":\"Wydruk TERMOTRANSFEROWY- us\u0142uga drukowania na etykietach, gotowe etykiety z wydrukiem\"}]},{\"@type\":\"WebSite\",\"@id\":\"https:\\\/\\\/garden-label.pl\\\/sklep\\\/#website\",\"url\":\"https:\\\/\\\/garden-label.pl\\\/sklep\\\/\",\"name\":\"Sklep Garden-Label: etykiety dla ogrodnictwa, drukarki, oprogramowanie\",\"description\":\"ETYKIETY OGRODNICZE INFORMATYZACJA SZK\u00d3\u0141EK PASZPORTY RO\u015aLIN SKLEPY INTERNETOWE\",\"publisher\":{\"@id\":\"https:\\\/\\\/garden-label.pl\\\/sklep\\\/#organization\"},\"potentialAction\":[{\"@type\":\"SearchAction\",\"target\":{\"@type\":\"EntryPoint\",\"urlTemplate\":\"https:\\\/\\\/garden-label.pl\\\/sklep\\\/?s={search_term_string}\"},\"query-input\":{\"@type\":\"PropertyValueSpecification\",\"valueRequired\":true,\"valueName\":\"search_term_string\"}}],\"inLanguage\":\"pl-PL\"},{\"@type\":\"Organization\",\"@id\":\"https:\\\/\\\/garden-label.pl\\\/sklep\\\/#organization\",\"name\":\"Sklep Garden-Label: etykiety dla ogrodnictwa, drukarki, oprogramowanie\",\"url\":\"https:\\\/\\\/garden-label.pl\\\/sklep\\\/\",\"logo\":{\"@type\":\"ImageObject\",\"inLanguage\":\"pl-PL\",\"@id\":\"https:\\\/\\\/garden-label.pl\\\/sklep\\\/#\\\/schema\\\/logo\\\/image\\\/\",\"url\":\"https:\\\/\\\/garden-label.pl\\\/sklep\\\/wp-content\\\/uploads\\\/2024\\\/01\\\/GardenLabel-pastelowe.png\",\"contentUrl\":\"https:\\\/\\\/garden-label.pl\\\/sklep\\\/wp-content\\\/uploads\\\/2024\\\/01\\\/GardenLabel-pastelowe.png\",\"width\":2566,\"height\":1054,\"caption\":\"Sklep Garden-Label: etykiety dla ogrodnictwa, drukarki, oprogramowanie\"},\"image\":{\"@id\":\"https:\\\/\\\/garden-label.pl\\\/sklep\\\/#\\\/schema\\\/logo\\\/image\\\/\"},\"sameAs\":[\"https:\\\/\\\/www.facebook.com\\\/gardenlabelpl\"]}]}<\/script>\n<meta property=\"product:price:amount\" content=\"95.04\" \/>\n<meta property=\"product:price:currency\" content=\"PLN\" \/>\n<meta property=\"og:availability\" content=\"instock\" \/>\n<meta property=\"product:availability\" content=\"instock\" \/>\n<meta property=\"product:retailer_item_id\" content=\"5906792140083\" \/>\n<meta property=\"product:condition\" content=\"new\" \/>\n<!-- \/ Yoast SEO Premium plugin. -->","yoast_head_json":{"title":"Wydruk TERMOTRANSFEROWY- us\u0142uga drukowania na etykietach, gotowe etykiety z wydrukiem - Sklep Garden-Label: etykiety dla ogrodnictwa","robots":{"index":"index","follow":"follow","max-snippet":"max-snippet:-1","max-image-preview":"max-image-preview:large","max-video-preview":"max-video-preview:-1"},"canonical":"https:\/\/garden-label.pl\/sklep\/produkt\/wydruk-usluga-drukowania-na-etykietach-gotowe-etykiety-z-wydrukiem\/","og_locale":"pl_PL","og_type":"article","og_title":"Wydruk TERMOTRANSFEROWY- us\u0142uga drukowania na etykietach, gotowe etykiety z wydrukiem","og_description":"Cena - Indywidualna wycena, prosimy o kontaktOferta druku na etykietach to nie tylko spos\u00f3b na wyra\u017ane oznaczenie produkt\u00f3w, ale r\u00f3wnie\u017c doskona\u0142y... wi\u0119cej","og_url":"https:\/\/garden-label.pl\/sklep\/produkt\/wydruk-usluga-drukowania-na-etykietach-gotowe-etykiety-z-wydrukiem\/","og_site_name":"Sklep Garden-Label: etykiety dla ogrodnictwa","article_publisher":"https:\/\/www.facebook.com\/gardenlabelpl","article_modified_time":"2026-04-24T08:50:14+00:00","og_image":[{"width":1500,"height":1000,"url":"https:\/\/garden-label.pl\/sklep\/wp-content\/uploads\/2025\/10\/07bbc66c40670cadef34605f29225e3b.jpg","type":"image\/jpeg"}],"twitter_card":"summary_large_image","twitter_misc":{"Cena":"95,04&nbsp;&#122;&#322;","Dost\u0119pno\u015b\u0107":"Dost\u0119pny"},"schema":{"@context":"https:\/\/schema.org","@graph":[{"@type":"WebPage","@id":"https:\/\/garden-label.pl\/sklep\/produkt\/wydruk-usluga-drukowania-na-etykietach-gotowe-etykiety-z-wydrukiem\/","url":"https:\/\/garden-label.pl\/sklep\/produkt\/wydruk-usluga-drukowania-na-etykietach-gotowe-etykiety-z-wydrukiem\/","name":"Wydruk TERMOTRANSFEROWY- us\u0142uga drukowania na etykietach, gotowe etykiety z wydrukiem - Sklep Garden-Label: etykiety dla ogrodnictwa","isPartOf":{"@id":"https:\/\/garden-label.pl\/sklep\/#website"},"primaryImageOfPage":{"@id":"https:\/\/garden-label.pl\/sklep\/produkt\/wydruk-usluga-drukowania-na-etykietach-gotowe-etykiety-z-wydrukiem\/#primaryimage"},"image":{"@id":"https:\/\/garden-label.pl\/sklep\/produkt\/wydruk-usluga-drukowania-na-etykietach-gotowe-etykiety-z-wydrukiem\/#primaryimage"},"thumbnailUrl":"https:\/\/garden-label.pl\/sklep\/wp-content\/uploads\/2025\/10\/07bbc66c40670cadef34605f29225e3b.jpg","datePublished":"2024-09-19T08:13:29+00:00","dateModified":"2026-04-24T08:50:14+00:00","breadcrumb":{"@id":"https:\/\/garden-label.pl\/sklep\/produkt\/wydruk-usluga-drukowania-na-etykietach-gotowe-etykiety-z-wydrukiem\/#breadcrumb"},"inLanguage":"pl-PL","potentialAction":[{"@type":"ReadAction","target":["https:\/\/garden-label.pl\/sklep\/produkt\/wydruk-usluga-drukowania-na-etykietach-gotowe-etykiety-z-wydrukiem\/"]}]},{"@type":"ImageObject","inLanguage":"pl-PL","@id":"https:\/\/garden-label.pl\/sklep\/produkt\/wydruk-usluga-drukowania-na-etykietach-gotowe-etykiety-z-wydrukiem\/#primaryimage","url":"https:\/\/garden-label.pl\/sklep\/wp-content\/uploads\/2025\/10\/07bbc66c40670cadef34605f29225e3b.jpg","contentUrl":"https:\/\/garden-label.pl\/sklep\/wp-content\/uploads\/2025\/10\/07bbc66c40670cadef34605f29225e3b.jpg","width":1500,"height":1000,"caption":"aee3c96e5f544be914a2a441f2d241aa"},{"@type":"BreadcrumbList","@id":"https:\/\/garden-label.pl\/sklep\/produkt\/wydruk-usluga-drukowania-na-etykietach-gotowe-etykiety-z-wydrukiem\/#breadcrumb","itemListElement":[{"@type":"ListItem","position":1,"name":"Strona g\u0142\u00f3wna","item":"https:\/\/garden-label.pl\/sklep\/"},{"@type":"ListItem","position":2,"name":"Home","item":"https:\/\/garden-label.pl\/sklep\/"},{"@type":"ListItem","position":3,"name":"Wydruk TERMOTRANSFEROWY- us\u0142uga drukowania na etykietach, gotowe etykiety z wydrukiem"}]},{"@type":"WebSite","@id":"https:\/\/garden-label.pl\/sklep\/#website","url":"https:\/\/garden-label.pl\/sklep\/","name":"Sklep Garden-Label: etykiety dla ogrodnictwa, drukarki, oprogramowanie","description":"ETYKIETY OGRODNICZE INFORMATYZACJA SZK\u00d3\u0141EK PASZPORTY RO\u015aLIN SKLEPY INTERNETOWE","publisher":{"@id":"https:\/\/garden-label.pl\/sklep\/#organization"},"potentialAction":[{"@type":"SearchAction","target":{"@type":"EntryPoint","urlTemplate":"https:\/\/garden-label.pl\/sklep\/?s={search_term_string}"},"query-input":{"@type":"PropertyValueSpecification","valueRequired":true,"valueName":"search_term_string"}}],"inLanguage":"pl-PL"},{"@type":"Organization","@id":"https:\/\/garden-label.pl\/sklep\/#organization","name":"Sklep Garden-Label: etykiety dla ogrodnictwa, drukarki, oprogramowanie","url":"https:\/\/garden-label.pl\/sklep\/","logo":{"@type":"ImageObject","inLanguage":"pl-PL","@id":"https:\/\/garden-label.pl\/sklep\/#\/schema\/logo\/image\/","url":"https:\/\/garden-label.pl\/sklep\/wp-content\/uploads\/2024\/01\/GardenLabel-pastelowe.png","contentUrl":"https:\/\/garden-label.pl\/sklep\/wp-content\/uploads\/2024\/01\/GardenLabel-pastelowe.png","width":2566,"height":1054,"caption":"Sklep Garden-Label: etykiety dla ogrodnictwa, drukarki, oprogramowanie"},"image":{"@id":"https:\/\/garden-label.pl\/sklep\/#\/schema\/logo\/image\/"},"sameAs":["https:\/\/www.facebook.com\/gardenlabelpl"]}]},"product_price_amount":"95.04","product_price_currency":"PLN","og_availability":"instock","product_availability":"instock","product_retailer_item_id":"5906792140083","product_condition":"new"},"_links":{"self":[{"href":"https:\/\/garden-label.pl\/sklep\/wp-json\/wp\/v2\/product\/10644","targetHints":{"allow":["GET"]}}],"collection":[{"href":"https:\/\/garden-label.pl\/sklep\/wp-json\/wp\/v2\/product"}],"about":[{"href":"https:\/\/garden-label.pl\/sklep\/wp-json\/wp\/v2\/types\/product"}],"replies":[{"embeddable":true,"href":"https:\/\/garden-label.pl\/sklep\/wp-json\/wp\/v2\/comments?post=10644"}],"version-history":[{"count":0,"href":"https:\/\/garden-label.pl\/sklep\/wp-json\/wp\/v2\/product\/10644\/revisions"}],"wp:featuredmedia":[{"embeddable":true,"href":"https:\/\/garden-label.pl\/sklep\/wp-json\/wp\/v2\/media\/86348"}],"wp:attachment":[{"href":"https:\/\/garden-label.pl\/sklep\/wp-json\/wp\/v2\/media?parent=10644"}],"wp:term":[{"taxonomy":"product_brand","embeddable":true,"href":"https:\/\/garden-label.pl\/sklep\/wp-json\/wp\/v2\/product_brand?post=10644"},{"taxonomy":"product_cat","embeddable":true,"href":"https:\/\/garden-label.pl\/sklep\/wp-json\/wp\/v2\/product_cat?post=10644"},{"taxonomy":"product_tag","embeddable":true,"href":"https:\/\/garden-label.pl\/sklep\/wp-json\/wp\/v2\/product_tag?post=10644"}],"curies":[{"name":"wp","href":"https:\/\/api.w.org\/{rel}","templated":true}]}}