{"id":105229,"date":"2026-01-27T13:20:21","date_gmt":"2026-01-27T12:20:21","guid":{"rendered":"https:\/\/garden-label.pl\/sklep\/produkt\/zestaw-4-markerow-do-opisu-roslin-czarny-zielony-niebieski-czerwony\/"},"modified":"2026-04-08T12:39:22","modified_gmt":"2026-04-08T10:39:22","slug":"zestaw-4-markerow-do-opisu-roslin-czarny-zielony-niebieski-czerwony","status":"publish","type":"product","link":"https:\/\/garden-label.pl\/sklep\/produkt\/zestaw-4-markerow-do-opisu-roslin-czarny-zielony-niebieski-czerwony\/","title":{"rendered":"Zestaw 4 Marker\u00f3w do opisu Ro\u015blin\u2013 Czarny, Zielony, Niebieski, Czerwony"},"content":{"rendered":"<p>Markery ogrodnicze (mazak, pisak) permanentne odporne to idealne rozwi\u0105zanie dla wszystkich mi\u0142o\u015bnik\u00f3w ogrodnictwa. W zestawie znajduj\u0105 si\u0119 4 markery Czarny + Kolor, kt\u00f3re umo\u017cliwiaj\u0105 trwa\u0142e oznaczenie etykiet ogrodniczych, doniczek oraz innych akcesori\u00f3w. Dzi\u0119ki innowacyjnej formule tuszu, marker wysycha niemal natychmiast, co pozwala na szybkie i wygodne pisanie. <\/p>\n<p>Nasze markery s\u0105 odporne na \u015bcieranie, wilgo\u0107 oraz dzia\u0142anie czynnik\u00f3w zewn\u0119trznych, co czyni je doskona\u0142ym wyborem do u\u017cytku na \u015bwie\u017cym powietrzu. Charakteryzuj\u0105 si\u0119 wodoodporno\u015bci\u0105 oraz odporno\u015bci\u0105 na dzia\u0142anie promieni UV, dzi\u0119ki czemu zachowaj\u0105 swoje w\u0142a\u015bciwo\u015bci nawet w trudnych warunkach atmosferycznych. <\/p>\n<p>Kolor: Czarny, Zielony, Niebieski, Czerwony<\/p>\n<p>Markery ogrodnicze (zielony, niebieski, czerwony) posiadaj\u0105 dwie ko\u0144c\u00f3wki: okr\u0105g\u0142\u0105 fibrow\u0105 o grubo\u015bci linii 1,0 mm oraz metalow\u0105 ig\u0142ow\u0105 o grubo\u015bci 0,5 mm, co pozwala na precyzyjne i czytelne oznaczanie ro\u015blin. Natomiast Marker Czarny posiada jedn\u0105 ko\u0144c\u00f3wk\u0119 okr\u0105g\u0142\u0105 fibrow\u0105 o grubo\u015bci 1,0mm.<\/p>\n<p>Wykonane s\u0105  z wysokiej jako\u015bci tworzywa sztucznego, marker jest trwa\u0142y, niezmywalny oraz odporny na skrajne temperatury. Stworzony w Polsce przez mark\u0119 Garden-Label.pl, oferuje 24-miesi\u0119czn\u0105 gwarancj\u0119, co gwarantuje jego jako\u015b\u0107 oraz niezawodno\u015b\u0107. To profesjonalne narz\u0119dzie to niezb\u0119dny element wyposa\u017cenia ka\u017cdego ogrodnika, zapewniaj\u0105cy wysok\u0105 jako\u015b\u0107 i efektywno\u015b\u0107 w pracy. <\/p>\n<p>Instrukcja obs\u0142ugi: https:\/\/garden-label.pl\/instrukcje\/etykiety-petlowe.pdf<\/p>\n<p>producent\/przedstawiciel\/informacje o bezpiecze\u0144stwie: https:\/\/anetpol.pl\/regulamin-sklepu-internetowego\/<br \/>mail producenta: biuro@anetpol.pl<\/p>\n","protected":false},"excerpt":{"rendered":"<p>Markery ogrodnicze to niezb\u0119dne narz\u0119dzie dla ka\u017cdego pasjonata ogrodnictwa. Nasze markery zosta\u0142y zaprojektowane z my\u015bl\u0105 o trwa\u0142ym i precyzyjnym oznaczaniu etykiet ro\u015blinnych, doniczek oraz innych&#8230; <a href=\"https:\/\/garden-label.pl\/sklep\/produkt\/zestaw-4-markerow-do-opisu-roslin-czarny-zielony-niebieski-czerwony\/\">wi\u0119cej<\/a><\/p>\n","protected":false},"featured_media":105233,"comment_status":"open","ping_status":"closed","template":"","meta":[],"product_brand":[910],"product_cat":[1087,1084,1112,1085,1086,15],"product_tag":[1082,928,902,922,914,927,1083,909],"class_list":{"0":"post-105229","1":"product","2":"type-product","3":"status-publish","4":"has-post-thumbnail","6":"product_brand-garden-label-pl","7":"product_cat-akcesoria","8":"product_cat-dom-i-ogrod","9":"product_cat-markery","10":"product_cat-ogrod","11":"product_cat-rosliny","12":"product_cat-sklep","13":"product_tag-anetpol","14":"product_tag-czerwone","15":"product_tag-garden-label","16":"product_tag-marker","17":"product_tag-mazaki-markery-pisaki","18":"product_tag-niebieskie","19":"product_tag-supermerchant","20":"product_tag-zielone","21":"sales-flash-overlay","22":"woocommerce-text-align-left","23":"woocommerce-image-align-center","24":"do-quantity-buttons","25":"wc-has-gallery","27":"first","28":"instock","29":"taxable","30":"shipping-taxable","31":"purchasable","32":"product-type-simple"},"yoast_head":"<!-- This site is optimized with the Yoast SEO Premium plugin v26.3 (Yoast SEO v27.3) - https:\/\/yoast.com\/product\/yoast-seo-premium-wordpress\/ -->\n<title>Zestaw 4 Marker\u00f3w do opisu Ro\u015blin\u2013 Czarny, Zielony, Niebieski, Czerwony - Sklep Garden-Label: etykiety dla ogrodnictwa<\/title>\n<meta name=\"robots\" content=\"index, follow, max-snippet:-1, max-image-preview:large, max-video-preview:-1\" \/>\n<link rel=\"canonical\" href=\"https:\/\/garden-label.pl\/sklep\/produkt\/zestaw-4-markerow-do-opisu-roslin-czarny-zielony-niebieski-czerwony\/\" \/>\n<meta property=\"og:locale\" content=\"pl_PL\" \/>\n<meta property=\"og:type\" content=\"article\" \/>\n<meta property=\"og:title\" content=\"Zestaw 4 Marker\u00f3w do opisu Ro\u015blin\u2013 Czarny, Zielony, Niebieski, Czerwony\" \/>\n<meta property=\"og:description\" content=\"Markery ogrodnicze to niezb\u0119dne narz\u0119dzie dla ka\u017cdego pasjonata ogrodnictwa. Nasze markery zosta\u0142y zaprojektowane z my\u015bl\u0105 o trwa\u0142ym i precyzyjnym oznaczaniu etykiet ro\u015blinnych, doniczek oraz innych... wi\u0119cej\" \/>\n<meta property=\"og:url\" content=\"https:\/\/garden-label.pl\/sklep\/produkt\/zestaw-4-markerow-do-opisu-roslin-czarny-zielony-niebieski-czerwony\/\" \/>\n<meta property=\"og:site_name\" content=\"Sklep Garden-Label: etykiety dla ogrodnictwa\" \/>\n<meta property=\"article:publisher\" content=\"https:\/\/www.facebook.com\/gardenlabelpl\" \/>\n<meta property=\"article:modified_time\" content=\"2026-04-08T10:39:22+00:00\" \/>\n<meta name=\"twitter:card\" content=\"summary_large_image\" \/>\n<meta name=\"twitter:label1\" content=\"Cena\" \/>\n\t<meta name=\"twitter:data1\" content=\"32,95&nbsp;&#122;&#322;\" \/>\n\t<meta name=\"twitter:label2\" content=\"Dost\u0119pno\u015b\u0107\" \/>\n\t<meta name=\"twitter:data2\" content=\"Dost\u0119pny\" \/>\n<script type=\"application\/ld+json\" class=\"yoast-schema-graph\">{\"@context\":\"https:\\\/\\\/schema.org\",\"@graph\":[{\"@type\":\"WebPage\",\"@id\":\"https:\\\/\\\/garden-label.pl\\\/sklep\\\/produkt\\\/zestaw-4-markerow-do-opisu-roslin-czarny-zielony-niebieski-czerwony\\\/\",\"url\":\"https:\\\/\\\/garden-label.pl\\\/sklep\\\/produkt\\\/zestaw-4-markerow-do-opisu-roslin-czarny-zielony-niebieski-czerwony\\\/\",\"name\":\"Zestaw 4 Marker\u00f3w do opisu Ro\u015blin\u2013 Czarny, Zielony, Niebieski, Czerwony - Sklep Garden-Label: etykiety dla ogrodnictwa\",\"isPartOf\":{\"@id\":\"https:\\\/\\\/garden-label.pl\\\/sklep\\\/#website\"},\"primaryImageOfPage\":{\"@id\":\"https:\\\/\\\/garden-label.pl\\\/sklep\\\/produkt\\\/zestaw-4-markerow-do-opisu-roslin-czarny-zielony-niebieski-czerwony\\\/#primaryimage\"},\"image\":{\"@id\":\"https:\\\/\\\/garden-label.pl\\\/sklep\\\/produkt\\\/zestaw-4-markerow-do-opisu-roslin-czarny-zielony-niebieski-czerwony\\\/#primaryimage\"},\"thumbnailUrl\":\"https:\\\/\\\/garden-label.pl\\\/sklep\\\/wp-content\\\/uploads\\\/2026\\\/01\\\/d478fd3622752f90b12dbabadfcfb120.jpg\",\"datePublished\":\"2026-01-27T12:20:21+00:00\",\"dateModified\":\"2026-04-08T10:39:22+00:00\",\"breadcrumb\":{\"@id\":\"https:\\\/\\\/garden-label.pl\\\/sklep\\\/produkt\\\/zestaw-4-markerow-do-opisu-roslin-czarny-zielony-niebieski-czerwony\\\/#breadcrumb\"},\"inLanguage\":\"pl-PL\",\"potentialAction\":[{\"@type\":\"ReadAction\",\"target\":[\"https:\\\/\\\/garden-label.pl\\\/sklep\\\/produkt\\\/zestaw-4-markerow-do-opisu-roslin-czarny-zielony-niebieski-czerwony\\\/\"]}]},{\"@type\":\"ImageObject\",\"inLanguage\":\"pl-PL\",\"@id\":\"https:\\\/\\\/garden-label.pl\\\/sklep\\\/produkt\\\/zestaw-4-markerow-do-opisu-roslin-czarny-zielony-niebieski-czerwony\\\/#primaryimage\",\"url\":\"https:\\\/\\\/garden-label.pl\\\/sklep\\\/wp-content\\\/uploads\\\/2026\\\/01\\\/d478fd3622752f90b12dbabadfcfb120.jpg\",\"contentUrl\":\"https:\\\/\\\/garden-label.pl\\\/sklep\\\/wp-content\\\/uploads\\\/2026\\\/01\\\/d478fd3622752f90b12dbabadfcfb120.jpg\",\"width\":2400,\"height\":1927,\"caption\":\"df5482b9bd82d19df8317502d2d1dae8\"},{\"@type\":\"BreadcrumbList\",\"@id\":\"https:\\\/\\\/garden-label.pl\\\/sklep\\\/produkt\\\/zestaw-4-markerow-do-opisu-roslin-czarny-zielony-niebieski-czerwony\\\/#breadcrumb\",\"itemListElement\":[{\"@type\":\"ListItem\",\"position\":1,\"name\":\"Strona g\u0142\u00f3wna\",\"item\":\"https:\\\/\\\/garden-label.pl\\\/sklep\\\/\"},{\"@type\":\"ListItem\",\"position\":2,\"name\":\"Home\",\"item\":\"https:\\\/\\\/garden-label.pl\\\/sklep\\\/\"},{\"@type\":\"ListItem\",\"position\":3,\"name\":\"Zestaw 4 Marker\u00f3w do opisu Ro\u015blin\u2013 Czarny, Zielony, Niebieski, Czerwony\"}]},{\"@type\":\"WebSite\",\"@id\":\"https:\\\/\\\/garden-label.pl\\\/sklep\\\/#website\",\"url\":\"https:\\\/\\\/garden-label.pl\\\/sklep\\\/\",\"name\":\"Sklep Garden-Label: etykiety dla ogrodnictwa, drukarki, oprogramowanie\",\"description\":\"ETYKIETY OGRODNICZE INFORMATYZACJA SZK\u00d3\u0141EK PASZPORTY RO\u015aLIN SKLEPY INTERNETOWE\",\"publisher\":{\"@id\":\"https:\\\/\\\/garden-label.pl\\\/sklep\\\/#organization\"},\"potentialAction\":[{\"@type\":\"SearchAction\",\"target\":{\"@type\":\"EntryPoint\",\"urlTemplate\":\"https:\\\/\\\/garden-label.pl\\\/sklep\\\/?s={search_term_string}\"},\"query-input\":{\"@type\":\"PropertyValueSpecification\",\"valueRequired\":true,\"valueName\":\"search_term_string\"}}],\"inLanguage\":\"pl-PL\"},{\"@type\":\"Organization\",\"@id\":\"https:\\\/\\\/garden-label.pl\\\/sklep\\\/#organization\",\"name\":\"Sklep Garden-Label: etykiety dla ogrodnictwa, drukarki, oprogramowanie\",\"url\":\"https:\\\/\\\/garden-label.pl\\\/sklep\\\/\",\"logo\":{\"@type\":\"ImageObject\",\"inLanguage\":\"pl-PL\",\"@id\":\"https:\\\/\\\/garden-label.pl\\\/sklep\\\/#\\\/schema\\\/logo\\\/image\\\/\",\"url\":\"https:\\\/\\\/garden-label.pl\\\/sklep\\\/wp-content\\\/uploads\\\/2024\\\/01\\\/GardenLabel-pastelowe.png\",\"contentUrl\":\"https:\\\/\\\/garden-label.pl\\\/sklep\\\/wp-content\\\/uploads\\\/2024\\\/01\\\/GardenLabel-pastelowe.png\",\"width\":2566,\"height\":1054,\"caption\":\"Sklep Garden-Label: etykiety dla ogrodnictwa, drukarki, oprogramowanie\"},\"image\":{\"@id\":\"https:\\\/\\\/garden-label.pl\\\/sklep\\\/#\\\/schema\\\/logo\\\/image\\\/\"},\"sameAs\":[\"https:\\\/\\\/www.facebook.com\\\/gardenlabelpl\"]}]}<\/script>\n<meta property=\"product:brand\" content=\"Garden Label\" \/>\n<meta property=\"product:price:amount\" content=\"32.95\" \/>\n<meta property=\"product:price:currency\" content=\"PLN\" \/>\n<meta property=\"og:availability\" content=\"instock\" \/>\n<meta property=\"product:availability\" content=\"instock\" \/>\n<meta property=\"product:retailer_item_id\" content=\"5906792146894\" \/>\n<meta property=\"product:condition\" content=\"new\" \/>\n<!-- \/ Yoast SEO Premium plugin. -->","yoast_head_json":{"title":"Zestaw 4 Marker\u00f3w do opisu Ro\u015blin\u2013 Czarny, Zielony, Niebieski, Czerwony - Sklep Garden-Label: etykiety dla ogrodnictwa","robots":{"index":"index","follow":"follow","max-snippet":"max-snippet:-1","max-image-preview":"max-image-preview:large","max-video-preview":"max-video-preview:-1"},"canonical":"https:\/\/garden-label.pl\/sklep\/produkt\/zestaw-4-markerow-do-opisu-roslin-czarny-zielony-niebieski-czerwony\/","og_locale":"pl_PL","og_type":"article","og_title":"Zestaw 4 Marker\u00f3w do opisu Ro\u015blin\u2013 Czarny, Zielony, Niebieski, Czerwony","og_description":"Markery ogrodnicze to niezb\u0119dne narz\u0119dzie dla ka\u017cdego pasjonata ogrodnictwa. Nasze markery zosta\u0142y zaprojektowane z my\u015bl\u0105 o trwa\u0142ym i precyzyjnym oznaczaniu etykiet ro\u015blinnych, doniczek oraz innych... wi\u0119cej","og_url":"https:\/\/garden-label.pl\/sklep\/produkt\/zestaw-4-markerow-do-opisu-roslin-czarny-zielony-niebieski-czerwony\/","og_site_name":"Sklep Garden-Label: etykiety dla ogrodnictwa","article_publisher":"https:\/\/www.facebook.com\/gardenlabelpl","article_modified_time":"2026-04-08T10:39:22+00:00","twitter_card":"summary_large_image","twitter_misc":{"Cena":"32,95&nbsp;&#122;&#322;","Dost\u0119pno\u015b\u0107":"Dost\u0119pny"},"schema":{"@context":"https:\/\/schema.org","@graph":[{"@type":"WebPage","@id":"https:\/\/garden-label.pl\/sklep\/produkt\/zestaw-4-markerow-do-opisu-roslin-czarny-zielony-niebieski-czerwony\/","url":"https:\/\/garden-label.pl\/sklep\/produkt\/zestaw-4-markerow-do-opisu-roslin-czarny-zielony-niebieski-czerwony\/","name":"Zestaw 4 Marker\u00f3w do opisu Ro\u015blin\u2013 Czarny, Zielony, Niebieski, Czerwony - Sklep Garden-Label: etykiety dla ogrodnictwa","isPartOf":{"@id":"https:\/\/garden-label.pl\/sklep\/#website"},"primaryImageOfPage":{"@id":"https:\/\/garden-label.pl\/sklep\/produkt\/zestaw-4-markerow-do-opisu-roslin-czarny-zielony-niebieski-czerwony\/#primaryimage"},"image":{"@id":"https:\/\/garden-label.pl\/sklep\/produkt\/zestaw-4-markerow-do-opisu-roslin-czarny-zielony-niebieski-czerwony\/#primaryimage"},"thumbnailUrl":"https:\/\/garden-label.pl\/sklep\/wp-content\/uploads\/2026\/01\/d478fd3622752f90b12dbabadfcfb120.jpg","datePublished":"2026-01-27T12:20:21+00:00","dateModified":"2026-04-08T10:39:22+00:00","breadcrumb":{"@id":"https:\/\/garden-label.pl\/sklep\/produkt\/zestaw-4-markerow-do-opisu-roslin-czarny-zielony-niebieski-czerwony\/#breadcrumb"},"inLanguage":"pl-PL","potentialAction":[{"@type":"ReadAction","target":["https:\/\/garden-label.pl\/sklep\/produkt\/zestaw-4-markerow-do-opisu-roslin-czarny-zielony-niebieski-czerwony\/"]}]},{"@type":"ImageObject","inLanguage":"pl-PL","@id":"https:\/\/garden-label.pl\/sklep\/produkt\/zestaw-4-markerow-do-opisu-roslin-czarny-zielony-niebieski-czerwony\/#primaryimage","url":"https:\/\/garden-label.pl\/sklep\/wp-content\/uploads\/2026\/01\/d478fd3622752f90b12dbabadfcfb120.jpg","contentUrl":"https:\/\/garden-label.pl\/sklep\/wp-content\/uploads\/2026\/01\/d478fd3622752f90b12dbabadfcfb120.jpg","width":2400,"height":1927,"caption":"df5482b9bd82d19df8317502d2d1dae8"},{"@type":"BreadcrumbList","@id":"https:\/\/garden-label.pl\/sklep\/produkt\/zestaw-4-markerow-do-opisu-roslin-czarny-zielony-niebieski-czerwony\/#breadcrumb","itemListElement":[{"@type":"ListItem","position":1,"name":"Strona g\u0142\u00f3wna","item":"https:\/\/garden-label.pl\/sklep\/"},{"@type":"ListItem","position":2,"name":"Home","item":"https:\/\/garden-label.pl\/sklep\/"},{"@type":"ListItem","position":3,"name":"Zestaw 4 Marker\u00f3w do opisu Ro\u015blin\u2013 Czarny, Zielony, Niebieski, Czerwony"}]},{"@type":"WebSite","@id":"https:\/\/garden-label.pl\/sklep\/#website","url":"https:\/\/garden-label.pl\/sklep\/","name":"Sklep Garden-Label: etykiety dla ogrodnictwa, drukarki, oprogramowanie","description":"ETYKIETY OGRODNICZE INFORMATYZACJA SZK\u00d3\u0141EK PASZPORTY RO\u015aLIN SKLEPY INTERNETOWE","publisher":{"@id":"https:\/\/garden-label.pl\/sklep\/#organization"},"potentialAction":[{"@type":"SearchAction","target":{"@type":"EntryPoint","urlTemplate":"https:\/\/garden-label.pl\/sklep\/?s={search_term_string}"},"query-input":{"@type":"PropertyValueSpecification","valueRequired":true,"valueName":"search_term_string"}}],"inLanguage":"pl-PL"},{"@type":"Organization","@id":"https:\/\/garden-label.pl\/sklep\/#organization","name":"Sklep Garden-Label: etykiety dla ogrodnictwa, drukarki, oprogramowanie","url":"https:\/\/garden-label.pl\/sklep\/","logo":{"@type":"ImageObject","inLanguage":"pl-PL","@id":"https:\/\/garden-label.pl\/sklep\/#\/schema\/logo\/image\/","url":"https:\/\/garden-label.pl\/sklep\/wp-content\/uploads\/2024\/01\/GardenLabel-pastelowe.png","contentUrl":"https:\/\/garden-label.pl\/sklep\/wp-content\/uploads\/2024\/01\/GardenLabel-pastelowe.png","width":2566,"height":1054,"caption":"Sklep Garden-Label: etykiety dla ogrodnictwa, drukarki, oprogramowanie"},"image":{"@id":"https:\/\/garden-label.pl\/sklep\/#\/schema\/logo\/image\/"},"sameAs":["https:\/\/www.facebook.com\/gardenlabelpl"]}]},"product_brand":"Garden Label","product_price_amount":"32.95","product_price_currency":"PLN","og_availability":"instock","product_availability":"instock","product_retailer_item_id":"5906792146894","product_condition":"new"},"_links":{"self":[{"href":"https:\/\/garden-label.pl\/sklep\/wp-json\/wp\/v2\/product\/105229","targetHints":{"allow":["GET"]}}],"collection":[{"href":"https:\/\/garden-label.pl\/sklep\/wp-json\/wp\/v2\/product"}],"about":[{"href":"https:\/\/garden-label.pl\/sklep\/wp-json\/wp\/v2\/types\/product"}],"replies":[{"embeddable":true,"href":"https:\/\/garden-label.pl\/sklep\/wp-json\/wp\/v2\/comments?post=105229"}],"version-history":[{"count":0,"href":"https:\/\/garden-label.pl\/sklep\/wp-json\/wp\/v2\/product\/105229\/revisions"}],"wp:featuredmedia":[{"embeddable":true,"href":"https:\/\/garden-label.pl\/sklep\/wp-json\/wp\/v2\/media\/105233"}],"wp:attachment":[{"href":"https:\/\/garden-label.pl\/sklep\/wp-json\/wp\/v2\/media?parent=105229"}],"wp:term":[{"taxonomy":"product_brand","embeddable":true,"href":"https:\/\/garden-label.pl\/sklep\/wp-json\/wp\/v2\/product_brand?post=105229"},{"taxonomy":"product_cat","embeddable":true,"href":"https:\/\/garden-label.pl\/sklep\/wp-json\/wp\/v2\/product_cat?post=105229"},{"taxonomy":"product_tag","embeddable":true,"href":"https:\/\/garden-label.pl\/sklep\/wp-json\/wp\/v2\/product_tag?post=105229"}],"curies":[{"name":"wp","href":"https:\/\/api.w.org\/{rel}","templated":true}]}}