{"id":10411,"date":"2024-07-28T08:24:19","date_gmt":"2024-07-28T06:24:19","guid":{"rendered":"https:\/\/garden-label.pl\/sklep\/produkt\/tasma-kalka-termotransferowa-ttr-woskowa-wax-110-mm-x-300-m-na-papier\/"},"modified":"2026-04-09T11:09:38","modified_gmt":"2026-04-09T09:09:38","slug":"tasma-kalka-termotransferowa-ttr-woskowa-wax-110-mm-x-300-m-na-papier","status":"publish","type":"product","link":"https:\/\/garden-label.pl\/sklep\/produkt\/tasma-kalka-termotransferowa-ttr-woskowa-wax-110-mm-x-300-m-na-papier\/","title":{"rendered":"Ta\u015bma\/Kalka termotransferowa TTR Woskowa (WAX) na papier(110mm x 300m)"},"content":{"rendered":"<p>Ta\u015bma termotransferowa TTR Woskowa (WAX) o wymiarach 110 mm x 300 m to idealne rozwi\u0105zanie dla wszystkich, kt\u00f3rzy poszukuj\u0105 ekonomicznego i wszechstronnego materia\u0142u do druku etykiet papierowych. Produkt ten jest przeznaczony do og\u00f3lnego stosowania, co czyni go doskona\u0142ym wyborem do codziennych aplikacji w r\u00f3\u017cnych \u015brodowiskach. Ta\u015bma umo\u017cliwia drukowanie danych tekstowych, liczbowych oraz kod\u00f3w kreskowych, co jest kluczowe dla efektywnej identyfikacji i organizacji produkt\u00f3w.<\/p>\n<p>Dzi\u0119ki swojej kompatybilno\u015bci z wieloma typami drukarek termotransferowych, takimi jak ZEBRA, AVERY DENNISON, CITIZEN, SATO i innymi, ta\u015bma woskowa sprawdzi si\u0119 w r\u00f3\u017cnorodnych zastosowaniach. Wysoka jako\u015b\u0107 wydruk\u00f3w zapewniana przez technologi\u0119 termotransferow\u0105, gdzie wosk jest przenoszony na etykiet\u0119 za pomoc\u0105 ciep\u0142a, gwarantuje trwa\u0142e i wyra\u017ane rezultaty.<\/p>\n<p>Jest to najta\u0144szy oraz najpopularniejszy rodzaj ta\u015bm na rynku, co czyni j\u0105 szeroko dost\u0119pn\u0105 i cz\u0119sto wybieran\u0105 przez u\u017cytkownik\u00f3w. Wymiary nawijania wynosz\u0105 110 mm szeroko\u015bci oraz 300 m d\u0142ugo\u015bci, z nawrotem OUT (na zewn\u0105trz) oraz \u015brednic\u0105 rdzenia 1 cal (2,54 cm).<\/p>\n<p>Produkt oferuje szybki czas realizacji oraz wysy\u0142ki, co sprawia, \u017ce jest \u015bwietnym rozwi\u0105zaniem dla os\u00f3b ceni\u0105cych sobie efektywno\u015b\u0107. Gwarancja na ta\u015bm\u0119 wynosi 24 miesi\u0105ce, a producent, firma F.H.U. ANET-POL Anna Porwit z siedzib\u0105 w Bestwince, zapewnia wsparcie oraz informacje dotycz\u0105ce bezpiecze\u0144stwa na swojej stronie internetowej. <\/p>\n<p>Instrukcja obs\u0142ugi: https:\/\/garden-label.pl\/instrukcje\/<\/p>\n<p>producent\/przedstawiciel\/informacje o bezpiecze\u0144stwie: https:\/\/anetpol.pl\/regulamin-sklepu-internetowego\/<br \/>biuro@anetpol.pl<\/p>\n","protected":false},"excerpt":{"rendered":"<p>Ta\u015bma &#8211; Kalka termotransferowa TTR Woskowa (WAX) o wymiarach 110 mm x 300 m jest doskona\u0142ym wyborem dla wszystkich, kt\u00f3rzy poszukuj\u0105 niezawodnego rozwi\u0105zania do druku&#8230; <a href=\"https:\/\/garden-label.pl\/sklep\/produkt\/tasma-kalka-termotransferowa-ttr-woskowa-wax-110-mm-x-300-m-na-papier\/\">wi\u0119cej<\/a><\/p>\n","protected":false},"featured_media":84816,"comment_status":"open","ping_status":"closed","template":"","meta":[],"product_brand":[910],"product_cat":[1108,1107,1109,15],"product_tag":[1082,902,956,955,1133,908,1083,919],"class_list":{"0":"post-10411","1":"product","2":"type-product","3":"status-publish","4":"has-post-thumbnail","6":"product_brand-garden-label-pl","7":"product_cat-czarne","8":"product_cat-kalki-tasmy-ttr","9":"product_cat-wosk","10":"product_cat-sklep","11":"product_tag-anetpol","12":"product_tag-garden-label","13":"product_tag-gilza-1-cal","14":"product_tag-kalki-tasmy-ttr","15":"product_tag-promocja","16":"product_tag-rolka","17":"product_tag-supermerchant","18":"product_tag-wydruki","19":"sales-flash-overlay","20":"woocommerce-text-align-left","21":"woocommerce-image-align-center","22":"do-quantity-buttons","23":"wc-has-gallery","25":"first","26":"instock","27":"sale","28":"taxable","29":"shipping-taxable","30":"purchasable","31":"product-type-simple"},"yoast_head":"<!-- This site is optimized with the Yoast SEO Premium plugin v26.3 (Yoast SEO v27.3) - https:\/\/yoast.com\/product\/yoast-seo-premium-wordpress\/ -->\n<title>Ta\u015bma\/Kalka termotransferowa TTR Woskowa (WAX) na papier(110mm x 300m) - Sklep Garden-Label: etykiety dla ogrodnictwa<\/title>\n<meta name=\"robots\" content=\"index, follow, max-snippet:-1, max-image-preview:large, max-video-preview:-1\" \/>\n<link rel=\"canonical\" href=\"https:\/\/garden-label.pl\/sklep\/produkt\/tasma-kalka-termotransferowa-ttr-woskowa-wax-110-mm-x-300-m-na-papier\/\" \/>\n<meta property=\"og:locale\" content=\"pl_PL\" \/>\n<meta property=\"og:type\" content=\"article\" \/>\n<meta property=\"og:title\" content=\"Ta\u015bma\/Kalka termotransferowa TTR Woskowa (WAX) na papier(110mm x 300m)\" \/>\n<meta property=\"og:description\" content=\"Ta\u015bma - Kalka termotransferowa TTR Woskowa (WAX) o wymiarach 110 mm x 300 m jest doskona\u0142ym wyborem dla wszystkich, kt\u00f3rzy poszukuj\u0105 niezawodnego rozwi\u0105zania do druku... wi\u0119cej\" \/>\n<meta property=\"og:url\" content=\"https:\/\/garden-label.pl\/sklep\/produkt\/tasma-kalka-termotransferowa-ttr-woskowa-wax-110-mm-x-300-m-na-papier\/\" \/>\n<meta property=\"og:site_name\" content=\"Sklep Garden-Label: etykiety dla ogrodnictwa\" \/>\n<meta property=\"article:publisher\" content=\"https:\/\/www.facebook.com\/gardenlabelpl\" \/>\n<meta property=\"article:modified_time\" content=\"2026-04-09T09:09:38+00:00\" \/>\n<meta property=\"og:image\" content=\"https:\/\/garden-label.pl\/sklep\/wp-content\/uploads\/2025\/10\/45652fa7f00f6771318b68bb54e9c6de-1.jpg\" \/>\n\t<meta property=\"og:image:width\" content=\"444\" \/>\n\t<meta property=\"og:image:height\" content=\"451\" \/>\n\t<meta property=\"og:image:type\" content=\"image\/jpeg\" \/>\n<meta name=\"twitter:card\" content=\"summary_large_image\" \/>\n<meta name=\"twitter:label1\" content=\"Cena\" \/>\n\t<meta name=\"twitter:data1\" content=\"20,99&nbsp;&#122;&#322;\" \/>\n\t<meta name=\"twitter:label2\" content=\"Dost\u0119pno\u015b\u0107\" \/>\n\t<meta name=\"twitter:data2\" content=\"Dost\u0119pny\" \/>\n<script type=\"application\/ld+json\" class=\"yoast-schema-graph\">{\"@context\":\"https:\\\/\\\/schema.org\",\"@graph\":[{\"@type\":\"WebPage\",\"@id\":\"https:\\\/\\\/garden-label.pl\\\/sklep\\\/produkt\\\/tasma-kalka-termotransferowa-ttr-woskowa-wax-110-mm-x-300-m-na-papier\\\/\",\"url\":\"https:\\\/\\\/garden-label.pl\\\/sklep\\\/produkt\\\/tasma-kalka-termotransferowa-ttr-woskowa-wax-110-mm-x-300-m-na-papier\\\/\",\"name\":\"Ta\u015bma\\\/Kalka termotransferowa TTR Woskowa (WAX) na papier(110mm x 300m) - Sklep Garden-Label: etykiety dla ogrodnictwa\",\"isPartOf\":{\"@id\":\"https:\\\/\\\/garden-label.pl\\\/sklep\\\/#website\"},\"primaryImageOfPage\":{\"@id\":\"https:\\\/\\\/garden-label.pl\\\/sklep\\\/produkt\\\/tasma-kalka-termotransferowa-ttr-woskowa-wax-110-mm-x-300-m-na-papier\\\/#primaryimage\"},\"image\":{\"@id\":\"https:\\\/\\\/garden-label.pl\\\/sklep\\\/produkt\\\/tasma-kalka-termotransferowa-ttr-woskowa-wax-110-mm-x-300-m-na-papier\\\/#primaryimage\"},\"thumbnailUrl\":\"https:\\\/\\\/garden-label.pl\\\/sklep\\\/wp-content\\\/uploads\\\/2025\\\/10\\\/45652fa7f00f6771318b68bb54e9c6de-1.jpg\",\"datePublished\":\"2024-07-28T06:24:19+00:00\",\"dateModified\":\"2026-04-09T09:09:38+00:00\",\"breadcrumb\":{\"@id\":\"https:\\\/\\\/garden-label.pl\\\/sklep\\\/produkt\\\/tasma-kalka-termotransferowa-ttr-woskowa-wax-110-mm-x-300-m-na-papier\\\/#breadcrumb\"},\"inLanguage\":\"pl-PL\",\"potentialAction\":[{\"@type\":\"ReadAction\",\"target\":[\"https:\\\/\\\/garden-label.pl\\\/sklep\\\/produkt\\\/tasma-kalka-termotransferowa-ttr-woskowa-wax-110-mm-x-300-m-na-papier\\\/\"]}]},{\"@type\":\"ImageObject\",\"inLanguage\":\"pl-PL\",\"@id\":\"https:\\\/\\\/garden-label.pl\\\/sklep\\\/produkt\\\/tasma-kalka-termotransferowa-ttr-woskowa-wax-110-mm-x-300-m-na-papier\\\/#primaryimage\",\"url\":\"https:\\\/\\\/garden-label.pl\\\/sklep\\\/wp-content\\\/uploads\\\/2025\\\/10\\\/45652fa7f00f6771318b68bb54e9c6de-1.jpg\",\"contentUrl\":\"https:\\\/\\\/garden-label.pl\\\/sklep\\\/wp-content\\\/uploads\\\/2025\\\/10\\\/45652fa7f00f6771318b68bb54e9c6de-1.jpg\",\"width\":444,\"height\":451,\"caption\":\"75e7a2d46a9b9f9a4a9ef8300a3b80b6\"},{\"@type\":\"BreadcrumbList\",\"@id\":\"https:\\\/\\\/garden-label.pl\\\/sklep\\\/produkt\\\/tasma-kalka-termotransferowa-ttr-woskowa-wax-110-mm-x-300-m-na-papier\\\/#breadcrumb\",\"itemListElement\":[{\"@type\":\"ListItem\",\"position\":1,\"name\":\"Strona g\u0142\u00f3wna\",\"item\":\"https:\\\/\\\/garden-label.pl\\\/sklep\\\/\"},{\"@type\":\"ListItem\",\"position\":2,\"name\":\"Home\",\"item\":\"https:\\\/\\\/garden-label.pl\\\/sklep\\\/\"},{\"@type\":\"ListItem\",\"position\":3,\"name\":\"Ta\u015bma\\\/Kalka termotransferowa TTR Woskowa (WAX) na papier(110mm x 300m)\"}]},{\"@type\":\"WebSite\",\"@id\":\"https:\\\/\\\/garden-label.pl\\\/sklep\\\/#website\",\"url\":\"https:\\\/\\\/garden-label.pl\\\/sklep\\\/\",\"name\":\"Sklep Garden-Label: etykiety dla ogrodnictwa, drukarki, oprogramowanie\",\"description\":\"ETYKIETY OGRODNICZE INFORMATYZACJA SZK\u00d3\u0141EK PASZPORTY RO\u015aLIN SKLEPY INTERNETOWE\",\"publisher\":{\"@id\":\"https:\\\/\\\/garden-label.pl\\\/sklep\\\/#organization\"},\"potentialAction\":[{\"@type\":\"SearchAction\",\"target\":{\"@type\":\"EntryPoint\",\"urlTemplate\":\"https:\\\/\\\/garden-label.pl\\\/sklep\\\/?s={search_term_string}\"},\"query-input\":{\"@type\":\"PropertyValueSpecification\",\"valueRequired\":true,\"valueName\":\"search_term_string\"}}],\"inLanguage\":\"pl-PL\"},{\"@type\":\"Organization\",\"@id\":\"https:\\\/\\\/garden-label.pl\\\/sklep\\\/#organization\",\"name\":\"Sklep Garden-Label: etykiety dla ogrodnictwa, drukarki, oprogramowanie\",\"url\":\"https:\\\/\\\/garden-label.pl\\\/sklep\\\/\",\"logo\":{\"@type\":\"ImageObject\",\"inLanguage\":\"pl-PL\",\"@id\":\"https:\\\/\\\/garden-label.pl\\\/sklep\\\/#\\\/schema\\\/logo\\\/image\\\/\",\"url\":\"https:\\\/\\\/garden-label.pl\\\/sklep\\\/wp-content\\\/uploads\\\/2024\\\/01\\\/GardenLabel-pastelowe.png\",\"contentUrl\":\"https:\\\/\\\/garden-label.pl\\\/sklep\\\/wp-content\\\/uploads\\\/2024\\\/01\\\/GardenLabel-pastelowe.png\",\"width\":2566,\"height\":1054,\"caption\":\"Sklep Garden-Label: etykiety dla ogrodnictwa, drukarki, oprogramowanie\"},\"image\":{\"@id\":\"https:\\\/\\\/garden-label.pl\\\/sklep\\\/#\\\/schema\\\/logo\\\/image\\\/\"},\"sameAs\":[\"https:\\\/\\\/www.facebook.com\\\/gardenlabelpl\"]}]}<\/script>\n<meta property=\"product:brand\" content=\"Garden Label\" \/>\n<meta property=\"product:price:amount\" content=\"20.99\" \/>\n<meta property=\"product:price:currency\" content=\"PLN\" \/>\n<meta property=\"og:availability\" content=\"instock\" \/>\n<meta property=\"product:availability\" content=\"instock\" \/>\n<meta property=\"product:retailer_item_id\" content=\"5906792140076\" \/>\n<meta property=\"product:condition\" content=\"new\" \/>\n<!-- \/ Yoast SEO Premium plugin. -->","yoast_head_json":{"title":"Ta\u015bma\/Kalka termotransferowa TTR Woskowa (WAX) na papier(110mm x 300m) - Sklep Garden-Label: etykiety dla ogrodnictwa","robots":{"index":"index","follow":"follow","max-snippet":"max-snippet:-1","max-image-preview":"max-image-preview:large","max-video-preview":"max-video-preview:-1"},"canonical":"https:\/\/garden-label.pl\/sklep\/produkt\/tasma-kalka-termotransferowa-ttr-woskowa-wax-110-mm-x-300-m-na-papier\/","og_locale":"pl_PL","og_type":"article","og_title":"Ta\u015bma\/Kalka termotransferowa TTR Woskowa (WAX) na papier(110mm x 300m)","og_description":"Ta\u015bma - Kalka termotransferowa TTR Woskowa (WAX) o wymiarach 110 mm x 300 m jest doskona\u0142ym wyborem dla wszystkich, kt\u00f3rzy poszukuj\u0105 niezawodnego rozwi\u0105zania do druku... wi\u0119cej","og_url":"https:\/\/garden-label.pl\/sklep\/produkt\/tasma-kalka-termotransferowa-ttr-woskowa-wax-110-mm-x-300-m-na-papier\/","og_site_name":"Sklep Garden-Label: etykiety dla ogrodnictwa","article_publisher":"https:\/\/www.facebook.com\/gardenlabelpl","article_modified_time":"2026-04-09T09:09:38+00:00","og_image":[{"width":444,"height":451,"url":"https:\/\/garden-label.pl\/sklep\/wp-content\/uploads\/2025\/10\/45652fa7f00f6771318b68bb54e9c6de-1.jpg","type":"image\/jpeg"}],"twitter_card":"summary_large_image","twitter_misc":{"Cena":"20,99&nbsp;&#122;&#322;","Dost\u0119pno\u015b\u0107":"Dost\u0119pny"},"schema":{"@context":"https:\/\/schema.org","@graph":[{"@type":"WebPage","@id":"https:\/\/garden-label.pl\/sklep\/produkt\/tasma-kalka-termotransferowa-ttr-woskowa-wax-110-mm-x-300-m-na-papier\/","url":"https:\/\/garden-label.pl\/sklep\/produkt\/tasma-kalka-termotransferowa-ttr-woskowa-wax-110-mm-x-300-m-na-papier\/","name":"Ta\u015bma\/Kalka termotransferowa TTR Woskowa (WAX) na papier(110mm x 300m) - Sklep Garden-Label: etykiety dla ogrodnictwa","isPartOf":{"@id":"https:\/\/garden-label.pl\/sklep\/#website"},"primaryImageOfPage":{"@id":"https:\/\/garden-label.pl\/sklep\/produkt\/tasma-kalka-termotransferowa-ttr-woskowa-wax-110-mm-x-300-m-na-papier\/#primaryimage"},"image":{"@id":"https:\/\/garden-label.pl\/sklep\/produkt\/tasma-kalka-termotransferowa-ttr-woskowa-wax-110-mm-x-300-m-na-papier\/#primaryimage"},"thumbnailUrl":"https:\/\/garden-label.pl\/sklep\/wp-content\/uploads\/2025\/10\/45652fa7f00f6771318b68bb54e9c6de-1.jpg","datePublished":"2024-07-28T06:24:19+00:00","dateModified":"2026-04-09T09:09:38+00:00","breadcrumb":{"@id":"https:\/\/garden-label.pl\/sklep\/produkt\/tasma-kalka-termotransferowa-ttr-woskowa-wax-110-mm-x-300-m-na-papier\/#breadcrumb"},"inLanguage":"pl-PL","potentialAction":[{"@type":"ReadAction","target":["https:\/\/garden-label.pl\/sklep\/produkt\/tasma-kalka-termotransferowa-ttr-woskowa-wax-110-mm-x-300-m-na-papier\/"]}]},{"@type":"ImageObject","inLanguage":"pl-PL","@id":"https:\/\/garden-label.pl\/sklep\/produkt\/tasma-kalka-termotransferowa-ttr-woskowa-wax-110-mm-x-300-m-na-papier\/#primaryimage","url":"https:\/\/garden-label.pl\/sklep\/wp-content\/uploads\/2025\/10\/45652fa7f00f6771318b68bb54e9c6de-1.jpg","contentUrl":"https:\/\/garden-label.pl\/sklep\/wp-content\/uploads\/2025\/10\/45652fa7f00f6771318b68bb54e9c6de-1.jpg","width":444,"height":451,"caption":"75e7a2d46a9b9f9a4a9ef8300a3b80b6"},{"@type":"BreadcrumbList","@id":"https:\/\/garden-label.pl\/sklep\/produkt\/tasma-kalka-termotransferowa-ttr-woskowa-wax-110-mm-x-300-m-na-papier\/#breadcrumb","itemListElement":[{"@type":"ListItem","position":1,"name":"Strona g\u0142\u00f3wna","item":"https:\/\/garden-label.pl\/sklep\/"},{"@type":"ListItem","position":2,"name":"Home","item":"https:\/\/garden-label.pl\/sklep\/"},{"@type":"ListItem","position":3,"name":"Ta\u015bma\/Kalka termotransferowa TTR Woskowa (WAX) na papier(110mm x 300m)"}]},{"@type":"WebSite","@id":"https:\/\/garden-label.pl\/sklep\/#website","url":"https:\/\/garden-label.pl\/sklep\/","name":"Sklep Garden-Label: etykiety dla ogrodnictwa, drukarki, oprogramowanie","description":"ETYKIETY OGRODNICZE INFORMATYZACJA SZK\u00d3\u0141EK PASZPORTY RO\u015aLIN SKLEPY INTERNETOWE","publisher":{"@id":"https:\/\/garden-label.pl\/sklep\/#organization"},"potentialAction":[{"@type":"SearchAction","target":{"@type":"EntryPoint","urlTemplate":"https:\/\/garden-label.pl\/sklep\/?s={search_term_string}"},"query-input":{"@type":"PropertyValueSpecification","valueRequired":true,"valueName":"search_term_string"}}],"inLanguage":"pl-PL"},{"@type":"Organization","@id":"https:\/\/garden-label.pl\/sklep\/#organization","name":"Sklep Garden-Label: etykiety dla ogrodnictwa, drukarki, oprogramowanie","url":"https:\/\/garden-label.pl\/sklep\/","logo":{"@type":"ImageObject","inLanguage":"pl-PL","@id":"https:\/\/garden-label.pl\/sklep\/#\/schema\/logo\/image\/","url":"https:\/\/garden-label.pl\/sklep\/wp-content\/uploads\/2024\/01\/GardenLabel-pastelowe.png","contentUrl":"https:\/\/garden-label.pl\/sklep\/wp-content\/uploads\/2024\/01\/GardenLabel-pastelowe.png","width":2566,"height":1054,"caption":"Sklep Garden-Label: etykiety dla ogrodnictwa, drukarki, oprogramowanie"},"image":{"@id":"https:\/\/garden-label.pl\/sklep\/#\/schema\/logo\/image\/"},"sameAs":["https:\/\/www.facebook.com\/gardenlabelpl"]}]},"product_brand":"Garden Label","product_price_amount":"20.99","product_price_currency":"PLN","og_availability":"instock","product_availability":"instock","product_retailer_item_id":"5906792140076","product_condition":"new"},"_links":{"self":[{"href":"https:\/\/garden-label.pl\/sklep\/wp-json\/wp\/v2\/product\/10411","targetHints":{"allow":["GET"]}}],"collection":[{"href":"https:\/\/garden-label.pl\/sklep\/wp-json\/wp\/v2\/product"}],"about":[{"href":"https:\/\/garden-label.pl\/sklep\/wp-json\/wp\/v2\/types\/product"}],"replies":[{"embeddable":true,"href":"https:\/\/garden-label.pl\/sklep\/wp-json\/wp\/v2\/comments?post=10411"}],"version-history":[{"count":1,"href":"https:\/\/garden-label.pl\/sklep\/wp-json\/wp\/v2\/product\/10411\/revisions"}],"predecessor-version":[{"id":100932,"href":"https:\/\/garden-label.pl\/sklep\/wp-json\/wp\/v2\/product\/10411\/revisions\/100932"}],"wp:featuredmedia":[{"embeddable":true,"href":"https:\/\/garden-label.pl\/sklep\/wp-json\/wp\/v2\/media\/84816"}],"wp:attachment":[{"href":"https:\/\/garden-label.pl\/sklep\/wp-json\/wp\/v2\/media?parent=10411"}],"wp:term":[{"taxonomy":"product_brand","embeddable":true,"href":"https:\/\/garden-label.pl\/sklep\/wp-json\/wp\/v2\/product_brand?post=10411"},{"taxonomy":"product_cat","embeddable":true,"href":"https:\/\/garden-label.pl\/sklep\/wp-json\/wp\/v2\/product_cat?post=10411"},{"taxonomy":"product_tag","embeddable":true,"href":"https:\/\/garden-label.pl\/sklep\/wp-json\/wp\/v2\/product_tag?post=10411"}],"curies":[{"name":"wp","href":"https:\/\/api.w.org\/{rel}","templated":true}]}}