{"id":3,"date":"2024-01-15T18:19:52","date_gmt":"2024-01-15T17:19:52","guid":{"rendered":"https:\/\/garden-label.pl\/sklep\/?page_id=3"},"modified":"2024-07-26T13:21:39","modified_gmt":"2024-07-26T11:21:39","slug":"polityka-prywatnosci","status":"publish","type":"page","link":"https:\/\/garden-label.pl\/sklep\/polityka-prywatnosci\/","title":{"rendered":"Polityka prywatno\u015bci"},"content":{"rendered":"\n<h4 class=\"wp-block-heading\" id=\"h-1-postanowienia-ogolne\">\u00a71 Postanowienia og\u00f3lne<\/h4>\n\n\n\n<p>Niniejsza Polityka prywatno\u015bci okre\u015bla zasady przetwarzania danych osobowych pozyskanych od Klient\u00f3w przez <strong>F.H.U. ANET-POL Anna Porwit<\/strong> z siedzib\u0105 w <strong>ul.\u00a0Sportowa 4c, 43-512 Bestwinka<\/strong>, prowadz\u0105c\u0105 sklep internetowy pod adresem <strong><a href=\"https:\/\/garden-label.pl\/sklep\">garden-label.pl\/sklep<\/a>.<\/strong><br>Administrator danych osobowych: <strong>F.H.U. ANET-POL Anna Porwit<\/strong>, z siedzib\u0105 w <strong>ul.\u00a0Sportowa 4c, 43-512 Bestwinka<\/strong>, NIP: <strong>6381530636<\/strong>, REGON: <strong>241661901<\/strong>, adres e-mail: <strong><a href=\"mailto:biuro@garden-label.pl\">biuro@garden-label.pl<\/a><\/strong>, numer telefonu: <a href=\"tel:48570501366\"><strong>570 501 366<\/strong><\/a>.<br>Sklep dok\u0142ada wszelkich stara\u0144, aby chroni\u0107 prywatno\u015b\u0107 Klient\u00f3w, zapewniaj\u0105c zgodno\u015b\u0107 przetwarzania danych osobowych z obowi\u0105zuj\u0105cymi przepisami prawa, w szczeg\u00f3lno\u015bci z Rozporz\u0105dzeniem Parlamentu Europejskiego i Rady (UE) 2016\/679 z dnia 27 kwietnia 2016 r. w sprawie ochrony os\u00f3b fizycznych w zwi\u0105zku z przetwarzaniem danych osobowych i w sprawie swobodnego przep\u0142ywu takich danych (RODO).<br><\/p>\n\n\n\n<h4 class=\"wp-block-heading\" id=\"h-2-zakres-i-cel-zbierania-danych-osobowych\">\u00a72 Zakres i cel zbierania danych osobowych<\/h4>\n\n\n\n<p>Sklep zbiera dane osobowe Klient\u00f3w w celu:<br>a) realizacji umowy sprzeda\u017cy Towar\u00f3w,<br>b) realizacji dostawy Towar\u00f3w,<br>c) obs\u0142ugi reklamacji,<br>d) obs\u0142ugi procesu odst\u0105pienia od umowy,<br>e) prowadzenia dzia\u0142a\u0144 marketingowych, w tym wysy\u0142ki newslettera (za zgod\u0105 Klienta),<br>f) prowadzenia analiz statystycznych,<br>g) kontaktowania si\u0119 z Klientem w sprawach zwi\u0105zanych z realizacj\u0105 Zam\u00f3wienia.<\/p>\n\n\n\n<p>Sklep przetwarza nast\u0119puj\u0105ce dane osobowe Klient\u00f3w:<br>a) imi\u0119 i nazwisko,<br>b) adres zamieszkania,<br>c) adres dostawy,<br>d) adres e-mail,<br>e) numer telefonu,<br>f) dane dotycz\u0105ce p\u0142atno\u015bci.<\/p>\n\n\n\n<h4 class=\"wp-block-heading\" id=\"h-3-podstawy-prawne-przetwarzania-danych-osobowych\">\u00a73 Podstawy prawne przetwarzania danych osobowych<\/h4>\n\n\n\n<p>Sklep przetwarza dane osobowe Klient\u00f3w na podstawie:<br>a) art. 6 ust. 1 lit. b RODO \u2013 w celu realizacji umowy sprzeda\u017cy,<br>b) art. 6 ust. 1 lit. c RODO \u2013 w celu wype\u0142nienia obowi\u0105zk\u00f3w prawnych ci\u0105\u017c\u0105cych na Sklepie,<br>c) art. 6 ust. 1 lit. a RODO \u2013 na podstawie zgody Klienta w celach marketingowych,<br>d) art. 6 ust. 1 lit. f RODO \u2013 w celu realizacji prawnie uzasadnionych interes\u00f3w Sklepu.<br><\/p>\n\n\n\n<h4 class=\"wp-block-heading\" id=\"h-4-udostepnianie-danych-osobowych\">\u00a74 Udost\u0119pnianie danych osobowych<\/h4>\n\n\n\n<p>Sklep mo\u017ce udost\u0119pnia\u0107 dane osobowe Klient\u00f3w nast\u0119puj\u0105cym odbiorcom:<br>a) firmom kurierskim i przewo\u017anikom w celu realizacji dostawy Towar\u00f3w,<br>b) podmiotom obs\u0142uguj\u0105cym p\u0142atno\u015bci elektroniczne,<br>c) podmiotom \u015bwiadcz\u0105cym us\u0142ugi hostingowe,<br>d) podmiotom \u015bwiadcz\u0105cym us\u0142ugi marketingowe,<br>e) podmiotom uprawnionym do uzyskania danych osobowych na podstawie przepis\u00f3w prawa.<br><\/p>\n\n\n\n<h4 class=\"wp-block-heading\" id=\"h-5-okres-przechowywania-danych-osobowych\">\u00a75 Okres przechowywania danych osobowych<\/h4>\n\n\n\n<p>Dane osobowe Klient\u00f3w przechowywane s\u0105 przez okres niezb\u0119dny do realizacji umowy sprzeda\u017cy oraz obowi\u0105zk\u00f3w prawnych Sklepu.<br>W przypadku przetwarzania danych na podstawie zgody Klienta, dane osobowe przechowywane s\u0105 do momentu wycofania zgody.<br>Dane osobowe przetwarzane w celach marketingowych przechowywane s\u0105 do momentu wniesienia sprzeciwu przez Klienta.<\/p>\n\n\n\n<h4 class=\"wp-block-heading\" id=\"h-6-prawa-klientow\">\u00a76 Prawa Klient\u00f3w<\/h4>\n\n\n\n<p>Klient ma prawo do:<br>a) dost\u0119pu do swoich danych osobowych,<br>b) sprostowania swoich danych osobowych,<br>c) usuni\u0119cia swoich danych osobowych,<br>d) ograniczenia przetwarzania swoich danych osobowych,<br>e) przenoszenia swoich danych osobowych,<br>f) wniesienia sprzeciwu wobec przetwarzania swoich danych osobowych,<br>g) cofni\u0119cia zgody na przetwarzanie danych osobowych w dowolnym momencie, bez wp\u0142ywu na zgodno\u015b\u0107 z prawem przetwarzania, kt\u00f3rego dokonano na podstawie zgody przed jej cofni\u0119ciem.<\/p>\n\n\n\n<p>W celu skorzystania z powy\u017cszych praw Klient mo\u017ce skontaktowa\u0107 si\u0119 ze Sklepem drog\u0105 elektroniczn\u0105 na adres e-mail: <a href=\"mailto:biuro@garden-label.pl\"><strong>biuro@garden-label.pl<\/strong><\/a> lub listownie na adres siedziby firmy.<\/p>\n\n\n\n<h4 class=\"wp-block-heading\" id=\"h-7-pliki-cookies\">\u00a77 Pliki cookies<\/h4>\n\n\n\n<p>Sklep wykorzystuje pliki cookies w celu:<br>a) zapewnienia prawid\u0142owego funkcjonowania Sklepu,<br>b) dostosowania zawarto\u015bci Sklepu do preferencji Klienta oraz optymalizacji korzystania ze Sklepu,<br>c) prowadzenia anonimowych statystyk i analiz dotycz\u0105cych korzystania ze Sklepu,<br>d) realizacji dzia\u0142a\u0144 marketingowych.<\/p>\n\n\n\n<p>Pliki cookies to ma\u0142e pliki tekstowe przechowywane w urz\u0105dzeniu ko\u0144cowym Klienta, kt\u00f3re mog\u0105 by\u0107 odczytywane przez system teleinformatyczny Sklepu.<\/p>\n\n\n\n<p>Klient mo\u017ce w ka\u017cdej chwili zmieni\u0107 ustawienia swojej przegl\u0105darki internetowej, aby zablokowa\u0107 obs\u0142ug\u0119 plik\u00f3w cookies lub ka\u017cdorazowo uzyskiwa\u0107 informacj\u0119 o ich umieszczeniu w urz\u0105dzeniu Klienta. Zmiany te mog\u0105 jednak wp\u0142yn\u0105\u0107 na funkcjonowanie Sklepu.<\/p>\n\n\n\n<h4 class=\"wp-block-heading\" id=\"h-8-postanowienia-koncowe\">\u00a78 Postanowienia ko\u0144cowe<\/h4>\n\n\n\n<p>Sklep zastrzega sobie prawo do zmiany niniejszej Polityki prywatno\u015bci w dowolnym czasie. Zmiany te b\u0119d\u0105 publikowane na stronie internetowej Sklepu.<br>Wszelkie zmiany Polityki prywatno\u015bci wchodz\u0105 w \u017cycie z dniem ich publikacji na stronie internetowej Sklepu.<br>W sprawach nieuregulowanych niniejsz\u0105 Polityk\u0105 prywatno\u015bci zastosowanie maj\u0105 przepisy prawa polskiego, w szczeg\u00f3lno\u015bci przepisy RODO oraz ustawy o ochronie danych osobowych.<br>Niniejsza Polityka prywatno\u015bci obowi\u0105zuje od dnia <strong>26.07.2024<\/strong>.<\/p>\n","protected":false},"excerpt":{"rendered":"<p>\u00a71 Postanowienia og\u00f3lne Niniejsza Polityka prywatno\u015bci okre\u015bla zasady przetwarzania danych osobowych pozyskanych od Klient\u00f3w przez F.H.U. ANET-POL Anna Porwit z siedzib\u0105 w ul.\u00a0Sportowa 4c, 43-512&#8230; <a href=\"https:\/\/garden-label.pl\/sklep\/polityka-prywatnosci\/\">wi\u0119cej<\/a><\/p>\n","protected":false},"author":1,"featured_media":0,"parent":0,"menu_order":0,"comment_status":"closed","ping_status":"open","template":"","meta":{"footnotes":""},"class_list":["post-3","page","type-page","status-publish"],"yoast_head":"<!-- This site is optimized with the Yoast SEO Premium plugin v26.3 (Yoast SEO v27.3) - https:\/\/yoast.com\/product\/yoast-seo-premium-wordpress\/ -->\n<title>Polityka prywatno\u015bci - Sklep Garden-Label: etykiety dla ogrodnictwa<\/title>\n<meta name=\"robots\" content=\"index, follow, max-snippet:-1, max-image-preview:large, max-video-preview:-1\" \/>\n<link rel=\"canonical\" href=\"https:\/\/garden-label.pl\/sklep\/polityka-prywatnosci\/\" \/>\n<meta property=\"og:locale\" content=\"pl_PL\" \/>\n<meta property=\"og:type\" content=\"article\" \/>\n<meta property=\"og:title\" content=\"Polityka prywatno\u015bci\" \/>\n<meta property=\"og:description\" content=\"\u00a71 Postanowienia og\u00f3lne Niniejsza Polityka prywatno\u015bci okre\u015bla zasady przetwarzania danych osobowych pozyskanych od Klient\u00f3w przez F.H.U. ANET-POL Anna Porwit z siedzib\u0105 w ul.\u00a0Sportowa 4c, 43-512... wi\u0119cej\" \/>\n<meta property=\"og:url\" content=\"https:\/\/garden-label.pl\/sklep\/polityka-prywatnosci\/\" \/>\n<meta property=\"og:site_name\" content=\"Sklep Garden-Label: etykiety dla ogrodnictwa\" \/>\n<meta property=\"article:publisher\" content=\"https:\/\/www.facebook.com\/gardenlabelpl\" \/>\n<meta property=\"article:modified_time\" content=\"2024-07-26T11:21:39+00:00\" \/>\n<meta name=\"twitter:card\" content=\"summary_large_image\" \/>\n<meta name=\"twitter:label1\" content=\"Szacowany czas czytania\" \/>\n\t<meta name=\"twitter:data1\" content=\"4 minuty\" \/>\n<script type=\"application\/ld+json\" class=\"yoast-schema-graph\">{\"@context\":\"https:\\\/\\\/schema.org\",\"@graph\":[{\"@type\":\"WebPage\",\"@id\":\"https:\\\/\\\/garden-label.pl\\\/sklep\\\/polityka-prywatnosci\\\/\",\"url\":\"https:\\\/\\\/garden-label.pl\\\/sklep\\\/polityka-prywatnosci\\\/\",\"name\":\"Polityka prywatno\u015bci - Sklep Garden-Label: etykiety dla ogrodnictwa\",\"isPartOf\":{\"@id\":\"https:\\\/\\\/garden-label.pl\\\/sklep\\\/#website\"},\"datePublished\":\"2024-01-15T17:19:52+00:00\",\"dateModified\":\"2024-07-26T11:21:39+00:00\",\"breadcrumb\":{\"@id\":\"https:\\\/\\\/garden-label.pl\\\/sklep\\\/polityka-prywatnosci\\\/#breadcrumb\"},\"inLanguage\":\"pl-PL\",\"potentialAction\":[{\"@type\":\"ReadAction\",\"target\":[\"https:\\\/\\\/garden-label.pl\\\/sklep\\\/polityka-prywatnosci\\\/\"]}]},{\"@type\":\"BreadcrumbList\",\"@id\":\"https:\\\/\\\/garden-label.pl\\\/sklep\\\/polityka-prywatnosci\\\/#breadcrumb\",\"itemListElement\":[{\"@type\":\"ListItem\",\"position\":1,\"name\":\"Strona g\u0142\u00f3wna\",\"item\":\"https:\\\/\\\/garden-label.pl\\\/sklep\\\/\"},{\"@type\":\"ListItem\",\"position\":2,\"name\":\"Polityka prywatno\u015bci\"}]},{\"@type\":\"WebSite\",\"@id\":\"https:\\\/\\\/garden-label.pl\\\/sklep\\\/#website\",\"url\":\"https:\\\/\\\/garden-label.pl\\\/sklep\\\/\",\"name\":\"Sklep Garden-Label: etykiety dla ogrodnictwa, drukarki, oprogramowanie\",\"description\":\"ETYKIETY OGRODNICZE INFORMATYZACJA SZK\u00d3\u0141EK PASZPORTY RO\u015aLIN SKLEPY INTERNETOWE\",\"publisher\":{\"@id\":\"https:\\\/\\\/garden-label.pl\\\/sklep\\\/#organization\"},\"potentialAction\":[{\"@type\":\"SearchAction\",\"target\":{\"@type\":\"EntryPoint\",\"urlTemplate\":\"https:\\\/\\\/garden-label.pl\\\/sklep\\\/?s={search_term_string}\"},\"query-input\":{\"@type\":\"PropertyValueSpecification\",\"valueRequired\":true,\"valueName\":\"search_term_string\"}}],\"inLanguage\":\"pl-PL\"},{\"@type\":\"Organization\",\"@id\":\"https:\\\/\\\/garden-label.pl\\\/sklep\\\/#organization\",\"name\":\"Sklep Garden-Label: etykiety dla ogrodnictwa, drukarki, oprogramowanie\",\"url\":\"https:\\\/\\\/garden-label.pl\\\/sklep\\\/\",\"logo\":{\"@type\":\"ImageObject\",\"inLanguage\":\"pl-PL\",\"@id\":\"https:\\\/\\\/garden-label.pl\\\/sklep\\\/#\\\/schema\\\/logo\\\/image\\\/\",\"url\":\"https:\\\/\\\/garden-label.pl\\\/sklep\\\/wp-content\\\/uploads\\\/2024\\\/01\\\/GardenLabel-pastelowe.png\",\"contentUrl\":\"https:\\\/\\\/garden-label.pl\\\/sklep\\\/wp-content\\\/uploads\\\/2024\\\/01\\\/GardenLabel-pastelowe.png\",\"width\":2566,\"height\":1054,\"caption\":\"Sklep Garden-Label: etykiety dla ogrodnictwa, drukarki, oprogramowanie\"},\"image\":{\"@id\":\"https:\\\/\\\/garden-label.pl\\\/sklep\\\/#\\\/schema\\\/logo\\\/image\\\/\"},\"sameAs\":[\"https:\\\/\\\/www.facebook.com\\\/gardenlabelpl\"]}]}<\/script>\n<!-- \/ Yoast SEO Premium plugin. -->","yoast_head_json":{"title":"Polityka prywatno\u015bci - Sklep Garden-Label: etykiety dla ogrodnictwa","robots":{"index":"index","follow":"follow","max-snippet":"max-snippet:-1","max-image-preview":"max-image-preview:large","max-video-preview":"max-video-preview:-1"},"canonical":"https:\/\/garden-label.pl\/sklep\/polityka-prywatnosci\/","og_locale":"pl_PL","og_type":"article","og_title":"Polityka prywatno\u015bci","og_description":"\u00a71 Postanowienia og\u00f3lne Niniejsza Polityka prywatno\u015bci okre\u015bla zasady przetwarzania danych osobowych pozyskanych od Klient\u00f3w przez F.H.U. ANET-POL Anna Porwit z siedzib\u0105 w ul.\u00a0Sportowa 4c, 43-512... wi\u0119cej","og_url":"https:\/\/garden-label.pl\/sklep\/polityka-prywatnosci\/","og_site_name":"Sklep Garden-Label: etykiety dla ogrodnictwa","article_publisher":"https:\/\/www.facebook.com\/gardenlabelpl","article_modified_time":"2024-07-26T11:21:39+00:00","twitter_card":"summary_large_image","twitter_misc":{"Szacowany czas czytania":"4 minuty"},"schema":{"@context":"https:\/\/schema.org","@graph":[{"@type":"WebPage","@id":"https:\/\/garden-label.pl\/sklep\/polityka-prywatnosci\/","url":"https:\/\/garden-label.pl\/sklep\/polityka-prywatnosci\/","name":"Polityka prywatno\u015bci - Sklep Garden-Label: etykiety dla ogrodnictwa","isPartOf":{"@id":"https:\/\/garden-label.pl\/sklep\/#website"},"datePublished":"2024-01-15T17:19:52+00:00","dateModified":"2024-07-26T11:21:39+00:00","breadcrumb":{"@id":"https:\/\/garden-label.pl\/sklep\/polityka-prywatnosci\/#breadcrumb"},"inLanguage":"pl-PL","potentialAction":[{"@type":"ReadAction","target":["https:\/\/garden-label.pl\/sklep\/polityka-prywatnosci\/"]}]},{"@type":"BreadcrumbList","@id":"https:\/\/garden-label.pl\/sklep\/polityka-prywatnosci\/#breadcrumb","itemListElement":[{"@type":"ListItem","position":1,"name":"Strona g\u0142\u00f3wna","item":"https:\/\/garden-label.pl\/sklep\/"},{"@type":"ListItem","position":2,"name":"Polityka prywatno\u015bci"}]},{"@type":"WebSite","@id":"https:\/\/garden-label.pl\/sklep\/#website","url":"https:\/\/garden-label.pl\/sklep\/","name":"Sklep Garden-Label: etykiety dla ogrodnictwa, drukarki, oprogramowanie","description":"ETYKIETY OGRODNICZE INFORMATYZACJA SZK\u00d3\u0141EK PASZPORTY RO\u015aLIN SKLEPY INTERNETOWE","publisher":{"@id":"https:\/\/garden-label.pl\/sklep\/#organization"},"potentialAction":[{"@type":"SearchAction","target":{"@type":"EntryPoint","urlTemplate":"https:\/\/garden-label.pl\/sklep\/?s={search_term_string}"},"query-input":{"@type":"PropertyValueSpecification","valueRequired":true,"valueName":"search_term_string"}}],"inLanguage":"pl-PL"},{"@type":"Organization","@id":"https:\/\/garden-label.pl\/sklep\/#organization","name":"Sklep Garden-Label: etykiety dla ogrodnictwa, drukarki, oprogramowanie","url":"https:\/\/garden-label.pl\/sklep\/","logo":{"@type":"ImageObject","inLanguage":"pl-PL","@id":"https:\/\/garden-label.pl\/sklep\/#\/schema\/logo\/image\/","url":"https:\/\/garden-label.pl\/sklep\/wp-content\/uploads\/2024\/01\/GardenLabel-pastelowe.png","contentUrl":"https:\/\/garden-label.pl\/sklep\/wp-content\/uploads\/2024\/01\/GardenLabel-pastelowe.png","width":2566,"height":1054,"caption":"Sklep Garden-Label: etykiety dla ogrodnictwa, drukarki, oprogramowanie"},"image":{"@id":"https:\/\/garden-label.pl\/sklep\/#\/schema\/logo\/image\/"},"sameAs":["https:\/\/www.facebook.com\/gardenlabelpl"]}]}},"_links":{"self":[{"href":"https:\/\/garden-label.pl\/sklep\/wp-json\/wp\/v2\/pages\/3","targetHints":{"allow":["GET"]}}],"collection":[{"href":"https:\/\/garden-label.pl\/sklep\/wp-json\/wp\/v2\/pages"}],"about":[{"href":"https:\/\/garden-label.pl\/sklep\/wp-json\/wp\/v2\/types\/page"}],"author":[{"embeddable":true,"href":"https:\/\/garden-label.pl\/sklep\/wp-json\/wp\/v2\/users\/1"}],"replies":[{"embeddable":true,"href":"https:\/\/garden-label.pl\/sklep\/wp-json\/wp\/v2\/comments?post=3"}],"version-history":[{"count":0,"href":"https:\/\/garden-label.pl\/sklep\/wp-json\/wp\/v2\/pages\/3\/revisions"}],"wp:attachment":[{"href":"https:\/\/garden-label.pl\/sklep\/wp-json\/wp\/v2\/media?parent=3"}],"curies":[{"name":"wp","href":"https:\/\/api.w.org\/{rel}","templated":true}]}}